{"id":13897,"date":"2023-11-08T15:53:26","date_gmt":"2023-11-08T15:53:26","guid":{"rendered":"https:\/\/moverdb.com\/freight-forwarder\/freight-forwarding-uk\/rotherham-freight-forwarder\/"},"modified":"2026-01-08T13:17:56","modified_gmt":"2026-01-08T13:17:56","slug":"rotherham-freight-forwarder","status":"publish","type":"page","link":"https:\/\/moverdb.com\/sl\/freight-forwarder\/freight-forwarding-uk\/rotherham-freight-forwarder\/","title":{"rendered":"4 najbolj\u0161a \u0161pediterska podjetja v Rotherhamu (2024)"},"content":{"rendered":"<p>V nadaljevanju si bomo ogledali 4 <em>\"najbolj\u0161e\"<\/em> \u0160pedicijska podjetja v mestu Rotherham od 10.<\/p>\n<p>\u010ce \u017eelite izvedeti ve\u010d o tem, kako smo izbrali najbolj\u0161e, si na koncu oglejte razdelek Pogosta vpra\u0161anja.<\/p>\n<p><em>Prosimo, upo\u0161tevajte, da naslednji seznami niso razvr\u0161\u010deni po dolo\u010denem vrstnem redu in da ne priporo\u010damo nobenega podjetja.<\/em><\/p>\n<div id=\"ez-toc-container\" class=\"ez-toc-v2_0_82_2 ez-toc-wrap-left counter-hierarchy ez-toc-counter ez-toc-transparent ez-toc-container-direction\">\n<div class=\"ez-toc-title-container\">\n<p class=\"ez-toc-title\" style=\"cursor:inherit\">Oddelki<\/p>\n<span class=\"ez-toc-title-toggle\"><a href=\"#\" class=\"ez-toc-pull-right ez-toc-btn ez-toc-btn-xs ez-toc-btn-default ez-toc-toggle\" aria-label=\"Toggle Tabela vsebine\"><span class=\"ez-toc-js-icon-con\"><span class=\"\"><span class=\"eztoc-hide\" style=\"display:none;\">Toggle<\/span><span class=\"ez-toc-icon-toggle-span\"><svg style=\"fill: #999;color:#999\" xmlns=\"http:\/\/www.w3.org\/2000\/svg\" class=\"list-377408\" width=\"20px\" height=\"20px\" viewbox=\"0 0 24 24\" fill=\"none\"><path d=\"M6 6H4v2h2V6zm14 0H8v2h12V6zM4 11h2v2H4v-2zm16 0H8v2h12v-2zM4 16h2v2H4v-2zm16 0H8v2h12v-2z\" fill=\"currentColor\"><\/path><\/svg><svg style=\"fill: #999;color:#999\" class=\"arrow-unsorted-368013\" xmlns=\"http:\/\/www.w3.org\/2000\/svg\" width=\"10px\" height=\"10px\" viewbox=\"0 0 24 24\" version=\"1.2\" baseprofile=\"tiny\"><path d=\"M18.2 9.3l-6.2-6.3-6.2 6.3c-.2.2-.3.4-.3.7s.1.5.3.7c.2.2.4.3.7.3h11c.3 0 .5-.1.7-.3.2-.2.3-.5.3-.7s-.1-.5-.3-.7zM5.8 14.7l6.2 6.3 6.2-6.3c.2-.2.3-.5.3-.7s-.1-.5-.3-.7c-.2-.2-.4-.3-.7-.3h-11c-.3 0-.5.1-.7.3-.2.2-.3.5-.3.7s.1.5.3.7z\"\/><\/svg><\/span><\/span><\/span><\/a><\/span><\/div>\n<nav><ul class='ez-toc-list ez-toc-list-level-1 eztoc-toggle-hide-by-default' ><li class='ez-toc-page-1 ez-toc-heading-level-2'><a class=\"ez-toc-link ez-toc-heading-1\" href=\"https:\/\/moverdb.com\/sl\/freight-forwarder\/freight-forwarding-uk\/rotherham-freight-forwarder\/#Narvia_Direct_LTD\" >Narvia Direct LTD<\/a><\/li><li class='ez-toc-page-1 ez-toc-heading-level-2'><a class=\"ez-toc-link ez-toc-heading-2\" href=\"https:\/\/moverdb.com\/sl\/freight-forwarder\/freight-forwarding-uk\/rotherham-freight-forwarder\/#S_H_S_Freight_Services_Ltd\" >S H S Freight Services Ltd<\/a><\/li><li class='ez-toc-page-1 ez-toc-heading-level-2'><a class=\"ez-toc-link ez-toc-heading-3\" href=\"https:\/\/moverdb.com\/sl\/freight-forwarder\/freight-forwarding-uk\/rotherham-freight-forwarder\/#Anglo_World_Cargo_Ltd\" >Anglo World Cargo Ltd<\/a><\/li><li class='ez-toc-page-1 ez-toc-heading-level-2'><a class=\"ez-toc-link ez-toc-heading-4\" href=\"https:\/\/moverdb.com\/sl\/freight-forwarder\/freight-forwarding-uk\/rotherham-freight-forwarder\/#Trans_Global_Freight_Management_Ltd\" >Trans Global Freight Management Ltd<\/a><\/li><li class='ez-toc-page-1 ez-toc-heading-level-2'><a class=\"ez-toc-link ez-toc-heading-5\" href=\"https:\/\/moverdb.com\/sl\/freight-forwarder\/freight-forwarding-uk\/rotherham-freight-forwarder\/#How_we_picked_the_best_Rotherham_Freight_Forwarding_Companies\" >Kako smo izbrali najbolj\u0161a \u0161pediterska podjetja v Rotherhamu<\/a><\/li><\/ul><\/nav><\/div>\n<h2><span class=\"ez-toc-section\" id=\"Narvia_Direct_LTD\"><\/span>Narvia Direct LTD<span class=\"ez-toc-section-end\"><\/span><\/h2>\n<p><img decoding=\"async\" src=\"https:\/\/moverdb.com\/wp-content\/uploads\/AF1QipMOJYWGQ6ykB_2Gcyj3vGMnAv-KfQ8y8rN9yhh6w408-h408-k-no.jpg\" alt='Narvia Direct LTD' class=\"aligncenter\"><\/p>\n<p><strong>Opis iz podjetja: <\/strong>Logisti\u010dne storitve Tovorni promet<\/p>\n<p><strong>Dodatne storitve:<\/strong><\/p>\n<p>Ni na seznamu<\/p>\n<p><strong>Naslov:<\/strong> Center Wesley, 10A Blyth Rd, Maltby, Rotherham S66 8JD<\/p>\n<p><a href=\"https:\/\/www.narviadirect.com\/\" target=\"_new\" rel=\"noopener\">Spletna stran Narvia Direct LTD<\/a><\/p>\n<p><strong>Ocena pregleda: <\/strong>3.1<br \/> <strong>\u0160tevilo pregledov:<\/strong> 7<br \/><a href=\"https:\/\/www.google.co.uk\/maps?cid=3391225722826085453&#038;hl=en&#038;gl=GB\" target=\"_new\" rel=\"noopener\">Preberi mnenja<\/a><\/p>\n<h2><span class=\"ez-toc-section\" id=\"S_H_S_Freight_Services_Ltd\"><\/span>S H S Freight Services Ltd<span class=\"ez-toc-section-end\"><\/span><\/h2>\n<p><img decoding=\"async\" src=\"\" alt=\"S H S Freight Services Ltd\" class=\"aligncenter\"><\/p>\n<p><strong>Opis iz podjetja: <\/strong>Ni na voljo<\/p>\n<p><strong>Dodatne storitve:<\/strong><\/p>\n<p>Ni na seznamu<\/p>\n<p><strong>Naslov:<\/strong> Riverside Development, Chesterton Rd, Eastwood Trading Estate, Rotherham S65 1SU<\/p>\n<p><a href=\"http:\/\/www.shsfreight.co.uk\/\" target=\"_new\" rel=\"noopener\">Spletna stran podjetja S H S Freight Services Ltd<\/a><\/p>\n<p><strong>Ocena pregleda: <\/strong>4.2<br \/> <strong>\u0160tevilo pregledov:<\/strong> 11<br \/><a href=\"https:\/\/www.google.co.uk\/maps?cid=10751472698269822694&#038;hl=en&#038;gl=GB\" target=\"_new\" rel=\"noopener\">Preberi mnenja<\/a><\/p>\n<h2><span class=\"ez-toc-section\" id=\"Anglo_World_Cargo_Ltd\"><\/span>Anglo World Cargo Ltd<span class=\"ez-toc-section-end\"><\/span><\/h2>\n<p><img decoding=\"async\" src=\"https:\/\/moverdb.com\/wp-content\/uploads\/thumbnailpanoidi4PJDZI_vPf1UWrk1U8PwQcb_clientsearch.gws-prod.gpsw408h240yaw77.jpg\" alt='Anglo World Cargo Ltd' class=\"aligncenter\"><\/p>\n<p><strong>Opis iz podjetja: <\/strong>Ni na voljo<\/p>\n<p><strong>Dodatne storitve:<\/strong><\/p>\n<p>Ni na seznamu<\/p>\n<p><strong>Naslov:<\/strong> Aspen Court Centurion Business Park, Bessemer Way, Rotherham S60 1FB<\/p>\n<p><a href=\"https:\/\/anglointernationalexpress.com\/about\" target=\"_new\" rel=\"noopener\">Spletna stran podjetja Anglo World Cargo Ltd<\/a><\/p>\n<p><strong>Ocena pregleda: <\/strong>5<br \/> <strong>\u0160tevilo pregledov:<\/strong> 5<br \/><a href=\"https:\/\/www.google.co.uk\/maps?cid=18248991684040793068&#038;hl=en&#038;gl=GB\" target=\"_new\" rel=\"noopener\">Preberi mnenja<\/a><\/p>\n<h2><span class=\"ez-toc-section\" id=\"Trans_Global_Freight_Management_Ltd\"><\/span>Trans Global Freight Management Ltd<span class=\"ez-toc-section-end\"><\/span><\/h2>\n<p><img decoding=\"async\" src=\"https:\/\/moverdb.com\/wp-content\/uploads\/AF1QipPhDACOPs6oilNb0reidO_NhtELwqJKrMkfuhRWw408-h306-k-no.jpg\" alt='Trans Global Freight Management Ltd' class=\"aligncenter\"><\/p>\n<p><strong>Opis iz podjetja: <\/strong>Ni na voljo<\/p>\n<p><strong>Dodatne storitve:<\/strong><\/p>\n<p>Ni na seznamu<\/p>\n<p><strong>Naslov:<\/strong> Enota 1 Lowton Way, Hellaby, Bramley, Rotherham S66 8RY<\/p>\n<p><a href=\"https:\/\/www.trans-global.com\/\" target=\"_new\" rel=\"noopener\">Spletna stran podjetja Trans Global Freight Management Ltd<\/a><\/p>\n<p><strong>Ocena pregleda: <\/strong>3.9<br \/> <strong>\u0160tevilo pregledov:<\/strong> 22<br \/><a href=\"https:\/\/www.google.co.uk\/maps?cid=17276628111296121500&#038;hl=en&#038;gl=GB\" target=\"_new\" rel=\"noopener\">Preberi mnenja<\/a><\/p>\n<h2><span class=\"ez-toc-section\" id=\"How_we_picked_the_best_Rotherham_Freight_Forwarding_Companies\"><\/span>Kako smo izbrali najbolj\u0161a \u0161pediterska podjetja v Rotherhamu<span class=\"ez-toc-section-end\"><\/span><\/h2>\n<p>Za\u010deli smo z naborom podatkov 10 \u0161pediterskih podjetij iz Rotherhama, ki smo jih na\u0161li prek Googlovih zemljevidov, in ga zo\u017eili na 4 najbolj\u0161a.<\/p>\n<p>Pri tem smo odstranili vsa podjetja, ki:<\/p>\n<ul>\n<li> ni imel spletne strani<\/li>\n<li> Ni bilo pregledov<\/li>\n<li> Povpre\u010dna ocena pregleda je bila ni\u017eja od 2,0<\/li>\n<\/ul>\n<p>\u010ce smo imeli 17 ali manj \u0161pediterjev, smo jih navedli vse.<\/p>\n<p>Za mesta, kjer je ostalo ve\u010d kot 17 posrednikov, smo opravili nadaljnje popravke, tako da smo zvi\u0161ali zahtevano oceno pregleda (npr. z najmanj 2,0 na 4,0) in\/ali pove\u010dali najmanj\u0161e \u0161tevilo zahtevanih pregledov (npr. z najmanj 1 pregleda na najmanj 10).<\/p>\n<p>Upo\u0161tevajte, da smo uporabili samo podatke o pregledih iz Google Maps in ne iz drugih spletnih mest tretjih oseb.<\/p>\n<p>Ve\u010d mest:<\/p>\n<p><a href=\"https:\/\/moverdb.com\/sl\/spediter\/freight-forwarding-uk\/crawley-freight-forwarder\/\">\u0160pediter Crawley<\/a><br \/><a href=\"https:\/\/moverdb.com\/sl\/spediter\/freight-forwarding-uk\/warrington-freight-forwarder\/\">\u0160pediter Warrington<\/a><br \/><a href=\"https:\/\/moverdb.com\/sl\/spediter\/freight-forwarding-uk\/grimsby-freight-forwarder\/\">\u0160pediter Grimsby<\/a><br \/><a href=\"https:\/\/moverdb.com\/sl\/spediter\/freight-forwarding-uk\/cardiff-freight-forwarder\/\">\u0160pediter Cardiff<\/a><br \/><a href=\"https:\/\/moverdb.com\/sl\/spediter\/freight-forwarding-uk\/luton-freight-forwarder\/\">\u0160pediter Luton<\/a><\/p>","protected":false},"excerpt":{"rendered":"<p>Below we look at the 4 &#8220;best&#8221; Freight Forwarding companies in Rotherham out of 10. To learn more about how we chose the best please consult our FAQ section at the end. Please not the following listings are in no particular order and we are not making any recommendations for any particular company. Narvia Direct [&hellip;]<\/p>\n","protected":false},"author":1,"featured_media":0,"parent":13427,"menu_order":0,"comment_status":"open","ping_status":"open","template":"","meta":{"_genesis_hide_title":false,"_genesis_hide_breadcrumbs":false,"_genesis_hide_singular_image":false,"_genesis_hide_footer_widgets":false,"_genesis_custom_body_class":"","_genesis_custom_post_class":"","_genesis_layout":"","footnotes":""},"class_list":{"0":"post-13897","1":"page","2":"type-page","3":"status-publish","5":"entry"},"_links":{"self":[{"href":"https:\/\/moverdb.com\/sl\/wp-json\/wp\/v2\/pages\/13897","targetHints":{"allow":["GET"]}}],"collection":[{"href":"https:\/\/moverdb.com\/sl\/wp-json\/wp\/v2\/pages"}],"about":[{"href":"https:\/\/moverdb.com\/sl\/wp-json\/wp\/v2\/types\/page"}],"author":[{"embeddable":true,"href":"https:\/\/moverdb.com\/sl\/wp-json\/wp\/v2\/users\/1"}],"replies":[{"embeddable":true,"href":"https:\/\/moverdb.com\/sl\/wp-json\/wp\/v2\/comments?post=13897"}],"version-history":[{"count":1,"href":"https:\/\/moverdb.com\/sl\/wp-json\/wp\/v2\/pages\/13897\/revisions"}],"predecessor-version":[{"id":15788,"href":"https:\/\/moverdb.com\/sl\/wp-json\/wp\/v2\/pages\/13897\/revisions\/15788"}],"up":[{"embeddable":true,"href":"https:\/\/moverdb.com\/sl\/wp-json\/wp\/v2\/pages\/13427"}],"wp:attachment":[{"href":"https:\/\/moverdb.com\/sl\/wp-json\/wp\/v2\/media?parent=13897"}],"curies":[{"name":"wp","href":"https:\/\/api.w.org\/{rel}","templated":true}]}}