{"id":13883,"date":"2023-11-08T15:53:26","date_gmt":"2023-11-08T15:53:26","guid":{"rendered":"https:\/\/moverdb.com\/freight-forwarder\/freight-forwarding-uk\/gravesend-freight-forwarder\/"},"modified":"2026-01-08T13:18:00","modified_gmt":"2026-01-08T13:18:00","slug":"gravesend-freight-forwarder","status":"publish","type":"page","link":"https:\/\/moverdb.com\/sl\/freight-forwarder\/freight-forwarding-uk\/gravesend-freight-forwarder\/","title":{"rendered":"5 najbolj\u0161ih \u0161pediterskih podjetij v Gravesendu (2024)"},"content":{"rendered":"<p>V nadaljevanju si bomo ogledali 5 <em>\"najbolj\u0161e\"<\/em> \u0160pedicijska podjetja v mestu Gravesend od 8.<\/p>\n<p>\u010ce \u017eelite izvedeti ve\u010d o tem, kako smo izbrali najbolj\u0161e, si na koncu oglejte razdelek Pogosta vpra\u0161anja.<\/p>\n<p><em>Prosimo, upo\u0161tevajte, da naslednji seznami niso razvr\u0161\u010deni po dolo\u010denem vrstnem redu in da ne priporo\u010damo nobenega podjetja.<\/em><\/p>\n<div id=\"ez-toc-container\" class=\"ez-toc-v2_0_82_2 ez-toc-wrap-left counter-hierarchy ez-toc-counter ez-toc-transparent ez-toc-container-direction\">\n<div class=\"ez-toc-title-container\">\n<p class=\"ez-toc-title\" style=\"cursor:inherit\">Oddelki<\/p>\n<span class=\"ez-toc-title-toggle\"><a href=\"#\" class=\"ez-toc-pull-right ez-toc-btn ez-toc-btn-xs ez-toc-btn-default ez-toc-toggle\" aria-label=\"Toggle Tabela vsebine\"><span class=\"ez-toc-js-icon-con\"><span class=\"\"><span class=\"eztoc-hide\" style=\"display:none;\">Toggle<\/span><span class=\"ez-toc-icon-toggle-span\"><svg style=\"fill: #999;color:#999\" xmlns=\"http:\/\/www.w3.org\/2000\/svg\" class=\"list-377408\" width=\"20px\" height=\"20px\" viewbox=\"0 0 24 24\" fill=\"none\"><path d=\"M6 6H4v2h2V6zm14 0H8v2h12V6zM4 11h2v2H4v-2zm16 0H8v2h12v-2zM4 16h2v2H4v-2zm16 0H8v2h12v-2z\" fill=\"currentColor\"><\/path><\/svg><svg style=\"fill: #999;color:#999\" class=\"arrow-unsorted-368013\" xmlns=\"http:\/\/www.w3.org\/2000\/svg\" width=\"10px\" height=\"10px\" viewbox=\"0 0 24 24\" version=\"1.2\" baseprofile=\"tiny\"><path d=\"M18.2 9.3l-6.2-6.3-6.2 6.3c-.2.2-.3.4-.3.7s.1.5.3.7c.2.2.4.3.7.3h11c.3 0 .5-.1.7-.3.2-.2.3-.5.3-.7s-.1-.5-.3-.7zM5.8 14.7l6.2 6.3 6.2-6.3c.2-.2.3-.5.3-.7s-.1-.5-.3-.7c-.2-.2-.4-.3-.7-.3h-11c-.3 0-.5.1-.7.3-.2.2-.3.5-.3.7s.1.5.3.7z\"\/><\/svg><\/span><\/span><\/span><\/a><\/span><\/div>\n<nav><ul class='ez-toc-list ez-toc-list-level-1 eztoc-toggle-hide-by-default' ><li class='ez-toc-page-1 ez-toc-heading-level-2'><a class=\"ez-toc-link ez-toc-heading-1\" href=\"https:\/\/moverdb.com\/sl\/freight-forwarder\/freight-forwarding-uk\/gravesend-freight-forwarder\/#D_B_Schenker\" >D B Schenker<\/a><\/li><li class='ez-toc-page-1 ez-toc-heading-level-2'><a class=\"ez-toc-link ez-toc-heading-2\" href=\"https:\/\/moverdb.com\/sl\/freight-forwarder\/freight-forwarding-uk\/gravesend-freight-forwarder\/#CCT_WORLDWIDE\" >CCT PO VSEM SVETU<\/a><\/li><li class='ez-toc-page-1 ez-toc-heading-level-2'><a class=\"ez-toc-link ez-toc-heading-3\" href=\"https:\/\/moverdb.com\/sl\/freight-forwarder\/freight-forwarding-uk\/gravesend-freight-forwarder\/#ACC_Shipping_Ltd\" >ACC Shipping Ltd<\/a><\/li><li class='ez-toc-page-1 ez-toc-heading-level-2'><a class=\"ez-toc-link ez-toc-heading-4\" href=\"https:\/\/moverdb.com\/sl\/freight-forwarder\/freight-forwarding-uk\/gravesend-freight-forwarder\/#Wavecrest_Limited\" >Wavecrest Limited<\/a><\/li><li class='ez-toc-page-1 ez-toc-heading-level-2'><a class=\"ez-toc-link ez-toc-heading-5\" href=\"https:\/\/moverdb.com\/sl\/freight-forwarder\/freight-forwarding-uk\/gravesend-freight-forwarder\/#UCARGO_LLP\" >UCARGO LLP<\/a><\/li><li class='ez-toc-page-1 ez-toc-heading-level-2'><a class=\"ez-toc-link ez-toc-heading-6\" href=\"https:\/\/moverdb.com\/sl\/freight-forwarder\/freight-forwarding-uk\/gravesend-freight-forwarder\/#How_we_picked_the_best_Gravesend_Freight_Forwarding_Companies\" >Kako smo izbrali najbolj\u0161a \u0161pediterska podjetja Gravesend<\/a><\/li><\/ul><\/nav><\/div>\n<h2><span class=\"ez-toc-section\" id=\"D_B_Schenker\"><\/span>D B Schenker<span class=\"ez-toc-section-end\"><\/span><\/h2>\n<p><img decoding=\"async\" src=\"https:\/\/moverdb.com\/wp-content\/uploads\/thumbnailpanoid-y-hS9BPV4GylrYu-i_HOwcb_clientsearch.gws-prod.gpsw408h240yaw30.jpg\" alt='D B Schenker' class=\"aligncenter\"><\/p>\n<p><strong>Opis iz podjetja: <\/strong>Ni na voljo<\/p>\n<p><strong>Dodatne storitve:<\/strong><\/p>\n<p>Ni na seznamu<\/p>\n<p><strong>Naslov:<\/strong> Queens Farm Road, Shorne, Gravesend DA12 3HU<\/p>\n<p><a href=\"https:\/\/www.dbschenker.com\/\" target=\"_new\" rel=\"noopener\">Spletna stran podjetja D B Schenker<\/a><\/p>\n<p><strong>Ocena pregleda: <\/strong>5<br \/> <strong>\u0160tevilo pregledov:<\/strong> 1<br \/><a href=\"https:\/\/www.google.co.uk\/maps?cid=5842292005060833371&#038;hl=en&#038;gl=GB\" target=\"_new\" rel=\"noopener\">Preberi mnenja<\/a><\/p>\n<h2><span class=\"ez-toc-section\" id=\"CCT_WORLDWIDE\"><\/span>CCT PO VSEM SVETU<span class=\"ez-toc-section-end\"><\/span><\/h2>\n<p><img decoding=\"async\" src=\"https:\/\/moverdb.com\/wp-content\/uploads\/thumbnailpanoidYbqMLXogDJ4fF-uLdDELqAcb_clientsearch.gws-prod.gpsw408h240yaw11.jpg\" alt='CCT PO VSEM SVETU' class=\"aligncenter\"><\/p>\n<p><strong>Opis iz podjetja: <\/strong>Ni na voljo<\/p>\n<p><strong>Dodatne storitve:<\/strong><\/p>\n<p>Ni na seznamu<\/p>\n<p><strong>Naslov:<\/strong> 6 Mark Ln, Gravesend DA12 2QB<\/p>\n<p><a href=\"http:\/\/cctworldwidefreight.com\/\" target=\"_new\" rel=\"noopener\">Spletna stran CCT WORLDWIDE<\/a><\/p>\n<p><strong>Ocena pregleda: <\/strong>4.8<br \/> <strong>\u0160tevilo pregledov:<\/strong> 12<br \/><a href=\"https:\/\/www.google.co.uk\/maps?cid=2161637393031317298&#038;hl=en&#038;gl=GB\" target=\"_new\" rel=\"noopener\">Preberi mnenja<\/a><\/p>\n<h2><span class=\"ez-toc-section\" id=\"ACC_Shipping_Ltd\"><\/span>ACC Shipping Ltd<span class=\"ez-toc-section-end\"><\/span><\/h2>\n<p><img decoding=\"async\" src=\"https:\/\/moverdb.com\/wp-content\/uploads\/thumbnailpanoidZ7Sl4zV8TO71VNZunXSuxAcb_clientsearch.gws-prod.gpsw408h240yaw186.jpg\" alt='ACC Shipping Ltd' class=\"aligncenter\"><\/p>\n<p><strong>Opis iz podjetja: <\/strong>ACC Shipping Ltd je mednarodna <a href=\"https:\/\/moverdb.com\/sl\/freight-forwarder\/\" data-internallinksmanager029f6b8e52c=\"17\" title=\"\u0160pediter in NVOCC Mednarodni vodnik po stro\u0161kih in podjetjih\">\u0160pediter<\/a>.<\/p>\n<p> Ukvarjamo se z globokomorskimi in celinskimi evropskimi po\u0161iljkami FCL in LCL, zra\u010dnim in \u017eelezni\u0161kim prometom.<\/p>\n<p><strong>Dodatne storitve:<\/strong><\/p>\n<p>Prevozne storitve<\/p>\n<p><strong>Naslov:<\/strong> A C C House, 43 The Terrace, Gravesend DA12 2BJ<\/p>\n<p><a href=\"http:\/\/www.accworldwide.com\/\" target=\"_new\" rel=\"noopener\">Spletna stran ACC Shipping Ltd<\/a><\/p>\n<p><strong>Ocena pregleda: <\/strong>4.2<br \/> <strong>\u0160tevilo pregledov:<\/strong> 5<br \/><a href=\"https:\/\/www.google.co.uk\/maps?cid=3069493760395015002&#038;hl=en&#038;gl=GB\" target=\"_new\" rel=\"noopener\">Preberi mnenja<\/a><\/p>\n<h2><span class=\"ez-toc-section\" id=\"Wavecrest_Limited\"><\/span>Wavecrest Limited<span class=\"ez-toc-section-end\"><\/span><\/h2>\n<p><img decoding=\"async\" src=\"https:\/\/moverdb.com\/wp-content\/uploads\/AF1QipOFMpGtihGU98txzutpOAyQllra8Nev0P5r7BrAw408-h306-k-no.jpg\" alt='Wavecrest Limited' class=\"aligncenter\"><\/p>\n<p><strong>Opis iz podjetja: <\/strong>Ni na voljo<\/p>\n<p><strong>Dodatne storitve:<\/strong><\/p>\n<p>Carinski posrednik<\/p>\n<p>Skladi\u0161\u010de<\/p>\n<p><strong>Naslov:<\/strong> Denton Wharf, Mark Ln, Gravesend DA12 2PL<\/p>\n<p><a href=\"http:\/\/www.wavecrest.co.uk\/\" target=\"_new\" rel=\"noopener\">Spletna stran dru\u017ebe Wavecrest Limited<\/a><\/p>\n<p><strong>Ocena pregleda: <\/strong>3<br \/> <strong>\u0160tevilo pregledov:<\/strong> 3<br \/><a href=\"https:\/\/www.google.co.uk\/maps?cid=16271555082992288706&#038;hl=en&#038;gl=GB\" target=\"_new\" rel=\"noopener\">Preberi mnenja<\/a><\/p>\n<h2><span class=\"ez-toc-section\" id=\"UCARGO_LLP\"><\/span>UCARGO LLP<span class=\"ez-toc-section-end\"><\/span><\/h2>\n<p><img decoding=\"async\" src=\"https:\/\/moverdb.com\/wp-content\/uploads\/AF1QipNBN0_QfnwF6fv9OVsbpn4nML7S0GLkjz1Df8YKw408-h272-k-no.jpg\" alt='UCARGO LLP' class=\"aligncenter\"><\/p>\n<p><strong>Opis iz podjetja: <\/strong>Ni na voljo<\/p>\n<p><strong>Dodatne storitve:<\/strong><\/p>\n<p>Ni na seznamu<\/p>\n<p><strong>Naslov:<\/strong> Tretje nadstropje, Windmill House, 129-130 Windmill St, Gravesend DA12 1BL<\/p>\n<p><a href=\"https:\/\/www.ucargo.co.uk\/\" target=\"_new\" rel=\"noopener\">Spletna stran UCARGO LLP<\/a><\/p>\n<p><strong>Ocena pregleda: <\/strong>5<br \/> <strong>\u0160tevilo pregledov:<\/strong> 5<br \/><a href=\"https:\/\/www.google.co.uk\/maps?cid=344603648431299510&#038;hl=en&#038;gl=GB\" target=\"_new\" rel=\"noopener\">Preberi mnenja<\/a><\/p>\n<h2><span class=\"ez-toc-section\" id=\"How_we_picked_the_best_Gravesend_Freight_Forwarding_Companies\"><\/span>Kako smo izbrali najbolj\u0161a \u0161pediterska podjetja Gravesend<span class=\"ez-toc-section-end\"><\/span><\/h2>\n<p>Za\u010deli smo z naborom podatkov 8 \u0161pediterskih podjetij Gravesend, ki smo jih na\u0161li prek Googlovih zemljevidov, in ga zo\u017eili na 5 najbolj\u0161ih.<\/p>\n<p>Pri tem smo odstranili vsa podjetja, ki:<\/p>\n<ul>\n<li> ni imel spletne strani<\/li>\n<li> Ni bilo pregledov<\/li>\n<li> Povpre\u010dna ocena pregleda je bila ni\u017eja od 2,0<\/li>\n<\/ul>\n<p>\u010ce smo imeli 17 ali manj \u0161pediterjev, smo jih navedli vse.<\/p>\n<p>Za mesta, kjer je ostalo ve\u010d kot 17 posrednikov, smo opravili nadaljnje popravke, tako da smo zvi\u0161ali zahtevano oceno pregleda (npr. z najmanj 2,0 na 4,0) in\/ali pove\u010dali najmanj\u0161e \u0161tevilo zahtevanih pregledov (npr. z najmanj 1 pregleda na najmanj 10).<\/p>\n<p>Upo\u0161tevajte, da smo uporabili samo podatke o pregledih iz Google Maps in ne iz drugih spletnih mest tretjih oseb.<\/p>\n<p>Ve\u010d mest:<\/p>\n<p><a href=\"https:\/\/moverdb.com\/sl\/spediter\/freight-forwarding-uk\/harrow-freight-forwarder\/\">\u0160pediter Harrow<\/a><br \/><a href=\"https:\/\/moverdb.com\/sl\/spediter\/freight-forwarding-uk\/nottingham-freight-forwarder\/\">Nottinghamski \u0161pediter<\/a><br \/><a href=\"https:\/\/moverdb.com\/sl\/spediter\/freight-forwarding-uk\/rotherham-freight-forwarder\/\">\u0160pediter Rotherham<\/a><br \/><a href=\"https:\/\/moverdb.com\/sl\/spediter\/freight-forwarding-uk\/crawley-freight-forwarder\/\">\u0160pediter Crawley<\/a><br \/><a href=\"https:\/\/moverdb.com\/sl\/spediter\/freight-forwarding-uk\/warrington-freight-forwarder\/\">\u0160pediter Warrington<\/a><\/p>","protected":false},"excerpt":{"rendered":"<p>Below we look at the 5 &#8220;best&#8221; Freight Forwarding companies in Gravesend out of 8. To learn more about how we chose the best please consult our FAQ section at the end. Please not the following listings are in no particular order and we are not making any recommendations for any particular company. D B [&hellip;]<\/p>\n","protected":false},"author":1,"featured_media":0,"parent":13427,"menu_order":0,"comment_status":"open","ping_status":"open","template":"","meta":{"_genesis_hide_title":false,"_genesis_hide_breadcrumbs":false,"_genesis_hide_singular_image":false,"_genesis_hide_footer_widgets":false,"_genesis_custom_body_class":"","_genesis_custom_post_class":"","_genesis_layout":"","footnotes":""},"class_list":{"0":"post-13883","1":"page","2":"type-page","3":"status-publish","5":"entry"},"_links":{"self":[{"href":"https:\/\/moverdb.com\/sl\/wp-json\/wp\/v2\/pages\/13883","targetHints":{"allow":["GET"]}}],"collection":[{"href":"https:\/\/moverdb.com\/sl\/wp-json\/wp\/v2\/pages"}],"about":[{"href":"https:\/\/moverdb.com\/sl\/wp-json\/wp\/v2\/types\/page"}],"author":[{"embeddable":true,"href":"https:\/\/moverdb.com\/sl\/wp-json\/wp\/v2\/users\/1"}],"replies":[{"embeddable":true,"href":"https:\/\/moverdb.com\/sl\/wp-json\/wp\/v2\/comments?post=13883"}],"version-history":[{"count":1,"href":"https:\/\/moverdb.com\/sl\/wp-json\/wp\/v2\/pages\/13883\/revisions"}],"predecessor-version":[{"id":15791,"href":"https:\/\/moverdb.com\/sl\/wp-json\/wp\/v2\/pages\/13883\/revisions\/15791"}],"up":[{"embeddable":true,"href":"https:\/\/moverdb.com\/sl\/wp-json\/wp\/v2\/pages\/13427"}],"wp:attachment":[{"href":"https:\/\/moverdb.com\/sl\/wp-json\/wp\/v2\/media?parent=13883"}],"curies":[{"name":"wp","href":"https:\/\/api.w.org\/{rel}","templated":true}]}}