{"id":13843,"date":"2023-11-08T15:52:42","date_gmt":"2023-11-08T15:52:42","guid":{"rendered":"https:\/\/moverdb.com\/freight-forwarder\/freight-forwarding-uk\/paisley-freight-forwarder\/"},"modified":"2026-01-08T13:18:07","modified_gmt":"2026-01-08T13:18:07","slug":"paisley-freight-forwarder","status":"publish","type":"page","link":"https:\/\/moverdb.com\/sl\/freight-forwarder\/freight-forwarding-uk\/paisley-freight-forwarder\/","title":{"rendered":"6 najbolj\u0161ih \u0161pediterskih podjetij Paisley (2024)"},"content":{"rendered":"<p>V nadaljevanju si bomo ogledali 6 <em>\"najbolj\u0161e\"<\/em> \u0160pedicijska podjetja v mestu Paisley od 10.<\/p>\n<p>\u010ce \u017eelite izvedeti ve\u010d o tem, kako smo izbrali najbolj\u0161e, si na koncu oglejte razdelek Pogosta vpra\u0161anja.<\/p>\n<p><em>Prosimo, upo\u0161tevajte, da naslednji seznami niso razvr\u0161\u010deni po dolo\u010denem vrstnem redu in da ne priporo\u010damo nobenega podjetja.<\/em><\/p>\n<div id=\"ez-toc-container\" class=\"ez-toc-v2_0_82_2 ez-toc-wrap-left counter-hierarchy ez-toc-counter ez-toc-transparent ez-toc-container-direction\">\n<div class=\"ez-toc-title-container\">\n<p class=\"ez-toc-title\" style=\"cursor:inherit\">Oddelki<\/p>\n<span class=\"ez-toc-title-toggle\"><a href=\"#\" class=\"ez-toc-pull-right ez-toc-btn ez-toc-btn-xs ez-toc-btn-default ez-toc-toggle\" aria-label=\"Toggle Tabela vsebine\"><span class=\"ez-toc-js-icon-con\"><span class=\"\"><span class=\"eztoc-hide\" style=\"display:none;\">Toggle<\/span><span class=\"ez-toc-icon-toggle-span\"><svg style=\"fill: #999;color:#999\" xmlns=\"http:\/\/www.w3.org\/2000\/svg\" class=\"list-377408\" width=\"20px\" height=\"20px\" viewbox=\"0 0 24 24\" fill=\"none\"><path d=\"M6 6H4v2h2V6zm14 0H8v2h12V6zM4 11h2v2H4v-2zm16 0H8v2h12v-2zM4 16h2v2H4v-2zm16 0H8v2h12v-2z\" fill=\"currentColor\"><\/path><\/svg><svg style=\"fill: #999;color:#999\" class=\"arrow-unsorted-368013\" xmlns=\"http:\/\/www.w3.org\/2000\/svg\" width=\"10px\" height=\"10px\" viewbox=\"0 0 24 24\" version=\"1.2\" baseprofile=\"tiny\"><path d=\"M18.2 9.3l-6.2-6.3-6.2 6.3c-.2.2-.3.4-.3.7s.1.5.3.7c.2.2.4.3.7.3h11c.3 0 .5-.1.7-.3.2-.2.3-.5.3-.7s-.1-.5-.3-.7zM5.8 14.7l6.2 6.3 6.2-6.3c.2-.2.3-.5.3-.7s-.1-.5-.3-.7c-.2-.2-.4-.3-.7-.3h-11c-.3 0-.5.1-.7.3-.2.2-.3.5-.3.7s.1.5.3.7z\"\/><\/svg><\/span><\/span><\/span><\/a><\/span><\/div>\n<nav><ul class='ez-toc-list ez-toc-list-level-1 eztoc-toggle-hide-by-default' ><li class='ez-toc-page-1 ez-toc-heading-level-2'><a class=\"ez-toc-link ez-toc-heading-1\" href=\"https:\/\/moverdb.com\/sl\/freight-forwarder\/freight-forwarding-uk\/paisley-freight-forwarder\/#SEKO_Logistics_Glasgow_UK\" >SEKO Logistics Glasgow Velika Britanija<\/a><\/li><li class='ez-toc-page-1 ez-toc-heading-level-2'><a class=\"ez-toc-link ez-toc-heading-2\" href=\"https:\/\/moverdb.com\/sl\/freight-forwarder\/freight-forwarding-uk\/paisley-freight-forwarder\/#Expeditors\" >Ekspeditorji<\/a><\/li><li class='ez-toc-page-1 ez-toc-heading-level-2'><a class=\"ez-toc-link ez-toc-heading-3\" href=\"https:\/\/moverdb.com\/sl\/freight-forwarder\/freight-forwarding-uk\/paisley-freight-forwarder\/#Pentagon_Freight_Services_PLC\" >Pentagon Freight Services PLC<\/a><\/li><li class='ez-toc-page-1 ez-toc-heading-level-2'><a class=\"ez-toc-link ez-toc-heading-4\" href=\"https:\/\/moverdb.com\/sl\/freight-forwarder\/freight-forwarding-uk\/paisley-freight-forwarder\/#Circle_Express\" >Circle Express<\/a><\/li><li class='ez-toc-page-1 ez-toc-heading-level-2'><a class=\"ez-toc-link ez-toc-heading-5\" href=\"https:\/\/moverdb.com\/sl\/freight-forwarder\/freight-forwarding-uk\/paisley-freight-forwarder\/#Kuehne_Nagel\" >Kuehne &amp; Nagel<\/a><\/li><li class='ez-toc-page-1 ez-toc-heading-level-2'><a class=\"ez-toc-link ez-toc-heading-6\" href=\"https:\/\/moverdb.com\/sl\/freight-forwarder\/freight-forwarding-uk\/paisley-freight-forwarder\/#Kerry_Logistics_UK_Limited\" >Kerry Logistics (UK) Limited<\/a><\/li><li class='ez-toc-page-1 ez-toc-heading-level-2'><a class=\"ez-toc-link ez-toc-heading-7\" href=\"https:\/\/moverdb.com\/sl\/freight-forwarder\/freight-forwarding-uk\/paisley-freight-forwarder\/#How_we_picked_the_best_Paisley_Freight_Forwarding_Companies\" >Kako smo izbrali najbolj\u0161a \u0161pediterska podjetja v Paisleyju<\/a><\/li><\/ul><\/nav><\/div>\n<h2><span class=\"ez-toc-section\" id=\"SEKO_Logistics_Glasgow_UK\"><\/span>SEKO Logistics Glasgow Velika Britanija<span class=\"ez-toc-section-end\"><\/span><\/h2>\n<p><img decoding=\"async\" src=\"https:\/\/moverdb.com\/wp-content\/uploads\/thumbnailpanoidew4W_2kTy5pQEKvoL3crhwcb_clientsearch.gws-prod.gpsw408h240yaw326.jpg\" alt='SEKO Logistics Glasgow Velika Britanija' class=\"aligncenter\"><\/p>\n<p><strong>Opis iz podjetja: <\/strong>Ni na voljo<\/p>\n<p><strong>Dodatne storitve:<\/strong><\/p>\n<p>Ni na seznamu<\/p>\n<p><strong>Naslov:<\/strong> SEKO Logistics Scotland Ltd Pavilion 1 (Lower), St James Business Park, 85 Linwood Rd, Paisley PA3 3BB<\/p>\n<p><a href=\"https:\/\/www.sekologistics.com\/us\/locations\/europe\/united-kingdom\/seko-logistics-scotland-ltd-uk\/1652\/?utm_source=GMBListing&#038;utm_medium=organic&#038;utm_campaign=glasgow&#038;vdr=md\" target=\"_new\" rel=\"noopener\">Spletna stran podjetja SEKO Logistics Glasgow v Zdru\u017eenem kraljestvu<\/a><\/p>\n<p><strong>Ocena pregleda: <\/strong>3.2<br \/> <strong>\u0160tevilo pregledov:<\/strong> 5<br \/><a href=\"https:\/\/www.google.co.uk\/maps?cid=8417026944444642729&#038;hl=en&#038;gl=GB\" target=\"_new\" rel=\"noopener\">Preberi mnenja<\/a><\/p>\n<h2><span class=\"ez-toc-section\" id=\"Expeditors\"><\/span>Ekspeditorji<span class=\"ez-toc-section-end\"><\/span><\/h2>\n<p><img decoding=\"async\" src=\"https:\/\/moverdb.com\/wp-content\/uploads\/thumbnailpanoid_ZDmNcROCClIvPnNTdnntQcb_clientsearch.gws-prod.gpsw408h240yaw128.jpg\" alt='Ekspeditorji' class=\"aligncenter\"><\/p>\n<p><strong>Opis iz podjetja: <\/strong>Ni na voljo<\/p>\n<p><strong>Dodatne storitve:<\/strong><\/p>\n<p>Ni na seznamu<\/p>\n<p><strong>Naslov:<\/strong> <a href=\"https:\/\/moverdb.com\/sl\/moving-to-phoenix\/\" data-internallinksmanager029f6b8e52c=\"62\" title=\"Selitev v Phoenix? 2022 \u017divljenjski stro\u0161ki in nasveti za selitev\">Phoenix<\/a> Maloprodajni park, 1 West Ave, Paisley PA1 2FB<\/p>\n<p><a href=\"http:\/\/www.expeditors.com\/\" target=\"_new\" rel=\"noopener\">Spletna stran Expeditors<\/a><\/p>\n<p><strong>Ocena pregleda: <\/strong>5<br \/> <strong>\u0160tevilo pregledov:<\/strong> 1<br \/><a href=\"https:\/\/www.google.co.uk\/maps?cid=3525719181229608337&#038;hl=en&#038;gl=GB\" target=\"_new\" rel=\"noopener\">Preberi mnenja<\/a><\/p>\n<h2><span class=\"ez-toc-section\" id=\"Pentagon_Freight_Services_PLC\"><\/span>Pentagon Freight Services PLC<span class=\"ez-toc-section-end\"><\/span><\/h2>\n<p><img decoding=\"async\" src=\"https:\/\/moverdb.com\/wp-content\/uploads\/thumbnailpanoidXOlTdaiDgXmfGFPZoYzvOwcb_clientsearch.gws-prod.gpsw408h240yaw192.jpg\" alt='Pentagon Freight Services PLC' class=\"aligncenter\"><\/p>\n<p><strong>Opis iz podjetja: <\/strong>Ni na voljo<\/p>\n<p><strong>Dodatne storitve:<\/strong><\/p>\n<p>Ni na seznamu<\/p>\n<p><strong>Naslov:<\/strong> Wright St, Paisley PA4 8AN<\/p>\n<p><a href=\"http:\/\/www.pentagonfreight.com\/\" target=\"_new\" rel=\"noopener\">Spletna stran dru\u017ebe Pentagon Freight Services PLC<\/a><\/p>\n<p><strong>Ocena pregleda: <\/strong>4<br \/> <strong>\u0160tevilo pregledov:<\/strong> 3<br \/><a href=\"https:\/\/www.google.co.uk\/maps?cid=16113177966797336848&#038;hl=en&#038;gl=GB\" target=\"_new\" rel=\"noopener\">Preberi mnenja<\/a><\/p>\n<h2><span class=\"ez-toc-section\" id=\"Circle_Express\"><\/span>Circle Express<span class=\"ez-toc-section-end\"><\/span><\/h2>\n<p><img decoding=\"async\" src=\"https:\/\/moverdb.com\/wp-content\/uploads\/AF1QipOb0tvEVejVRXqYkvN-cn0JzcQw5e1g2zTLqu9Dw426-h240-k-no.jpg\" alt='Circle Express' class=\"aligncenter\"><\/p>\n<p><strong>Opis iz podjetja: <\/strong>\u0160pedicija, Distribucija blaga, \u0160irokogrudni tovori, Skladi\u0161\u010denje, Te\u017eki tovori<\/p>\n<p><strong>Dodatne storitve:<\/strong><\/p>\n<p>Ni na seznamu<\/p>\n<p><strong>Naslov:<\/strong> Hillington Industrial Estate, 17 Mossland Rd, <a href=\"\" data-internallinksmanager029f6b8e52c=\"46\" title=\"Glasgow\">Glasgow<\/a>, Paisley G52 4XZ<\/p>\n<p><a href=\"http:\/\/www.circleexpress.co.uk\/\" target=\"_new\" rel=\"noopener\">Spletna stran Circle Express<\/a><\/p>\n<p><strong>Ocena pregleda: <\/strong>3.8<br \/> <strong>\u0160tevilo pregledov:<\/strong> 29<br \/><a href=\"https:\/\/www.google.co.uk\/maps?cid=14083219245859335478&#038;hl=en&#038;gl=GB\" target=\"_new\" rel=\"noopener\">Preberi mnenja<\/a><\/p>\n<h2><span class=\"ez-toc-section\" id=\"Kuehne_Nagel\"><\/span>Kuehne &amp; Nagel<span class=\"ez-toc-section-end\"><\/span><\/h2>\n<p><img decoding=\"async\" src=\"https:\/\/moverdb.com\/wp-content\/uploads\/AF1QipP8YOnfwYvmfXsa-NwOWAiJFdQndDYSQDOWnIAw408-h306-k-no.jpg\" alt='Kuehne &amp; Nagel' class=\"aligncenter\"><\/p>\n<p><strong>Opis iz podjetja: <\/strong>Ni na voljo<\/p>\n<p><strong>Dodatne storitve:<\/strong><\/p>\n<p>Storitev po\u0161iljanja<\/p>\n<p><strong>Naslov:<\/strong> Enota C, Abbotsinch, Paisley PA3 2SJ<\/p>\n<p><a href=\"https:\/\/uk.kuehne-nagel.com\/\" target=\"_new\" rel=\"noopener\">Spletna stran podjetja Kuehne &amp; Nagel<\/a><\/p>\n<p><strong>Ocena pregleda: <\/strong>4.4<br \/> <strong>\u0160tevilo pregledov:<\/strong> 5<br \/><a href=\"https:\/\/www.google.co.uk\/maps?cid=4582969936757270349&#038;hl=en&#038;gl=GB\" target=\"_new\" rel=\"noopener\">Preberi mnenja<\/a><\/p>\n<h2><span class=\"ez-toc-section\" id=\"Kerry_Logistics_UK_Limited\"><\/span>Kerry Logistics (UK) Limited<span class=\"ez-toc-section-end\"><\/span><\/h2>\n<p><img decoding=\"async\" src=\"https:\/\/moverdb.com\/wp-content\/uploads\/thumbnailpanoidOexhDs6Y01MyIWJbD9mAHAcb_clientsearch.gws-prod.gpsw408h240yaw199.jpg\" alt='Kerry Logistics (UK) Limited' class=\"aligncenter\"><\/p>\n<p><strong>Opis iz podjetja: <\/strong>Ni na voljo<\/p>\n<p><strong>Dodatne storitve:<\/strong><\/p>\n<p>Logisti\u010dne storitve<\/p>\n<p><strong>Naslov:<\/strong> Enota A, Air Cargo Centre, Arran Ave, Paisley PA3 2AY<\/p>\n<p><a href=\"http:\/\/www.kerrylogistics.com\/\" target=\"_new\" rel=\"noopener\">Spletna stran dru\u017ebe Kerry Logistics (UK) Limited<\/a><\/p>\n<p><strong>Ocena pregleda: <\/strong>4<br \/> <strong>\u0160tevilo pregledov:<\/strong> 2<br \/><a href=\"https:\/\/www.google.co.uk\/maps?cid=5541632260057716636&#038;hl=en&#038;gl=GB\" target=\"_new\" rel=\"noopener\">Preberi mnenja<\/a><\/p>\n<h2><span class=\"ez-toc-section\" id=\"How_we_picked_the_best_Paisley_Freight_Forwarding_Companies\"><\/span>Kako smo izbrali najbolj\u0161a \u0161pediterska podjetja v Paisleyju<span class=\"ez-toc-section-end\"><\/span><\/h2>\n<p>Za\u010deli smo z naborom podatkov 10 \u0161pediterskih podjetij Paisley, ki smo jih na\u0161li prek Googlovih zemljevidov, in ga zo\u017eili na 6 najbolj\u0161ih.<\/p>\n<p>Pri tem smo odstranili vsa podjetja, ki:<\/p>\n<ul>\n<li> ni imel spletne strani<\/li>\n<li> Ni bilo pregledov<\/li>\n<li> Povpre\u010dna ocena pregleda je bila ni\u017eja od 2,0<\/li>\n<\/ul>\n<p>\u010ce smo imeli 17 ali manj \u0161pediterjev, smo jih navedli vse.<\/p>\n<p>Za mesta, kjer je ostalo ve\u010d kot 17 posrednikov, smo opravili nadaljnje popravke, tako da smo zvi\u0161ali zahtevano oceno pregleda (npr. z najmanj 2,0 na 4,0) in\/ali pove\u010dali najmanj\u0161e \u0161tevilo zahtevanih pregledov (npr. z najmanj 1 pregleda na najmanj 10).<\/p>\n<p>Upo\u0161tevajte, da smo uporabili samo podatke o pregledih iz Google Maps in ne iz drugih spletnih mest tretjih oseb.<\/p>\n<p>Ve\u010d mest:<\/p>\n<p><a href=\"https:\/\/moverdb.com\/sl\/spediter\/freight-forwarding-uk\/tamworth-freight-forwarder\/\">Tamworth \u0161pediter<\/a><br \/><a href=\"https:\/\/moverdb.com\/sl\/spediter\/freight-forwarding-uk\/exeter-freight-forwarder\/\">\u0160pediter Exeter<\/a><br \/><a href=\"https:\/\/moverdb.com\/sl\/spediter\/freight-forwarding-uk\/tilbury-freight-forwarder\/\">\u0160pediter Tilbury<\/a><br \/><a href=\"https:\/\/moverdb.com\/sl\/spediter\/freight-forwarding-uk\/wickford-freight-forwarder\/\">\u0160pediter Wickford<\/a><br \/><a href=\"https:\/\/moverdb.com\/sl\/spediter\/freight-forwarding-uk\/wolverhampton-freight-forwarder\/\">Wolverhampton \u0161pediter<\/a><\/p>","protected":false},"excerpt":{"rendered":"<p>Below we look at the 6 &#8220;best&#8221; Freight Forwarding companies in Paisley out of 10. To learn more about how we chose the best please consult our FAQ section at the end. Please not the following listings are in no particular order and we are not making any recommendations for any particular company. SEKO Logistics [&hellip;]<\/p>\n","protected":false},"author":1,"featured_media":0,"parent":13427,"menu_order":0,"comment_status":"open","ping_status":"open","template":"","meta":{"_genesis_hide_title":false,"_genesis_hide_breadcrumbs":false,"_genesis_hide_singular_image":false,"_genesis_hide_footer_widgets":false,"_genesis_custom_body_class":"","_genesis_custom_post_class":"","_genesis_layout":"","footnotes":""},"class_list":{"0":"post-13843","1":"page","2":"type-page","3":"status-publish","5":"entry"},"_links":{"self":[{"href":"https:\/\/moverdb.com\/sl\/wp-json\/wp\/v2\/pages\/13843","targetHints":{"allow":["GET"]}}],"collection":[{"href":"https:\/\/moverdb.com\/sl\/wp-json\/wp\/v2\/pages"}],"about":[{"href":"https:\/\/moverdb.com\/sl\/wp-json\/wp\/v2\/types\/page"}],"author":[{"embeddable":true,"href":"https:\/\/moverdb.com\/sl\/wp-json\/wp\/v2\/users\/1"}],"replies":[{"embeddable":true,"href":"https:\/\/moverdb.com\/sl\/wp-json\/wp\/v2\/comments?post=13843"}],"version-history":[{"count":1,"href":"https:\/\/moverdb.com\/sl\/wp-json\/wp\/v2\/pages\/13843\/revisions"}],"predecessor-version":[{"id":15797,"href":"https:\/\/moverdb.com\/sl\/wp-json\/wp\/v2\/pages\/13843\/revisions\/15797"}],"up":[{"embeddable":true,"href":"https:\/\/moverdb.com\/sl\/wp-json\/wp\/v2\/pages\/13427"}],"wp:attachment":[{"href":"https:\/\/moverdb.com\/sl\/wp-json\/wp\/v2\/media?parent=13843"}],"curies":[{"name":"wp","href":"https:\/\/api.w.org\/{rel}","templated":true}]}}