{"id":13836,"date":"2023-11-08T15:52:42","date_gmt":"2023-11-08T15:52:42","guid":{"rendered":"https:\/\/moverdb.com\/freight-forwarder\/freight-forwarding-uk\/witham-freight-forwarder\/"},"modified":"2026-01-08T13:18:08","modified_gmt":"2026-01-08T13:18:08","slug":"witham-freight-forwarder","status":"publish","type":"page","link":"https:\/\/moverdb.com\/sl\/freight-forwarder\/freight-forwarding-uk\/witham-freight-forwarder\/","title":{"rendered":"6 najbolj\u0161ih \u0161pediterskih podjetij Witham (2024)"},"content":{"rendered":"<p>V nadaljevanju si bomo ogledali 6 <em>\"najbolj\u0161e\"<\/em> \u0160pedicijska podjetja v mestu Witham od 10.<\/p>\n<p>\u010ce \u017eelite izvedeti ve\u010d o tem, kako smo izbrali najbolj\u0161e, si na koncu oglejte razdelek Pogosta vpra\u0161anja.<\/p>\n<p><em>Prosimo, upo\u0161tevajte, da naslednji seznami niso razvr\u0161\u010deni po dolo\u010denem vrstnem redu in da ne priporo\u010damo nobenega podjetja.<\/em><\/p>\n<div id=\"ez-toc-container\" class=\"ez-toc-v2_0_82_2 ez-toc-wrap-left counter-hierarchy ez-toc-counter ez-toc-transparent ez-toc-container-direction\">\n<div class=\"ez-toc-title-container\">\n<p class=\"ez-toc-title\" style=\"cursor:inherit\">Oddelki<\/p>\n<span class=\"ez-toc-title-toggle\"><a href=\"#\" class=\"ez-toc-pull-right ez-toc-btn ez-toc-btn-xs ez-toc-btn-default ez-toc-toggle\" aria-label=\"Toggle Tabela vsebine\"><span class=\"ez-toc-js-icon-con\"><span class=\"\"><span class=\"eztoc-hide\" style=\"display:none;\">Toggle<\/span><span class=\"ez-toc-icon-toggle-span\"><svg style=\"fill: #999;color:#999\" xmlns=\"http:\/\/www.w3.org\/2000\/svg\" class=\"list-377408\" width=\"20px\" height=\"20px\" viewbox=\"0 0 24 24\" fill=\"none\"><path d=\"M6 6H4v2h2V6zm14 0H8v2h12V6zM4 11h2v2H4v-2zm16 0H8v2h12v-2zM4 16h2v2H4v-2zm16 0H8v2h12v-2z\" fill=\"currentColor\"><\/path><\/svg><svg style=\"fill: #999;color:#999\" class=\"arrow-unsorted-368013\" xmlns=\"http:\/\/www.w3.org\/2000\/svg\" width=\"10px\" height=\"10px\" viewbox=\"0 0 24 24\" version=\"1.2\" baseprofile=\"tiny\"><path d=\"M18.2 9.3l-6.2-6.3-6.2 6.3c-.2.2-.3.4-.3.7s.1.5.3.7c.2.2.4.3.7.3h11c.3 0 .5-.1.7-.3.2-.2.3-.5.3-.7s-.1-.5-.3-.7zM5.8 14.7l6.2 6.3 6.2-6.3c.2-.2.3-.5.3-.7s-.1-.5-.3-.7c-.2-.2-.4-.3-.7-.3h-11c-.3 0-.5.1-.7.3-.2.2-.3.5-.3.7s.1.5.3.7z\"\/><\/svg><\/span><\/span><\/span><\/a><\/span><\/div>\n<nav><ul class='ez-toc-list ez-toc-list-level-1 eztoc-toggle-hide-by-default' ><li class='ez-toc-page-1 ez-toc-heading-level-2'><a class=\"ez-toc-link ez-toc-heading-1\" href=\"https:\/\/moverdb.com\/sl\/freight-forwarder\/freight-forwarding-uk\/witham-freight-forwarder\/#PFE_Express_Head_Office\" >Glavni urad PFE Express<\/a><\/li><li class='ez-toc-page-1 ez-toc-heading-level-2'><a class=\"ez-toc-link ez-toc-heading-2\" href=\"https:\/\/moverdb.com\/sl\/freight-forwarder\/freight-forwarding-uk\/witham-freight-forwarder\/#Unisystems_Freight_UK_Ltd\" >Unisystems Freight UK Ltd<\/a><\/li><li class='ez-toc-page-1 ez-toc-heading-level-2'><a class=\"ez-toc-link ez-toc-heading-3\" href=\"https:\/\/moverdb.com\/sl\/freight-forwarder\/freight-forwarding-uk\/witham-freight-forwarder\/#Velta_International\" >Velta International<\/a><\/li><li class='ez-toc-page-1 ez-toc-heading-level-2'><a class=\"ez-toc-link ez-toc-heading-4\" href=\"https:\/\/moverdb.com\/sl\/freight-forwarder\/freight-forwarding-uk\/witham-freight-forwarder\/#Blackwater_Freight_Ltd\" >Blackwater Freight Ltd<\/a><\/li><li class='ez-toc-page-1 ez-toc-heading-level-2'><a class=\"ez-toc-link ez-toc-heading-5\" href=\"https:\/\/moverdb.com\/sl\/freight-forwarder\/freight-forwarding-uk\/witham-freight-forwarder\/#Otec_GB_Ltd\" >Otec (GB) Ltd<\/a><\/li><li class='ez-toc-page-1 ez-toc-heading-level-2'><a class=\"ez-toc-link ez-toc-heading-6\" href=\"https:\/\/moverdb.com\/sl\/freight-forwarder\/freight-forwarding-uk\/witham-freight-forwarder\/#Barker_Hood_Ltd\" >Barker &amp; Hood Ltd<\/a><\/li><li class='ez-toc-page-1 ez-toc-heading-level-2'><a class=\"ez-toc-link ez-toc-heading-7\" href=\"https:\/\/moverdb.com\/sl\/freight-forwarder\/freight-forwarding-uk\/witham-freight-forwarder\/#How_we_picked_the_best_Witham_Freight_Forwarding_Companies\" >Kako smo izbrali najbolj\u0161a \u0161pediterska podjetja Witham<\/a><\/li><\/ul><\/nav><\/div>\n<h2><span class=\"ez-toc-section\" id=\"PFE_Express_Head_Office\"><\/span>Glavni urad PFE Express<span class=\"ez-toc-section-end\"><\/span><\/h2>\n<p><img decoding=\"async\" src=\"https:\/\/moverdb.com\/wp-content\/uploads\/AF1QipPTM2LBN45NcakPE1N3L2i6te6QPVlQU8lG4TTDw408-h271-k-no.jpg\" alt='Glavni urad PFE Express' class=\"aligncenter\"><\/p>\n<p><strong>Opis iz podjetja: <\/strong>Ni na voljo<\/p>\n<p><strong>Dodatne storitve:<\/strong><\/p>\n<p>Ni na seznamu<\/p>\n<p><strong>Naslov:<\/strong> Foremost House, Waterside Business Park, Eastways, Witham CM8 3PL<\/p>\n<p><a href=\"http:\/\/www.pfe-express.co.uk\/\" target=\"_new\" rel=\"noopener\">Spletna stran glavnega urada dru\u017ebe PFE Express<\/a><\/p>\n<p><strong>Ocena pregleda: <\/strong>3.9<br \/> <strong>\u0160tevilo pregledov:<\/strong> 68<br \/><a href=\"https:\/\/www.google.co.uk\/maps?cid=6118563698094684779&#038;hl=en&#038;gl=GB\" target=\"_new\" rel=\"noopener\">Preberi mnenja<\/a><\/p>\n<h2><span class=\"ez-toc-section\" id=\"Unisystems_Freight_UK_Ltd\"><\/span>Unisystems Freight UK Ltd<span class=\"ez-toc-section-end\"><\/span><\/h2>\n<p><img decoding=\"async\" src=\"https:\/\/moverdb.com\/wp-content\/uploads\/AF1QipMv2oQLndm_1sV_VsvAg5zi1jaMJvUqChD7m2Eyw408-h306-k-no.jpg\" alt='Unisystems Freight UK Ltd' class=\"aligncenter\"><\/p>\n<p><strong>Opis iz podjetja: <\/strong>Ni na voljo<\/p>\n<p><strong>Dodatne storitve:<\/strong><\/p>\n<p>Uvozno izvozno podjetje<\/p>\n<p><strong>Naslov:<\/strong> Perry Rd, Witham CM8 3UD<\/p>\n<p><a href=\"https:\/\/www.unisystems-freight.co.uk\/\" target=\"_new\" rel=\"noopener\">Spletna stran podjetja Unisystems Freight UK Ltd<\/a><\/p>\n<p><strong>Ocena pregleda: <\/strong>3.8<br \/> <strong>\u0160tevilo pregledov:<\/strong> 31<br \/><a href=\"https:\/\/www.google.co.uk\/maps?cid=11936918961341977110&#038;hl=en&#038;gl=GB\" target=\"_new\" rel=\"noopener\">Preberi mnenja<\/a><\/p>\n<h2><span class=\"ez-toc-section\" id=\"Velta_International\"><\/span>Velta International<span class=\"ez-toc-section-end\"><\/span><\/h2>\n<p><img decoding=\"async\" src=\"https:\/\/moverdb.com\/wp-content\/uploads\/AF1QipMPBBDbIJ0971uxC6HnPhMgl84caZsBemmF6XRJw408-h544-k-no.jpg\" alt='Velta International' class=\"aligncenter\"><\/p>\n<p><strong>Opis iz podjetja: <\/strong>Ni na voljo<\/p>\n<p><strong>Dodatne storitve:<\/strong><\/p>\n<p>Ni na seznamu<\/p>\n<p><strong>Naslov:<\/strong> Compass House, Eastways, Witham CM8 3YQ<\/p>\n<p><a href=\"http:\/\/www.velta.co.uk\/\" target=\"_new\" rel=\"noopener\">Spletna stran dru\u017ebe Velta International<\/a><\/p>\n<p><strong>Ocena pregleda: <\/strong>3.7<br \/> <strong>\u0160tevilo pregledov:<\/strong> 11<br \/><a href=\"https:\/\/www.google.co.uk\/maps?cid=6057638582378522239&#038;hl=en&#038;gl=GB\" target=\"_new\" rel=\"noopener\">Preberi mnenja<\/a><\/p>\n<h2><span class=\"ez-toc-section\" id=\"Blackwater_Freight_Ltd\"><\/span>Blackwater Freight Ltd<span class=\"ez-toc-section-end\"><\/span><\/h2>\n<p><img decoding=\"async\" src=\"https:\/\/moverdb.com\/wp-content\/uploads\/thumbnailpanoidfuLqGifniYNhoVaCUZcqRwcb_clientsearch.gws-prod.gpsw408h240yaw152.jpg\" alt='Blackwater Freight Ltd' class=\"aligncenter\"><\/p>\n<p><strong>Opis iz podjetja: <\/strong>Ni na voljo<\/p>\n<p><strong>Dodatne storitve:<\/strong><\/p>\n<p>Ni na seznamu<\/p>\n<p><strong>Naslov:<\/strong> Crittall Rd, Witham CM8 3DT<\/p>\n<p><a href=\"http:\/\/www.blackwaterfrt.com\/\" target=\"_new\" rel=\"noopener\">Spletna stran podjetja Blackwater Freight Ltd<\/a><\/p>\n<p><strong>Ocena pregleda: <\/strong>5<br \/> <strong>\u0160tevilo pregledov:<\/strong> 2<br \/><a href=\"https:\/\/www.google.co.uk\/maps?cid=4320777731301598319&#038;hl=en&#038;gl=GB\" target=\"_new\" rel=\"noopener\">Preberi mnenja<\/a><\/p>\n<h2><span class=\"ez-toc-section\" id=\"Otec_GB_Ltd\"><\/span>Otec (GB) Ltd<span class=\"ez-toc-section-end\"><\/span><\/h2>\n<p><img decoding=\"async\" src=\"https:\/\/moverdb.com\/wp-content\/uploads\/thumbnailpanoid5EwA-mkTIjDVmVFGjx_GaQcb_clientsearch.gws-prod.gpsw408h240yaw104.jpg\" alt='Otec (GB) Ltd' class=\"aligncenter\"><\/p>\n<p><strong>Opis iz podjetja: <\/strong>Ni na voljo<\/p>\n<p><strong>Dodatne storitve:<\/strong><\/p>\n<p>kurirska slu\u017eba<\/p>\n<p>Logisti\u010dne storitve<\/p>\n<p>Prevozne storitve<\/p>\n<p>Skladi\u0161\u010de<\/p>\n<p><strong>Naslov:<\/strong> Logisti\u010dno sredi\u0161\u010de Elmbeck\/Crittall Rd, Witham CM8 3DT<\/p>\n<p><a href=\"http:\/\/www.otec-gb.com\/\" target=\"_new\" rel=\"noopener\">Spletna stran podjetja Otec (GB) Ltd<\/a><\/p>\n<p><strong>Ocena pregleda: <\/strong>4.2<br \/> <strong>\u0160tevilo pregledov:<\/strong> 44<br \/><a href=\"https:\/\/www.google.co.uk\/maps?cid=2819327465755745091&#038;hl=en&#038;gl=GB\" target=\"_new\" rel=\"noopener\">Preberi mnenja<\/a><\/p>\n<h2><span class=\"ez-toc-section\" id=\"Barker_Hood_Ltd\"><\/span>Barker &amp; Hood Ltd<span class=\"ez-toc-section-end\"><\/span><\/h2>\n<p><img decoding=\"async\" src=\"https:\/\/moverdb.com\/wp-content\/uploads\/thumbnailpanoidHJ-1foVcXkWQMFYti3xVOAcb_clientsearch.gws-prod.gpsw408h240yaw354.jpg\" alt='Barker &amp; Hood Ltd' class=\"aligncenter\"><\/p>\n<p><strong>Opis iz podjetja: <\/strong>Ni na voljo<\/p>\n<p><strong>Dodatne storitve:<\/strong><\/p>\n<p>Prevozne storitve<\/p>\n<p><strong>Naslov:<\/strong> Enota 4, Waterside Business Park, Eastways, Witham CM8 3YQ<\/p>\n<p><a href=\"https:\/\/www.barker-hood.co.uk\/\" target=\"_new\" rel=\"noopener\">Spletna stran podjetja Barker &amp; Hood Ltd<\/a><\/p>\n<p><strong>Ocena pregleda: <\/strong>4.9<br \/> <strong>\u0160tevilo pregledov:<\/strong> 7<br \/><a href=\"https:\/\/www.google.co.uk\/maps?cid=6081544458479183095&#038;hl=en&#038;gl=GB\" target=\"_new\" rel=\"noopener\">Preberi mnenja<\/a><\/p>\n<h2><span class=\"ez-toc-section\" id=\"How_we_picked_the_best_Witham_Freight_Forwarding_Companies\"><\/span>Kako smo izbrali najbolj\u0161a \u0161pediterska podjetja Witham<span class=\"ez-toc-section-end\"><\/span><\/h2>\n<p>Za\u010deli smo z naborom podatkov 10 \u0161pediterskih podjetij Witham, ki smo jih na\u0161li prek Googlovih zemljevidov, in ga zo\u017eili na 6 najbolj\u0161ih.<\/p>\n<p>Pri tem smo odstranili vsa podjetja, ki:<\/p>\n<ul>\n<li> ni imel spletne strani<\/li>\n<li> Ni bilo pregledov<\/li>\n<li> Povpre\u010dna ocena pregleda je bila ni\u017eja od 2,0<\/li>\n<\/ul>\n<p>\u010ce smo imeli 17 ali manj \u0161pediterjev, smo jih navedli vse.<\/p>\n<p>Za mesta, kjer je ostalo ve\u010d kot 17 posrednikov, smo opravili nadaljnje popravke, tako da smo zvi\u0161ali zahtevano oceno pregleda (npr. z najmanj 2,0 na 4,0) in\/ali pove\u010dali najmanj\u0161e \u0161tevilo zahtevanih pregledov (npr. z najmanj 1 pregleda na najmanj 10).<\/p>\n<p>Upo\u0161tevajte, da smo uporabili samo podatke o pregledih iz Google Maps in ne iz drugih spletnih mest tretjih oseb.<\/p>\n<p>Ve\u010d mest:<\/p>\n<p><a href=\"https:\/\/moverdb.com\/sl\/spediter\/freight-forwarding-uk\/paisley-freight-forwarder\/\">\u0160pediter Paisley<\/a><br \/><a href=\"https:\/\/moverdb.com\/sl\/spediter\/freight-forwarding-uk\/tamworth-freight-forwarder\/\">Tamworth \u0161pediter<\/a><br \/><a href=\"https:\/\/moverdb.com\/sl\/spediter\/freight-forwarding-uk\/exeter-freight-forwarder\/\">\u0160pediter Exeter<\/a><br \/><a href=\"https:\/\/moverdb.com\/sl\/spediter\/freight-forwarding-uk\/tilbury-freight-forwarder\/\">\u0160pediter Tilbury<\/a><br \/><a href=\"https:\/\/moverdb.com\/sl\/spediter\/freight-forwarding-uk\/wickford-freight-forwarder\/\">\u0160pediter Wickford<\/a><\/p>","protected":false},"excerpt":{"rendered":"<p>Below we look at the 6 &#8220;best&#8221; Freight Forwarding companies in Witham out of 10. To learn more about how we chose the best please consult our FAQ section at the end. Please not the following listings are in no particular order and we are not making any recommendations for any particular company. PFE Express [&hellip;]<\/p>\n","protected":false},"author":1,"featured_media":0,"parent":13427,"menu_order":0,"comment_status":"open","ping_status":"open","template":"","meta":{"_genesis_hide_title":false,"_genesis_hide_breadcrumbs":false,"_genesis_hide_singular_image":false,"_genesis_hide_footer_widgets":false,"_genesis_custom_body_class":"","_genesis_custom_post_class":"","_genesis_layout":"","footnotes":""},"class_list":{"0":"post-13836","1":"page","2":"type-page","3":"status-publish","5":"entry"},"_links":{"self":[{"href":"https:\/\/moverdb.com\/sl\/wp-json\/wp\/v2\/pages\/13836","targetHints":{"allow":["GET"]}}],"collection":[{"href":"https:\/\/moverdb.com\/sl\/wp-json\/wp\/v2\/pages"}],"about":[{"href":"https:\/\/moverdb.com\/sl\/wp-json\/wp\/v2\/types\/page"}],"author":[{"embeddable":true,"href":"https:\/\/moverdb.com\/sl\/wp-json\/wp\/v2\/users\/1"}],"replies":[{"embeddable":true,"href":"https:\/\/moverdb.com\/sl\/wp-json\/wp\/v2\/comments?post=13836"}],"version-history":[{"count":1,"href":"https:\/\/moverdb.com\/sl\/wp-json\/wp\/v2\/pages\/13836\/revisions"}],"predecessor-version":[{"id":15798,"href":"https:\/\/moverdb.com\/sl\/wp-json\/wp\/v2\/pages\/13836\/revisions\/15798"}],"up":[{"embeddable":true,"href":"https:\/\/moverdb.com\/sl\/wp-json\/wp\/v2\/pages\/13427"}],"wp:attachment":[{"href":"https:\/\/moverdb.com\/sl\/wp-json\/wp\/v2\/media?parent=13836"}],"curies":[{"name":"wp","href":"https:\/\/api.w.org\/{rel}","templated":true}]}}