{"id":13813,"date":"2023-11-08T15:52:42","date_gmt":"2023-11-08T15:52:42","guid":{"rendered":"https:\/\/moverdb.com\/freight-forwarder\/freight-forwarding-uk\/grays-freight-forwarder\/"},"modified":"2026-01-08T13:18:14","modified_gmt":"2026-01-08T13:18:14","slug":"grays-freight-forwarder","status":"publish","type":"page","link":"https:\/\/moverdb.com\/sl\/freight-forwarder\/freight-forwarding-uk\/grays-freight-forwarder\/","title":{"rendered":"8 najbolj\u0161ih \u0161pediterskih podjetij Grays (2024)"},"content":{"rendered":"<p>V nadaljevanju si bomo ogledali 8 <em>\"najbolj\u0161e\"<\/em> \u0160pedicijska podjetja v Graysu od 15.<\/p>\n<p>\u010ce \u017eelite izvedeti ve\u010d o tem, kako smo izbrali najbolj\u0161e, si na koncu oglejte razdelek Pogosta vpra\u0161anja.<\/p>\n<p><em>Prosimo, upo\u0161tevajte, da naslednji seznami niso razvr\u0161\u010deni po dolo\u010denem vrstnem redu in da ne priporo\u010damo nobenega podjetja.<\/em><\/p>\n<div id=\"ez-toc-container\" class=\"ez-toc-v2_0_82_2 ez-toc-wrap-left counter-hierarchy ez-toc-counter ez-toc-transparent ez-toc-container-direction\">\n<div class=\"ez-toc-title-container\">\n<p class=\"ez-toc-title\" style=\"cursor:inherit\">Oddelki<\/p>\n<span class=\"ez-toc-title-toggle\"><a href=\"#\" class=\"ez-toc-pull-right ez-toc-btn ez-toc-btn-xs ez-toc-btn-default ez-toc-toggle\" aria-label=\"Toggle Tabela vsebine\"><span class=\"ez-toc-js-icon-con\"><span class=\"\"><span class=\"eztoc-hide\" style=\"display:none;\">Toggle<\/span><span class=\"ez-toc-icon-toggle-span\"><svg style=\"fill: #999;color:#999\" xmlns=\"http:\/\/www.w3.org\/2000\/svg\" class=\"list-377408\" width=\"20px\" height=\"20px\" viewbox=\"0 0 24 24\" fill=\"none\"><path d=\"M6 6H4v2h2V6zm14 0H8v2h12V6zM4 11h2v2H4v-2zm16 0H8v2h12v-2zM4 16h2v2H4v-2zm16 0H8v2h12v-2z\" fill=\"currentColor\"><\/path><\/svg><svg style=\"fill: #999;color:#999\" class=\"arrow-unsorted-368013\" xmlns=\"http:\/\/www.w3.org\/2000\/svg\" width=\"10px\" height=\"10px\" viewbox=\"0 0 24 24\" version=\"1.2\" baseprofile=\"tiny\"><path d=\"M18.2 9.3l-6.2-6.3-6.2 6.3c-.2.2-.3.4-.3.7s.1.5.3.7c.2.2.4.3.7.3h11c.3 0 .5-.1.7-.3.2-.2.3-.5.3-.7s-.1-.5-.3-.7zM5.8 14.7l6.2 6.3 6.2-6.3c.2-.2.3-.5.3-.7s-.1-.5-.3-.7c-.2-.2-.4-.3-.7-.3h-11c-.3 0-.5.1-.7.3-.2.2-.3.5-.3.7s.1.5.3.7z\"\/><\/svg><\/span><\/span><\/span><\/a><\/span><\/div>\n<nav><ul class='ez-toc-list ez-toc-list-level-1 eztoc-toggle-hide-by-default' ><li class='ez-toc-page-1 ez-toc-heading-level-2'><a class=\"ez-toc-link ez-toc-heading-1\" href=\"https:\/\/moverdb.com\/sl\/freight-forwarder\/freight-forwarding-uk\/grays-freight-forwarder\/#Silver_Wolf\" >Srebrni volk<\/a><\/li><li class='ez-toc-page-1 ez-toc-heading-level-2'><a class=\"ez-toc-link ez-toc-heading-2\" href=\"https:\/\/moverdb.com\/sl\/freight-forwarder\/freight-forwarding-uk\/grays-freight-forwarder\/#Samamiah_Shipping_Enterprise_Limited\" >Samamiah (Shipping) Enterprise Limited<\/a><\/li><li class='ez-toc-page-1 ez-toc-heading-level-2'><a class=\"ez-toc-link ez-toc-heading-3\" href=\"https:\/\/moverdb.com\/sl\/freight-forwarder\/freight-forwarding-uk\/grays-freight-forwarder\/#Geeomotayo_CoLtd\" >Geeomotayo Co.Ltd<\/a><\/li><li class='ez-toc-page-1 ez-toc-heading-level-2'><a class=\"ez-toc-link ez-toc-heading-4\" href=\"https:\/\/moverdb.com\/sl\/freight-forwarder\/freight-forwarding-uk\/grays-freight-forwarder\/#EMS_Ltd\" >EMS Ltd<\/a><\/li><li class='ez-toc-page-1 ez-toc-heading-level-2'><a class=\"ez-toc-link ez-toc-heading-5\" href=\"https:\/\/moverdb.com\/sl\/freight-forwarder\/freight-forwarding-uk\/grays-freight-forwarder\/#Crayford_Freight_Services\" >Crayford Freight Services<\/a><\/li><li class='ez-toc-page-1 ez-toc-heading-level-2'><a class=\"ez-toc-link ez-toc-heading-6\" href=\"https:\/\/moverdb.com\/sl\/freight-forwarder\/freight-forwarding-uk\/grays-freight-forwarder\/#Executive_Freight_Services\" >Izvr\u0161ne storitve tovornega prometa<\/a><\/li><li class='ez-toc-page-1 ez-toc-heading-level-2'><a class=\"ez-toc-link ez-toc-heading-7\" href=\"https:\/\/moverdb.com\/sl\/freight-forwarder\/freight-forwarding-uk\/grays-freight-forwarder\/#Cargocare_Ltd\" >Cargocare Ltd.<\/a><\/li><li class='ez-toc-page-1 ez-toc-heading-level-2'><a class=\"ez-toc-link ez-toc-heading-8\" href=\"https:\/\/moverdb.com\/sl\/freight-forwarder\/freight-forwarding-uk\/grays-freight-forwarder\/#Cargocare_Ltd-2\" >Cargocare Ltd<\/a><\/li><li class='ez-toc-page-1 ez-toc-heading-level-2'><a class=\"ez-toc-link ez-toc-heading-9\" href=\"https:\/\/moverdb.com\/sl\/freight-forwarder\/freight-forwarding-uk\/grays-freight-forwarder\/#How_we_picked_the_best_Grays_Freight_Forwarding_Companies\" >Kako smo izbrali najbolj\u0161a \u0161pediterska podjetja Grays<\/a><\/li><\/ul><\/nav><\/div>\n<h2><span class=\"ez-toc-section\" id=\"Silver_Wolf\"><\/span>Srebrni volk<span class=\"ez-toc-section-end\"><\/span><\/h2>\n<p><img decoding=\"async\" src=\"https:\/\/moverdb.com\/wp-content\/uploads\/AF1QipOwBHBg95mRqvrGHU1nev11wyr1hePio8H0fbgLw408-h306-k-no.jpg\" alt='Srebrni volk' class=\"aligncenter\"><\/p>\n<p><strong>Opis iz podjetja: <\/strong>Ni na voljo<\/p>\n<p><strong>Dodatne storitve:<\/strong><\/p>\n<p>Podjetje za dostavo<\/p>\n<p><strong>Naslov:<\/strong> Merrydale Works, Linford Rd, Grays RM16 4LQ<\/p>\n<p><a href=\"https:\/\/www.silverwolfuk.com\/\" target=\"_new\" rel=\"noopener\">Spletna stran Silver Wolf<\/a><\/p>\n<p><strong>Ocena pregleda: <\/strong>3.8<br \/> <strong>\u0160tevilo pregledov:<\/strong> 16<br \/><a href=\"https:\/\/www.google.co.uk\/maps?cid=12674753108185969697&#038;hl=en&#038;gl=GB\" target=\"_new\" rel=\"noopener\">Preberi mnenja<\/a><\/p>\n<h2><span class=\"ez-toc-section\" id=\"Samamiah_Shipping_Enterprise_Limited\"><\/span>Samamiah (Shipping) Enterprise Limited<span class=\"ez-toc-section-end\"><\/span><\/h2>\n<p><img decoding=\"async\" src=\"https:\/\/moverdb.com\/wp-content\/uploads\/AF1QipP3TyvyAu4RqcIr1OEX7EzDsczQmAeFd5Y59-vZw408-h263-k-no.png\" alt='Samamiah (Shipping) Enterprise Limited' class=\"aligncenter\"><\/p>\n<p><strong>Opis iz podjetja: <\/strong>Ni na voljo<\/p>\n<p><strong>Dodatne storitve:<\/strong><\/p>\n<p>Ni na seznamu<\/p>\n<p><strong>Naslov:<\/strong> Motherwell Way, Grays RM20 3XD<\/p>\n<p><a href=\"https:\/\/www.samamiahshipping.co.uk\/\" target=\"_new\" rel=\"noopener\">Spletna stran podjetja Samamiah (Shipping) Enterprise Limited<\/a><\/p>\n<p><strong>Ocena pregleda: <\/strong>4.4<br \/> <strong>\u0160tevilo pregledov:<\/strong> 148<br \/><a href=\"https:\/\/www.google.co.uk\/maps?cid=5212766095198324838&#038;hl=en&#038;gl=GB\" target=\"_new\" rel=\"noopener\">Preberi mnenja<\/a><\/p>\n<h2><span class=\"ez-toc-section\" id=\"Geeomotayo_CoLtd\"><\/span>Geeomotayo Co.Ltd<span class=\"ez-toc-section-end\"><\/span><\/h2>\n<p><img decoding=\"async\" src=\"https:\/\/moverdb.com\/wp-content\/uploads\/AF1QipO6WAM0Mn9cadACStLkMj6ffJ3E3Q2NCJmOWWVPw426-h240-k-no.jpg\" alt='Geeomotayo Co.Ltd' class=\"aligncenter\"><\/p>\n<p><strong>Opis iz podjetja: <\/strong>Ni na voljo<\/p>\n<p><strong>Dodatne storitve:<\/strong><\/p>\n<p>Storitev po\u0161iljanja<\/p>\n<p>Skladi\u0161\u010de<\/p>\n<p><strong>Naslov:<\/strong> 14 Orsett Rd, Grays RM17 5DL<\/p>\n<p><a href=\"http:\/\/www.geeomotayo.com\/\" target=\"_new\" rel=\"noopener\">Spletna stran Geeomotayo Co.Ltd<\/a><\/p>\n<p><strong>Ocena pregleda: <\/strong>4.3<br \/> <strong>\u0160tevilo pregledov:<\/strong> 41<br \/><a href=\"https:\/\/www.google.co.uk\/maps?cid=18200971829374470871&#038;hl=en&#038;gl=GB\" target=\"_new\" rel=\"noopener\">Preberi mnenja<\/a><\/p>\n<h2><span class=\"ez-toc-section\" id=\"EMS_Ltd\"><\/span>EMS Ltd<span class=\"ez-toc-section-end\"><\/span><\/h2>\n<p><img decoding=\"async\" src=\"https:\/\/moverdb.com\/wp-content\/uploads\/AF1QipM0Ab0hh1QqX4U9QEcuZQIpzxuhdlSKmGrhRRPew408-h306-k-no.jpg\" alt='EMS Ltd' class=\"aligncenter\"><\/p>\n<p><strong>Opis iz podjetja: <\/strong>Ni na voljo<\/p>\n<p><strong>Dodatne storitve:<\/strong><\/p>\n<p>Trgovina z ra\u010dunalniki<\/p>\n<p><strong>Naslov:<\/strong> STAR INDUSTRIAL EST, UNIT 1, 3A AND YARD 4A, St Johns Rd, Chadwell St Mary, Grays RM16 4AT<\/p>\n<p><a href=\"http:\/\/www.ems-ltd.co.uk\/\" target=\"_new\" rel=\"noopener\">Spletna stran EMS Ltd<\/a><\/p>\n<p><strong>Ocena pregleda: <\/strong>4.2<br \/> <strong>\u0160tevilo pregledov:<\/strong> 29<br \/><a href=\"https:\/\/www.google.co.uk\/maps?cid=5354803582162291429&#038;hl=en&#038;gl=GB\" target=\"_new\" rel=\"noopener\">Preberi mnenja<\/a><\/p>\n<h2><span class=\"ez-toc-section\" id=\"Crayford_Freight_Services\"><\/span>Crayford Freight Services<span class=\"ez-toc-section-end\"><\/span><\/h2>\n<p><img decoding=\"async\" src=\"https:\/\/moverdb.com\/wp-content\/uploads\/AF1QipNWCuqG_d3IU5he1y-4mB1hVpSJCqXsxsqll5ksw408-h306-k-no.jpg\" alt='Crayford Freight Services' class=\"aligncenter\"><\/p>\n<p><strong>Opis iz podjetja: <\/strong>Ni na voljo<\/p>\n<p><strong>Dodatne storitve:<\/strong><\/p>\n<p>Ni na seznamu<\/p>\n<p><strong>Naslov:<\/strong> Globe Ind Est, Towers Rd, Grays RM17 6SU<\/p>\n<p><a href=\"https:\/\/www.crayfordfreight.co.uk\/\" target=\"_new\" rel=\"noopener\">Spletna stran podjetja Crayford Freight Services<\/a><\/p>\n<p><strong>Ocena pregleda: <\/strong>3.4<br \/> <strong>\u0160tevilo pregledov:<\/strong> 27<br \/><a href=\"https:\/\/www.google.co.uk\/maps?cid=11088928095877990323&#038;hl=en&#038;gl=GB\" target=\"_new\" rel=\"noopener\">Preberi mnenja<\/a><\/p>\n<h2><span class=\"ez-toc-section\" id=\"Executive_Freight_Services\"><\/span>Izvr\u0161ne storitve tovornega prometa<span class=\"ez-toc-section-end\"><\/span><\/h2>\n<p><img decoding=\"async\" src=\"https:\/\/moverdb.com\/wp-content\/uploads\/thumbnailpanoidK71iJkR7tWjyeMWZkL_DFQcb_clientsearch.gws-prod.gpsw408h240yaw194.jpg\" alt='Izvr\u0161ne storitve tovornega prometa' class=\"aligncenter\"><\/p>\n<p><strong>Opis iz podjetja: <\/strong>Ni na voljo<\/p>\n<p><strong>Dodatne storitve:<\/strong><\/p>\n<p>Ni na seznamu<\/p>\n<p><strong>Naslov:<\/strong> Rectory Rd, Grays RM17 6SU<\/p>\n<p><a href=\"https:\/\/www.executivefreightservices.co.uk\/\" target=\"_new\" rel=\"noopener\">Spletna stran Executive Freight Services<\/a><\/p>\n<p><strong>Ocena pregleda: <\/strong>5<br \/> <strong>\u0160tevilo pregledov:<\/strong> 1<br \/><a href=\"https:\/\/www.google.co.uk\/maps?cid=5738270938062984851&#038;hl=en&#038;gl=GB\" target=\"_new\" rel=\"noopener\">Preberi mnenja<\/a><\/p>\n<h2><span class=\"ez-toc-section\" id=\"Cargocare_Ltd\"><\/span>Cargocare Ltd.<span class=\"ez-toc-section-end\"><\/span><\/h2>\n<p><img decoding=\"async\" src=\"https:\/\/moverdb.com\/wp-content\/uploads\/AF1QipPJ02JMSmpT6qTapziO3xF5F4IB5HTTZPWbaDgFw572-h240-k-no.jpg\" alt='Cargocare Ltd.' class=\"aligncenter\"><\/p>\n<p><strong>Opis iz podjetja: <\/strong>Po opravljanju dnevnih prevozov tovora med letali\u0161\u010di <a href=\"https:\/\/moverdb.com\/sl\/moving-to-the-uk\/\" data-internallinksmanager029f6b8e52c=\"93\" title=\"Selitev v Zdru\u017eeno kraljestvo? 2022 \u017divljenjski stro\u0161ki in nasveti za selitev\">ZDRU\u017dENO KRALJESTVO<\/a> in . <a href=\"https:\/\/moverdb.com\/sl\/moving-to-ireland\/\" data-internallinksmanager029f6b8e52c=\"320\" title=\"Selitev na Irsko? 2023 \u017divljenjski stro\u0161ki in nasveti za selitev\">Irska<\/a> \u017ee 35 let, lahko z gotovostjo trdimo, da je na\u0161e strokovno znanje na tem trgu neprekosljivo.<\/p>\n<p><strong>Dodatne storitve:<\/strong><\/p>\n<p>Podjetje za dostavo<\/p>\n<p><strong>Naslov:<\/strong> 5c Oliver Rd, Grays RM20 3ED<\/p>\n<p><a href=\"http:\/\/www.cargocare.ie\/\" target=\"_new\" rel=\"noopener\">Spletna stran podjetja Cargocare Ltd.<\/a><\/p>\n<p><strong>Ocena pregleda: <\/strong>3.3<br \/> <strong>\u0160tevilo pregledov:<\/strong> 3<br \/><a href=\"https:\/\/www.google.co.uk\/maps?cid=12832113494116930077&#038;hl=en&#038;gl=GB\" target=\"_new\" rel=\"noopener\">Preberi mnenja<\/a><\/p>\n<h2><span class=\"ez-toc-section\" id=\"Cargocare_Ltd-2\"><\/span>Cargocare Ltd<span class=\"ez-toc-section-end\"><\/span><\/h2>\n<p><img decoding=\"async\" src=\"\" alt=\"Cargocare Ltd\" class=\"aligncenter\"><\/p>\n<p><strong>Opis iz podjetja: <\/strong>Ni na voljo<\/p>\n<p><strong>Dodatne storitve:<\/strong><\/p>\n<p>Ni na seznamu<\/p>\n<p><strong>Naslov:<\/strong> Enota 11D, Cliffside Industrial Estate, Grays RM17 5XR<\/p>\n<p><a href=\"http:\/\/www.cargocare.ie\/\" target=\"_new\" rel=\"noopener\">Spletna stran podjetja Cargocare Ltd<\/a><\/p>\n<p><strong>Ocena pregleda: <\/strong>4.5<br \/> <strong>\u0160tevilo pregledov:<\/strong> 2<br \/><a href=\"https:\/\/www.google.co.uk\/maps?cid=11744220962966604689&#038;hl=en&#038;gl=GB\" target=\"_new\" rel=\"noopener\">Preberi mnenja<\/a><\/p>\n<h2><span class=\"ez-toc-section\" id=\"How_we_picked_the_best_Grays_Freight_Forwarding_Companies\"><\/span>Kako smo izbrali najbolj\u0161a \u0161pediterska podjetja Grays<span class=\"ez-toc-section-end\"><\/span><\/h2>\n<p>Za\u010deli smo z naborom podatkov 15 \u0161pediterskih podjetij Grays, ki smo jih na\u0161li prek Googlovih zemljevidov, in ga zo\u017eili na 8 najbolj\u0161ih.<\/p>\n<p>Pri tem smo odstranili vsa podjetja, ki:<\/p>\n<ul>\n<li> ni imel spletne strani<\/li>\n<li> Ni bilo pregledov<\/li>\n<li> Povpre\u010dna ocena pregleda je bila ni\u017eja od 2,0<\/li>\n<\/ul>\n<p>\u010ce smo imeli 17 ali manj \u0161pediterjev, smo jih navedli vse.<\/p>\n<p>Za mesta, kjer je ostalo ve\u010d kot 17 posrednikov, smo opravili nadaljnje popravke, tako da smo zvi\u0161ali zahtevano oceno pregleda (npr. z najmanj 2,0 na 4,0) in\/ali pove\u010dali najmanj\u0161e \u0161tevilo zahtevanih pregledov (npr. z najmanj 1 pregleda na najmanj 10).<\/p>\n<p>Upo\u0161tevajte, da smo uporabili samo podatke o pregledih iz Google Maps in ne iz drugih spletnih mest tretjih oseb.<\/p>\n<p>Ve\u010d mest:<\/p>\n<p><a href=\"https:\/\/moverdb.com\/sl\/spediter\/freight-forwarding-uk\/sunbury-on-thames-freight-forwarder\/\">\u0160pediter Sunbury-on-Thames<\/a><br \/><a href=\"https:\/\/moverdb.com\/sl\/spediter\/freight-forwarding-uk\/hull-freight-forwarder\/\">\u0160pediterski oddelek Hull<\/a><br \/><a href=\"https:\/\/moverdb.com\/sl\/spediter\/freight-forwarding-uk\/witham-freight-forwarder\/\">\u0160pediter Witham<\/a><br \/><a href=\"https:\/\/moverdb.com\/sl\/spediter\/freight-forwarding-uk\/paisley-freight-forwarder\/\">\u0160pediter Paisley<\/a><br \/><a href=\"https:\/\/moverdb.com\/sl\/spediter\/freight-forwarding-uk\/tamworth-freight-forwarder\/\">Tamworth \u0161pediter<\/a><\/p>","protected":false},"excerpt":{"rendered":"<p>Below we look at the 8 &#8220;best&#8221; Freight Forwarding companies in Grays out of 15. To learn more about how we chose the best please consult our FAQ section at the end. Please not the following listings are in no particular order and we are not making any recommendations for any particular company. Silver Wolf [&hellip;]<\/p>\n","protected":false},"author":1,"featured_media":0,"parent":13427,"menu_order":0,"comment_status":"open","ping_status":"open","template":"","meta":{"_genesis_hide_title":false,"_genesis_hide_breadcrumbs":false,"_genesis_hide_singular_image":false,"_genesis_hide_footer_widgets":false,"_genesis_custom_body_class":"","_genesis_custom_post_class":"","_genesis_layout":"","footnotes":""},"class_list":{"0":"post-13813","1":"page","2":"type-page","3":"status-publish","5":"entry"},"_links":{"self":[{"href":"https:\/\/moverdb.com\/sl\/wp-json\/wp\/v2\/pages\/13813","targetHints":{"allow":["GET"]}}],"collection":[{"href":"https:\/\/moverdb.com\/sl\/wp-json\/wp\/v2\/pages"}],"about":[{"href":"https:\/\/moverdb.com\/sl\/wp-json\/wp\/v2\/types\/page"}],"author":[{"embeddable":true,"href":"https:\/\/moverdb.com\/sl\/wp-json\/wp\/v2\/users\/1"}],"replies":[{"embeddable":true,"href":"https:\/\/moverdb.com\/sl\/wp-json\/wp\/v2\/comments?post=13813"}],"version-history":[{"count":1,"href":"https:\/\/moverdb.com\/sl\/wp-json\/wp\/v2\/pages\/13813\/revisions"}],"predecessor-version":[{"id":15804,"href":"https:\/\/moverdb.com\/sl\/wp-json\/wp\/v2\/pages\/13813\/revisions\/15804"}],"up":[{"embeddable":true,"href":"https:\/\/moverdb.com\/sl\/wp-json\/wp\/v2\/pages\/13427"}],"wp:attachment":[{"href":"https:\/\/moverdb.com\/sl\/wp-json\/wp\/v2\/media?parent=13813"}],"curies":[{"name":"wp","href":"https:\/\/api.w.org\/{rel}","templated":true}]}}