{"id":13796,"date":"2023-11-08T15:52:42","date_gmt":"2023-11-08T15:52:42","guid":{"rendered":"https:\/\/moverdb.com\/freight-forwarder\/freight-forwarding-uk\/leicester-freight-forwarder\/"},"modified":"2026-01-08T13:18:15","modified_gmt":"2026-01-08T13:18:15","slug":"leicester-freight-forwarder","status":"publish","type":"page","link":"https:\/\/moverdb.com\/sl\/freight-forwarder\/freight-forwarding-uk\/leicester-freight-forwarder\/","title":{"rendered":"8 najbolj\u0161ih \u0161pediterskih podjetij v Leicestru (2024)"},"content":{"rendered":"<p>V nadaljevanju si bomo ogledali 8 <em>\"najbolj\u0161e\"<\/em> \u0160pedicijska podjetja v mestu Leicester od 21.<\/p>\n<p>\u010ce \u017eelite izvedeti ve\u010d o tem, kako smo izbrali najbolj\u0161e, si na koncu oglejte razdelek Pogosta vpra\u0161anja.<\/p>\n<p><em>Prosimo, upo\u0161tevajte, da naslednji seznami niso razvr\u0161\u010deni po dolo\u010denem vrstnem redu in da ne priporo\u010damo nobenega podjetja.<\/em><\/p>\n<div id=\"ez-toc-container\" class=\"ez-toc-v2_0_82_2 ez-toc-wrap-left counter-hierarchy ez-toc-counter ez-toc-transparent ez-toc-container-direction\">\n<div class=\"ez-toc-title-container\">\n<p class=\"ez-toc-title\" style=\"cursor:inherit\">Oddelki<\/p>\n<span class=\"ez-toc-title-toggle\"><a href=\"#\" class=\"ez-toc-pull-right ez-toc-btn ez-toc-btn-xs ez-toc-btn-default ez-toc-toggle\" aria-label=\"Toggle Tabela vsebine\"><span class=\"ez-toc-js-icon-con\"><span class=\"\"><span class=\"eztoc-hide\" style=\"display:none;\">Toggle<\/span><span class=\"ez-toc-icon-toggle-span\"><svg style=\"fill: #999;color:#999\" xmlns=\"http:\/\/www.w3.org\/2000\/svg\" class=\"list-377408\" width=\"20px\" height=\"20px\" viewbox=\"0 0 24 24\" fill=\"none\"><path d=\"M6 6H4v2h2V6zm14 0H8v2h12V6zM4 11h2v2H4v-2zm16 0H8v2h12v-2zM4 16h2v2H4v-2zm16 0H8v2h12v-2z\" fill=\"currentColor\"><\/path><\/svg><svg style=\"fill: #999;color:#999\" class=\"arrow-unsorted-368013\" xmlns=\"http:\/\/www.w3.org\/2000\/svg\" width=\"10px\" height=\"10px\" viewbox=\"0 0 24 24\" version=\"1.2\" baseprofile=\"tiny\"><path d=\"M18.2 9.3l-6.2-6.3-6.2 6.3c-.2.2-.3.4-.3.7s.1.5.3.7c.2.2.4.3.7.3h11c.3 0 .5-.1.7-.3.2-.2.3-.5.3-.7s-.1-.5-.3-.7zM5.8 14.7l6.2 6.3 6.2-6.3c.2-.2.3-.5.3-.7s-.1-.5-.3-.7c-.2-.2-.4-.3-.7-.3h-11c-.3 0-.5.1-.7.3-.2.2-.3.5-.3.7s.1.5.3.7z\"\/><\/svg><\/span><\/span><\/span><\/a><\/span><\/div>\n<nav><ul class='ez-toc-list ez-toc-list-level-1 eztoc-toggle-hide-by-default' ><li class='ez-toc-page-1 ez-toc-heading-level-2'><a class=\"ez-toc-link ez-toc-heading-1\" href=\"https:\/\/moverdb.com\/sl\/freight-forwarder\/freight-forwarding-uk\/leicester-freight-forwarder\/#United_Pallet_Network\" >Zdru\u017eeno omre\u017eje palet<\/a><\/li><li class='ez-toc-page-1 ez-toc-heading-level-2'><a class=\"ez-toc-link ez-toc-heading-2\" href=\"https:\/\/moverdb.com\/sl\/freight-forwarder\/freight-forwarding-uk\/leicester-freight-forwarder\/#Pinnacle_International_Freight_Ltd\" >Pinnacle International Freight Ltd<\/a><\/li><li class='ez-toc-page-1 ez-toc-heading-level-2'><a class=\"ez-toc-link ez-toc-heading-3\" href=\"https:\/\/moverdb.com\/sl\/freight-forwarder\/freight-forwarding-uk\/leicester-freight-forwarder\/#Coedma_Freight_International_Ltd\" >Coedma Freight International Ltd<\/a><\/li><li class='ez-toc-page-1 ez-toc-heading-level-2'><a class=\"ez-toc-link ez-toc-heading-4\" href=\"https:\/\/moverdb.com\/sl\/freight-forwarder\/freight-forwarding-uk\/leicester-freight-forwarder\/#Al-Noor_Logistics_Ltd\" >Al-Noor Logistics Ltd<\/a><\/li><li class='ez-toc-page-1 ez-toc-heading-level-2'><a class=\"ez-toc-link ez-toc-heading-5\" href=\"https:\/\/moverdb.com\/sl\/freight-forwarder\/freight-forwarding-uk\/leicester-freight-forwarder\/#DTDC_Courier_Cargo_Ltd\" >DTDC Courier &amp; Cargo Ltd<\/a><\/li><li class='ez-toc-page-1 ez-toc-heading-level-2'><a class=\"ez-toc-link ez-toc-heading-6\" href=\"https:\/\/moverdb.com\/sl\/freight-forwarder\/freight-forwarding-uk\/leicester-freight-forwarder\/#Apex_Cargo_Office\" >Tovorni urad Apex<\/a><\/li><li class='ez-toc-page-1 ez-toc-heading-level-2'><a class=\"ez-toc-link ez-toc-heading-7\" href=\"https:\/\/moverdb.com\/sl\/freight-forwarder\/freight-forwarding-uk\/leicester-freight-forwarder\/#Apex_Cargo_Warehouse\" >Skladi\u0161\u010de tovora Apex Cargo Warehouse<\/a><\/li><li class='ez-toc-page-1 ez-toc-heading-level-2'><a class=\"ez-toc-link ez-toc-heading-8\" href=\"https:\/\/moverdb.com\/sl\/freight-forwarder\/freight-forwarding-uk\/leicester-freight-forwarder\/#CLA_UK_Ltd\" >CLA UK Ltd<\/a><\/li><li class='ez-toc-page-1 ez-toc-heading-level-2'><a class=\"ez-toc-link ez-toc-heading-9\" href=\"https:\/\/moverdb.com\/sl\/freight-forwarder\/freight-forwarding-uk\/leicester-freight-forwarder\/#How_we_picked_the_best_Leicester_Freight_Forwarding_Companies\" >Kako smo izbrali najbolj\u0161a \u0161pediterska podjetja Leicester<\/a><\/li><\/ul><\/nav><\/div>\n<h2><span class=\"ez-toc-section\" id=\"United_Pallet_Network\"><\/span>Zdru\u017eeno omre\u017eje palet<span class=\"ez-toc-section-end\"><\/span><\/h2>\n<p><img decoding=\"async\" src=\"https:\/\/moverdb.com\/wp-content\/uploads\/thumbnailpanoidHUForZabvUoKg1en1qa_cgcb_clientsearch.gws-prod.gpsw408h240yaw147.jpg\" alt='Zdru\u017eeno omre\u017eje palet' class=\"aligncenter\"><\/p>\n<p><strong>Opis iz podjetja: <\/strong>Ni na voljo<\/p>\n<p><strong>Dodatne storitve:<\/strong><\/p>\n<p>Ni na seznamu<\/p>\n<p><strong>Naslov:<\/strong> Vantage Business Park, 8 High View Cl, Leicester LE4 9LJ<\/p>\n<p><a href=\"https:\/\/www.upn.co.uk\/\" target=\"_new\" rel=\"noopener\">Spletna stran United Pallet Network<\/a><\/p>\n<p><strong>Ocena pregleda: <\/strong>5<br \/> <strong>\u0160tevilo pregledov:<\/strong> 1<br \/><a href=\"https:\/\/www.google.co.uk\/maps?cid=3603698490243004051&#038;hl=en&#038;gl=GB\" target=\"_new\" rel=\"noopener\">Preberi mnenja<\/a><\/p>\n<h2><span class=\"ez-toc-section\" id=\"Pinnacle_International_Freight_Ltd\"><\/span>Pinnacle International Freight Ltd<span class=\"ez-toc-section-end\"><\/span><\/h2>\n<p><img decoding=\"async\" src=\"https:\/\/lh5.googleusercontent.com\/p\/AF1QipO-3htqxL83v2kb1oQf5MWZib2Hyc9zXU3hHXlX=w408-h297-k-no\" alt=\"Pinnacle International Freight Ltd\" class=\"aligncenter\"><\/p>\n<p><strong>Opis iz podjetja: <\/strong>Podjetje Pinnacle, ki je v zasebni lasti od leta 1972, je kakovostno \u0161peditersko podjetje s pisarnami in skladi\u0161\u010di v <a href=\"https:\/\/moverdb.com\/sl\/moving-to-the-uk\/\" data-internallinksmanager029f6b8e52c=\"93\" title=\"Selitev v Zdru\u017eeno kraljestvo? 2022 \u017divljenjski stro\u0161ki in nasveti za selitev\">ZDRU\u017dENO KRALJESTVO<\/a> in . <a href=\"https:\/\/moverdb.com\/sl\/moving-to-the-united-states\/\" data-internallinksmanager029f6b8e52c=\"94\" title=\"Selitev v Zdru\u017eene dr\u017eave Amerike? 2022 \u017divljenjski stro\u0161ki in nasveti za selitev\">ZDA<\/a>.<\/p>\n<p> Pinnacle podpira podjetja pri uvozu, izvozu, navzkri\u017eni trgovini, skladi\u0161\u010denju in distribuciji.<\/p>\n<p>Ponujamo storitve prevoza tovora za razli\u010dne vrste tovora, vklju\u010dno z zunajserijskimi in te\u017ekimi predmeti.<\/p>\n<p> Zagotavljamo tudi visokokakovostne storitve izvoznega pakiranja in lahko ravnamo z nevarnim blagom, vklju\u010dno z radioaktivnim blagom.<\/p>\n<p>Na\u0161e klju\u010dne storitve:<br \/>\nLetalski tovorni promet<br \/>\nPomorski tovor<br \/>\nSkladi\u0161\u010denje (skladi\u0161\u010denje, izpolnjevanje, e-trgovina, integracija sistemov)<br \/>\nIzvozno pakiranje<br \/>\n\u010cezatlantski ladijski promet<br \/>\nPakiranje in po\u0161iljanje nevarnega blaga<br \/>\nObrambna in vesoljska logistika<br \/>\nPosebni projekti<\/p>\n<p>Za ve\u010d informacij se obrnite na na\u0161o ekipo.<\/p>\n<p><strong>Dodatne storitve:<\/strong><\/p>\n<p>Storitev e-trgovine<\/p>\n<p>Uvozno izvozno podjetje<\/p>\n<p>Stroji za pakiranje<\/p>\n<p>Skladi\u0161\u010de<\/p>\n<p><strong>Naslov:<\/strong> 1 Swannington Rd, Cottage Lane Industrial Estate, Leicester LE9 6TU<\/p>\n<p><a href=\"https:\/\/www.pinnaclefreight.com\/\" target=\"_new\" rel=\"noopener\">Spletna stran podjetja Pinnacle International Freight Ltd<\/a><\/p>\n<p><strong>Ocena pregleda: <\/strong>4.4<br \/> <strong>\u0160tevilo pregledov:<\/strong> 22<br \/><a href=\"https:\/\/www.google.co.uk\/maps?cid=10859720116746224536&#038;hl=en&#038;gl=GB\" target=\"_new\" rel=\"noopener\">Preberi mnenja<\/a><\/p>\n<h2><span class=\"ez-toc-section\" id=\"Coedma_Freight_International_Ltd\"><\/span>Coedma Freight International Ltd<span class=\"ez-toc-section-end\"><\/span><\/h2>\n<p><img decoding=\"async\" src=\"https:\/\/moverdb.com\/wp-content\/uploads\/AF1QipP8WGcbuB23ZdwnwbtBnjObo9c4oryvSdFaMR4_w408-h306-k-no.jpg\" alt='Coedma Freight International Ltd' class=\"aligncenter\"><\/p>\n<p><strong>Opis iz podjetja: <\/strong>Ni na voljo<\/p>\n<p><strong>Dodatne storitve:<\/strong><\/p>\n<p>Ni na seznamu<\/p>\n<p><strong>Naslov:<\/strong> 8 Eldon St, Leicester LE1 3QL<\/p>\n<p><a href=\"http:\/\/www.coedmafreight.com\/\" target=\"_new\" rel=\"noopener\">Spletna stran podjetja Coedma Freight International Ltd<\/a><\/p>\n<p><strong>Ocena pregleda: <\/strong>4.2<br \/> <strong>\u0160tevilo pregledov:<\/strong> 63<br \/><a href=\"https:\/\/www.google.co.uk\/maps?cid=2698514720895051628&#038;hl=en&#038;gl=GB\" target=\"_new\" rel=\"noopener\">Preberi mnenja<\/a><\/p>\n<h2><span class=\"ez-toc-section\" id=\"Al-Noor_Logistics_Ltd\"><\/span>Al-Noor Logistics Ltd<span class=\"ez-toc-section-end\"><\/span><\/h2>\n<p><img decoding=\"async\" src=\"https:\/\/moverdb.com\/wp-content\/uploads\/AF1QipMtAEadfQ9Va3ZQAb5JymQKmlITShC_bpHp6BAbw408-h544-k-no.jpg\" alt='Al-Noor Logistics Ltd' class=\"aligncenter\"><\/p>\n<p><strong>Opis iz podjetja: <\/strong>Podjetje Al-Noor Logistics Ltd ponuja storitve pomorskega tovornega prometa, kurirskih storitev, prevoza blaga in odpreme v Gambijo ter v Zdru\u017eeno kraljestvo in EU, na katere se lahko vedno zanesete.<\/p>\n<p> Z zanesljivo ekipo lahko na\u0161e podjetje potrpe\u017eljivo in skrbno obravnava vsako stranko in tovor.<\/p>\n<p> Podjetje Al-Noor Logistics Ltd ponuja tudi storitve, prilagojene posameznim strankam.<\/p>\n<p> To zagotavlja pravo\u010dasno posredovanje informacij in storitev.<\/p>\n<p><strong>Dodatne storitve:<\/strong><\/p>\n<p>kurirska slu\u017eba<\/p>\n<p>Storitev selitev<\/p>\n<p><strong>Naslov:<\/strong> 12A Navigation St, Leicester LE1 3UR<\/p>\n<p><a href=\"https:\/\/www.al-noorlogistics.com\/\" target=\"_new\" rel=\"noopener\">Spletna stran podjetja Al-Noor Logistics Ltd<\/a><\/p>\n<p><strong>Ocena pregleda: <\/strong>5<br \/> <strong>\u0160tevilo pregledov:<\/strong> 1<br \/><a href=\"https:\/\/www.google.co.uk\/maps?cid=13842802265785484999&#038;hl=en&#038;gl=GB\" target=\"_new\" rel=\"noopener\">Preberi mnenja<\/a><\/p>\n<h2><span class=\"ez-toc-section\" id=\"DTDC_Courier_Cargo_Ltd\"><\/span>DTDC Courier &amp; Cargo Ltd<span class=\"ez-toc-section-end\"><\/span><\/h2>\n<p><img decoding=\"async\" src=\"https:\/\/moverdb.com\/wp-content\/uploads\/thumbnailpanoidvZ8q_uBB_32CgH8HAuWo9gcb_clientsearch.gws-prod.gpsw408h240yaw286.jpg\" alt='DTDC Courier &amp; Cargo Ltd' class=\"aligncenter\"><\/p>\n<p><strong>Opis iz podjetja: <\/strong>Po\u0161lji paket \/ Po\u0161lji letalski tovor \/ Po\u0161lji kurirja \/ Po\u0161lji dokumente \/ Po\u0161lji tovor \/ Po\u0161lji morski tovor \/ Po\u0161lji nujne dokumente \/ Po\u0161lji kuverto \/ Po\u0161lji pismo velikosti A4 na <a href=\"https:\/\/moverdb.com\/sl\/moving-to-india\/\" data-internallinksmanager029f6b8e52c=\"356\" title=\"Selitev v Indijo? 2023 \u017divljenjski stro\u0161ki in nasveti za selitev\">Indija<\/a>, Pakistan, <a href=\"https:\/\/moverdb.com\/sl\/moving-to-dubai\/\" data-internallinksmanager029f6b8e52c=\"246\" title=\"Selitev v Dubaj? 2023 \u017divljenjski stro\u0161ki in nasveti za selitev\">Dubaj<\/a>, \u0160rilanka, <a href=\"https:\/\/moverdb.com\/sl\/moving-companies\/moving-companies-kenya\/\" data-internallinksmanager029f6b8e52c=\"305\" title=\"4 Najbolj\u0161e mednarodne selitve podjetja v Keniji\">Kenija<\/a>, Tanzanija, Zambija, ZDA, <a href=\"https:\/\/moverdb.com\/sl\/moving-to-canada\/\" data-internallinksmanager029f6b8e52c=\"265\" title=\"Selitev v Kanado? 2023 \u017divljenjski stro\u0161ki in nasveti za selitev\">Kanada<\/a>, <a href=\"https:\/\/moverdb.com\/sl\/moving-to-australia\/living-in-australia\/\" data-internallinksmanager029f6b8e52c=\"240\" title=\"21 skrivnosti o \u017eivljenju v Avstraliji, ki jih morate poznati, preden se preselite\">Avstralija<\/a>, <a href=\"https:\/\/moverdb.com\/sl\/moving-to-new-zealand\/\" data-internallinksmanager029f6b8e52c=\"324\" title=\"Selitev na Novo Zelandijo? 2023 \u017divljenjski stro\u0161ki in nasveti za selitev\">Nova Zelandija<\/a>, <a href=\"https:\/\/moverdb.com\/sl\/moving-to-germany\/\" data-internallinksmanager029f6b8e52c=\"321\" title=\"Selitev v Nem\u010dijo? 2023 \u017divljenjski stro\u0161ki in nasveti za selitev\">Nem\u010dija<\/a>, <a href=\"https:\/\/moverdb.com\/sl\/moving-to-switzerland\/\" data-internallinksmanager029f6b8e52c=\"327\" title=\"Selitev v \u0160vico? 2023 \u017divljenjski stro\u0161ki in nasveti za selitev\">\u0160vica<\/a>, <a href=\"https:\/\/moverdb.com\/sl\/moving-to-italy\/\" data-internallinksmanager029f6b8e52c=\"346\" title=\"Selitev v Italijo? 2023 \u017divljenjski stro\u0161ki in nasveti za selitev\">Italija<\/a>, <a href=\"https:\/\/moverdb.com\/sl\/moving-to-spain\/\" data-internallinksmanager029f6b8e52c=\"266\" title=\"Selitev v \u0160panijo? 2023 \u017divljenjski stro\u0161ki in nasveti za selitev\">\u0160panija<\/a>, <a href=\"https:\/\/moverdb.com\/sl\/moving-companies\/moving-companies-nigeria\/\" data-internallinksmanager029f6b8e52c=\"280\" title=\"10 Best International Moving Companies v Nigeriji\">Nigerija<\/a>, <a href=\"https:\/\/moverdb.com\/sl\/moving-companies\/moving-companies-ghana\/\" data-internallinksmanager029f6b8e52c=\"228\" title=\"2 Najbolj\u0161e mednarodne selitve podjetja v Gani\">Gana<\/a>, <a href=\"https:\/\/moverdb.com\/sl\/moving-to-portugal\/\" data-internallinksmanager029f6b8e52c=\"316\" title=\"Selitev na Portugalsko? 2023 \u017divljenjski stro\u0161ki in nasveti za selitev\">Portugalska<\/a>, Romunija, <a href=\"https:\/\/moverdb.com\/sl\/moving-to-norway\/\" data-internallinksmanager029f6b8e52c=\"325\" title=\"Selitev na Norve\u0161ko? 2023 \u017divljenjski stro\u0161ki in nasveti za selitev\">Norve\u0161ka<\/a>, <a href=\"https:\/\/moverdb.com\/sl\/moving-to-bulgaria\/\" data-internallinksmanager029f6b8e52c=\"322\" title=\"Selitev v Bolgarijo? 2023 \u017divljenjski stro\u0161ki in nasveti za selitev\">Bolgarija<\/a>, <a href=\"https:\/\/moverdb.com\/sl\/moving-to-belgium\/\" data-internallinksmanager029f6b8e52c=\"323\" title=\"Selitev v Belgijo? 2023 \u017divljenjski stro\u0161ki in nasveti za selitev\">Belgija<\/a>, <a href=\"https:\/\/moverdb.com\/sl\/moving-to-the-netherlands\/\" data-internallinksmanager029f6b8e52c=\"328\" title=\"Selitev na Nizozemsko? 2023 \u017divljenjski stro\u0161ki in nasveti za selitev\">Nizozemska<\/a>, <a href=\"https:\/\/moverdb.com\/sl\/moving-to-ireland\/\" data-internallinksmanager029f6b8e52c=\"320\" title=\"Selitev na Irsko? 2023 \u017divljenjski stro\u0161ki in nasveti za selitev\">Irska<\/a>, <a href=\"https:\/\/moverdb.com\/sl\/moving-to-hong-kong\/\" data-internallinksmanager029f6b8e52c=\"350\" title=\"Selitev v Hongkong? 2023 \u017divljenjski stro\u0161ki in nasveti za selitev\">Hongkong<\/a>.<\/p>\n<p>vse to po\u010dnemo po konkuren\u010dnih cenah in z odli\u010dno dostavno slu\u017ebo.<\/p>\n<p>Storitev hitre dostave paketov po vsem svetu.<\/p>\n<p>Uvozno carinjenje.<\/p>\n<p>Odve\u010dna prtljaga.<\/p>\n<p>Zra\u010dni tovorni promet Izvoz Mednarodna selitev na domu.<\/p>\n<p>Evropski cestni tovorni promet.<\/p>\n<p>Specializirana storitev dostave paketov v Indijo, ZDA, <a href=\"https:\/\/moverdb.com\/sl\/moving-to-china\/\" data-internallinksmanager029f6b8e52c=\"357\" title=\"Selitev na Kitajsko? 2023 \u017divljenjski stro\u0161ki in nasveti za selitev\">Kitajska<\/a>, Hongkong, Kenija, Tanzanija, \u0160rilanka, Dubaj, <a href=\"https:\/\/moverdb.com\/sl\/moving-to-the-uae\/\" data-internallinksmanager029f6b8e52c=\"329\" title=\"Selitev v Zdru\u017eene arabske emirate (ZAE)? 2024 \u017divljenjski stro\u0161ki in nasveti za selitev\">ZAE<\/a>, Pakistan, <a href=\"https:\/\/moverdb.com\/sl\/moving-companies\/moving-companies-nepal\/\" data-internallinksmanager029f6b8e52c=\"283\" title=\"Najbolj\u0161e mednarodne selitve podjetja v Nepalu\">Nepal<\/a> in po vsem svetu.<\/p>\n<p><strong>Dodatne storitve:<\/strong><\/p>\n<p>kurirska slu\u017eba<\/p>\n<p>Logisti\u010dne storitve<\/p>\n<p>Podjetje za dostavo<\/p>\n<p><strong>Naslov:<\/strong> Ob Domino\u00e2\u2122s Pizza, 30c Melton Rd, Leicester LE4 5EA<\/p>\n<p><a href=\"http:\/\/dtdexpress.co.uk\/\" target=\"_new\" rel=\"noopener\">Spletna stran DTDC Courier &amp; Cargo Ltd<\/a><\/p>\n<p><strong>Ocena pregleda: <\/strong>4.1<br \/> <strong>\u0160tevilo pregledov:<\/strong> 23<br \/><a href=\"https:\/\/www.google.co.uk\/maps?cid=76148574372916641&#038;hl=en&#038;gl=GB\" target=\"_new\" rel=\"noopener\">Preberi mnenja<\/a><\/p>\n<h2><span class=\"ez-toc-section\" id=\"Apex_Cargo_Office\"><\/span>Tovorni urad Apex<span class=\"ez-toc-section-end\"><\/span><\/h2>\n<p><img decoding=\"async\" src=\"https:\/\/moverdb.com\/wp-content\/uploads\/AF1QipM8vh-2Tw_s8sO4CitLdq-oeZwgV31Jl1JTVMcyw648-h240-k-no.jpg\" alt='Tovorni urad Apex' class=\"aligncenter\"><\/p>\n<p><strong>Opis iz podjetja: <\/strong>Komercialni in osebni ladijski prevozniki s sede\u017eem v Leicestru v Zdru\u017eenem kraljestvu.<\/p>\n<p> Tu smo za vse va\u0161e potrebe po letalskem in pomorskem prevozu, kurirski slu\u017ebi, RORO in pakiranju!<\/p>\n<p><strong>Dodatne storitve:<\/strong><\/p>\n<p>Ni na seznamu<\/p>\n<p><strong>Naslov:<\/strong> 93 Evington Rd, Leicester LE2 1QH<\/p>\n<p><a href=\"http:\/\/www.apexcargo.co.uk\/\" target=\"_new\" rel=\"noopener\">Spletna stran urada Apex Cargo Office<\/a><\/p>\n<p><strong>Ocena pregleda: <\/strong>4.7<br \/> <strong>\u0160tevilo pregledov:<\/strong> 143<br \/><a href=\"https:\/\/www.google.co.uk\/maps?cid=5683667821203236023&#038;hl=en&#038;gl=GB\" target=\"_new\" rel=\"noopener\">Preberi mnenja<\/a><\/p>\n<h2><span class=\"ez-toc-section\" id=\"Apex_Cargo_Warehouse\"><\/span>Skladi\u0161\u010de tovora Apex Cargo Warehouse<span class=\"ez-toc-section-end\"><\/span><\/h2>\n<p><img decoding=\"async\" src=\"https:\/\/moverdb.com\/wp-content\/uploads\/AF1QipN5VJnTa3s9DusD7tnTtF1LdkY-oD6z8kqOS0ZGw408-h327-k-no.jpg\" alt='Skladi\u0161\u010de tovora Apex Cargo Warehouse' class=\"aligncenter\"><\/p>\n<p><strong>Opis iz podjetja: <\/strong>Komercialni in osebni ladijski prevozniki s sede\u017eem v Leicestru v Zdru\u017eenem kraljestvu.<\/p>\n<p> Tu smo za vse va\u0161e potrebe po letalskem in pomorskem prevozu, kurirski slu\u017ebi, RORO in pakiranju!<\/p>\n<p><strong>Dodatne storitve:<\/strong><\/p>\n<p>Ni na seznamu<\/p>\n<p><strong>Naslov:<\/strong> Enota 3 Wheat St, Leicester LE1 2AG<\/p>\n<p><a href=\"https:\/\/apexcargo.co.uk\/\" target=\"_new\" rel=\"noopener\">Spletna stran skladi\u0161\u010da Apex Cargo Warehouse<\/a><\/p>\n<p><strong>Ocena pregleda: <\/strong>5<br \/> <strong>\u0160tevilo pregledov:<\/strong> 6<br \/><a href=\"https:\/\/www.google.co.uk\/maps?cid=13453460755086086291&#038;hl=en&#038;gl=GB\" target=\"_new\" rel=\"noopener\">Preberi mnenja<\/a><\/p>\n<h2><span class=\"ez-toc-section\" id=\"CLA_UK_Ltd\"><\/span>CLA UK Ltd<span class=\"ez-toc-section-end\"><\/span><\/h2>\n<p><img decoding=\"async\" src=\"https:\/\/moverdb.com\/wp-content\/uploads\/AF1QipPYmWVhQ4mONrV_yzKPziNFhOGqzBVZFoyv7yr_w408-h408-k-no.jpg\" alt='CLA UK Ltd' class=\"aligncenter\"><\/p>\n<p><strong>Opis iz podjetja: <\/strong>Specializirane storitve tovornega prometa v vseevropski logistiki<\/p>\n<p><strong>Dodatne storitve:<\/strong><\/p>\n<p>Ni na seznamu<\/p>\n<p><strong>Naslov:<\/strong> 15 Nursery Ct, Kibworth Harcourt, Leicester LE8 0EX<\/p>\n<p><a href=\"http:\/\/www.cla-uk.com\/\" target=\"_new\" rel=\"noopener\">Spletna stran dru\u017ebe CLA UK Ltd<\/a><\/p>\n<p><strong>Ocena pregleda: <\/strong>5<br \/> <strong>\u0160tevilo pregledov:<\/strong> 1<br \/><a href=\"https:\/\/www.google.co.uk\/maps?cid=12756722996247192377&#038;hl=en&#038;gl=GB\" target=\"_new\" rel=\"noopener\">Preberi mnenja<\/a><\/p>\n<h2><span class=\"ez-toc-section\" id=\"How_we_picked_the_best_Leicester_Freight_Forwarding_Companies\"><\/span>Kako smo izbrali najbolj\u0161a \u0161pediterska podjetja Leicester<span class=\"ez-toc-section-end\"><\/span><\/h2>\n<p>Za\u010deli smo z naborom podatkov 21 \u0161pediterskih podjetij Leicester, ki smo jih na\u0161li prek Googlovih zemljevidov, in ga zo\u017eili na 8 najbolj\u0161ih.<\/p>\n<p>Pri tem smo odstranili vsa podjetja, ki:<\/p>\n<ul>\n<li> ni imel spletne strani<\/li>\n<li> Ni bilo pregledov<\/li>\n<li> Povpre\u010dna ocena pregleda je bila ni\u017eja od 2,0<\/li>\n<\/ul>\n<p>\u010ce smo imeli 17 ali manj \u0161pediterjev, smo jih navedli vse.<\/p>\n<p>Za mesta, kjer je ostalo ve\u010d kot 17 posrednikov, smo opravili nadaljnje popravke, tako da smo zvi\u0161ali zahtevano oceno pregleda (npr. z najmanj 2,0 na 4,0) in\/ali pove\u010dali najmanj\u0161e \u0161tevilo zahtevanih pregledov (npr. z najmanj 1 pregleda na najmanj 10).<\/p>\n<p>Upo\u0161tevajte, da smo uporabili samo podatke o pregledih iz Google Maps in ne iz drugih spletnih mest tretjih oseb.<\/p>\n<p>Ve\u010d mest:<\/p>\n<p><a href=\"https:\/\/moverdb.com\/sl\/spediter\/freight-forwarding-uk\/dartford-freight-forwarder\/\">Dartford Freight Forwarder<\/a><br \/><a href=\"https:\/\/moverdb.com\/sl\/spediter\/freight-forwarding-uk\/grays-freight-forwarder\/\">\u0160pediter Grays<\/a><br \/><a href=\"https:\/\/moverdb.com\/sl\/spediter\/freight-forwarding-uk\/sunbury-on-thames-freight-forwarder\/\">\u0160pediter Sunbury-on-Thames<\/a><br \/><a href=\"https:\/\/moverdb.com\/sl\/spediter\/freight-forwarding-uk\/hull-freight-forwarder\/\">\u0160pediterski oddelek Hull<\/a><br \/><a href=\"https:\/\/moverdb.com\/sl\/spediter\/freight-forwarding-uk\/witham-freight-forwarder\/\">\u0160pediter Witham<\/a><\/p>","protected":false},"excerpt":{"rendered":"<p>Below we look at the 8 &#8220;best&#8221; Freight Forwarding companies in Leicester out of 21. To learn more about how we chose the best please consult our FAQ section at the end. Please not the following listings are in no particular order and we are not making any recommendations for any particular company. United Pallet [&hellip;]<\/p>\n","protected":false},"author":1,"featured_media":0,"parent":13427,"menu_order":0,"comment_status":"open","ping_status":"open","template":"","meta":{"_genesis_hide_title":false,"_genesis_hide_breadcrumbs":false,"_genesis_hide_singular_image":false,"_genesis_hide_footer_widgets":false,"_genesis_custom_body_class":"","_genesis_custom_post_class":"","_genesis_layout":"","footnotes":""},"class_list":{"0":"post-13796","1":"page","2":"type-page","3":"status-publish","5":"entry"},"_links":{"self":[{"href":"https:\/\/moverdb.com\/sl\/wp-json\/wp\/v2\/pages\/13796","targetHints":{"allow":["GET"]}}],"collection":[{"href":"https:\/\/moverdb.com\/sl\/wp-json\/wp\/v2\/pages"}],"about":[{"href":"https:\/\/moverdb.com\/sl\/wp-json\/wp\/v2\/types\/page"}],"author":[{"embeddable":true,"href":"https:\/\/moverdb.com\/sl\/wp-json\/wp\/v2\/users\/1"}],"replies":[{"embeddable":true,"href":"https:\/\/moverdb.com\/sl\/wp-json\/wp\/v2\/comments?post=13796"}],"version-history":[{"count":1,"href":"https:\/\/moverdb.com\/sl\/wp-json\/wp\/v2\/pages\/13796\/revisions"}],"predecessor-version":[{"id":15805,"href":"https:\/\/moverdb.com\/sl\/wp-json\/wp\/v2\/pages\/13796\/revisions\/15805"}],"up":[{"embeddable":true,"href":"https:\/\/moverdb.com\/sl\/wp-json\/wp\/v2\/pages\/13427"}],"wp:attachment":[{"href":"https:\/\/moverdb.com\/sl\/wp-json\/wp\/v2\/media?parent=13796"}],"curies":[{"name":"wp","href":"https:\/\/api.w.org\/{rel}","templated":true}]}}