{"id":13779,"date":"2023-11-08T15:52:42","date_gmt":"2023-11-08T15:52:42","guid":{"rendered":"https:\/\/moverdb.com\/freight-forwarder\/freight-forwarding-uk\/barking-freight-forwarder\/"},"modified":"2026-01-08T13:18:10","modified_gmt":"2026-01-08T13:18:10","slug":"barking-freight-forwarder","status":"publish","type":"page","link":"https:\/\/moverdb.com\/sl\/freight-forwarder\/freight-forwarding-uk\/barking-freight-forwarder\/","title":{"rendered":"8 najbolj\u0161ih \u0161pediterskih podjetij Barking (2024)"},"content":{"rendered":"<p>V nadaljevanju si bomo ogledali 8 <em>\"najbolj\u0161e\"<\/em> \u0160pedicijska podjetja v mestu Barking od 14.<\/p>\n<p>\u010ce \u017eelite izvedeti ve\u010d o tem, kako smo izbrali najbolj\u0161e, si na koncu oglejte razdelek Pogosta vpra\u0161anja.<\/p>\n<p><em>Prosimo, upo\u0161tevajte, da naslednji seznami niso razvr\u0161\u010deni po dolo\u010denem vrstnem redu in da ne priporo\u010damo nobenega podjetja.<\/em><\/p>\n<div id=\"ez-toc-container\" class=\"ez-toc-v2_0_82_2 ez-toc-wrap-left counter-hierarchy ez-toc-counter ez-toc-transparent ez-toc-container-direction\">\n<div class=\"ez-toc-title-container\">\n<p class=\"ez-toc-title\" style=\"cursor:inherit\">Oddelki<\/p>\n<span class=\"ez-toc-title-toggle\"><a href=\"#\" class=\"ez-toc-pull-right ez-toc-btn ez-toc-btn-xs ez-toc-btn-default ez-toc-toggle\" aria-label=\"Toggle Tabela vsebine\"><span class=\"ez-toc-js-icon-con\"><span class=\"\"><span class=\"eztoc-hide\" style=\"display:none;\">Toggle<\/span><span class=\"ez-toc-icon-toggle-span\"><svg style=\"fill: #999;color:#999\" xmlns=\"http:\/\/www.w3.org\/2000\/svg\" class=\"list-377408\" width=\"20px\" height=\"20px\" viewbox=\"0 0 24 24\" fill=\"none\"><path d=\"M6 6H4v2h2V6zm14 0H8v2h12V6zM4 11h2v2H4v-2zm16 0H8v2h12v-2zM4 16h2v2H4v-2zm16 0H8v2h12v-2z\" fill=\"currentColor\"><\/path><\/svg><svg style=\"fill: #999;color:#999\" class=\"arrow-unsorted-368013\" xmlns=\"http:\/\/www.w3.org\/2000\/svg\" width=\"10px\" height=\"10px\" viewbox=\"0 0 24 24\" version=\"1.2\" baseprofile=\"tiny\"><path d=\"M18.2 9.3l-6.2-6.3-6.2 6.3c-.2.2-.3.4-.3.7s.1.5.3.7c.2.2.4.3.7.3h11c.3 0 .5-.1.7-.3.2-.2.3-.5.3-.7s-.1-.5-.3-.7zM5.8 14.7l6.2 6.3 6.2-6.3c.2-.2.3-.5.3-.7s-.1-.5-.3-.7c-.2-.2-.4-.3-.7-.3h-11c-.3 0-.5.1-.7.3-.2.2-.3.5-.3.7s.1.5.3.7z\"\/><\/svg><\/span><\/span><\/span><\/a><\/span><\/div>\n<nav><ul class='ez-toc-list ez-toc-list-level-1 eztoc-toggle-hide-by-default' ><li class='ez-toc-page-1 ez-toc-heading-level-2'><a class=\"ez-toc-link ez-toc-heading-1\" href=\"https:\/\/moverdb.com\/sl\/freight-forwarder\/freight-forwarding-uk\/barking-freight-forwarder\/#Miracle_Shipping_Cargo_Services\" >Miracle Shipping &amp; Cargo Services<\/a><\/li><li class='ez-toc-page-1 ez-toc-heading-level-2'><a class=\"ez-toc-link ez-toc-heading-2\" href=\"https:\/\/moverdb.com\/sl\/freight-forwarder\/freight-forwarding-uk\/barking-freight-forwarder\/#Uneek_Group\" >Skupina Uneek<\/a><\/li><li class='ez-toc-page-1 ez-toc-heading-level-2'><a class=\"ez-toc-link ez-toc-heading-3\" href=\"https:\/\/moverdb.com\/sl\/freight-forwarder\/freight-forwarding-uk\/barking-freight-forwarder\/#Uneek_Forwarding_Ltd\" >Uneek Forwarding Ltd<\/a><\/li><li class='ez-toc-page-1 ez-toc-heading-level-2'><a class=\"ez-toc-link ez-toc-heading-4\" href=\"https:\/\/moverdb.com\/sl\/freight-forwarder\/freight-forwarding-uk\/barking-freight-forwarder\/#Lontex_Exports_Ltd\" >Lontex Exports Ltd<\/a><\/li><li class='ez-toc-page-1 ez-toc-heading-level-2'><a class=\"ez-toc-link ez-toc-heading-5\" href=\"https:\/\/moverdb.com\/sl\/freight-forwarder\/freight-forwarding-uk\/barking-freight-forwarder\/#Trans_Marine_London_Ltd\" >Trans Marine (London) Ltd<\/a><\/li><li class='ez-toc-page-1 ez-toc-heading-level-2'><a class=\"ez-toc-link ez-toc-heading-6\" href=\"https:\/\/moverdb.com\/sl\/freight-forwarder\/freight-forwarding-uk\/barking-freight-forwarder\/#HGRent_Company_Highbury_Limited\" >H.G.Rent &amp; Company (Highbury) Limited<\/a><\/li><li class='ez-toc-page-1 ez-toc-heading-level-2'><a class=\"ez-toc-link ez-toc-heading-7\" href=\"https:\/\/moverdb.com\/sl\/freight-forwarder\/freight-forwarding-uk\/barking-freight-forwarder\/#Amba_Forwarding_London_Ltd\" >Amba Forwarding (London) Ltd<\/a><\/li><li class='ez-toc-page-1 ez-toc-heading-level-2'><a class=\"ez-toc-link ez-toc-heading-8\" href=\"https:\/\/moverdb.com\/sl\/freight-forwarder\/freight-forwarding-uk\/barking-freight-forwarder\/#West_Indies_FreightWI_Freight\" >Zahodnoindijski tovorni promet\/WI Freight<\/a><\/li><li class='ez-toc-page-1 ez-toc-heading-level-2'><a class=\"ez-toc-link ez-toc-heading-9\" href=\"https:\/\/moverdb.com\/sl\/freight-forwarder\/freight-forwarding-uk\/barking-freight-forwarder\/#How_we_picked_the_best_Barking_Freight_Forwarding_Companies\" >Kako smo izbrali najbolj\u0161a \u0161pediterska podjetja Barking<\/a><\/li><\/ul><\/nav><\/div>\n<h2><span class=\"ez-toc-section\" id=\"Miracle_Shipping_Cargo_Services\"><\/span>Miracle Shipping &amp; Cargo Services<span class=\"ez-toc-section-end\"><\/span><\/h2>\n<p><img decoding=\"async\" src=\"https:\/\/moverdb.com\/wp-content\/uploads\/thumbnailpanoidkPhAIxuIw8m_97SdU9ieewcb_clientsearch.gws-prod.gpsw408h240yaw19.jpg\" alt='Miracle Shipping &amp; Cargo Services' class=\"aligncenter\"><\/p>\n<p><strong>Opis iz podjetja: <\/strong>Miracle Cargo je ugledno \u0161peditersko podjetje, ki lahko zagotovi vse va\u0161e potrebe po \u0161pediciji, logistiki in tovoru kjer koli na svetu. <a href=\"https:\/\/moverdb.com\/sl\/moving-to-the-uk\/\" data-internallinksmanager029f6b8e52c=\"93\" title=\"Selitev v Zdru\u017eeno kraljestvo? 2022 \u017divljenjski stro\u0161ki in nasveti za selitev\">ZDRU\u017dENO KRALJESTVO<\/a> na . <a href=\"https:\/\/moverdb.com\/sl\/moving-companies\/moving-companies-nigeria\/\" data-internallinksmanager029f6b8e52c=\"280\" title=\"10 Best International Moving Companies v Nigeriji\">Nigerija<\/a>.<\/p>\n<p> Miracle Cargo si je s ponudbo \u0161irokega nabora prilagodljivih storitev ustvaril sloves enega najbolj zanesljivih mednarodnih pomorskih \u0161pediterjev.<\/p>\n<p> Z na\u0161im predanim in strokovnim pristopom zagotavljamo varen prevoz va\u0161ega tovora po konkuren\u010dnih cenah.<\/p>\n<p><strong>Dodatne storitve:<\/strong><\/p>\n<p>Ni na seznamu<\/p>\n<p><strong>Naslov:<\/strong> No. 5, Clockhouse Ave, Barking IG11 7RX<\/p>\n<p><a href=\"http:\/\/miraclecargo.co.uk\/\" target=\"_new\" rel=\"noopener\">Spletna stran Miracle Shipping &amp; Cargo Services<\/a><\/p>\n<p><strong>Ocena pregleda: <\/strong>3<br \/> <strong>\u0160tevilo pregledov:<\/strong> 6<br \/><a href=\"https:\/\/www.google.co.uk\/maps?cid=7694554560746990111&#038;hl=en&#038;gl=GB\" target=\"_new\" rel=\"noopener\">Preberi mnenja<\/a><\/p>\n<h2><span class=\"ez-toc-section\" id=\"Uneek_Group\"><\/span>Skupina Uneek<span class=\"ez-toc-section-end\"><\/span><\/h2>\n<p><img decoding=\"async\" src=\"https:\/\/moverdb.com\/wp-content\/uploads\/AF1QipMIi16VQYaCkXdC8ogRKY1gmudBI2ajweHhqhvOw408-h408-k-no.jpg\" alt='Skupina Uneek' class=\"aligncenter\"><\/p>\n<p><strong>Opis iz podjetja: <\/strong>Ni na voljo<\/p>\n<p><strong>Dodatne storitve:<\/strong><\/p>\n<p>Ni na seznamu<\/p>\n<p><strong>Naslov:<\/strong> Renwick Industrial Estate, Renwick Rd, Barking IG11 07D<\/p>\n<p><a href=\"http:\/\/www.uneek-group.com\/\" target=\"_new\" rel=\"noopener\">Spletna stran skupine Uneek<\/a><\/p>\n<p><strong>Ocena pregleda: <\/strong>5<br \/> <strong>\u0160tevilo pregledov:<\/strong> 1<br \/><a href=\"https:\/\/www.google.co.uk\/maps?cid=1474583292350769297&#038;hl=en&#038;gl=GB\" target=\"_new\" rel=\"noopener\">Preberi mnenja<\/a><\/p>\n<h2><span class=\"ez-toc-section\" id=\"Uneek_Forwarding_Ltd\"><\/span>Uneek Forwarding Ltd<span class=\"ez-toc-section-end\"><\/span><\/h2>\n<p><img decoding=\"async\" src=\"https:\/\/moverdb.com\/wp-content\/uploads\/AF1QipNaAYmBfg2yKln1VZX8UkK0BwB9FSJWVaa4jN9vw452-h240-k-no.jpg\" alt='Uneek Forwarding Ltd' class=\"aligncenter\"><\/p>\n<p><strong>Opis iz podjetja: <\/strong>Skupina Uneek Group ponuja zanesljive in strokovne storitve globalnega tovornega prometa.<\/p>\n<p> Ko po svetu preva\u017eate svoje dragoceno blago in lastnino, \u017eelite vedeti, da bo z njim upravljal nekdo z ustreznim znanjem, strokovnim znanjem in izku\u0161njami.<\/p>\n<p> \u017delite biti prepri\u010dani, da bo delo opravljeno u\u010dinkovito, zanesljivo in strokovno v najkraj\u0161em mo\u017enem \u010dasu.<\/p>\n<p><strong>Dodatne storitve:<\/strong><\/p>\n<p>Carinski posrednik<\/p>\n<p>Carinsko skladi\u0161\u010de<\/p>\n<p>Skladi\u0161\u010de<\/p>\n<p>Skladi\u0161\u010de<\/p>\n<p><strong>Naslov:<\/strong> 1-2, Renwick Industrial Estate, Renwick Rd, Barking IG11 07D<\/p>\n<p><a href=\"http:\/\/www.uneek-group.com\/\" target=\"_new\" rel=\"noopener\">Spletna stran podjetja Uneek Forwarding Ltd<\/a><\/p>\n<p><strong>Ocena pregleda: <\/strong>4.7<br \/> <strong>\u0160tevilo pregledov:<\/strong> 41<br \/><a href=\"https:\/\/www.google.co.uk\/maps?cid=1474583292350769297&#038;hl=en&#038;gl=GB\" target=\"_new\" rel=\"noopener\">Preberi mnenja<\/a><\/p>\n<h2><span class=\"ez-toc-section\" id=\"Lontex_Exports_Ltd\"><\/span>Lontex Exports Ltd<span class=\"ez-toc-section-end\"><\/span><\/h2>\n<p><img decoding=\"async\" src=\"https:\/\/moverdb.com\/wp-content\/uploads\/AF1QipNeyNOtlS_OpZ22Iay1-CQMn3nJI2pYvAWCPo4Tw408-h306-k-no.jpg\" alt='Lontex Exports Ltd' class=\"aligncenter\"><\/p>\n<p><strong>Opis iz podjetja: <\/strong>Ni na voljo<\/p>\n<p><strong>Dodatne storitve:<\/strong><\/p>\n<p>Podjetje za dostavo<\/p>\n<p>Storitev po\u0161iljanja<\/p>\n<p><a href=\"https:\/\/moverdb.com\/sl\/car-transport-shipping\/\" data-internallinksmanager029f6b8e52c=\"2\" title=\"2026 Kvote za mednarodni prevoz avtomobilov in prevoz vozil\">Prevoz vozil<\/a> zastopnik<\/p>\n<p><strong>Naslov:<\/strong> 2a Thames Rd, Barking IG11 0HZ<\/p>\n<p><a href=\"http:\/\/lontexcargo.com\/\" target=\"_new\" rel=\"noopener\">Spletna stran Lontex Exports Ltd<\/a><\/p>\n<p><strong>Ocena pregleda: <\/strong>4.7<br \/> <strong>\u0160tevilo pregledov:<\/strong> 32<br \/><a href=\"https:\/\/www.google.co.uk\/maps?cid=4734165018320499719&#038;hl=en&#038;gl=GB\" target=\"_new\" rel=\"noopener\">Preberi mnenja<\/a><\/p>\n<h2><span class=\"ez-toc-section\" id=\"Trans_Marine_London_Ltd\"><\/span>Trans Marine (London) Ltd<span class=\"ez-toc-section-end\"><\/span><\/h2>\n<p><img decoding=\"async\" src=\"\" alt=\"Trans Marine (London) Ltd\" class=\"aligncenter\"><\/p>\n<p><strong>Opis iz podjetja: <\/strong>Ni na voljo<\/p>\n<p><strong>Dodatne storitve:<\/strong><\/p>\n<p>Ni na seznamu<\/p>\n<p><strong>Naslov:<\/strong> Industrijski park, 59-60 Alfreds Way, Barking IG11 0TJ<\/p>\n<p><a href=\"https:\/\/www.trans-marine.com\/\" target=\"_new\" rel=\"noopener\">Spletna stran podjetja Trans Marine (London) Ltd<\/a><\/p>\n<p><strong>Ocena pregleda: <\/strong>5<br \/> <strong>\u0160tevilo pregledov:<\/strong> 2<br \/><a href=\"https:\/\/www.google.co.uk\/maps?cid=14491191066260530261&#038;hl=en&#038;gl=GB\" target=\"_new\" rel=\"noopener\">Preberi mnenja<\/a><\/p>\n<h2><span class=\"ez-toc-section\" id=\"HGRent_Company_Highbury_Limited\"><\/span>H.G.Rent &amp; Company (Highbury) Limited<span class=\"ez-toc-section-end\"><\/span><\/h2>\n<p><img decoding=\"async\" src=\"https:\/\/moverdb.com\/wp-content\/uploads\/thumbnailpanoidDV6YrzOYiGAmR_wrKQLjzQcb_clientsearch.gws-prod.gpsw408h240yaw156.jpg\" alt='H.G.Rent &amp; Company (Highbury) Limited' class=\"aligncenter\"><\/p>\n<p><strong>Opis iz podjetja: <\/strong>Ni na voljo<\/p>\n<p><strong>Dodatne storitve:<\/strong><\/p>\n<p>Samopostre\u017eno skladi\u0161\u010de<\/p>\n<p>Podjetje za dostavo<\/p>\n<p>Storitev po\u0161iljanja<\/p>\n<p>Skladi\u0161\u010de<\/p>\n<p><strong>Naslov:<\/strong> Komercialno posestvo Maybells, Ripple Rd, Barking IG11 0TP<\/p>\n<p><a href=\"https:\/\/www.hgrent.com\/\" target=\"_new\" rel=\"noopener\">Spletna stran dru\u017ebe H.G.Rent &amp; Company (Highbury) Limited<\/a><\/p>\n<p><strong>Ocena pregleda: <\/strong>4<br \/> <strong>\u0160tevilo pregledov:<\/strong> 10<br \/><a href=\"https:\/\/www.google.co.uk\/maps?cid=12251068360846409758&#038;hl=en&#038;gl=GB\" target=\"_new\" rel=\"noopener\">Preberi mnenja<\/a><\/p>\n<h2><span class=\"ez-toc-section\" id=\"Amba_Forwarding_London_Ltd\"><\/span>Amba Forwarding (London) Ltd<span class=\"ez-toc-section-end\"><\/span><\/h2>\n<p><img decoding=\"async\" src=\"https:\/\/moverdb.com\/wp-content\/uploads\/thumbnailpanoidaoqLjYt4SiM-TC0y9gqp-gcb_clientsearch.gws-prod.gpsw408h240yaw106.jpg\" alt='Amba Forwarding (London) Ltd' class=\"aligncenter\"><\/p>\n<p><strong>Opis iz podjetja: <\/strong>Ni na voljo<\/p>\n<p><strong>Dodatne storitve:<\/strong><\/p>\n<p>Ni na seznamu<\/p>\n<p><strong>Naslov:<\/strong> 77-87 River Rd., Barking IG11 0JU<\/p>\n<p><a href=\"http:\/\/www.ambaforwarding.com\/\" target=\"_new\" rel=\"noopener\">Spletna stran Amba Forwarding (London) Ltd<\/a><\/p>\n<p><strong>Ocena pregleda: <\/strong>4.3<br \/> <strong>\u0160tevilo pregledov:<\/strong> 9<br \/><a href=\"https:\/\/www.google.co.uk\/maps?cid=13212541154013940074&#038;hl=en&#038;gl=GB\" target=\"_new\" rel=\"noopener\">Preberi mnenja<\/a><\/p>\n<h2><span class=\"ez-toc-section\" id=\"West_Indies_FreightWI_Freight\"><\/span>Zahodnoindijski tovorni promet\/WI Freight<span class=\"ez-toc-section-end\"><\/span><\/h2>\n<p><img decoding=\"async\" src=\"https:\/\/moverdb.com\/wp-content\/uploads\/AF1QipOC8DD4aml3itGkO7gNaRrA-lFm1UmlJvsyzA46w408-h306-k-no.jpg\" alt='Zahodnoindijski tovorni promet\/WI Freight' class=\"aligncenter\"><\/p>\n<p><strong>Opis iz podjetja: <\/strong>Ni na voljo<\/p>\n<p><strong>Dodatne storitve:<\/strong><\/p>\n<p>Storitev po\u0161iljanja<\/p>\n<p><strong>Naslov:<\/strong> Enota 2, Algor Wharf, 42 River Rd., Barking IG11 0DW<\/p>\n<p><a href=\"http:\/\/wifreight.com\/\" target=\"_new\" rel=\"noopener\">Spletna stran West Indies Freight\/WI Freight<\/a><\/p>\n<p><strong>Ocena pregleda: <\/strong>4.7<br \/> <strong>\u0160tevilo pregledov:<\/strong> 42<br \/><a href=\"https:\/\/www.google.co.uk\/maps?cid=11354177762167069588&#038;hl=en&#038;gl=GB\" target=\"_new\" rel=\"noopener\">Preberi mnenja<\/a><\/p>\n<h2><span class=\"ez-toc-section\" id=\"How_we_picked_the_best_Barking_Freight_Forwarding_Companies\"><\/span>Kako smo izbrali najbolj\u0161a \u0161pediterska podjetja Barking<span class=\"ez-toc-section-end\"><\/span><\/h2>\n<p>Za\u010deli smo z naborom podatkov 14 \u0161pediterskih podjetij Barking, ki smo jih na\u0161li prek Googlovih zemljevidov, in ga zo\u017eili na 8 najbolj\u0161ih.<\/p>\n<p>Pri tem smo odstranili vsa podjetja, ki:<\/p>\n<ul>\n<li> ni imel spletne strani<\/li>\n<li> Ni bilo pregledov<\/li>\n<li> Povpre\u010dna ocena pregleda je bila ni\u017eja od 2,0<\/li>\n<\/ul>\n<p>\u010ce smo imeli 17 ali manj \u0161pediterjev, smo jih navedli vse.<\/p>\n<p>Za mesta, kjer je ostalo ve\u010d kot 17 posrednikov, smo opravili nadaljnje popravke, tako da smo zvi\u0161ali zahtevano oceno pregleda (npr. z najmanj 2,0 na 4,0) in\/ali pove\u010dali najmanj\u0161e \u0161tevilo zahtevanih pregledov (npr. z najmanj 1 pregleda na najmanj 10).<\/p>\n<p>Upo\u0161tevajte, da smo uporabili samo podatke o pregledih iz Google Maps in ne iz drugih spletnih mest tretjih oseb.<\/p>\n<p>Ve\u010d mest:<\/p>\n<p><a href=\"https:\/\/moverdb.com\/sl\/spediter\/freight-forwarding-uk\/staines-freight-forwarder\/\">\u0160pediter Staines<\/a><br \/><a href=\"https:\/\/moverdb.com\/sl\/spediter\/freight-forwarding-uk\/leicester-freight-forwarder\/\">\u0160pediter Leicester<\/a><br \/><a href=\"https:\/\/moverdb.com\/sl\/spediter\/freight-forwarding-uk\/dartford-freight-forwarder\/\">Dartford Freight Forwarder<\/a><br \/><a href=\"https:\/\/moverdb.com\/sl\/spediter\/freight-forwarding-uk\/grays-freight-forwarder\/\">\u0160pediter Grays<\/a><br \/><a href=\"https:\/\/moverdb.com\/sl\/spediter\/freight-forwarding-uk\/sunbury-on-thames-freight-forwarder\/\">\u0160pediter Sunbury-on-Thames<\/a><\/p>","protected":false},"excerpt":{"rendered":"<p>Below we look at the 8 &#8220;best&#8221; Freight Forwarding companies in Barking out of 14. To learn more about how we chose the best please consult our FAQ section at the end. Please not the following listings are in no particular order and we are not making any recommendations for any particular company. Miracle Shipping [&hellip;]<\/p>\n","protected":false},"author":1,"featured_media":0,"parent":13427,"menu_order":0,"comment_status":"open","ping_status":"open","template":"","meta":{"_genesis_hide_title":false,"_genesis_hide_breadcrumbs":false,"_genesis_hide_singular_image":false,"_genesis_hide_footer_widgets":false,"_genesis_custom_body_class":"","_genesis_custom_post_class":"","_genesis_layout":"","footnotes":""},"class_list":{"0":"post-13779","1":"page","2":"type-page","3":"status-publish","5":"entry"},"_links":{"self":[{"href":"https:\/\/moverdb.com\/sl\/wp-json\/wp\/v2\/pages\/13779","targetHints":{"allow":["GET"]}}],"collection":[{"href":"https:\/\/moverdb.com\/sl\/wp-json\/wp\/v2\/pages"}],"about":[{"href":"https:\/\/moverdb.com\/sl\/wp-json\/wp\/v2\/types\/page"}],"author":[{"embeddable":true,"href":"https:\/\/moverdb.com\/sl\/wp-json\/wp\/v2\/users\/1"}],"replies":[{"embeddable":true,"href":"https:\/\/moverdb.com\/sl\/wp-json\/wp\/v2\/comments?post=13779"}],"version-history":[{"count":1,"href":"https:\/\/moverdb.com\/sl\/wp-json\/wp\/v2\/pages\/13779\/revisions"}],"predecessor-version":[{"id":15801,"href":"https:\/\/moverdb.com\/sl\/wp-json\/wp\/v2\/pages\/13779\/revisions\/15801"}],"up":[{"embeddable":true,"href":"https:\/\/moverdb.com\/sl\/wp-json\/wp\/v2\/pages\/13427"}],"wp:attachment":[{"href":"https:\/\/moverdb.com\/sl\/wp-json\/wp\/v2\/media?parent=13779"}],"curies":[{"name":"wp","href":"https:\/\/api.w.org\/{rel}","templated":true}]}}