{"id":13762,"date":"2023-11-08T15:52:42","date_gmt":"2023-11-08T15:52:42","guid":{"rendered":"https:\/\/moverdb.com\/freight-forwarder\/freight-forwarding-uk\/west-drayton-freight-forwarder\/"},"modified":"2026-01-08T13:18:17","modified_gmt":"2026-01-08T13:18:17","slug":"west-drayton-freight-forwarder","status":"publish","type":"page","link":"https:\/\/moverdb.com\/sl\/freight-forwarder\/freight-forwarding-uk\/west-drayton-freight-forwarder\/","title":{"rendered":"8 najbolj\u0161ih \u0161pediterskih podjetij West Drayton (2024)"},"content":{"rendered":"<p>V nadaljevanju si bomo ogledali 8 <em>\"najbolj\u0161e\"<\/em> \u0160pedicijska podjetja v West Draytonu od 19.<\/p>\n<p>\u010ce \u017eelite izvedeti ve\u010d o tem, kako smo izbrali najbolj\u0161e, si na koncu oglejte razdelek Pogosta vpra\u0161anja.<\/p>\n<p><em>Prosimo, upo\u0161tevajte, da naslednji seznami niso razvr\u0161\u010deni po dolo\u010denem vrstnem redu in da ne priporo\u010damo nobenega podjetja.<\/em><\/p>\n<div id=\"ez-toc-container\" class=\"ez-toc-v2_0_82_2 ez-toc-wrap-left counter-hierarchy ez-toc-counter ez-toc-transparent ez-toc-container-direction\">\n<div class=\"ez-toc-title-container\">\n<p class=\"ez-toc-title\" style=\"cursor:inherit\">Oddelki<\/p>\n<span class=\"ez-toc-title-toggle\"><a href=\"#\" class=\"ez-toc-pull-right ez-toc-btn ez-toc-btn-xs ez-toc-btn-default ez-toc-toggle\" aria-label=\"Toggle Tabela vsebine\"><span class=\"ez-toc-js-icon-con\"><span class=\"\"><span class=\"eztoc-hide\" style=\"display:none;\">Toggle<\/span><span class=\"ez-toc-icon-toggle-span\"><svg style=\"fill: #999;color:#999\" xmlns=\"http:\/\/www.w3.org\/2000\/svg\" class=\"list-377408\" width=\"20px\" height=\"20px\" viewbox=\"0 0 24 24\" fill=\"none\"><path d=\"M6 6H4v2h2V6zm14 0H8v2h12V6zM4 11h2v2H4v-2zm16 0H8v2h12v-2zM4 16h2v2H4v-2zm16 0H8v2h12v-2z\" fill=\"currentColor\"><\/path><\/svg><svg style=\"fill: #999;color:#999\" class=\"arrow-unsorted-368013\" xmlns=\"http:\/\/www.w3.org\/2000\/svg\" width=\"10px\" height=\"10px\" viewbox=\"0 0 24 24\" version=\"1.2\" baseprofile=\"tiny\"><path d=\"M18.2 9.3l-6.2-6.3-6.2 6.3c-.2.2-.3.4-.3.7s.1.5.3.7c.2.2.4.3.7.3h11c.3 0 .5-.1.7-.3.2-.2.3-.5.3-.7s-.1-.5-.3-.7zM5.8 14.7l6.2 6.3 6.2-6.3c.2-.2.3-.5.3-.7s-.1-.5-.3-.7c-.2-.2-.4-.3-.7-.3h-11c-.3 0-.5.1-.7.3-.2.2-.3.5-.3.7s.1.5.3.7z\"\/><\/svg><\/span><\/span><\/span><\/a><\/span><\/div>\n<nav><ul class='ez-toc-list ez-toc-list-level-1 eztoc-toggle-hide-by-default' ><li class='ez-toc-page-1 ez-toc-heading-level-2'><a class=\"ez-toc-link ez-toc-heading-1\" href=\"https:\/\/moverdb.com\/sl\/freight-forwarder\/freight-forwarding-uk\/west-drayton-freight-forwarder\/#Senator_International_Freight\" >Senator Mednarodni tovorni promet<\/a><\/li><li class='ez-toc-page-1 ez-toc-heading-level-2'><a class=\"ez-toc-link ez-toc-heading-2\" href=\"https:\/\/moverdb.com\/sl\/freight-forwarder\/freight-forwarding-uk\/west-drayton-freight-forwarder\/#Logfret_UK_Ltd\" >Logfret UK Ltd<\/a><\/li><li class='ez-toc-page-1 ez-toc-heading-level-2'><a class=\"ez-toc-link ez-toc-heading-3\" href=\"https:\/\/moverdb.com\/sl\/freight-forwarder\/freight-forwarding-uk\/west-drayton-freight-forwarder\/#Air_Menzies_International\" >Air Menzies International<\/a><\/li><li class='ez-toc-page-1 ez-toc-heading-level-2'><a class=\"ez-toc-link ez-toc-heading-4\" href=\"https:\/\/moverdb.com\/sl\/freight-forwarder\/freight-forwarding-uk\/west-drayton-freight-forwarder\/#ETL_Logistics\" >Logistika ETL<\/a><\/li><li class='ez-toc-page-1 ez-toc-heading-level-2'><a class=\"ez-toc-link ez-toc-heading-5\" href=\"https:\/\/moverdb.com\/sl\/freight-forwarder\/freight-forwarding-uk\/west-drayton-freight-forwarder\/#Nissin_UK_Ltd\" >Nissin UK Ltd<\/a><\/li><li class='ez-toc-page-1 ez-toc-heading-level-2'><a class=\"ez-toc-link ez-toc-heading-6\" href=\"https:\/\/moverdb.com\/sl\/freight-forwarder\/freight-forwarding-uk\/west-drayton-freight-forwarder\/#Digital_Freight_Ltd\" >Digitalni tovorni promet Ltd<\/a><\/li><li class='ez-toc-page-1 ez-toc-heading-level-2'><a class=\"ez-toc-link ez-toc-heading-7\" href=\"https:\/\/moverdb.com\/sl\/freight-forwarder\/freight-forwarding-uk\/west-drayton-freight-forwarder\/#Superior_Freight_Services_UK_Ltd\" >Superior Freight Services (UK) Ltd<\/a><\/li><li class='ez-toc-page-1 ez-toc-heading-level-2'><a class=\"ez-toc-link ez-toc-heading-8\" href=\"https:\/\/moverdb.com\/sl\/freight-forwarder\/freight-forwarding-uk\/west-drayton-freight-forwarder\/#Brunel_Air_Cargo_Services_Ltd\" >Brunel Air Cargo Services Ltd<\/a><\/li><li class='ez-toc-page-1 ez-toc-heading-level-2'><a class=\"ez-toc-link ez-toc-heading-9\" href=\"https:\/\/moverdb.com\/sl\/freight-forwarder\/freight-forwarding-uk\/west-drayton-freight-forwarder\/#How_we_picked_the_best_West_Drayton_Freight_Forwarding_Companies\" >Kako smo izbrali najbolj\u0161a \u0161pediterska podjetja West Drayton<\/a><\/li><\/ul><\/nav><\/div>\n<h2><span class=\"ez-toc-section\" id=\"Senator_International_Freight\"><\/span>Senator Mednarodni tovorni promet<span class=\"ez-toc-section-end\"><\/span><\/h2>\n<p><img decoding=\"async\" src=\"https:\/\/moverdb.com\/wp-content\/uploads\/AF1QipOISErVT_w5a_rhL9s_IXJhB1Y9Edx06xzP-Kqww426-h240-k-no.jpg\" alt='Senator Mednarodni tovorni promet' class=\"aligncenter\"><\/p>\n<p><strong>Opis iz podjetja: <\/strong>Ni na voljo<\/p>\n<p><strong>Dodatne storitve:<\/strong><\/p>\n<p>Ni na seznamu<\/p>\n<p><strong>Naslov:<\/strong> 4, 280 Heathrow Blvd, Bath Rd, Harmondsworth, Sipson, West Drayton UB7 0DQ<\/p>\n<p><a href=\"http:\/\/www.senator-international.com\/\" target=\"_new\" rel=\"noopener\">Spletna stran Senator International Freight<\/a><\/p>\n<p><strong>Ocena pregleda: <\/strong>4<br \/> <strong>\u0160tevilo pregledov:<\/strong> 1<br \/><a href=\"https:\/\/www.google.co.uk\/maps?cid=7267190133147730441&#038;hl=en&#038;gl=GB\" target=\"_new\" rel=\"noopener\">Preberi mnenja<\/a><\/p>\n<h2><span class=\"ez-toc-section\" id=\"Logfret_UK_Ltd\"><\/span>Logfret UK Ltd<span class=\"ez-toc-section-end\"><\/span><\/h2>\n<p><img decoding=\"async\" src=\"https:\/\/moverdb.com\/wp-content\/uploads\/thumbnailpanoidfT-VDVki58AcK1BL-pH6ngcb_clientsearch.gws-prod.gpsw408h240yaw299.jpg\" alt='Logfret UK Ltd' class=\"aligncenter\"><\/p>\n<p><strong>Opis iz podjetja: <\/strong>Ni na voljo<\/p>\n<p><strong>Dodatne storitve:<\/strong><\/p>\n<p>Ni na seznamu<\/p>\n<p><strong>Naslov:<\/strong> Enota 2\/Polar Park\/Bath Rd, West Drayton UB7 0DG<\/p>\n<p><a href=\"https:\/\/www.logfret.co.uk\/\" target=\"_new\" rel=\"noopener\">Spletna stran Logfret UK Ltd<\/a><\/p>\n<p><strong>Ocena pregleda: <\/strong>3<br \/> <strong>\u0160tevilo pregledov:<\/strong> 2<br \/><a href=\"https:\/\/www.google.co.uk\/maps?cid=14718266833171163331&#038;hl=en&#038;gl=GB\" target=\"_new\" rel=\"noopener\">Preberi mnenja<\/a><\/p>\n<h2><span class=\"ez-toc-section\" id=\"Air_Menzies_International\"><\/span>Air Menzies International<span class=\"ez-toc-section-end\"><\/span><\/h2>\n<p><img decoding=\"async\" src=\"https:\/\/moverdb.com\/wp-content\/uploads\/AF1QipNP4OKj8zu0hLPm64ZwJ692I5GN_x0364w7GlWnw408-h306-k-no.jpg\" alt='Air Menzies International' class=\"aligncenter\"><\/p>\n<p><strong>Opis iz podjetja: <\/strong>\u017de od leta 1976 smo v ospredju veleprodajnega trga letalskega tovora.<\/p>\n<p> Razvoj inovativnih tovornih izdelkov<br \/>\nin uporabo najnovej\u0161ih tehnologij za ustvarjanje vodilnih izdelkov in storitev za na\u0161e stranke:<\/p>\n<p>V dru\u017ebi AMI imamo preprosto vizijo: biti izbrani partner za veleprodajni tovorni promet in zagotavljati odli\u010dnost storitev.<\/p>\n<p><strong>Dodatne storitve:<\/strong><\/p>\n<p>kurirska slu\u017eba<\/p>\n<p>Uvozno izvozno podjetje<\/p>\n<p><strong>Naslov:<\/strong> Enota 2B Polar Pk, Bath Rd, Heathrow, Harmondsworth, West Drayton UB7 0DG<\/p>\n<p><a href=\"https:\/\/airmenzies.com\/\" target=\"_new\" rel=\"noopener\">Spletna stran Air Menzies International<\/a><\/p>\n<p><strong>Ocena pregleda: <\/strong>4<br \/> <strong>\u0160tevilo pregledov:<\/strong> 94<br \/><a href=\"https:\/\/www.google.co.uk\/maps?cid=10524140971545474116&#038;hl=en&#038;gl=GB\" target=\"_new\" rel=\"noopener\">Preberi mnenja<\/a><\/p>\n<h2><span class=\"ez-toc-section\" id=\"ETL_Logistics\"><\/span>Logistika ETL<span class=\"ez-toc-section-end\"><\/span><\/h2>\n<p><img decoding=\"async\" src=\"https:\/\/moverdb.com\/wp-content\/uploads\/AF1QipMqegtRBRy9LGArdUuKDt5ZX90gP0WRLsl_dsbnw408-h306-k-no.jpg\" alt='Logistika ETL' class=\"aligncenter\"><\/p>\n<p><strong>Opis iz podjetja: <\/strong>\u0160pedicijske in transportne storitve<\/p>\n<p><strong>Dodatne storitve:<\/strong><\/p>\n<p>kurirska slu\u017eba<\/p>\n<p>Skladi\u0161\u010de<\/p>\n<p>Prevozne storitve<\/p>\n<p>Avtoprevozni\u0161ko podjetje<\/p>\n<p><strong>Naslov:<\/strong> Enota 1 Polar Pk, Bath Rd, Harmondsworth, West Drayton UB7 0EX<\/p>\n<p><a href=\"http:\/\/www.etl-logistics.com\/\" target=\"_new\" rel=\"noopener\">Spletna stran ETL Logistics<\/a><\/p>\n<p><strong>Ocena pregleda: <\/strong>5<br \/> <strong>\u0160tevilo pregledov:<\/strong> 1<br \/><a href=\"https:\/\/www.google.co.uk\/maps?cid=11743352734587467770&#038;hl=en&#038;gl=GB\" target=\"_new\" rel=\"noopener\">Preberi mnenja<\/a><\/p>\n<h2><span class=\"ez-toc-section\" id=\"Nissin_UK_Ltd\"><\/span>Nissin UK Ltd<span class=\"ez-toc-section-end\"><\/span><\/h2>\n<p><img decoding=\"async\" src=\"https:\/\/moverdb.com\/wp-content\/uploads\/AF1QipNGm-ZyySUrcQE472NCTVt2P-CIfKssWmr172MWw426-h240-k-no.jpg\" alt='Nissin UK Ltd' class=\"aligncenter\"><\/p>\n<p><strong>Opis iz podjetja: <\/strong>Nissin <a href=\"https:\/\/moverdb.com\/sl\/moving-to-the-uk\/\" data-internallinksmanager029f6b8e52c=\"93\" title=\"Selitev v Zdru\u017eeno kraljestvo? 2022 \u017divljenjski stro\u0161ki in nasveti za selitev\">ZDRU\u017dENO KRALJESTVO<\/a> zagotavlja obse\u017eno strokovno znanje in izku\u0161nje na podro\u010dju celovitih logisti\u010dnih storitev.<\/p>\n<p> Kot strokovnjaki na svojem podro\u010dju izvajamo kopenski, zra\u010dni in pomorski tovorni promet ter vse povezane logisti\u010dne storitve.<\/p>\n<p> S svojim globalnim omre\u017ejem lahko pove\u017eemo klju\u010dne lokacije po vsem svetu.<\/p>\n<p><strong>Dodatne storitve:<\/strong><\/p>\n<p>Ni na seznamu<\/p>\n<p><strong>Naslov:<\/strong> Enota 5, Horton Industrial Park, Horton Rd, West Drayton UB7 8JD<\/p>\n<p><a href=\"https:\/\/nissinuk.com\/\" target=\"_new\" rel=\"noopener\">Spletna stran dru\u017ebe Nissin UK Ltd<\/a><\/p>\n<p><strong>Ocena pregleda: <\/strong>4.3<br \/> <strong>\u0160tevilo pregledov:<\/strong> 11<br \/><a href=\"https:\/\/www.google.co.uk\/maps?cid=6135907761394379491&#038;hl=en&#038;gl=GB\" target=\"_new\" rel=\"noopener\">Preberi mnenja<\/a><\/p>\n<h2><span class=\"ez-toc-section\" id=\"Digital_Freight_Ltd\"><\/span>Digitalni tovorni promet Ltd<span class=\"ez-toc-section-end\"><\/span><\/h2>\n<p><img decoding=\"async\" src=\"https:\/\/moverdb.com\/wp-content\/uploads\/AF1QipPBFgDudXHeLkpxrKAHMl9ByIj43vKO6waE7bUVw408-h406-k-no.png\" alt='Digitalni tovorni promet Ltd' class=\"aligncenter\"><\/p>\n<p><strong>Opis iz podjetja: <\/strong>Ni na voljo<\/p>\n<p><strong>Dodatne storitve:<\/strong><\/p>\n<p>Logisti\u010dne storitve<\/p>\n<p>Podjetje za dostavo<\/p>\n<p><strong>Naslov:<\/strong> 6 Saxon Way, Harmondsworth, West Drayton UB7 0LW<\/p>\n<p><a href=\"http:\/\/www.digitalfreight.co.uk\/\" target=\"_new\" rel=\"noopener\">Spletna stran Digital Freight Ltd<\/a><\/p>\n<p><strong>Ocena pregleda: <\/strong>5<br \/> <strong>\u0160tevilo pregledov:<\/strong> 4<br \/><a href=\"https:\/\/www.google.co.uk\/maps?cid=16144390286023381618&#038;hl=en&#038;gl=GB\" target=\"_new\" rel=\"noopener\">Preberi mnenja<\/a><\/p>\n<h2><span class=\"ez-toc-section\" id=\"Superior_Freight_Services_UK_Ltd\"><\/span>Superior Freight Services (UK) Ltd<span class=\"ez-toc-section-end\"><\/span><\/h2>\n<p><img decoding=\"async\" src=\"https:\/\/moverdb.com\/wp-content\/uploads\/AF1QipN3aqf2_s1Ob-wZrc4_Y1O84Q5TTSrD4CPLip1Mw426-h240-k-no.jpg\" alt='Superior Freight Services (UK) Ltd' class=\"aligncenter\"><\/p>\n<p><strong>Opis iz podjetja: <\/strong><a href=\"https:\/\/moverdb.com\/sl\/freight-forwarder\/\" data-internallinksmanager029f6b8e52c=\"17\" title=\"\u0160pediter in NVOCC Mednarodni vodnik po stro\u0161kih in podjetjih\">\u0160pediter<\/a>, carinski posrednik, ki va\u0161emu podjetju ponuja prilagojene re\u0161itve dobavne verige.<\/p>\n<p><strong>Dodatne storitve:<\/strong><\/p>\n<p>Ni na seznamu<\/p>\n<p><strong>Naslov:<\/strong> Enota 1 Polar Pk, Harmondsworth, West Drayton UB7 0EX<\/p>\n<p><a href=\"http:\/\/www.supuk.com\/\" target=\"_new\" rel=\"noopener\">Spletna stran Superior Freight Services (UK) Ltd<\/a><\/p>\n<p><strong>Ocena pregleda: <\/strong>4.4<br \/> <strong>\u0160tevilo pregledov:<\/strong> 8<br \/><a href=\"https:\/\/www.google.co.uk\/maps?cid=10974161933277074827&#038;hl=en&#038;gl=GB\" target=\"_new\" rel=\"noopener\">Preberi mnenja<\/a><\/p>\n<h2><span class=\"ez-toc-section\" id=\"Brunel_Air_Cargo_Services_Ltd\"><\/span>Brunel Air Cargo Services Ltd<span class=\"ez-toc-section-end\"><\/span><\/h2>\n<p><img decoding=\"async\" src=\"https:\/\/moverdb.com\/wp-content\/uploads\/AF1QipO3yUJ-8NmSj3R0uMmk1hKBwtZF-e3CglfxXg2w408-h271-k-no.jpg\" alt='Brunel Air Cargo Services Ltd' class=\"aligncenter\"><\/p>\n<p><strong>Opis iz podjetja: <\/strong>Ni na voljo<\/p>\n<p><strong>Dodatne storitve:<\/strong><\/p>\n<p>Ni na seznamu<\/p>\n<p><strong>Naslov:<\/strong> Enota 6 Airport Gate, Bath Rd, Harmondsworth, Sipson, West Drayton UB7 0NA<\/p>\n<p><a href=\"http:\/\/www.brunelaircargo.co.uk\/\" target=\"_new\" rel=\"noopener\">Spletna stran podjetja Brunel Air Cargo Services Ltd<\/a><\/p>\n<p><strong>Ocena pregleda: <\/strong>4.9<br \/> <strong>\u0160tevilo pregledov:<\/strong> 8<br \/><a href=\"https:\/\/www.google.co.uk\/maps?cid=12541096950748876461&#038;hl=en&#038;gl=GB\" target=\"_new\" rel=\"noopener\">Preberi mnenja<\/a><\/p>\n<h2><span class=\"ez-toc-section\" id=\"How_we_picked_the_best_West_Drayton_Freight_Forwarding_Companies\"><\/span>Kako smo izbrali najbolj\u0161a \u0161pediterska podjetja West Drayton<span class=\"ez-toc-section-end\"><\/span><\/h2>\n<p>Za\u010deli smo z naborom podatkov 19 \u0161pediterskih podjetij West Drayton, ki smo jih na\u0161li prek Googlovih zemljevidov, in ga zo\u017eili na 8 najbolj\u0161ih.<\/p>\n<p>Pri tem smo odstranili vsa podjetja, ki:<\/p>\n<ul>\n<li> ni imel spletne strani<\/li>\n<li> Ni bilo pregledov<\/li>\n<li> Povpre\u010dna ocena pregleda je bila ni\u017eja od 2,0<\/li>\n<\/ul>\n<p>\u010ce smo imeli 17 ali manj \u0161pediterjev, smo jih navedli vse.<\/p>\n<p>Za mesta, kjer je ostalo ve\u010d kot 17 posrednikov, smo opravili nadaljnje popravke, tako da smo zvi\u0161ali zahtevano oceno pregleda (npr. z najmanj 2,0 na 4,0) in\/ali pove\u010dali najmanj\u0161e \u0161tevilo zahtevanih pregledov (npr. z najmanj 1 pregleda na najmanj 10).<\/p>\n<p>Upo\u0161tevajte, da smo uporabili samo podatke o pregledih iz Google Maps in ne iz drugih spletnih mest tretjih oseb.<\/p>\n<p>Ve\u010d mest:<\/p>\n<p><a href=\"https:\/\/moverdb.com\/sl\/spediter\/freight-forwarding-uk\/glasgow-freight-forwarder\/\">Glasgow \u0161pediter<\/a><br \/><a href=\"https:\/\/moverdb.com\/sl\/spediter\/freight-forwarding-uk\/barking-freight-forwarder\/\">Barking \u0161pediter<\/a><br \/><a href=\"https:\/\/moverdb.com\/sl\/spediter\/freight-forwarding-uk\/staines-freight-forwarder\/\">\u0160pediter Staines<\/a><br \/><a href=\"https:\/\/moverdb.com\/sl\/spediter\/freight-forwarding-uk\/leicester-freight-forwarder\/\">\u0160pediter Leicester<\/a><br \/><a href=\"https:\/\/moverdb.com\/sl\/spediter\/freight-forwarding-uk\/dartford-freight-forwarder\/\">Dartford Freight Forwarder<\/a><\/p>","protected":false},"excerpt":{"rendered":"<p>Below we look at the 8 &#8220;best&#8221; Freight Forwarding companies in West Drayton out of 19. To learn more about how we chose the best please consult our FAQ section at the end. Please not the following listings are in no particular order and we are not making any recommendations for any particular company. Senator [&hellip;]<\/p>\n","protected":false},"author":1,"featured_media":0,"parent":13427,"menu_order":0,"comment_status":"open","ping_status":"open","template":"","meta":{"_genesis_hide_title":false,"_genesis_hide_breadcrumbs":false,"_genesis_hide_singular_image":false,"_genesis_hide_footer_widgets":false,"_genesis_custom_body_class":"","_genesis_custom_post_class":"","_genesis_layout":"","footnotes":""},"class_list":{"0":"post-13762","1":"page","2":"type-page","3":"status-publish","5":"entry"},"_links":{"self":[{"href":"https:\/\/moverdb.com\/sl\/wp-json\/wp\/v2\/pages\/13762","targetHints":{"allow":["GET"]}}],"collection":[{"href":"https:\/\/moverdb.com\/sl\/wp-json\/wp\/v2\/pages"}],"about":[{"href":"https:\/\/moverdb.com\/sl\/wp-json\/wp\/v2\/types\/page"}],"author":[{"embeddable":true,"href":"https:\/\/moverdb.com\/sl\/wp-json\/wp\/v2\/users\/1"}],"replies":[{"embeddable":true,"href":"https:\/\/moverdb.com\/sl\/wp-json\/wp\/v2\/comments?post=13762"}],"version-history":[{"count":1,"href":"https:\/\/moverdb.com\/sl\/wp-json\/wp\/v2\/pages\/13762\/revisions"}],"predecessor-version":[{"id":15807,"href":"https:\/\/moverdb.com\/sl\/wp-json\/wp\/v2\/pages\/13762\/revisions\/15807"}],"up":[{"embeddable":true,"href":"https:\/\/moverdb.com\/sl\/wp-json\/wp\/v2\/pages\/13427"}],"wp:attachment":[{"href":"https:\/\/moverdb.com\/sl\/wp-json\/wp\/v2\/media?parent=13762"}],"curies":[{"name":"wp","href":"https:\/\/api.w.org\/{rel}","templated":true}]}}