{"id":13744,"date":"2023-11-08T15:52:42","date_gmt":"2023-11-08T15:52:42","guid":{"rendered":"https:\/\/moverdb.com\/freight-forwarder\/freight-forwarding-uk\/southall-freight-forwarder\/"},"modified":"2026-01-08T13:18:19","modified_gmt":"2026-01-08T13:18:19","slug":"southall-freight-forwarder","status":"publish","type":"page","link":"https:\/\/moverdb.com\/sl\/freight-forwarder\/freight-forwarding-uk\/southall-freight-forwarder\/","title":{"rendered":"9 najbolj\u0161ih \u0161pediterskih podjetij Southall (2024)"},"content":{"rendered":"<p>V nadaljevanju si bomo ogledali 9 <em>\"najbolj\u0161e\"<\/em> \u0160pedicijska podjetja v mestu Southall od 16.<\/p>\n<p>\u010ce \u017eelite izvedeti ve\u010d o tem, kako smo izbrali najbolj\u0161e, si na koncu oglejte razdelek Pogosta vpra\u0161anja.<\/p>\n<p><em>Prosimo, upo\u0161tevajte, da naslednji seznami niso razvr\u0161\u010deni po dolo\u010denem vrstnem redu in da ne priporo\u010damo nobenega podjetja.<\/em><\/p>\n<div id=\"ez-toc-container\" class=\"ez-toc-v2_0_82_2 ez-toc-wrap-left counter-hierarchy ez-toc-counter ez-toc-transparent ez-toc-container-direction\">\n<div class=\"ez-toc-title-container\">\n<p class=\"ez-toc-title\" style=\"cursor:inherit\">Oddelki<\/p>\n<span class=\"ez-toc-title-toggle\"><a href=\"#\" class=\"ez-toc-pull-right ez-toc-btn ez-toc-btn-xs ez-toc-btn-default ez-toc-toggle\" aria-label=\"Toggle Tabela vsebine\"><span class=\"ez-toc-js-icon-con\"><span class=\"\"><span class=\"eztoc-hide\" style=\"display:none;\">Toggle<\/span><span class=\"ez-toc-icon-toggle-span\"><svg style=\"fill: #999;color:#999\" xmlns=\"http:\/\/www.w3.org\/2000\/svg\" class=\"list-377408\" width=\"20px\" height=\"20px\" viewbox=\"0 0 24 24\" fill=\"none\"><path d=\"M6 6H4v2h2V6zm14 0H8v2h12V6zM4 11h2v2H4v-2zm16 0H8v2h12v-2zM4 16h2v2H4v-2zm16 0H8v2h12v-2z\" fill=\"currentColor\"><\/path><\/svg><svg style=\"fill: #999;color:#999\" class=\"arrow-unsorted-368013\" xmlns=\"http:\/\/www.w3.org\/2000\/svg\" width=\"10px\" height=\"10px\" viewbox=\"0 0 24 24\" version=\"1.2\" baseprofile=\"tiny\"><path d=\"M18.2 9.3l-6.2-6.3-6.2 6.3c-.2.2-.3.4-.3.7s.1.5.3.7c.2.2.4.3.7.3h11c.3 0 .5-.1.7-.3.2-.2.3-.5.3-.7s-.1-.5-.3-.7zM5.8 14.7l6.2 6.3 6.2-6.3c.2-.2.3-.5.3-.7s-.1-.5-.3-.7c-.2-.2-.4-.3-.7-.3h-11c-.3 0-.5.1-.7.3-.2.2-.3.5-.3.7s.1.5.3.7z\"\/><\/svg><\/span><\/span><\/span><\/a><\/span><\/div>\n<nav><ul class='ez-toc-list ez-toc-list-level-1 eztoc-toggle-hide-by-default' ><li class='ez-toc-page-1 ez-toc-heading-level-2'><a class=\"ez-toc-link ez-toc-heading-1\" href=\"https:\/\/moverdb.com\/sl\/freight-forwarder\/freight-forwarding-uk\/southall-freight-forwarder\/#SMS_Dhaliwal_Transport_Ltd\" >SMS Dhaliwal Transport Ltd<\/a><\/li><li class='ez-toc-page-1 ez-toc-heading-level-2'><a class=\"ez-toc-link ez-toc-heading-2\" href=\"https:\/\/moverdb.com\/sl\/freight-forwarder\/freight-forwarding-uk\/southall-freight-forwarder\/#TRIPLE_A_GLOBAL_CARGO_LOGISTICS_LTD\" >TRIPLE A GLOBAL CARGO LOGISTICS LTD<\/a><\/li><li class='ez-toc-page-1 ez-toc-heading-level-2'><a class=\"ez-toc-link ez-toc-heading-3\" href=\"https:\/\/moverdb.com\/sl\/freight-forwarder\/freight-forwarding-uk\/southall-freight-forwarder\/#Fast_Cargo_Ltd\" >Fast Cargo Ltd<\/a><\/li><li class='ez-toc-page-1 ez-toc-heading-level-2'><a class=\"ez-toc-link ez-toc-heading-4\" href=\"https:\/\/moverdb.com\/sl\/freight-forwarder\/freight-forwarding-uk\/southall-freight-forwarder\/#Hodan_Cargo_Ltd\" >Hodan Cargo Ltd<\/a><\/li><li class='ez-toc-page-1 ez-toc-heading-level-2'><a class=\"ez-toc-link ez-toc-heading-5\" href=\"https:\/\/moverdb.com\/sl\/freight-forwarder\/freight-forwarding-uk\/southall-freight-forwarder\/#Freight_Line_Services_LTD\" >Freight Line Services LTD<\/a><\/li><li class='ez-toc-page-1 ez-toc-heading-level-2'><a class=\"ez-toc-link ez-toc-heading-6\" href=\"https:\/\/moverdb.com\/sl\/freight-forwarder\/freight-forwarding-uk\/southall-freight-forwarder\/#Parcel_world_Limited\" >Parcel world Limited<\/a><\/li><li class='ez-toc-page-1 ez-toc-heading-level-2'><a class=\"ez-toc-link ez-toc-heading-7\" href=\"https:\/\/moverdb.com\/sl\/freight-forwarder\/freight-forwarding-uk\/southall-freight-forwarder\/#Fast_Cargo_Services_Ltd\" >Fast Cargo Services Ltd<\/a><\/li><li class='ez-toc-page-1 ez-toc-heading-level-2'><a class=\"ez-toc-link ez-toc-heading-8\" href=\"https:\/\/moverdb.com\/sl\/freight-forwarder\/freight-forwarding-uk\/southall-freight-forwarder\/#BLMG_LTD\" >BLMG LTD<\/a><\/li><li class='ez-toc-page-1 ez-toc-heading-level-2'><a class=\"ez-toc-link ez-toc-heading-9\" href=\"https:\/\/moverdb.com\/sl\/freight-forwarder\/freight-forwarding-uk\/southall-freight-forwarder\/#MDFreight\" >M.D.Freight<\/a><\/li><li class='ez-toc-page-1 ez-toc-heading-level-2'><a class=\"ez-toc-link ez-toc-heading-10\" href=\"https:\/\/moverdb.com\/sl\/freight-forwarder\/freight-forwarding-uk\/southall-freight-forwarder\/#How_we_picked_the_best_Southall_Freight_Forwarding_Companies\" >Kako smo izbrali najbolj\u0161a \u0161pediterska podjetja Southall<\/a><\/li><\/ul><\/nav><\/div>\n<h2><span class=\"ez-toc-section\" id=\"SMS_Dhaliwal_Transport_Ltd\"><\/span>SMS Dhaliwal Transport Ltd<span class=\"ez-toc-section-end\"><\/span><\/h2>\n<p><img decoding=\"async\" src=\"https:\/\/moverdb.com\/wp-content\/uploads\/thumbnailpanoidU40fBLvrEQnowa1fPAaGmgcb_clientsearch.gws-prod.gpsw408h240yaw232.jpg\" alt='SMS Dhaliwal Transport Ltd' class=\"aligncenter\"><\/p>\n<p><strong>Opis iz podjetja: <\/strong>SMS Dhaliwal Transport Ltd je eden najve\u010djih prevoznikov v <a href=\"https:\/\/moverdb.com\/sl\/moving-to-the-uk\/\" data-internallinksmanager029f6b8e52c=\"93\" title=\"Selitev v Zdru\u017eeno kraljestvo? 2022 \u017divljenjski stro\u0161ki in nasveti za selitev\">Zdru\u017eeno kraljestvo<\/a> s sede\u017eem v Southallu.<\/p>\n<p> Kot prevoznik blaga in <a href=\"https:\/\/moverdb.com\/sl\/freight-forwarder\/\" data-internallinksmanager029f6b8e52c=\"17\" title=\"\u0160pediter in NVOCC Mednarodni vodnik po stro\u0161kih in podjetjih\">\u0160pediter<\/a>, imamo gospodarska vozila, voznike tovornjakov, te\u017eke tovorne prevoze, transportno logistiko in storitve distribucije te\u017ekih tovornih vozil.<\/p>\n<p> V celotni panogi u\u017eivamo neprimerljiv ugled zaradi varnosti, zanesljivosti in storitev za stranke, kar je privedlo do <a href=\"https:\/\/moverdb.com\/sl\/moving-to-the-united-states\/\" data-internallinksmanager029f6b8e52c=\"94\" title=\"Selitev v Zdru\u017eene dr\u017eave Amerike? 2022 \u017divljenjski stro\u0161ki in nasveti za selitev\">nas<\/a> je prva izbira nekaterih najve\u010djih gradbenih, najemnih in komunalnih podjetij v dr\u017eavi.<\/p>\n<p> Vse, od preprostih enkratnih premikov do zapletenih dvigal, prevelikih tovorov in monta\u017ee modularnih zgradb, imamo na voljo.<\/p>\n<p><strong>Dodatne storitve:<\/strong><\/p>\n<p>Logisti\u010dne storitve<\/p>\n<p>Avtoprevozni\u0161ko podjetje<\/p>\n<p><strong>Naslov:<\/strong> 67 Brent Rd, Southall UB2 5LA<\/p>\n<p><a href=\"http:\/\/smsdhaliwal.co.uk\/\" target=\"_new\" rel=\"noopener\">Spletna stran SMS Dhaliwal Transport Ltd<\/a><\/p>\n<p><strong>Ocena pregleda: <\/strong>5<br \/> <strong>\u0160tevilo pregledov:<\/strong> 2<br \/><a href=\"https:\/\/www.google.co.uk\/maps?cid=8101554762267100004&#038;hl=en&#038;gl=GB\" target=\"_new\" rel=\"noopener\">Preberi mnenja<\/a><\/p>\n<h2><span class=\"ez-toc-section\" id=\"TRIPLE_A_GLOBAL_CARGO_LOGISTICS_LTD\"><\/span>TRIPLE A GLOBAL CARGO LOGISTICS LTD<span class=\"ez-toc-section-end\"><\/span><\/h2>\n<p><img decoding=\"async\" src=\"https:\/\/moverdb.com\/wp-content\/uploads\/AF1QipPqs6Ojtm6XYwWGIDaI2L92G9zsRsAhwzVpf1sEw426-h240-k-no.jpg\" alt='TRIPLE A GLOBAL CARGO LOGISTICS LTD' class=\"aligncenter\"><\/p>\n<p><strong>Opis iz podjetja: <\/strong>Triple A Global Cargo Logistics je va\u0161 prednostni logisti\u010dni partner za poenostavljeno po\u0161iljanje iz Zdru\u017eenega kraljestva v <a href=\"https:\/\/moverdb.com\/sl\/moving-companies\/moving-companies-kenya\/\" data-internallinksmanager029f6b8e52c=\"305\" title=\"4 Najbolj\u0161e mednarodne selitve podjetja v Keniji\">Kenija<\/a>.<\/p>\n<p> Na\u0161e storitve vklju\u010dujejo prevoz od vrat do vrat, hitri letalski in pomorski tovor <a href=\"https:\/\/moverdb.com\/sl\/container-shipping\/\" data-internallinksmanager029f6b8e52c=\"3\" title=\"Mednarodni cenik prevozov zabojnikov: april 2026\">kontejnerski prevoz<\/a>, carinjenje, iskanje opreme in blaga, pomo\u010d pri vra\u010danju prebivalcev in skladi\u0161\u010denje v skladi\u0161\u010du.<\/p>\n<p> S konkuren\u010dnimi cenami in izjemnimi storitvami za stranke zagotavljamo hitro in u\u010dinkovito dostavo.<\/p>\n<p> Ponosni smo na svojo zavezanost k zadovoljstvu strank, pri \u010demer dajemo prednost jasni komunikaciji, odzivnim storitvam in zanesljivi dostavi.<\/p>\n<p> Z razumevanjem potreb na\u0161ih strank in zagotavljanjem prilagojenih re\u0161itev za prevoz si prizadevamo za dolgoro\u010dne odnose in postati zaupanja vreden partner na podro\u010dju logistike tovora.<\/p>\n<p> Za ve\u010d informacij nas kontaktirajte \u0161e danes<\/p>\n<p><strong>Dodatne storitve:<\/strong><\/p>\n<p>Logisti\u010dne storitve<\/p>\n<p>Storitev po\u0161iljanja<\/p>\n<p><strong>Naslov:<\/strong> UNIT Z01, 8A Canal Yard, Hayes Rd, Hounslow, Southall UB2 5NA<\/p>\n<p><a href=\"http:\/\/www.tripleafreight.co.uk\/\" target=\"_new\" rel=\"noopener\">Spletna stran TRIPLE A GLOBAL CARGO LOGISTICS LTD<\/a><\/p>\n<p><strong>Ocena pregleda: <\/strong>5<br \/> <strong>\u0160tevilo pregledov:<\/strong> 24<br \/><a href=\"https:\/\/www.google.co.uk\/maps?cid=6900515453734720060&#038;hl=en&#038;gl=GB\" target=\"_new\" rel=\"noopener\">Preberi mnenja<\/a><\/p>\n<h2><span class=\"ez-toc-section\" id=\"Fast_Cargo_Ltd\"><\/span>Fast Cargo Ltd<span class=\"ez-toc-section-end\"><\/span><\/h2>\n<p><img decoding=\"async\" src=\"https:\/\/moverdb.com\/wp-content\/uploads\/thumbnailpanoidZszgS4EG6t8soRqkqEr-AAcb_clientsearch.gws-prod.gpsw408h240yaw188.jpg\" alt='Fast Cargo Ltd' class=\"aligncenter\"><\/p>\n<p><strong>Opis iz podjetja: <\/strong>Ni na voljo<\/p>\n<p><strong>Dodatne storitve:<\/strong><\/p>\n<p>kurirska slu\u017eba<\/p>\n<p>Logisti\u010dne storitve<\/p>\n<p>Podjetje za dostavo<\/p>\n<p><strong>Naslov:<\/strong> Canalside Gardens, Southall UB2 5TJ<\/p>\n<p><a href=\"http:\/\/www.fastcargoservicesltd.com\/\" target=\"_new\" rel=\"noopener\">Spletna stran Fast Cargo Ltd<\/a><\/p>\n<p><strong>Ocena pregleda: <\/strong>4<br \/> <strong>\u0160tevilo pregledov:<\/strong> 6<br \/><a href=\"https:\/\/www.google.co.uk\/maps?cid=17136849923592829230&#038;hl=en&#038;gl=GB\" target=\"_new\" rel=\"noopener\">Preberi mnenja<\/a><\/p>\n<h2><span class=\"ez-toc-section\" id=\"Hodan_Cargo_Ltd\"><\/span>Hodan Cargo Ltd<span class=\"ez-toc-section-end\"><\/span><\/h2>\n<p><img decoding=\"async\" src=\"https:\/\/moverdb.com\/wp-content\/uploads\/thumbnailpanoidTeNPkID55nbJbTvzKjkcdAcb_clientsearch.gws-prod.gpsw408h240yaw18.jpg\" alt='Hodan Cargo Ltd' class=\"aligncenter\"><\/p>\n<p><strong>Opis iz podjetja: <\/strong>Hodan Cargo Ltd je izrazito <a href=\"https:\/\/moverdb.com\/sl\/shipping-companies\/\" data-internallinksmanager029f6b8e52c=\"4\" title=\"10 najbolj\u0161ih mednarodnih podjetij za prevoz zabojnikov\">ladjarsko podjetje<\/a> s sede\u017eem v Zdru\u017eenem kraljestvu in pisarnami v Keniji, Somaliji, Somalilandu, Ugandi in Tanzaniji.<\/p>\n<p> Po\u0161iljamo pakete iz Evrope v vzhodno Afriko.<\/p>\n<p> stranke, ki \u017eelijo nakupovati na Amazonu, Ebayu in vseh ve\u010djih evropskih straneh\/znamkah, lahko po\u0161ljejo paket v na\u0161e skladi\u0161\u010de v Londonu in mi ga bomo dostavili v \u0161estih dneh.<\/p>\n<p> Opravljamo letalski in pomorski tovor.<\/p>\n<p> Nakupujemo lahko tudi v va\u0161em imenu ali vas pove\u017eemo z vsemi evropskimi dobavitelji, ne glede na to, ali gre za osebno ali poslovno rabo.<\/p>\n<p><strong>Dodatne storitve:<\/strong><\/p>\n<p>Ni na seznamu<\/p>\n<p><strong>Naslov:<\/strong> Enota Z01 C\/O Hodan Cargo 8a Canal Yard, Hayes Rd, Southall UB2 5NA<\/p>\n<p><a href=\"http:\/\/www.hodancargo.com\/\" target=\"_new\" rel=\"noopener\">Spletna stran podjetja Hodan Cargo Ltd<\/a><\/p>\n<p><strong>Ocena pregleda: <\/strong>5<br \/> <strong>\u0160tevilo pregledov:<\/strong> 2<br \/><a href=\"https:\/\/www.google.co.uk\/maps?cid=3990577677848957395&#038;hl=en&#038;gl=GB\" target=\"_new\" rel=\"noopener\">Preberi mnenja<\/a><\/p>\n<h2><span class=\"ez-toc-section\" id=\"Freight_Line_Services_LTD\"><\/span>Freight Line Services LTD<span class=\"ez-toc-section-end\"><\/span><\/h2>\n<p><img decoding=\"async\" src=\"https:\/\/moverdb.com\/wp-content\/uploads\/AF1QipPtN8oi0L7myggj51rZPfY_RliE50SrJZxHGxttw408-h272-k-no.jpg\" alt='Freight Line Services LTD' class=\"aligncenter\"><\/p>\n<p><strong>Opis iz podjetja: <\/strong>Ni na voljo<\/p>\n<p><strong>Dodatne storitve:<\/strong><\/p>\n<p>Ni na seznamu<\/p>\n<p><strong>Naslov:<\/strong> Enota 5H, Charles House, Bridge Rd, Southall UB2 4BD<\/p>\n<p><a href=\"http:\/\/www.freightlines.co.uk\/\" target=\"_new\" rel=\"noopener\">Spletna stran Freight Line Services LTD<\/a><\/p>\n<p><strong>Ocena pregleda: <\/strong>5<br \/> <strong>\u0160tevilo pregledov:<\/strong> 1<br \/><a href=\"https:\/\/www.google.co.uk\/maps?cid=14431999574836574694&#038;hl=en&#038;gl=GB\" target=\"_new\" rel=\"noopener\">Preberi mnenja<\/a><\/p>\n<h2><span class=\"ez-toc-section\" id=\"Parcel_world_Limited\"><\/span>Parcel world Limited<span class=\"ez-toc-section-end\"><\/span><\/h2>\n<p><img decoding=\"async\" src=\"https:\/\/moverdb.com\/wp-content\/uploads\/AF1QipNBfzF9GBP3u80QI97y7M4S-JpNWNKjc8I8UfQ_w426-h240-k-no.jpg\" alt='Parcel world Limited' class=\"aligncenter\"><\/p>\n<p><strong>Opis iz podjetja: <\/strong>Ni na voljo<\/p>\n<p><strong>Dodatne storitve:<\/strong><\/p>\n<p>Ni na seznamu<\/p>\n<p><strong>Naslov:<\/strong> Enota 18, podjetni\u0161ki center, Bridge Rd, Southall UB2 4AE<\/p>\n<p><a href=\"http:\/\/www.parcelworldltd.co.uk\/\" target=\"_new\" rel=\"noopener\">Spletna stran Parcel world Limited<\/a><\/p>\n<p><strong>Ocena pregleda: <\/strong>2.6<br \/> <strong>\u0160tevilo pregledov:<\/strong> 10<br \/><a href=\"https:\/\/www.google.co.uk\/maps?cid=8578209696165819131&#038;hl=en&#038;gl=GB\" target=\"_new\" rel=\"noopener\">Preberi mnenja<\/a><\/p>\n<h2><span class=\"ez-toc-section\" id=\"Fast_Cargo_Services_Ltd\"><\/span>Fast Cargo Services Ltd<span class=\"ez-toc-section-end\"><\/span><\/h2>\n<p><img decoding=\"async\" src=\"https:\/\/moverdb.com\/wp-content\/uploads\/AF1QipPUuyrO2yFluTZac0IY5ETVH6ENmwvoPgJlAKF0w428-h240-k-no.png\" alt='Fast Cargo Services Ltd' class=\"aligncenter\"><\/p>\n<p><strong>Opis iz podjetja: <\/strong>Podjetje Fast Cargo Services Ltd se pona\u0161a s ponudbo zanesljivih, prilagodljivih in stro\u0161kovno u\u010dinkovitih storitev tovornega prometa strankam v Zdru\u017eenem kraljestvu, ki jih je mogo\u010de prilagoditi njihovim individualnim potrebam in zahtevam.<\/p>\n<p>Na\u0161e tovorne storitve so brez konkurence in zagotavljajo zanesljiv in prilagodljiv na\u010din po\u0161iljanja izdelkov v Pakistan ali iz Pakistana v Zdru\u017eeno kraljestvo.<\/p>\n<p><strong>Dodatne storitve:<\/strong><\/p>\n<p>kurirska slu\u017eba<\/p>\n<p>Podjetje za dostavo<\/p>\n<p><strong>Naslov:<\/strong> 65A South Rd, Southall UB1 1SQ<\/p>\n<p><a href=\"http:\/\/www.fastcargoservicesltd.com\/\" target=\"_new\" rel=\"noopener\">Spletna stran Fast Cargo Services Ltd<\/a><\/p>\n<p><strong>Ocena pregleda: <\/strong>4<br \/> <strong>\u0160tevilo pregledov:<\/strong> 152<br \/><a href=\"https:\/\/www.google.co.uk\/maps?cid=2045029359146269528&#038;hl=en&#038;gl=GB\" target=\"_new\" rel=\"noopener\">Preberi mnenja<\/a><\/p>\n<h2><span class=\"ez-toc-section\" id=\"BLMG_LTD\"><\/span>BLMG LTD<span class=\"ez-toc-section-end\"><\/span><\/h2>\n<p><img decoding=\"async\" src=\"https:\/\/moverdb.com\/wp-content\/uploads\/AF1QipNWDhKFilLxFpXHGtOsB-aoc07oN3AXtmQoJsH4w408-h544-k-no.jpg\" alt='BLMG LTD' class=\"aligncenter\"><\/p>\n<p><strong>Opis iz podjetja: <\/strong>Ni na voljo<\/p>\n<p><strong>Dodatne storitve:<\/strong><\/p>\n<p>Ni na seznamu<\/p>\n<p><strong>Naslov:<\/strong> Old Manor Rd, Southall UB2 5JN<\/p>\n<p><a href=\"http:\/\/www.blmgltd.co.uk\/\" target=\"_new\" rel=\"noopener\">Spletna stran BLMG LTD<\/a><\/p>\n<p><strong>Ocena pregleda: <\/strong>5<br \/> <strong>\u0160tevilo pregledov:<\/strong> 7<br \/><a href=\"https:\/\/www.google.co.uk\/maps?cid=14646947985281151984&#038;hl=en&#038;gl=GB\" target=\"_new\" rel=\"noopener\">Preberi mnenja<\/a><\/p>\n<h2><span class=\"ez-toc-section\" id=\"MDFreight\"><\/span>M.D.Freight<span class=\"ez-toc-section-end\"><\/span><\/h2>\n<p><img decoding=\"async\" src=\"https:\/\/moverdb.com\/wp-content\/uploads\/thumbnailpanoidSm815cK3YwKcxQzm7DccBAcb_clientsearch.gws-prod.gpsw408h240yaw39.jpg\" alt='M.D.Freight' class=\"aligncenter\"><\/p>\n<p><strong>Opis iz podjetja: <\/strong>Ni na voljo<\/p>\n<p><strong>Dodatne storitve:<\/strong><\/p>\n<p>Ni na seznamu<\/p>\n<p><strong>Naslov:<\/strong> 4 Christopher Rd, Hounslow, Southall UB2 5YG<\/p>\n<p><a href=\"http:\/\/www.mdfreight.co.uk\/\" target=\"_new\" rel=\"noopener\">Spletna stran M.D.Freight<\/a><\/p>\n<p><strong>Ocena pregleda: <\/strong>5<br \/> <strong>\u0160tevilo pregledov:<\/strong> 1<br \/><a href=\"https:\/\/www.google.co.uk\/maps?cid=18131493015880467154&#038;hl=en&#038;gl=GB\" target=\"_new\" rel=\"noopener\">Preberi mnenja<\/a><\/p>\n<h2><span class=\"ez-toc-section\" id=\"How_we_picked_the_best_Southall_Freight_Forwarding_Companies\"><\/span>Kako smo izbrali najbolj\u0161a \u0161pediterska podjetja Southall<span class=\"ez-toc-section-end\"><\/span><\/h2>\n<p>Za\u010deli smo z naborom podatkov 16 \u0161pediterskih podjetij Southall, ki smo jih na\u0161li prek Googlovih zemljevidov, in ga zo\u017eili na 9 najbolj\u0161ih.<\/p>\n<p>Pri tem smo odstranili vsa podjetja, ki:<\/p>\n<ul>\n<li> ni imel spletne strani<\/li>\n<li> Ni bilo pregledov<\/li>\n<li> Povpre\u010dna ocena pregleda je bila ni\u017eja od 2,0<\/li>\n<\/ul>\n<p>\u010ce smo imeli 17 ali manj \u0161pediterjev, smo jih navedli vse.<\/p>\n<p>Za mesta, kjer je ostalo ve\u010d kot 17 posrednikov, smo opravili nadaljnje popravke, tako da smo zvi\u0161ali zahtevano oceno pregleda (npr. z najmanj 2,0 na 4,0) in\/ali pove\u010dali najmanj\u0161e \u0161tevilo zahtevanih pregledov (npr. z najmanj 1 pregleda na najmanj 10).<\/p>\n<p>Upo\u0161tevajte, da smo uporabili samo podatke o pregledih iz Google Maps in ne iz drugih spletnih mest tretjih oseb.<\/p>\n<p>Ve\u010d mest:<\/p>\n<p><a href=\"https:\/\/moverdb.com\/sl\/spediter\/freight-forwarding-uk\/coventry-freight-forwarder\/\">Coventry \u0161pediter<\/a><br \/><a href=\"https:\/\/moverdb.com\/sl\/spediter\/freight-forwarding-uk\/west-drayton-freight-forwarder\/\">West Drayton \u0161pediter<\/a><br \/><a href=\"https:\/\/moverdb.com\/sl\/spediter\/freight-forwarding-uk\/glasgow-freight-forwarder\/\">Glasgow \u0161pediter<\/a><br \/><a href=\"https:\/\/moverdb.com\/sl\/spediter\/freight-forwarding-uk\/barking-freight-forwarder\/\">Barking \u0161pediter<\/a><br \/><a href=\"https:\/\/moverdb.com\/sl\/spediter\/freight-forwarding-uk\/staines-freight-forwarder\/\">\u0160pediter Staines<\/a><\/p>","protected":false},"excerpt":{"rendered":"<p>Below we look at the 9 &#8220;best&#8221; Freight Forwarding companies in Southall out of 16. To learn more about how we chose the best please consult our FAQ section at the end. Please not the following listings are in no particular order and we are not making any recommendations for any particular company. SMS Dhaliwal [&hellip;]<\/p>\n","protected":false},"author":1,"featured_media":0,"parent":13427,"menu_order":0,"comment_status":"open","ping_status":"open","template":"","meta":{"_genesis_hide_title":false,"_genesis_hide_breadcrumbs":false,"_genesis_hide_singular_image":false,"_genesis_hide_footer_widgets":false,"_genesis_custom_body_class":"","_genesis_custom_post_class":"","_genesis_layout":"","footnotes":""},"class_list":{"0":"post-13744","1":"page","2":"type-page","3":"status-publish","5":"entry"},"_links":{"self":[{"href":"https:\/\/moverdb.com\/sl\/wp-json\/wp\/v2\/pages\/13744","targetHints":{"allow":["GET"]}}],"collection":[{"href":"https:\/\/moverdb.com\/sl\/wp-json\/wp\/v2\/pages"}],"about":[{"href":"https:\/\/moverdb.com\/sl\/wp-json\/wp\/v2\/types\/page"}],"author":[{"embeddable":true,"href":"https:\/\/moverdb.com\/sl\/wp-json\/wp\/v2\/users\/1"}],"replies":[{"embeddable":true,"href":"https:\/\/moverdb.com\/sl\/wp-json\/wp\/v2\/comments?post=13744"}],"version-history":[{"count":1,"href":"https:\/\/moverdb.com\/sl\/wp-json\/wp\/v2\/pages\/13744\/revisions"}],"predecessor-version":[{"id":15809,"href":"https:\/\/moverdb.com\/sl\/wp-json\/wp\/v2\/pages\/13744\/revisions\/15809"}],"up":[{"embeddable":true,"href":"https:\/\/moverdb.com\/sl\/wp-json\/wp\/v2\/pages\/13427"}],"wp:attachment":[{"href":"https:\/\/moverdb.com\/sl\/wp-json\/wp\/v2\/media?parent=13744"}],"curies":[{"name":"wp","href":"https:\/\/api.w.org\/{rel}","templated":true}]}}