{"id":13679,"date":"2023-11-08T15:51:25","date_gmt":"2023-11-08T15:51:25","guid":{"rendered":"https:\/\/moverdb.com\/freight-forwarder\/freight-forwarding-uk\/egham-freight-forwarder\/"},"modified":"2026-01-08T14:55:28","modified_gmt":"2026-01-08T14:55:28","slug":"egham-freight-forwarder","status":"publish","type":"page","link":"https:\/\/moverdb.com\/sl\/freight-forwarder\/freight-forwarding-uk\/egham-freight-forwarder\/","title":{"rendered":"11 najbolj\u0161ih \u0161pediterskih podjetij v Eghamu (2024)"},"content":{"rendered":"<p>V nadaljevanju si bomo ogledali 11 <em>\"najbolj\u0161e\"<\/em> \u0160pedicijska podjetja v mestu Egham od 17.<\/p>\n<p>\u010ce \u017eelite izvedeti ve\u010d o tem, kako smo izbrali najbolj\u0161e, si na koncu oglejte razdelek Pogosta vpra\u0161anja.<\/p>\n<p><em>Prosimo, upo\u0161tevajte, da naslednji seznami niso razvr\u0161\u010deni po dolo\u010denem vrstnem redu in da ne priporo\u010damo nobenega podjetja.<\/em><\/p>\n<div id=\"ez-toc-container\" class=\"ez-toc-v2_0_82_2 ez-toc-wrap-left counter-hierarchy ez-toc-counter ez-toc-transparent ez-toc-container-direction\">\n<div class=\"ez-toc-title-container\">\n<p class=\"ez-toc-title\" style=\"cursor:inherit\">Oddelki<\/p>\n<span class=\"ez-toc-title-toggle\"><a href=\"#\" class=\"ez-toc-pull-right ez-toc-btn ez-toc-btn-xs ez-toc-btn-default ez-toc-toggle\" aria-label=\"Toggle Tabela vsebine\"><span class=\"ez-toc-js-icon-con\"><span class=\"\"><span class=\"eztoc-hide\" style=\"display:none;\">Toggle<\/span><span class=\"ez-toc-icon-toggle-span\"><svg style=\"fill: #999;color:#999\" xmlns=\"http:\/\/www.w3.org\/2000\/svg\" class=\"list-377408\" width=\"20px\" height=\"20px\" viewbox=\"0 0 24 24\" fill=\"none\"><path d=\"M6 6H4v2h2V6zm14 0H8v2h12V6zM4 11h2v2H4v-2zm16 0H8v2h12v-2zM4 16h2v2H4v-2zm16 0H8v2h12v-2z\" fill=\"currentColor\"><\/path><\/svg><svg style=\"fill: #999;color:#999\" class=\"arrow-unsorted-368013\" xmlns=\"http:\/\/www.w3.org\/2000\/svg\" width=\"10px\" height=\"10px\" viewbox=\"0 0 24 24\" version=\"1.2\" baseprofile=\"tiny\"><path d=\"M18.2 9.3l-6.2-6.3-6.2 6.3c-.2.2-.3.4-.3.7s.1.5.3.7c.2.2.4.3.7.3h11c.3 0 .5-.1.7-.3.2-.2.3-.5.3-.7s-.1-.5-.3-.7zM5.8 14.7l6.2 6.3 6.2-6.3c.2-.2.3-.5.3-.7s-.1-.5-.3-.7c-.2-.2-.4-.3-.7-.3h-11c-.3 0-.5.1-.7.3-.2.2-.3.5-.3.7s.1.5.3.7z\"\/><\/svg><\/span><\/span><\/span><\/a><\/span><\/div>\n<nav><ul class='ez-toc-list ez-toc-list-level-1 eztoc-toggle-hide-by-default' ><li class='ez-toc-page-1 ez-toc-heading-level-2'><a class=\"ez-toc-link ez-toc-heading-1\" href=\"https:\/\/moverdb.com\/sl\/freight-forwarder\/freight-forwarding-uk\/egham-freight-forwarder\/#MIQ_Logistics\" >MIQ Logistics<\/a><\/li><li class='ez-toc-page-1 ez-toc-heading-level-2'><a class=\"ez-toc-link ez-toc-heading-2\" href=\"https:\/\/moverdb.com\/sl\/freight-forwarder\/freight-forwarding-uk\/egham-freight-forwarder\/#Yes_2_Ship_Ltd\" >Da 2 Ship Ltd<\/a><\/li><li class='ez-toc-page-1 ez-toc-heading-level-2'><a class=\"ez-toc-link ez-toc-heading-3\" href=\"https:\/\/moverdb.com\/sl\/freight-forwarder\/freight-forwarding-uk\/egham-freight-forwarder\/#AGS_Global_Forwarding_Ltd\" >AGS Global Forwarding Ltd<\/a><\/li><li class='ez-toc-page-1 ez-toc-heading-level-2'><a class=\"ez-toc-link ez-toc-heading-4\" href=\"https:\/\/moverdb.com\/sl\/freight-forwarder\/freight-forwarding-uk\/egham-freight-forwarder\/#ASG_Logistics_Ltd\" >ASG Logistics Ltd<\/a><\/li><li class='ez-toc-page-1 ez-toc-heading-level-2'><a class=\"ez-toc-link ez-toc-heading-5\" href=\"https:\/\/moverdb.com\/sl\/freight-forwarder\/freight-forwarding-uk\/egham-freight-forwarder\/#Cargo_Gateway\" >Tovorna vrata<\/a><\/li><li class='ez-toc-page-1 ez-toc-heading-level-2'><a class=\"ez-toc-link ez-toc-heading-6\" href=\"https:\/\/moverdb.com\/sl\/freight-forwarder\/freight-forwarding-uk\/egham-freight-forwarder\/#Active_Freight_Management_Ltd\" >Active Freight Management Ltd<\/a><\/li><li class='ez-toc-page-1 ez-toc-heading-level-2'><a class=\"ez-toc-link ez-toc-heading-7\" href=\"https:\/\/moverdb.com\/sl\/freight-forwarder\/freight-forwarding-uk\/egham-freight-forwarder\/#World_Cargo_Logistics\" >Svetovna tovorna logistika<\/a><\/li><li class='ez-toc-page-1 ez-toc-heading-level-2'><a class=\"ez-toc-link ez-toc-heading-8\" href=\"https:\/\/moverdb.com\/sl\/freight-forwarder\/freight-forwarding-uk\/egham-freight-forwarder\/#E_F_M_Global_Logistics\" >E F M Globalna logistika<\/a><\/li><li class='ez-toc-page-1 ez-toc-heading-level-2'><a class=\"ez-toc-link ez-toc-heading-9\" href=\"https:\/\/moverdb.com\/sl\/freight-forwarder\/freight-forwarding-uk\/egham-freight-forwarder\/#Blackthorne\" >Blackthorne<\/a><\/li><li class='ez-toc-page-1 ez-toc-heading-level-2'><a class=\"ez-toc-link ez-toc-heading-10\" href=\"https:\/\/moverdb.com\/sl\/freight-forwarder\/freight-forwarding-uk\/egham-freight-forwarder\/#Connoisseur_International_Distribution_Ltd\" >Connoisseur International Distribution Ltd<\/a><\/li><li class='ez-toc-page-1 ez-toc-heading-level-2'><a class=\"ez-toc-link ez-toc-heading-11\" href=\"https:\/\/moverdb.com\/sl\/freight-forwarder\/freight-forwarding-uk\/egham-freight-forwarder\/#XPand_Logistics_Ltd_F_FA_Division_London\" >XPand Logistics Ltd F&amp;FA Division London<\/a><\/li><li class='ez-toc-page-1 ez-toc-heading-level-2'><a class=\"ez-toc-link ez-toc-heading-12\" href=\"https:\/\/moverdb.com\/sl\/freight-forwarder\/freight-forwarding-uk\/egham-freight-forwarder\/#How_we_picked_the_best_Egham_Freight_Forwarding_Companies\" >Kako smo izbrali najbolj\u0161a \u0161pediterska podjetja v Eghamu<\/a><\/li><\/ul><\/nav><\/div>\n<h2><span class=\"ez-toc-section\" id=\"MIQ_Logistics\"><\/span>MIQ Logistics<span class=\"ez-toc-section-end\"><\/span><\/h2>\n<p><img decoding=\"async\" src=\"https:\/\/moverdb.com\/wp-content\/uploads\/AF1QipOSeo5W5dbelMsxZx8EbOq4iTE_N2C_UMmkI5A5w408-h271-k-no.jpg\" alt='MIQ Logistics' class=\"aligncenter\"><\/p>\n<p><strong>Opis iz podjetja: <\/strong>Podjetje Noatum Logistics (prej MIQ Logistics) skupaj s svojo globalno mre\u017eo partnerjev zagotavlja prevozne storitve (doma\u010de \u0161pedicije in storitve tovornjakov), distribucijske storitve (pogodbena logistika in upravljanje skladi\u0161\u010d) ter globalne storitve (mednarodne \u0161pedicije in carinsko posredovanje).<\/p>\n<p> Podjetje MIQ Logistics s podporo spletne tehnologije in globalnih zmogljivosti za upravljanje logistike slu\u017ei strankam na podro\u010dju rudarstva in<\/p>\n<p><strong>Dodatne storitve:<\/strong><\/p>\n<p>Ni na seznamu<\/p>\n<p><strong>Naslov:<\/strong> Industrijski park Thorpe, 1, Alpha Way, Egham TW20 8RZ<\/p>\n<p><a href=\"https:\/\/www.miq.com\/\" target=\"_new\" rel=\"noopener\">Spletna stran MIQ Logistics<\/a><\/p>\n<p><strong>Ocena pregleda: <\/strong>3.7<br \/> <strong>\u0160tevilo pregledov:<\/strong> 23<br \/><a href=\"https:\/\/www.google.co.uk\/maps?cid=5562970237620117984&#038;hl=en&#038;gl=GB\" target=\"_new\" rel=\"noopener\">Preberi mnenja<\/a><\/p>\n<h2><span class=\"ez-toc-section\" id=\"Yes_2_Ship_Ltd\"><\/span>Da 2 Ship Ltd<span class=\"ez-toc-section-end\"><\/span><\/h2>\n<p><img decoding=\"async\" src=\"https:\/\/moverdb.com\/wp-content\/uploads\/thumbnailpanoidi2hlSeWB-Y3XQQJMF3mWowcb_clientsearch.gws-prod.gpsw408h240yaw327.jpg\" alt='Da 2 Ship Ltd' class=\"aligncenter\"><\/p>\n<p><strong>Opis iz podjetja: <\/strong>Podjetje za logistiko in oskrbovalno verigo.<\/p>\n<p> Storitve tovornega prometa in carinjenja ter selitev in osebnih predmetov po zraku, cesti in morju.<\/p>\n<p> Strate\u0161ki partner dru\u017ebe DHL.<\/p>\n<p> Uvozna in izvozna carinjenja, T1, EORI, Carnet, FOB, ExWorks in storitve od vrat do vrat.<\/p>\n<p> Prevozne storitve: prevoz nevarnih snovi, prevoz litijevih baterij, prevoz avtomobilov, prevoz veterinarskih in konjskih \u017eivali.<\/p>\n<p> Da 2 Ship tesno sodeluje s farmacevtsko industrijo in umetni\u0161kimi akcijskimi hi\u0161ami.<\/p>\n<p> Dodatne storitve: brezpla\u010dne \u0161katle in kr\u010denje, pakiranje, zabojniki ter dostava s tovornjakom in sledenje.<\/p>\n<p> Na voljo so tudi storitve evropskega neposrednega pogona.<\/p>\n<p> Omogo\u010danje vseh glavnih <a href=\"https:\/\/moverdb.com\/sl\/top-49-container-ports\/\" data-internallinksmanager029f6b8e52c=\"80\" title=\"Top 49 najve\u010djih in najbolj obremenjenih pristani\u0161\u010d za kontejnerje v letu 2025\">pristani\u0161\u010da<\/a> in letali\u0161\u010dih po vsej <a href=\"https:\/\/moverdb.com\/sl\/moving-to-the-uk\/\" data-internallinksmanager029f6b8e52c=\"93\" title=\"Selitev v Zdru\u017eeno kraljestvo? 2022 \u017divljenjski stro\u0161ki in nasveti za selitev\">ZDRU\u017dENO KRALJESTVO<\/a>.<\/p>\n<p> Glavni uradi: Heathrow, Aberdeen, Southend, <a href=\"\" data-internallinksmanager029f6b8e52c=\"52\" title=\"Manchester\">Manchester<\/a>, Southampton, Felixstowe.<\/p>\n<p><strong>Dodatne storitve:<\/strong><\/p>\n<p>Ni na seznamu<\/p>\n<p><strong>Naslov:<\/strong> Enota 2, Eversley Way, Thorpe Industrial Estate, Egham TW20 8RG<\/p>\n<p><a href=\"http:\/\/www.yes2ship.com\/\" target=\"_new\" rel=\"noopener\">Da 2 Spletna stran podjetja Ship Ltd<\/a><\/p>\n<p><strong>Ocena pregleda: <\/strong>4.3<br \/> <strong>\u0160tevilo pregledov:<\/strong> 3<br \/><a href=\"https:\/\/www.google.co.uk\/maps?cid=11958752916968499684&#038;hl=en&#038;gl=GB\" target=\"_new\" rel=\"noopener\">Preberi mnenja<\/a><\/p>\n<h2><span class=\"ez-toc-section\" id=\"AGS_Global_Forwarding_Ltd\"><\/span>AGS Global Forwarding Ltd<span class=\"ez-toc-section-end\"><\/span><\/h2>\n<p><img decoding=\"async\" src=\"https:\/\/moverdb.com\/wp-content\/uploads\/AF1QipOkqaLI3fEcCDdE06bXZQPSFTuSwA_SDJZksWkgw408-h272-k-no.jpg\" alt='AGS Global Forwarding Ltd' class=\"aligncenter\"><\/p>\n<p><strong>Opis iz podjetja: <\/strong>Smo mednarodno \u0161peditersko in logisti\u010dno podjetje, specializirano za prevoz komercialnih po\u0161iljk po zraku, morju in cesti.<\/p>\n<p><strong>Dodatne storitve:<\/strong><\/p>\n<p>Ni na seznamu<\/p>\n<p><strong>Naslov:<\/strong> 01 Meadlake Place, Thorpe Lea Rd, Egham TW20 8HE<\/p>\n<p><a href=\"http:\/\/www.ags-global.co.uk\/\" target=\"_new\" rel=\"noopener\">Spletna stran podjetja AGS Global Forwarding Ltd<\/a><\/p>\n<p><strong>Ocena pregleda: <\/strong>3.7<br \/> <strong>\u0160tevilo pregledov:<\/strong> 6<br \/><a href=\"https:\/\/www.google.co.uk\/maps?cid=9870884105096212840&#038;hl=en&#038;gl=GB\" target=\"_new\" rel=\"noopener\">Preberi mnenja<\/a><\/p>\n<h2><span class=\"ez-toc-section\" id=\"ASG_Logistics_Ltd\"><\/span>ASG Logistics Ltd<span class=\"ez-toc-section-end\"><\/span><\/h2>\n<p><img decoding=\"async\" src=\"https:\/\/moverdb.com\/wp-content\/uploads\/thumbnailpanoid3JBSMhHuPZdNblR9AJIbPgcb_clientsearch.gws-prod.gpsw408h240yaw175.jpg\" alt='ASG Logistics Ltd' class=\"aligncenter\"><\/p>\n<p><strong>Opis iz podjetja: <\/strong>Ni na voljo<\/p>\n<p><strong>Dodatne storitve:<\/strong><\/p>\n<p>Ni na seznamu<\/p>\n<p><strong>Naslov:<\/strong> 188 High St, Egham TW20 9ED, Zdru\u017eeno kraljestvo<\/p>\n<p><a href=\"http:\/\/www.asglogistics.com\/\" target=\"_new\" rel=\"noopener\">Spletna stran podjetja ASG Logistics Ltd<\/a><\/p>\n<p><strong>Ocena pregleda: <\/strong>4.2<br \/> <strong>\u0160tevilo pregledov:<\/strong> 5<br \/><a href=\"https:\/\/www.google.com.om\/maps?cid=9184323499148826419&#038;hl=en&#038;gl=OM\" target=\"_new\" rel=\"noopener\">Preberi mnenja<\/a><\/p>\n<h2><span class=\"ez-toc-section\" id=\"Cargo_Gateway\"><\/span>Tovorna vrata<span class=\"ez-toc-section-end\"><\/span><\/h2>\n<p><img decoding=\"async\" src=\"https:\/\/moverdb.com\/wp-content\/uploads\/AF1QipNzLo0oQLg_C55tPkOaoPCuX4tQK_qkgfvadEqSw426-h240-k-no.jpg\" alt='Tovorna vrata' class=\"aligncenter\"><\/p>\n<p><strong>Opis iz podjetja: <\/strong>Mednarodni in doma\u010di <a href=\"https:\/\/moverdb.com\/sl\/freight-forwarder\/\" data-internallinksmanager029f6b8e52c=\"17\" title=\"\u0160pediter in NVOCC Mednarodni vodnik po stro\u0161kih in podjetjih\">\u0160pediter<\/a><\/p>\n<p><strong>Dodatne storitve:<\/strong><\/p>\n<p>Ni na seznamu<\/p>\n<p><strong>Naslov:<\/strong> 01 Meadlake Place, Thorpe Lea Rd, Egham TW20 8HE<\/p>\n<p><a href=\"https:\/\/cargo-gateway.business.site\/?utm_source=gmb&#038;utm_medium=referral\" target=\"_new\" rel=\"noopener\">Spletna stran Cargo Gateway<\/a><\/p>\n<p><strong>Ocena pregleda: <\/strong>5<br \/> <strong>\u0160tevilo pregledov:<\/strong> 1<br \/><a href=\"https:\/\/www.google.co.uk\/maps?cid=16110619947648318940&#038;hl=en&#038;gl=GB\" target=\"_new\" rel=\"noopener\">Preberi mnenja<\/a><\/p>\n<h2><span class=\"ez-toc-section\" id=\"Active_Freight_Management_Ltd\"><\/span>Active Freight Management Ltd<span class=\"ez-toc-section-end\"><\/span><\/h2>\n<p><img decoding=\"async\" src=\"https:\/\/moverdb.com\/wp-content\/uploads\/AF1QipNmjcFHpyJwCdwSaejGmG82kmN7yOpkcziJ6XWAw426-h240-k-no.jpg\" alt='Active Freight Management Ltd' class=\"aligncenter\"><\/p>\n<p><strong>Opis iz podjetja: <\/strong>Va\u0161a re\u0161itev za upravljanje tovora na enem mestu<\/p>\n<p><strong>Dodatne storitve:<\/strong><\/p>\n<p>Uvozno izvozno podjetje<\/p>\n<p>Podjetje za dostavo<\/p>\n<p><strong>Naslov:<\/strong> Crabtree Office Village, Monarch House, Eversley Way, Egham TW20 8RY<\/p>\n<p><a href=\"http:\/\/www.active-freight.com\/\" target=\"_new\" rel=\"noopener\">Spletna stran podjetja Active Freight Management Ltd<\/a><\/p>\n<p><strong>Ocena pregleda: <\/strong>5<br \/> <strong>\u0160tevilo pregledov:<\/strong> 2<br \/><a href=\"https:\/\/www.google.co.uk\/maps?cid=3699698523008123537&#038;hl=en&#038;gl=GB\" target=\"_new\" rel=\"noopener\">Preberi mnenja<\/a><\/p>\n<h2><span class=\"ez-toc-section\" id=\"World_Cargo_Logistics\"><\/span>Svetovna tovorna logistika<span class=\"ez-toc-section-end\"><\/span><\/h2>\n<p><img decoding=\"async\" src=\"https:\/\/moverdb.com\/wp-content\/uploads\/thumbnailpanoidSSVwK9ZQ0ejIyasli8Fegwcb_clientsearch.gws-prod.gpsw408h240yaw355.jpg\" alt='Svetovna tovorna logistika' class=\"aligncenter\"><\/p>\n<p><strong>Opis iz podjetja: <\/strong>Ni na voljo<\/p>\n<p><strong>Dodatne storitve:<\/strong><\/p>\n<p>Ni na seznamu<\/p>\n<p><strong>Naslov:<\/strong> Enota 5 Beta Way, Egham TW20 8RE<\/p>\n<p><a href=\"http:\/\/worldcargologistics.co.uk\/\" target=\"_new\" rel=\"noopener\">Spletna stran World Cargo Logistics<\/a><\/p>\n<p><strong>Ocena pregleda: <\/strong>5<br \/> <strong>\u0160tevilo pregledov:<\/strong> 1<br \/><a href=\"https:\/\/www.google.co.uk\/maps?cid=14974545255904536802&#038;hl=en&#038;gl=GB\" target=\"_new\" rel=\"noopener\">Preberi mnenja<\/a><\/p>\n<h2><span class=\"ez-toc-section\" id=\"E_F_M_Global_Logistics\"><\/span>E F M Globalna logistika<span class=\"ez-toc-section-end\"><\/span><\/h2>\n<p><img decoding=\"async\" src=\"https:\/\/moverdb.com\/wp-content\/uploads\/AF1QipORc7VCsaq4UmjzP6IJaY3iNkVdGcEiL46zJWwMw408-h725-k-no.jpg\" alt='E F M Globalna logistika' class=\"aligncenter\"><\/p>\n<p><strong>Opis iz podjetja: <\/strong>Ni na voljo<\/p>\n<p><strong>Dodatne storitve:<\/strong><\/p>\n<p>Ni na seznamu<\/p>\n<p><strong>Naslov:<\/strong> 3 Alpha Way Thorpe Industrial Park, Egham TW20 8RZ<\/p>\n<p><a href=\"http:\/\/www.efm.global\/\" target=\"_new\" rel=\"noopener\">Spletna stran E F M Global Logistics<\/a><\/p>\n<p><strong>Ocena pregleda: <\/strong>4.9<br \/> <strong>\u0160tevilo pregledov:<\/strong> 15<br \/><a href=\"https:\/\/www.google.co.uk\/maps?cid=10224418366743576394&#038;hl=en&#038;gl=GB\" target=\"_new\" rel=\"noopener\">Preberi mnenja<\/a><\/p>\n<h2><span class=\"ez-toc-section\" id=\"Blackthorne\"><\/span>Blackthorne<span class=\"ez-toc-section-end\"><\/span><\/h2>\n<p><img decoding=\"async\" src=\"https:\/\/moverdb.com\/wp-content\/uploads\/AF1QipNMhlx2IHsQ_K9jhbeeqfHmBMWRacudcQlC1kH-w408-h306-k-no.jpg\" alt='Blackthorne' class=\"aligncenter\"><\/p>\n<p><strong>Opis iz podjetja: <\/strong>Blackthorne je vodilni globalni logisti\u010dni partner v dobavni verigi.<\/p>\n<p> Obi\u010dajno sodelujemo s tehnolo\u0161kimi podjetji, ki morajo opravljati storitve in popravila izdelkov IT na trgih po vsem svetu.<\/p>\n<p>Blackthorne zagotavlja storitve od vrat do vrat za tehnolo\u0161ke korporacije, ki se izogibajo tveganju in zahtevajo skladnost s standardom 100%, najvi\u0161je standarde izvajanja dostave in izku\u0161enega partnerja v vseh vidikih globalne logistike dobavne verige, ki zagotavlja pravo\u010dasno dostavo pravega izdelka pravemu prejemniku in izpolnjuje ali presega pri\u010dakovanja strank.<\/p>\n<p>Eviden\u010dni uvoznik<br \/>\n\u017de ve\u010d kot 20 let delujemo kot uvoznik za podjetja, ki prodajajo tehnolo\u0161ke izdelke.<\/p>\n<p><strong>Dodatne storitve:<\/strong><\/p>\n<p>Ni na seznamu<\/p>\n<p><strong>Naslov:<\/strong> Enota 6, Sky Busines Park, Eversley Way, Thorpe TW20 8RF<\/p>\n<p><a href=\"https:\/\/blackthorneit.com\/\" target=\"_new\" rel=\"noopener\">Spletna stran Blackthorne<\/a><\/p>\n<p><strong>Ocena pregleda: <\/strong>4.7<br \/> <strong>\u0160tevilo pregledov:<\/strong> 6<br \/><a href=\"https:\/\/www.google.co.uk\/maps?cid=10922239003545285032&#038;hl=en&#038;gl=GB\" target=\"_new\" rel=\"noopener\">Preberi mnenja<\/a><\/p>\n<h2><span class=\"ez-toc-section\" id=\"Connoisseur_International_Distribution_Ltd\"><\/span>Connoisseur International Distribution Ltd<span class=\"ez-toc-section-end\"><\/span><\/h2>\n<p><img decoding=\"async\" src=\"https:\/\/moverdb.com\/wp-content\/uploads\/AF1QipPd9XWMz1lgbYNiuvG6xskioC06SqeYGBLSjkzTw426-h240-k-no.jpg\" alt='Connoisseur International Distribution Ltd' class=\"aligncenter\"><\/p>\n<p><strong>Opis iz podjetja: <\/strong>Dru\u017eba Connoisseur International je bila ustanovljena leta 1997.<\/p>\n<p> Direktorji, vsak z ve\u010d kot 25 leti dela v panogi, so si delili vizijo ustvariti multimodalno \u0161pedicijsko in logisti\u010dno podjetje za 21. stoletje.<\/p>\n<p> Osnovna na\u010dela podjetja so bila zagotoviti strankam visokokakovostne storitve z izku\u0161njami, prilagojene potrebam in pri\u010dakovanjem strank.<\/p>\n<p>Svetovne storitve zra\u010dnega tovornega prometa - izvoz in uvoz<br \/>\nSvetovne pomorske storitve LCL\/FCL - izvoz in uvoz<br \/>\nCestne storitve TIR po kopnem v Evropo<br \/>\nEkspresni kurir od vrat do vrat<br \/>\nDostava paketov in palet v Zdru\u017eenem kraljestvu<br \/>\nprojektni tovor\/ \u010darteriranje\/ tovor za nujno pomo\u010d\/ AOG\/ hitro pokvarljivo blago\/ blago izven mere\/ nevarno blago<br \/>\nOdstranitev\/preselitev<br \/>\nLastno carinsko posredovanje<br \/>\nSpecializirano pakiranje (po potrebi na kraju samem)<\/p>\n<p><strong>Dodatne storitve:<\/strong><\/p>\n<p>Uvozno izvozno podjetje<\/p>\n<p><strong>Naslov:<\/strong> Enota 9, poslovni park, Ten Acre Ln, Egham TW20 8EY<\/p>\n<p><a href=\"https:\/\/cid.uk.com\/\" target=\"_new\" rel=\"noopener\">Spletna stran Connoisseur International Distribution Ltd<\/a><\/p>\n<p><strong>Ocena pregleda: <\/strong>4.3<br \/> <strong>\u0160tevilo pregledov:<\/strong> 17<br \/><a href=\"https:\/\/www.google.co.uk\/maps?cid=7427439335860303979&#038;hl=en&#038;gl=GB\" target=\"_new\" rel=\"noopener\">Preberi mnenja<\/a><\/p>\n<h2><span class=\"ez-toc-section\" id=\"XPand_Logistics_Ltd_F_FA_Division_London\"><\/span>XPand Logistics Ltd F&amp;FA Division London<span class=\"ez-toc-section-end\"><\/span><\/h2>\n<p><img decoding=\"async\" src=\"https:\/\/moverdb.com\/wp-content\/uploads\/AF1QipOLNmMwyY-6gL2NQCjvXfdc7gl9sewrnLTpDVSmw658-h240-k-no.jpg\" alt='XPand Logistics Ltd F&amp;FA Division London' class=\"aligncenter\"><\/p>\n<p><strong>Opis iz podjetja: <\/strong>Podjetje XPand Logistics Ltd, ustanovljeno leta 2000, velja za enega redkih britanskih \u0161pediterjev, specializiranih za resni\u010dne storitve za stranke.<\/p>\n<p>Z ve\u010d kot 20-letnimi izku\u0161njami pri ve\u010djih \u0161pediterjih in letalskih dru\u017ebah zagotavljamo profesionalne logisti\u010dne storitve podjetjem v Zdru\u017eenem kraljestvu in po svetu.<\/p>\n<p> Storitve vklju\u010dujejo: Letalski tovorni promet, pomorski tovorni promet, cestni tovorni promet, pogodbena logistika, carinsko posredovanje, konzularne storitve in skladi\u0161\u010denje.<\/p>\n<p>S pisarnami v Londonu, Basildonu, West Horndonu, Manchestru in <a href=\"\" data-internallinksmanager029f6b8e52c=\"46\" title=\"Glasgow\">Glasgow<\/a> zagotavljamo celovite re\u0161itve za vse va\u0161e potrebe po prevozu.<\/p>\n<p><strong>Dodatne storitve:<\/strong><\/p>\n<p>Logisti\u010dne storitve<\/p>\n<p>Storitev po\u0161iljanja<\/p>\n<p>Skladi\u0161\u010de<\/p>\n<p><strong>Naslov:<\/strong> Enota 10, poslovni park, Ten Acre Ln, Egham TW20 8EY<\/p>\n<p><a href=\"https:\/\/www.xpandlogistics.co.uk\/\" target=\"_new\" rel=\"noopener\">Spletna stran XPand Logistics Ltd F&amp;FA Division London<\/a><\/p>\n<p><strong>Ocena pregleda: <\/strong>3<br \/> <strong>\u0160tevilo pregledov:<\/strong> 2<br \/><a href=\"https:\/\/www.google.co.uk\/maps?cid=5572790693109703307&#038;hl=en&#038;gl=GB\" target=\"_new\" rel=\"noopener\">Preberi mnenja<\/a><\/p>\n<h2><span class=\"ez-toc-section\" id=\"How_we_picked_the_best_Egham_Freight_Forwarding_Companies\"><\/span>Kako smo izbrali najbolj\u0161a \u0161pediterska podjetja v Eghamu<span class=\"ez-toc-section-end\"><\/span><\/h2>\n<p>Za\u010deli smo z naborom podatkov 17 \u0161pediterskih podjetij iz Eghama, ki smo jih na\u0161li prek Googlovih zemljevidov, in ga zo\u017eili na 11 najbolj\u0161ih.<\/p>\n<p>Pri tem smo odstranili vsa podjetja, ki:<\/p>\n<ul>\n<li> ni imel spletne strani<\/li>\n<li> Ni bilo pregledov<\/li>\n<li> Povpre\u010dna ocena pregleda je bila ni\u017eja od 2,0<\/li>\n<\/ul>\n<p>\u010ce smo imeli 17 ali manj \u0161pediterjev, smo jih navedli vse.<\/p>\n<p>Za mesta, kjer je ostalo ve\u010d kot 17 posrednikov, smo opravili nadaljnje popravke, tako da smo zvi\u0161ali zahtevano oceno pregleda (npr. z najmanj 2,0 na 4,0) in\/ali pove\u010dali najmanj\u0161e \u0161tevilo zahtevanih pregledov (npr. z najmanj 1 pregleda na najmanj 10).<\/p>\n<p>Upo\u0161tevajte, da smo uporabili samo podatke o pregledih iz Google Maps in ne iz drugih spletnih mest tretjih oseb.<\/p>\n<p>Ve\u010d mest:<\/p>\n<p><a href=\"https:\/\/moverdb.com\/sl\/spediter\/freight-forwarding-uk\/leeds-freight-forwarder\/\">\u0160pediter Leeds<\/a><br \/><a href=\"https:\/\/moverdb.com\/sl\/spediter\/freight-forwarding-uk\/belfast-freight-forwarder\/\">Belfast \u0161pediter<\/a><br \/><a href=\"https:\/\/moverdb.com\/sl\/spediter\/freight-forwarding-uk\/hayes-freight-forwarder\/\">Hayes \u0161pediter<\/a><br \/><a href=\"https:\/\/moverdb.com\/sl\/spediter\/freight-forwarding-uk\/bradford-freight-forwarder\/\">Bradford Freight Forwarder<\/a><br \/><a href=\"https:\/\/moverdb.com\/sl\/spediter\/freight-forwarding-uk\/derby-freight-forwarder\/\">\u0160pediter Derby<\/a><\/p>","protected":false},"excerpt":{"rendered":"<p>Below we look at the 11 &#8220;best&#8221; Freight Forwarding companies in Egham out of 17. To learn more about how we chose the best please consult our FAQ section at the end. Please not the following listings are in no particular order and we are not making any recommendations for any particular company. MIQ Logistics [&hellip;]<\/p>\n","protected":false},"author":1,"featured_media":0,"parent":13427,"menu_order":0,"comment_status":"open","ping_status":"open","template":"","meta":{"_genesis_hide_title":false,"_genesis_hide_breadcrumbs":false,"_genesis_hide_singular_image":false,"_genesis_hide_footer_widgets":false,"_genesis_custom_body_class":"","_genesis_custom_post_class":"","_genesis_layout":"","footnotes":""},"class_list":{"0":"post-13679","1":"page","2":"type-page","3":"status-publish","5":"entry"},"_links":{"self":[{"href":"https:\/\/moverdb.com\/sl\/wp-json\/wp\/v2\/pages\/13679","targetHints":{"allow":["GET"]}}],"collection":[{"href":"https:\/\/moverdb.com\/sl\/wp-json\/wp\/v2\/pages"}],"about":[{"href":"https:\/\/moverdb.com\/sl\/wp-json\/wp\/v2\/types\/page"}],"author":[{"embeddable":true,"href":"https:\/\/moverdb.com\/sl\/wp-json\/wp\/v2\/users\/1"}],"replies":[{"embeddable":true,"href":"https:\/\/moverdb.com\/sl\/wp-json\/wp\/v2\/comments?post=13679"}],"version-history":[{"count":1,"href":"https:\/\/moverdb.com\/sl\/wp-json\/wp\/v2\/pages\/13679\/revisions"}],"predecessor-version":[{"id":15682,"href":"https:\/\/moverdb.com\/sl\/wp-json\/wp\/v2\/pages\/13679\/revisions\/15682"}],"up":[{"embeddable":true,"href":"https:\/\/moverdb.com\/sl\/wp-json\/wp\/v2\/pages\/13427"}],"wp:attachment":[{"href":"https:\/\/moverdb.com\/sl\/wp-json\/wp\/v2\/media?parent=13679"}],"curies":[{"name":"wp","href":"https:\/\/api.w.org\/{rel}","templated":true}]}}