{"id":13654,"date":"2023-11-08T15:51:25","date_gmt":"2023-11-08T15:51:25","guid":{"rendered":"https:\/\/moverdb.com\/freight-forwarder\/freight-forwarding-uk\/dover-freight-forwarder\/"},"modified":"2026-01-08T14:55:33","modified_gmt":"2026-01-08T14:55:33","slug":"dover-freight-forwarder","status":"publish","type":"page","link":"https:\/\/moverdb.com\/sl\/freight-forwarder\/freight-forwarding-uk\/dover-freight-forwarder\/","title":{"rendered":"12 najbolj\u0161ih \u0161pediterskih podjetij v Doverju (2024)"},"content":{"rendered":"<p>V nadaljevanju si bomo ogledali 12 <em>\"najbolj\u0161e\"<\/em> \u0160pedicijska podjetja v mestu Dover od 25.<\/p>\n<p>\u010ce \u017eelite izvedeti ve\u010d o tem, kako smo izbrali najbolj\u0161e, si na koncu oglejte razdelek Pogosta vpra\u0161anja.<\/p>\n<p><em>Prosimo, upo\u0161tevajte, da naslednji seznami niso razvr\u0161\u010deni po dolo\u010denem vrstnem redu in da ne priporo\u010damo nobenega podjetja.<\/em><\/p>\n<div id=\"ez-toc-container\" class=\"ez-toc-v2_0_82_2 ez-toc-wrap-left counter-hierarchy ez-toc-counter ez-toc-transparent ez-toc-container-direction\">\n<div class=\"ez-toc-title-container\">\n<p class=\"ez-toc-title\" style=\"cursor:inherit\">Oddelki<\/p>\n<span class=\"ez-toc-title-toggle\"><a href=\"#\" class=\"ez-toc-pull-right ez-toc-btn ez-toc-btn-xs ez-toc-btn-default ez-toc-toggle\" aria-label=\"Toggle Tabela vsebine\"><span class=\"ez-toc-js-icon-con\"><span class=\"\"><span class=\"eztoc-hide\" style=\"display:none;\">Toggle<\/span><span class=\"ez-toc-icon-toggle-span\"><svg style=\"fill: #999;color:#999\" xmlns=\"http:\/\/www.w3.org\/2000\/svg\" class=\"list-377408\" width=\"20px\" height=\"20px\" viewbox=\"0 0 24 24\" fill=\"none\"><path d=\"M6 6H4v2h2V6zm14 0H8v2h12V6zM4 11h2v2H4v-2zm16 0H8v2h12v-2zM4 16h2v2H4v-2zm16 0H8v2h12v-2z\" fill=\"currentColor\"><\/path><\/svg><svg style=\"fill: #999;color:#999\" class=\"arrow-unsorted-368013\" xmlns=\"http:\/\/www.w3.org\/2000\/svg\" width=\"10px\" height=\"10px\" viewbox=\"0 0 24 24\" version=\"1.2\" baseprofile=\"tiny\"><path d=\"M18.2 9.3l-6.2-6.3-6.2 6.3c-.2.2-.3.4-.3.7s.1.5.3.7c.2.2.4.3.7.3h11c.3 0 .5-.1.7-.3.2-.2.3-.5.3-.7s-.1-.5-.3-.7zM5.8 14.7l6.2 6.3 6.2-6.3c.2-.2.3-.5.3-.7s-.1-.5-.3-.7c-.2-.2-.4-.3-.7-.3h-11c-.3 0-.5.1-.7.3-.2.2-.3.5-.3.7s.1.5.3.7z\"\/><\/svg><\/span><\/span><\/span><\/a><\/span><\/div>\n<nav><ul class='ez-toc-list ez-toc-list-level-1 eztoc-toggle-hide-by-default' ><li class='ez-toc-page-1 ez-toc-heading-level-2'><a class=\"ez-toc-link ez-toc-heading-1\" href=\"https:\/\/moverdb.com\/sl\/freight-forwarder\/freight-forwarding-uk\/dover-freight-forwarder\/#DHL_Freight\" >DHL Freight<\/a><\/li><li class='ez-toc-page-1 ez-toc-heading-level-2'><a class=\"ez-toc-link ez-toc-heading-2\" href=\"https:\/\/moverdb.com\/sl\/freight-forwarder\/freight-forwarding-uk\/dover-freight-forwarder\/#Global_Freight_Connections_Ltd\" >Global Freight Connections Ltd<\/a><\/li><li class='ez-toc-page-1 ez-toc-heading-level-2'><a class=\"ez-toc-link ez-toc-heading-3\" href=\"https:\/\/moverdb.com\/sl\/freight-forwarder\/freight-forwarding-uk\/dover-freight-forwarder\/#JSA_GLOBAL_LTD_DOVER\" >JSA GLOBAL LTD DOVER<\/a><\/li><li class='ez-toc-page-1 ez-toc-heading-level-2'><a class=\"ez-toc-link ez-toc-heading-4\" href=\"https:\/\/moverdb.com\/sl\/freight-forwarder\/freight-forwarding-uk\/dover-freight-forwarder\/#Comfret_TTD_Ltd\" >Comfret TTD Ltd<\/a><\/li><li class='ez-toc-page-1 ez-toc-heading-level-2'><a class=\"ez-toc-link ez-toc-heading-5\" href=\"https:\/\/moverdb.com\/sl\/freight-forwarder\/freight-forwarding-uk\/dover-freight-forwarder\/#Freight_Direct_Ltd\" >Freight Direct Ltd<\/a><\/li><li class='ez-toc-page-1 ez-toc-heading-level-2'><a class=\"ez-toc-link ez-toc-heading-6\" href=\"https:\/\/moverdb.com\/sl\/freight-forwarder\/freight-forwarding-uk\/dover-freight-forwarder\/#Clearfr8_Ltd_Customs_Clearance_Logistics\" >Clearfr8 Ltd Carinjenje in logistika<\/a><\/li><li class='ez-toc-page-1 ez-toc-heading-level-2'><a class=\"ez-toc-link ez-toc-heading-7\" href=\"https:\/\/moverdb.com\/sl\/freight-forwarder\/freight-forwarding-uk\/dover-freight-forwarder\/#Eurolink_Services_Ltd\" >Eurolink Services Ltd<\/a><\/li><li class='ez-toc-page-1 ez-toc-heading-level-2'><a class=\"ez-toc-link ez-toc-heading-8\" href=\"https:\/\/moverdb.com\/sl\/freight-forwarder\/freight-forwarding-uk\/dover-freight-forwarder\/#FS_Mackenzie_Ltd\" >F.S. Mackenzie Ltd<\/a><\/li><li class='ez-toc-page-1 ez-toc-heading-level-2'><a class=\"ez-toc-link ez-toc-heading-9\" href=\"https:\/\/moverdb.com\/sl\/freight-forwarder\/freight-forwarding-uk\/dover-freight-forwarder\/#COYOTE_Logistics_UK\" >COYOTE Logistics (Zdru\u017eeno kraljestvo)<\/a><\/li><li class='ez-toc-page-1 ez-toc-heading-level-2'><a class=\"ez-toc-link ez-toc-heading-10\" href=\"https:\/\/moverdb.com\/sl\/freight-forwarder\/freight-forwarding-uk\/dover-freight-forwarder\/#Clear_Fr8_Limited\" >Jasno Fr8 Limited<\/a><\/li><li class='ez-toc-page-1 ez-toc-heading-level-2'><a class=\"ez-toc-link ez-toc-heading-11\" href=\"https:\/\/moverdb.com\/sl\/freight-forwarder\/freight-forwarding-uk\/dover-freight-forwarder\/#Sitra_UK_Ltd\" >Sitra UK Ltd<\/a><\/li><li class='ez-toc-page-1 ez-toc-heading-level-2'><a class=\"ez-toc-link ez-toc-heading-12\" href=\"https:\/\/moverdb.com\/sl\/freight-forwarder\/freight-forwarding-uk\/dover-freight-forwarder\/#Priority_Freight\" >Prednostni tovorni promet<\/a><\/li><li class='ez-toc-page-1 ez-toc-heading-level-2'><a class=\"ez-toc-link ez-toc-heading-13\" href=\"https:\/\/moverdb.com\/sl\/freight-forwarder\/freight-forwarding-uk\/dover-freight-forwarder\/#How_we_picked_the_best_Dover_Freight_Forwarding_Companies\" >Kako smo izbrali najbolj\u0161a \u0161pediterska podjetja Dover<\/a><\/li><\/ul><\/nav><\/div>\n<h2><span class=\"ez-toc-section\" id=\"DHL_Freight\"><\/span>DHL Freight<span class=\"ez-toc-section-end\"><\/span><\/h2>\n<p><img decoding=\"async\" src=\"https:\/\/moverdb.com\/wp-content\/uploads\/thumbnailpanoidhyIMg0p_vRkaauSQ64sAmwcb_clientsearch.gws-prod.gpsw408h240yaw243.jpg\" alt='DHL Freight' class=\"aligncenter\"><\/p>\n<p><strong>Opis iz podjetja: <\/strong>Ni na voljo<\/p>\n<p><strong>Dodatne storitve:<\/strong><\/p>\n<p>Ni na seznamu<\/p>\n<p><strong>Naslov:<\/strong> Charlton House, Dour St, Dover CT16 1AT, <a href=\"https:\/\/moverdb.com\/sl\/moving-to-the-uk\/\" data-internallinksmanager029f6b8e52c=\"93\" title=\"Selitev v Zdru\u017eeno kraljestvo? 2022 \u017divljenjski stro\u0161ki in nasveti za selitev\">Zdru\u017eeno kraljestvo<\/a><\/p>\n<p><a href=\"http:\/\/www.dhl.co.uk\/freight\" target=\"_new\" rel=\"noopener\">Spletna stran DHL Freight<\/a><\/p>\n<p><strong>Ocena pregleda: <\/strong>5<br \/> <strong>\u0160tevilo pregledov:<\/strong> 2<br \/><a href=\"https:\/\/www.google.fr\/maps?cid=8689316315570098281&#038;hl=en&#038;gl=FR\" target=\"_new\" rel=\"noopener\">Preberi mnenja<\/a><\/p>\n<h2><span class=\"ez-toc-section\" id=\"Global_Freight_Connections_Ltd\"><\/span>Global Freight Connections Ltd<span class=\"ez-toc-section-end\"><\/span><\/h2>\n<p><img decoding=\"async\" src=\"https:\/\/moverdb.com\/wp-content\/uploads\/AF1QipMGVrsQ6MvlRYJcMBYXdSS9D9g3rWx0v5MjAGilw408-h408-k-no.jpg\" alt='Global Freight Connections Ltd' class=\"aligncenter\"><\/p>\n<p><strong>Opis iz podjetja: <\/strong>Dru\u017ebo GFC je leta 2002 ustanovil direktor Paul Marshall.<\/p>\n<p> Od na\u0161e ustanovitve smo se raz\u0161irili v vodilno neodvisno podjetje, ki <a href=\"https:\/\/moverdb.com\/sl\/freight-forwarder\/\" data-internallinksmanager029f6b8e52c=\"17\" title=\"\u0160pediter in NVOCC Mednarodni vodnik po stro\u0161kih in podjetjih\">\u0161pediter<\/a> priznani in spo\u0161tovani v industriji zaradi strokovnih in zanesljivih storitev, pri \u010demer ohranjamo vse pomembne osebne odnose s strankami.<\/p>\n<p>Uspeh dru\u017ebe GFC je bil dose\u017een z zelo izku\u0161eno in predano ekipo, ki si skupaj s svetovno mre\u017eo izbranih zastopnikov in partnerjev prizadeva ohranjati visoke standarde, ki jih pri\u010dakujejo na\u0161e stranke. <a href=\"https:\/\/moverdb.com\/sl\/moving-to-the-united-states\/\" data-internallinksmanager029f6b8e52c=\"94\" title=\"Selitev v Zdru\u017eene dr\u017eave Amerike? 2022 \u017divljenjski stro\u0161ki in nasveti za selitev\">nas<\/a> za zagotavljanje prvovrstnih storitev po vsem svetu.<\/p>\n<p><strong>Dodatne storitve:<\/strong><\/p>\n<p>Ni na seznamu<\/p>\n<p><strong>Naslov:<\/strong> Poslovni park Poulton, Poulton Cl, Dover CT17 0HL<\/p>\n<p><a href=\"https:\/\/www.gfc-group.co.uk\/\" target=\"_new\" rel=\"noopener\">Spletna stran podjetja Global Freight Connections Ltd<\/a><\/p>\n<p><strong>Ocena pregleda: <\/strong>5<br \/> <strong>\u0160tevilo pregledov:<\/strong> 1<br \/><a href=\"https:\/\/www.google.co.uk\/maps?cid=5202575149502542298&#038;hl=en&#038;gl=GB\" target=\"_new\" rel=\"noopener\">Preberi mnenja<\/a><\/p>\n<h2><span class=\"ez-toc-section\" id=\"JSA_GLOBAL_LTD_DOVER\"><\/span>JSA GLOBAL LTD DOVER<span class=\"ez-toc-section-end\"><\/span><\/h2>\n<p><img decoding=\"async\" src=\"https:\/\/moverdb.com\/wp-content\/uploads\/thumbnailpanoidej2wXG3j1YMIc4VZMkXnFQcb_clientsearch.gws-prod.gpsw408h240yaw84.jpg\" alt='JSA GLOBAL LTD DOVER' class=\"aligncenter\"><\/p>\n<p><strong>Opis iz podjetja: <\/strong>Ni na voljo<\/p>\n<p><strong>Dodatne storitve:<\/strong><\/p>\n<p>Ni na seznamu<\/p>\n<p><strong>Naslov:<\/strong> Lord Warden Square, Dover CT17 9EH<\/p>\n<p><a href=\"http:\/\/www.jsaglobal.com\/home\" target=\"_new\" rel=\"noopener\">Spletna stran podjetja JSA GLOBAL LTD DOVER<\/a><\/p>\n<p><strong>Ocena pregleda: <\/strong>4<br \/> <strong>\u0160tevilo pregledov:<\/strong> 3<br \/><a href=\"https:\/\/www.google.co.uk\/maps?cid=8521773904523701803&#038;hl=en&#038;gl=GB\" target=\"_new\" rel=\"noopener\">Preberi mnenja<\/a><\/p>\n<h2><span class=\"ez-toc-section\" id=\"Comfret_TTD_Ltd\"><\/span>Comfret TTD Ltd<span class=\"ez-toc-section-end\"><\/span><\/h2>\n<p><img decoding=\"async\" src=\"https:\/\/moverdb.com\/wp-content\/uploads\/thumbnailpanoidAbR95c620APvNEPVFZYCnQcb_clientsearch.gws-prod.gpsw408h240yaw89.jpg\" alt='Comfret TTD Ltd' class=\"aligncenter\"><\/p>\n<p><strong>Opis iz podjetja: <\/strong>Ni na voljo<\/p>\n<p><strong>Dodatne storitve:<\/strong><\/p>\n<p>Ni na seznamu<\/p>\n<p><strong>Naslov:<\/strong> Poslovni center White Cliffs, Honeywood Road, Whitfield, Dover CT16 3EH<\/p>\n<p><a href=\"https:\/\/www.comfret-ttd.com\/\" target=\"_new\" rel=\"noopener\">Spletna stran podjetja Comfret TTD Ltd<\/a><\/p>\n<p><strong>Ocena pregleda: <\/strong>5<br \/> <strong>\u0160tevilo pregledov:<\/strong> 1<br \/><a href=\"https:\/\/www.google.co.uk\/maps?cid=11232541911890760340&#038;hl=en&#038;gl=GB\" target=\"_new\" rel=\"noopener\">Preberi mnenja<\/a><\/p>\n<h2><span class=\"ez-toc-section\" id=\"Freight_Direct_Ltd\"><\/span>Freight Direct Ltd<span class=\"ez-toc-section-end\"><\/span><\/h2>\n<p><img decoding=\"async\" src=\"https:\/\/moverdb.com\/wp-content\/uploads\/thumbnailpanoidS2dNWLK7C9yxbDvnlWEjEwcb_clientsearch.gws-prod.gpsw408h240yaw54.jpg\" alt='Freight Direct Ltd' class=\"aligncenter\"><\/p>\n<p><strong>Opis iz podjetja: <\/strong>Ni na voljo<\/p>\n<p><strong>Dodatne storitve:<\/strong><\/p>\n<p>Ni na seznamu<\/p>\n<p><strong>Naslov:<\/strong> Honeywood House, 1A, Honeywood Rd, Whitfield, Dover CT16 3EH<\/p>\n<p><a href=\"http:\/\/www.freightdirectuk.com\/\" target=\"_new\" rel=\"noopener\">Spletna stran Freight Direct Ltd<\/a><\/p>\n<p><strong>Ocena pregleda: <\/strong>5<br \/> <strong>\u0160tevilo pregledov:<\/strong> 1<br \/><a href=\"https:\/\/www.google.co.uk\/maps?cid=14905862351930954093&#038;hl=en&#038;gl=GB\" target=\"_new\" rel=\"noopener\">Preberi mnenja<\/a><\/p>\n<h2><span class=\"ez-toc-section\" id=\"Clearfr8_Ltd_Customs_Clearance_Logistics\"><\/span>Clearfr8 Ltd Carinjenje in logistika<span class=\"ez-toc-section-end\"><\/span><\/h2>\n<p><img decoding=\"async\" src=\"https:\/\/moverdb.com\/wp-content\/uploads\/thumbnailpanoidAaLYoxrdlEiAML_EHwEfLgcb_clientsearch.gws-prod.gpsw408h240yaw274.jpg\" alt='Clearfr8 Ltd Carinjenje in logistika' class=\"aligncenter\"><\/p>\n<p><strong>Opis iz podjetja: <\/strong>Ni na voljo<\/p>\n<p><strong>Dodatne storitve:<\/strong><\/p>\n<p>Carinski posrednik<\/p>\n<p>Distribucijska storitev<\/p>\n<p>Skladi\u0161\u010de<\/p>\n<p><strong>Naslov:<\/strong> Clear Fr8 Limited, Hammond House, Limekiln St, Dover CT17 9EF<\/p>\n<p><a href=\"http:\/\/www.clearfr8.com\/\" target=\"_new\" rel=\"noopener\">Spletna stran Clearfr8 Ltd Carinjenje in logistika<\/a><\/p>\n<p><strong>Ocena pregleda: <\/strong>5<br \/> <strong>\u0160tevilo pregledov:<\/strong> 1<br \/><a href=\"https:\/\/www.google.co.uk\/maps?cid=5654440680659315796&#038;hl=en&#038;gl=GB\" target=\"_new\" rel=\"noopener\">Preberi mnenja<\/a><\/p>\n<h2><span class=\"ez-toc-section\" id=\"Eurolink_Services_Ltd\"><\/span>Eurolink Services Ltd<span class=\"ez-toc-section-end\"><\/span><\/h2>\n<p><img decoding=\"async\" src=\"https:\/\/moverdb.com\/wp-content\/uploads\/thumbnailpanoidJBG7V8Fd5MK_7iAZ-38tNwcb_clientsearch.gws-prod.gpsw408h240yaw83.jpg\" alt='Eurolink Services Ltd' class=\"aligncenter\"><\/p>\n<p><strong>Opis iz podjetja: <\/strong>Ni na voljo<\/p>\n<p><strong>Dodatne storitve:<\/strong><\/p>\n<p>Ni na seznamu<\/p>\n<p><strong>Naslov:<\/strong> Mezzanine Floor, Lord Warden House, 22 24 Lord Warden Square, Dover CT17 9EQ<\/p>\n<p><a href=\"http:\/\/www.eurolinkservices.co.uk\/\" target=\"_new\" rel=\"noopener\">Spletna stran Eurolink Services Ltd<\/a><\/p>\n<p><strong>Ocena pregleda: <\/strong>5<br \/> <strong>\u0160tevilo pregledov:<\/strong> 1<br \/><a href=\"https:\/\/www.google.co.uk\/maps?cid=4330724897310804793&#038;hl=en&#038;gl=GB\" target=\"_new\" rel=\"noopener\">Preberi mnenja<\/a><\/p>\n<h2><span class=\"ez-toc-section\" id=\"FS_Mackenzie_Ltd\"><\/span>F.S. Mackenzie Ltd<span class=\"ez-toc-section-end\"><\/span><\/h2>\n<p><img decoding=\"async\" src=\"https:\/\/moverdb.com\/wp-content\/uploads\/thumbnailpanoidQeKKdycD6JvMEUMtwmvKdgcb_clientsearch.gws-prod.gpsw408h240yaw207.jpg\" alt='F.S. Mackenzie Ltd' class=\"aligncenter\"><\/p>\n<p><strong>Opis iz podjetja: <\/strong>Zagotavljanje re\u0161itev za tovorni promet po vsem svetu<\/p>\n<p><strong>Dodatne storitve:<\/strong><\/p>\n<p>Ni na seznamu<\/p>\n<p><strong>Naslov:<\/strong> Poulton Cl, Dover CT17 0HL<\/p>\n<p><a href=\"http:\/\/www.fsmac.com\/\" target=\"_new\" rel=\"noopener\">Spletna stran podjetja F.S. Mackenzie Ltd<\/a><\/p>\n<p><strong>Ocena pregleda: <\/strong>5<br \/> <strong>\u0160tevilo pregledov:<\/strong> 1<br \/><a href=\"https:\/\/www.google.co.uk\/maps?cid=11366469388786379796&#038;hl=en&#038;gl=GB\" target=\"_new\" rel=\"noopener\">Preberi mnenja<\/a><\/p>\n<h2><span class=\"ez-toc-section\" id=\"COYOTE_Logistics_UK\"><\/span>COYOTE Logistics (Zdru\u017eeno kraljestvo)<span class=\"ez-toc-section-end\"><\/span><\/h2>\n<p><img decoding=\"async\" src=\"https:\/\/moverdb.com\/wp-content\/uploads\/AF1QipMgBiMHtiTU_WOBKJlCNciXJxwEO0sZDTZCWR6qw426-h240-k-no.jpg\" alt='COYOTE Logistics (Zdru\u017eeno kraljestvo)' class=\"aligncenter\"><\/p>\n<p><strong>Opis iz podjetja: <\/strong>Ni na voljo<\/p>\n<p><strong>Dodatne storitve:<\/strong><\/p>\n<p>Ni na seznamu<\/p>\n<p><strong>Naslov:<\/strong> Peto nadstropje Maybrook House, Queens Gardens, Dover CT17 9AH<\/p>\n<p><a href=\"https:\/\/www.coyotelogistics.com\/\" target=\"_new\" rel=\"noopener\">Spletna stran podjetja COYOTE Logistics (Zdru\u017eeno kraljestvo)<\/a><\/p>\n<p><strong>Ocena pregleda: <\/strong>4.2<br \/> <strong>\u0160tevilo pregledov:<\/strong> 6<br \/><a href=\"https:\/\/www.google.co.uk\/maps?cid=6956996484917909858&#038;hl=en&#038;gl=GB\" target=\"_new\" rel=\"noopener\">Preberi mnenja<\/a><\/p>\n<h2><span class=\"ez-toc-section\" id=\"Clear_Fr8_Limited\"><\/span>Jasno Fr8 Limited<span class=\"ez-toc-section-end\"><\/span><\/h2>\n<p><img decoding=\"async\" src=\"https:\/\/moverdb.com\/wp-content\/uploads\/thumbnailpanoidDGHBrRu0t1iyy4EgzoEIwQcb_clientsearch.gws-prod.gpsw408h240yaw59.jpg\" alt='Jasno Fr8 Limited' class=\"aligncenter\"><\/p>\n<p><strong>Opis iz podjetja: <\/strong>Ustanovljena leta 2017 na podlagi 50-letnega strokovnega znanja in izku\u0161enj na podro\u010dju tovornega prometa, carinjenja in transporta Clear Fr8 Limited zagotavlja varne roke, ki bodo poskrbele za va\u0161e potrebe in potrebe va\u0161ih strank.<\/p>\n<p> Ne glede na to, ali gre za cestni, pomorski, zra\u010dni ali \u017eelezni\u0161ki prevoz Clear Fr8 Limited odlikuje brezpla\u010dno in nepristransko svetovanje svojim strankam o vseh zadevah, povezanih s carinjenjem, \u0161pedicijo ali re\u0161itvami veri\u017ene oskrbe.<\/p>\n<p> Pokrivamo vse glavne cestne, pomorske, zra\u010dne in \u017eelezni\u0161ke povezave v Zdru\u017eenem kraljestvu. <a href=\"https:\/\/moverdb.com\/sl\/top-49-container-ports\/\" data-internallinksmanager029f6b8e52c=\"80\" title=\"Top 49 najve\u010djih in najbolj obremenjenih pristani\u0161\u010d za kontejnerje v letu 2025\">pristani\u0161\u010da<\/a> V na\u0161i 24-urni pisarni, ki se nahaja nedale\u010d od Doverja v Kentu, vam nudimo lokalno znanje, ki zagotavlja, da va\u0161 tovor prispe pravo\u010dasno in v skladu s carinskimi predpisi.<\/p>\n<p><strong>Dodatne storitve:<\/strong><\/p>\n<p>Ni na seznamu<\/p>\n<p><strong>Naslov:<\/strong> Hammond House, Limekiln St, Dover CT17 9EF<\/p>\n<p><a href=\"https:\/\/clearfr8.com\/\" target=\"_new\" rel=\"noopener\">Jasna spletna stran Fr8 Limited<\/a><\/p>\n<p><strong>Ocena pregleda: <\/strong>5<br \/> <strong>\u0160tevilo pregledov:<\/strong> 4<br \/><a href=\"https:\/\/www.google.co.uk\/maps?cid=3034304738884427400&#038;hl=en&#038;gl=GB\" target=\"_new\" rel=\"noopener\">Preberi mnenja<\/a><\/p>\n<h2><span class=\"ez-toc-section\" id=\"Sitra_UK_Ltd\"><\/span>Sitra UK Ltd<span class=\"ez-toc-section-end\"><\/span><\/h2>\n<p><img decoding=\"async\" src=\"https:\/\/moverdb.com\/wp-content\/uploads\/AF1QipMwdG9b4UoI5D2KNqlDYX5p4ThRV66T5so8Fzoxw426-h240-k-no.jpg\" alt='Sitra UK Ltd' class=\"aligncenter\"><\/p>\n<p><strong>Opis iz podjetja: <\/strong>Ni na voljo<\/p>\n<p><strong>Dodatne storitve:<\/strong><\/p>\n<p>Ni na seznamu<\/p>\n<p><strong>Naslov:<\/strong> 2 Honeywood Cl, Whitfield, Dover CT16 3PX<\/p>\n<p><a href=\"https:\/\/www.sitra-group.com\/en\/\" target=\"_new\" rel=\"noopener\">Spletna stran Sitra UK Ltd<\/a><\/p>\n<p><strong>Ocena pregleda: <\/strong>3.9<br \/> <strong>\u0160tevilo pregledov:<\/strong> 52<br \/><a href=\"https:\/\/www.google.co.uk\/maps?cid=14668402309509598013&#038;hl=en&#038;gl=GB\" target=\"_new\" rel=\"noopener\">Preberi mnenja<\/a><\/p>\n<h2><span class=\"ez-toc-section\" id=\"Priority_Freight\"><\/span>Prednostni tovorni promet<span class=\"ez-toc-section-end\"><\/span><\/h2>\n<p><img decoding=\"async\" src=\"https:\/\/moverdb.com\/wp-content\/uploads\/thumbnailpanoid81W6LbQTKvtEkULieMa29Qcb_clientsearch.gws-prod.gpsw408h240yaw319.jpg\" alt='Prednostni tovorni promet' class=\"aligncenter\"><\/p>\n<p><strong>Opis iz podjetja: <\/strong>Ni na voljo<\/p>\n<p><strong>Dodatne storitve:<\/strong><\/p>\n<p>Ni na seznamu<\/p>\n<p><strong>Naslov:<\/strong> Whitfield, Dover CT16 3NJ<\/p>\n<p><a href=\"https:\/\/priorityfreight.com\/\" target=\"_new\" rel=\"noopener\">Spletno mesto Priority Freight<\/a><\/p>\n<p><strong>Ocena pregleda: <\/strong>5<br \/> <strong>\u0160tevilo pregledov:<\/strong> 3<br \/><a href=\"https:\/\/www.google.co.uk\/maps?cid=5254570117316346898&#038;hl=en&#038;gl=GB\" target=\"_new\" rel=\"noopener\">Preberi mnenja<\/a><\/p>\n<h2><span class=\"ez-toc-section\" id=\"How_we_picked_the_best_Dover_Freight_Forwarding_Companies\"><\/span>Kako smo izbrali najbolj\u0161a \u0161pediterska podjetja Dover<span class=\"ez-toc-section-end\"><\/span><\/h2>\n<p>Za\u010deli smo z naborom podatkov 25 \u0161pediterskih podjetij Dover, ki smo jih na\u0161li prek Googlovih zemljevidov, in ga zo\u017eili na 12 najbolj\u0161ih.<\/p>\n<p>Pri tem smo odstranili vsa podjetja, ki:<\/p>\n<ul>\n<li> ni imel spletne strani<\/li>\n<li> Ni bilo pregledov<\/li>\n<li> Povpre\u010dna ocena pregleda je bila ni\u017eja od 2,0<\/li>\n<\/ul>\n<p>\u010ce smo imeli 17 ali manj \u0161pediterjev, smo jih navedli vse.<\/p>\n<p>Za mesta, kjer je ostalo ve\u010d kot 17 posrednikov, smo opravili nadaljnje popravke, tako da smo zvi\u0161ali zahtevano oceno pregleda (npr. z najmanj 2,0 na 4,0) in\/ali pove\u010dali najmanj\u0161e \u0161tevilo zahtevanih pregledov (npr. z najmanj 1 pregleda na najmanj 10).<\/p>\n<p>Upo\u0161tevajte, da smo uporabili samo podatke o pregledih iz Google Maps in ne iz drugih spletnih mest tretjih oseb.<\/p>\n<p>Ve\u010d mest:<\/p>\n<p><a href=\"https:\/\/moverdb.com\/sl\/spediter\/freight-forwarding-uk\/ashford-freight-forwarder\/\">Ashford Freight Forwarder<\/a><br \/><a href=\"https:\/\/moverdb.com\/sl\/spediter\/freight-forwarding-uk\/egham-freight-forwarder\/\">Egham \u0161pediter<\/a><br \/><a href=\"https:\/\/moverdb.com\/sl\/spediter\/freight-forwarding-uk\/leeds-freight-forwarder\/\">\u0160pediter Leeds<\/a><br \/><a href=\"https:\/\/moverdb.com\/sl\/spediter\/freight-forwarding-uk\/belfast-freight-forwarder\/\">Belfast \u0161pediter<\/a><br \/><a href=\"https:\/\/moverdb.com\/sl\/spediter\/freight-forwarding-uk\/hayes-freight-forwarder\/\">Hayes \u0161pediter<\/a><\/p>","protected":false},"excerpt":{"rendered":"<p>Below we look at the 12 &#8220;best&#8221; Freight Forwarding companies in Dover out of 25. To learn more about how we chose the best please consult our FAQ section at the end. Please not the following listings are in no particular order and we are not making any recommendations for any particular company. DHL Freight [&hellip;]<\/p>\n","protected":false},"author":1,"featured_media":0,"parent":13427,"menu_order":0,"comment_status":"open","ping_status":"open","template":"","meta":{"_genesis_hide_title":false,"_genesis_hide_breadcrumbs":false,"_genesis_hide_singular_image":false,"_genesis_hide_footer_widgets":false,"_genesis_custom_body_class":"","_genesis_custom_post_class":"","_genesis_layout":"","footnotes":""},"class_list":{"0":"post-13654","1":"page","2":"type-page","3":"status-publish","5":"entry"},"_links":{"self":[{"href":"https:\/\/moverdb.com\/sl\/wp-json\/wp\/v2\/pages\/13654","targetHints":{"allow":["GET"]}}],"collection":[{"href":"https:\/\/moverdb.com\/sl\/wp-json\/wp\/v2\/pages"}],"about":[{"href":"https:\/\/moverdb.com\/sl\/wp-json\/wp\/v2\/types\/page"}],"author":[{"embeddable":true,"href":"https:\/\/moverdb.com\/sl\/wp-json\/wp\/v2\/users\/1"}],"replies":[{"embeddable":true,"href":"https:\/\/moverdb.com\/sl\/wp-json\/wp\/v2\/comments?post=13654"}],"version-history":[{"count":1,"href":"https:\/\/moverdb.com\/sl\/wp-json\/wp\/v2\/pages\/13654\/revisions"}],"predecessor-version":[{"id":15686,"href":"https:\/\/moverdb.com\/sl\/wp-json\/wp\/v2\/pages\/13654\/revisions\/15686"}],"up":[{"embeddable":true,"href":"https:\/\/moverdb.com\/sl\/wp-json\/wp\/v2\/pages\/13427"}],"wp:attachment":[{"href":"https:\/\/moverdb.com\/sl\/wp-json\/wp\/v2\/media?parent=13654"}],"curies":[{"name":"wp","href":"https:\/\/api.w.org\/{rel}","templated":true}]}}