{"id":13640,"date":"2023-11-08T15:51:25","date_gmt":"2023-11-08T15:51:25","guid":{"rendered":"https:\/\/moverdb.com\/freight-forwarder\/freight-forwarding-uk\/sheffield-freight-forwarder\/"},"modified":"2026-01-08T14:55:34","modified_gmt":"2026-01-08T14:55:34","slug":"sheffield-freight-forwarder","status":"publish","type":"page","link":"https:\/\/moverdb.com\/sl\/freight-forwarder\/freight-forwarding-uk\/sheffield-freight-forwarder\/","title":{"rendered":"12 najbolj\u0161ih \u0161pediterskih podjetij v Sheffieldu (2024)"},"content":{"rendered":"<p>V nadaljevanju si bomo ogledali 12 <em>\"najbolj\u0161e\"<\/em> \u0160pedicijska podjetja v <a href=\"\" data-internallinksmanager029f6b8e52c=\"66\" title=\"Sheffield\">Sheffield<\/a> od 17.<\/p>\n<p>\u010ce \u017eelite izvedeti ve\u010d o tem, kako smo izbrali najbolj\u0161e, si na koncu oglejte razdelek Pogosta vpra\u0161anja.<\/p>\n<p><em>Prosimo, upo\u0161tevajte, da naslednji seznami niso razvr\u0161\u010deni po dolo\u010denem vrstnem redu in da ne priporo\u010damo nobenega podjetja.<\/em><\/p>\n<div id=\"ez-toc-container\" class=\"ez-toc-v2_0_82_2 ez-toc-wrap-left counter-hierarchy ez-toc-counter ez-toc-transparent ez-toc-container-direction\">\n<div class=\"ez-toc-title-container\">\n<p class=\"ez-toc-title\" style=\"cursor:inherit\">Oddelki<\/p>\n<span class=\"ez-toc-title-toggle\"><a href=\"#\" class=\"ez-toc-pull-right ez-toc-btn ez-toc-btn-xs ez-toc-btn-default ez-toc-toggle\" aria-label=\"Toggle Tabela vsebine\"><span class=\"ez-toc-js-icon-con\"><span class=\"\"><span class=\"eztoc-hide\" style=\"display:none;\">Toggle<\/span><span class=\"ez-toc-icon-toggle-span\"><svg style=\"fill: #999;color:#999\" xmlns=\"http:\/\/www.w3.org\/2000\/svg\" class=\"list-377408\" width=\"20px\" height=\"20px\" viewbox=\"0 0 24 24\" fill=\"none\"><path d=\"M6 6H4v2h2V6zm14 0H8v2h12V6zM4 11h2v2H4v-2zm16 0H8v2h12v-2zM4 16h2v2H4v-2zm16 0H8v2h12v-2z\" fill=\"currentColor\"><\/path><\/svg><svg style=\"fill: #999;color:#999\" class=\"arrow-unsorted-368013\" xmlns=\"http:\/\/www.w3.org\/2000\/svg\" width=\"10px\" height=\"10px\" viewbox=\"0 0 24 24\" version=\"1.2\" baseprofile=\"tiny\"><path d=\"M18.2 9.3l-6.2-6.3-6.2 6.3c-.2.2-.3.4-.3.7s.1.5.3.7c.2.2.4.3.7.3h11c.3 0 .5-.1.7-.3.2-.2.3-.5.3-.7s-.1-.5-.3-.7zM5.8 14.7l6.2 6.3 6.2-6.3c.2-.2.3-.5.3-.7s-.1-.5-.3-.7c-.2-.2-.4-.3-.7-.3h-11c-.3 0-.5.1-.7.3-.2.2-.3.5-.3.7s.1.5.3.7z\"\/><\/svg><\/span><\/span><\/span><\/a><\/span><\/div>\n<nav><ul class='ez-toc-list ez-toc-list-level-1 eztoc-toggle-hide-by-default' ><li class='ez-toc-page-1 ez-toc-heading-level-2'><a class=\"ez-toc-link ez-toc-heading-1\" href=\"https:\/\/moverdb.com\/sl\/freight-forwarder\/freight-forwarding-uk\/sheffield-freight-forwarder\/#NINE56_Ltd\" >NINE56 Ltd.<\/a><\/li><li class='ez-toc-page-1 ez-toc-heading-level-2'><a class=\"ez-toc-link ez-toc-heading-2\" href=\"https:\/\/moverdb.com\/sl\/freight-forwarder\/freight-forwarding-uk\/sheffield-freight-forwarder\/#Logillistics\" >Logistika<\/a><\/li><li class='ez-toc-page-1 ez-toc-heading-level-2'><a class=\"ez-toc-link ez-toc-heading-3\" href=\"https:\/\/moverdb.com\/sl\/freight-forwarder\/freight-forwarding-uk\/sheffield-freight-forwarder\/#Unity_Logistics\" >Logistika enotnosti<\/a><\/li><li class='ez-toc-page-1 ez-toc-heading-level-2'><a class=\"ez-toc-link ez-toc-heading-4\" href=\"https:\/\/moverdb.com\/sl\/freight-forwarder\/freight-forwarding-uk\/sheffield-freight-forwarder\/#Quality_Freight_Services_Ltd\" >Quality Freight Services Ltd<\/a><\/li><li class='ez-toc-page-1 ez-toc-heading-level-2'><a class=\"ez-toc-link ez-toc-heading-5\" href=\"https:\/\/moverdb.com\/sl\/freight-forwarder\/freight-forwarding-uk\/sheffield-freight-forwarder\/#ATWS_Logistics_Consultancy_Ltd\" >ATWS Logistics Consultancy Ltd<\/a><\/li><li class='ez-toc-page-1 ez-toc-heading-level-2'><a class=\"ez-toc-link ez-toc-heading-6\" href=\"https:\/\/moverdb.com\/sl\/freight-forwarder\/freight-forwarding-uk\/sheffield-freight-forwarder\/#Metoni_Logistics\" >Metoni Logistics<\/a><\/li><li class='ez-toc-page-1 ez-toc-heading-level-2'><a class=\"ez-toc-link ez-toc-heading-7\" href=\"https:\/\/moverdb.com\/sl\/freight-forwarder\/freight-forwarding-uk\/sheffield-freight-forwarder\/#Freight_Despatch_Worldwide\" >Po\u0161iljanje tovora po vsem svetu<\/a><\/li><li class='ez-toc-page-1 ez-toc-heading-level-2'><a class=\"ez-toc-link ez-toc-heading-8\" href=\"https:\/\/moverdb.com\/sl\/freight-forwarder\/freight-forwarding-uk\/sheffield-freight-forwarder\/#MBL_Worldwide\" >MBL Worldwide<\/a><\/li><li class='ez-toc-page-1 ez-toc-heading-level-2'><a class=\"ez-toc-link ez-toc-heading-9\" href=\"https:\/\/moverdb.com\/sl\/freight-forwarder\/freight-forwarding-uk\/sheffield-freight-forwarder\/#Dolphin_Freight_Services_Ltd\" >Dolphin Freight Services Ltd<\/a><\/li><li class='ez-toc-page-1 ez-toc-heading-level-2'><a class=\"ez-toc-link ez-toc-heading-10\" href=\"https:\/\/moverdb.com\/sl\/freight-forwarder\/freight-forwarding-uk\/sheffield-freight-forwarder\/#BSC-Essex_Freight\" >BSC-Essex tovorni promet<\/a><\/li><li class='ez-toc-page-1 ez-toc-heading-level-2'><a class=\"ez-toc-link ez-toc-heading-11\" href=\"https:\/\/moverdb.com\/sl\/freight-forwarder\/freight-forwarding-uk\/sheffield-freight-forwarder\/#International_Freight_Solutions_Ltd\" >International Freight Solutions Ltd<\/a><\/li><li class='ez-toc-page-1 ez-toc-heading-level-2'><a class=\"ez-toc-link ez-toc-heading-12\" href=\"https:\/\/moverdb.com\/sl\/freight-forwarder\/freight-forwarding-uk\/sheffield-freight-forwarder\/#Worldwide_Logisitcs_Group_UK\" >Worldwide Logisitcs Group Velika Britanija<\/a><\/li><li class='ez-toc-page-1 ez-toc-heading-level-2'><a class=\"ez-toc-link ez-toc-heading-13\" href=\"https:\/\/moverdb.com\/sl\/freight-forwarder\/freight-forwarding-uk\/sheffield-freight-forwarder\/#How_we_picked_the_best_Sheffield_Freight_Forwarding_Companies\" >Kako smo izbrali najbolj\u0161a \u0161pediterska podjetja iz Sheffielda<\/a><\/li><\/ul><\/nav><\/div>\n<h2><span class=\"ez-toc-section\" id=\"NINE56_Ltd\"><\/span>NINE56 Ltd.<span class=\"ez-toc-section-end\"><\/span><\/h2>\n<p><img decoding=\"async\" src=\"https:\/\/moverdb.com\/wp-content\/uploads\/thumbnailpanoid7L5RtXsa0l2EVG_O5xd6cAcb_clientsearch.gws-prod.gpsw408h240yaw137.jpg\" alt='NINE56 Ltd.' class=\"aligncenter\"><\/p>\n<p><strong>Opis iz podjetja: <\/strong>Ni na voljo<\/p>\n<p><strong>Dodatne storitve:<\/strong><\/p>\n<p>Ni na seznamu<\/p>\n<p><strong>Naslov:<\/strong> 492 Grimesthorpe Rd, Sheffield S4 8LE<\/p>\n<p><a href=\"http:\/\/racingphotographic.co.uk\/\" target=\"_new\" rel=\"noopener\">Spletna stran podjetja NINE56 Ltd.<\/a><\/p>\n<p><strong>Ocena pregleda: <\/strong>2.5<br \/> <strong>\u0160tevilo pregledov:<\/strong> 2<br \/><a href=\"https:\/\/www.google.co.uk\/maps?cid=14583819038765427320&#038;hl=en&#038;gl=GB\" target=\"_new\" rel=\"noopener\">Preberi mnenja<\/a><\/p>\n<h2><span class=\"ez-toc-section\" id=\"Logillistics\"><\/span>Logistika<span class=\"ez-toc-section-end\"><\/span><\/h2>\n<p><img decoding=\"async\" src=\"https:\/\/moverdb.com\/wp-content\/uploads\/AF1QipOozHrdIDSafLAGaGa0d0eNczvAdrRqaFBW7OeVw408-h306-k-no.jpg\" alt='Logistika' class=\"aligncenter\"><\/p>\n<p><strong>Opis iz podjetja: <\/strong>Logillistics je razvijajo\u010de se regionalno logisti\u010dno podjetje, ki je mo\u010dno zavezano inovacijam, tehnologiji in odli\u010dnosti storitev ter zagotavlja celostne logisti\u010dne re\u0161itve, vklju\u010dno s projektno logistiko, zra\u010dnim in pomorskim prevozom, kopenskim prevozom, carinjenjem, skladi\u0161\u010denjem in upravljanjem distribucije.<\/p>\n<p><strong>Dodatne storitve:<\/strong><\/p>\n<p>Ni na seznamu<\/p>\n<p><strong>Naslov:<\/strong> Park House Lane Sher-inghs House, Sheffield S9 1XA<\/p>\n<p><a href=\"http:\/\/www.logillistics.co.uk\/\" target=\"_new\" rel=\"noopener\">Spletna stran Logillistics<\/a><\/p>\n<p><strong>Ocena pregleda: <\/strong>5<br \/> <strong>\u0160tevilo pregledov:<\/strong> 1<br \/><a href=\"https:\/\/www.google.co.uk\/maps?cid=5774184684835865063&#038;hl=en&#038;gl=GB\" target=\"_new\" rel=\"noopener\">Preberi mnenja<\/a><\/p>\n<h2><span class=\"ez-toc-section\" id=\"Unity_Logistics\"><\/span>Logistika enotnosti<span class=\"ez-toc-section-end\"><\/span><\/h2>\n<p><img decoding=\"async\" src=\"https:\/\/moverdb.com\/wp-content\/uploads\/thumbnailpanoid90F28Hm5DQOoPjdwg5fxfwcb_clientsearch.gws-prod.gpsw408h240yaw318.jpg\" alt='Logistika enotnosti' class=\"aligncenter\"><\/p>\n<p><strong>Opis iz podjetja: <\/strong><a href=\"https:\/\/moverdb.com\/sl\/moving-to-the-uk\/\" data-internallinksmanager029f6b8e52c=\"93\" title=\"Selitev v Zdru\u017eeno kraljestvo? 2022 \u017divljenjski stro\u0161ki in nasveti za selitev\">ZDRU\u017dENO KRALJESTVO<\/a> ter storitve mednarodnega \u0161pedicije in po\u0161iljanja.<\/p>\n<p> Ponudimo vam lahko po\u0161iljanje blaga po vsem svetu po cesti, morju, zraku in po kurirski slu\u017ebi ter spremljajo\u010de storitve za dostavo blaga od to\u010dke A do to\u010dke B.<\/p>\n<p><strong>Dodatne storitve:<\/strong><\/p>\n<p>Ni na seznamu<\/p>\n<p><strong>Naslov:<\/strong> Eckington Business Centre, 1 62 Market St, Eckington, Sheffield S21 4JH<\/p>\n<p><a href=\"http:\/\/www.unitylogistics.co.uk\/\" target=\"_new\" rel=\"noopener\">Spletna stran Unity Logistics<\/a><\/p>\n<p><strong>Ocena pregleda: <\/strong>5<br \/> <strong>\u0160tevilo pregledov:<\/strong> 4<br \/><a href=\"https:\/\/www.google.co.uk\/maps?cid=11473436603787998523&#038;hl=en&#038;gl=GB\" target=\"_new\" rel=\"noopener\">Preberi mnenja<\/a><\/p>\n<h2><span class=\"ez-toc-section\" id=\"Quality_Freight_Services_Ltd\"><\/span>Quality Freight Services Ltd<span class=\"ez-toc-section-end\"><\/span><\/h2>\n<p><img decoding=\"async\" src=\"\" alt=\"Quality Freight Services Ltd\" class=\"aligncenter\"><\/p>\n<p><strong>Opis iz podjetja: <\/strong>Ni na voljo<\/p>\n<p><strong>Dodatne storitve:<\/strong><\/p>\n<p>Ni na seznamu<\/p>\n<p><strong>Naslov:<\/strong> Enota C Pritli\u010dje, Centenary Works, 150 Little London Rd, Sheffield S8 0UJ<\/p>\n<p><a href=\"http:\/\/www.qualityfreight.co.uk\/\" target=\"_new\" rel=\"noopener\">Spletna stran podjetja Quality Freight Services Ltd<\/a><\/p>\n<p><strong>Ocena pregleda: <\/strong>5<br \/> <strong>\u0160tevilo pregledov:<\/strong> 4<br \/><a href=\"https:\/\/www.google.co.uk\/maps?cid=9317226809595756605&#038;hl=en&#038;gl=GB\" target=\"_new\" rel=\"noopener\">Preberi mnenja<\/a><\/p>\n<h2><span class=\"ez-toc-section\" id=\"ATWS_Logistics_Consultancy_Ltd\"><\/span>ATWS Logistics Consultancy Ltd<span class=\"ez-toc-section-end\"><\/span><\/h2>\n<p><img decoding=\"async\" src=\"https:\/\/moverdb.com\/wp-content\/uploads\/thumbnailpanoidLdZLeayCoUw-bOuhWIH0uQcb_clientsearch.gws-prod.gpsw408h240yaw307.jpg\" alt='ATWS Logistics Consultancy Ltd' class=\"aligncenter\"><\/p>\n<p><strong>Opis iz podjetja: <\/strong>ATWS Logistics poskrbi za vse va\u0161e transportne potrebe, saj vam lahko s skoraj 20-letnim znanjem v panogi svetujemo glede najbolj\u0161ega ali najugodnej\u0161ega na\u010dina prevoza va\u0161ega blaga.<\/p>\n<p>Na\u0161e podjetje vam prina\u0161a koristi, saj od prevoznikov kupujemo v velikih koli\u010dinah, kar pomeni, da vam lahko ponudimo odli\u010dne prihranke v primerjavi s cenami po spletnem ceniku.<\/p>\n<p> Pri mednarodnih in britanskih kurirskih storitvah zaupajte v po\u0161iljanje z DHL, UPS, TNT, FedExom, DPD in drugimi.<\/p>\n<p> Izkoristite na\u0161 dostop do konsolidiranih cen letalskih prevoznikov za prevoz va\u0161ega tovora.<\/p>\n<p><strong>Dodatne storitve:<\/strong><\/p>\n<p>kurirska slu\u017eba<\/p>\n<p>Storitev dostave<\/p>\n<p>Izvoznik<\/p>\n<p>Uvozno izvozno podjetje<\/p>\n<p>Logisti\u010dne storitve<\/p>\n<p>Prevozne storitve<\/p>\n<p><strong>Naslov:<\/strong> 39 Alison Cres, Sheffield S2 1AS<\/p>\n<p><a href=\"https:\/\/atwslogistics.co.uk\/\" target=\"_new\" rel=\"noopener\">Spletna stran ATWS Logistics Consultancy Ltd<\/a><\/p>\n<p><strong>Ocena pregleda: <\/strong>5<br \/> <strong>\u0160tevilo pregledov:<\/strong> 9<br \/><a href=\"https:\/\/www.google.co.uk\/maps?cid=16625878453004844754&#038;hl=en&#038;gl=GB\" target=\"_new\" rel=\"noopener\">Preberi mnenja<\/a><\/p>\n<h2><span class=\"ez-toc-section\" id=\"Metoni_Logistics\"><\/span>Metoni Logistics<span class=\"ez-toc-section-end\"><\/span><\/h2>\n<p><img decoding=\"async\" src=\"https:\/\/moverdb.com\/wp-content\/uploads\/AF1QipMXpn3Z6-pul8TChflorww8t0DmUOlMeeh7M-r5w408-h532-k-no.jpg\" alt='Metoni Logistics' class=\"aligncenter\"><\/p>\n<p><strong>Opis iz podjetja: <\/strong>Metoni Logistics ponuja vrsto globalnih \u0161pediterskih storitev, vklju\u010dno z notranjim prevozom, carinjenjem, kurirskimi storitvami, uvozom, izvozom in izpolnjevanjem naro\u010dil\/skladi\u0161\u010denjem.<\/p>\n<p> Obrnite se na podjetje in se pogovorite o svojih zahtevah, ad hoc ali pogodbenih.<\/p>\n<p> Uradne ure so ponedeljek, petek, 08:30-17:30, vendar se lahko podjetje na poizvedbe izven teh ur odzove po elektronski po\u0161ti.<\/p>\n<p><strong>Dodatne storitve:<\/strong><\/p>\n<p>Ni na seznamu<\/p>\n<p><strong>Naslov:<\/strong> Enote 2 &amp;, 3A Redwall Cl, Dinnington, Sheffield S25 3QA<\/p>\n<p><a href=\"https:\/\/www.metonilogistics.co.uk\/\" target=\"_new\" rel=\"noopener\">Spletna stran Metoni Logistics<\/a><\/p>\n<p><strong>Ocena pregleda: <\/strong>4.8<br \/> <strong>\u0160tevilo pregledov:<\/strong> 22<br \/><a href=\"https:\/\/www.google.co.uk\/maps?cid=17438250919113913033&#038;hl=en&#038;gl=GB\" target=\"_new\" rel=\"noopener\">Preberi mnenja<\/a><\/p>\n<h2><span class=\"ez-toc-section\" id=\"Freight_Despatch_Worldwide\"><\/span>Po\u0161iljanje tovora po vsem svetu<span class=\"ez-toc-section-end\"><\/span><\/h2>\n<p><img decoding=\"async\" src=\"https:\/\/moverdb.com\/wp-content\/uploads\/thumbnailpanoidLdZLeayCoUw-bOuhWIH0uQcb_clientsearch.gws-prod.gpsw408h240yaw309.jpg\" alt='Po\u0161iljanje tovora po vsem svetu' class=\"aligncenter\"><\/p>\n<p><strong>Opis iz podjetja: <\/strong>Ni na voljo<\/p>\n<p><strong>Dodatne storitve:<\/strong><\/p>\n<p>Ni na seznamu<\/p>\n<p><strong>Naslov:<\/strong> 39 Alison Cres, Sheffield S2 1AS<\/p>\n<p><a href=\"https:\/\/www.freightdespatch.com\/\" target=\"_new\" rel=\"noopener\">Spletna stran Freight Despatch Worldwide<\/a><\/p>\n<p><strong>Ocena pregleda: <\/strong>5<br \/> <strong>\u0160tevilo pregledov:<\/strong> 3<br \/><a href=\"https:\/\/www.google.co.uk\/maps?cid=3385489010189936138&#038;hl=en&#038;gl=GB\" target=\"_new\" rel=\"noopener\">Preberi mnenja<\/a><\/p>\n<h2><span class=\"ez-toc-section\" id=\"MBL_Worldwide\"><\/span>MBL Worldwide<span class=\"ez-toc-section-end\"><\/span><\/h2>\n<p><img decoding=\"async\" src=\"https:\/\/moverdb.com\/wp-content\/uploads\/AF1QipNeFZSxaoJjKTIys9kl9cMV4Ch2oFqrYgLMgBNLw408-h281-k-no.jpg\" alt='MBL Worldwide' class=\"aligncenter\"><\/p>\n<p><strong>Opis iz podjetja: <\/strong>MBL Worldwide ima ve\u010d kot 30 let izku\u0161enj na podro\u010dju transporta in logistike, zato vam in va\u0161emu podjetju zagotavlja, da je va\u0161e blago od prevzema do dostave v varnih rokah.<\/p>\n<p> Ne glede na to, ali gre za ovojnico z dokumenti, ki jo je treba dostaviti pravo\u010dasno, ali za tovor zunaj merilnih naprav na drugi konec sveta, vam ga lahko dostavimo.<\/p>\n<p> Pri MBL Worldwide smo specializirani za vse vrste prevoza, v vse kraje sveta in iz njih, pri \u010demer uporabljamo svoje obse\u017ene stike in zastopnike po vsem svetu.<\/p>\n<p><strong>Dodatne storitve:<\/strong><\/p>\n<p>Ni na seznamu<\/p>\n<p><strong>Naslov:<\/strong> 19C Orgreave Cl, Sheffield S13 9NP<\/p>\n<p><a href=\"http:\/\/www.mblworldwide.co.uk\/\" target=\"_new\" rel=\"noopener\">Spletna stran MBL Worldwide<\/a><\/p>\n<p><strong>Ocena pregleda: <\/strong>3.7<br \/> <strong>\u0160tevilo pregledov:<\/strong> 3<br \/><a href=\"https:\/\/www.google.co.uk\/maps?cid=11945059701134203149&#038;hl=en&#038;gl=GB\" target=\"_new\" rel=\"noopener\">Preberi mnenja<\/a><\/p>\n<h2><span class=\"ez-toc-section\" id=\"Dolphin_Freight_Services_Ltd\"><\/span>Dolphin Freight Services Ltd<span class=\"ez-toc-section-end\"><\/span><\/h2>\n<p><img decoding=\"async\" src=\"https:\/\/moverdb.com\/wp-content\/uploads\/thumbnailpanoidgRBR3ZxUVJAEj4FOLLM_Sgcb_clientsearch.gws-prod.gpsw408h240yaw343.jpg\" alt='Dolphin Freight Services Ltd' class=\"aligncenter\"><\/p>\n<p><strong>Opis iz podjetja: <\/strong>Ni na voljo<\/p>\n<p><strong>Dodatne storitve:<\/strong><\/p>\n<p>Ni na seznamu<\/p>\n<p><strong>Naslov:<\/strong> Enota 3 Ranskill Ct, Tinsley, Sheffield S9 5FZ<\/p>\n<p><a href=\"http:\/\/www.dolphinfreight.co.uk\/\" target=\"_new\" rel=\"noopener\">Spletna stran podjetja Dolphin Freight Services Ltd<\/a><\/p>\n<p><strong>Ocena pregleda: <\/strong>4.3<br \/> <strong>\u0160tevilo pregledov:<\/strong> 6<br \/><a href=\"https:\/\/www.google.co.uk\/maps?cid=841248966975053739&#038;hl=en&#038;gl=GB\" target=\"_new\" rel=\"noopener\">Preberi mnenja<\/a><\/p>\n<h2><span class=\"ez-toc-section\" id=\"BSC-Essex_Freight\"><\/span>BSC-Essex tovorni promet<span class=\"ez-toc-section-end\"><\/span><\/h2>\n<p><img decoding=\"async\" src=\"https:\/\/moverdb.com\/wp-content\/uploads\/AF1QipPx-HgBMJYfK_9QwTemIMhc9_BCG0spx3Azcvy6w493-h240-k-no.jpg\" alt='BSC-Essex tovorni promet' class=\"aligncenter\"><\/p>\n<p><strong>Opis iz podjetja: <\/strong>Ni na voljo<\/p>\n<p><strong>Dodatne storitve:<\/strong><\/p>\n<p>Ni na seznamu<\/p>\n<p><strong>Naslov:<\/strong> Poslovni park, 58 Newhall Rd, Sheffield S9 2QD<\/p>\n<p><a href=\"http:\/\/www.bscessexfreight.com\/\" target=\"_new\" rel=\"noopener\">Spletna stran BSC-Essex Freight<\/a><\/p>\n<p><strong>Ocena pregleda: <\/strong>4.5<br \/> <strong>\u0160tevilo pregledov:<\/strong> 31<br \/><a href=\"https:\/\/www.google.co.uk\/maps?cid=12739898572885287252&#038;hl=en&#038;gl=GB\" target=\"_new\" rel=\"noopener\">Preberi mnenja<\/a><\/p>\n<h2><span class=\"ez-toc-section\" id=\"International_Freight_Solutions_Ltd\"><\/span>International Freight Solutions Ltd<span class=\"ez-toc-section-end\"><\/span><\/h2>\n<p><img decoding=\"async\" src=\"https:\/\/moverdb.com\/wp-content\/uploads\/AF1QipOR7M0BTISXAFrqYQB-aeeiKaPPLRn56p1E2gBew408-h306-k-no.jpg\" alt='International Freight Solutions Ltd' class=\"aligncenter\"><\/p>\n<p><strong>Opis iz podjetja: <\/strong>V podjetju International Freight Solutions (IFS) ponujamo \u0161iroko paleto svetovnih prevoznih storitev za izvoz in uvoz.<\/p>\n<p> V tesnem sodelovanju z vami poi\u0161\u010demo najbolj\u0161e re\u0161itve za izpolnitev va\u0161ih logisti\u010dnih potreb.<\/p>\n<p>Izvoz: Uvoz: Po Evropi: po vsem svetu: Svetovna: pomorski tovorni promet: Letalski tovor: pomorski tovor: Cestni tovorni promet: Mednarodne kurirske storitve: cestni tovorni promet: \u017eelezni\u0161ki tovorni promet: mednarodne kurirske storitve: namenske hitre kurirske storitve v Zdru\u017eenem kraljestvu in Evropi.<\/p>\n<p><strong>Dodatne storitve:<\/strong><\/p>\n<p>Ni na seznamu<\/p>\n<p><strong>Naslov:<\/strong> Poslovni park Hydra, pisarna 10 Hydra House, Nether Ln, Sheffield S35 9ZX<\/p>\n<p><a href=\"http:\/\/www.intfreight.co.uk\/\" target=\"_new\" rel=\"noopener\">Spletna stran International Freight Solutions Ltd<\/a><\/p>\n<p><strong>Ocena pregleda: <\/strong>4.9<br \/> <strong>\u0160tevilo pregledov:<\/strong> 32<br \/><a href=\"https:\/\/www.google.co.uk\/maps?cid=3898802828460418149&#038;hl=en&#038;gl=GB\" target=\"_new\" rel=\"noopener\">Preberi mnenja<\/a><\/p>\n<h2><span class=\"ez-toc-section\" id=\"Worldwide_Logisitcs_Group_UK\"><\/span>Worldwide Logisitcs Group Velika Britanija<span class=\"ez-toc-section-end\"><\/span><\/h2>\n<p><img decoding=\"async\" src=\"https:\/\/moverdb.com\/wp-content\/uploads\/thumbnailpanoidj1AsC82rJB-PLDb-Ra5t8wcb_clientsearch.gws-prod.gpsw408h240yaw211.jpg\" alt='Worldwide Logisitcs Group Velika Britanija' class=\"aligncenter\"><\/p>\n<p><strong>Opis iz podjetja: <\/strong>Ni na voljo<\/p>\n<p><strong>Dodatne storitve:<\/strong><\/p>\n<p>Ni na seznamu<\/p>\n<p><strong>Naslov:<\/strong> Aizlewoods Mill, Nursery St, Sheffield S3 8GG<\/p>\n<p><a href=\"https:\/\/worldwidelogisticsltd.com\/uk\/\" target=\"_new\" rel=\"noopener\">Spletna stran skupine Worldwide Logisitcs Group v Zdru\u017eenem kraljestvu<\/a><\/p>\n<p><strong>Ocena pregleda: <\/strong>5<br \/> <strong>\u0160tevilo pregledov:<\/strong> 1<br \/><a href=\"https:\/\/www.google.co.uk\/maps?cid=12524890210797566915&#038;hl=en&#038;gl=GB\" target=\"_new\" rel=\"noopener\">Preberi mnenja<\/a><\/p>\n<h2><span class=\"ez-toc-section\" id=\"How_we_picked_the_best_Sheffield_Freight_Forwarding_Companies\"><\/span>Kako smo izbrali najbolj\u0161a \u0161pediterska podjetja iz Sheffielda<span class=\"ez-toc-section-end\"><\/span><\/h2>\n<p>Za\u010deli smo z naborom podatkov 17 \u0161pediterskih podjetij Sheffield, ki smo jih na\u0161li prek Googlovih zemljevidov, in ga zo\u017eili na 12 najbolj\u0161ih.<\/p>\n<p>Pri tem smo odstranili vsa podjetja, ki:<\/p>\n<ul>\n<li> ni imel spletne strani<\/li>\n<li> Ni bilo pregledov<\/li>\n<li> Povpre\u010dna ocena pregleda je bila ni\u017eja od 2,0<\/li>\n<\/ul>\n<p>\u010ce smo imeli 17 ali manj \u0161pediterjev, smo jih navedli vse.<\/p>\n<p>Za mesta, kjer je ostalo ve\u010d kot 17 posrednikov, smo opravili nadaljnje popravke, tako da smo zvi\u0161ali zahtevano oceno pregleda (npr. z najmanj 2,0 na 4,0) in\/ali pove\u010dali najmanj\u0161e \u0161tevilo zahtevanih pregledov (npr. z najmanj 1 pregleda na najmanj 10).<\/p>\n<p>Upo\u0161tevajte, da smo uporabili samo podatke o pregledih iz Google Maps in ne iz drugih spletnih mest tretjih oseb.<\/p>\n<p>Ve\u010d mest:<\/p>\n<p><a href=\"https:\/\/moverdb.com\/sl\/spediter\/freight-forwarding-uk\/dover-freight-forwarder\/\">\u0160pediter Dover<\/a><br \/><a href=\"https:\/\/moverdb.com\/sl\/spediter\/freight-forwarding-uk\/ashford-freight-forwarder\/\">Ashford Freight Forwarder<\/a><br \/><a href=\"https:\/\/moverdb.com\/sl\/spediter\/freight-forwarding-uk\/egham-freight-forwarder\/\">Egham \u0161pediter<\/a><br \/><a href=\"https:\/\/moverdb.com\/sl\/spediter\/freight-forwarding-uk\/leeds-freight-forwarder\/\">\u0160pediter Leeds<\/a><br \/><a href=\"https:\/\/moverdb.com\/sl\/spediter\/freight-forwarding-uk\/belfast-freight-forwarder\/\">Belfast \u0161pediter<\/a><\/p>","protected":false},"excerpt":{"rendered":"<p>Below we look at the 12 &#8220;best&#8221; Freight Forwarding companies in Sheffield out of 17. To learn more about how we chose the best please consult our FAQ section at the end. Please not the following listings are in no particular order and we are not making any recommendations for any particular company. NINE56 Ltd. [&hellip;]<\/p>\n","protected":false},"author":1,"featured_media":0,"parent":13427,"menu_order":0,"comment_status":"open","ping_status":"open","template":"","meta":{"_genesis_hide_title":false,"_genesis_hide_breadcrumbs":false,"_genesis_hide_singular_image":false,"_genesis_hide_footer_widgets":false,"_genesis_custom_body_class":"","_genesis_custom_post_class":"","_genesis_layout":"","footnotes":""},"class_list":{"0":"post-13640","1":"page","2":"type-page","3":"status-publish","5":"entry"},"_links":{"self":[{"href":"https:\/\/moverdb.com\/sl\/wp-json\/wp\/v2\/pages\/13640","targetHints":{"allow":["GET"]}}],"collection":[{"href":"https:\/\/moverdb.com\/sl\/wp-json\/wp\/v2\/pages"}],"about":[{"href":"https:\/\/moverdb.com\/sl\/wp-json\/wp\/v2\/types\/page"}],"author":[{"embeddable":true,"href":"https:\/\/moverdb.com\/sl\/wp-json\/wp\/v2\/users\/1"}],"replies":[{"embeddable":true,"href":"https:\/\/moverdb.com\/sl\/wp-json\/wp\/v2\/comments?post=13640"}],"version-history":[{"count":1,"href":"https:\/\/moverdb.com\/sl\/wp-json\/wp\/v2\/pages\/13640\/revisions"}],"predecessor-version":[{"id":15687,"href":"https:\/\/moverdb.com\/sl\/wp-json\/wp\/v2\/pages\/13640\/revisions\/15687"}],"up":[{"embeddable":true,"href":"https:\/\/moverdb.com\/sl\/wp-json\/wp\/v2\/pages\/13427"}],"wp:attachment":[{"href":"https:\/\/moverdb.com\/sl\/wp-json\/wp\/v2\/media?parent=13640"}],"curies":[{"name":"wp","href":"https:\/\/api.w.org\/{rel}","templated":true}]}}