{"id":13628,"date":"2023-11-08T15:51:25","date_gmt":"2023-11-08T15:51:25","guid":{"rendered":"https:\/\/moverdb.com\/freight-forwarder\/freight-forwarding-uk\/bristol-freight-forwarder\/"},"modified":"2026-01-08T14:55:35","modified_gmt":"2026-01-08T14:55:35","slug":"bristol-freight-forwarder","status":"publish","type":"page","link":"https:\/\/moverdb.com\/sl\/freight-forwarder\/freight-forwarding-uk\/bristol-freight-forwarder\/","title":{"rendered":"14 najbolj\u0161ih Bristol \u0161pediterskih podjetij (2024)"},"content":{"rendered":"<p>V nadaljevanju si bomo ogledali 14 <em>\"najbolj\u0161e\"<\/em> \u0160pedicijska podjetja v <a href=\"\" data-internallinksmanager029f6b8e52c=\"36\" title=\"Bristol\">Bristol<\/a> od 27.<\/p>\n<p>\u010ce \u017eelite izvedeti ve\u010d o tem, kako smo izbrali najbolj\u0161e, si na koncu oglejte razdelek Pogosta vpra\u0161anja.<\/p>\n<p><em>Prosimo, upo\u0161tevajte, da naslednji seznami niso razvr\u0161\u010deni po dolo\u010denem vrstnem redu in da ne priporo\u010damo nobenega podjetja.<\/em><\/p>\n<div id=\"ez-toc-container\" class=\"ez-toc-v2_0_82_2 ez-toc-wrap-left counter-hierarchy ez-toc-counter ez-toc-transparent ez-toc-container-direction\">\n<div class=\"ez-toc-title-container\">\n<p class=\"ez-toc-title\" style=\"cursor:inherit\">Oddelki<\/p>\n<span class=\"ez-toc-title-toggle\"><a href=\"#\" class=\"ez-toc-pull-right ez-toc-btn ez-toc-btn-xs ez-toc-btn-default ez-toc-toggle\" aria-label=\"Toggle Tabela vsebine\"><span class=\"ez-toc-js-icon-con\"><span class=\"\"><span class=\"eztoc-hide\" style=\"display:none;\">Toggle<\/span><span class=\"ez-toc-icon-toggle-span\"><svg style=\"fill: #999;color:#999\" xmlns=\"http:\/\/www.w3.org\/2000\/svg\" class=\"list-377408\" width=\"20px\" height=\"20px\" viewbox=\"0 0 24 24\" fill=\"none\"><path d=\"M6 6H4v2h2V6zm14 0H8v2h12V6zM4 11h2v2H4v-2zm16 0H8v2h12v-2zM4 16h2v2H4v-2zm16 0H8v2h12v-2z\" fill=\"currentColor\"><\/path><\/svg><svg style=\"fill: #999;color:#999\" class=\"arrow-unsorted-368013\" xmlns=\"http:\/\/www.w3.org\/2000\/svg\" width=\"10px\" height=\"10px\" viewbox=\"0 0 24 24\" version=\"1.2\" baseprofile=\"tiny\"><path d=\"M18.2 9.3l-6.2-6.3-6.2 6.3c-.2.2-.3.4-.3.7s.1.5.3.7c.2.2.4.3.7.3h11c.3 0 .5-.1.7-.3.2-.2.3-.5.3-.7s-.1-.5-.3-.7zM5.8 14.7l6.2 6.3 6.2-6.3c.2-.2.3-.5.3-.7s-.1-.5-.3-.7c-.2-.2-.4-.3-.7-.3h-11c-.3 0-.5.1-.7.3-.2.2-.3.5-.3.7s.1.5.3.7z\"\/><\/svg><\/span><\/span><\/span><\/a><\/span><\/div>\n<nav><ul class='ez-toc-list ez-toc-list-level-1 eztoc-toggle-hide-by-default' ><li class='ez-toc-page-1 ez-toc-heading-level-2'><a class=\"ez-toc-link ez-toc-heading-1\" href=\"https:\/\/moverdb.com\/sl\/freight-forwarder\/freight-forwarding-uk\/bristol-freight-forwarder\/#FORWARDER_magazine\" >Revija FORWARDER<\/a><\/li><li class='ez-toc-page-1 ez-toc-heading-level-2'><a class=\"ez-toc-link ez-toc-heading-2\" href=\"https:\/\/moverdb.com\/sl\/freight-forwarder\/freight-forwarding-uk\/bristol-freight-forwarder\/#DB_Schenker\" >DB Schenker<\/a><\/li><li class='ez-toc-page-1 ez-toc-heading-level-2'><a class=\"ez-toc-link ez-toc-heading-3\" href=\"https:\/\/moverdb.com\/sl\/freight-forwarder\/freight-forwarding-uk\/bristol-freight-forwarder\/#Linking_Freight_Ltd\" >Povezovanje tovornega prometa Ltd<\/a><\/li><li class='ez-toc-page-1 ez-toc-heading-level-2'><a class=\"ez-toc-link ez-toc-heading-4\" href=\"https:\/\/moverdb.com\/sl\/freight-forwarder\/freight-forwarding-uk\/bristol-freight-forwarder\/#Davies_Turner_Co_Ltd\" >Davies Turner &amp; Co Ltd<\/a><\/li><li class='ez-toc-page-1 ez-toc-heading-level-2'><a class=\"ez-toc-link ez-toc-heading-5\" href=\"https:\/\/moverdb.com\/sl\/freight-forwarder\/freight-forwarding-uk\/bristol-freight-forwarder\/#Radius_Warehouse_Logistic_Services\" >Radius Skladi\u0161\u010de in logisti\u010dne storitve<\/a><\/li><li class='ez-toc-page-1 ez-toc-heading-level-2'><a class=\"ez-toc-link ez-toc-heading-6\" href=\"https:\/\/moverdb.com\/sl\/freight-forwarder\/freight-forwarding-uk\/bristol-freight-forwarder\/#Expeditors\" >Ekspeditorji<\/a><\/li><li class='ez-toc-page-1 ez-toc-heading-level-2'><a class=\"ez-toc-link ez-toc-heading-7\" href=\"https:\/\/moverdb.com\/sl\/freight-forwarder\/freight-forwarding-uk\/bristol-freight-forwarder\/#AGI_Global_Logistics_Ltd_Bristol\" >AGI Global Logistics Ltd Bristol<\/a><\/li><li class='ez-toc-page-1 ez-toc-heading-level-2'><a class=\"ez-toc-link ez-toc-heading-8\" href=\"https:\/\/moverdb.com\/sl\/freight-forwarder\/freight-forwarding-uk\/bristol-freight-forwarder\/#Concordia_International_Forwarding_Ltd\" >Concordia International Forwarding Ltd<\/a><\/li><li class='ez-toc-page-1 ez-toc-heading-level-2'><a class=\"ez-toc-link ez-toc-heading-9\" href=\"https:\/\/moverdb.com\/sl\/freight-forwarder\/freight-forwarding-uk\/bristol-freight-forwarder\/#RSJ_International_Freight_Services_Ltd\" >RSJ International Freight Services Ltd<\/a><\/li><li class='ez-toc-page-1 ez-toc-heading-level-2'><a class=\"ez-toc-link ez-toc-heading-10\" href=\"https:\/\/moverdb.com\/sl\/freight-forwarder\/freight-forwarding-uk\/bristol-freight-forwarder\/#Brunel_Shipping_Liner_Services\" >Brunel Shipping &amp; Liner Services<\/a><\/li><li class='ez-toc-page-1 ez-toc-heading-level-2'><a class=\"ez-toc-link ez-toc-heading-11\" href=\"https:\/\/moverdb.com\/sl\/freight-forwarder\/freight-forwarding-uk\/bristol-freight-forwarder\/#Gefco_Forwarding\" >\u0160pedicija Gefco<\/a><\/li><li class='ez-toc-page-1 ez-toc-heading-level-2'><a class=\"ez-toc-link ez-toc-heading-12\" href=\"https:\/\/moverdb.com\/sl\/freight-forwarder\/freight-forwarding-uk\/bristol-freight-forwarder\/#Darabant_Ltd\" >Darabant Ltd.<\/a><\/li><li class='ez-toc-page-1 ez-toc-heading-level-2'><a class=\"ez-toc-link ez-toc-heading-13\" href=\"https:\/\/moverdb.com\/sl\/freight-forwarder\/freight-forwarding-uk\/bristol-freight-forwarder\/#Plexus_Freight_Ltd\" >Plexus Freight Ltd<\/a><\/li><li class='ez-toc-page-1 ez-toc-heading-level-2'><a class=\"ez-toc-link ez-toc-heading-14\" href=\"https:\/\/moverdb.com\/sl\/freight-forwarder\/freight-forwarding-uk\/bristol-freight-forwarder\/#DHL_Freight\" >DHL Freight<\/a><\/li><li class='ez-toc-page-1 ez-toc-heading-level-2'><a class=\"ez-toc-link ez-toc-heading-15\" href=\"https:\/\/moverdb.com\/sl\/freight-forwarder\/freight-forwarding-uk\/bristol-freight-forwarder\/#How_we_picked_the_best_Bristol_Freight_Forwarding_Companies\" >Kako smo izbrali najbolj\u0161a \u0161pediterska podjetja v Bristolu<\/a><\/li><\/ul><\/nav><\/div>\n<h2><span class=\"ez-toc-section\" id=\"FORWARDER_magazine\"><\/span>Revija FORWARDER<span class=\"ez-toc-section-end\"><\/span><\/h2>\n<p><img decoding=\"async\" src=\"https:\/\/moverdb.com\/wp-content\/uploads\/thumbnailpanoidXnayB0vNGYwDOjO81WZBMwcb_clientsearch.gws-prod.gpsw408h240yaw139.jpg\" alt='Revija FORWARDER' class=\"aligncenter\"><\/p>\n<p><strong>Opis iz podjetja: <\/strong>Najpomembnej\u0161i vir za novice, informacije in vpogled v logistiko, ladijski promet in \u0161pedicijo.<\/p>\n<p> Dostava v <a href=\"https:\/\/moverdb.com\/sl\/moving-to-china\/\" data-internallinksmanager029f6b8e52c=\"357\" title=\"Selitev na Kitajsko? 2023 \u017divljenjski stro\u0161ki in nasveti za selitev\">Kitajska<\/a>? Uvedba varnostnega sistema v skladi\u0161\u010du? Pretehtati sisteme za upravljanje dobavne verige ali prevoza? Pri nas boste na\u0161li vse, kar potrebujete za uspeh v svetu tovornega prometa, od strokovnih mnenj do znanja, specifi\u010dnega za posamezno trgovsko obmo\u010dje.<\/p>\n<p><strong>Dodatne storitve:<\/strong><\/p>\n<p>Ni na seznamu<\/p>\n<p><strong>Naslov:<\/strong> Enota 8, Apex Court Woodlands, Bradley Stoke, Bristol BS32 4JT<\/p>\n<p><a href=\"https:\/\/forwardermagazine.com\/\" target=\"_new\" rel=\"noopener\">Spletna stran revije FORWARDER<\/a><\/p>\n<p><strong>Ocena pregleda: <\/strong>5<br \/> <strong>\u0160tevilo pregledov:<\/strong> 4<br \/><a href=\"https:\/\/www.google.co.uk\/maps?cid=9896521538394941101&#038;hl=en&#038;gl=GB\" target=\"_new\" rel=\"noopener\">Preberi mnenja<\/a><\/p>\n<h2><span class=\"ez-toc-section\" id=\"DB_Schenker\"><\/span>DB Schenker<span class=\"ez-toc-section-end\"><\/span><\/h2>\n<p><img decoding=\"async\" src=\"https:\/\/moverdb.com\/wp-content\/uploads\/AF1QipM28Skl7HYpCo-qYIRjMJr04QEHbn4T2eKx09jbw408-h725-k-no.jpg\" alt='DB Schenker' class=\"aligncenter\"><\/p>\n<p><strong>Opis iz podjetja: <\/strong>Ni na voljo<\/p>\n<p><strong>Dodatne storitve:<\/strong><\/p>\n<p>Podjetje za dostavo<\/p>\n<p><strong>Naslov:<\/strong> Enota 21 Boundary Rd, Avonmouth, Bristol BS11 8AZ<\/p>\n<p><a href=\"http:\/\/www.dbschenker.com\/uk\" target=\"_new\" rel=\"noopener\">Spletna stran DB Schenker<\/a><\/p>\n<p><strong>Ocena pregleda: <\/strong>4.3<br \/> <strong>\u0160tevilo pregledov:<\/strong> 6<br \/><a href=\"https:\/\/www.google.co.uk\/maps?cid=17260293302335849592&#038;hl=en&#038;gl=GB\" target=\"_new\" rel=\"noopener\">Preberi mnenja<\/a><\/p>\n<h2><span class=\"ez-toc-section\" id=\"Linking_Freight_Ltd\"><\/span>Povezovanje tovornega prometa Ltd<span class=\"ez-toc-section-end\"><\/span><\/h2>\n<p><img decoding=\"async\" src=\"https:\/\/moverdb.com\/wp-content\/uploads\/thumbnailpanoidrKQx2dmMDlH6FYkF73yz6Qcb_clientsearch.gws-prod.gpsw408h240yaw4.jpg\" alt='Povezovanje tovornega prometa Ltd' class=\"aligncenter\"><\/p>\n<p><strong>Opis iz podjetja: <\/strong>Smo neodvisno podjetje za posredovanje tovora s pisarnama v Londonu in Bristolu.<\/p>\n<p> Z zastopniki po vsem svetu ter izku\u0161eno in ustvarjalno ekipo bomo po najbolj\u0161ih mo\u010deh poskrbeli za va\u0161 tovor in ga prepeljali do kon\u010dnega cilja.<\/p>\n<p><strong>Dodatne storitve:<\/strong><\/p>\n<p>Ni na seznamu<\/p>\n<p><strong>Naslov:<\/strong> Newminster House, 27-29 Baldwin St, Bristol BS1 1LT<\/p>\n<p><a href=\"http:\/\/linkingfreight.co.uk\/\" target=\"_new\" rel=\"noopener\">Povezovanje Freight Ltd spletno mesto<\/a><\/p>\n<p><strong>Ocena pregleda: <\/strong>5<br \/> <strong>\u0160tevilo pregledov:<\/strong> 1<br \/><a href=\"https:\/\/www.google.co.uk\/maps?cid=2853978746773574793&#038;hl=en&#038;gl=GB\" target=\"_new\" rel=\"noopener\">Preberi mnenja<\/a><\/p>\n<h2><span class=\"ez-toc-section\" id=\"Davies_Turner_Co_Ltd\"><\/span>Davies Turner &amp; Co Ltd<span class=\"ez-toc-section-end\"><\/span><\/h2>\n<p><img decoding=\"async\" src=\"https:\/\/moverdb.com\/wp-content\/uploads\/AF1QipO9Kxl3JQMV7ICSFnsyfYhNfEIpfv5DyJ0rbcuyw672-h240-k-no.jpg\" alt='Davies Turner &amp; Co Ltd' class=\"aligncenter\"><\/p>\n<p><strong>Opis iz podjetja: <\/strong>Pri dru\u017ebi Davies Turner si prizadevamo zagotoviti celovito re\u0161itev dobavne verige.<\/p>\n<p> Na\u0161a obse\u017ena mednarodna mre\u017ea zagotavlja neprekosljive zmogljivosti in ponuja storitve letalskega, logisti\u010dnega, pomorskega in cestnega \u0161pedicije.<\/p>\n<p> Vzdr\u017eujemo tudi obse\u017een, napreden sistem skladi\u0161\u010denja po vsej <a href=\"https:\/\/moverdb.com\/sl\/moving-to-the-uk\/\" data-internallinksmanager029f6b8e52c=\"93\" title=\"Selitev v Zdru\u017eeno kraljestvo? 2022 \u017divljenjski stro\u0161ki in nasveti za selitev\">ZDRU\u017dENO KRALJESTVO<\/a>z naprednimi sistemi za upravljanje skladi\u0161\u010d in lastnimi napravami za carinjenje.<\/p>\n<p><strong>Dodatne storitve:<\/strong><\/p>\n<p>Distribucijska storitev<\/p>\n<p>Uvozno izvozno podjetje<\/p>\n<p>Logisti\u010dne storitve<\/p>\n<p>Podjetje za dostavo<\/p>\n<p><strong>Naslov:<\/strong> Western Freight Terminal, Fifth Way, Avonmouth, Bristol BS11 8DT<\/p>\n<p><a href=\"http:\/\/www.daviesturner.com\/\" target=\"_new\" rel=\"noopener\">Spletna stran Davies Turner &amp; Co Ltd<\/a><\/p>\n<p><strong>Ocena pregleda: <\/strong>4.1<br \/> <strong>\u0160tevilo pregledov:<\/strong> 139<br \/><a href=\"https:\/\/www.google.co.uk\/maps?cid=17357679786342511168&#038;hl=en&#038;gl=GB\" target=\"_new\" rel=\"noopener\">Preberi mnenja<\/a><\/p>\n<h2><span class=\"ez-toc-section\" id=\"Radius_Warehouse_Logistic_Services\"><\/span>Radius Skladi\u0161\u010de in logisti\u010dne storitve<span class=\"ez-toc-section-end\"><\/span><\/h2>\n<p><img decoding=\"async\" src=\"https:\/\/moverdb.com\/wp-content\/uploads\/AF1QipMqx74W-qAyrRnmcpiO8UUP6i8Qtz-VgBDfmEow426-h240-k-no.jpg\" alt='Radius Skladi\u0161\u010de in logisti\u010dne storitve' class=\"aligncenter\"><\/p>\n<p><strong>Opis iz podjetja: <\/strong>Ni na voljo<\/p>\n<p><strong>Dodatne storitve:<\/strong><\/p>\n<p>Storitev e-trgovine<\/p>\n<p>Skladi\u0161\u010de<\/p>\n<p><strong>Naslov:<\/strong> Enota 3, Portside Park, Kings Weston Ln, Avonmouth, Bristol BS11 8AR<\/p>\n<p><a href=\"http:\/\/www.radiuslogistics.co.uk\/\" target=\"_new\" rel=\"noopener\">Spletna stran Radius Warehouse &amp; Logistic Services<\/a><\/p>\n<p><strong>Ocena pregleda: <\/strong>5<br \/> <strong>\u0160tevilo pregledov:<\/strong> 5<br \/><a href=\"https:\/\/www.google.co.uk\/maps?cid=510481636241925538&#038;hl=en&#038;gl=GB\" target=\"_new\" rel=\"noopener\">Preberi mnenja<\/a><\/p>\n<h2><span class=\"ez-toc-section\" id=\"Expeditors\"><\/span>Ekspeditorji<span class=\"ez-toc-section-end\"><\/span><\/h2>\n<p><img decoding=\"async\" src=\"https:\/\/moverdb.com\/wp-content\/uploads\/AF1QipPJ4dN2sY_JpWhXq-AqeFn8x3lS5qSYfLgHe_Ezw408-h604-k-no.jpg\" alt='Ekspeditorji' class=\"aligncenter\"><\/p>\n<p><strong>Opis iz podjetja: <\/strong>Ni na voljo<\/p>\n<p><strong>Dodatne storitve:<\/strong><\/p>\n<p>Ni na seznamu<\/p>\n<p><strong>Naslov:<\/strong> Western Approach, Building 6030, Collins Dr, Severn Beach, Bristol BS35 4GG<\/p>\n<p><a href=\"http:\/\/www.expeditors.com\/\" target=\"_new\" rel=\"noopener\">Spletna stran Expeditors<\/a><\/p>\n<p><strong>Ocena pregleda: <\/strong>4.6<br \/> <strong>\u0160tevilo pregledov:<\/strong> 19<br \/><a href=\"https:\/\/www.google.co.uk\/maps?cid=18279511369546906393&#038;hl=en&#038;gl=GB\" target=\"_new\" rel=\"noopener\">Preberi mnenja<\/a><\/p>\n<h2><span class=\"ez-toc-section\" id=\"AGI_Global_Logistics_Ltd_Bristol\"><\/span>AGI Global Logistics Ltd Bristol<span class=\"ez-toc-section-end\"><\/span><\/h2>\n<p><img decoding=\"async\" src=\"https:\/\/lh5.googleusercontent.com\/p\/AF1QipNvUK4_ILPeUuAiJRBgxrrhea68ohLDUvA6qfLQ=w408-h272-k-no\" alt=\"AGI Global Logistics Ltd Bristol\" class=\"aligncenter\"><\/p>\n<p><strong>Opis iz podjetja: <\/strong>Ni na voljo<\/p>\n<p><strong>Dodatne storitve:<\/strong><\/p>\n<p>Prevozne storitve<\/p>\n<p><strong>Naslov:<\/strong> Windmill House, Henfield Rd, Bristol BS36 2FE<\/p>\n<p><a href=\"http:\/\/www.agi.global\/\" target=\"_new\" rel=\"noopener\">Spletna stran podjetja AGI Global Logistics Ltd Bristol<\/a><\/p>\n<p><strong>Ocena pregleda: <\/strong>4.8<br \/> <strong>\u0160tevilo pregledov:<\/strong> 20<br \/><a href=\"https:\/\/www.google.co.uk\/maps?cid=13571177958670377164&#038;hl=en&#038;gl=GB\" target=\"_new\" rel=\"noopener\">Preberi mnenja<\/a><\/p>\n<h2><span class=\"ez-toc-section\" id=\"Concordia_International_Forwarding_Ltd\"><\/span>Concordia International Forwarding Ltd<span class=\"ez-toc-section-end\"><\/span><\/h2>\n<p><img decoding=\"async\" src=\"https:\/\/moverdb.com\/wp-content\/uploads\/thumbnailpanoidba8vVLwujMhMvWQNOJ4LMQcb_clientsearch.gws-prod.gpsw408h240yaw346.jpg\" alt='Concordia International Forwarding Ltd' class=\"aligncenter\"><\/p>\n<p><strong>Opis iz podjetja: <\/strong>Ni na voljo<\/p>\n<p><strong>Dodatne storitve:<\/strong><\/p>\n<p>Ni na seznamu<\/p>\n<p><strong>Naslov:<\/strong> Avon Riverside Estate, Victoria Rd, Avonmouth, Bristol BS11 9DB<\/p>\n<p><a href=\"https:\/\/www.concordiafreight.com\/\" target=\"_new\" rel=\"noopener\">Spletna stran Concordia International Forwarding Ltd<\/a><\/p>\n<p><strong>Ocena pregleda: <\/strong>5<br \/> <strong>\u0160tevilo pregledov:<\/strong> 3<br \/><a href=\"https:\/\/www.google.co.uk\/maps?cid=9448656488270580648&#038;hl=en&#038;gl=GB\" target=\"_new\" rel=\"noopener\">Preberi mnenja<\/a><\/p>\n<h2><span class=\"ez-toc-section\" id=\"RSJ_International_Freight_Services_Ltd\"><\/span>RSJ International Freight Services Ltd<span class=\"ez-toc-section-end\"><\/span><\/h2>\n<p><img decoding=\"async\" src=\"https:\/\/moverdb.com\/wp-content\/uploads\/thumbnailpanoidJRg8arWP-nN58ZbU0rRp3wcb_clientsearch.gws-prod.gpsw408h240yaw203.jpg\" alt='RSJ International Freight Services Ltd' class=\"aligncenter\"><\/p>\n<p><strong>Opis iz podjetja: <\/strong>Ni na voljo<\/p>\n<p><strong>Dodatne storitve:<\/strong><\/p>\n<p>Storitev med podjetji<\/p>\n<p>Podjetje za dostavo<\/p>\n<p><strong>Naslov:<\/strong> Enota 16\/Londonderry Farm\/Keynsham Rd, Bristol BS30 6EL<\/p>\n<p><a href=\"https:\/\/www.rsj-international.co.uk\/\" target=\"_new\" rel=\"noopener\">Spletna stran podjetja RSJ International Freight Services Ltd<\/a><\/p>\n<p><strong>Ocena pregleda: <\/strong>5<br \/> <strong>\u0160tevilo pregledov:<\/strong> 1<br \/><a href=\"https:\/\/www.google.co.uk\/maps?cid=17200395291416554045&#038;hl=en&#038;gl=GB\" target=\"_new\" rel=\"noopener\">Preberi mnenja<\/a><\/p>\n<h2><span class=\"ez-toc-section\" id=\"Brunel_Shipping_Liner_Services\"><\/span>Brunel Shipping &amp; Liner Services<span class=\"ez-toc-section-end\"><\/span><\/h2>\n<p><img decoding=\"async\" src=\"https:\/\/moverdb.com\/wp-content\/uploads\/AF1QipMoSUckdnxeboSxvLuxgbLmmg9Ol0PvscD-nWgQw426-h240-k-no.jpg\" alt='Brunel Shipping &amp; Liner Services' class=\"aligncenter\"><\/p>\n<p><strong>Opis iz podjetja: <\/strong>Ni na voljo<\/p>\n<p><strong>Dodatne storitve:<\/strong><\/p>\n<p>Ni na seznamu<\/p>\n<p><strong>Naslov:<\/strong> 95 Stokes Croft, Bristol BS1 3RD<\/p>\n<p><a href=\"http:\/\/www.brunelshipping.com\/\" target=\"_new\" rel=\"noopener\">Spletna stran podjetja Brunel Shipping &amp; Liner Services<\/a><\/p>\n<p><strong>Ocena pregleda: <\/strong>2.5<br \/> <strong>\u0160tevilo pregledov:<\/strong> 2<br \/><a href=\"https:\/\/www.google.co.uk\/maps?cid=7554355835457306517&#038;hl=en&#038;gl=GB\" target=\"_new\" rel=\"noopener\">Preberi mnenja<\/a><\/p>\n<h2><span class=\"ez-toc-section\" id=\"Gefco_Forwarding\"><\/span>\u0160pedicija Gefco<span class=\"ez-toc-section-end\"><\/span><\/h2>\n<p><img decoding=\"async\" src=\"https:\/\/moverdb.com\/wp-content\/uploads\/thumbnailpanoidUDMIvbqb5GCisvcoHJRWXwcb_clientsearch.gws-prod.gpsw408h240yaw52.jpg\" alt='\u0160pedicija Gefco' class=\"aligncenter\"><\/p>\n<p><strong>Opis iz podjetja: <\/strong>Ni na voljo<\/p>\n<p><strong>Dodatne storitve:<\/strong><\/p>\n<p>Ni na seznamu<\/p>\n<p><strong>Naslov:<\/strong> Enota 8, center I O, Moorend Farm Ave, Bristol BS11 0QL<\/p>\n<p><a href=\"https:\/\/www.gefco.net\/en\/\" target=\"_new\" rel=\"noopener\">Spletna stran podjetja Gefco Forwarding<\/a><\/p>\n<p><strong>Ocena pregleda: <\/strong>4<br \/> <strong>\u0160tevilo pregledov:<\/strong> 9<br \/><a href=\"https:\/\/www.google.co.uk\/maps?cid=15368974737175324232&#038;hl=en&#038;gl=GB\" target=\"_new\" rel=\"noopener\">Preberi mnenja<\/a><\/p>\n<h2><span class=\"ez-toc-section\" id=\"Darabant_Ltd\"><\/span>Darabant Ltd.<span class=\"ez-toc-section-end\"><\/span><\/h2>\n<p><img decoding=\"async\" src=\"https:\/\/moverdb.com\/wp-content\/uploads\/thumbnailpanoid-gXOGy94N2prAsV05BzXKwcb_clientsearch.gws-prod.gpsw408h240yaw153.jpg\" alt='Darabant Ltd.' class=\"aligncenter\"><\/p>\n<p><strong>Opis iz podjetja: <\/strong>Ni na voljo<\/p>\n<p><strong>Dodatne storitve:<\/strong><\/p>\n<p>Ni na seznamu<\/p>\n<p><strong>Naslov:<\/strong> Parkway House, Hambrook Ln, Stoke Gifford, Bristol BS34 8QB<\/p>\n<p><a href=\"http:\/\/dtrans.co.uk\/\" target=\"_new\" rel=\"noopener\">Spletna stran podjetja Darabant Ltd.<\/a><\/p>\n<p><strong>Ocena pregleda: <\/strong>5<br \/> <strong>\u0160tevilo pregledov:<\/strong> 2<br \/><a href=\"https:\/\/www.google.co.uk\/maps?cid=12817488922797848942&#038;hl=en&#038;gl=GB\" target=\"_new\" rel=\"noopener\">Preberi mnenja<\/a><\/p>\n<h2><span class=\"ez-toc-section\" id=\"Plexus_Freight_Ltd\"><\/span>Plexus Freight Ltd<span class=\"ez-toc-section-end\"><\/span><\/h2>\n<p><img decoding=\"async\" src=\"https:\/\/moverdb.com\/wp-content\/uploads\/AF1QipNwzMZFnA7qS34mJYkLTdLd7QsJswuqrYOnSlK1w408-h306-k-no.jpg\" alt='Plexus Freight Ltd' class=\"aligncenter\"><\/p>\n<p><strong>Opis iz podjetja: <\/strong>Vodilni britanski <a href=\"https:\/\/moverdb.com\/sl\/freight-forwarder\/\" data-internallinksmanager029f6b8e52c=\"17\" title=\"\u0160pediter in NVOCC Mednarodni vodnik po stro\u0161kih in podjetjih\">\u0161pediter<\/a> <a href=\"https:\/\/moverdb.com\/sl\/shipping-companies\/\" data-internallinksmanager029f6b8e52c=\"4\" title=\"10 najbolj\u0161ih mednarodnih podjetij za prevoz zabojnikov\">ladjarsko podjetje<\/a>, ki deluje na podro\u010dju evropske logistike tovora in hitrega cestnega tovornega prometa za uvoz, izvoz in navzkri\u017eno trgovanje.<\/p>\n<p><strong>Dodatne storitve:<\/strong><\/p>\n<p>kurirska slu\u017eba<\/p>\n<p>Prevozne storitve<\/p>\n<p><strong>Naslov:<\/strong> Kestrel court, Harbour Rd, Portishead, Bristol BS20 7AN<\/p>\n<p><a href=\"https:\/\/www.plexusfreight.com\/\" target=\"_new\" rel=\"noopener\">Spletna stran podjetja Plexus Freight Ltd<\/a><\/p>\n<p><strong>Ocena pregleda: <\/strong>4.8<br \/> <strong>\u0160tevilo pregledov:<\/strong> 41<br \/><a href=\"https:\/\/www.google.co.uk\/maps?cid=2230762199293397782&#038;hl=en&#038;gl=GB\" target=\"_new\" rel=\"noopener\">Preberi mnenja<\/a><\/p>\n<h2><span class=\"ez-toc-section\" id=\"DHL_Freight\"><\/span>DHL Freight<span class=\"ez-toc-section-end\"><\/span><\/h2>\n<p><img decoding=\"async\" src=\"https:\/\/moverdb.com\/wp-content\/uploads\/AF1QipOqvBlUJ0ZXd9peCDrjU7ClBB9zaXYJfSDtoqCdw408-h306-k-no.jpg\" alt='DHL Freight' class=\"aligncenter\"><\/p>\n<p><strong>Opis iz podjetja: <\/strong>Ni na voljo<\/p>\n<p><strong>Dodatne storitve:<\/strong><\/p>\n<p>Ni na seznamu<\/p>\n<p><strong>Naslov:<\/strong> Avonmouth Way, Avonmouth, Bristol BS11 9HL<\/p>\n<p><a href=\"http:\/\/www.dhl.co.uk\/freight\" target=\"_new\" rel=\"noopener\">Spletna stran DHL Freight<\/a><\/p>\n<p><strong>Ocena pregleda: <\/strong>4.7<br \/> <strong>\u0160tevilo pregledov:<\/strong> 3<br \/><a href=\"https:\/\/www.google.co.uk\/maps?cid=6921321511174811929&#038;hl=en&#038;gl=GB\" target=\"_new\" rel=\"noopener\">Preberi mnenja<\/a><\/p>\n<h2><span class=\"ez-toc-section\" id=\"How_we_picked_the_best_Bristol_Freight_Forwarding_Companies\"><\/span>Kako smo izbrali najbolj\u0161a \u0161pediterska podjetja v Bristolu<span class=\"ez-toc-section-end\"><\/span><\/h2>\n<p>Za\u010deli smo z naborom podatkov 27 bristolskih \u0161pediterskih podjetij, ki smo jih na\u0161li prek Googlovih zemljevidov, in ga zo\u017eili na 14 najbolj\u0161ih.<\/p>\n<p>Pri tem smo odstranili vsa podjetja, ki:<\/p>\n<ul>\n<li> ni imel spletne strani<\/li>\n<li> Ni bilo pregledov<\/li>\n<li> Povpre\u010dna ocena pregleda je bila ni\u017eja od 2,0<\/li>\n<\/ul>\n<p>\u010ce smo imeli 17 ali manj \u0161pediterjev, smo jih navedli vse.<\/p>\n<p>Za mesta, kjer je ostalo ve\u010d kot 17 posrednikov, smo opravili nadaljnje popravke, tako da smo zvi\u0161ali zahtevano oceno pregleda (npr. z najmanj 2,0 na 4,0) in\/ali pove\u010dali najmanj\u0161e \u0161tevilo zahtevanih pregledov (npr. z najmanj 1 pregleda na najmanj 10).<\/p>\n<p>Upo\u0161tevajte, da smo uporabili samo podatke o pregledih iz Google Maps in ne iz drugih spletnih mest tretjih oseb.<\/p>\n<p>Ve\u010d mest:<\/p>\n<p><a href=\"https:\/\/moverdb.com\/sl\/spediter\/freight-forwarding-uk\/sheffield-freight-forwarder\/\">Sheffield \u0161pediter<\/a><br \/><a href=\"https:\/\/moverdb.com\/sl\/spediter\/freight-forwarding-uk\/dover-freight-forwarder\/\">\u0160pediter Dover<\/a><br \/><a href=\"https:\/\/moverdb.com\/sl\/spediter\/freight-forwarding-uk\/ashford-freight-forwarder\/\">Ashford Freight Forwarder<\/a><br \/><a href=\"https:\/\/moverdb.com\/sl\/spediter\/freight-forwarding-uk\/egham-freight-forwarder\/\">Egham \u0161pediter<\/a><br \/><a href=\"https:\/\/moverdb.com\/sl\/spediter\/freight-forwarding-uk\/leeds-freight-forwarder\/\">\u0160pediter Leeds<\/a><\/p>","protected":false},"excerpt":{"rendered":"<p>Below we look at the 14 &#8220;best&#8221; Freight Forwarding companies in Bristol out of 27. To learn more about how we chose the best please consult our FAQ section at the end. Please not the following listings are in no particular order and we are not making any recommendations for any particular company. FORWARDER magazine [&hellip;]<\/p>\n","protected":false},"author":1,"featured_media":0,"parent":13427,"menu_order":0,"comment_status":"open","ping_status":"open","template":"","meta":{"_genesis_hide_title":false,"_genesis_hide_breadcrumbs":false,"_genesis_hide_singular_image":false,"_genesis_hide_footer_widgets":false,"_genesis_custom_body_class":"","_genesis_custom_post_class":"","_genesis_layout":"","footnotes":""},"class_list":{"0":"post-13628","1":"page","2":"type-page","3":"status-publish","5":"entry"},"_links":{"self":[{"href":"https:\/\/moverdb.com\/sl\/wp-json\/wp\/v2\/pages\/13628","targetHints":{"allow":["GET"]}}],"collection":[{"href":"https:\/\/moverdb.com\/sl\/wp-json\/wp\/v2\/pages"}],"about":[{"href":"https:\/\/moverdb.com\/sl\/wp-json\/wp\/v2\/types\/page"}],"author":[{"embeddable":true,"href":"https:\/\/moverdb.com\/sl\/wp-json\/wp\/v2\/users\/1"}],"replies":[{"embeddable":true,"href":"https:\/\/moverdb.com\/sl\/wp-json\/wp\/v2\/comments?post=13628"}],"version-history":[{"count":1,"href":"https:\/\/moverdb.com\/sl\/wp-json\/wp\/v2\/pages\/13628\/revisions"}],"predecessor-version":[{"id":15688,"href":"https:\/\/moverdb.com\/sl\/wp-json\/wp\/v2\/pages\/13628\/revisions\/15688"}],"up":[{"embeddable":true,"href":"https:\/\/moverdb.com\/sl\/wp-json\/wp\/v2\/pages\/13427"}],"wp:attachment":[{"href":"https:\/\/moverdb.com\/sl\/wp-json\/wp\/v2\/media?parent=13628"}],"curies":[{"name":"wp","href":"https:\/\/api.w.org\/{rel}","templated":true}]}}