{"id":11671,"date":"2023-11-29T10:19:29","date_gmt":"2023-11-29T10:19:29","guid":{"rendered":"https:\/\/moverdb.com\/?page_id=11671"},"modified":"2026-01-08T15:23:52","modified_gmt":"2026-01-08T15:23:52","slug":"moving-companies-us-utah","status":"publish","type":"page","link":"https:\/\/moverdb.com\/sl\/moving-companies\/moving-companies-us-utah\/","title":{"rendered":"2 Najbolj\u0161a mednarodna selitvena podjetja v Utahu"},"content":{"rendered":"<p>Selitev je lahko eno najbolj stresnih obdobij v va\u0161em \u017eivljenju, zato zakaj ne bi za pomo\u010d zaprosili <a href=\"https:\/\/moverdb.com\/sl\/moving-companies\/\" data-internallinksmanager029f6b8e52c=\"79\" title=\"Top 25 Mednarodne selitve podjetja Online\">selitev podjetja<\/a> za zmanj\u0161anje pritiska? Podjetje za selitve lahko na\u010drtuje selitev, poskrbi za prevoz in pakiranje stvari ter poskrbi za carino, \u010de se selite v druge dr\u017eave. V nadaljevanju smo pripravili seznam <a href=\"https:\/\/moverdb.com\/sl\/moving-to-the-united-states\/moving-to-utah\/\" data-internallinksmanager029f6b8e52c=\"439\" title=\"Selitev v Utah? 2023 \u017divljenjski stro\u0161ki in nasveti za selitev\">Utah<\/a> . <a href=\"https:\/\/moverdb.com\/sl\/international-removals\/\" data-internallinksmanager029f6b8e52c=\"27\" title=\"36 najbolj\u0161ih podjetij za mednarodne selitve v Zdru\u017eenem kraljestvu\">podjetja za selitve<\/a> ki so \u010dlani <a href=\"https:\/\/moverdb.com\/sl\/iam\/\" data-internallinksmanager029f6b8e52c=\"23\" title=\"Pojasnila o Mednarodnem zdru\u017eenju gibalcev (IAM)\">Mednarodno zdru\u017eenje movers<\/a> (IAM) in\/ali <a href=\"https:\/\/moverdb.com\/sl\/fidi-faim\/\" data-internallinksmanager029f6b8e52c=\"16\" title=\"Pojasnila o FIDI in FAIM (FIDI Accredited International Mover)\">FIDI<\/a> akreditirani mednarodni selitveni delavci (FAIM), ki vam lahko pomagajo pri selitvi.<\/p>\n<h2><strong>1. Dedi\u0161\u010dina Moving<\/strong><\/h2>\n<p><img loading=\"lazy\" decoding=\"async\" class=\"alignnone size-full wp-image-11363\" src=\"https:\/\/moverdb.com\/wp-content\/uploads\/Legacy-Moving-international-moving-company.png\" alt=\"Dedi\u0161\u010dina Moving mednarodno gibljejo podjetje\" width=\"1440\" height=\"675\" data-wp-pid=\"11363\" srcset=\"https:\/\/moverdb.com\/wp-content\/uploads\/Legacy-Moving-international-moving-company.png 1440w, https:\/\/moverdb.com\/wp-content\/uploads\/Legacy-Moving-international-moving-company-300x141.png 300w, https:\/\/moverdb.com\/wp-content\/uploads\/Legacy-Moving-international-moving-company-1024x480.png 1024w, https:\/\/moverdb.com\/wp-content\/uploads\/Legacy-Moving-international-moving-company-18x8.png 18w, https:\/\/moverdb.com\/wp-content\/uploads\/Legacy-Moving-international-moving-company-600x281.png 600w\" sizes=\"auto, (max-width: 1440px) 100vw, 1440px\" \/><\/p>\n<ul>\n<li>Nacionalne poteze<\/li>\n<li>Mednarodne selitve<\/li>\n<li>Stanovanjske selitve<\/li>\n<li>Komercialne in pisarni\u0161ke selitve<\/li>\n<li>Celovite storitve, ki se gibljejo<\/li>\n<li>Storitev pakiranja<\/li>\n<li>Ureditev prevoza<\/li>\n<li>Izku\u0161eni svetovalci<\/li>\n<li>Zavarovano<\/li>\n<li>Varno shranjevanje<\/li>\n<\/ul>\n<p>Legacy Moving je podjetje za selitev in skladi\u0161\u010denje s sede\u017eem v St Georgeu. Je \u010dlan zdru\u017eenja IAM s \u0161estimi leti izku\u0161enj, kar jim omogo\u010da sodelovanje z nacionalno in mednarodno mre\u017eo selitvenih podjetij.<\/p>\n<p>Legacy Moving ponuja stanovanjske, poslovne in pisarni\u0161ke selitve na dolge razdalje in mednarodno. Nudijo storitev pakiranja, pri kateri uporabljajo profesionalni material za pakiranje in usposobljeno osebje, da zagotovijo varno pakiranje va\u0161ih stvari. Nudijo izku\u0161ene svetovalce, ki vam pomagajo pri selitvi, njihove storitve pa so licencirane in zavarovane. Nudijo tudi varne prostore za shranjevanje, \u010de jih potrebujete ob selitvi ali pred selitvijo.<\/p>\n<p>Spletna stran: <a href=\"https:\/\/legacymovingstgeorge.com\/\" target=\"_blank\" rel=\"noopener\">https:\/\/legacymovingstgeorge.com\/<\/a><\/p>\n<h2><strong>2. Mesa Moving &amp; Storage<\/strong><\/h2>\n<p><img loading=\"lazy\" decoding=\"async\" class=\"alignnone size-full wp-image-11375\" src=\"https:\/\/moverdb.com\/wp-content\/uploads\/Mesa-Moving-Storage-international-moving-company.png\" alt=\"Mesa Moving &amp; Storage mednarodno gibanje podjetje\" width=\"1440\" height=\"678\" data-wp-pid=\"11375\" srcset=\"https:\/\/moverdb.com\/wp-content\/uploads\/Mesa-Moving-Storage-international-moving-company.png 1440w, https:\/\/moverdb.com\/wp-content\/uploads\/Mesa-Moving-Storage-international-moving-company-300x141.png 300w, https:\/\/moverdb.com\/wp-content\/uploads\/Mesa-Moving-Storage-international-moving-company-1024x482.png 1024w, https:\/\/moverdb.com\/wp-content\/uploads\/Mesa-Moving-Storage-international-moving-company-18x8.png 18w, https:\/\/moverdb.com\/wp-content\/uploads\/Mesa-Moving-Storage-international-moving-company-600x283.png 600w\" sizes=\"auto, (max-width: 1440px) 100vw, 1440px\" \/><\/p>\n<ul>\n<li>Lokalni premiki<\/li>\n<li>Premiki na dolge razdalje<\/li>\n<li>Selitve gospodinjstev<\/li>\n<li>Pisarni\u0161ke in komercialne selitve<\/li>\n<li>Storitev pakiranja<\/li>\n<li>Ureditev prevoza<\/li>\n<li>Ravnanje z umetninami in starinami<\/li>\n<li><a href=\"https:\/\/moverdb.com\/sl\/car-transport-shipping\/\" data-internallinksmanager029f6b8e52c=\"2\" title=\"2026 Kvote za mednarodni prevoz avtomobilov in prevoz vozil\">Prevoz vozil<\/a><\/li>\n<li>Prostori za shranjevanje<\/li>\n<\/ul>\n<p>Mesa Moving &amp; Storage je podjetje, ustanovljeno leta 1981, z lokacijami v Salt Lake Cityju, <a href=\"https:\/\/moverdb.com\/sl\/moving-to-the-united-states\/moving-to-colorado\/\" data-internallinksmanager029f6b8e52c=\"399\" title=\"Selitev v Kolorado? 2023 \u017divljenjski stro\u0161ki in nasveti za selitev\">Kolorado<\/a> <a href=\"https:\/\/moverdb.com\/sl\/moving-to-the-united-states\/moving-to-idaho\/\" data-internallinksmanager029f6b8e52c=\"405\" title=\"Selitev v Idaho? 2023 \u017divljenjski stro\u0161ki in nasveti za selitev\">Idaho<\/a> in . <a href=\"https:\/\/moverdb.com\/sl\/moving-to-the-united-states\/moving-to-montana\/\" data-internallinksmanager029f6b8e52c=\"461\" title=\"Selitev v Montano? 2024 \u017divljenjski stro\u0161ki in nasveti za selitev\">Montana<\/a>. So zastopnik podjetja United Van Lines, ki jim omogo\u010da sodelovanje z mre\u017eo nacionalnih podjetij za selitev. So \u010dlani zdru\u017eenja IAM z 12-letnimi izku\u0161njami in so akreditirani pri FIDI.<\/p>\n<p>Podjetje Mesa Moving &amp; Storage ponuja storitve selitve za domove in pisarne na lokalni in nacionalni ravni. Nudijo storitve profesionalnega pakiranja z usposobljenimi in izurjenimi selitvenimi delavci, ki bodo poskrbeli, da bodo va\u0161i predmeti ustrezno in varno zapakirani za prevoz, ne glede na njihovo obliko in velikost.<\/p>\n<p>Spletna stran: <a href=\"https:\/\/mesamoving.com\/\" target=\"_blank\" rel=\"noopener\">https:\/\/mesamoving.com\/<\/a><\/p>","protected":false},"excerpt":{"rendered":"<p>Moving can be one of the most stressful times in your life, so why not enlist the support of a moving company to reduce the pressure? A moving company can plan your move, arrange transportation and pack your belongings as well as handle customs if moving countries. Below we have compiled a list of Utah [&hellip;]<\/p>\n","protected":false},"author":4,"featured_media":11363,"parent":190,"menu_order":0,"comment_status":"closed","ping_status":"closed","template":"","meta":{"_genesis_hide_title":false,"_genesis_hide_breadcrumbs":false,"_genesis_hide_singular_image":false,"_genesis_hide_footer_widgets":false,"_genesis_custom_body_class":"","_genesis_custom_post_class":"","_genesis_layout":"","footnotes":""},"class_list":{"0":"post-11671","1":"page","2":"type-page","3":"status-publish","4":"has-post-thumbnail","6":"entry"},"_links":{"self":[{"href":"https:\/\/moverdb.com\/sl\/wp-json\/wp\/v2\/pages\/11671","targetHints":{"allow":["GET"]}}],"collection":[{"href":"https:\/\/moverdb.com\/sl\/wp-json\/wp\/v2\/pages"}],"about":[{"href":"https:\/\/moverdb.com\/sl\/wp-json\/wp\/v2\/types\/page"}],"author":[{"embeddable":true,"href":"https:\/\/moverdb.com\/sl\/wp-json\/wp\/v2\/users\/4"}],"replies":[{"embeddable":true,"href":"https:\/\/moverdb.com\/sl\/wp-json\/wp\/v2\/comments?post=11671"}],"version-history":[{"count":1,"href":"https:\/\/moverdb.com\/sl\/wp-json\/wp\/v2\/pages\/11671\/revisions"}],"predecessor-version":[{"id":11672,"href":"https:\/\/moverdb.com\/sl\/wp-json\/wp\/v2\/pages\/11671\/revisions\/11672"}],"up":[{"embeddable":true,"href":"https:\/\/moverdb.com\/sl\/wp-json\/wp\/v2\/pages\/190"}],"wp:featuredmedia":[{"embeddable":true,"href":"https:\/\/moverdb.com\/sl\/wp-json\/wp\/v2\/media\/11363"}],"wp:attachment":[{"href":"https:\/\/moverdb.com\/sl\/wp-json\/wp\/v2\/media?parent=11671"}],"curies":[{"name":"wp","href":"https:\/\/api.w.org\/{rel}","templated":true}]}}