{"id":11666,"date":"2023-11-29T10:31:41","date_gmt":"2023-11-29T10:31:41","guid":{"rendered":"https:\/\/moverdb.com\/?page_id=11666"},"modified":"2026-01-08T15:24:27","modified_gmt":"2026-01-08T15:24:27","slug":"moving-companies-us-tennessee","status":"publish","type":"page","link":"https:\/\/moverdb.com\/sl\/moving-companies\/moving-companies-us-tennessee\/","title":{"rendered":"3 Najbolj\u0161e mednarodne selitve podjetja v Tennesseeju"},"content":{"rendered":"<p>Na\u010drtujete selitev? Potem se odlo\u010dite za storitve <a href=\"https:\/\/moverdb.com\/sl\/moving-companies\/\" data-internallinksmanager029f6b8e52c=\"79\" title=\"Top 25 Mednarodne selitve podjetja Online\">selitev podjetja<\/a> bi lahko resni\u010dno olaj\u0161ali delovno obremenitev. Pomagajo vam lahko pri na\u010drtovanju selitve, organizaciji prevoza, pakiranju stvari in urejanju carine pri mednarodnih selitvah. V nadaljevanju smo pripravili seznam <a href=\"https:\/\/moverdb.com\/sl\/moving-to-the-united-states\/moving-to-tennessee\/\" data-internallinksmanager029f6b8e52c=\"406\" title=\"Selitev v Tennessee? 2023 \u017divljenjski stro\u0161ki in nasveti za selitev\">Tennessee<\/a> . <a href=\"https:\/\/moverdb.com\/sl\/international-removals\/\" data-internallinksmanager029f6b8e52c=\"27\" title=\"36 najbolj\u0161ih podjetij za mednarodne selitve v Zdru\u017eenem kraljestvu\">podjetja za selitve<\/a> ki so \u010dlani <a href=\"https:\/\/moverdb.com\/sl\/iam\/\" data-internallinksmanager029f6b8e52c=\"23\" title=\"Pojasnila o Mednarodnem zdru\u017eenju gibalcev (IAM)\">Mednarodno zdru\u017eenje movers<\/a> (IAM) in\/ali <a href=\"https:\/\/moverdb.com\/sl\/fidi-faim\/\" data-internallinksmanager029f6b8e52c=\"16\" title=\"Pojasnila o FIDI in FAIM (FIDI Accredited International Mover)\">FIDI<\/a> akreditirani mednarodni selitveni delavci (FAIM), ki vam lahko pomagajo pri selitvi.<\/p>\n<h2><strong>1. Apex Moving &amp; Storage<\/strong><\/h2>\n<p><img loading=\"lazy\" decoding=\"async\" class=\"alignnone size-full wp-image-11256\" src=\"https:\/\/moverdb.com\/wp-content\/uploads\/Apex-Moving-Storage-international-moving-company.png\" alt=\"Apex Moving &amp; Storage mednarodna selitev podjetje\" width=\"1440\" height=\"680\" data-wp-pid=\"11256\" srcset=\"https:\/\/moverdb.com\/wp-content\/uploads\/Apex-Moving-Storage-international-moving-company.png 1440w, https:\/\/moverdb.com\/wp-content\/uploads\/Apex-Moving-Storage-international-moving-company-300x142.png 300w, https:\/\/moverdb.com\/wp-content\/uploads\/Apex-Moving-Storage-international-moving-company-1024x484.png 1024w, https:\/\/moverdb.com\/wp-content\/uploads\/Apex-Moving-Storage-international-moving-company-18x9.png 18w, https:\/\/moverdb.com\/wp-content\/uploads\/Apex-Moving-Storage-international-moving-company-600x283.png 600w\" sizes=\"auto, (max-width: 1440px) 100vw, 1440px\" \/><\/p>\n<ul>\n<li>Lokalni in dolgi premiki<\/li>\n<li>Mednarodne selitve<\/li>\n<li>Stanovanjske selitve<\/li>\n<li>Komercialni premiki<\/li>\n<li>Selitve podjetij<\/li>\n<li>Celovita storitev pakiranja<\/li>\n<li>Ureditev prevoza<\/li>\n<li>Carinjenje<\/li>\n<li>Tehnologija sledenja tovornjakom<\/li>\n<li>Storitve shranjevanja<\/li>\n<\/ul>\n<p>Podjetje Apex Moving &amp; Storage je bilo ustanovljeno leta 1972 in ima sede\u017e v mestu Antioch. Je meddr\u017eavni zastopnik podjetja Atlas, ki jih povezuje z mednarodno mre\u017eo profesionalnih selitvenih delavcev, ki jim pomagajo. So \u010dlani zdru\u017eenja IAM s 45 leti izku\u0161enj.<\/p>\n<p>Podjetje Apex Moving &amp; Storage poskrbi za premike od majhnih do velikih dimenzij in lahko ustvari cenovno ugodne mo\u017enosti, ki ustrezajo vsem potrebam. Nudijo selitvene storitve od vrat do vrat s posvetovanjem pred selitvijo, za pomo\u010d pa vam bo dodeljen osebni koordinator selitve. Nudijo popolno storitev pakiranja in poskrbijo za prevoz s carinjenjem, \u010de se selite v tujino.<\/p>\n<p>Spletna stran: <a href=\"http:\/\/www.apexmoving.com\/\" target=\"_blank\" rel=\"noopener\">http:\/\/www.apexmoving.com\/<\/a><\/p>\n<h2><strong>2. Elizabeth's Moving Service<\/strong><\/h2>\n<p><img loading=\"lazy\" decoding=\"async\" class=\"alignnone size-full wp-image-11315\" src=\"https:\/\/moverdb.com\/wp-content\/uploads\/Elizabeths-Moving-Service-international-moving-company.png\" alt=\"Elizabeths Moving Service mednarodno gibljejo podjetje\" width=\"1440\" height=\"675\" data-wp-pid=\"11315\" srcset=\"https:\/\/moverdb.com\/wp-content\/uploads\/Elizabeths-Moving-Service-international-moving-company.png 1440w, https:\/\/moverdb.com\/wp-content\/uploads\/Elizabeths-Moving-Service-international-moving-company-300x141.png 300w, https:\/\/moverdb.com\/wp-content\/uploads\/Elizabeths-Moving-Service-international-moving-company-1024x480.png 1024w, https:\/\/moverdb.com\/wp-content\/uploads\/Elizabeths-Moving-Service-international-moving-company-18x8.png 18w, https:\/\/moverdb.com\/wp-content\/uploads\/Elizabeths-Moving-Service-international-moving-company-600x281.png 600w\" sizes=\"auto, (max-width: 1440px) 100vw, 1440px\" \/><\/p>\n<ul>\n<li>Lokalni premiki<\/li>\n<li>Premiki na dolge razdalje<\/li>\n<li>Selitve gospodinjstev<\/li>\n<li>Pisarni\u0161ke in komercialne selitve<\/li>\n<li>Na\u010drt premikanja po meri<\/li>\n<li>Storitev pakiranja<\/li>\n<li>Ureditev prevoza<\/li>\n<li>Namestitev aparatov<\/li>\n<li>Rokovanje z umetninami<\/li>\n<li>Varna skladi\u0161\u010da<\/li>\n<\/ul>\n<p>Elizabeth's Moving Service je podjetje za selitev in skladi\u0161\u010denje s sede\u017eem v Chattanoogi. Je \u010dlan zdru\u017eenja IAM s \u0161estletnimi izku\u0161njami, kar jim omogo\u010da sodelovanje z mre\u017eo selitvenih agentov, s katerimi lahko opravljajo storitve tudi zunaj svojega obmo\u010dja delovanja.<\/p>\n<p>Podjetje Elizabeth's Moving Service ponuja pregled na domu, ki omogo\u010da natan\u010dno ponudbo. Nudijo celovite storitve, pri katerih pakirajo in po\u0161iljajo va\u0161e stvari za lokalne, daljinske in mednarodne selitve. Zagotavljajo visokokakovostne storitve pakiranja z usposobljenimi pakiralci, ki bodo za\u0161\u010ditili va\u0161e stvari med prevozom, kar vklju\u010duje lesene zaboje za krhke predmete in za\u0161\u010dito va\u0161ega doma med selitvijo.<\/p>\n<p>Spletna stran: <a href=\"http:\/\/www.elizabethsmoving.com\" target=\"_blank\" rel=\"noopener\">http:\/\/www.elizabethsmoving.com<\/a><\/p>\n<h2><strong>3. Podjetje za prenos<\/strong><\/h2>\n<p><img loading=\"lazy\" decoding=\"async\" class=\"alignnone size-full wp-image-11449\" src=\"https:\/\/moverdb.com\/wp-content\/uploads\/Still-Transfer-Company-international-moving-company.png\" alt=\"\u0160e vedno Transfer Company mednarodno gibljejo podjetje\" width=\"1440\" height=\"677\" data-wp-pid=\"11449\" srcset=\"https:\/\/moverdb.com\/wp-content\/uploads\/Still-Transfer-Company-international-moving-company.png 1440w, https:\/\/moverdb.com\/wp-content\/uploads\/Still-Transfer-Company-international-moving-company-300x141.png 300w, https:\/\/moverdb.com\/wp-content\/uploads\/Still-Transfer-Company-international-moving-company-1024x481.png 1024w, https:\/\/moverdb.com\/wp-content\/uploads\/Still-Transfer-Company-international-moving-company-18x8.png 18w, https:\/\/moverdb.com\/wp-content\/uploads\/Still-Transfer-Company-international-moving-company-600x282.png 600w\" sizes=\"auto, (max-width: 1440px) 100vw, 1440px\" \/><\/p>\n<ul>\n<li>Lokalni in dolgi premiki<\/li>\n<li>Mednarodne selitve<\/li>\n<li>Stanovanjske selitve<\/li>\n<li>Komercialne in pisarni\u0161ke selitve<\/li>\n<li>Storitev pakiranja<\/li>\n<li>Ureditev prevoza<\/li>\n<li>Carinsko posredovanje<\/li>\n<li>Premiki glasbenega instrumenta<\/li>\n<li>Varno kratkoro\u010dno in dolgoro\u010dno shranjevanje<\/li>\n<\/ul>\n<p>Still Transfer Company je podjetje za selitev in prevoz tovora, ki je bilo ustanovljeno leta 1928 in ima sede\u017e v Kingsportu. Je \u010dlan zdru\u017eenja IAM s 95-letnimi izku\u0161njami, ki jim omogo\u010da sodelovanje s svetovno mre\u017eo selitvenih podjetij pri izvajanju storitev.<\/p>\n<p>Podjetje Still Transfer Company ponuja majhne in velike selitvene storitve za lokalne, daljinske in mednarodne selitve za stanovanjske, poslovne, pisarni\u0161ke in industrijske selitve. Nudijo storitve selitve in pakiranja za varno premestitev va\u0161ih stvari na ciljno destinacijo ter tudi carinsko posredovanje. Ponujajo tudi mo\u017enost varnega kratkoro\u010dnega ali dolgoro\u010dnega skladi\u0161\u010denja.<\/p>\n<p>Spletna stran: <a href=\"http:\/\/www.stilltransfer.net\" target=\"_blank\" rel=\"noopener\">http:\/\/www.stilltransfer.net<\/a><\/p>","protected":false},"excerpt":{"rendered":"<p>Are you planning a move? Then engaging the services of a moving company could really help ease the workload. They can assist with planning your move, transportation arrangements, packing your belongings and handling customs on international moves. Below we have compiled a list of Tennessee based removal companies that are members of the International Association [&hellip;]<\/p>\n","protected":false},"author":4,"featured_media":11256,"parent":190,"menu_order":0,"comment_status":"closed","ping_status":"closed","template":"","meta":{"_genesis_hide_title":false,"_genesis_hide_breadcrumbs":false,"_genesis_hide_singular_image":false,"_genesis_hide_footer_widgets":false,"_genesis_custom_body_class":"","_genesis_custom_post_class":"","_genesis_layout":"","footnotes":""},"class_list":{"0":"post-11666","1":"page","2":"type-page","3":"status-publish","4":"has-post-thumbnail","6":"entry"},"_links":{"self":[{"href":"https:\/\/moverdb.com\/sl\/wp-json\/wp\/v2\/pages\/11666","targetHints":{"allow":["GET"]}}],"collection":[{"href":"https:\/\/moverdb.com\/sl\/wp-json\/wp\/v2\/pages"}],"about":[{"href":"https:\/\/moverdb.com\/sl\/wp-json\/wp\/v2\/types\/page"}],"author":[{"embeddable":true,"href":"https:\/\/moverdb.com\/sl\/wp-json\/wp\/v2\/users\/4"}],"replies":[{"embeddable":true,"href":"https:\/\/moverdb.com\/sl\/wp-json\/wp\/v2\/comments?post=11666"}],"version-history":[{"count":1,"href":"https:\/\/moverdb.com\/sl\/wp-json\/wp\/v2\/pages\/11666\/revisions"}],"predecessor-version":[{"id":11667,"href":"https:\/\/moverdb.com\/sl\/wp-json\/wp\/v2\/pages\/11666\/revisions\/11667"}],"up":[{"embeddable":true,"href":"https:\/\/moverdb.com\/sl\/wp-json\/wp\/v2\/pages\/190"}],"wp:featuredmedia":[{"embeddable":true,"href":"https:\/\/moverdb.com\/sl\/wp-json\/wp\/v2\/media\/11256"}],"wp:attachment":[{"href":"https:\/\/moverdb.com\/sl\/wp-json\/wp\/v2\/media?parent=11666"}],"curies":[{"name":"wp","href":"https:\/\/api.w.org\/{rel}","templated":true}]}}