{"id":11659,"date":"2023-11-29T10:20:43","date_gmt":"2023-11-29T10:20:43","guid":{"rendered":"https:\/\/moverdb.com\/?page_id=11659"},"modified":"2026-01-08T15:23:50","modified_gmt":"2026-01-08T15:23:50","slug":"moving-companies-us-south-carolina","status":"publish","type":"page","link":"https:\/\/moverdb.com\/sl\/moving-companies\/moving-companies-us-south-carolina\/","title":{"rendered":"2 Najbolj\u0161a mednarodna selitvena podjetja v Ju\u017eni Karolini"},"content":{"rendered":"<p>Selitev je lahko zelo zahtevna, saj je treba opraviti veliko dela, kot so na\u010drtovanje, pakiranje, urejanje prevoza in, \u010de se selite v tujino, tudi carinjenje. A <a href=\"https:\/\/moverdb.com\/sl\/moving-companies\/\" data-internallinksmanager029f6b8e52c=\"79\" title=\"Top 25 Mednarodne selitve podjetja Online\">selitev podjetja<\/a> vam lahko pomagajo pri nekaterih ali vseh teh vpra\u0161anjih. V nadaljevanju smo pripravili seznam <a href=\"https:\/\/moverdb.com\/sl\/moving-to-the-united-states\/moving-to-south-carolina\/\" data-internallinksmanager029f6b8e52c=\"408\" title=\"Selitev v Ju\u017eno Karolino? 2023 \u017divljenjski stro\u0161ki in nasveti za selitev\">Ju\u017ena Karolina<\/a> . <a href=\"https:\/\/moverdb.com\/sl\/international-removals\/\" data-internallinksmanager029f6b8e52c=\"27\" title=\"36 najbolj\u0161ih podjetij za mednarodne selitve v Zdru\u017eenem kraljestvu\">podjetja za selitve<\/a> ki so \u010dlani <a href=\"https:\/\/moverdb.com\/sl\/iam\/\" data-internallinksmanager029f6b8e52c=\"23\" title=\"Pojasnila o Mednarodnem zdru\u017eenju gibalcev (IAM)\">Mednarodno zdru\u017eenje movers<\/a> (IAM) in\/ali <a href=\"https:\/\/moverdb.com\/sl\/fidi-faim\/\" data-internallinksmanager029f6b8e52c=\"16\" title=\"Pojasnila o FIDI in FAIM (FIDI Accredited International Mover)\">FIDI<\/a> akreditirani mednarodni selitveni urad (FAIM), ki vam lahko pomaga pri selitvi.<\/p>\n<h2><strong>1. Carrie International Freight Services<\/strong><\/h2>\n<p><img loading=\"lazy\" decoding=\"async\" class=\"alignnone size-full wp-image-11282\" src=\"https:\/\/moverdb.com\/wp-content\/uploads\/Carrie-International-Freight-Services-moving-company.png\" alt=\"Carrie International Freight Services selitev podjetja\" width=\"1440\" height=\"675\" data-wp-pid=\"11282\" srcset=\"https:\/\/moverdb.com\/wp-content\/uploads\/Carrie-International-Freight-Services-moving-company.png 1440w, https:\/\/moverdb.com\/wp-content\/uploads\/Carrie-International-Freight-Services-moving-company-300x141.png 300w, https:\/\/moverdb.com\/wp-content\/uploads\/Carrie-International-Freight-Services-moving-company-1024x480.png 1024w, https:\/\/moverdb.com\/wp-content\/uploads\/Carrie-International-Freight-Services-moving-company-18x8.png 18w, https:\/\/moverdb.com\/wp-content\/uploads\/Carrie-International-Freight-Services-moving-company-600x281.png 600w\" sizes=\"auto, (max-width: 1440px) 100vw, 1440px\" \/><\/p>\n<ul>\n<li>Uvozne in izvozne storitve<\/li>\n<li>Mednarodni tovorni promet<\/li>\n<li>Selitve gospodinjstev<\/li>\n<li>Komercialni tovorni promet<\/li>\n<li>Prilagojene storitve<\/li>\n<li>Obvladovanje prevoza<\/li>\n<li>Pomorski tovor<\/li>\n<li>Carinsko posredovanje<\/li>\n<li>Ravnanje s starinami<\/li>\n<li><a href=\"https:\/\/moverdb.com\/sl\/car-transport-shipping\/\" data-internallinksmanager029f6b8e52c=\"2\" title=\"2026 Kvote za mednarodni prevoz avtomobilov in prevoz vozil\">Prevoz vozil<\/a><\/li>\n<\/ul>\n<p>Carrie International Freight Services je podjetje za pomorski <a href=\"https:\/\/moverdb.com\/sl\/freight-forwarder\/\" data-internallinksmanager029f6b8e52c=\"17\" title=\"\u0160pediter in NVOCC Mednarodni vodnik po stro\u0161kih in podjetjih\">\u0161pediter<\/a> in carinski posrednik s sede\u017eem v Charlestonu. Svoje storitve opravljajo na celotnem obmo\u010dju <a href=\"https:\/\/moverdb.com\/sl\/moving-to-the-united-states\/\" data-internallinksmanager029f6b8e52c=\"94\" title=\"Selitev v Zdru\u017eene dr\u017eave Amerike? 2022 \u017divljenjski stro\u0161ki in nasveti za selitev\">ZDA<\/a> ter v \u0161tevilne dr\u017eave po svetu in iz njih. So \u010dlani zdru\u017eenja IAM, kar jim omogo\u010da dostop do mednarodne mre\u017ee selitvenih agentov, s katerimi lahko sodelujejo.<\/p>\n<p>Dru\u017eba Carrie International Freight Services ponuja prilagojene in strokovne storitve, ki so prilagojene potrebam strank. Nudijo samo pomorski prevoz ter upravljajo vse storitve uvoza in izvoza \u0161irokega spektra blaga, vklju\u010dno z gospodinjskimi predmeti, starinami in motornimi vozili.<\/p>\n<p>Spletna stran: <a href=\"http:\/\/www.cifservices.com\" target=\"_blank\" rel=\"noopener\">http:\/\/www.cifservices.com<\/a><\/p>\n<h2><strong>2. Nilson Van &amp; Storage<\/strong><\/h2>\n<p><img loading=\"lazy\" decoding=\"async\" class=\"alignnone size-full wp-image-11395\" src=\"https:\/\/moverdb.com\/wp-content\/uploads\/Nilson-Van-Storage-international-moving-company.png\" alt=\"Nilson Van &amp; Storage mednarodna selitev podjetje\" width=\"1440\" height=\"675\" data-wp-pid=\"11395\" srcset=\"https:\/\/moverdb.com\/wp-content\/uploads\/Nilson-Van-Storage-international-moving-company.png 1440w, https:\/\/moverdb.com\/wp-content\/uploads\/Nilson-Van-Storage-international-moving-company-300x141.png 300w, https:\/\/moverdb.com\/wp-content\/uploads\/Nilson-Van-Storage-international-moving-company-1024x480.png 1024w, https:\/\/moverdb.com\/wp-content\/uploads\/Nilson-Van-Storage-international-moving-company-18x8.png 18w, https:\/\/moverdb.com\/wp-content\/uploads\/Nilson-Van-Storage-international-moving-company-600x281.png 600w\" sizes=\"auto, (max-width: 1440px) 100vw, 1440px\" \/><\/p>\n<ul>\n<li>Lokalni in dolgi premiki<\/li>\n<li>Mednarodne selitve<\/li>\n<li>Stanovanjske selitve<\/li>\n<li>Komercialni premiki<\/li>\n<li>Selitve podjetij<\/li>\n<li>Storitev pakiranja<\/li>\n<li>Prevoz po kopnem, zraku in morju<\/li>\n<li>Prevoz vozil<\/li>\n<li>Zavarovanje<\/li>\n<li>Mo\u017enosti shranjevanja<\/li>\n<\/ul>\n<p>Nilson Van &amp; Storage je podjetje za pakiranje, selitev in skladi\u0161\u010denje, ki je bilo ustanovljeno leta 1938 in ima sede\u017e v Kolumbiji v Ju\u017eni Karolini. Je del podjetja Mayflower Movers, ki \u0161iri svojo mre\u017eo selitvenih agentov, ki jim lahko pomagajo pri izvajanju storitev v ve\u010d kot 160 dr\u017eavah. S 85 leti izku\u0161enj so \u010dlani zdru\u017eenja IAM.<\/p>\n<p>Podjetje Nilson Van &amp; Storage ponuja storitev pakiranja z usposobljenimi selitvenimi delavci, ki bodo varno zapakirali va\u0161e stvari in sestavili podroben popis. Poskrbeli bodo za prevoz va\u0161ih predmetov z informacijami o sledenju, tako da boste vedeli, kje so va\u0161i predmeti.<\/p>\n<p>Spletna stran: <a href=\"http:\/\/www.nilsonvan.com\/\" target=\"_blank\" rel=\"noopener\">http:\/\/www.nilsonvan.com\/<\/a><\/p>","protected":false},"excerpt":{"rendered":"<p>Moving can be overwhelming as there is so much to do such as planning, packing, arranging transport and if moving abroad customs handling. A moving company can assist you with some or all of this. Below we have compiled a list of South Carolina based removal companies that are members of the International Association of [&hellip;]<\/p>\n","protected":false},"author":4,"featured_media":11282,"parent":190,"menu_order":0,"comment_status":"closed","ping_status":"closed","template":"","meta":{"_genesis_hide_title":false,"_genesis_hide_breadcrumbs":false,"_genesis_hide_singular_image":false,"_genesis_hide_footer_widgets":false,"_genesis_custom_body_class":"","_genesis_custom_post_class":"","_genesis_layout":"","footnotes":""},"class_list":{"0":"post-11659","1":"page","2":"type-page","3":"status-publish","4":"has-post-thumbnail","6":"entry"},"_links":{"self":[{"href":"https:\/\/moverdb.com\/sl\/wp-json\/wp\/v2\/pages\/11659","targetHints":{"allow":["GET"]}}],"collection":[{"href":"https:\/\/moverdb.com\/sl\/wp-json\/wp\/v2\/pages"}],"about":[{"href":"https:\/\/moverdb.com\/sl\/wp-json\/wp\/v2\/types\/page"}],"author":[{"embeddable":true,"href":"https:\/\/moverdb.com\/sl\/wp-json\/wp\/v2\/users\/4"}],"replies":[{"embeddable":true,"href":"https:\/\/moverdb.com\/sl\/wp-json\/wp\/v2\/comments?post=11659"}],"version-history":[{"count":1,"href":"https:\/\/moverdb.com\/sl\/wp-json\/wp\/v2\/pages\/11659\/revisions"}],"predecessor-version":[{"id":11660,"href":"https:\/\/moverdb.com\/sl\/wp-json\/wp\/v2\/pages\/11659\/revisions\/11660"}],"up":[{"embeddable":true,"href":"https:\/\/moverdb.com\/sl\/wp-json\/wp\/v2\/pages\/190"}],"wp:featuredmedia":[{"embeddable":true,"href":"https:\/\/moverdb.com\/sl\/wp-json\/wp\/v2\/media\/11282"}],"wp:attachment":[{"href":"https:\/\/moverdb.com\/sl\/wp-json\/wp\/v2\/media?parent=11659"}],"curies":[{"name":"wp","href":"https:\/\/api.w.org\/{rel}","templated":true}]}}