{"id":11651,"date":"2023-11-29T10:38:44","date_gmt":"2023-11-29T10:38:44","guid":{"rendered":"https:\/\/moverdb.com\/?page_id=11651"},"modified":"2026-01-08T15:24:50","modified_gmt":"2026-01-08T15:24:50","slug":"moving-companies-us-pennsylvania","status":"publish","type":"page","link":"https:\/\/moverdb.com\/sl\/moving-companies\/moving-companies-us-pennsylvania\/","title":{"rendered":"4 Najbolj\u0161e mednarodne selitve podjetja v Pensilvaniji"},"content":{"rendered":"<p>Pri selitvi je treba postoriti veliko stvari, kot so organiziranje, pakiranje, urejanje prevoza in carine, \u010de se selite v tujino, vendar vam tega ni treba storiti sami. A <a href=\"https:\/\/moverdb.com\/sl\/moving-companies\/\" data-internallinksmanager029f6b8e52c=\"79\" title=\"Top 25 Mednarodne selitve podjetja Online\">selitev podjetja<\/a> vam lahko pomaga pri vseh ali nekaterih od teh opravil in vam olaj\u0161a selitev. V nadaljevanju smo pripravili seznam <a href=\"https:\/\/moverdb.com\/sl\/moving-to-the-united-states\/moving-to-pennsylvania\/\" data-internallinksmanager029f6b8e52c=\"404\" title=\"Selitev v Pensilvanijo? 2023 \u017divljenjski stro\u0161ki in nasveti za selitev\">Pensilvanija<\/a> . <a href=\"https:\/\/moverdb.com\/sl\/international-removals\/\" data-internallinksmanager029f6b8e52c=\"27\" title=\"36 najbolj\u0161ih podjetij za mednarodne selitve v Zdru\u017eenem kraljestvu\">podjetja za selitve<\/a> ki so \u010dlani <a href=\"https:\/\/moverdb.com\/sl\/iam\/\" data-internallinksmanager029f6b8e52c=\"23\" title=\"Pojasnila o Mednarodnem zdru\u017eenju gibalcev (IAM)\">Mednarodno zdru\u017eenje movers<\/a> (IAM) in\/ali <a href=\"https:\/\/moverdb.com\/sl\/fidi-faim\/\" data-internallinksmanager029f6b8e52c=\"16\" title=\"Pojasnila o FIDI in FAIM (FIDI Accredited International Mover)\">FIDI<\/a> akreditirani mednarodni selitveni urad (FAIM), ki vam lahko pomaga pri selitvi.<\/p>\n<div id=\"ez-toc-container\" class=\"ez-toc-v2_0_82_2 ez-toc-wrap-left counter-hierarchy ez-toc-counter ez-toc-transparent ez-toc-container-direction\">\n<div class=\"ez-toc-title-container\">\n<p class=\"ez-toc-title\" style=\"cursor:inherit\">Oddelki<\/p>\n<span class=\"ez-toc-title-toggle\"><a href=\"#\" class=\"ez-toc-pull-right ez-toc-btn ez-toc-btn-xs ez-toc-btn-default ez-toc-toggle\" aria-label=\"Toggle Tabela vsebine\"><span class=\"ez-toc-js-icon-con\"><span class=\"\"><span class=\"eztoc-hide\" style=\"display:none;\">Toggle<\/span><span class=\"ez-toc-icon-toggle-span\"><svg style=\"fill: #999;color:#999\" xmlns=\"http:\/\/www.w3.org\/2000\/svg\" class=\"list-377408\" width=\"20px\" height=\"20px\" viewbox=\"0 0 24 24\" fill=\"none\"><path d=\"M6 6H4v2h2V6zm14 0H8v2h12V6zM4 11h2v2H4v-2zm16 0H8v2h12v-2zM4 16h2v2H4v-2zm16 0H8v2h12v-2z\" fill=\"currentColor\"><\/path><\/svg><svg style=\"fill: #999;color:#999\" class=\"arrow-unsorted-368013\" xmlns=\"http:\/\/www.w3.org\/2000\/svg\" width=\"10px\" height=\"10px\" viewbox=\"0 0 24 24\" version=\"1.2\" baseprofile=\"tiny\"><path d=\"M18.2 9.3l-6.2-6.3-6.2 6.3c-.2.2-.3.4-.3.7s.1.5.3.7c.2.2.4.3.7.3h11c.3 0 .5-.1.7-.3.2-.2.3-.5.3-.7s-.1-.5-.3-.7zM5.8 14.7l6.2 6.3 6.2-6.3c.2-.2.3-.5.3-.7s-.1-.5-.3-.7c-.2-.2-.4-.3-.7-.3h-11c-.3 0-.5.1-.7.3-.2.2-.3.5-.3.7s.1.5.3.7z\"\/><\/svg><\/span><\/span><\/span><\/a><\/span><\/div>\n<nav><ul class='ez-toc-list ez-toc-list-level-1 eztoc-toggle-hide-by-default' ><li class='ez-toc-page-1 ez-toc-heading-level-2'><a class=\"ez-toc-link ez-toc-heading-1\" href=\"https:\/\/moverdb.com\/sl\/moving-companies\/moving-companies-us-pennsylvania\/#1_Aires\" >1. Aires<\/a><\/li><li class='ez-toc-page-1 ez-toc-heading-level-2'><a class=\"ez-toc-link ez-toc-heading-2\" href=\"https:\/\/moverdb.com\/sl\/moving-companies\/moving-companies-us-pennsylvania\/#2_Champion_International_Moving\" >2. Champion International Moving<\/a><\/li><li class='ez-toc-page-1 ez-toc-heading-level-2'><a class=\"ez-toc-link ez-toc-heading-3\" href=\"https:\/\/moverdb.com\/sl\/moving-companies\/moving-companies-us-pennsylvania\/#3_Movers_Specialty_Service\" >3. Posebna storitev Movers<\/a><\/li><li class='ez-toc-page-1 ez-toc-heading-level-2'><a class=\"ez-toc-link ez-toc-heading-4\" href=\"https:\/\/moverdb.com\/sl\/moving-companies\/moving-companies-us-pennsylvania\/#4_Reads_Moving_Systems\" >4. Sistemi za premikanje branja<\/a><\/li><\/ul><\/nav><\/div>\n<h2><span class=\"ez-toc-section\" id=\"1_Aires\"><\/span><strong>1. Aires<\/strong><span class=\"ez-toc-section-end\"><\/span><\/h2>\n<p><img loading=\"lazy\" decoding=\"async\" class=\"alignnone size-full wp-image-11247\" src=\"https:\/\/moverdb.com\/wp-content\/uploads\/Aires-international-moving-company.png\" alt=\"Aires mednarodno gibljejo podjetje\" width=\"1440\" height=\"678\" data-wp-pid=\"11247\" srcset=\"https:\/\/moverdb.com\/wp-content\/uploads\/Aires-international-moving-company.png 1440w, https:\/\/moverdb.com\/wp-content\/uploads\/Aires-international-moving-company-300x141.png 300w, https:\/\/moverdb.com\/wp-content\/uploads\/Aires-international-moving-company-1024x482.png 1024w, https:\/\/moverdb.com\/wp-content\/uploads\/Aires-international-moving-company-18x8.png 18w, https:\/\/moverdb.com\/wp-content\/uploads\/Aires-international-moving-company-600x283.png 600w\" sizes=\"auto, (max-width: 1440px) 100vw, 1440px\" \/><\/p>\n<ul>\n<li>Nacionalne selitve<\/li>\n<li>Mednarodne selitve<\/li>\n<li>Selitve gospodinjstev<\/li>\n<li>premestitve zaposlenih<\/li>\n<li>Storitve ob odhodu<\/li>\n<li>Storitve v zvezi z destinacijo in naselitvijo<\/li>\n<li>Storitve za priseljevanje<\/li>\n<li>Nepremi\u010dninske storitve<\/li>\n<li>Iskanje \u0161ole<\/li>\n<li>Kulturno in jezikovno usposabljanje<\/li>\n<\/ul>\n<p>Aires je leta 1981 ustanovljeno podjetje za selitve in \u0161pedicije s sede\u017eem v Pittsburghu in petimi drugimi <a href=\"https:\/\/moverdb.com\/sl\/moving-to-the-united-states\/\" data-internallinksmanager029f6b8e52c=\"94\" title=\"Selitev v Zdru\u017eene dr\u017eave Amerike? 2022 \u017divljenjski stro\u0161ki in nasveti za selitev\">ZDA<\/a> pisarne in mednarodne pisarne v <a href=\"https:\/\/moverdb.com\/sl\/moving-to-hong-kong\/\" data-internallinksmanager029f6b8e52c=\"350\" title=\"Selitev v Hongkong? 2023 \u017divljenjski stro\u0161ki in nasveti za selitev\">Hongkong<\/a>, London, <a href=\"https:\/\/moverdb.com\/sl\/moving-to-singapore\/\" data-internallinksmanager029f6b8e52c=\"68\" title=\"Selitev v Singapur? 2022 \u017divljenjski stro\u0161ki in nasveti za selitev\">Singapur<\/a>, \u0160anghaju in Mumbaju. Za podporo imajo \u0161iroko mre\u017eo zaupanja vrednih ponudnikov storitev. So \u010dlani zdru\u017eenja IAM z 42-letnimi izku\u0161njami in so akreditirani pri FIDI.<\/p>\n<p>Aires je specializiran za podporo podjetjem pri selitvi njihovih zaposlenih in ponuja \u0161iroko paleto storitev, ki zaposlenim pomagajo pri selitvi in nastanitvi v novem domu. Njihove storitve vklju\u010dujejo odhodne storitve, kot so selitev in priseljevanje, ter ciljne storitve, kot sta iskanje doma in \u0161ole.<\/p>\n<p>Spletna stran: <a href=\"https:\/\/www.aires.com\/\" target=\"_blank\" rel=\"noopener\">https:\/\/www.aires.com\/<\/a><\/p>\n<h2><span class=\"ez-toc-section\" id=\"2_Champion_International_Moving\"><\/span><strong>2. Champion International Moving<\/strong><span class=\"ez-toc-section-end\"><\/span><\/h2>\n<p><img loading=\"lazy\" decoding=\"async\" class=\"alignnone size-full wp-image-11285\" src=\"https:\/\/moverdb.com\/wp-content\/uploads\/Champion-International-Moving-company.png\" alt=\"Champion International Moving company\" width=\"1440\" height=\"676\" data-wp-pid=\"11285\" srcset=\"https:\/\/moverdb.com\/wp-content\/uploads\/Champion-International-Moving-company.png 1440w, https:\/\/moverdb.com\/wp-content\/uploads\/Champion-International-Moving-company-300x141.png 300w, https:\/\/moverdb.com\/wp-content\/uploads\/Champion-International-Moving-company-1024x481.png 1024w, https:\/\/moverdb.com\/wp-content\/uploads\/Champion-International-Moving-company-18x8.png 18w, https:\/\/moverdb.com\/wp-content\/uploads\/Champion-International-Moving-company-600x282.png 600w\" sizes=\"auto, (max-width: 1440px) 100vw, 1440px\" \/><\/p>\n<ul>\n<li>Nacionalne poteze<\/li>\n<li>Mednarodne selitve<\/li>\n<li>Stanovanjske selitve<\/li>\n<li>Poslovne poteze<\/li>\n<li>Strokovnjak za premestitev<\/li>\n<li>Storitev pakiranja<\/li>\n<li>Premiki hi\u0161nih ljubljen\u010dkov<\/li>\n<li>Prevoz vozil<\/li>\n<li>Zavarovanje<\/li>\n<li>Storitve shranjevanja<\/li>\n<\/ul>\n<p>Champion International Moving je podjetje za upravljanje selitev, ki je bilo ustanovljeno leta 1991 in ima sede\u017e v Pittsburghu. Je del skupine <a href=\"https:\/\/moverdb.com\/sl\/harmony-relocation-network\/\" data-internallinksmanager029f6b8e52c=\"20\" title=\"Pojasnila o mre\u017ei za premestitev Harmony (HRN)\">Harmony Relocation Network<\/a> kar pomeni, da delujejo dru\u017ebeno odgovorno in da imajo mre\u017eo selitvenih podjetij, s katerimi sodelujejo na enak na\u010din. So \u010dlani zdru\u017eenja IAM z 32-letnimi izku\u0161njami in so akreditirani pri FIDI.<\/p>\n<p>Champion International Moving ponuja nacionalne in mednarodne selitve za stanovanjske in poslovne stranke z eno kontaktno osebo, ki je specializiran strokovnjak za selitve. Nudijo storitev pakiranja za za\u0161\u010dito va\u0161ih stvari, organizirajo prevoz in jih ob prihodu raztovorijo.<\/p>\n<p>Spletna stran: <a href=\"http:\/\/www.champmove.com\" target=\"_blank\" rel=\"noopener\">http:\/\/www.champmove.com<\/a><\/p>\n<h2><span class=\"ez-toc-section\" id=\"3_Movers_Specialty_Service\"><\/span><strong>3. Posebna storitev Movers<\/strong><span class=\"ez-toc-section-end\"><\/span><\/h2>\n<p><img loading=\"lazy\" decoding=\"async\" class=\"alignnone size-full wp-image-11384\" src=\"https:\/\/moverdb.com\/wp-content\/uploads\/Movers-Specialty-Service-international-moving-company.png\" alt=\"Movers Specialty Service mednarodno gibanje podjetje\" width=\"1440\" height=\"677\" data-wp-pid=\"11384\" srcset=\"https:\/\/moverdb.com\/wp-content\/uploads\/Movers-Specialty-Service-international-moving-company.png 1440w, https:\/\/moverdb.com\/wp-content\/uploads\/Movers-Specialty-Service-international-moving-company-300x141.png 300w, https:\/\/moverdb.com\/wp-content\/uploads\/Movers-Specialty-Service-international-moving-company-1024x481.png 1024w, https:\/\/moverdb.com\/wp-content\/uploads\/Movers-Specialty-Service-international-moving-company-18x8.png 18w, https:\/\/moverdb.com\/wp-content\/uploads\/Movers-Specialty-Service-international-moving-company-600x282.png 600w\" sizes=\"auto, (max-width: 1440px) 100vw, 1440px\" \/><\/p>\n<ul>\n<li>Nacionalne storitve<\/li>\n<li>Storitve selitve gospodinjstev<\/li>\n<li>Komercialne selitvene storitve<\/li>\n<li>Upravljanje selitev na kraju samem<\/li>\n<li>Storitve pakiranja<\/li>\n<li>Rokovanje z umetninami<\/li>\n<li>razstavljanje in sestavljanje pohi\u0161tva<\/li>\n<li>Storitve odstranjevanja in namestitve<\/li>\n<li>Storitve selitve specializiranih predmetov<\/li>\n<li>Storitve hi\u0161ne pomo\u010dnice<\/li>\n<\/ul>\n<p>Movers Specialty Service je podjetje s sede\u017eem v Montgomeryvillu, ki je bilo ustanovljeno leta 1978. S skrbno izbrano mre\u017eo usposobljenih strokovnjakov opravlja storitve po vsej ZDA. Je \u010dlan zdru\u017eenja IAM s 45-letnimi izku\u0161njami.<\/p>\n<p>Movers Specialty Service zagotavlja specializirane podporne storitve za selitvene delavce in selitvena podjetja na njihovem izvoru ali cilju v ZDA. Nudijo specializirane selitvene storitve, ki vklju\u010dujejo odklop\/priklop naprav, razstavljanje\/sestavljanje opreme in pohi\u0161tva, demonta\u017eo\/monta\u017eo televizorjev, odstranitev\/monta\u017eo napeljav in pakiranje blaga. Premaknejo lahko tudi krhke in velike predmete, kot so klavirji in dedkove ure.<\/p>\n<p>Spletna stran: <a href=\"http:\/\/mss1.com\" target=\"_blank\" rel=\"noopener\">http:\/\/mss1.com<\/a><\/p>\n<h2><span class=\"ez-toc-section\" id=\"4_Reads_Moving_Systems\"><\/span><strong>4. Sistemi za premikanje branja<\/strong><span class=\"ez-toc-section-end\"><\/span><\/h2>\n<p><img loading=\"lazy\" decoding=\"async\" class=\"alignnone size-full wp-image-11418\" src=\"https:\/\/moverdb.com\/wp-content\/uploads\/Reads-Moving-Systems-international-moving-company.png\" alt=\"Preberi Moving Systems mednarodno gibljejo podjetje\" width=\"1440\" height=\"677\" data-wp-pid=\"11418\" srcset=\"https:\/\/moverdb.com\/wp-content\/uploads\/Reads-Moving-Systems-international-moving-company.png 1440w, https:\/\/moverdb.com\/wp-content\/uploads\/Reads-Moving-Systems-international-moving-company-300x141.png 300w, https:\/\/moverdb.com\/wp-content\/uploads\/Reads-Moving-Systems-international-moving-company-1024x481.png 1024w, https:\/\/moverdb.com\/wp-content\/uploads\/Reads-Moving-Systems-international-moving-company-18x8.png 18w, https:\/\/moverdb.com\/wp-content\/uploads\/Reads-Moving-Systems-international-moving-company-600x282.png 600w\" sizes=\"auto, (max-width: 1440px) 100vw, 1440px\" \/><\/p>\n<ul>\n<li>Lokalni premiki<\/li>\n<li>Mednarodne selitve<\/li>\n<li>Selitve gospodinjstev<\/li>\n<li>Pisarni\u0161ke in industrijske selitve<\/li>\n<li>Na\u010drtovanje pred selitvijo<\/li>\n<li>Storitev pakiranja<\/li>\n<li>Ume\u0161\u010danje v kletke<\/li>\n<li>Ureditev prevoza<\/li>\n<li>Izvorne in namembne storitve<\/li>\n<li>Prostori za shranjevanje<\/li>\n<\/ul>\n<p>Reads Moving Systems je podjetje za selitev in skladi\u0161\u010denje, ustanovljeno leta 1937, s sede\u017eem v Huntingdon Valleyju in lokacijami tudi v <a href=\"https:\/\/moverdb.com\/sl\/moving-to-the-united-states\/moving-to-florida\/\" data-internallinksmanager029f6b8e52c=\"331\" title=\"Selitev na Florido? 2023 \u017divljenjski stro\u0161ki in nasveti za selitev\">Florida<\/a> in . <a href=\"https:\/\/moverdb.com\/sl\/moving-to-the-united-states\/moving-to-georgia\/\" data-internallinksmanager029f6b8e52c=\"402\" title=\"Selitev v Gruzijo? 2023 \u017divljenjski stro\u0161ki in nasveti za selitev\">Georgia<\/a>. So zastopnik dru\u017ebe Atlas Van Lines, ki jim zagotavlja mre\u017eo selitvenih podjetij, s katerimi lahko sodelujejo. So \u010dlani zdru\u017eenja IAM s 50-letnimi izku\u0161njami.<\/p>\n<p>Podjetje Reads Moving Systems ponuja konkuren\u010dne cene svojih selitvenih storitev. S svojimi koordinatorji za upravljanje selitev zagotavljajo na\u010drtovanje pred selitvijo, da bi se dogovorili za va\u0161o selitev. Nudijo storitev pakiranja in zavijanja za za\u0161\u010dito va\u0161ih predmetov, pri mednarodnih selitvah pa jih bodo nalo\u017eili v zabojnik.<\/p>\n<p>Spletna stran: <a href=\"http:\/\/www.readsmoving.com\" target=\"_blank\" rel=\"noopener\">http:\/\/www.readsmoving.com<\/a><\/p>","protected":false},"excerpt":{"rendered":"<p>When you are moving there is so much to do like organising, packing, arranging transportation and managing customs if moving abroad, but you don\u2019t have to do this alone. A moving company can help with all or some of these tasks to make moving easier. Below we have compiled a list of Pennsylvania based removal [&hellip;]<\/p>\n","protected":false},"author":4,"featured_media":11247,"parent":190,"menu_order":0,"comment_status":"closed","ping_status":"closed","template":"","meta":{"_genesis_hide_title":false,"_genesis_hide_breadcrumbs":false,"_genesis_hide_singular_image":false,"_genesis_hide_footer_widgets":false,"_genesis_custom_body_class":"","_genesis_custom_post_class":"","_genesis_layout":"","footnotes":""},"class_list":{"0":"post-11651","1":"page","2":"type-page","3":"status-publish","4":"has-post-thumbnail","6":"entry"},"_links":{"self":[{"href":"https:\/\/moverdb.com\/sl\/wp-json\/wp\/v2\/pages\/11651","targetHints":{"allow":["GET"]}}],"collection":[{"href":"https:\/\/moverdb.com\/sl\/wp-json\/wp\/v2\/pages"}],"about":[{"href":"https:\/\/moverdb.com\/sl\/wp-json\/wp\/v2\/types\/page"}],"author":[{"embeddable":true,"href":"https:\/\/moverdb.com\/sl\/wp-json\/wp\/v2\/users\/4"}],"replies":[{"embeddable":true,"href":"https:\/\/moverdb.com\/sl\/wp-json\/wp\/v2\/comments?post=11651"}],"version-history":[{"count":2,"href":"https:\/\/moverdb.com\/sl\/wp-json\/wp\/v2\/pages\/11651\/revisions"}],"predecessor-version":[{"id":11653,"href":"https:\/\/moverdb.com\/sl\/wp-json\/wp\/v2\/pages\/11651\/revisions\/11653"}],"up":[{"embeddable":true,"href":"https:\/\/moverdb.com\/sl\/wp-json\/wp\/v2\/pages\/190"}],"wp:featuredmedia":[{"embeddable":true,"href":"https:\/\/moverdb.com\/sl\/wp-json\/wp\/v2\/media\/11247"}],"wp:attachment":[{"href":"https:\/\/moverdb.com\/sl\/wp-json\/wp\/v2\/media?parent=11651"}],"curies":[{"name":"wp","href":"https:\/\/api.w.org\/{rel}","templated":true}]}}