{"id":11648,"date":"2023-11-29T10:50:54","date_gmt":"2023-11-29T10:50:54","guid":{"rendered":"https:\/\/moverdb.com\/?page_id=11648"},"modified":"2026-01-08T15:29:25","modified_gmt":"2026-01-08T15:29:25","slug":"moving-companies-us-ohio","status":"publish","type":"page","link":"https:\/\/moverdb.com\/sl\/moving-companies\/moving-companies-us-ohio\/","title":{"rendered":"6 Najbolj\u0161a mednarodna selitvena podjetja v Ohiu"},"content":{"rendered":"<p>Na\u010drtujete selitev? Potem boste morda \u017eeleli najeti storitve <a href=\"https:\/\/moverdb.com\/sl\/moving-companies\/\" data-internallinksmanager029f6b8e52c=\"79\" title=\"Top 25 Mednarodne selitve podjetja Online\">selitev podjetja<\/a> za zmanj\u0161anje delovne obremenitve in pritiska zaradi selitve. Organizirajo, pakirajo in preva\u017eajo va\u0161e stvari ter poskrbijo za carino, \u010de se selite v drugo dr\u017eavo. V nadaljevanju smo pripravili seznam <a href=\"https:\/\/moverdb.com\/sl\/moving-to-the-united-states\/moving-to-ohio\/\" data-internallinksmanager029f6b8e52c=\"409\" title=\"Selitev v Ohio? 2023 \u017divljenjski stro\u0161ki in nasveti za selitev\">Ohio<\/a> . <a href=\"https:\/\/moverdb.com\/sl\/international-removals\/\" data-internallinksmanager029f6b8e52c=\"27\" title=\"36 najbolj\u0161ih podjetij za mednarodne selitve v Zdru\u017eenem kraljestvu\">podjetja za selitve<\/a> ki so \u010dlani <a href=\"https:\/\/moverdb.com\/sl\/iam\/\" data-internallinksmanager029f6b8e52c=\"23\" title=\"Pojasnila o Mednarodnem zdru\u017eenju gibalcev (IAM)\">Mednarodno zdru\u017eenje movers<\/a> (IAM) in\/ali <a href=\"https:\/\/moverdb.com\/sl\/fidi-faim\/\" data-internallinksmanager029f6b8e52c=\"16\" title=\"Pojasnila o FIDI in FAIM (FIDI Accredited International Mover)\">FIDI<\/a> akreditirani mednarodni selitveni urad (FAIM), ki vam lahko pomaga pri selitvi.<\/p>\n<div id=\"ez-toc-container\" class=\"ez-toc-v2_0_83 ez-toc-wrap-left counter-hierarchy ez-toc-counter ez-toc-transparent ez-toc-container-direction\">\n<div class=\"ez-toc-title-container\">\n<p class=\"ez-toc-title\" style=\"cursor:inherit\">Oddelki<\/p>\n<span class=\"ez-toc-title-toggle\"><a href=\"#\" class=\"ez-toc-pull-right ez-toc-btn ez-toc-btn-xs ez-toc-btn-default ez-toc-toggle\" aria-label=\"Toggle Tabela vsebine\"><span class=\"ez-toc-js-icon-con\"><span class=\"\"><span class=\"eztoc-hide\" style=\"display:none;\">Toggle<\/span><span class=\"ez-toc-icon-toggle-span\"><svg style=\"fill: #999;color:#999\" xmlns=\"http:\/\/www.w3.org\/2000\/svg\" class=\"list-377408\" width=\"20px\" height=\"20px\" viewbox=\"0 0 24 24\" fill=\"none\"><path d=\"M6 6H4v2h2V6zm14 0H8v2h12V6zM4 11h2v2H4v-2zm16 0H8v2h12v-2zM4 16h2v2H4v-2zm16 0H8v2h12v-2z\" fill=\"currentColor\"><\/path><\/svg><svg style=\"fill: #999;color:#999\" class=\"arrow-unsorted-368013\" xmlns=\"http:\/\/www.w3.org\/2000\/svg\" width=\"10px\" height=\"10px\" viewbox=\"0 0 24 24\" version=\"1.2\" baseprofile=\"tiny\"><path d=\"M18.2 9.3l-6.2-6.3-6.2 6.3c-.2.2-.3.4-.3.7s.1.5.3.7c.2.2.4.3.7.3h11c.3 0 .5-.1.7-.3.2-.2.3-.5.3-.7s-.1-.5-.3-.7zM5.8 14.7l6.2 6.3 6.2-6.3c.2-.2.3-.5.3-.7s-.1-.5-.3-.7c-.2-.2-.4-.3-.7-.3h-11c-.3 0-.5.1-.7.3-.2.2-.3.5-.3.7s.1.5.3.7z\"\/><\/svg><\/span><\/span><\/span><\/a><\/span><\/div>\n<nav><ul class='ez-toc-list ez-toc-list-level-1 eztoc-toggle-hide-by-default' ><li class='ez-toc-page-1 ez-toc-heading-level-2'><a class=\"ez-toc-link ez-toc-heading-1\" href=\"https:\/\/moverdb.com\/sl\/moving-companies\/moving-companies-us-ohio\/#1_Andrews_Moving_Storage\" >1. Andrews Moving &amp; Storage<\/a><\/li><li class='ez-toc-page-1 ez-toc-heading-level-2'><a class=\"ez-toc-link ez-toc-heading-2\" href=\"https:\/\/moverdb.com\/sl\/moving-companies\/moving-companies-us-ohio\/#2_Corrigan_Moving_Systems\" >2. Corrigan Moving Systems<\/a><\/li><li class='ez-toc-page-1 ez-toc-heading-level-2'><a class=\"ez-toc-link ez-toc-heading-3\" href=\"https:\/\/moverdb.com\/sl\/moving-companies\/moving-companies-us-ohio\/#3_CSNS_Relocation_Services\" >3. Storitve selitve CSNS<\/a><\/li><li class='ez-toc-page-1 ez-toc-heading-level-2'><a class=\"ez-toc-link ez-toc-heading-4\" href=\"https:\/\/moverdb.com\/sl\/moving-companies\/moving-companies-us-ohio\/#4_Letz_Get_Moving\" >4. Letz Get Moving<\/a><\/li><li class='ez-toc-page-1 ez-toc-heading-level-2'><a class=\"ez-toc-link ez-toc-heading-5\" href=\"https:\/\/moverdb.com\/sl\/moving-companies\/moving-companies-us-ohio\/#5_Moving_Ahead_Services\" >5. Storitve Moving Ahead<\/a><\/li><li class='ez-toc-page-1 ez-toc-heading-level-2'><a class=\"ez-toc-link ez-toc-heading-6\" href=\"https:\/\/moverdb.com\/sl\/moving-companies\/moving-companies-us-ohio\/#6_Planes_Moving_Storage\" >6. Letala Moving &amp; Storage<\/a><\/li><\/ul><\/nav><\/div>\n<h2><span class=\"ez-toc-section\" id=\"1_Andrews_Moving_Storage\"><\/span><strong>1. Andrews Moving &amp; Storage<\/strong><span class=\"ez-toc-section-end\"><\/span><\/h2>\n<p><img loading=\"lazy\" decoding=\"async\" class=\"alignnone size-full wp-image-11255\" src=\"https:\/\/moverdb.com\/wp-content\/uploads\/Andrews-Moving-Storage-international-moving-company.png\" alt=\"Andrews Moving &amp; Storage mednarodno gibanje podjetje\" width=\"1440\" height=\"679\" data-wp-pid=\"11255\" srcset=\"https:\/\/moverdb.com\/wp-content\/uploads\/Andrews-Moving-Storage-international-moving-company.png 1440w, https:\/\/moverdb.com\/wp-content\/uploads\/Andrews-Moving-Storage-international-moving-company-300x141.png 300w, https:\/\/moverdb.com\/wp-content\/uploads\/Andrews-Moving-Storage-international-moving-company-1024x483.png 1024w, https:\/\/moverdb.com\/wp-content\/uploads\/Andrews-Moving-Storage-international-moving-company-18x8.png 18w, https:\/\/moverdb.com\/wp-content\/uploads\/Andrews-Moving-Storage-international-moving-company-600x283.png 600w\" sizes=\"auto, (max-width: 1440px) 100vw, 1440px\" \/><\/p>\n<ul>\n<li>Lokalni in dolgi premiki<\/li>\n<li>Mednarodne selitve<\/li>\n<li>Stanovanjske selitve<\/li>\n<li>Komercialne in pisarni\u0161ke selitve<\/li>\n<li>premestitve zaposlenih<\/li>\n<li>Storitev pakiranja<\/li>\n<li>Ureditev prevoza<\/li>\n<li>Carinska podpora<\/li>\n<li>Sledenje po\u0161iljkam<\/li>\n<li>Kratkoro\u010dno in dolgoro\u010dno skladi\u0161\u010denje<\/li>\n<\/ul>\n<p>Andrews Moving &amp; Storage je dru\u017einsko podjetje, ustanovljeno leta 1908, s sede\u017eem v mestu Streetsboro. Je zastopnik podjetja United Van Lines, ki ima svetovno mre\u017eo selitvenih agentov, ki delujejo po visokih standardih in s katerimi lahko sodelujejo. Je \u010dlan zdru\u017eenja IAM.<\/p>\n<p>Podjetje Andrews Moving &amp; Storage ponuja prilagojene selitvene storitve, ki bodo poskrbele za va\u0161o celotno selitev. Z usposobljenimi ekipami za pakiranje zagotavljajo popolno storitev pakiranja za za\u0161\u010dito va\u0161ega premo\u017eenja med prevozom. Ob prihodu na cilj bodo va\u0161e stvari tudi razpakirali. Poskrbeli bodo za prevoz va\u0161ih stvari s carinsko podporo in zagotovili spletno sledenje.<\/p>\n<p>Spletna stran: <a href=\"http:\/\/www.andrewsmoving.com\" target=\"_blank\" rel=\"noopener\">http:\/\/www.andrewsmoving.com<\/a><\/p>\n<h2><span class=\"ez-toc-section\" id=\"2_Corrigan_Moving_Systems\"><\/span><strong>2. Corrigan Moving Systems<\/strong><span class=\"ez-toc-section-end\"><\/span><\/h2>\n<p><img loading=\"lazy\" decoding=\"async\" class=\"alignnone size-full wp-image-11297\" src=\"https:\/\/moverdb.com\/wp-content\/uploads\/Corrigan-Moving-Systems-international-moving-company.png\" alt=\"Corrigan Moving Systems mednarodno gibanje podjetje\" width=\"1440\" height=\"675\" data-wp-pid=\"11297\" srcset=\"https:\/\/moverdb.com\/wp-content\/uploads\/Corrigan-Moving-Systems-international-moving-company.png 1440w, https:\/\/moverdb.com\/wp-content\/uploads\/Corrigan-Moving-Systems-international-moving-company-300x141.png 300w, https:\/\/moverdb.com\/wp-content\/uploads\/Corrigan-Moving-Systems-international-moving-company-1024x480.png 1024w, https:\/\/moverdb.com\/wp-content\/uploads\/Corrigan-Moving-Systems-international-moving-company-18x8.png 18w, https:\/\/moverdb.com\/wp-content\/uploads\/Corrigan-Moving-Systems-international-moving-company-600x281.png 600w\" sizes=\"auto, (max-width: 1440px) 100vw, 1440px\" \/><\/p>\n<ul>\n<li>Lokalni in dolgi premiki<\/li>\n<li>Mednarodne selitve<\/li>\n<li>Stanovanjske selitve<\/li>\n<li>Komercialni premiki<\/li>\n<li>Selitve podjetij<\/li>\n<li>Storitev od vrat do vrat<\/li>\n<li>Storitev pakiranja<\/li>\n<li>Carinska podpora<\/li>\n<li><a href=\"https:\/\/moverdb.com\/sl\/car-transport-shipping\/\" data-internallinksmanager029f6b8e52c=\"2\" title=\"2026 Kvote za mednarodni prevoz avtomobilov in prevoz vozil\">Prevoz vozil<\/a><\/li>\n<li>Storitve shranjevanja<\/li>\n<\/ul>\n<p>Corrigan Moving Systems je podjetje za selitve in logistiko, ki je bilo ustanovljeno leta 1929 in ima 13 lokacij v Ohiu, <a href=\"https:\/\/moverdb.com\/sl\/moving-to-the-united-states\/moving-to-michigan\/\" data-internallinksmanager029f6b8e52c=\"414\" title=\"Selitev v Michigan? 2023 \u017divljenjski stro\u0161ki in nasveti za selitev\">Michigan<\/a>, <a href=\"https:\/\/moverdb.com\/sl\/moving-to-the-united-states\/moving-to-new-york\/\" data-internallinksmanager029f6b8e52c=\"332\" title=\"Selitev v New York (dr\u017eava)? 2023 \u017divljenjski stro\u0161ki in nasveti za selitev\">New York<\/a> in . <a href=\"https:\/\/moverdb.com\/sl\/moving-to-the-united-states\/moving-to-pennsylvania\/\" data-internallinksmanager029f6b8e52c=\"404\" title=\"Selitev v Pensilvanijo? 2023 \u017divljenjski stro\u0161ki in nasveti za selitev\">Pensilvanija<\/a>. V Ohiu imata lokaciji v Clevelandu in Toledu. So del podjetja United Van Lines, ki jim zagotavlja mre\u017eo selitvenih agentov, s katerimi lahko sodelujejo. So \u010dlani zdru\u017eenja IAM s 75-letnimi izku\u0161njami in so akreditirani pri FIDI.<\/p>\n<p>Podjetje Corrigan Moving Systems ponuja storitve selitve od vrat do vrat za stanovanjske in poslovne stranke. Ponujajo prilagojene pakete selitev, koordinator selitev pa bo prilagodil strategijo selitve va\u0161im razmeram. To se za\u010dne z brezpla\u010dno ponudbo in pregledom na kraju samem ali virtualnim pregledom.<\/p>\n<p>Spletna stran: <a href=\"https:\/\/www.corriganmoving.com\/\" target=\"_blank\" rel=\"noopener\">https:\/\/www.corriganmoving.com\/<\/a><\/p>\n<h2><span class=\"ez-toc-section\" id=\"3_CSNS_Relocation_Services\"><\/span><strong>3. Storitve selitve CSNS<\/strong><span class=\"ez-toc-section-end\"><\/span><\/h2>\n<p><img loading=\"lazy\" decoding=\"async\" class=\"alignnone size-full wp-image-11301\" src=\"https:\/\/moverdb.com\/wp-content\/uploads\/CSNS-Relocation-Services-international-moving-company.png\" alt=\"CSNS Relocation Services mednarodna selitev podjetja\" width=\"1440\" height=\"680\" data-wp-pid=\"11301\" srcset=\"https:\/\/moverdb.com\/wp-content\/uploads\/CSNS-Relocation-Services-international-moving-company.png 1440w, https:\/\/moverdb.com\/wp-content\/uploads\/CSNS-Relocation-Services-international-moving-company-300x142.png 300w, https:\/\/moverdb.com\/wp-content\/uploads\/CSNS-Relocation-Services-international-moving-company-1024x484.png 1024w, https:\/\/moverdb.com\/wp-content\/uploads\/CSNS-Relocation-Services-international-moving-company-18x9.png 18w, https:\/\/moverdb.com\/wp-content\/uploads\/CSNS-Relocation-Services-international-moving-company-600x283.png 600w\" sizes=\"auto, (max-width: 1440px) 100vw, 1440px\" \/><\/p>\n<ul>\n<li>Nacionalne selitvene storitve<\/li>\n<li>Storitve selitve gospodinjstev<\/li>\n<li>Storitve izvora<\/li>\n<li>Destinacijske storitve<\/li>\n<li>Profesionalno pakiranje<\/li>\n<li>Demonta\u017ea in monta\u017ea pohi\u0161tva<\/li>\n<li>Storitve namestitve<\/li>\n<li>Storitve hi\u0161ne pomo\u010dnice<\/li>\n<li>Odstranjevanje ru\u0161evin<\/li>\n<\/ul>\n<p>CSNS Relocation Services je nacionalno podjetje za selitvene storitve, ustanovljeno leta 2002 v <a href=\"https:\/\/moverdb.com\/sl\/moving-to-dublin\/\" data-internallinksmanager029f6b8e52c=\"260\" title=\"Selitev v Dublin? 2023 \u017divljenjski stro\u0161ki in nasveti za selitev\">Dublin<\/a>. Imajo \u0161iroko mre\u017eo podjetij za selitve, s katerimi sodelujejo pri izvajanju svojih storitev. So \u010dlani zdru\u017eenja IAM z 21-letnimi izku\u0161njami.<\/p>\n<p>CSNS Relocation Services ponuja storitve premestitve tretjih oseb, ki vam bodo pomagale tako na izvoru kot na cilju znotraj <a href=\"https:\/\/moverdb.com\/sl\/moving-to-the-united-states\/\" data-internallinksmanager029f6b8e52c=\"94\" title=\"Selitev v Zdru\u017eene dr\u017eave Amerike? 2022 \u017divljenjski stro\u0161ki in nasveti za selitev\">ZDA<\/a>. Ponujajo \u0161tevilne storitve, ki jih selitvena podjetja pogosto ne nudijo, da bi vam pomagali pri pripravi na selitev ali nastanitvi v novem domu, kot so namestitev naprav, namestitev avdio-vizualne opreme, namestitev napeljav in storitve hi\u0161nih pomo\u010dnic.<\/p>\n<p>Spletna stran: <a href=\"http:\/\/www.csnsrelo.com\" target=\"_blank\" rel=\"noopener\">http:\/\/www.csnsrelo.com<\/a><\/p>\n<h2><span class=\"ez-toc-section\" id=\"4_Letz_Get_Moving\"><\/span><strong>4. Letz Get Moving<\/strong><span class=\"ez-toc-section-end\"><\/span><\/h2>\n<p><img loading=\"lazy\" decoding=\"async\" class=\"alignnone size-full wp-image-11364\" src=\"https:\/\/moverdb.com\/wp-content\/uploads\/Letz-Get-Moving-international-moving-company.png\" alt=\"Letz Get Moving mednarodno gibanje podjetje\" width=\"1440\" height=\"674\" data-wp-pid=\"11364\" srcset=\"https:\/\/moverdb.com\/wp-content\/uploads\/Letz-Get-Moving-international-moving-company.png 1440w, https:\/\/moverdb.com\/wp-content\/uploads\/Letz-Get-Moving-international-moving-company-300x140.png 300w, https:\/\/moverdb.com\/wp-content\/uploads\/Letz-Get-Moving-international-moving-company-1024x479.png 1024w, https:\/\/moverdb.com\/wp-content\/uploads\/Letz-Get-Moving-international-moving-company-18x8.png 18w, https:\/\/moverdb.com\/wp-content\/uploads\/Letz-Get-Moving-international-moving-company-600x281.png 600w\" sizes=\"auto, (max-width: 1440px) 100vw, 1440px\" \/><\/p>\n<ul>\n<li>Nacionalne selitve<\/li>\n<li>Mednarodne selitve<\/li>\n<li>Selitve gospodinjstev<\/li>\n<li>Storitev od vrat do vrat<\/li>\n<li>Storitev pakiranja<\/li>\n<li>Prevoz<\/li>\n<li>Mo\u017enost izbire zabojnikov<\/li>\n<li>Carinjenje<\/li>\n<li>Prevoz vozil<\/li>\n<li>Varno shranjevanje<\/li>\n<\/ul>\n<p>Letz Get Moving je medmestno in mednarodno podjetje za selitve z 10-letnimi izku\u0161njami, ki ima lokacije v Twinsburgu, Baltimoru in <a href=\"https:\/\/moverdb.com\/sl\/moving-to-los-angeles\/\" data-internallinksmanager029f6b8e52c=\"51\" title=\"Selitev v Los Angeles? 2026 Stro\u0161ki bivanja v Los Angelesu in nasveti za selitev\">Los Angeles<\/a>. So \u010dlani zdru\u017eenja IAM s \u0161estimi leti izku\u0161enj.<\/p>\n<p>Letz Get Moving ponuja celovite selitvene storitve, ki bodo va\u0161o selitev vodile od za\u010detka do konca. Zagotavljajo glavno kontaktno osebo, ki bo usklajevala in na\u010drtovala va\u0161o selitev. Strokovno bodo zapakirali va\u0161e stvari in ponudili storitve po meri. Ozna\u010dili bodo va\u0161e stvari in pripravili seznam inventarja. Ob prihodu bodo razpakirali in sestavili pohi\u0161tvo ter odstranili vse ostanke.<\/p>\n<p>Spletna stran: <a href=\"http:\/\/www.letzgetmoving.com\" target=\"_blank\" rel=\"noopener\">http:\/\/www.letzgetmoving.com<\/a><\/p>\n<h2><span class=\"ez-toc-section\" id=\"5_Moving_Ahead_Services\"><\/span><strong>5. Storitve Moving Ahead<\/strong><span class=\"ez-toc-section-end\"><\/span><\/h2>\n<p><img loading=\"lazy\" decoding=\"async\" class=\"alignnone size-full wp-image-11387\" src=\"https:\/\/moverdb.com\/wp-content\/uploads\/Moving-Ahead-Services-international-moving-company.png\" alt=\"Moving Ahead Storitve mednarodna selitev podjetje\" width=\"1440\" height=\"672\" data-wp-pid=\"11387\" srcset=\"https:\/\/moverdb.com\/wp-content\/uploads\/Moving-Ahead-Services-international-moving-company.png 1440w, https:\/\/moverdb.com\/wp-content\/uploads\/Moving-Ahead-Services-international-moving-company-300x140.png 300w, https:\/\/moverdb.com\/wp-content\/uploads\/Moving-Ahead-Services-international-moving-company-1024x478.png 1024w, https:\/\/moverdb.com\/wp-content\/uploads\/Moving-Ahead-Services-international-moving-company-18x8.png 18w, https:\/\/moverdb.com\/wp-content\/uploads\/Moving-Ahead-Services-international-moving-company-600x280.png 600w\" sizes=\"auto, (max-width: 1440px) 100vw, 1440px\" \/><\/p>\n<ul>\n<li>Lokalni premiki in premiki na dolge razdalje<\/li>\n<li>Mednarodne selitve<\/li>\n<li>Selitve gospodinjstev<\/li>\n<li>Komercialni premiki<\/li>\n<li>Selitve podjetij<\/li>\n<li>Prilagojen na\u010drt selitve<\/li>\n<li>Izbira med mo\u017enostmi celotne storitve ali samo dela<\/li>\n<li>Storitve pakiranja<\/li>\n<li>Ureditev prevoza<\/li>\n<li>Prostori za shranjevanje<\/li>\n<\/ul>\n<p>Moving Ahead Services je podjetje za selitve z lokacijami v Clevelandu, Columbusu, Cincinnatiju, Charlottu in Pittsburghu. Je \u010dlan zdru\u017eenja IAM z 18-letnimi izku\u0161njami, kar jim omogo\u010da dostop do mre\u017ee selitvenih agentov, s katerimi lahko sodelujejo.<\/p>\n<p>Moving Ahead Services bo dokon\u010dal spletno ali po telefonu <a href=\"https:\/\/moverdb.com\/sl\/quotes\/\" data-internallinksmanager029f6b8e52c=\"26\" title=\"Mednarodni selitveni citati: 12 vpra\u0161anj, ki jih morate zastaviti svojemu selitvenemu prevozniku: 12 vpra\u0161anj, ki jih morate zastaviti svojemu selitvenemu prevozniku\">premikanje citat<\/a>. Pripravili bodo prilagojen na\u010drt selitve, ki bo ustrezal va\u0161im potrebam. Ponujajo vam mo\u017enost pakiranja in skladi\u0161\u010denja v celoti ali samo z delom ter izbiro dodatnih storitev. Prizadevni predstavnik za storitve za stranke vas bo seznanil s selitvijo in mo\u017enostmi.<\/p>\n<p>Spletna stran: <a href=\"https:\/\/movingaheadservices.com\/\" target=\"_blank\" rel=\"noopener\">https:\/\/movingaheadservices.com\/<\/a><\/p>\n<h2><span class=\"ez-toc-section\" id=\"6_Planes_Moving_Storage\"><\/span><strong>6. Letala Moving &amp; Storage<\/strong><span class=\"ez-toc-section-end\"><\/span><\/h2>\n<p><img loading=\"lazy\" decoding=\"async\" class=\"alignnone size-full wp-image-11410\" src=\"https:\/\/moverdb.com\/wp-content\/uploads\/Planes-Moving-Storage-international-moving-company.png\" alt=\"Planes Moving &amp; Storage mednarodna selitev podjetje\" width=\"1440\" height=\"660\" data-wp-pid=\"11410\" srcset=\"https:\/\/moverdb.com\/wp-content\/uploads\/Planes-Moving-Storage-international-moving-company.png 1440w, https:\/\/moverdb.com\/wp-content\/uploads\/Planes-Moving-Storage-international-moving-company-300x138.png 300w, https:\/\/moverdb.com\/wp-content\/uploads\/Planes-Moving-Storage-international-moving-company-1024x469.png 1024w, https:\/\/moverdb.com\/wp-content\/uploads\/Planes-Moving-Storage-international-moving-company-18x8.png 18w, https:\/\/moverdb.com\/wp-content\/uploads\/Planes-Moving-Storage-international-moving-company-600x275.png 600w\" sizes=\"auto, (max-width: 1440px) 100vw, 1440px\" \/><\/p>\n<ul>\n<li>Lokalni in dolgi premiki<\/li>\n<li>Mednarodne selitve<\/li>\n<li>Selitev gospodinjstva<\/li>\n<li>Poslovne poteze<\/li>\n<li>Upravljanje premikov<\/li>\n<li>Storitev pakiranja<\/li>\n<li>Po\u0161iljanje po zraku, morju in \u017eeleznici<\/li>\n<li>Podpora za dokumentacijo<\/li>\n<li>Prevoz vozil<\/li>\n<li>Prostori za shranjevanje<\/li>\n<\/ul>\n<p>Planes Moving &amp; Storage je podjetje, ustanovljeno leta 1921, z lokacijami v Cincinnatiju, Daytonu in Columbusu v Ohiu ter Indianapolisu in <a href=\"https:\/\/moverdb.com\/sl\/moving-to-chicago\/\" data-internallinksmanager029f6b8e52c=\"39\" title=\"Selitev v Chicago? 2022 \u017divljenjski stro\u0161ki in nasveti za selitev\">Chicago<\/a>.  So partner dru\u017ebe United Van Lines in imajo mo\u010dno dobavno verigo partnerjev, ki zagotavljajo njihove storitve na mednarodni ravni. So \u010dlani zdru\u017eenja IAM s 103 leti izku\u0161enj in so akreditirani pri FIDI.<\/p>\n<p>Dru\u017eba Planes Moving &amp; Storage vam nudi izku\u0161enega koordinatorja selitev, ki bo z vami pripravil na\u010drt selitve po meri, ki bo ustrezal va\u0161im potrebam. Nudijo popolno storitev pakiranja z usposobljenimi ekipami za pakiranje ter za\u0161\u010ditijo dragocene in krhke predmete.<\/p>\n<p>Spletna stran: <a href=\"http:\/\/www.planescompanies.com\/\" target=\"_blank\" rel=\"noopener\">http:\/\/www.planescompanies.com\/<\/a><\/p>","protected":false},"excerpt":{"rendered":"<p>Are you planning a move? Then you may want to engage the services of a moving company to reduce the workload and pressure of moving. They can organise, pack and transport your belongings as well as handle customs if you are moving country. Below we have compiled a list of Ohio based removal companies that [&hellip;]<\/p>\n","protected":false},"author":4,"featured_media":11255,"parent":190,"menu_order":0,"comment_status":"closed","ping_status":"closed","template":"","meta":{"_genesis_hide_title":false,"_genesis_hide_breadcrumbs":false,"_genesis_hide_singular_image":false,"_genesis_hide_footer_widgets":false,"_genesis_custom_body_class":"","_genesis_custom_post_class":"","_genesis_layout":"","footnotes":""},"class_list":{"0":"post-11648","1":"page","2":"type-page","3":"status-publish","4":"has-post-thumbnail","6":"entry"},"_links":{"self":[{"href":"https:\/\/moverdb.com\/sl\/wp-json\/wp\/v2\/pages\/11648","targetHints":{"allow":["GET"]}}],"collection":[{"href":"https:\/\/moverdb.com\/sl\/wp-json\/wp\/v2\/pages"}],"about":[{"href":"https:\/\/moverdb.com\/sl\/wp-json\/wp\/v2\/types\/page"}],"author":[{"embeddable":true,"href":"https:\/\/moverdb.com\/sl\/wp-json\/wp\/v2\/users\/4"}],"replies":[{"embeddable":true,"href":"https:\/\/moverdb.com\/sl\/wp-json\/wp\/v2\/comments?post=11648"}],"version-history":[{"count":2,"href":"https:\/\/moverdb.com\/sl\/wp-json\/wp\/v2\/pages\/11648\/revisions"}],"predecessor-version":[{"id":11650,"href":"https:\/\/moverdb.com\/sl\/wp-json\/wp\/v2\/pages\/11648\/revisions\/11650"}],"up":[{"embeddable":true,"href":"https:\/\/moverdb.com\/sl\/wp-json\/wp\/v2\/pages\/190"}],"wp:featuredmedia":[{"embeddable":true,"href":"https:\/\/moverdb.com\/sl\/wp-json\/wp\/v2\/media\/11255"}],"wp:attachment":[{"href":"https:\/\/moverdb.com\/sl\/wp-json\/wp\/v2\/media?parent=11648"}],"curies":[{"name":"wp","href":"https:\/\/api.w.org\/{rel}","templated":true}]}}