{"id":11645,"date":"2023-11-29T10:51:46","date_gmt":"2023-11-29T10:51:46","guid":{"rendered":"https:\/\/moverdb.com\/?page_id=11645"},"modified":"2026-01-08T15:29:00","modified_gmt":"2026-01-08T15:29:00","slug":"moving-companies-us-north-carolina","status":"publish","type":"page","link":"https:\/\/moverdb.com\/sl\/moving-companies\/moving-companies-us-north-carolina\/","title":{"rendered":"5 Najbolj\u0161a mednarodna selitvena podjetja v Severni Karolini"},"content":{"rendered":"<p>Selitev je lahko eno najbolj stresnih obdobij v va\u0161em \u017eivljenju, zato zakaj ne bi zmanj\u0161ali pritiska z najemom <a href=\"https:\/\/moverdb.com\/sl\/moving-companies\/\" data-internallinksmanager029f6b8e52c=\"79\" title=\"Top 25 Mednarodne selitve podjetja Online\">selitev podjetja<\/a> opraviti nekaj dela namesto vas? To lahko vklju\u010duje na\u010drtovanje selitve, pakiranje stvari, organizacijo prevoza in carinske postopke. V nadaljevanju smo pripravili seznam <a href=\"https:\/\/moverdb.com\/sl\/moving-to-the-united-states\/moving-to-north-carolina\/\" data-internallinksmanager029f6b8e52c=\"411\" title=\"Selitev v Severno Karolino? 2023 \u017divljenjski stro\u0161ki in nasveti za selitev\">Severna Karolina<\/a> . <a href=\"https:\/\/moverdb.com\/sl\/international-removals\/\" data-internallinksmanager029f6b8e52c=\"27\" title=\"36 najbolj\u0161ih podjetij za mednarodne selitve v Zdru\u017eenem kraljestvu\">podjetja za selitve<\/a> ki so \u010dlani <a href=\"https:\/\/moverdb.com\/sl\/iam\/\" data-internallinksmanager029f6b8e52c=\"23\" title=\"Pojasnila o Mednarodnem zdru\u017eenju gibalcev (IAM)\">Mednarodno zdru\u017eenje movers<\/a> (IAM) in\/ali <a href=\"https:\/\/moverdb.com\/sl\/fidi-faim\/\" data-internallinksmanager029f6b8e52c=\"16\" title=\"Pojasnila o FIDI in FAIM (FIDI Accredited International Mover)\">FIDI<\/a> akreditirani mednarodni selitveni delavci (FAIM), ki vam lahko pomagajo pri selitvi.<\/p>\n<div id=\"ez-toc-container\" class=\"ez-toc-v2_0_82_2 ez-toc-wrap-left counter-hierarchy ez-toc-counter ez-toc-transparent ez-toc-container-direction\">\n<div class=\"ez-toc-title-container\">\n<p class=\"ez-toc-title\" style=\"cursor:inherit\">Oddelki<\/p>\n<span class=\"ez-toc-title-toggle\"><a href=\"#\" class=\"ez-toc-pull-right ez-toc-btn ez-toc-btn-xs ez-toc-btn-default ez-toc-toggle\" aria-label=\"Toggle Tabela vsebine\"><span class=\"ez-toc-js-icon-con\"><span class=\"\"><span class=\"eztoc-hide\" style=\"display:none;\">Toggle<\/span><span class=\"ez-toc-icon-toggle-span\"><svg style=\"fill: #999;color:#999\" xmlns=\"http:\/\/www.w3.org\/2000\/svg\" class=\"list-377408\" width=\"20px\" height=\"20px\" viewbox=\"0 0 24 24\" fill=\"none\"><path d=\"M6 6H4v2h2V6zm14 0H8v2h12V6zM4 11h2v2H4v-2zm16 0H8v2h12v-2zM4 16h2v2H4v-2zm16 0H8v2h12v-2z\" fill=\"currentColor\"><\/path><\/svg><svg style=\"fill: #999;color:#999\" class=\"arrow-unsorted-368013\" xmlns=\"http:\/\/www.w3.org\/2000\/svg\" width=\"10px\" height=\"10px\" viewbox=\"0 0 24 24\" version=\"1.2\" baseprofile=\"tiny\"><path d=\"M18.2 9.3l-6.2-6.3-6.2 6.3c-.2.2-.3.4-.3.7s.1.5.3.7c.2.2.4.3.7.3h11c.3 0 .5-.1.7-.3.2-.2.3-.5.3-.7s-.1-.5-.3-.7zM5.8 14.7l6.2 6.3 6.2-6.3c.2-.2.3-.5.3-.7s-.1-.5-.3-.7c-.2-.2-.4-.3-.7-.3h-11c-.3 0-.5.1-.7.3-.2.2-.3.5-.3.7s.1.5.3.7z\"\/><\/svg><\/span><\/span><\/span><\/a><\/span><\/div>\n<nav><ul class='ez-toc-list ez-toc-list-level-1 eztoc-toggle-hide-by-default' ><li class='ez-toc-page-1 ez-toc-heading-level-2'><a class=\"ez-toc-link ez-toc-heading-1\" href=\"https:\/\/moverdb.com\/sl\/moving-companies\/moving-companies-us-north-carolina\/#1_All_American_Relocation\" >1. All American Relocation<\/a><\/li><li class='ez-toc-page-1 ez-toc-heading-level-2'><a class=\"ez-toc-link ez-toc-heading-2\" href=\"https:\/\/moverdb.com\/sl\/moving-companies\/moving-companies-us-north-carolina\/#2_Hilldrup\" >2. Hilldrup<\/a><\/li><li class='ez-toc-page-1 ez-toc-heading-level-2'><a class=\"ez-toc-link ez-toc-heading-3\" href=\"https:\/\/moverdb.com\/sl\/moving-companies\/moving-companies-us-north-carolina\/#3_Sandhills_Moving_Storage\" >3. Sandhills Moving &amp; Storage<\/a><\/li><li class='ez-toc-page-1 ez-toc-heading-level-2'><a class=\"ez-toc-link ez-toc-heading-4\" href=\"https:\/\/moverdb.com\/sl\/moving-companies\/moving-companies-us-north-carolina\/#4_Seacorp\" >4. Seacorp<\/a><\/li><li class='ez-toc-page-1 ez-toc-heading-level-2'><a class=\"ez-toc-link ez-toc-heading-5\" href=\"https:\/\/moverdb.com\/sl\/moving-companies\/moving-companies-us-north-carolina\/#5_Zippy_Shell\" >5. Zippy Shell<\/a><\/li><\/ul><\/nav><\/div>\n<h2><span class=\"ez-toc-section\" id=\"1_All_American_Relocation\"><\/span><strong>1. All American Relocation<\/strong><span class=\"ez-toc-section-end\"><\/span><\/h2>\n<p><img loading=\"lazy\" decoding=\"async\" class=\"alignnone size-full wp-image-11251\" src=\"https:\/\/moverdb.com\/wp-content\/uploads\/All-American-Relocation-international-moving-company.png\" alt=\"All American Relocation mednarodna selitev podjetje\" width=\"1440\" height=\"675\" data-wp-pid=\"11251\" srcset=\"https:\/\/moverdb.com\/wp-content\/uploads\/All-American-Relocation-international-moving-company.png 1440w, https:\/\/moverdb.com\/wp-content\/uploads\/All-American-Relocation-international-moving-company-300x141.png 300w, https:\/\/moverdb.com\/wp-content\/uploads\/All-American-Relocation-international-moving-company-1024x480.png 1024w, https:\/\/moverdb.com\/wp-content\/uploads\/All-American-Relocation-international-moving-company-18x8.png 18w, https:\/\/moverdb.com\/wp-content\/uploads\/All-American-Relocation-international-moving-company-600x281.png 600w\" sizes=\"auto, (max-width: 1440px) 100vw, 1440px\" \/><\/p>\n<ul>\n<li>Lokalni in dolgi premiki<\/li>\n<li>Mednarodne selitve<\/li>\n<li>Stanovanjske selitve<\/li>\n<li>Selitve pisarn<\/li>\n<li>premestitev zaposlenih<\/li>\n<li>Storitev od vrat do vrat<\/li>\n<li>Storitev pakiranja<\/li>\n<li>Prevoz po zraku, morju in kopnem<\/li>\n<li><a href=\"https:\/\/moverdb.com\/sl\/car-transport-shipping\/\" data-internallinksmanager029f6b8e52c=\"2\" title=\"2026 Kvote za mednarodni prevoz avtomobilov in prevoz vozil\">Prevoz vozil<\/a><\/li>\n<li>Kratkoro\u010dno in dolgoro\u010dno skladi\u0161\u010denje<\/li>\n<\/ul>\n<p>All American Relocation je podjetje za celovito storitev, ki se seli z lokacijami v mestih Rayleigh in Charlotte. So zastopnik podjetja Mayflower, kar jim omogo\u010da sodelovanje z mre\u017eo selitvenih agentov. So \u010dlani zdru\u017eenja IAM s 25 leti izku\u0161enj.<\/p>\n<p>All American Relocation ponuja brezpla\u010dno <a href=\"https:\/\/moverdb.com\/sl\/quotes\/\" data-internallinksmanager029f6b8e52c=\"26\" title=\"Mednarodni selitveni citati: 12 vpra\u0161anj, ki jih morate zastaviti svojemu selitvenemu prevozniku: 12 vpra\u0161anj, ki jih morate zastaviti svojemu selitvenemu prevozniku\">premikanje citat<\/a> in video anketo za oceno va\u0161ih potreb. Nudijo vam storitev od vrat do vrat, za upravljanje selitve pa je zadol\u017een koordinator selitve. Zagotavljajo usposobljeno ekipo za pakiranje, ki uporablja najkakovostnej\u0161e pakirne materiale, ki ustrezajo mednarodnim standardom. Ponujajo tudi prevoz vozil, storitve izvora in namembnega kraja v Severni Karolini ter skladi\u0161\u010dne prostore.<\/p>\n<p>Spletna stran: <a href=\"http:\/\/www.aarelocation.com\" target=\"_blank\" rel=\"noopener\">http:\/\/www.aarelocation.com<\/a><\/p>\n<h2><span class=\"ez-toc-section\" id=\"2_Hilldrup\"><\/span><strong>2. Hilldrup<\/strong><span class=\"ez-toc-section-end\"><\/span><\/h2>\n<p><img loading=\"lazy\" decoding=\"async\" class=\"alignnone size-full wp-image-11339\" src=\"https:\/\/moverdb.com\/wp-content\/uploads\/Hilldrup-international-moving-company.png\" alt=\"Hilldrup mednarodno gibljejo podjetje\" width=\"1440\" height=\"674\" data-wp-pid=\"11339\" srcset=\"https:\/\/moverdb.com\/wp-content\/uploads\/Hilldrup-international-moving-company.png 1440w, https:\/\/moverdb.com\/wp-content\/uploads\/Hilldrup-international-moving-company-300x140.png 300w, https:\/\/moverdb.com\/wp-content\/uploads\/Hilldrup-international-moving-company-1024x479.png 1024w, https:\/\/moverdb.com\/wp-content\/uploads\/Hilldrup-international-moving-company-18x8.png 18w, https:\/\/moverdb.com\/wp-content\/uploads\/Hilldrup-international-moving-company-600x281.png 600w\" sizes=\"auto, (max-width: 1440px) 100vw, 1440px\" \/><\/p>\n<ul>\n<li>Lokalni in dolgi premiki<\/li>\n<li>Mednarodne selitve<\/li>\n<li>Stanovanjske selitve<\/li>\n<li>Komercialne in pisarni\u0161ke selitve<\/li>\n<li>premestitve zaposlenih<\/li>\n<li>Posve\u010deni svetovalec za selitev<\/li>\n<li>Virtualna raziskava<\/li>\n<li>Storitev pakiranja<\/li>\n<li>Za\u0161\u010ditite svoj dom<\/li>\n<li>Kratkoro\u010dno in dolgoro\u010dno skladi\u0161\u010denje<\/li>\n<\/ul>\n<p>Hilldrup je podjetje za selitve, skladi\u0161\u010denje in logistiko, ki je bilo ustanovljeno leta 1903 in ima 10 podru\u017enic, vklju\u010dno s Charlotte in Garnerjem v Severni Karolini. Povezano je z dru\u017ebama United Van Lines in Mayflower Transit, kar jim omogo\u010da \u0161iroko mre\u017eo zastopnikov, s katerimi lahko sodelujejo. So \u010dlan zdru\u017eenja IAM s 120 leti izku\u0161enj in so akreditirani pri FIDI.<\/p>\n<p>Hilldrup ponuja re\u0161itve za selitev, ki so prilagojene va\u0161im potrebam, z vrsto storitev, ki vklju\u010dujejo pakiranje s celovito storitvijo in mo\u017enosti \"naredi sam\". Nudijo vam svetovalca za selitev, ki je enotna kontaktna to\u010dka med selitvijo. Pri pakiranju uporabljajo najbolj\u0161e pakirne materiale, krhke predmete pa pakirajo po meri in v zaboj\u010dke.<\/p>\n<p>Spletna stran: <a href=\"https:\/\/www.hilldrup.com\/\" target=\"_blank\" rel=\"noopener\">https:\/\/www.hilldrup.com\/\/<\/a><\/p>\n<h2><span class=\"ez-toc-section\" id=\"3_Sandhills_Moving_Storage\"><\/span><strong>3. Sandhills Moving &amp; Storage<\/strong><span class=\"ez-toc-section-end\"><\/span><\/h2>\n<p><img loading=\"lazy\" decoding=\"async\" class=\"alignnone size-full wp-image-11433\" src=\"https:\/\/moverdb.com\/wp-content\/uploads\/Sandhill-Moving-Storage-international-moving-company.png\" alt=\"Sandhill Moving &amp; Storage mednarodna selitev podjetje\" width=\"1440\" height=\"676\" data-wp-pid=\"11433\" srcset=\"https:\/\/moverdb.com\/wp-content\/uploads\/Sandhill-Moving-Storage-international-moving-company.png 1440w, https:\/\/moverdb.com\/wp-content\/uploads\/Sandhill-Moving-Storage-international-moving-company-300x141.png 300w, https:\/\/moverdb.com\/wp-content\/uploads\/Sandhill-Moving-Storage-international-moving-company-1024x481.png 1024w, https:\/\/moverdb.com\/wp-content\/uploads\/Sandhill-Moving-Storage-international-moving-company-18x8.png 18w, https:\/\/moverdb.com\/wp-content\/uploads\/Sandhill-Moving-Storage-international-moving-company-600x282.png 600w\" sizes=\"auto, (max-width: 1440px) 100vw, 1440px\" \/><\/p>\n<ul>\n<li>Lokalni in dolgi premiki<\/li>\n<li>Mednarodne selitve<\/li>\n<li>Stanovanjske selitve<\/li>\n<li>Komercialne in pisarni\u0161ke selitve<\/li>\n<li>Koordinator osebnih potez<\/li>\n<li>Storitev pakiranja<\/li>\n<li>Ureditev prevoza<\/li>\n<li>Carinska podpora<\/li>\n<li>Sledenje po\u0161iljkam<\/li>\n<li>Prostori za shranjevanje<\/li>\n<\/ul>\n<p>Sandhills Moving &amp; Storage je podjetje, ki se ukvarja s prevozom in skladi\u0161\u010denjem na lokacijah Southern Pines, Sanford in Pittsboro. So polnopravno selitveno podjetje Mayflower, kar jim omogo\u010da dostop do mednarodne mre\u017ee selitvenih agentov v ve\u010d kot 180 dr\u017eavah, in so \u010dlani zdru\u017eenja IAM.<\/p>\n<p>Podjetje Sandhills Moving &amp; Storage ponuja celovite storitve upravljanja selitev in vam bo dodelilo osebnega koordinatorja selitve, ki vam bo pomagal med selitvijo. Nudijo prilagodljive selitvene storitve, ki vklju\u010dujejo storitve pakiranja, organizacijo prevoza ter urejanje dokumentacije in carine. Ponujajo tudi mo\u017enosti kratkoro\u010dnega skladi\u0161\u010denja.<\/p>\n<p>Spletna stran: <a href=\"http:\/\/www.sandhillsmoving.com\" target=\"_blank\" rel=\"noopener\">http:\/\/www.sandhillsmoving.com<\/a><\/p>\n<h2><span class=\"ez-toc-section\" id=\"4_Seacorp\"><\/span><strong>4. Seacorp<\/strong><span class=\"ez-toc-section-end\"><\/span><\/h2>\n<p><img loading=\"lazy\" decoding=\"async\" class=\"alignnone size-full wp-image-11438\" src=\"https:\/\/moverdb.com\/wp-content\/uploads\/Seacorp-international-moving-company.png\" alt=\"Seacorp mednarodno gibljejo podjetje\" width=\"1440\" height=\"676\" data-wp-pid=\"11438\" srcset=\"https:\/\/moverdb.com\/wp-content\/uploads\/Seacorp-international-moving-company.png 1440w, https:\/\/moverdb.com\/wp-content\/uploads\/Seacorp-international-moving-company-300x141.png 300w, https:\/\/moverdb.com\/wp-content\/uploads\/Seacorp-international-moving-company-1024x481.png 1024w, https:\/\/moverdb.com\/wp-content\/uploads\/Seacorp-international-moving-company-18x8.png 18w, https:\/\/moverdb.com\/wp-content\/uploads\/Seacorp-international-moving-company-600x282.png 600w\" sizes=\"auto, (max-width: 1440px) 100vw, 1440px\" \/><\/p>\n<ul>\n<li>Nacionalni tovorni promet<\/li>\n<li>Mednarodni tovorni promet<\/li>\n<li>Logistika od vrat do vrat<\/li>\n<li>Upravljanje odpreme<\/li>\n<li>Pakiranje in paletiranje<\/li>\n<li>Zra\u010dni, pomorski in tovornjakovi prevozi<\/li>\n<li>Sledenje po\u0161iljkam<\/li>\n<li>Carinjenje<\/li>\n<li>Obdelava uvoza in izvoza<\/li>\n<li>Zavarovanje<\/li>\n<\/ul>\n<p>Seacorp je logisti\u010dno podjetje, ki je bilo ustanovljeno leta 1998 in ima sede\u017e v Lincolntonu v Severni Karolini. Ima obse\u017eno globalno mre\u017eo zastopnikov, ki jim pomaga pri zagotavljanju storitev po vsem svetu. Je \u010dlan zdru\u017eenja IAM s 25-letnimi izku\u0161njami.<\/p>\n<p>Dru\u017eba Seacorp bo za va\u0161o po\u0161iljko poiskala najugodnej\u0161e cene in najbolj\u0161e tranzitne \u010dase, ki so na voljo. Poskrbi lahko za prevoz po zraku, morju ali s tovornjakom. Ponujajo razli\u010dne mo\u017enosti zabojnikov, vklju\u010dno s polnimi zabojniki in manj kot polnimi zabojniki. Njihove storitve vklju\u010dujejo izvozno carinjenje in pomorsko zavarovanje.<\/p>\n<p>Spletna stran: <a href=\"http:\/\/www.seacorpnc.com\" target=\"_blank\" rel=\"noopener\">http:\/\/www.seacorpnc.com<\/a><\/p>\n<h2><span class=\"ez-toc-section\" id=\"5_Zippy_Shell\"><\/span><strong>5. Zippy Shell<\/strong><span class=\"ez-toc-section-end\"><\/span><\/h2>\n<p><img loading=\"lazy\" decoding=\"async\" class=\"alignnone size-full wp-image-11483\" src=\"https:\/\/moverdb.com\/wp-content\/uploads\/Zippy-Shell-international-moving-company.png\" alt=\"Zippy Shell mednarodno gibljejo podjetje\" width=\"1440\" height=\"676\" data-wp-pid=\"11483\" srcset=\"https:\/\/moverdb.com\/wp-content\/uploads\/Zippy-Shell-international-moving-company.png 1440w, https:\/\/moverdb.com\/wp-content\/uploads\/Zippy-Shell-international-moving-company-300x141.png 300w, https:\/\/moverdb.com\/wp-content\/uploads\/Zippy-Shell-international-moving-company-1024x481.png 1024w, https:\/\/moverdb.com\/wp-content\/uploads\/Zippy-Shell-international-moving-company-18x8.png 18w, https:\/\/moverdb.com\/wp-content\/uploads\/Zippy-Shell-international-moving-company-600x282.png 600w\" sizes=\"auto, (max-width: 1440px) 100vw, 1440px\" \/><\/p>\n<ul>\n<li>Lokalni premiki<\/li>\n<li>Premiki na dolge razdalje<\/li>\n<li>Stanovanjske selitve<\/li>\n<li>Selitve podjetij<\/li>\n<li>Enotna kontaktna to\u010dka<\/li>\n<li>Storitev od vrat do vrat<\/li>\n<li>Storitve pakiranja prek tretje osebe<\/li>\n<li>Dostava tovornjakov<\/li>\n<li>Prevoz avtomobilov<\/li>\n<li>Re\u0161itve za varno shranjevanje<\/li>\n<\/ul>\n<p>Zippy Shell je podjetje za selitev in skladi\u0161\u010denje s sede\u017eem v mestu Wake Forest. Ponujajo lokalne in daljinske selitve ter re\u0161itve za skladi\u0161\u010denje v <a href=\"https:\/\/moverdb.com\/sl\/moving-to-the-united-states\/\" data-internallinksmanager029f6b8e52c=\"94\" title=\"Selitev v Zdru\u017eene dr\u017eave Amerike? 2022 \u017divljenjski stro\u0161ki in nasveti za selitev\">ZDA<\/a> z lastnimi tovornjaki in zabojniki. So \u010dlani zdru\u017eenja IAM s 14 leti izku\u0161enj.<\/p>\n<p>Podjetje Zippy Shell ponuja edinstvene in prenosne re\u0161itve za selitev in skladi\u0161\u010denje, saj vam dostavi prenosni zabojnik in vam omogo\u010di, da ga do treh dni zapakirate sami ali pa uporabite storitve pakiranja drugih ponudnikov. Prenosni zabojnik bodo prevzeli in ga odpeljali na cilj ali ga kratkoro\u010dno ali dolgoro\u010dno shranili v svojih varnih prostorih po vsej dr\u017eavi.<\/p>\n<p>Spletna stran: <a href=\"http:\/\/zippyshell.com\" target=\"_blank\" rel=\"noopener\">http:\/\/zippyshell.com<\/a><\/p>","protected":false},"excerpt":{"rendered":"<p>Moving can be one of the most stressful times in your life so why not reduce the pressure by employing a moving company to do some of the work for you? This can include planning the move, packing your belongings, arranging transport and handling customs. Below we have compiled a list of North Carolina based [&hellip;]<\/p>\n","protected":false},"author":4,"featured_media":11251,"parent":190,"menu_order":0,"comment_status":"closed","ping_status":"closed","template":"","meta":{"_genesis_hide_title":false,"_genesis_hide_breadcrumbs":false,"_genesis_hide_singular_image":false,"_genesis_hide_footer_widgets":false,"_genesis_custom_body_class":"","_genesis_custom_post_class":"","_genesis_layout":"","footnotes":""},"class_list":{"0":"post-11645","1":"page","2":"type-page","3":"status-publish","4":"has-post-thumbnail","6":"entry"},"_links":{"self":[{"href":"https:\/\/moverdb.com\/sl\/wp-json\/wp\/v2\/pages\/11645","targetHints":{"allow":["GET"]}}],"collection":[{"href":"https:\/\/moverdb.com\/sl\/wp-json\/wp\/v2\/pages"}],"about":[{"href":"https:\/\/moverdb.com\/sl\/wp-json\/wp\/v2\/types\/page"}],"author":[{"embeddable":true,"href":"https:\/\/moverdb.com\/sl\/wp-json\/wp\/v2\/users\/4"}],"replies":[{"embeddable":true,"href":"https:\/\/moverdb.com\/sl\/wp-json\/wp\/v2\/comments?post=11645"}],"version-history":[{"count":2,"href":"https:\/\/moverdb.com\/sl\/wp-json\/wp\/v2\/pages\/11645\/revisions"}],"predecessor-version":[{"id":11647,"href":"https:\/\/moverdb.com\/sl\/wp-json\/wp\/v2\/pages\/11645\/revisions\/11647"}],"up":[{"embeddable":true,"href":"https:\/\/moverdb.com\/sl\/wp-json\/wp\/v2\/pages\/190"}],"wp:featuredmedia":[{"embeddable":true,"href":"https:\/\/moverdb.com\/sl\/wp-json\/wp\/v2\/media\/11251"}],"wp:attachment":[{"href":"https:\/\/moverdb.com\/sl\/wp-json\/wp\/v2\/media?parent=11645"}],"curies":[{"name":"wp","href":"https:\/\/api.w.org\/{rel}","templated":true}]}}