{"id":11624,"date":"2023-11-22T15:50:03","date_gmt":"2023-11-22T15:50:03","guid":{"rendered":"https:\/\/moverdb.com\/?page_id=11624"},"modified":"2026-01-08T15:30:12","modified_gmt":"2026-01-08T15:30:12","slug":"moving-companies-nevada","status":"publish","type":"page","link":"https:\/\/moverdb.com\/sl\/moving-companies\/moving-companies-nevada\/","title":{"rendered":"Najbolj\u0161a mednarodna selitvena podjetja v Nevadi"},"content":{"rendered":"<p>Selitev je lahko eno od najbolj stresnih obdobij v \u017eivljenju, zakaj bi se je torej lotevali sami? A <a href=\"https:\/\/moverdb.com\/sl\/moving-companies\/\" data-internallinksmanager029f6b8e52c=\"79\" title=\"Top 25 Mednarodne selitve podjetja Online\">selitev podjetja<\/a> lahko prevzamejo veliko nalog, kot so organizacija selitve, organizacija prevoza, pakiranje in urejanje dokumentacije. V nadaljevanju smo pripravili seznam <a href=\"https:\/\/moverdb.com\/sl\/moving-to-the-united-states\/moving-to-nevada\/\" data-internallinksmanager029f6b8e52c=\"457\" title=\"Selitev v Nevado? 2024 \u017divljenjski stro\u0161ki in nasveti za selitev\">Nevada<\/a> . <a href=\"https:\/\/moverdb.com\/sl\/international-removals\/\" data-internallinksmanager029f6b8e52c=\"27\" title=\"36 najbolj\u0161ih podjetij za mednarodne selitve v Zdru\u017eenem kraljestvu\">podjetja za selitve<\/a> ki so \u010dlani <a href=\"https:\/\/moverdb.com\/sl\/iam\/\" data-internallinksmanager029f6b8e52c=\"23\" title=\"Pojasnila o Mednarodnem zdru\u017eenju gibalcev (IAM)\">Mednarodno zdru\u017eenje movers<\/a> (IAM) in\/ali <a href=\"https:\/\/moverdb.com\/sl\/fidi-faim\/\" data-internallinksmanager029f6b8e52c=\"16\" title=\"Pojasnila o FIDI in FAIM (FIDI Accredited International Mover)\">FIDI<\/a> akreditirani mednarodni selitveni urad (FAIM), ki vam lahko pomaga pri selitvi.<\/p>\n<h2><strong>RenoRelo<\/strong><\/h2>\n<p><img loading=\"lazy\" decoding=\"async\" class=\"alignnone size-full wp-image-11423\" src=\"https:\/\/moverdb.com\/wp-content\/uploads\/RenoRelo-international-moving-company.png\" alt=\"RenoRelo mednarodno gibljejo podjetje\" width=\"1440\" height=\"679\" data-wp-pid=\"11423\" srcset=\"https:\/\/moverdb.com\/wp-content\/uploads\/RenoRelo-international-moving-company.png 1440w, https:\/\/moverdb.com\/wp-content\/uploads\/RenoRelo-international-moving-company-300x141.png 300w, https:\/\/moverdb.com\/wp-content\/uploads\/RenoRelo-international-moving-company-1024x483.png 1024w, https:\/\/moverdb.com\/wp-content\/uploads\/RenoRelo-international-moving-company-18x8.png 18w, https:\/\/moverdb.com\/wp-content\/uploads\/RenoRelo-international-moving-company-600x283.png 600w\" sizes=\"auto, (max-width: 1440px) 100vw, 1440px\" \/><\/p>\n<ul>\n<li>Lokalne in nacionalne selitve<\/li>\n<li>Premiki po svetu<\/li>\n<li>Stanovanjske selitve<\/li>\n<li>Komercialne in pisarni\u0161ke selitve<\/li>\n<li>Selitve podjetij<\/li>\n<li>Celovite re\u0161itve<\/li>\n<li>Storitev pakiranja<\/li>\n<li>Ume\u0161\u010danje v kletke<\/li>\n<li>Ureditev prevoza<\/li>\n<li>Prostori za shranjevanje<\/li>\n<\/ul>\n<p>RenoRelo je podjetje s celovitimi storitvami za selitev z lokacijami v mestih Reno, Spokane in Boise. Je zastopnik dru\u017ebe United Van Lines, kar jim omogo\u010da sodelovanje z mre\u017eo selitvenih podjetij, s katerimi lahko opravljajo svoje storitve tudi zunaj svojih obmo\u010dij delovanja. Je \u010dlan zdru\u017eenja IAM s petimi leti izku\u0161enj.<\/p>\n<p>RenoRelo ponuja celovite re\u0161itve za premikanje stanovanjskih, poslovnih in pisarni\u0161kih prostorov ter selitev podjetij v <a href=\"https:\/\/moverdb.com\/sl\/moving-to-the-united-states\/\" data-internallinksmanager029f6b8e52c=\"94\" title=\"Selitev v Zdru\u017eene dr\u017eave Amerike? 2022 \u017divljenjski stro\u0161ki in nasveti za selitev\">ZDA<\/a> in na mednarodni ravni. Zagotavljajo storitve pakiranja in stiskanja, da za\u0161\u010ditijo va\u0161e stvari med prevozom. Poskrbijo za prevoz va\u0161ih stvari in se uskladijo z vsemi tretjimi osebami za njihovo dostavo na cilj.<\/p>\n<p>Spletna stran: <a href=\"http:\/\/renoreloww.com\" target=\"_blank\" rel=\"noopener\">http:\/\/renoreloww.com<\/a><\/p>\n<h2>Drugi uporabni vodniki po Zdru\u017eenih dr\u017eavah Amerike<\/h2>\n<ul>\n<li> <a href=\"https:\/\/moverdb.com\/sl\/selitev-v-ameriske-drzave-2022-zivljenjski-stroski-pripomocki-za-premestitev\/moving-to-las-vegas\/\">Selitev v Las Vegas? 2024 \u017divljenjski stro\u0161ki in nasveti za selitev<\/a><\/li>\n<li> <a href=\"https:\/\/moverdb.com\/sl\/selitev-v-ameriske-drzave-2022-zivljenjski-stroski-pripomocki-za-premestitev\/moving-to-nevada\/\">Selitev v Nevado? 2024 \u017divljenjski stro\u0161ki in nasveti za selitev<\/a><\/li>\n<li> <a href=\"https:\/\/moverdb.com\/sl\/selitev-v-ameriske-drzave-2022-zivljenjski-stroski-pripomocki-za-premestitev\/movers-cost\/\">Koliko stane najem Movers? Vodnik po var\u010devanju v ZDA za leto 2024<\/a><\/li>\n<li> <a href=\"https:\/\/moverdb.com\/sl\/selitev-v-ameriske-drzave-2022-zivljenjski-stroski-pripomocki-za-premestitev\/\">Selitev v Zdru\u017eene dr\u017eave Amerike? 2022 \u017divljenjski stro\u0161ki in nasveti za selitev<\/a><\/li>\n<li> <a href=\"https:\/\/moverdb.com\/sl\/selitev-v-ameriske-drzave-2022-zivljenjski-stroski-pripomocki-za-premestitev\/places-to-live-in-the-us\/\">13 najbolj\u0161ih mest za \u017eivljenje v Zdru\u017eenih dr\u017eavah Amerike<\/a><\/li>\n<li> <a href=\"https:\/\/moverdb.com\/sl\/selitev-v-ameriske-drzave-2022-zivljenjski-stroski-pripomocki-za-premestitev\/zivljenje\/\">21 skrivnosti o \u017eivljenju v ZDA, ki jih morate poznati, preden se preselite<\/a><\/li>\n<\/ul>","protected":false},"excerpt":{"rendered":"<p>Moving can be one of the most stressful times in your life so why try to do it all by yourself? A moving company can take on many of the tasks such as organising the move, arranging transport, packing and completing paperwork. Below we have compiled a list of Nevada based removal companies that are [&hellip;]<\/p>\n","protected":false},"author":4,"featured_media":11423,"parent":190,"menu_order":0,"comment_status":"closed","ping_status":"closed","template":"","meta":{"_genesis_hide_title":false,"_genesis_hide_breadcrumbs":false,"_genesis_hide_singular_image":false,"_genesis_hide_footer_widgets":false,"_genesis_custom_body_class":"","_genesis_custom_post_class":"","_genesis_layout":"","footnotes":""},"class_list":{"0":"post-11624","1":"page","2":"type-page","3":"status-publish","4":"has-post-thumbnail","6":"entry"},"_links":{"self":[{"href":"https:\/\/moverdb.com\/sl\/wp-json\/wp\/v2\/pages\/11624","targetHints":{"allow":["GET"]}}],"collection":[{"href":"https:\/\/moverdb.com\/sl\/wp-json\/wp\/v2\/pages"}],"about":[{"href":"https:\/\/moverdb.com\/sl\/wp-json\/wp\/v2\/types\/page"}],"author":[{"embeddable":true,"href":"https:\/\/moverdb.com\/sl\/wp-json\/wp\/v2\/users\/4"}],"replies":[{"embeddable":true,"href":"https:\/\/moverdb.com\/sl\/wp-json\/wp\/v2\/comments?post=11624"}],"version-history":[{"count":4,"href":"https:\/\/moverdb.com\/sl\/wp-json\/wp\/v2\/pages\/11624\/revisions"}],"predecessor-version":[{"id":17660,"href":"https:\/\/moverdb.com\/sl\/wp-json\/wp\/v2\/pages\/11624\/revisions\/17660"}],"up":[{"embeddable":true,"href":"https:\/\/moverdb.com\/sl\/wp-json\/wp\/v2\/pages\/190"}],"wp:featuredmedia":[{"embeddable":true,"href":"https:\/\/moverdb.com\/sl\/wp-json\/wp\/v2\/media\/11423"}],"wp:attachment":[{"href":"https:\/\/moverdb.com\/sl\/wp-json\/wp\/v2\/media?parent=11624"}],"curies":[{"name":"wp","href":"https:\/\/api.w.org\/{rel}","templated":true}]}}