{"id":11617,"date":"2023-11-29T10:32:37","date_gmt":"2023-11-29T10:32:37","guid":{"rendered":"https:\/\/moverdb.com\/?page_id=11617"},"modified":"2026-01-08T15:24:23","modified_gmt":"2026-01-08T15:24:23","slug":"moving-companies-us-minnesota","status":"publish","type":"page","link":"https:\/\/moverdb.com\/sl\/moving-companies\/moving-companies-us-minnesota\/","title":{"rendered":"3 Najbolj\u0161e mednarodne selitve podjetja v Minnesoti"},"content":{"rendered":"<p>Selitev je lahko velik preobrat in veliko je treba urediti, zato zakaj se ne bi nekoliko razbremenili, \u010de bi za selitev najeli <a href=\"https:\/\/moverdb.com\/sl\/moving-companies\/\" data-internallinksmanager029f6b8e52c=\"79\" title=\"Top 25 Mednarodne selitve podjetja Online\">selitev podjetja<\/a> ravnati z va\u0161imi stvarmi? Organizirajo lahko logistiko selitve in pakiranje ter po potrebi uredijo carinske zadeve. V nadaljevanju smo pripravili seznam <a href=\"https:\/\/moverdb.com\/sl\/moving-to-the-united-states\/moving-to-minnesota\/\" data-internallinksmanager029f6b8e52c=\"443\" title=\"Selitev v Minnesoto? 2023 \u017divljenjski stro\u0161ki in nasveti za selitev\">Minnesota<\/a> . <a href=\"https:\/\/moverdb.com\/sl\/international-removals\/\" data-internallinksmanager029f6b8e52c=\"27\" title=\"36 najbolj\u0161ih podjetij za mednarodne selitve v Zdru\u017eenem kraljestvu\">podjetja za selitve<\/a> ki so \u010dlani <a href=\"https:\/\/moverdb.com\/sl\/iam\/\" data-internallinksmanager029f6b8e52c=\"23\" title=\"Pojasnila o Mednarodnem zdru\u017eenju gibalcev (IAM)\">Mednarodno zdru\u017eenje movers<\/a> (IAM) in\/ali <a href=\"https:\/\/moverdb.com\/sl\/fidi-faim\/\" data-internallinksmanager029f6b8e52c=\"16\" title=\"Pojasnila o FIDI in FAIM (FIDI Accredited International Mover)\">FIDI<\/a> akreditirani mednarodni selitveni delavci (FAIM), ki vam lahko pomagajo pri selitvi.<\/p>\n<h2><strong>1. Akcijske selitvene storitve<\/strong><\/h2>\n<p><img loading=\"lazy\" decoding=\"async\" class=\"alignnone size-full wp-image-11242\" src=\"https:\/\/moverdb.com\/wp-content\/uploads\/Action-Moving-Services-international-moving-company.png\" alt=\"Action Moving Services mednarodno gibanje podjetje\" width=\"1440\" height=\"678\" data-wp-pid=\"11242\" srcset=\"https:\/\/moverdb.com\/wp-content\/uploads\/Action-Moving-Services-international-moving-company.png 1440w, https:\/\/moverdb.com\/wp-content\/uploads\/Action-Moving-Services-international-moving-company-300x141.png 300w, https:\/\/moverdb.com\/wp-content\/uploads\/Action-Moving-Services-international-moving-company-1024x482.png 1024w, https:\/\/moverdb.com\/wp-content\/uploads\/Action-Moving-Services-international-moving-company-18x8.png 18w, https:\/\/moverdb.com\/wp-content\/uploads\/Action-Moving-Services-international-moving-company-600x283.png 600w\" sizes=\"auto, (max-width: 1440px) 100vw, 1440px\" \/><\/p>\n<ul>\n<li>Lokalni in dolgi premiki<\/li>\n<li>Mednarodne selitve<\/li>\n<li>Selitve gospodinjstev<\/li>\n<li>Pisarni\u0161ke in industrijske selitve<\/li>\n<li>Selitve podjetij<\/li>\n<li>Celovite re\u0161itve<\/li>\n<li>Storitev pakiranja<\/li>\n<li>Carinska podpora<\/li>\n<li>Ravnanje z umetni\u0161kimi deli<\/li>\n<li>Storitve shranjevanja<\/li>\n<\/ul>\n<p>Action Moving Services je lokalno in mednarodno selitveno podjetje s sede\u017eem v ju\u017enem Burnsvillu. So meddr\u017eavni zastopnik dru\u017ebe Atlas Van Lines, ki jim zagotavlja sodelovanje z nacionalno in mednarodno mre\u017eo selitvenih agentov. So \u010dlan zdru\u017eenja IAM z 42 leti izku\u0161enj.<\/p>\n<p>Action Moving Services ponuja celovite storitve selitve in preselitve, ki bodo poskrbele za vse vidike va\u0161e selitve. Njihove storitve vklju\u010dujejo varno pakiranje va\u0161ih stvari za prevoz in razpakiranje ob prihodu na cilj. Poskrbeli bodo za prevoz va\u0161ih stvari in vam pomagali pri carinjenju.<\/p>\n<p>Spletna stran: <a href=\"http:\/\/actionmoving.com\/\" target=\"_blank\" rel=\"noopener\">http:\/\/actionmoving.com\/<\/a><\/p>\n<h2><strong>2. Beltmann Moving &amp; Storage<\/strong><\/h2>\n<p><img loading=\"lazy\" decoding=\"async\" class=\"alignnone size-full wp-image-11269\" src=\"https:\/\/moverdb.com\/wp-content\/uploads\/Beltmann-Relocation-Group-international-moving-company.png\" alt=\"Beltmann Relocation Group mednarodna selitev podjetje\" width=\"1440\" height=\"682\" data-wp-pid=\"11269\" srcset=\"https:\/\/moverdb.com\/wp-content\/uploads\/Beltmann-Relocation-Group-international-moving-company.png 1440w, https:\/\/moverdb.com\/wp-content\/uploads\/Beltmann-Relocation-Group-international-moving-company-300x142.png 300w, https:\/\/moverdb.com\/wp-content\/uploads\/Beltmann-Relocation-Group-international-moving-company-1024x485.png 1024w, https:\/\/moverdb.com\/wp-content\/uploads\/Beltmann-Relocation-Group-international-moving-company-18x9.png 18w, https:\/\/moverdb.com\/wp-content\/uploads\/Beltmann-Relocation-Group-international-moving-company-600x284.png 600w\" sizes=\"auto, (max-width: 1440px) 100vw, 1440px\" \/><\/p>\n<ul>\n<li>Lokalne in nacionalne selitve<\/li>\n<li>Mednarodne selitve<\/li>\n<li>Stanovanjske selitve<\/li>\n<li>Selitve pisarn<\/li>\n<li>Selitve podjetij<\/li>\n<li>Koordinator premikanja<\/li>\n<li>Storitev pakiranja<\/li>\n<li>Ureditev prevoza<\/li>\n<li>Carinsko poslovanje<\/li>\n<li>Varno kratkoro\u010dno in dolgoro\u010dno shranjevanje<\/li>\n<\/ul>\n<p>Beltmann Moving &amp; Storage je podjetje, ki deluje od leta 1923 in ima 11 lokacij po vsej <a href=\"https:\/\/moverdb.com\/sl\/moving-to-the-united-states\/\" data-internallinksmanager029f6b8e52c=\"94\" title=\"Selitev v Zdru\u017eene dr\u017eave Amerike? 2022 \u017divljenjski stro\u0161ki in nasveti za selitev\">ZDA<\/a> vklju\u010dno z mestom Roseville. So zastopnik dru\u017ebe North American Van Lines, kar jim omogo\u010da dostop do globalne mre\u017ee podjetij za selitve in skladi\u0161\u010denje. So \u010dlani zdru\u017eenja IAM s 25 leti izku\u0161enj.<\/p>\n<p>Podjetje Beltmann Moving &amp; Storage vam bo pomagalo racionalizirati selitev \u017ee z na\u010drtovanjem brezpla\u010dne ocene selitve. Zagotavljajo vam koordinatorja selitve, ki vam bo pomagal, svoje storitve pa bodo prilagodili va\u0161im potrebam. Nudijo storitev pakiranja, ki vklju\u010duje razstavljanje in sestavljanje pohi\u0161tva ter razpakiranje ob prihodu.<\/p>\n<p>Spletna stran: <a href=\"http:\/\/www.beltmann.com\" target=\"_blank\" rel=\"noopener\">http:\/\/www.beltmann.com<\/a><\/p>\n<h2><strong>3. Berger Moving &amp; Storage<\/strong><\/h2>\n<p><img loading=\"lazy\" decoding=\"async\" class=\"alignnone size-full wp-image-11270\" src=\"https:\/\/moverdb.com\/wp-content\/uploads\/Berger-Moving-Storage-international-moving-company.png\" alt=\"Berger Moving &amp; Storage mednarodna selitev podjetje\" width=\"1440\" height=\"677\" data-wp-pid=\"11270\" srcset=\"https:\/\/moverdb.com\/wp-content\/uploads\/Berger-Moving-Storage-international-moving-company.png 1440w, https:\/\/moverdb.com\/wp-content\/uploads\/Berger-Moving-Storage-international-moving-company-300x141.png 300w, https:\/\/moverdb.com\/wp-content\/uploads\/Berger-Moving-Storage-international-moving-company-1024x481.png 1024w, https:\/\/moverdb.com\/wp-content\/uploads\/Berger-Moving-Storage-international-moving-company-18x8.png 18w, https:\/\/moverdb.com\/wp-content\/uploads\/Berger-Moving-Storage-international-moving-company-600x282.png 600w\" sizes=\"auto, (max-width: 1440px) 100vw, 1440px\" \/><\/p>\n<ul>\n<li>Lokalni in dolgi premiki<\/li>\n<li>Mednarodne selitve<\/li>\n<li>Selitve gospodinjstev<\/li>\n<li>Komercialni premiki<\/li>\n<li>Koordinator za premestitev<\/li>\n<li>Storitev pakiranja<\/li>\n<li>Seznam predmetov<\/li>\n<li>Ureditev prevoza<\/li>\n<li>Carinjenje<\/li>\n<li>Kratkotrajno shranjevanje<\/li>\n<\/ul>\n<p>Berger Moving &amp; Storage je podjetje za prevozne storitve, ustanovljeno leta 1910, s sede\u017eem v Saint Paulu in mre\u017eo 16 lokacij po vsej dr\u017eavi. Je zastopnik dru\u017ebe Allied Van Lines, ki je mednarodna mre\u017ea selitvenih agentov. Je \u010dlan zdru\u017eenja IAM s 113 leti izku\u0161enj.<\/p>\n<p>Podjetje Berger Moving &amp; Storage ponuja brezpla\u010dno oceno selitve na domu ali virtualno oceno selitve s svetovalcem za mednarodno selitev. Koordinator za selitev vas bo vodil skozi postopek in ugotovil, katera dokumentacija je potrebna. Njihova storitev pakiranja uporablja mednarodne metode pakiranja in materiale za za\u0161\u010dito va\u0161ih predmetov ter pripravi popis.<\/p>\n<p>Spletna stran: <a href=\"https:\/\/www.bergerallied.com\" target=\"_blank\" rel=\"noopener\">https:\/\/www.bergerallied.com<\/a><\/p>","protected":false},"excerpt":{"rendered":"<p>Moving can be a big upheaval and there is a lot to arrange, so why not take some of the pressure off by letting a moving company handle your belongings? They can organise the logistics of your move as well as packing and deal with customs if needed. Below we have compiled a list of [&hellip;]<\/p>\n","protected":false},"author":4,"featured_media":11242,"parent":190,"menu_order":0,"comment_status":"closed","ping_status":"closed","template":"","meta":{"_genesis_hide_title":false,"_genesis_hide_breadcrumbs":false,"_genesis_hide_singular_image":false,"_genesis_hide_footer_widgets":false,"_genesis_custom_body_class":"","_genesis_custom_post_class":"","_genesis_layout":"","footnotes":""},"class_list":{"0":"post-11617","1":"page","2":"type-page","3":"status-publish","4":"has-post-thumbnail","6":"entry"},"_links":{"self":[{"href":"https:\/\/moverdb.com\/sl\/wp-json\/wp\/v2\/pages\/11617","targetHints":{"allow":["GET"]}}],"collection":[{"href":"https:\/\/moverdb.com\/sl\/wp-json\/wp\/v2\/pages"}],"about":[{"href":"https:\/\/moverdb.com\/sl\/wp-json\/wp\/v2\/types\/page"}],"author":[{"embeddable":true,"href":"https:\/\/moverdb.com\/sl\/wp-json\/wp\/v2\/users\/4"}],"replies":[{"embeddable":true,"href":"https:\/\/moverdb.com\/sl\/wp-json\/wp\/v2\/comments?post=11617"}],"version-history":[{"count":1,"href":"https:\/\/moverdb.com\/sl\/wp-json\/wp\/v2\/pages\/11617\/revisions"}],"predecessor-version":[{"id":11618,"href":"https:\/\/moverdb.com\/sl\/wp-json\/wp\/v2\/pages\/11617\/revisions\/11618"}],"up":[{"embeddable":true,"href":"https:\/\/moverdb.com\/sl\/wp-json\/wp\/v2\/pages\/190"}],"wp:featuredmedia":[{"embeddable":true,"href":"https:\/\/moverdb.com\/sl\/wp-json\/wp\/v2\/media\/11242"}],"wp:attachment":[{"href":"https:\/\/moverdb.com\/sl\/wp-json\/wp\/v2\/media?parent=11617"}],"curies":[{"name":"wp","href":"https:\/\/api.w.org\/{rel}","templated":true}]}}