{"id":11571,"date":"2023-11-29T10:40:47","date_gmt":"2023-11-29T10:40:47","guid":{"rendered":"https:\/\/moverdb.com\/?page_id=11571"},"modified":"2026-01-08T15:24:44","modified_gmt":"2026-01-08T15:24:44","slug":"moving-companies-us-hawaii","status":"publish","type":"page","link":"https:\/\/moverdb.com\/sl\/moving-companies\/moving-companies-us-hawaii\/","title":{"rendered":"4 Najbolj\u0161e mednarodne selitve podjetja na Havajih"},"content":{"rendered":"<p>Ali se nameravate preseliti v ali iz <a href=\"https:\/\/moverdb.com\/sl\/moving-to-the-united-states\/moving-to-hawaii\/\" data-internallinksmanager029f6b8e52c=\"403\" title=\"Selitev na Havaje? 2023 \u017divljenjski stro\u0161ki in nasveti za selitev\">Havaji<\/a>? Pridobivanje <a href=\"https:\/\/moverdb.com\/sl\/moving-companies\/\" data-internallinksmanager029f6b8e52c=\"79\" title=\"Top 25 Mednarodne selitve podjetja Online\">selitev podjetja<\/a> ki vam pomaga pri organizaciji, pakiranju, prevozu in carinskih ureditvah, vam lahko olaj\u0161a selitev. V nadaljevanju smo pripravili seznam havajskih <a href=\"https:\/\/moverdb.com\/sl\/international-removals\/\" data-internallinksmanager029f6b8e52c=\"27\" title=\"36 najbolj\u0161ih podjetij za mednarodne selitve v Zdru\u017eenem kraljestvu\">podjetja za selitve<\/a> ki so \u010dlani <a href=\"https:\/\/moverdb.com\/sl\/iam\/\" data-internallinksmanager029f6b8e52c=\"23\" title=\"Pojasnila o Mednarodnem zdru\u017eenju gibalcev (IAM)\">Mednarodno zdru\u017eenje movers<\/a> (IAM) in\/ali <a href=\"https:\/\/moverdb.com\/sl\/fidi-faim\/\" data-internallinksmanager029f6b8e52c=\"16\" title=\"Pojasnila o FIDI in FAIM (FIDI Accredited International Mover)\">FIDI<\/a> akreditirani mednarodni selitveni urad (FAIM), ki vam lahko pomaga pri selitvi.<\/p>\n<div id=\"ez-toc-container\" class=\"ez-toc-v2_0_82_2 ez-toc-wrap-left counter-hierarchy ez-toc-counter ez-toc-transparent ez-toc-container-direction\">\n<div class=\"ez-toc-title-container\">\n<p class=\"ez-toc-title\" style=\"cursor:inherit\">Oddelki<\/p>\n<span class=\"ez-toc-title-toggle\"><a href=\"#\" class=\"ez-toc-pull-right ez-toc-btn ez-toc-btn-xs ez-toc-btn-default ez-toc-toggle\" aria-label=\"Toggle Tabela vsebine\"><span class=\"ez-toc-js-icon-con\"><span class=\"\"><span class=\"eztoc-hide\" style=\"display:none;\">Toggle<\/span><span class=\"ez-toc-icon-toggle-span\"><svg style=\"fill: #999;color:#999\" xmlns=\"http:\/\/www.w3.org\/2000\/svg\" class=\"list-377408\" width=\"20px\" height=\"20px\" viewbox=\"0 0 24 24\" fill=\"none\"><path d=\"M6 6H4v2h2V6zm14 0H8v2h12V6zM4 11h2v2H4v-2zm16 0H8v2h12v-2zM4 16h2v2H4v-2zm16 0H8v2h12v-2z\" fill=\"currentColor\"><\/path><\/svg><svg style=\"fill: #999;color:#999\" class=\"arrow-unsorted-368013\" xmlns=\"http:\/\/www.w3.org\/2000\/svg\" width=\"10px\" height=\"10px\" viewbox=\"0 0 24 24\" version=\"1.2\" baseprofile=\"tiny\"><path d=\"M18.2 9.3l-6.2-6.3-6.2 6.3c-.2.2-.3.4-.3.7s.1.5.3.7c.2.2.4.3.7.3h11c.3 0 .5-.1.7-.3.2-.2.3-.5.3-.7s-.1-.5-.3-.7zM5.8 14.7l6.2 6.3 6.2-6.3c.2-.2.3-.5.3-.7s-.1-.5-.3-.7c-.2-.2-.4-.3-.7-.3h-11c-.3 0-.5.1-.7.3-.2.2-.3.5-.3.7s.1.5.3.7z\"\/><\/svg><\/span><\/span><\/span><\/a><\/span><\/div>\n<nav><ul class='ez-toc-list ez-toc-list-level-1 eztoc-toggle-hide-by-default' ><li class='ez-toc-page-1 ez-toc-heading-level-2'><a class=\"ez-toc-link ez-toc-heading-1\" href=\"https:\/\/moverdb.com\/sl\/moving-companies\/moving-companies-us-hawaii\/#1_Aloha_International_Moving_Services\" >1. Aloha International Moving Services<\/a><\/li><li class='ez-toc-page-1 ez-toc-heading-level-2'><a class=\"ez-toc-link ez-toc-heading-2\" href=\"https:\/\/moverdb.com\/sl\/moving-companies\/moving-companies-us-hawaii\/#2_Crown_World_Mobility\" >2. Crown World Mobility<\/a><\/li><li class='ez-toc-page-1 ez-toc-heading-level-2'><a class=\"ez-toc-link ez-toc-heading-3\" href=\"https:\/\/moverdb.com\/sl\/moving-companies\/moving-companies-us-hawaii\/#3_M_Dyer_Global\" >3. M Dyer Global<\/a><\/li><li class='ez-toc-page-1 ez-toc-heading-level-2'><a class=\"ez-toc-link ez-toc-heading-4\" href=\"https:\/\/moverdb.com\/sl\/moving-companies\/moving-companies-us-hawaii\/#4_Royal_Hawaiian_Movers\" >4. Royal Hawaiian Movers<\/a><\/li><\/ul><\/nav><\/div>\n<h2><span class=\"ez-toc-section\" id=\"1_Aloha_International_Moving_Services\"><\/span><strong>1. Aloha International Moving Services<\/strong><span class=\"ez-toc-section-end\"><\/span><\/h2>\n<p><img loading=\"lazy\" decoding=\"async\" class=\"alignnone size-full wp-image-11253\" src=\"https:\/\/moverdb.com\/wp-content\/uploads\/Aloha-International-Moving-Services-company.png\" alt=\"Podjetje Aloha International Moving Services\" width=\"1440\" height=\"677\" data-wp-pid=\"11253\" srcset=\"https:\/\/moverdb.com\/wp-content\/uploads\/Aloha-International-Moving-Services-company.png 1440w, https:\/\/moverdb.com\/wp-content\/uploads\/Aloha-International-Moving-Services-company-300x141.png 300w, https:\/\/moverdb.com\/wp-content\/uploads\/Aloha-International-Moving-Services-company-1024x481.png 1024w, https:\/\/moverdb.com\/wp-content\/uploads\/Aloha-International-Moving-Services-company-18x8.png 18w, https:\/\/moverdb.com\/wp-content\/uploads\/Aloha-International-Moving-Services-company-600x282.png 600w\" sizes=\"auto, (max-width: 1440px) 100vw, 1440px\" \/><\/p>\n<ul>\n<li>Lokalni premiki<\/li>\n<li>Mednarodne selitve<\/li>\n<li>Stanovanjske selitve<\/li>\n<li>Selitve pisarn in podjetij<\/li>\n<li>Storitev pakiranja<\/li>\n<li>Mo\u017enost samostojnega pakiranja<\/li>\n<li>Popis stvari<\/li>\n<li>Storitve pakiranja<\/li>\n<li>Ureditev prevoza<\/li>\n<li>Kratkoro\u010dno in dolgoro\u010dno varno skladi\u0161\u010denje<\/li>\n<\/ul>\n<p>Aloha International Moving Services je havajsko selitveno podjetje s sede\u017eem v Kapoleiju. Je \u010dlan zdru\u017eenja IAM z 28-letnimi izku\u0161njami, kar jim omogo\u010da dostop do mednarodne mre\u017ee selitvenih podjetij, ki jim pomagajo pri selitvah po vsem svetu.<\/p>\n<p>Aloha International Moving Services ponuja selitvene storitve lokalno, med otoki, na celino <a href=\"https:\/\/moverdb.com\/sl\/moving-to-the-united-states\/\" data-internallinksmanager029f6b8e52c=\"94\" title=\"Selitev v Zdru\u017eene dr\u017eave Amerike? 2022 \u017divljenjski stro\u0161ki in nasveti za selitev\">ZDA<\/a> in mednarodno za stanovanjske in poslovne stranke. Nudijo razli\u010dne storitve pakiranja, ki vklju\u010dujejo popolno pakiranje ali lastno pakiranje s \u0161katlami. Njihove storitve pakiranja vklju\u010dujejo pakiranje, razstavljanje in ponovno sestavljanje pohi\u0161tva, razpakiranje ter popis va\u0161ega premo\u017eenja.<\/p>\n<p>Spletna stran: <a href=\"http:\/\/www.hawaiimovers.com\" target=\"_blank\" rel=\"noopener\">http:\/\/www.hawaiimovers.com<\/a><\/p>\n<h2><span class=\"ez-toc-section\" id=\"2_Crown_World_Mobility\"><\/span><strong>2. Crown World Mobility<\/strong><span class=\"ez-toc-section-end\"><\/span><\/h2>\n<p><img loading=\"lazy\" decoding=\"async\" class=\"alignnone size-full wp-image-11299\" src=\"https:\/\/moverdb.com\/wp-content\/uploads\/Crown-World-Mobility-international-moving-company.png\" alt=\"Crown World Mobility mednarodna selitev podjetje\" width=\"1440\" height=\"675\" data-wp-pid=\"11299\" srcset=\"https:\/\/moverdb.com\/wp-content\/uploads\/Crown-World-Mobility-international-moving-company.png 1440w, https:\/\/moverdb.com\/wp-content\/uploads\/Crown-World-Mobility-international-moving-company-300x141.png 300w, https:\/\/moverdb.com\/wp-content\/uploads\/Crown-World-Mobility-international-moving-company-1024x480.png 1024w, https:\/\/moverdb.com\/wp-content\/uploads\/Crown-World-Mobility-international-moving-company-18x8.png 18w, https:\/\/moverdb.com\/wp-content\/uploads\/Crown-World-Mobility-international-moving-company-600x281.png 600w\" sizes=\"auto, (max-width: 1440px) 100vw, 1440px\" \/><\/p>\n<ul>\n<li>Lokalni premiki<\/li>\n<li>Mednarodne selitve<\/li>\n<li>premestitve zaposlenih<\/li>\n<li>Podpora pred na\u010drtovanjem<\/li>\n<li>Celovita storitev<\/li>\n<li>Mo\u017enosti samopostre\u017ebe<\/li>\n<li>Storitve iskanja domov<\/li>\n<li>Podpora za priseljevanje<\/li>\n<li>Vizumi in dovoljenja<\/li>\n<li>Oprema za sledenje<\/li>\n<\/ul>\n<p>Crown World Mobility je mednarodno podjetje, ki ima sede\u017e v Mililani na Havajih, vendar ima 79 pisarn po vsem svetu. Ima ve\u010d oddelkov, ki se ukvarjajo z razli\u010dnimi vidiki selitev in logistike. V podporo jim je skrbno upravljana mre\u017ea dobaviteljev. Je \u010dlan zdru\u017eenja IAM s 44-letnimi izku\u0161njami.<\/p>\n<p>Podjetje Crown World Mobility je specializirano za podporo podjetjem s storitvami mobilnosti za njihove zaposlene. Zagotavljajo poglobljeno svetovanje in oblikovanje programov, ki podjetjem ob podpori njihovih ekip za mobilnost pomagajo uresni\u010diti na\u010drte. Pomagajo lahko tudi pri storitvah priseljevanja in iskanju stanovanj.<\/p>\n<p>Spletna stran: <a href=\"https:\/\/www.crownworldmobility.com\/en-us\" target=\"_blank\" rel=\"noopener\">https:\/\/www.crownworldmobility.com\/en-us<\/a><\/p>\n<h2><span class=\"ez-toc-section\" id=\"3_M_Dyer_Global\"><\/span><strong>3. M Dyer Global<\/strong><span class=\"ez-toc-section-end\"><\/span><\/h2>\n<p><img loading=\"lazy\" decoding=\"async\" class=\"alignnone size-full wp-image-11368\" src=\"https:\/\/moverdb.com\/wp-content\/uploads\/M-Dyer-Global-international-moving-company.png\" alt=\"M Dyer Globalno mednarodno gibanje podjetje\" width=\"1440\" height=\"680\" data-wp-pid=\"11368\" srcset=\"https:\/\/moverdb.com\/wp-content\/uploads\/M-Dyer-Global-international-moving-company.png 1440w, https:\/\/moverdb.com\/wp-content\/uploads\/M-Dyer-Global-international-moving-company-300x142.png 300w, https:\/\/moverdb.com\/wp-content\/uploads\/M-Dyer-Global-international-moving-company-1024x484.png 1024w, https:\/\/moverdb.com\/wp-content\/uploads\/M-Dyer-Global-international-moving-company-18x9.png 18w, https:\/\/moverdb.com\/wp-content\/uploads\/M-Dyer-Global-international-moving-company-600x283.png 600w\" sizes=\"auto, (max-width: 1440px) 100vw, 1440px\" \/><\/p>\n<ul>\n<li>Lokalne selitve in selitve med otoki<\/li>\n<li>Mednarodne selitve<\/li>\n<li>Selitve gospodinjstev<\/li>\n<li>Selitve pisarn in industrijskih objektov<\/li>\n<li>Storitev pakiranja<\/li>\n<li>Prevoz s tovornjaki, letalom in morjem<\/li>\n<li>Mo\u017enost izbire zabojnikov<\/li>\n<li>Carinjenje<\/li>\n<li>Zavarovanje<\/li>\n<li>Kratkoro\u010dno in dolgoro\u010dno skladi\u0161\u010denje<\/li>\n<\/ul>\n<p>M Dyer Global je podjetje za selitve, skladi\u0161\u010denje in logistiko, ustanovljeno leta 1958 v Honoluluju. Sodeluje z ve\u010d kot 500 visokokakovostnimi zastopniki po vsem svetu, s katerimi se povezuje pri zagotavljanju svojih storitev na mednarodni ravni. So \u010dlan zdru\u017eenja IAM s 55 leti izku\u0161enj in so akreditirani pri FIDI.<\/p>\n<p>M Dyer Global ponuja za\u010detni pregled, da oceni va\u0161e zahteve glede selitve in vam pripravi ponudbo. Nudijo vam strokovno storitev pakiranja z usposobljenimi pakiralci, ki bodo va\u0161e stvari varno zapakirali in zapakirali v zaboje za prevoz. Organizirajo prevoz po kopnem, zraku in morju z mo\u017enostjo polnega ali manj kot polnega kontejnerja.<\/p>\n<p>Spletna stran: <a href=\"https:\/\/www.mdyerglobal.com\/\" target=\"_blank\" rel=\"noopener\">https:\/\/www.mdyerglobal.com\/<\/a><\/p>\n<h2><span class=\"ez-toc-section\" id=\"4_Royal_Hawaiian_Movers\"><\/span><strong>4. Royal Hawaiian Movers<\/strong><span class=\"ez-toc-section-end\"><\/span><\/h2>\n<p><img loading=\"lazy\" decoding=\"async\" class=\"alignnone size-full wp-image-11429\" src=\"https:\/\/moverdb.com\/wp-content\/uploads\/Royal-Hawaiian-Movers-international-moving-company.png\" alt=\"Royal Hawaiian Movers mednarodno gibljejo podjetje\" width=\"1440\" height=\"683\" data-wp-pid=\"11429\" srcset=\"https:\/\/moverdb.com\/wp-content\/uploads\/Royal-Hawaiian-Movers-international-moving-company.png 1440w, https:\/\/moverdb.com\/wp-content\/uploads\/Royal-Hawaiian-Movers-international-moving-company-300x142.png 300w, https:\/\/moverdb.com\/wp-content\/uploads\/Royal-Hawaiian-Movers-international-moving-company-1024x486.png 1024w, https:\/\/moverdb.com\/wp-content\/uploads\/Royal-Hawaiian-Movers-international-moving-company-18x9.png 18w, https:\/\/moverdb.com\/wp-content\/uploads\/Royal-Hawaiian-Movers-international-moving-company-600x285.png 600w\" sizes=\"auto, (max-width: 1440px) 100vw, 1440px\" \/><\/p>\n<ul>\n<li>Lokalne selitve in selitve med otoki<\/li>\n<li>Mednarodne selitve<\/li>\n<li>Stanovanjske selitve<\/li>\n<li>Premiki podjetij<\/li>\n<li>premestitve zaposlenih<\/li>\n<li>Osebna storitev<\/li>\n<li>Storitev pakiranja<\/li>\n<li>Ureditev prevoza<\/li>\n<li>Prevoz vozil<\/li>\n<li>Prostori za shranjevanje<\/li>\n<\/ul>\n<p>Royal Hawaiian Movers je podjetje za prevoz in selitev, ki je bilo ustanovljeno leta 1982 in je prisotno na vseh \u0161tirih havajskih otokih. Podjetje je del skupine DeWitt Companies, kar mu omogo\u010da dostop do \u0161ir\u0161e mre\u017ee selitvenih podjetij. Je \u010dlan zdru\u017eenja IAM z 41-letnimi izku\u0161njami.<\/p>\n<p>Royal Hawaiian Movers ponuja prilagojene storitve z virtualno ali osebno raziskavo, da oceni va\u0161e zahteve glede selitve in zagotovi prilagojeno ponudbo, ki ustreza va\u0161im potrebam in prora\u010dunu. Med selitvijo vas bodo vodili in vam pomagali, da vam olaj\u0161ajo postopek, ki vklju\u010duje pakiranje in razpakiranje, razstavljanje in ponovno sestavljanje pohi\u0161tva ter prevoz va\u0161ih stvari na cilj.<\/p>\n<p>Spletna stran: <a href=\"http:\/\/royalhawaiianmovers.com\/\" target=\"_blank\" rel=\"noopener\">http:\/\/royalhawaiianmovers.com\/<\/a><\/p>","protected":false},"excerpt":{"rendered":"<p>Are you planning on moving within, to or from Hawaii? Getting a moving company to assist you with organisation, packing, transportation and customs arrangements can aid you in making the move easier. Below we have compiled a list of Hawaiian removal companies that are members of the International Association of Movers (IAM) and\/or FIDI Accredited [&hellip;]<\/p>\n","protected":false},"author":4,"featured_media":11253,"parent":190,"menu_order":0,"comment_status":"closed","ping_status":"closed","template":"","meta":{"_genesis_hide_title":false,"_genesis_hide_breadcrumbs":false,"_genesis_hide_singular_image":false,"_genesis_hide_footer_widgets":false,"_genesis_custom_body_class":"","_genesis_custom_post_class":"","_genesis_layout":"","footnotes":""},"class_list":{"0":"post-11571","1":"page","2":"type-page","3":"status-publish","4":"has-post-thumbnail","6":"entry"},"_links":{"self":[{"href":"https:\/\/moverdb.com\/sl\/wp-json\/wp\/v2\/pages\/11571","targetHints":{"allow":["GET"]}}],"collection":[{"href":"https:\/\/moverdb.com\/sl\/wp-json\/wp\/v2\/pages"}],"about":[{"href":"https:\/\/moverdb.com\/sl\/wp-json\/wp\/v2\/types\/page"}],"author":[{"embeddable":true,"href":"https:\/\/moverdb.com\/sl\/wp-json\/wp\/v2\/users\/4"}],"replies":[{"embeddable":true,"href":"https:\/\/moverdb.com\/sl\/wp-json\/wp\/v2\/comments?post=11571"}],"version-history":[{"count":1,"href":"https:\/\/moverdb.com\/sl\/wp-json\/wp\/v2\/pages\/11571\/revisions"}],"predecessor-version":[{"id":11573,"href":"https:\/\/moverdb.com\/sl\/wp-json\/wp\/v2\/pages\/11571\/revisions\/11573"}],"up":[{"embeddable":true,"href":"https:\/\/moverdb.com\/sl\/wp-json\/wp\/v2\/pages\/190"}],"wp:featuredmedia":[{"embeddable":true,"href":"https:\/\/moverdb.com\/sl\/wp-json\/wp\/v2\/media\/11253"}],"wp:attachment":[{"href":"https:\/\/moverdb.com\/sl\/wp-json\/wp\/v2\/media?parent=11571"}],"curies":[{"name":"wp","href":"https:\/\/api.w.org\/{rel}","templated":true}]}}