{"id":11558,"date":"2023-11-29T10:29:34","date_gmt":"2023-11-29T10:29:34","guid":{"rendered":"https:\/\/moverdb.com\/?page_id=11558"},"modified":"2026-01-08T15:24:12","modified_gmt":"2026-01-08T15:24:12","slug":"moving-companies-us-danbury","status":"publish","type":"page","link":"https:\/\/moverdb.com\/sl\/moving-companies\/moving-companies-us-danbury\/","title":{"rendered":"3 Najbolj\u0161a mednarodna selitvena podjetja v Danburyju"},"content":{"rendered":"<p>Na\u010drtovanje in vodenje selitve sta lahko stresna, zato si lahko <a href=\"https:\/\/moverdb.com\/sl\/moving-companies\/\" data-internallinksmanager029f6b8e52c=\"79\" title=\"Top 25 Mednarodne selitve podjetja Online\">selitev podjetja<\/a> za pakiranje in prevoz va\u0161ih stvari, lahko olaj\u0161a pritisk. V nadaljevanju smo pripravili seznam podjetij iz Danburyja. <a href=\"https:\/\/moverdb.com\/sl\/international-removals\/\" data-internallinksmanager029f6b8e52c=\"27\" title=\"36 najbolj\u0161ih podjetij za mednarodne selitve v Zdru\u017eenem kraljestvu\">podjetja za selitve<\/a> ki so \u010dlani <a href=\"https:\/\/moverdb.com\/sl\/iam\/\" data-internallinksmanager029f6b8e52c=\"23\" title=\"Pojasnila o Mednarodnem zdru\u017eenju gibalcev (IAM)\">Mednarodno zdru\u017eenje movers<\/a> (IAM) in\/ali <a href=\"https:\/\/moverdb.com\/sl\/fidi-faim\/\" data-internallinksmanager029f6b8e52c=\"16\" title=\"Pojasnila o FIDI in FAIM (FIDI Accredited International Mover)\">FIDI<\/a> akreditirani mednarodni selitveni delavci (FAIM), ki vam lahko pomagajo pri selitvi.<\/p>\n<h2><strong>1. Continuum International<\/strong><\/h2>\n<p><img loading=\"lazy\" decoding=\"async\" class=\"alignnone size-full wp-image-11296\" src=\"https:\/\/moverdb.com\/wp-content\/uploads\/Continuum-International-moving-company.png\" alt=\"Continuum Mednarodna selitev podjetja\" width=\"1440\" height=\"677\" data-wp-pid=\"11296\" srcset=\"https:\/\/moverdb.com\/wp-content\/uploads\/Continuum-International-moving-company.png 1440w, https:\/\/moverdb.com\/wp-content\/uploads\/Continuum-International-moving-company-300x141.png 300w, https:\/\/moverdb.com\/wp-content\/uploads\/Continuum-International-moving-company-1024x481.png 1024w, https:\/\/moverdb.com\/wp-content\/uploads\/Continuum-International-moving-company-18x8.png 18w, https:\/\/moverdb.com\/wp-content\/uploads\/Continuum-International-moving-company-600x282.png 600w\" sizes=\"auto, (max-width: 1440px) 100vw, 1440px\" \/><\/p>\n<ul>\n<li>Nacionalne selitve<\/li>\n<li>Mednarodne selitve<\/li>\n<li>Selitve podjetja<\/li>\n<li>Storitev od vrat do vrat<\/li>\n<li>Storitve po meri<\/li>\n<li>Storitev pakiranja<\/li>\n<li>Prevoz po zraku, morju ali tovornjaku<\/li>\n<li>Priprava dokumentov<\/li>\n<li>Tranzitno zavarovanje<\/li>\n<li>Prostori za shranjevanje<\/li>\n<\/ul>\n<p>Continuum International je globalno podjetje za selitve in upravljanje nalog, ki deluje \u017ee ve\u010d kot 20 let in ima lokaciji v Danburyju in Brookfieldu. Ima globalna partnerstva, ki mu omogo\u010dajo mednarodno opravljanje storitev. Je \u010dlan zdru\u017eenja IAM s 24-letnimi izku\u0161njami.<\/p>\n<p>Continuum International ponuja prilagojene storitve selitve od vrat do vrat z dodeljenim svetovalcem za selitev. Pred selitvijo opravijo pregled, s katerim ocenijo va\u0161e selitvene potrebe in pripravijo na\u010drt selitve. Va\u0161e stvari bodo zapakirali in poskrbeli, da bodo embala\u017eni materiali primerni za na\u010din prevoza in namembni kraj.<\/p>\n<p>Spletna stran: <a href=\"https:\/\/www.continuumrelo.com\/\" target=\"_blank\" rel=\"noopener\">https:\/\/www.continuumrelo.com\/<\/a><\/p>\n<h2><strong>2. Interconex<\/strong><\/h2>\n<p><img loading=\"lazy\" decoding=\"async\" class=\"alignnone size-full wp-image-11345\" src=\"https:\/\/moverdb.com\/wp-content\/uploads\/Interconex-international-moving-company.png\" alt=\"Interconex mednarodno gibanje podjetje\" width=\"1440\" height=\"678\" data-wp-pid=\"11345\" srcset=\"https:\/\/moverdb.com\/wp-content\/uploads\/Interconex-international-moving-company.png 1440w, https:\/\/moverdb.com\/wp-content\/uploads\/Interconex-international-moving-company-300x141.png 300w, https:\/\/moverdb.com\/wp-content\/uploads\/Interconex-international-moving-company-1024x482.png 1024w, https:\/\/moverdb.com\/wp-content\/uploads\/Interconex-international-moving-company-18x8.png 18w, https:\/\/moverdb.com\/wp-content\/uploads\/Interconex-international-moving-company-600x283.png 600w\" sizes=\"auto, (max-width: 1440px) 100vw, 1440px\" \/><\/p>\n<ul>\n<li>Nacionalne poteze<\/li>\n<li>Mednarodne selitve<\/li>\n<li>Selitve gospodinjstev<\/li>\n<li>Premiki podjetij<\/li>\n<li>Storitev od vrat do vrat<\/li>\n<li>Storitev pakiranja<\/li>\n<li>Ureditev prevoza<\/li>\n<li>Carinjenje<\/li>\n<li>Premestitev hi\u0161nih ljubljen\u010dkov<\/li>\n<li>Storitve varnega shranjevanja<\/li>\n<\/ul>\n<p>Interconex je podjetje s sede\u017eem v Danburyju, ki je bilo ustanovljeno leta 1969 in ponuja celovite storitve za selitev gospodinjskih predmetov. Pri izvajanju svojih storitev po vsem svetu sodeluje z izbranimi mednarodnimi partnerji. Podjetje je akreditirano pri FIDI.<\/p>\n<p>Interconex ponuja za\u010detno raziskavo, da ugotovi va\u0161e potrebe po selitvi. Nudijo storitev pakiranja, pri kateri uporabljajo najkakovostnej\u0161e pakirne materiale in usposobljene pakirne delavce za za\u0161\u010dito va\u0161ega premo\u017eenja. To lahko vklju\u010duje specializirane pakirne materiale in po meri izdelane zaboje. Ponujajo dodatne storitve, ki vklju\u010dujejo prevoz z letali\u0161\u010da, storitve concierge, pomo\u010d rokodelcev, hi\u0161ne pomo\u010dnice, za\u010dasno nastanitev, destinacijske storitve, selitev hi\u0161nih ljubljen\u010dkov, zavarovanje vseh tveganj in skladi\u0161\u010denje.<\/p>\n<p>Spletna stran: <a href=\"https:\/\/www.interconex.com\/\" target=\"_blank\" rel=\"noopener\">https:\/\/www.interconex.com\/<\/a><\/p>\n<h2><strong>3. Intermove Ltd<\/strong><\/h2>\n<p><img loading=\"lazy\" decoding=\"async\" class=\"alignnone size-full wp-image-11346\" src=\"https:\/\/moverdb.com\/wp-content\/uploads\/Intermove-Danbury-international-moving-company.png\" alt=\"Intermove Danbury mednarodna selitev podjetje\" width=\"1440\" height=\"680\" data-wp-pid=\"11346\" srcset=\"https:\/\/moverdb.com\/wp-content\/uploads\/Intermove-Danbury-international-moving-company.png 1440w, https:\/\/moverdb.com\/wp-content\/uploads\/Intermove-Danbury-international-moving-company-300x142.png 300w, https:\/\/moverdb.com\/wp-content\/uploads\/Intermove-Danbury-international-moving-company-1024x484.png 1024w, https:\/\/moverdb.com\/wp-content\/uploads\/Intermove-Danbury-international-moving-company-18x9.png 18w, https:\/\/moverdb.com\/wp-content\/uploads\/Intermove-Danbury-international-moving-company-600x283.png 600w\" sizes=\"auto, (max-width: 1440px) 100vw, 1440px\" \/><\/p>\n<ul>\n<li>Mednarodne selitve<\/li>\n<li>Selitve gospodinjstev<\/li>\n<li>Selitve podjetij<\/li>\n<li>Storitev od vrat do vrat<\/li>\n<li>Brezpla\u010dna ocena<\/li>\n<li>Virtualna pomo\u010d in pomo\u010d na kraju samem<\/li>\n<li>Letalski, pomorski in kopenski prevoz<\/li>\n<li>Podpora za dokumentacijo<\/li>\n<li>Zavarovanje<\/li>\n<\/ul>\n<p>Intermove Ltd je mednarodno podjetje za selitev in premestitev, ki je bilo ustanovljeno leta 1977 in ima sede\u017e v Danburyju. Ima mre\u017eo zaupanja vrednih mednarodnih selitvenih podjetij, ki jim pomagajo pri zagotavljanju storitev od vrat do vrat po vsem svetu. Je \u010dlan zdru\u017eenja IAM s 46-letnimi izku\u0161njami.<\/p>\n<p>Dru\u017eba Intermove Ltd ponuja brezpla\u010dno oceno z nasveti in podporo svojih strokovnjakov za mednarodne selitve, in sicer virtualno ali na kraju samem za mednarodne selitve. Poskrbeli bodo za varen prevoz va\u0161ih stvari po zraku, morju ali kopnem in vam pomagali pri urejanju dokumentacije. Zagotavljajo zavarovalno kritje za profesionalno zapakirane tovore.<\/p>\n<p>Spletna stran: <a href=\"https:\/\/www.intermove.com\/\" target=\"_blank\" rel=\"noopener\">https:\/\/www.intermove.com\/<\/a><\/p>","protected":false},"excerpt":{"rendered":"<p>Planning and managing your move can be stressful so getting a moving company in to pack and transport your belongings can ease the pressure. Below we have compiled a list of Danbury based removal companies that are members of the International Association of Movers (IAM) and\/or FIDI Accredited International Mover (FAIM) who could assist you [&hellip;]<\/p>\n","protected":false},"author":4,"featured_media":11296,"parent":190,"menu_order":0,"comment_status":"closed","ping_status":"closed","template":"","meta":{"_genesis_hide_title":false,"_genesis_hide_breadcrumbs":false,"_genesis_hide_singular_image":false,"_genesis_hide_footer_widgets":false,"_genesis_custom_body_class":"","_genesis_custom_post_class":"","_genesis_layout":"","footnotes":""},"class_list":{"0":"post-11558","1":"page","2":"type-page","3":"status-publish","4":"has-post-thumbnail","6":"entry"},"_links":{"self":[{"href":"https:\/\/moverdb.com\/sl\/wp-json\/wp\/v2\/pages\/11558","targetHints":{"allow":["GET"]}}],"collection":[{"href":"https:\/\/moverdb.com\/sl\/wp-json\/wp\/v2\/pages"}],"about":[{"href":"https:\/\/moverdb.com\/sl\/wp-json\/wp\/v2\/types\/page"}],"author":[{"embeddable":true,"href":"https:\/\/moverdb.com\/sl\/wp-json\/wp\/v2\/users\/4"}],"replies":[{"embeddable":true,"href":"https:\/\/moverdb.com\/sl\/wp-json\/wp\/v2\/comments?post=11558"}],"version-history":[{"count":1,"href":"https:\/\/moverdb.com\/sl\/wp-json\/wp\/v2\/pages\/11558\/revisions"}],"predecessor-version":[{"id":11559,"href":"https:\/\/moverdb.com\/sl\/wp-json\/wp\/v2\/pages\/11558\/revisions\/11559"}],"up":[{"embeddable":true,"href":"https:\/\/moverdb.com\/sl\/wp-json\/wp\/v2\/pages\/190"}],"wp:featuredmedia":[{"embeddable":true,"href":"https:\/\/moverdb.com\/sl\/wp-json\/wp\/v2\/media\/11296"}],"wp:attachment":[{"href":"https:\/\/moverdb.com\/sl\/wp-json\/wp\/v2\/media?parent=11558"}],"curies":[{"name":"wp","href":"https:\/\/api.w.org\/{rel}","templated":true}]}}