{"id":11556,"date":"2023-11-29T10:30:30","date_gmt":"2023-11-29T10:30:30","guid":{"rendered":"https:\/\/moverdb.com\/?page_id=11556"},"modified":"2026-01-08T15:24:11","modified_gmt":"2026-01-08T15:24:11","slug":"moving-companies-us-connecticut","status":"publish","type":"page","link":"https:\/\/moverdb.com\/sl\/moving-companies\/moving-companies-us-connecticut\/","title":{"rendered":"3 Najbolj\u0161e mednarodne selitve podjetja v Connecticutu"},"content":{"rendered":"<p>\u010ce se selite, boste morda \u017eeleli uporabiti storitve <a href=\"https:\/\/moverdb.com\/sl\/moving-companies\/\" data-internallinksmanager029f6b8e52c=\"79\" title=\"Top 25 Mednarodne selitve podjetja Online\">selitev podjetja<\/a> za podporo in zmanj\u0161anje obremenitve. Pomagajo vam lahko pri na\u010drtovanju selitve, pakiranju stvari, organizaciji prevoza in urejanju carine pri mednarodnih selitvah. V nadaljevanju smo pripravili seznam <a href=\"https:\/\/moverdb.com\/sl\/moving-to-the-united-states\/moving-to-connecticut\/\" data-internallinksmanager029f6b8e52c=\"444\" title=\"Selitev v Connecticut? 2023 \u017divljenjski stro\u0161ki in nasveti za selitev\">Connecticut<\/a> . <a href=\"https:\/\/moverdb.com\/sl\/international-removals\/\" data-internallinksmanager029f6b8e52c=\"27\" title=\"36 najbolj\u0161ih podjetij za mednarodne selitve v Zdru\u017eenem kraljestvu\">podjetja za selitve<\/a> ki so \u010dlani <a href=\"https:\/\/moverdb.com\/sl\/iam\/\" data-internallinksmanager029f6b8e52c=\"23\" title=\"Pojasnila o Mednarodnem zdru\u017eenju gibalcev (IAM)\">Mednarodno zdru\u017eenje movers<\/a> (IAM) in\/ali <a href=\"https:\/\/moverdb.com\/sl\/fidi-faim\/\" data-internallinksmanager029f6b8e52c=\"16\" title=\"Pojasnila o FIDI in FAIM (FIDI Accredited International Mover)\">FIDI<\/a> akreditirani mednarodni selitveni delavci (FAIM), ki vam lahko pomagajo pri selitvi.<\/p>\n<h2><strong>1. Brimar Relocation<\/strong><\/h2>\n<p><img loading=\"lazy\" decoding=\"async\" class=\"alignnone size-full wp-image-11277\" src=\"https:\/\/moverdb.com\/wp-content\/uploads\/Brimar-Relocations-international-moving-company.png\" alt=\"Brimar Relocations mednarodna selitev podjetje\" width=\"1440\" height=\"679\" data-wp-pid=\"11277\" srcset=\"https:\/\/moverdb.com\/wp-content\/uploads\/Brimar-Relocations-international-moving-company.png 1440w, https:\/\/moverdb.com\/wp-content\/uploads\/Brimar-Relocations-international-moving-company-300x141.png 300w, https:\/\/moverdb.com\/wp-content\/uploads\/Brimar-Relocations-international-moving-company-1024x483.png 1024w, https:\/\/moverdb.com\/wp-content\/uploads\/Brimar-Relocations-international-moving-company-18x8.png 18w, https:\/\/moverdb.com\/wp-content\/uploads\/Brimar-Relocations-international-moving-company-600x283.png 600w\" sizes=\"auto, (max-width: 1440px) 100vw, 1440px\" \/><\/p>\n<ul>\n<li>Nacionalne poteze<\/li>\n<li>Mednarodne selitve<\/li>\n<li>Selitve gospodinjstev<\/li>\n<li>Selitve podjetij<\/li>\n<li>Storitev od vrat do vrat<\/li>\n<li>Ureditev prevoza<\/li>\n<li>Carinska podpora<\/li>\n<li>Rokovanje z umetninami<\/li>\n<li>Zavarovanje<\/li>\n<li>Prostori za shranjevanje<\/li>\n<\/ul>\n<p>Brimar Relocations je mednarodno podjetje, ustanovljeno leta 2007, s sede\u017eem v Stamfordu in pisarno v <a href=\"https:\/\/moverdb.com\/sl\/moving-to-france\/moving-to-paris\/\" data-internallinksmanager029f6b8e52c=\"407\" title=\"Selitev v Pariz? 2023 \u017divljenjski stro\u0161ki in nasveti za selitev\">Pariz<\/a>. Imajo razvito mre\u017eo svetovnih zastopnikov, ki jim pomagajo pri izvajanju mednarodnih selitev. So \u010dlani zdru\u017eenja IAM s 14 leti izku\u0161enj.<\/p>\n<p>Brimar Relocation ponuja nacionalne in mednarodne storitve selitve in preselitve ter je specializiran za selitve podjetij, pri \u010demer lahko poskrbi tudi za umetnine. Nudijo selitvene storitve od vrat do vrat, pri \u010demer poskrbijo za prevoz va\u0161ega premo\u017eenja do cilja, kar lahko vklju\u010duje tudi pakiranje in skladi\u0161\u010denje ter osnovno zavarovanje.<\/p>\n<p>Spletna stran: <a href=\"http:\/\/www.brimarrelo.com\" target=\"_blank\" rel=\"noopener\">http:\/\/www.brimarrelo.com<\/a><\/p>\n<h2><strong>2. Meyer<\/strong><\/h2>\n<p><img loading=\"lazy\" decoding=\"async\" class=\"alignnone size-full wp-image-11376\" src=\"https:\/\/moverdb.com\/wp-content\/uploads\/Meyer-international-moving-company.png\" alt=\"Meyer mednarodno gibljejo podjetje\" width=\"1440\" height=\"680\" data-wp-pid=\"11376\" srcset=\"https:\/\/moverdb.com\/wp-content\/uploads\/Meyer-international-moving-company.png 1440w, https:\/\/moverdb.com\/wp-content\/uploads\/Meyer-international-moving-company-300x142.png 300w, https:\/\/moverdb.com\/wp-content\/uploads\/Meyer-international-moving-company-1024x484.png 1024w, https:\/\/moverdb.com\/wp-content\/uploads\/Meyer-international-moving-company-18x9.png 18w, https:\/\/moverdb.com\/wp-content\/uploads\/Meyer-international-moving-company-600x283.png 600w\" sizes=\"auto, (max-width: 1440px) 100vw, 1440px\" \/><\/p>\n<ul>\n<li>Lokalni in dolgi premiki<\/li>\n<li>Mednarodne selitve<\/li>\n<li>Selitve stanovanjskih objektov<\/li>\n<li>Selitve pisarn<\/li>\n<li>Selitve podjetij<\/li>\n<li>Storitev od vrat do vrat<\/li>\n<li>Poseben koordinator selitve<\/li>\n<li>Mo\u017enosti pakiranja<\/li>\n<li><a href=\"https:\/\/moverdb.com\/sl\/car-transport-shipping\/\" data-internallinksmanager029f6b8e52c=\"2\" title=\"2026 Kvote za mednarodni prevoz avtomobilov in prevoz vozil\">Prevoz vozil<\/a><\/li>\n<li>Re\u0161itve za shranjevanje<\/li>\n<\/ul>\n<p>Meyer je podjetje s sede\u017eem v Stratfordu, ustanovljeno leta 1915, ki se ukvarja z logistiko, selitvami in skladi\u0161\u010denjem. Je del mre\u017ee United Van Lines, ki jim omogo\u010da dostop do selitvenih podjetij, ki jim pomagajo pri izvajanju njihovih storitev. Je \u010dlan zdru\u017eenja IAM s 108 leti izku\u0161enj.<\/p>\n<p>Meyer ponuja svetovanje o selitvi, da oceni va\u0161e zahteve in obseg selitve. Zagotavljajo vam posebnega koordinatorja selitve, ki bo kot enotna kontaktna to\u010dka vodil vse vidike va\u0161e selitve. Poiskali bodo najbolj\u0161o re\u0161itev selitve za va\u0161e potrebe in zagotovili storitev od vrat do vrat z mo\u017enostjo celotne storitve pakiranja ali samostojnega pakiranja.<\/p>\n<p>Spletna stran: <a href=\"http:\/\/www.williambmeyer.com\" target=\"_blank\" rel=\"noopener\">http:\/\/www.williambmeyer.com<\/a><\/p>\n<h2><strong>3. WorldCare Pet Transport<\/strong><\/h2>\n<p><img loading=\"lazy\" decoding=\"async\" class=\"alignnone size-full wp-image-11481\" src=\"https:\/\/moverdb.com\/wp-content\/uploads\/WorldCare-Pet-Transport-international-moving-company.png\" alt=\"WorldCare Pet Transport mednarodno podjetje za selitev\" width=\"1440\" height=\"683\" data-wp-pid=\"11481\" srcset=\"https:\/\/moverdb.com\/wp-content\/uploads\/WorldCare-Pet-Transport-international-moving-company.png 1440w, https:\/\/moverdb.com\/wp-content\/uploads\/WorldCare-Pet-Transport-international-moving-company-300x142.png 300w, https:\/\/moverdb.com\/wp-content\/uploads\/WorldCare-Pet-Transport-international-moving-company-1024x486.png 1024w, https:\/\/moverdb.com\/wp-content\/uploads\/WorldCare-Pet-Transport-international-moving-company-18x9.png 18w, https:\/\/moverdb.com\/wp-content\/uploads\/WorldCare-Pet-Transport-international-moving-company-600x285.png 600w\" sizes=\"auto, (max-width: 1440px) 100vw, 1440px\" \/><\/p>\n<ul>\n<li>Storitev po vsej dr\u017eavi<\/li>\n<li>Mednarodna storitev<\/li>\n<li>Zasebni premiki hi\u0161nih ljubljen\u010dkov<\/li>\n<li>Preselitve hi\u0161nih ljubljen\u010dkov v podjetja<\/li>\n<li>Celovita storitev<\/li>\n<li>Storitev od vrat do vrat<\/li>\n<li>Skrbijo za vse vrste hi\u0161nih ljubljen\u010dkov<\/li>\n<li>Urejanje u\u010dinkovitega prevoza<\/li>\n<li>Letalski prevozniki<\/li>\n<li>Veterinarske storitve<\/li>\n<\/ul>\n<p>WorldCare Pet Transport je mednarodno podjetje za prevoz hi\u0161nih ljubljen\u010dkov, ki deluje \u017ee ve\u010d kot 10 let. Sodelujejo s prevozniki gospodinjskih predmetov, podjetji za upravljanje selitev in kadrovskimi delavci. Registrirani so pri ameri\u0161kem ministrstvu za kmetijstvo kot takoj\u0161nji oskrbovalec. So \u010dlani zdru\u017eenja IAM z 22 leti izku\u0161enj.<\/p>\n<p>WorldCare Pet Transport ponuja celovito storitev premestitve hi\u0161nih ljubljen\u010dkov, pri \u010demer va\u0161ega ljubljen\u010dka prevzame in dostavi kamor koli po svetu. Izvede vse potovalne aran\u017emaje in zagotovi najbolj neposredne in cenovno ugodne lete ter odobrene letalske nosilce vseh velikosti. Poskrbijo za veterinarske storitve, vklju\u010dno z zdravstvenimi pregledi, vzorci krvi, spri\u010devali in mikro\u010dipi.<\/p>\n<p>Spletna stran: <a href=\"http:\/\/www.WorldCarePet.com\" target=\"_blank\" rel=\"noopener\">http:\/\/www.WorldCarePet.com<\/a><\/p>","protected":false},"excerpt":{"rendered":"<p>If you are moving, you may want to employ the services of a moving company to support and lessen the load. They can help with planning the move, packing your belongings, arranging transport and handling customs for international moves. Below we have compiled a list of Connecticut based removal companies that are members of the [&hellip;]<\/p>\n","protected":false},"author":4,"featured_media":11277,"parent":190,"menu_order":0,"comment_status":"closed","ping_status":"closed","template":"","meta":{"_genesis_hide_title":false,"_genesis_hide_breadcrumbs":false,"_genesis_hide_singular_image":false,"_genesis_hide_footer_widgets":false,"_genesis_custom_body_class":"","_genesis_custom_post_class":"","_genesis_layout":"","footnotes":""},"class_list":{"0":"post-11556","1":"page","2":"type-page","3":"status-publish","4":"has-post-thumbnail","6":"entry"},"_links":{"self":[{"href":"https:\/\/moverdb.com\/sl\/wp-json\/wp\/v2\/pages\/11556","targetHints":{"allow":["GET"]}}],"collection":[{"href":"https:\/\/moverdb.com\/sl\/wp-json\/wp\/v2\/pages"}],"about":[{"href":"https:\/\/moverdb.com\/sl\/wp-json\/wp\/v2\/types\/page"}],"author":[{"embeddable":true,"href":"https:\/\/moverdb.com\/sl\/wp-json\/wp\/v2\/users\/4"}],"replies":[{"embeddable":true,"href":"https:\/\/moverdb.com\/sl\/wp-json\/wp\/v2\/comments?post=11556"}],"version-history":[{"count":1,"href":"https:\/\/moverdb.com\/sl\/wp-json\/wp\/v2\/pages\/11556\/revisions"}],"predecessor-version":[{"id":11557,"href":"https:\/\/moverdb.com\/sl\/wp-json\/wp\/v2\/pages\/11556\/revisions\/11557"}],"up":[{"embeddable":true,"href":"https:\/\/moverdb.com\/sl\/wp-json\/wp\/v2\/pages\/190"}],"wp:featuredmedia":[{"embeddable":true,"href":"https:\/\/moverdb.com\/sl\/wp-json\/wp\/v2\/media\/11277"}],"wp:attachment":[{"href":"https:\/\/moverdb.com\/sl\/wp-json\/wp\/v2\/media?parent=11556"}],"curies":[{"name":"wp","href":"https:\/\/api.w.org\/{rel}","templated":true}]}}