{"id":11554,"date":"2023-11-29T10:46:40","date_gmt":"2023-11-29T10:46:40","guid":{"rendered":"https:\/\/moverdb.com\/?page_id=11554"},"modified":"2026-01-08T15:25:05","modified_gmt":"2026-01-08T15:25:05","slug":"moving-companies-us-colorado","status":"publish","type":"page","link":"https:\/\/moverdb.com\/sl\/moving-companies\/moving-companies-us-colorado\/","title":{"rendered":"5 najbolj\u0161ih mednarodnih selitev podjetij v Koloradu"},"content":{"rendered":"<p>Selitev je lahko stresno obdobje, saj je treba organizirati in opraviti veliko stvari, zato se lahko odlo\u010dite za storitve <a href=\"https:\/\/moverdb.com\/sl\/moving-companies\/\" data-internallinksmanager029f6b8e52c=\"79\" title=\"Top 25 Mednarodne selitve podjetja Online\">selitev podjetja<\/a> lahko pomaga zmanj\u0161ati obremenitev. Pomagajo vam lahko pri na\u010drtovanju, pakiranju, carinski ureditvi in prevozu. V nadaljevanju smo pripravili seznam <a href=\"https:\/\/moverdb.com\/sl\/moving-to-the-united-states\/moving-to-colorado\/\" data-internallinksmanager029f6b8e52c=\"399\" title=\"Selitev v Kolorado? 2023 \u017divljenjski stro\u0161ki in nasveti za selitev\">Kolorado<\/a> . <a href=\"https:\/\/moverdb.com\/sl\/international-removals\/\" data-internallinksmanager029f6b8e52c=\"27\" title=\"36 najbolj\u0161ih podjetij za mednarodne selitve v Zdru\u017eenem kraljestvu\">podjetja za selitve<\/a> ki so \u010dlani <a href=\"https:\/\/moverdb.com\/sl\/iam\/\" data-internallinksmanager029f6b8e52c=\"23\" title=\"Pojasnila o Mednarodnem zdru\u017eenju gibalcev (IAM)\">Mednarodno zdru\u017eenje movers<\/a> (IAM) in\/ali <a href=\"https:\/\/moverdb.com\/sl\/fidi-faim\/\" data-internallinksmanager029f6b8e52c=\"16\" title=\"Pojasnila o FIDI in FAIM (FIDI Accredited International Mover)\">FIDI<\/a> akreditirani mednarodni selitveni delavci (FAIM), ki vam lahko pomagajo pri selitvi.<\/p>\n<div id=\"ez-toc-container\" class=\"ez-toc-v2_0_82_2 ez-toc-wrap-left counter-hierarchy ez-toc-counter ez-toc-transparent ez-toc-container-direction\">\n<div class=\"ez-toc-title-container\">\n<p class=\"ez-toc-title\" style=\"cursor:inherit\">Oddelki<\/p>\n<span class=\"ez-toc-title-toggle\"><a href=\"#\" class=\"ez-toc-pull-right ez-toc-btn ez-toc-btn-xs ez-toc-btn-default ez-toc-toggle\" aria-label=\"Toggle Tabela vsebine\"><span class=\"ez-toc-js-icon-con\"><span class=\"\"><span class=\"eztoc-hide\" style=\"display:none;\">Toggle<\/span><span class=\"ez-toc-icon-toggle-span\"><svg style=\"fill: #999;color:#999\" xmlns=\"http:\/\/www.w3.org\/2000\/svg\" class=\"list-377408\" width=\"20px\" height=\"20px\" viewbox=\"0 0 24 24\" fill=\"none\"><path d=\"M6 6H4v2h2V6zm14 0H8v2h12V6zM4 11h2v2H4v-2zm16 0H8v2h12v-2zM4 16h2v2H4v-2zm16 0H8v2h12v-2z\" fill=\"currentColor\"><\/path><\/svg><svg style=\"fill: #999;color:#999\" class=\"arrow-unsorted-368013\" xmlns=\"http:\/\/www.w3.org\/2000\/svg\" width=\"10px\" height=\"10px\" viewbox=\"0 0 24 24\" version=\"1.2\" baseprofile=\"tiny\"><path d=\"M18.2 9.3l-6.2-6.3-6.2 6.3c-.2.2-.3.4-.3.7s.1.5.3.7c.2.2.4.3.7.3h11c.3 0 .5-.1.7-.3.2-.2.3-.5.3-.7s-.1-.5-.3-.7zM5.8 14.7l6.2 6.3 6.2-6.3c.2-.2.3-.5.3-.7s-.1-.5-.3-.7c-.2-.2-.4-.3-.7-.3h-11c-.3 0-.5.1-.7.3-.2.2-.3.5-.3.7s.1.5.3.7z\"\/><\/svg><\/span><\/span><\/span><\/a><\/span><\/div>\n<nav><ul class='ez-toc-list ez-toc-list-level-1 eztoc-toggle-hide-by-default' ><li class='ez-toc-page-1 ez-toc-heading-level-2'><a class=\"ez-toc-link ez-toc-heading-1\" href=\"https:\/\/moverdb.com\/sl\/moving-companies\/moving-companies-us-colorado\/#1_Atlantic_Relocation_Systems\" >1. Atlantic Relocation Systems<\/a><\/li><li class='ez-toc-page-1 ez-toc-heading-level-2'><a class=\"ez-toc-link ez-toc-heading-2\" href=\"https:\/\/moverdb.com\/sl\/moving-companies\/moving-companies-us-colorado\/#2_Baileys_Moving_Storage\" >2. Bailey's Moving &amp; Storage<\/a><\/li><li class='ez-toc-page-1 ez-toc-heading-level-2'><a class=\"ez-toc-link ez-toc-heading-3\" href=\"https:\/\/moverdb.com\/sl\/moving-companies\/moving-companies-us-colorado\/#3_Gallagher_Transport\" >3. Gallagher Transport<\/a><\/li><li class='ez-toc-page-1 ez-toc-heading-level-2'><a class=\"ez-toc-link ez-toc-heading-4\" href=\"https:\/\/moverdb.com\/sl\/moving-companies\/moving-companies-us-colorado\/#4_Graebel\" >4. Graebel<\/a><\/li><li class='ez-toc-page-1 ez-toc-heading-level-2'><a class=\"ez-toc-link ez-toc-heading-5\" href=\"https:\/\/moverdb.com\/sl\/moving-companies\/moving-companies-us-colorado\/#5_Johnson_Storage_Moving\" >5. Johnson Storage &amp; Moving<\/a><\/li><\/ul><\/nav><\/div>\n<h2><span class=\"ez-toc-section\" id=\"1_Atlantic_Relocation_Systems\"><\/span><strong>1. Atlantic Relocation Systems<\/strong><span class=\"ez-toc-section-end\"><\/span><\/h2>\n<p><img loading=\"lazy\" decoding=\"async\" class=\"alignnone size-full wp-image-11262\" src=\"https:\/\/moverdb.com\/wp-content\/uploads\/Atlantic-Relocation-Systems-international-moving-company.png\" alt=\"Atlantic Relocation Systems mednarodna selitev podjetje\" width=\"1440\" height=\"677\" data-wp-pid=\"11262\" srcset=\"https:\/\/moverdb.com\/wp-content\/uploads\/Atlantic-Relocation-Systems-international-moving-company.png 1440w, https:\/\/moverdb.com\/wp-content\/uploads\/Atlantic-Relocation-Systems-international-moving-company-300x141.png 300w, https:\/\/moverdb.com\/wp-content\/uploads\/Atlantic-Relocation-Systems-international-moving-company-1024x481.png 1024w, https:\/\/moverdb.com\/wp-content\/uploads\/Atlantic-Relocation-Systems-international-moving-company-18x8.png 18w, https:\/\/moverdb.com\/wp-content\/uploads\/Atlantic-Relocation-Systems-international-moving-company-600x282.png 600w\" sizes=\"auto, (max-width: 1440px) 100vw, 1440px\" \/><\/p>\n<ul>\n<li>Lokalni in dolgi premiki<\/li>\n<li>Mednarodne selitve<\/li>\n<li>Stanovanjske selitve<\/li>\n<li>Komercialne in pisarni\u0161ke selitve<\/li>\n<li>Koordinator mednarodnih selitev<\/li>\n<li>Storitev pakiranja<\/li>\n<li>Prevoz po kopnem, zraku in morju<\/li>\n<li>Podpora za dokumentacijo<\/li>\n<li>Ravnanje z umetni\u0161kimi deli<\/li>\n<li>Prostori za shranjevanje<\/li>\n<\/ul>\n<p>Atlantic Relocation Systems je podjetje, ki se ukvarja s selitvijo stanovanj in podjetij, ustanovljeno leta 1984 v <a href=\"https:\/\/moverdb.com\/sl\/moving-to-denver\/\" data-internallinksmanager029f6b8e52c=\"42\" title=\"Selitev v Denver? 2022 \u017divljenjski stro\u0161ki in nasveti za selitev\">Denver<\/a> z lokacijami v <a href=\"https:\/\/moverdb.com\/sl\/moving-to-the-united-states\/moving-to-california\/\" data-internallinksmanager029f6b8e52c=\"330\" title=\"Selitev v Kalifornijo? 2023 \u017divljenjski stro\u0161ki in nasveti za selitev\">Kalifornija<\/a>, <a href=\"https:\/\/moverdb.com\/sl\/moving-to-the-united-states\/moving-to-illinois\/\" data-internallinksmanager029f6b8e52c=\"401\" title=\"Selitev v Illinois? 2023 \u017divljenjski stro\u0161ki in nasveti za selitev\">Illinois<\/a>, <a href=\"https:\/\/moverdb.com\/sl\/moving-to-the-united-states\/moving-to-arizona\/\" data-internallinksmanager029f6b8e52c=\"385\" title=\"Selitev v Arizono? 2023 \u017divljenjski stro\u0161ki in nasveti za selitev\">Arizona<\/a>, <a href=\"https:\/\/moverdb.com\/sl\/moving-to-the-united-states\/moving-to-florida\/\" data-internallinksmanager029f6b8e52c=\"331\" title=\"Selitev na Florido? 2023 \u017divljenjski stro\u0161ki in nasveti za selitev\">Florida<\/a>, <a href=\"https:\/\/moverdb.com\/sl\/moving-to-the-united-states\/moving-to-texas\/\" data-internallinksmanager029f6b8e52c=\"397\" title=\"Selitev v Teksas? 2023 \u017divljenjski stro\u0161ki in nasveti za selitev\">Teksas<\/a> in . <a href=\"https:\/\/moverdb.com\/sl\/moving-to-the-united-states\/moving-to-georgia\/\" data-internallinksmanager029f6b8e52c=\"402\" title=\"Selitev v Gruzijo? 2023 \u017divljenjski stro\u0161ki in nasveti za selitev\">Georgia<\/a>. So zastopnik dru\u017ebe Atlas Van Lines in imajo mre\u017eo mednarodnih agentov, ki jim pomagajo pri premikih na nacionalni in mednarodni ravni. So \u010dlani zdru\u017eenja IAM s 26 leti izku\u0161enj.<\/p>\n<p>Podjetje Atlantic Relocation Systems ponuja brezpla\u010dno oceno na domu za lokalne selitve, za mednarodne selitve pa dodeli koordinatorja za mednarodne selitve. Njihovi koordinatorji selitev bodo organizirali vso logistiko va\u0161e selitve, vklju\u010dno z organizacijo prevoza in spremljajo\u010do dokumentacijo.<\/p>\n<p>Spletna stran: <a href=\"http:\/\/www.atlanticrelocation.com\/denver\/\" target=\"_blank\" rel=\"noopener\">http:\/\/www.atlanticrelocation.com\/denver\/<\/a><\/p>\n<h2><span class=\"ez-toc-section\" id=\"2_Baileys_Moving_Storage\"><\/span><strong>2. Bailey's Moving &amp; Storage<\/strong><span class=\"ez-toc-section-end\"><\/span><\/h2>\n<p><img loading=\"lazy\" decoding=\"async\" class=\"alignnone size-full wp-image-11266\" src=\"https:\/\/moverdb.com\/wp-content\/uploads\/Baileys-Moving-Storage-international-moving-company.png\" alt=\"Baileys Moving &amp; Storage mednarodno gibanje podjetje\" width=\"1440\" height=\"680\" data-wp-pid=\"11266\" srcset=\"https:\/\/moverdb.com\/wp-content\/uploads\/Baileys-Moving-Storage-international-moving-company.png 1440w, https:\/\/moverdb.com\/wp-content\/uploads\/Baileys-Moving-Storage-international-moving-company-300x142.png 300w, https:\/\/moverdb.com\/wp-content\/uploads\/Baileys-Moving-Storage-international-moving-company-1024x484.png 1024w, https:\/\/moverdb.com\/wp-content\/uploads\/Baileys-Moving-Storage-international-moving-company-18x9.png 18w, https:\/\/moverdb.com\/wp-content\/uploads\/Baileys-Moving-Storage-international-moving-company-600x283.png 600w\" sizes=\"auto, (max-width: 1440px) 100vw, 1440px\" \/><\/p>\n<ul>\n<li>Lokalni in dolgi premiki<\/li>\n<li>Mednarodne selitve<\/li>\n<li>Selitve gospodinjstev<\/li>\n<li>Poslovne poteze<\/li>\n<li>Upravljanje premikov<\/li>\n<li>Storitev pakiranja<\/li>\n<li>Ureditev prevoza<\/li>\n<li>Carinska podpora<\/li>\n<li>Zavarovanje<\/li>\n<li>Kratkoro\u010dno in dolgoro\u010dno varno skladi\u0161\u010denje<\/li>\n<\/ul>\n<p>Bailey's Moving &amp; Storage je podjetje za selitev s sede\u017eem v <a href=\"https:\/\/moverdb.com\/sl\/moving-to-the-united-states\/moving-to-utah\/\" data-internallinksmanager029f6b8e52c=\"439\" title=\"Selitev v Utah? 2023 \u017divljenjski stro\u0161ki in nasveti za selitev\">Utah<\/a> in Kolorado sta bila ustanovljena leta 1952. Imajo nacionalno in mednarodno mre\u017eo selitvenih agentov, ki jim pomagajo pri zagotavljanju storitev, in so zastopnik dru\u017ebe Allied Van Lines. So \u010dlani zdru\u017eenja IAM z 71 leti izku\u0161enj.<\/p>\n<p>Podjetje Bailey's Moving &amp; Storage ponuja brezpla\u010dno oceno selitve in vam bo zagotovilo selitev po najbolj\u0161i mo\u017eni ceni. Nudijo storitev pakiranja s strokovno usposobljenimi pakiralci, ki uporabljajo ustrezne pakirne materiale za za\u0161\u010dito va\u0161ih predmetov. Poskrbijo za prevoz va\u0161ih stvari do namembnega kraja, ne glede na to, ali gre za lokalni, meddr\u017eavni ali mednarodni prevoz.<\/p>\n<p>Spletna stran: <a href=\"https:\/\/baileysallied.com\" target=\"_blank\" rel=\"noopener\">https:\/\/baileysallied.com<\/a><\/p>\n<h2><span class=\"ez-toc-section\" id=\"3_Gallagher_Transport\"><\/span><strong>3. Gallagher Transport<\/strong><span class=\"ez-toc-section-end\"><\/span><\/h2>\n<p><img loading=\"lazy\" decoding=\"async\" class=\"alignnone size-full wp-image-11324\" src=\"https:\/\/moverdb.com\/wp-content\/uploads\/Gallagher-Transport-international-moving-company.png\" alt=\"Gallagher Transport mednarodno gibanje podjetje\" width=\"1440\" height=\"669\" data-wp-pid=\"11324\" srcset=\"https:\/\/moverdb.com\/wp-content\/uploads\/Gallagher-Transport-international-moving-company.png 1440w, https:\/\/moverdb.com\/wp-content\/uploads\/Gallagher-Transport-international-moving-company-300x139.png 300w, https:\/\/moverdb.com\/wp-content\/uploads\/Gallagher-Transport-international-moving-company-1024x476.png 1024w, https:\/\/moverdb.com\/wp-content\/uploads\/Gallagher-Transport-international-moving-company-18x8.png 18w, https:\/\/moverdb.com\/wp-content\/uploads\/Gallagher-Transport-international-moving-company-600x279.png 600w\" sizes=\"auto, (max-width: 1440px) 100vw, 1440px\" \/><\/p>\n<ul>\n<li>Nacionalni tovorni promet<\/li>\n<li>Mednarodni tovorni promet<\/li>\n<li>Upravljanje logistike<\/li>\n<li>Prilagojene re\u0161itve<\/li>\n<li>Dostava od vrat do vrat<\/li>\n<li>Prevoz po zraku, kopnem in morju<\/li>\n<li>Sledenje po\u0161iljkam<\/li>\n<li>Carinjenje<\/li>\n<li>Zavarovanje<\/li>\n<li>Prostori za shranjevanje<\/li>\n<\/ul>\n<p>Gallagher Transport je posrednik po meri in <a href=\"https:\/\/moverdb.com\/sl\/freight-forwarder\/\" data-internallinksmanager029f6b8e52c=\"17\" title=\"\u0160pediter in NVOCC Mednarodni vodnik po stro\u0161kih in podjetjih\">\u0161pediter<\/a> ustanovljena leta 1990 v <a href=\"https:\/\/moverdb.com\/sl\/moving-to-the-united-states\/moving-to-oregon\/\" data-internallinksmanager029f6b8e52c=\"395\" title=\"Selitev v Oregon? 2023 \u017divljenjski stro\u0161ki in nasveti za selitev\">Oregon<\/a> s pisarnami v Denverju, <a href=\"https:\/\/moverdb.com\/sl\/moving-to-houston\/\" data-internallinksmanager029f6b8e52c=\"47\" title=\"Selitev v Houston? 2022 \u017divljenjski stro\u0161ki in nasveti za selitev\">Houston<\/a>, <a href=\"https:\/\/moverdb.com\/sl\/moving-to-los-angeles\/\" data-internallinksmanager029f6b8e52c=\"51\" title=\"Selitev v Los Angeles? 2026 Stro\u0161ki bivanja v Los Angelesu in nasveti za selitev\">Los Angeles<\/a>, Portland in <a href=\"https:\/\/moverdb.com\/sl\/moving-to-san-francisco\/\" data-internallinksmanager029f6b8e52c=\"63\" title=\"Selitev v San Francisco? 2022 \u017divljenjski stro\u0161ki in nasveti za selitev\">San Francisco<\/a>. So \u010dlani zdru\u017eenja IAM z 29-letnimi izku\u0161njami, kar jim omogo\u010da dostop do mednarodne mre\u017ee ponudnikov selitev, ki jim pomagajo.<\/p>\n<p>Gallagher Transport zagotavlja storitve \u0161pedicije, ki vklju\u010dujejo carinsko posredovanje, vendar ne vklju\u010dujejo storitev pakiranja. Upravljajo logistiko prevoza va\u0161ih stvari od enega do drugega cilja po kopnem, zraku ali morju od vrat do vrat. Spremljali bodo po\u0161iljko in poskrbeli, da bo carinjena in zavarovana.<\/p>\n<p>Spletna stran: <a href=\"http:\/\/www.gallaghertransport.com\" target=\"_blank\" rel=\"noopener\">http:\/\/www.gallaghertransport.com<\/a><\/p>\n<h2><span class=\"ez-toc-section\" id=\"4_Graebel\"><\/span><strong>4. Graebel<\/strong><span class=\"ez-toc-section-end\"><\/span><\/h2>\n<p><img loading=\"lazy\" decoding=\"async\" class=\"alignnone size-full wp-image-11333\" src=\"https:\/\/moverdb.com\/wp-content\/uploads\/Graebel-international-moving-company.png\" alt=\"Graebel mednarodno gibanje podjetje\" width=\"1440\" height=\"678\" data-wp-pid=\"11333\" srcset=\"https:\/\/moverdb.com\/wp-content\/uploads\/Graebel-international-moving-company.png 1440w, https:\/\/moverdb.com\/wp-content\/uploads\/Graebel-international-moving-company-300x141.png 300w, https:\/\/moverdb.com\/wp-content\/uploads\/Graebel-international-moving-company-1024x482.png 1024w, https:\/\/moverdb.com\/wp-content\/uploads\/Graebel-international-moving-company-18x8.png 18w, https:\/\/moverdb.com\/wp-content\/uploads\/Graebel-international-moving-company-600x283.png 600w\" sizes=\"auto, (max-width: 1440px) 100vw, 1440px\" \/><\/p>\n<ul>\n<li>Mednarodne selitve<\/li>\n<li>Selitve gospodinjstev<\/li>\n<li>Selitve podjetij<\/li>\n<li>Osebna storitev<\/li>\n<li>Storitve pakiranja<\/li>\n<li>Storitve ob odhodu<\/li>\n<li>Destinacijske storitve<\/li>\n<li>Storitve za vselitev<\/li>\n<li>Iskanje po domovih in \u0161olah<\/li>\n<li>Storitve repatriacije<\/li>\n<\/ul>\n<p>Graebel je podjetje za upravljanje selitev, ki je bilo ustanovljeno leta 1950 in ima 16 lokacij po vsem svetu, vklju\u010dno s sede\u017eem v Denverju. V sodelovanju s \u0161tevilnimi storitvenimi partnerji preme\u0161\u010dajo gospodinjske predmete po vsem svetu v ve\u010d kot 165 dr\u017eav na \u0161estih celinah. Je \u010dlan zdru\u017eenja IAM z 69-letnimi izku\u0161njami.<\/p>\n<p>Podjetje Graebel je specializirano za premestitev zaposlenih in podporo podjetjem s svojimi programi globalne mobilnosti. Zaposlenim nudi storitve selitve, vklju\u010dno z upravljanjem prodaje stanovanja ali odpovedjo najemne pogodbe, pakiranjem, vizumi in imigracijskimi storitvami. Njihove ciljne storitve vklju\u010dujejo orientacijo, iskanje stanovanja in \u0161ole, storitve za najemnike, storitve za vselitev in razpakiranje.<\/p>\n<p>Spletna stran: <a href=\"http:\/\/www.graebel.com\" target=\"_blank\" rel=\"noopener\">http:\/\/www.graebel.com<\/a><\/p>\n<h2><span class=\"ez-toc-section\" id=\"5_Johnson_Storage_Moving\"><\/span><strong>5. Johnson Storage &amp; Moving<\/strong><span class=\"ez-toc-section-end\"><\/span><\/h2>\n<p><img loading=\"lazy\" decoding=\"async\" class=\"alignnone size-full wp-image-11356\" src=\"https:\/\/moverdb.com\/wp-content\/uploads\/Johnson-Storage-Moving-international-moving-company.png\" alt=\"Johnson Storage &amp; Moving mednarodna selitev podjetje\" width=\"1440\" height=\"677\" data-wp-pid=\"11356\" srcset=\"https:\/\/moverdb.com\/wp-content\/uploads\/Johnson-Storage-Moving-international-moving-company.png 1440w, https:\/\/moverdb.com\/wp-content\/uploads\/Johnson-Storage-Moving-international-moving-company-300x141.png 300w, https:\/\/moverdb.com\/wp-content\/uploads\/Johnson-Storage-Moving-international-moving-company-1024x481.png 1024w, https:\/\/moverdb.com\/wp-content\/uploads\/Johnson-Storage-Moving-international-moving-company-18x8.png 18w, https:\/\/moverdb.com\/wp-content\/uploads\/Johnson-Storage-Moving-international-moving-company-600x282.png 600w\" sizes=\"auto, (max-width: 1440px) 100vw, 1440px\" \/><\/p>\n<ul>\n<li>Lokalni in dolgi premiki<\/li>\n<li>Mednarodne selitve<\/li>\n<li>Stanovanjske selitve<\/li>\n<li>Komercialne in pisarni\u0161ke selitve<\/li>\n<li>Selitve podjetij<\/li>\n<li>Osebni svetovalec za selitve<\/li>\n<li>Storitev pakiranja<\/li>\n<li>Ureditev prevoza<\/li>\n<li>Carinjenje<\/li>\n<li>Prostori za shranjevanje<\/li>\n<\/ul>\n<p>Johnson Storage &amp; Moving je globalno logisti\u010dno podjetje, ki je bilo ustanovljeno leta 1900 v Denverju in ima lokacije v Koloradu in Kaliforniji, <a href=\"https:\/\/moverdb.com\/sl\/moving-to-the-united-states\/moving-to-kansas\/\" data-internallinksmanager029f6b8e52c=\"464\" title=\"Selitev v Kansas? 2024 \u017divljenjski stro\u0161ki in nasveti za selitev\">Kansas<\/a>, <a href=\"https:\/\/moverdb.com\/sl\/moving-to-the-united-states\/moving-to-new-mexico\/\" data-internallinksmanager029f6b8e52c=\"455\" title=\"Selitev v Novo Mehiko? 2024 \u017divljenjski stro\u0161ki in nasveti za selitev\">Nova Mehika<\/a>, Teksas, <a href=\"https:\/\/moverdb.com\/sl\/moving-to-the-united-states\/moving-to-wyoming\/\" data-internallinksmanager029f6b8e52c=\"449\" title=\"Selitev v Wyoming? 2024 \u017divljenjski stro\u0161ki in nasveti za selitev\">Wyoming<\/a> in . <a href=\"https:\/\/moverdb.com\/sl\/moving-to-the-united-states\/moving-to-missouri\/\" data-internallinksmanager029f6b8e52c=\"460\" title=\"Selitev v Missouri? 2024 \u017divljenjski stro\u0161ki in nasveti za selitev\">Missouri<\/a>. So \u010dlani dru\u017eb United Van Lines in Mayflower Transit, kar zagotavlja ve\u010djo pokritost na celotnem <a href=\"https:\/\/moverdb.com\/sl\/moving-to-the-united-states\/\" data-internallinksmanager029f6b8e52c=\"94\" title=\"Selitev v Zdru\u017eene dr\u017eave Amerike? 2022 \u017divljenjski stro\u0161ki in nasveti za selitev\">ZDA<\/a>. So \u010dlani zdru\u017eenja IAM s 123 leti izku\u0161enj in imajo akreditacijo FIDI.<\/p>\n<p>Podjetje Johnson Storage &amp; Moving ponuja brezpla\u010dno ponudbo na domu ali virtualno ponudbo in vam bo zagotovilo osebnega svetovalca za selitev, ki vam bo pomagal na vsakem koraku. Izdelal bo osebni na\u010drt selitve, ki bo ustrezal va\u0161im potrebam. Nudijo popolno storitev pakiranja in poskrbijo za carinjenje.<\/p>\n<p>Spletna stran: <a href=\"https:\/\/www.johnsonstorage.com\" target=\"_blank\" rel=\"noopener\">https:\/\/www.johnsonstorage.com<\/a><\/p>","protected":false},"excerpt":{"rendered":"<p>Moving can be a stressful time with so many things to organise and do, so engaging the services of a moving company could help reduce the load. They can assist with planning, packing, customs arrangements and transportation. Below we have compiled a list of Colorado based removal companies that are members of the International Association [&hellip;]<\/p>\n","protected":false},"author":4,"featured_media":11262,"parent":190,"menu_order":0,"comment_status":"closed","ping_status":"closed","template":"","meta":{"_genesis_hide_title":false,"_genesis_hide_breadcrumbs":false,"_genesis_hide_singular_image":false,"_genesis_hide_footer_widgets":false,"_genesis_custom_body_class":"","_genesis_custom_post_class":"","_genesis_layout":"","footnotes":""},"class_list":{"0":"post-11554","1":"page","2":"type-page","3":"status-publish","4":"has-post-thumbnail","6":"entry"},"_links":{"self":[{"href":"https:\/\/moverdb.com\/sl\/wp-json\/wp\/v2\/pages\/11554","targetHints":{"allow":["GET"]}}],"collection":[{"href":"https:\/\/moverdb.com\/sl\/wp-json\/wp\/v2\/pages"}],"about":[{"href":"https:\/\/moverdb.com\/sl\/wp-json\/wp\/v2\/types\/page"}],"author":[{"embeddable":true,"href":"https:\/\/moverdb.com\/sl\/wp-json\/wp\/v2\/users\/4"}],"replies":[{"embeddable":true,"href":"https:\/\/moverdb.com\/sl\/wp-json\/wp\/v2\/comments?post=11554"}],"version-history":[{"count":1,"href":"https:\/\/moverdb.com\/sl\/wp-json\/wp\/v2\/pages\/11554\/revisions"}],"predecessor-version":[{"id":11555,"href":"https:\/\/moverdb.com\/sl\/wp-json\/wp\/v2\/pages\/11554\/revisions\/11555"}],"up":[{"embeddable":true,"href":"https:\/\/moverdb.com\/sl\/wp-json\/wp\/v2\/pages\/190"}],"wp:featuredmedia":[{"embeddable":true,"href":"https:\/\/moverdb.com\/sl\/wp-json\/wp\/v2\/media\/11262"}],"wp:attachment":[{"href":"https:\/\/moverdb.com\/sl\/wp-json\/wp\/v2\/media?parent=11554"}],"curies":[{"name":"wp","href":"https:\/\/api.w.org\/{rel}","templated":true}]}}