{"id":11550,"date":"2023-11-29T10:24:26","date_gmt":"2023-11-29T10:24:26","guid":{"rendered":"https:\/\/moverdb.com\/?page_id=11550"},"modified":"2026-01-08T15:23:37","modified_gmt":"2026-01-08T15:23:37","slug":"moving-companies-us-arizona","status":"publish","type":"page","link":"https:\/\/moverdb.com\/sl\/moving-companies\/moving-companies-us-arizona\/","title":{"rendered":"2 Najbolj\u0161a mednarodna selitvena podjetja v Arizoni"},"content":{"rendered":"<p>Selitev je lahko eno od najbolj stresnih obdobij v \u017eivljenju, zakaj bi se je lotili sami? <a href=\"https:\/\/moverdb.com\/sl\/moving-companies\/\" data-internallinksmanager029f6b8e52c=\"79\" title=\"Top 25 Mednarodne selitve podjetja Online\">Selitvena podjetja<\/a> po potrebi lahko pomaga pri organizaciji, pakiranju, prevozu in carini. V nadaljevanju smo pripravili seznam <a href=\"https:\/\/moverdb.com\/sl\/moving-to-the-united-states\/moving-to-arizona\/\" data-internallinksmanager029f6b8e52c=\"385\" title=\"Selitev v Arizono? 2023 \u017divljenjski stro\u0161ki in nasveti za selitev\">Arizona<\/a> . <a href=\"https:\/\/moverdb.com\/sl\/international-removals\/\" data-internallinksmanager029f6b8e52c=\"27\" title=\"36 najbolj\u0161ih podjetij za mednarodne selitve v Zdru\u017eenem kraljestvu\">podjetja za selitve<\/a> ki so \u010dlani <a href=\"https:\/\/moverdb.com\/sl\/iam\/\" data-internallinksmanager029f6b8e52c=\"23\" title=\"Pojasnila o Mednarodnem zdru\u017eenju gibalcev (IAM)\">Mednarodno zdru\u017eenje movers<\/a> (IAM) in\/ali <a href=\"https:\/\/moverdb.com\/sl\/fidi-faim\/\" data-internallinksmanager029f6b8e52c=\"16\" title=\"Pojasnila o FIDI in FAIM (FIDI Accredited International Mover)\">FIDI<\/a> akreditirani mednarodni selitveni delavci (FAIM), ki vam lahko pomagajo pri selitvi.<\/p>\n<h2><strong>1. Atlantic Relocation Systems<\/strong><\/h2>\n<p><img loading=\"lazy\" decoding=\"async\" class=\"alignnone size-full wp-image-11262\" src=\"https:\/\/moverdb.com\/wp-content\/uploads\/Atlantic-Relocation-Systems-international-moving-company.png\" alt=\"Atlantic Relocation Systems mednarodna selitev podjetje\" width=\"1440\" height=\"677\" data-wp-pid=\"11262\" srcset=\"https:\/\/moverdb.com\/wp-content\/uploads\/Atlantic-Relocation-Systems-international-moving-company.png 1440w, https:\/\/moverdb.com\/wp-content\/uploads\/Atlantic-Relocation-Systems-international-moving-company-300x141.png 300w, https:\/\/moverdb.com\/wp-content\/uploads\/Atlantic-Relocation-Systems-international-moving-company-1024x481.png 1024w, https:\/\/moverdb.com\/wp-content\/uploads\/Atlantic-Relocation-Systems-international-moving-company-18x8.png 18w, https:\/\/moverdb.com\/wp-content\/uploads\/Atlantic-Relocation-Systems-international-moving-company-600x282.png 600w\" sizes=\"auto, (max-width: 1440px) 100vw, 1440px\" \/><\/p>\n<ul>\n<li>Lokalni in dolgi premiki<\/li>\n<li>Mednarodne selitve<\/li>\n<li>Stanovanjske selitve<\/li>\n<li>Komercialne in pisarni\u0161ke selitve<\/li>\n<li>Koordinator za mednarodno selitev<\/li>\n<li>Storitve pakiranja<\/li>\n<li>Cestni, zra\u010dni in pomorski prevoz<\/li>\n<li>Podpora z dokumentacijo<\/li>\n<li>Rokovanje z umetninami<\/li>\n<li>Varno shranjevanje<\/li>\n<\/ul>\n<p>Atlantic Relocation Systems je podjetje, ki je bilo ustanovljeno leta 1984 in ima 13 lokacij v <a href=\"https:\/\/moverdb.com\/sl\/moving-to-phoenix\/\" data-internallinksmanager029f6b8e52c=\"62\" title=\"Selitev v Phoenix? 2022 \u017divljenjski stro\u0161ki in nasveti za selitev\">Phoenix<\/a> kot tudi <a href=\"https:\/\/moverdb.com\/sl\/moving-to-the-united-states\/moving-to-georgia\/\" data-internallinksmanager029f6b8e52c=\"402\" title=\"Selitev v Gruzijo? 2023 \u017divljenjski stro\u0161ki in nasveti za selitev\">Georgia<\/a>, <a href=\"https:\/\/moverdb.com\/sl\/moving-to-the-united-states\/moving-to-florida\/\" data-internallinksmanager029f6b8e52c=\"331\" title=\"Selitev na Florido? 2023 \u017divljenjski stro\u0161ki in nasveti za selitev\">Florida<\/a>, <a href=\"https:\/\/moverdb.com\/sl\/moving-to-the-united-states\/moving-to-illinois\/\" data-internallinksmanager029f6b8e52c=\"401\" title=\"Selitev v Illinois? 2023 \u017divljenjski stro\u0161ki in nasveti za selitev\">Illinois<\/a>, <a href=\"https:\/\/moverdb.com\/sl\/moving-to-the-united-states\/moving-to-colorado\/\" data-internallinksmanager029f6b8e52c=\"399\" title=\"Selitev v Kolorado? 2023 \u017divljenjski stro\u0161ki in nasveti za selitev\">Kolorado<\/a>, <a href=\"https:\/\/moverdb.com\/sl\/moving-to-the-united-states\/moving-to-texas\/\" data-internallinksmanager029f6b8e52c=\"397\" title=\"Selitev v Teksas? 2023 \u017divljenjski stro\u0161ki in nasveti za selitev\">Teksas<\/a>, <a href=\"https:\/\/moverdb.com\/sl\/moving-to-the-united-states\/moving-to-indiana\/\" data-internallinksmanager029f6b8e52c=\"445\" title=\"Selitev v Indiano? 2023 \u017divljenjski stro\u0161ki in nasveti za selitev\">Indiana<\/a> in Washington. So del podjetja Atlas Van Lines, ki zagotavlja pokritost na celotnem obmo\u010dju <a href=\"https:\/\/moverdb.com\/sl\/moving-to-the-united-states\/\" data-internallinksmanager029f6b8e52c=\"94\" title=\"Selitev v Zdru\u017eene dr\u017eave Amerike? 2022 \u017divljenjski stro\u0161ki in nasveti za selitev\">ZDA<\/a> in imajo mednarodno mre\u017eo selitvenih agentov. So \u010dlani zdru\u017eenja IAM s 33-letnimi izku\u0161njami.<\/p>\n<p>Podjetje Atlantic Relocation Systems ponuja brezpla\u010dno oceno na domu za lokalne selitve. Za selitve v tujino zagotavljajo koordinatorja za mednarodno selitev, ki bo va\u0161a enotna kontaktna to\u010dka in bo vodil vse vidike selitve. Organiziral bo pakiranje in nakladanje stvari, tako da bodo varno prispele na cilj.<\/p>\n<p>Spletna stran: <a href=\"http:\/\/www.atlanticrelocation.com\/phoenix\/\" target=\"_blank\" rel=\"noopener\">http:\/\/www.atlanticrelocation.com\/phoenix\/<\/a><\/p>\n<h2><strong>2. Re\u0161itve za globalno mobilnost<\/strong><\/h2>\n<p><img loading=\"lazy\" decoding=\"async\" class=\"alignnone size-full wp-image-11326\" src=\"https:\/\/moverdb.com\/wp-content\/uploads\/Global-Mobility-Solutions-international-moving-company.png\" alt=\"Global Mobility Solutions mednarodno gibljejo podjetje\" width=\"1440\" height=\"676\" data-wp-pid=\"11326\" srcset=\"https:\/\/moverdb.com\/wp-content\/uploads\/Global-Mobility-Solutions-international-moving-company.png 1440w, https:\/\/moverdb.com\/wp-content\/uploads\/Global-Mobility-Solutions-international-moving-company-300x141.png 300w, https:\/\/moverdb.com\/wp-content\/uploads\/Global-Mobility-Solutions-international-moving-company-1024x481.png 1024w, https:\/\/moverdb.com\/wp-content\/uploads\/Global-Mobility-Solutions-international-moving-company-18x8.png 18w, https:\/\/moverdb.com\/wp-content\/uploads\/Global-Mobility-Solutions-international-moving-company-600x282.png 600w\" sizes=\"auto, (max-width: 1440px) 100vw, 1440px\" \/><\/p>\n<ul>\n<li>Lokalne in meddr\u017eavne selitve<\/li>\n<li>Mednarodne selitve<\/li>\n<li>Selitve podjetij<\/li>\n<li>Programi globalne mobilnosti<\/li>\n<li>Prilagojene storitve<\/li>\n<li>Podpora pred dodelitvijo<\/li>\n<li>Selitvene storitve<\/li>\n<li>Storitve za vselitev<\/li>\n<li>Prevoz hi\u0161nih ljubljen\u010dkov<\/li>\n<li>Tehnologija sledenja<\/li>\n<\/ul>\n<p>Global Mobility Solutions je podjetje za upravljanje selitev, ki je bilo ustanovljeno leta 1987 in ima sede\u017e v Scottsdalu. Storitve selitve izvaja v ve\u010d kot 140 dr\u017eavah po vsem svetu in je \u010dlan zdru\u017eenja IAM s 36-letnimi izku\u0161njami.<\/p>\n<p>Global Mobility Solutions ponuja prilagojene celovite selitvene storitve. Storitve pred premestitvijo vklju\u010dujejo vizume in priseljevanje, orientacijo in iskanje doma. Storitve pred odlo\u010ditvijo za potovanje vklju\u010dujejo kulturno in jezikovno usposabljanje, prevoz hi\u0161nih \u017eivali in po\u0161iljanje blaga. Storitve selitve vklju\u010dujejo storitve za vselitev, podporo partnerjem in namestitev v \u0161olo. Zagotavljajo tehnologijo MyRelocation, ki delodajalcem omogo\u010da upravljanje in spremljanje selitev ter pomaga racionalizirati selitve podjetij.<\/p>\n<p>Spletna stran: <a href=\"https:\/\/gmsmobility.com\/\" target=\"_blank\" rel=\"noopener\">https:\/\/gmsmobility.com\/<\/a><\/p>","protected":false},"excerpt":{"rendered":"<p>Moving can be one of the most stressful times in our lives, so why try to do it all on your own? Moving companies can help with organisation, packing, transportation and customs if required. Below we have compiled a list of Arizona based removal companies that are members of the International Association of Movers (IAM) [&hellip;]<\/p>\n","protected":false},"author":4,"featured_media":11262,"parent":190,"menu_order":0,"comment_status":"closed","ping_status":"closed","template":"","meta":{"_genesis_hide_title":false,"_genesis_hide_breadcrumbs":false,"_genesis_hide_singular_image":false,"_genesis_hide_footer_widgets":false,"_genesis_custom_body_class":"","_genesis_custom_post_class":"","_genesis_layout":"","footnotes":""},"class_list":{"0":"post-11550","1":"page","2":"type-page","3":"status-publish","4":"has-post-thumbnail","6":"entry"},"_links":{"self":[{"href":"https:\/\/moverdb.com\/sl\/wp-json\/wp\/v2\/pages\/11550","targetHints":{"allow":["GET"]}}],"collection":[{"href":"https:\/\/moverdb.com\/sl\/wp-json\/wp\/v2\/pages"}],"about":[{"href":"https:\/\/moverdb.com\/sl\/wp-json\/wp\/v2\/types\/page"}],"author":[{"embeddable":true,"href":"https:\/\/moverdb.com\/sl\/wp-json\/wp\/v2\/users\/4"}],"replies":[{"embeddable":true,"href":"https:\/\/moverdb.com\/sl\/wp-json\/wp\/v2\/comments?post=11550"}],"version-history":[{"count":1,"href":"https:\/\/moverdb.com\/sl\/wp-json\/wp\/v2\/pages\/11550\/revisions"}],"predecessor-version":[{"id":11551,"href":"https:\/\/moverdb.com\/sl\/wp-json\/wp\/v2\/pages\/11550\/revisions\/11551"}],"up":[{"embeddable":true,"href":"https:\/\/moverdb.com\/sl\/wp-json\/wp\/v2\/pages\/190"}],"wp:featuredmedia":[{"embeddable":true,"href":"https:\/\/moverdb.com\/sl\/wp-json\/wp\/v2\/media\/11262"}],"wp:attachment":[{"href":"https:\/\/moverdb.com\/sl\/wp-json\/wp\/v2\/media?parent=11550"}],"curies":[{"name":"wp","href":"https:\/\/api.w.org\/{rel}","templated":true}]}}