{"id":11546,"date":"2023-11-29T10:47:36","date_gmt":"2023-11-29T10:47:36","guid":{"rendered":"https:\/\/moverdb.com\/?page_id=11546"},"modified":"2026-01-08T15:25:02","modified_gmt":"2026-01-08T15:25:02","slug":"moving-companies-us-alaska","status":"publish","type":"page","link":"https:\/\/moverdb.com\/sl\/moving-companies\/moving-companies-us-alaska\/","title":{"rendered":"5 najbolj\u0161ih mednarodnih selitvenih podjetij na Aljaski"},"content":{"rendered":"<p>\u010ce trenutno \u017eivite v <a href=\"https:\/\/moverdb.com\/sl\/moving-to-the-united-states\/moving-to-alaska\/\" data-internallinksmanager029f6b8e52c=\"384\" title=\"Selitev na Aljasko? 2023 \u017divljenjski stro\u0161ki in nasveti za selitev\">Aljaska<\/a> in na\u010drtujete selitev ali se na Aljasko selite iz tujine, boste za pomo\u010d morda \u017eeleli najeti selitveno podjetje. <a href=\"https:\/\/moverdb.com\/sl\/moving-companies\/\" data-internallinksmanager029f6b8e52c=\"79\" title=\"Top 25 Mednarodne selitve podjetja Online\">Selitvena podjetja<\/a> vam lahko s pakiranjem, natovarjanjem in prevozom va\u0161ih stvari olaj\u0161a breme in pritisk. V nadaljevanju smo pripravili seznam podjetij s sede\u017eem na Aljaski <a href=\"https:\/\/moverdb.com\/sl\/international-removals\/\" data-internallinksmanager029f6b8e52c=\"27\" title=\"36 najbolj\u0161ih podjetij za mednarodne selitve v Zdru\u017eenem kraljestvu\">podjetja za selitve<\/a> ki so \u010dlani <a href=\"https:\/\/moverdb.com\/sl\/iam\/\" data-internallinksmanager029f6b8e52c=\"23\" title=\"Pojasnila o Mednarodnem zdru\u017eenju gibalcev (IAM)\">Mednarodno zdru\u017eenje movers<\/a> (IAM) in\/ali <a href=\"https:\/\/moverdb.com\/sl\/fidi-faim\/\" data-internallinksmanager029f6b8e52c=\"16\" title=\"Pojasnila o FIDI in FAIM (FIDI Accredited International Mover)\">FIDI<\/a> akreditirani mednarodni selitveni urad (FAIM), ki vam lahko pomaga pri selitvi.<\/p>\n<div id=\"ez-toc-container\" class=\"ez-toc-v2_0_83 ez-toc-wrap-left counter-hierarchy ez-toc-counter ez-toc-transparent ez-toc-container-direction\">\n<div class=\"ez-toc-title-container\">\n<p class=\"ez-toc-title\" style=\"cursor:inherit\">Oddelki<\/p>\n<span class=\"ez-toc-title-toggle\"><a href=\"#\" class=\"ez-toc-pull-right ez-toc-btn ez-toc-btn-xs ez-toc-btn-default ez-toc-toggle\" aria-label=\"Toggle Tabela vsebine\"><span class=\"ez-toc-js-icon-con\"><span class=\"\"><span class=\"eztoc-hide\" style=\"display:none;\">Toggle<\/span><span class=\"ez-toc-icon-toggle-span\"><svg style=\"fill: #999;color:#999\" xmlns=\"http:\/\/www.w3.org\/2000\/svg\" class=\"list-377408\" width=\"20px\" height=\"20px\" viewbox=\"0 0 24 24\" fill=\"none\"><path d=\"M6 6H4v2h2V6zm14 0H8v2h12V6zM4 11h2v2H4v-2zm16 0H8v2h12v-2zM4 16h2v2H4v-2zm16 0H8v2h12v-2z\" fill=\"currentColor\"><\/path><\/svg><svg style=\"fill: #999;color:#999\" class=\"arrow-unsorted-368013\" xmlns=\"http:\/\/www.w3.org\/2000\/svg\" width=\"10px\" height=\"10px\" viewbox=\"0 0 24 24\" version=\"1.2\" baseprofile=\"tiny\"><path d=\"M18.2 9.3l-6.2-6.3-6.2 6.3c-.2.2-.3.4-.3.7s.1.5.3.7c.2.2.4.3.7.3h11c.3 0 .5-.1.7-.3.2-.2.3-.5.3-.7s-.1-.5-.3-.7zM5.8 14.7l6.2 6.3 6.2-6.3c.2-.2.3-.5.3-.7s-.1-.5-.3-.7c-.2-.2-.4-.3-.7-.3h-11c-.3 0-.5.1-.7.3-.2.2-.3.5-.3.7s.1.5.3.7z\"\/><\/svg><\/span><\/span><\/span><\/a><\/span><\/div>\n<nav><ul class='ez-toc-list ez-toc-list-level-1 eztoc-toggle-hide-by-default' ><li class='ez-toc-page-1 ez-toc-heading-level-2'><a class=\"ez-toc-link ez-toc-heading-1\" href=\"https:\/\/moverdb.com\/sl\/moving-companies\/moving-companies-us-alaska\/#1_Alisons_Relocations\" >1. Premestitve dru\u017ebe Alisons<\/a><\/li><li class='ez-toc-page-1 ez-toc-heading-level-2'><a class=\"ez-toc-link ez-toc-heading-2\" href=\"https:\/\/moverdb.com\/sl\/moving-companies\/moving-companies-us-alaska\/#2_Continental_Van_Lines\" >2. Continental Van Lines<\/a><\/li><li class='ez-toc-page-1 ez-toc-heading-level-2'><a class=\"ez-toc-link ez-toc-heading-3\" href=\"https:\/\/moverdb.com\/sl\/moving-companies\/moving-companies-us-alaska\/#3_Golden_North_Van_Lines\" >3. Golden North Van Lines<\/a><\/li><li class='ez-toc-page-1 ez-toc-heading-level-2'><a class=\"ez-toc-link ez-toc-heading-4\" href=\"https:\/\/moverdb.com\/sl\/moving-companies\/moving-companies-us-alaska\/#4_Royal_Alaskan_Movers\" >4. Royal Alaskan Movers<\/a><\/li><li class='ez-toc-page-1 ez-toc-heading-level-2'><a class=\"ez-toc-link ez-toc-heading-5\" href=\"https:\/\/moverdb.com\/sl\/moving-companies\/moving-companies-us-alaska\/#5_Sourdough_Express\" >5. Sourdough Express<\/a><\/li><\/ul><\/nav><\/div>\n<h2><span class=\"ez-toc-section\" id=\"1_Alisons_Relocations\"><\/span><strong>1. Premestitve dru\u017ebe Alisons<\/strong><span class=\"ez-toc-section-end\"><\/span><\/h2>\n<p><img loading=\"lazy\" decoding=\"async\" class=\"alignnone size-full wp-image-11250\" src=\"https:\/\/moverdb.com\/wp-content\/uploads\/Alisons-Relocation-international-moving-company.png\" alt=\"Alisons Relocation mednarodna selitev podjetja\" width=\"1440\" height=\"678\" data-wp-pid=\"11250\" srcset=\"https:\/\/moverdb.com\/wp-content\/uploads\/Alisons-Relocation-international-moving-company.png 1440w, https:\/\/moverdb.com\/wp-content\/uploads\/Alisons-Relocation-international-moving-company-300x141.png 300w, https:\/\/moverdb.com\/wp-content\/uploads\/Alisons-Relocation-international-moving-company-1024x482.png 1024w, https:\/\/moverdb.com\/wp-content\/uploads\/Alisons-Relocation-international-moving-company-18x8.png 18w, https:\/\/moverdb.com\/wp-content\/uploads\/Alisons-Relocation-international-moving-company-600x283.png 600w\" sizes=\"auto, (max-width: 1440px) 100vw, 1440px\" \/><\/p>\n<ul>\n<li>Nacionalne poteze<\/li>\n<li>Mednarodne selitve<\/li>\n<li>Stanovanjske selitve<\/li>\n<li>Pisarni\u0161ke in industrijske selitve<\/li>\n<li>Selitev podjetja<\/li>\n<li>Storitev od vrat do vrat<\/li>\n<li>Mo\u017enosti pakiranja<\/li>\n<li>Prevoz po morju, zraku, tovornjakih in \u017eeleznici<\/li>\n<li>Carinsko posredovanje<\/li>\n<li>Prostori za shranjevanje<\/li>\n<\/ul>\n<p>Alison's Relocations je podjetje za selitev in skladi\u0161\u010denje, ustanovljeno leta 1998 v Anchorageu. Je \u010dlan zdru\u017eenja IAM s 26-letnimi izku\u0161njami, ki jim zagotavlja podporo mednarodne mre\u017ee selitvenih agentov.<\/p>\n<p>Podjetje Alison's Relocations ponuja selitvene storitve od vrat do vrat z eno kontaktno to\u010dko. Ponujajo izbiro storitev pakiranja, ki vklju\u010dujejo popolno storitev, delno pakiranje za krhke predmete in pohi\u0161tvo, lastno pakiranje ter mo\u017enost lastnega pakiranja in natovarjanja. Njihova storitev pakiranja bo pohi\u0161tvo podlo\u017eila in zavila ter varno zapakirala vse blago, ki ga je mogo\u010de zapakirati v \u0161katle. Prevozijo va\u0161e stvari in spremljajo njihovo gibanje v svojem sistemu za upravljanje selitev ter poskrbijo za carino.<\/p>\n<p>Spletna stran: <a href=\"https:\/\/alisonsrelo.com\/\" target=\"_blank\" rel=\"noopener\">https:\/\/alisonsrelo.com\/<\/a><\/p>\n<h2><span class=\"ez-toc-section\" id=\"2_Continental_Van_Lines\"><\/span><strong>2. Continental Van Lines<\/strong><span class=\"ez-toc-section-end\"><\/span><\/h2>\n<p><img loading=\"lazy\" decoding=\"async\" class=\"alignnone size-full wp-image-11295\" src=\"https:\/\/moverdb.com\/wp-content\/uploads\/Continental-Van-Lines-moving-company.png\" alt=\"Continental Van Lines selitev podjetje\" width=\"1440\" height=\"680\" data-wp-pid=\"11295\" srcset=\"https:\/\/moverdb.com\/wp-content\/uploads\/Continental-Van-Lines-moving-company.png 1440w, https:\/\/moverdb.com\/wp-content\/uploads\/Continental-Van-Lines-moving-company-300x142.png 300w, https:\/\/moverdb.com\/wp-content\/uploads\/Continental-Van-Lines-moving-company-1024x484.png 1024w, https:\/\/moverdb.com\/wp-content\/uploads\/Continental-Van-Lines-moving-company-18x9.png 18w, https:\/\/moverdb.com\/wp-content\/uploads\/Continental-Van-Lines-moving-company-600x283.png 600w\" sizes=\"auto, (max-width: 1440px) 100vw, 1440px\" \/><\/p>\n<ul>\n<li>Nacionalne poteze<\/li>\n<li>Mednarodne selitve<\/li>\n<li>Stanovanjske selitve<\/li>\n<li>Poslovne poteze<\/li>\n<li>Storitev od vrat do vrat<\/li>\n<li>Podpora za pakiranje<\/li>\n<li>Ureditev prevoza<\/li>\n<li>Pomo\u010d pri carinjenju<\/li>\n<li>Prevoz vozil<\/li>\n<li>Prostori za shranjevanje<\/li>\n<\/ul>\n<p>Continental Van Lines je podjetje s celovitimi storitvami, ki je bilo ustanovljeno leta 1952 in ima lokacije v mestih Anchorage, Fife in Tacoma. Je \u010dlan zdru\u017eenja IAM s 77 leti izku\u0161enj in je akreditirano pri FIDI. So tudi del mre\u017e, vklju\u010dno z Van Lines, kar jim omogo\u010da sodelovanje z mednarodnimi mre\u017eami selitvenih agentov.<\/p>\n<p>Koordinatorji selitev dru\u017ebe Continental Van Lines bodo pripravili na\u010drt selitve po meri, ki bo ustrezal va\u0161im potrebam in prora\u010dunu, ne glede na to, ali gre za selitev \"naredi sam\" ali za celovito re\u0161itev v belih rokavicah. Nudijo celovito pakiranje in razpakiranje, razstavljanje in ponovno sestavljanje pohi\u0161tva ter storitve pakiranja v zaboj\u010dke.<\/p>\n<p>Spletna stran: <a href=\"https:\/\/www.continentalvan.com\/international-mover\/\" target=\"_blank\" rel=\"noopener\">https:\/\/www.continentalvan.com\/international-mover\/<\/a><\/p>\n<h2><span class=\"ez-toc-section\" id=\"3_Golden_North_Van_Lines\"><\/span><strong>3. Golden North Van Lines<\/strong><span class=\"ez-toc-section-end\"><\/span><\/h2>\n<p><img loading=\"lazy\" decoding=\"async\" class=\"alignnone size-full wp-image-11329\" src=\"https:\/\/moverdb.com\/wp-content\/uploads\/Golden-North-Van-Lines-international-moving-company.png\" alt=\"Golden North Van Lines mednarodno podjetje za selitev\" width=\"1440\" height=\"681\" data-wp-pid=\"11329\" srcset=\"https:\/\/moverdb.com\/wp-content\/uploads\/Golden-North-Van-Lines-international-moving-company.png 1440w, https:\/\/moverdb.com\/wp-content\/uploads\/Golden-North-Van-Lines-international-moving-company-300x142.png 300w, https:\/\/moverdb.com\/wp-content\/uploads\/Golden-North-Van-Lines-international-moving-company-1024x484.png 1024w, https:\/\/moverdb.com\/wp-content\/uploads\/Golden-North-Van-Lines-international-moving-company-18x9.png 18w, https:\/\/moverdb.com\/wp-content\/uploads\/Golden-North-Van-Lines-international-moving-company-600x284.png 600w\" sizes=\"auto, (max-width: 1440px) 100vw, 1440px\" \/><\/p>\n<ul>\n<li>Nacionalne poteze<\/li>\n<li>Mednarodne selitve<\/li>\n<li>Stanovanjske selitve<\/li>\n<li>Komercialne in pisarni\u0161ke selitve<\/li>\n<li>Prilagojene storitve<\/li>\n<li>Storitev pakiranja<\/li>\n<li>Ureditev prevoza<\/li>\n<li>Carinska podpora<\/li>\n<li>Storitve Concierge<\/li>\n<li>Kratkoro\u010dno in dolgoro\u010dno skladi\u0161\u010denje<\/li>\n<\/ul>\n<p>Golden North Van Lines je podjetje, ki je bilo ustanovljeno leta 1976 in ima pisarne v Anchorageu in Fairbanksu. Je zastopnik podjetja Van Lines in ima dostop do mednarodne mre\u017ee selitvenih podjetij za pomo\u010d pri selitvah po vsem svetu. Je \u010dlan zdru\u017eenja IAM z 49-letnimi izku\u0161njami.<\/p>\n<p>Dru\u017eba Golden North Van Lines ponuja prilagojene storitve selitve in preselitve na nacionalni in mednarodni ravni. Njihove selitvene storitve vklju\u010dujejo selitvene storitve za gospodinjstva in podjetja v stilu concierge. Nudijo storitev pakiranja za za\u0161\u010dito va\u0161ih predmetov med prevozom in poskrbijo za varen prevoz va\u0161ih stvari do cilja.<\/p>\n<p>Spletna stran: <a href=\"https:\/\/www.goldennorthvanlines.com\/\" target=\"_blank\" rel=\"noopener\">https:\/\/www.goldennorthvanlines.com\/<\/a><\/p>\n<h2><span class=\"ez-toc-section\" id=\"4_Royal_Alaskan_Movers\"><\/span><strong>4. Royal Alaskan Movers<\/strong><span class=\"ez-toc-section-end\"><\/span><\/h2>\n<p><img loading=\"lazy\" decoding=\"async\" class=\"alignnone size-full wp-image-11428\" src=\"https:\/\/moverdb.com\/wp-content\/uploads\/Royal-Alaskan-Movers-international-moving-company.png\" alt=\"Royal Alaskan Movers mednarodno gibljejo podjetje\" width=\"1440\" height=\"680\" data-wp-pid=\"11428\" srcset=\"https:\/\/moverdb.com\/wp-content\/uploads\/Royal-Alaskan-Movers-international-moving-company.png 1440w, https:\/\/moverdb.com\/wp-content\/uploads\/Royal-Alaskan-Movers-international-moving-company-300x142.png 300w, https:\/\/moverdb.com\/wp-content\/uploads\/Royal-Alaskan-Movers-international-moving-company-1024x484.png 1024w, https:\/\/moverdb.com\/wp-content\/uploads\/Royal-Alaskan-Movers-international-moving-company-18x9.png 18w, https:\/\/moverdb.com\/wp-content\/uploads\/Royal-Alaskan-Movers-international-moving-company-600x283.png 600w\" sizes=\"auto, (max-width: 1440px) 100vw, 1440px\" \/><\/p>\n<ul>\n<li>Lokalne in nacionalne selitve<\/li>\n<li>Mednarodne selitve<\/li>\n<li>Selitve gospodinjstev<\/li>\n<li>Selitve podjetij<\/li>\n<li>Osebna storitev<\/li>\n<li>Na\u010drt selitve<\/li>\n<li>Storitev pakiranja<\/li>\n<li>Kopenski, pomorski in zra\u010dni prevoz<\/li>\n<li>Prevoz vozil<\/li>\n<li>Prostori za shranjevanje<\/li>\n<\/ul>\n<p>Podjetje Royal Alaskan Movers je bilo ustanovljeno leta 2010 in ima sede\u017e v Anchorageu. So del podjetja The DeWitt Companies, ki jim zagotavlja globalne izku\u0161nje in podporo pri selitvah. S 13 leti izku\u0161enj so \u010dlani zdru\u017eenja IAM.<\/p>\n<p>Royal Alaskan Movers ponuja prilagojeno storitev selitve z virtualnim pregledom, ki oceni va\u0161e zahteve za selitev in vam ponudi ponudbo. Poiskali bodo naju\u010dinkovitej\u0161o in cenovno najugodnej\u0161o mo\u017enost selitve in skladi\u0161\u010denja, ki bo ustrezala va\u0161im potrebam. Nudijo celovito storitev pakiranja in vam ob prihodu zavijejo pohi\u0161tvo ter ga razpakirajo. Zagotovijo popis in poskrbijo za prevoz do va\u0161ega namembnega kraja.<\/p>\n<p>Spletna stran: <a href=\"https:\/\/www.royalalaskanmovers.com\/\" target=\"_blank\" rel=\"noopener\">https:\/\/www.royalalaskanmovers.com\/<\/a><\/p>\n<h2><span class=\"ez-toc-section\" id=\"5_Sourdough_Express\"><\/span><strong>5. Sourdough Express<\/strong><span class=\"ez-toc-section-end\"><\/span><\/h2>\n<p><img loading=\"lazy\" decoding=\"async\" class=\"alignnone size-full wp-image-11447\" src=\"https:\/\/moverdb.com\/wp-content\/uploads\/Sordough-Express-international-moving-company.png\" alt=\"Sourdough Express mednarodno gibljejo podjetje\" width=\"1440\" height=\"680\" data-wp-pid=\"11447\" srcset=\"https:\/\/moverdb.com\/wp-content\/uploads\/Sordough-Express-international-moving-company.png 1440w, https:\/\/moverdb.com\/wp-content\/uploads\/Sordough-Express-international-moving-company-300x142.png 300w, https:\/\/moverdb.com\/wp-content\/uploads\/Sordough-Express-international-moving-company-1024x484.png 1024w, https:\/\/moverdb.com\/wp-content\/uploads\/Sordough-Express-international-moving-company-18x9.png 18w, https:\/\/moverdb.com\/wp-content\/uploads\/Sordough-Express-international-moving-company-600x283.png 600w\" sizes=\"auto, (max-width: 1440px) 100vw, 1440px\" \/><\/p>\n<ul>\n<li>Lokalne in meddr\u017eavne selitve<\/li>\n<li>Mednarodne selitve<\/li>\n<li>Stanovanjske selitve<\/li>\n<li>Selitve podjetij in pisarn<\/li>\n<li>premestitve zaposlenih<\/li>\n<li>Anketa pred selitvijo<\/li>\n<li>Na\u010drt premikanja po meri<\/li>\n<li>Storitev pakiranja<\/li>\n<li>Ureditev prevoza9<\/li>\n<li>Prostori za shranjevanje<\/li>\n<\/ul>\n<p>Sourdough Express je podjetje s sede\u017eem v Anchorageu in Fairbanksu, ki je bilo ustanovljeno leta 1898. Je \u010dlan zdru\u017eenja IAM s 125 leti izku\u0161enj, kar jim omogo\u010da dostop do svetovne mre\u017ee selitvenih podjetij, ki jim lahko pomagajo.<\/p>\n<p>Podjetje Sourdough Express bo pred selitvijo opravilo raziskavo, s katero bo ugotovilo va\u0161e zahteve glede selitve, nato pa izdelalo na\u010drt selitve in pakiranja po meri za vsak korak va\u0161e selitve. Nudijo storitev pakiranja, pri kateri uporabljajo profesionalne pakirce, ki so usposobljeni za za\u0161\u010dito va\u0161ih stvari med prevozom. Pri selitvah pisarn vam bo na voljo svetovalec za selitve, ki vam bo pomagal zmanj\u0161ati \u010das izpada podjetja.<\/p>\n<p>Spletna stran: <a href=\"https:\/\/sourdoughexpress.com\/\" target=\"_blank\" rel=\"noopener\">https:\/\/sourdoughexpress.com\/<\/a><\/p>","protected":false},"excerpt":{"rendered":"<p>If you currently live in Alaska and are planning a move or are moving to Alaska from abroad, you might want to engage the services of a moving company to assist you. Moving companies can lighten the load and pressure on you by packing, loading and transporting your belongings. Below we have compiled a list [&hellip;]<\/p>\n","protected":false},"author":4,"featured_media":11250,"parent":190,"menu_order":0,"comment_status":"closed","ping_status":"closed","template":"","meta":{"_genesis_hide_title":false,"_genesis_hide_breadcrumbs":false,"_genesis_hide_singular_image":false,"_genesis_hide_footer_widgets":false,"_genesis_custom_body_class":"","_genesis_custom_post_class":"","_genesis_layout":"","footnotes":""},"class_list":{"0":"post-11546","1":"page","2":"type-page","3":"status-publish","4":"has-post-thumbnail","6":"entry"},"_links":{"self":[{"href":"https:\/\/moverdb.com\/sl\/wp-json\/wp\/v2\/pages\/11546","targetHints":{"allow":["GET"]}}],"collection":[{"href":"https:\/\/moverdb.com\/sl\/wp-json\/wp\/v2\/pages"}],"about":[{"href":"https:\/\/moverdb.com\/sl\/wp-json\/wp\/v2\/types\/page"}],"author":[{"embeddable":true,"href":"https:\/\/moverdb.com\/sl\/wp-json\/wp\/v2\/users\/4"}],"replies":[{"embeddable":true,"href":"https:\/\/moverdb.com\/sl\/wp-json\/wp\/v2\/comments?post=11546"}],"version-history":[{"count":1,"href":"https:\/\/moverdb.com\/sl\/wp-json\/wp\/v2\/pages\/11546\/revisions"}],"predecessor-version":[{"id":11547,"href":"https:\/\/moverdb.com\/sl\/wp-json\/wp\/v2\/pages\/11546\/revisions\/11547"}],"up":[{"embeddable":true,"href":"https:\/\/moverdb.com\/sl\/wp-json\/wp\/v2\/pages\/190"}],"wp:featuredmedia":[{"embeddable":true,"href":"https:\/\/moverdb.com\/sl\/wp-json\/wp\/v2\/media\/11250"}],"wp:attachment":[{"href":"https:\/\/moverdb.com\/sl\/wp-json\/wp\/v2\/media?parent=11546"}],"curies":[{"name":"wp","href":"https:\/\/api.w.org\/{rel}","templated":true}]}}