{"id":11544,"date":"2023-11-22T15:47:33","date_gmt":"2023-11-22T15:47:33","guid":{"rendered":"https:\/\/moverdb.com\/?page_id=11544"},"modified":"2026-01-08T15:29:46","modified_gmt":"2026-01-08T15:29:46","slug":"moving-companies-alabama","status":"publish","type":"page","link":"https:\/\/moverdb.com\/sl\/moving-companies\/moving-companies-alabama\/","title":{"rendered":"Najbolj\u0161a mednarodna selitvena podjetja v Alabami"},"content":{"rendered":"<p>Samostojno vodenje selitve, zlasti mednarodne, je lahko zelo naporno. Vklju\u010ditev <a href=\"https:\/\/moverdb.com\/sl\/moving-companies\/\" data-internallinksmanager029f6b8e52c=\"79\" title=\"Top 25 Mednarodne selitve podjetja Online\">selitev podjetja<\/a> da za vas delno ali v celoti opravi selitev, vam lahko olaj\u0161a delo. V nadaljevanju smo pripravili seznam <a href=\"https:\/\/moverdb.com\/sl\/moving-to-the-united-states\/moving-to-alabama\/\" data-internallinksmanager029f6b8e52c=\"448\" title=\"Selitev v Alabamo? 2024 \u017divljenjski stro\u0161ki in nasveti za selitev\">Alabama<\/a> . <a href=\"https:\/\/moverdb.com\/sl\/international-removals\/\" data-internallinksmanager029f6b8e52c=\"27\" title=\"36 najbolj\u0161ih podjetij za mednarodne selitve v Zdru\u017eenem kraljestvu\">podjetja za selitve<\/a> ki so \u010dlani <a href=\"https:\/\/moverdb.com\/sl\/iam\/\" data-internallinksmanager029f6b8e52c=\"23\" title=\"Pojasnila o Mednarodnem zdru\u017eenju gibalcev (IAM)\">Mednarodno zdru\u017eenje movers<\/a> (IAM) in\/ali <a href=\"https:\/\/moverdb.com\/sl\/fidi-faim\/\" data-internallinksmanager029f6b8e52c=\"16\" title=\"Pojasnila o FIDI in FAIM (FIDI Accredited International Mover)\">FIDI<\/a> akreditirani mednarodni selitveni urad (FAIM), ki vam lahko pomaga pri selitvi.<\/p>\n<p><strong>Coleman Worldwide Moving<\/strong><\/p>\n<p><img loading=\"lazy\" decoding=\"async\" class=\"alignnone size-full wp-image-11289\" src=\"https:\/\/moverdb.com\/wp-content\/uploads\/Coleman-Worldwide-Moving-international-moving-company.png\" alt=\"Coleman Worldwide Moving mednarodno gibanje podjetje\" width=\"1440\" height=\"676\" data-wp-pid=\"11289\" srcset=\"https:\/\/moverdb.com\/wp-content\/uploads\/Coleman-Worldwide-Moving-international-moving-company.png 1440w, https:\/\/moverdb.com\/wp-content\/uploads\/Coleman-Worldwide-Moving-international-moving-company-300x141.png 300w, https:\/\/moverdb.com\/wp-content\/uploads\/Coleman-Worldwide-Moving-international-moving-company-1024x481.png 1024w, https:\/\/moverdb.com\/wp-content\/uploads\/Coleman-Worldwide-Moving-international-moving-company-18x8.png 18w, https:\/\/moverdb.com\/wp-content\/uploads\/Coleman-Worldwide-Moving-international-moving-company-600x282.png 600w\" sizes=\"auto, (max-width: 1440px) 100vw, 1440px\" \/><\/p>\n<ul>\n<li>Lokalni in dolgi premiki<\/li>\n<li>Mednarodne selitve<\/li>\n<li>Selitve gospodinjstev<\/li>\n<li>Komercialne in pisarni\u0161ke selitve<\/li>\n<li>Selitve podjetij<\/li>\n<li>Koordinator premikanja<\/li>\n<li>Storitev pakiranja<\/li>\n<li>Obdelava umetnin in starin<\/li>\n<li><a href=\"https:\/\/moverdb.com\/sl\/car-transport-shipping\/\" data-internallinksmanager029f6b8e52c=\"2\" title=\"2026 Kvote za mednarodni prevoz avtomobilov in prevoz vozil\">Prevoz vozil<\/a><\/li>\n<li>Kratkoro\u010dno in dolgoro\u010dno skladi\u0161\u010denje<\/li>\n<\/ul>\n<p>Coleman Worldwide Moving je podjetje, ki je bilo ustanovljeno leta 1914 in ima sede\u017e v Madisonu. Opravljajo storitve za velik del <a href=\"https:\/\/moverdb.com\/sl\/moving-to-the-united-states\/\" data-internallinksmanager029f6b8e52c=\"94\" title=\"Selitev v Zdru\u017eene dr\u017eave Amerike? 2022 \u017divljenjski stro\u0161ki in nasveti za selitev\">ZDA<\/a> v svoji obse\u017eni mre\u017ei pisarn ter mednarodno v 175 dr\u017eavah prek partnerstva s podjetjem Allied. Je \u010dlan zdru\u017eenja IAM s 109 leti izku\u0161enj.<\/p>\n<p>Dru\u017eba Coleman Worldwide Moving ponuja video ali osebno raziskavo z enim od svojih strokovnjakov za selitev, da oceni va\u0161e zahteve za selitev. Svoje storitve bodo prilagodili va\u0161im potrebam. Nudijo popolno storitev pakiranja z zaboji po meri in razpakiranjem ob prihodu. Ponujajo tudi dodatne storitve, vklju\u010dno z ravnanjem z umetninami, prevozom vozil in skladi\u0161\u010denjem.<\/p>\n<p>Spletna stran: <a href=\"https:\/\/www.colemanallied.com\/\" target=\"_blank\" rel=\"noopener\">https:\/\/www.colemanallied.com\/<\/a><\/p>","protected":false},"excerpt":{"rendered":"<p>Managing a move on your own, especially an international one, can be overwhelming. Engaging a moving company to do some or all of the move for you can ease the load. Below we have compiled a list of Alabama based removal companies that are members of the International Association of Movers (IAM) and\/or FIDI Accredited [&hellip;]<\/p>\n","protected":false},"author":4,"featured_media":11289,"parent":190,"menu_order":0,"comment_status":"closed","ping_status":"closed","template":"","meta":{"_genesis_hide_title":false,"_genesis_hide_breadcrumbs":false,"_genesis_hide_singular_image":false,"_genesis_hide_footer_widgets":false,"_genesis_custom_body_class":"","_genesis_custom_post_class":"","_genesis_layout":"","footnotes":""},"class_list":{"0":"post-11544","1":"page","2":"type-page","3":"status-publish","4":"has-post-thumbnail","6":"entry"},"_links":{"self":[{"href":"https:\/\/moverdb.com\/sl\/wp-json\/wp\/v2\/pages\/11544","targetHints":{"allow":["GET"]}}],"collection":[{"href":"https:\/\/moverdb.com\/sl\/wp-json\/wp\/v2\/pages"}],"about":[{"href":"https:\/\/moverdb.com\/sl\/wp-json\/wp\/v2\/types\/page"}],"author":[{"embeddable":true,"href":"https:\/\/moverdb.com\/sl\/wp-json\/wp\/v2\/users\/4"}],"replies":[{"embeddable":true,"href":"https:\/\/moverdb.com\/sl\/wp-json\/wp\/v2\/comments?post=11544"}],"version-history":[{"count":1,"href":"https:\/\/moverdb.com\/sl\/wp-json\/wp\/v2\/pages\/11544\/revisions"}],"predecessor-version":[{"id":11545,"href":"https:\/\/moverdb.com\/sl\/wp-json\/wp\/v2\/pages\/11544\/revisions\/11545"}],"up":[{"embeddable":true,"href":"https:\/\/moverdb.com\/sl\/wp-json\/wp\/v2\/pages\/190"}],"wp:featuredmedia":[{"embeddable":true,"href":"https:\/\/moverdb.com\/sl\/wp-json\/wp\/v2\/media\/11289"}],"wp:attachment":[{"href":"https:\/\/moverdb.com\/sl\/wp-json\/wp\/v2\/media?parent=11544"}],"curies":[{"name":"wp","href":"https:\/\/api.w.org\/{rel}","templated":true}]}}