{"id":1076,"date":"2016-08-05T14:53:04","date_gmt":"2016-08-05T14:53:04","guid":{"rendered":"http:\/\/moverdb.com\/?page_id=1076"},"modified":"2026-01-08T15:30:39","modified_gmt":"2026-01-08T15:30:39","slug":"wheaton","status":"publish","type":"page","link":"https:\/\/moverdb.com\/sl\/wheaton\/","title":{"rendered":"Wheaton World Wide Moving: Mednarodne storitve in ocene"},"content":{"rendered":"<p>Podjetje Wheaton World Wide Moving (prej Wheaton Van Lines) svojim strankam ponuja vrsto storitev, od mednarodnih do lokalnih selitev. Te so navedene spodaj, skupaj s profilom podjetja in pregledi.<\/p>\n<p><strong>Mednarodni premiki in pomo\u010d pri selitvi<\/strong><\/p>\n<ul>\n<li> Premikanje od vrat do vrat<\/li>\n<li> Pakiranje - storite sami, krhki predmeti ali celotna storitev pakiranja<\/li>\n<li> razstavljanje in ponovno sestavljanje pohi\u0161tva<\/li>\n<li> Premestitev hi\u0161nih ljubljen\u010dkov<\/li>\n<li> <a href=\"https:\/\/moverdb.com\/sl\/avto-transport-spedicija\/\">Prevoz in premestitev vozil<\/a><\/li>\n<li> Storitve za priseljevanje<\/li>\n<li> Medkulturno usposabljanje<\/li>\n<li> Jezikovno usposabljanje<\/li>\n<li> Storitve prodaje stanovanj<\/li>\n<li> Upravljanje nepremi\u010dnin<\/li>\n<li> Storitve za predogled potovanja<\/li>\n<li> Pomo\u010d pri iskanju doma<\/li>\n<li> Iskanje \u0161ole<\/li>\n<li> Usmeritve po prihodu<\/li>\n<li> Karierna podpora partnerjev<\/li>\n<li> Storitve pomo\u010dnika in gospodinjske pomo\u010di<\/li>\n<li> Najem pohi\u0161tva<\/li>\n<li> Podpora pri dodelitvi<\/li>\n<\/ul>\n<p><strong>Selitve podjetij<\/strong><\/p>\n<ul>\n<li> Wheatonovi partnerji, Crown Relocation, pomagajo pri selitvah<\/li>\n<\/ul>\n<p><strong>Vladni in voja\u0161ki premiki<\/strong><\/p>\n<p><strong>Premiki gospodinjstev<\/strong><\/p>\n<ul>\n<li> Mre\u017ea 350 zastopnikov v <a href=\"https:\/\/moverdb.com\/sl\/moving-to-the-united-states\/\" data-internallinksmanager029f6b8e52c=\"94\" title=\"Selitev v Zdru\u017eene dr\u017eave Amerike? 2022 \u017divljenjski stro\u0161ki in nasveti za selitev\">Zdru\u017eene dr\u017eave Amerike<\/a><\/li>\n<li> Pakiranje in razpakiranje<\/li>\n<li> Posebna embala\u017ea za ob\u010dutljivo elektroniko<\/li>\n<li> Prevoz<\/li>\n<li> Skladi\u0161\u010denje, \u010de je potrebno<\/li>\n<\/ul>\n<p><strong>Specializirani in komercialni premiki<\/strong><\/p>\n<ul>\n<li> Pisarne in industrija<\/li>\n<li> Gostinstvo<\/li>\n<li> Posebno blago<\/li>\n<li> Komercialni selitev<\/li>\n<\/ul>\n<p><strong>Shranjevanje<\/strong><\/p>\n<ul>\n<li> Dolgoro\u010dno<\/li>\n<li> Kratkoro\u010dno<\/li>\n<li> 207 najsodobnej\u0161ih skladi\u0161\u010d v 58 dr\u017eavah<\/li>\n<\/ul>\n<h2>Wheaton Worldwide Moving Profil podjetja<\/h2>\n<p>Dru\u017ebo Wheaton Van Lines je leta 1945 ustanovil Earnest S. Wheaton in se je prvotno imenovala Clipper Van Lines. Podjetje je najprej oskrbovalo 22 zveznih dr\u017eav na vzhodu ZDA, v petdesetih letih prej\u0161njega stoletja pa se je s \u0161iritvijo za\u010delo ukvarjati ne le s celotno dr\u017eavo, temve\u010d tudi z mednarodnimi selitvami.<\/p>\n<p>V osemdesetih letih prej\u0161njega stoletja se je dru\u017eba Wheaton Van Lines preimenovala v Wheaton Worldwide Moving. Sede\u017e podjetja je v Indianapolisu v zvezni dr\u017eavi IN. Podjetje Wheaton si prizadeva ohranjati izjemno visoke standarde ter v ta namen spremlja in analizira podatke. Zelo resno jemlje tudi ocene strank in \u017ee 25 let zbira povratne informacije strank, da bi ostalo na vrhu.<\/p>\n<p>Dru\u017eba Wheaton Worldwide Moving se vra\u010da v skupnost prek razli\u010dnih dobrodelnih organizacij. Je tudi podjetje, ki si nenehno prizadeva zmanj\u0161ati svoj oglji\u010dni odtis.<\/p>\n<p>Wheaton Worldwide Moving ima naslednje akreditacije in povezave:<\/p>\n<ul>\n<li> <a href=\"https:\/\/moverdb.com\/sl\/amsa\/\">Ameri\u0161ko zdru\u017eenje za selitve in skladi\u0161\u010denje<\/a> (<a href=\"https:\/\/moverdb.com\/sl\/amsa\/\" data-internallinksmanager029f6b8e52c=\"5\" title=\"Pojasnila o ameri\u0161kem zdru\u017eenju za selitve in skladi\u0161\u010denje (AMSA)\">AMSA<\/a>) - <a href=\"https:\/\/moverdb.com\/sl\/obrocnik\/\">ProMover<\/a><\/li>\n<li> Nacionalno zdru\u017eenje mened\u017eerjev starej\u0161ih (NASMM)<\/li>\n<li> Akreditirano podjetje Better Business Bureau (BBB) A+<\/li>\n<\/ul>\n<h2>Wheaton Worldwide Moving Mnenja<\/h2>\n<p><strong>Pozitivno:<\/strong><\/p>\n<ul>\n<li> \"<em>Dobra dru\u017eba. Dobra vrednost. Ponovno bi ga uporabil.\"<\/em> - David X prek <a href=\"http:\/\/www.yelp.com\/biz\/wheaton-world-wide-moving-indianapolis-5?hrid=i8pH5fVrzdWhgdFkPaCnlQ&#038;utm_campaign=www_review_share_popup&#038;utm_medium=copy_link&#038;utm_source=(direct)\" target=\"_blank\" rel=\"noopener\">Yelp<\/a><\/li>\n<li> \"<em>Wheatonovo osebje v <a href=\"https:\/\/moverdb.com\/sl\/selitev-v-houston\/\">Houston<\/a> postali moji angeli v zelo te\u017ekem obdobju mojega \u017eivljenja.\"<\/em> - Bonnie M prek <a href=\"http:\/\/www.bbb.org\/indy\/business-reviews\/movers\/wheaton-world-wide-moving-in-indianapolis-in-22485\/customer-reviews\" target=\"_blank\" rel=\"noopener\">BBB<\/a> <\/li>\n<li> \"<em>Od za\u010detka do konca so bili samo najbolj\u0161i.\"<\/em> - Judith via <a href=\"http:\/\/www.mymovingreviews.com\/movers\/wheaton-van-lines-255#54528\" target=\"_blank\" rel=\"noopener\">MyMovingReviews.com<\/a><\/li>\n<li> \"<em>\u017de prej smo uporabljali storitev Wheaton moving in imeli zelo dobro selitev, zato smo vedeli, koga poklicati, ko je pri\u0161el \u010das za ponovno selitev.\"<\/em> - Freddy Lancaster prek <a href=\"http:\/\/reviewamover.com\/review\/Moving-Companies-Reviews\/WHEATON-WORLD-WIDE-53.php?PHPSESSID=a21a9bd572e803d73fcb5f1f02487590\" target=\"_blank\" rel=\"noopener\">Pregled-A-Mover<\/a> <\/li>\n<\/ul>\n<p><strong>Negativno:<\/strong><\/p>\n<ul>\n<li> <em>\"Wheaton ponovno zavra\u010da odgovornost za uni\u010dene predmete. Izgovori se vrstijo eden za drugim in vsak je manj smiseln od prej\u0161njega.\"<\/em> - Amy T prek <a href=\"http:\/\/www.yelp.com\/biz\/wheaton-world-wide-moving-indianapolis-5?hrid=vRowN7GuFHy3k0yM5ijpgA&#038;utm_campaign=www_review_share_popup&#038;utm_medium=copy_link&#038;utm_source=(direct)\" target=\"_blank\" rel=\"noopener\">Yelp<\/a> <\/li>\n<li> \"<em>Od za\u010detka do konca je bilo to podjetje najslab\u0161e <a href=\"https:\/\/moverdb.com\/sl\/moving-companies\/\" data-internallinksmanager029f6b8e52c=\"79\" title=\"Top 25 Mednarodne selitve podjetja Online\">selitev podjetja<\/a> s katerim sva imela opravka, v najinem zakonu pa je bilo \u017ee ve\u010d kot 6 profesionalnih selitev.\"<\/em> - Nikki F prek <a href=\"http:\/\/www.bbb.org\/indy\/business-reviews\/movers\/wheaton-world-wide-moving-in-indianapolis-in-22485\/customer-reviews\" target=\"_blank\" rel=\"noopener\">BBB<\/a><\/li>\n<li> \"<em>Povedali so nam, da je zaradi obsega na\u0161ega gospodinjstva potrebna celotna prikolica in da so za to tudi pla\u010dali. Namesto tega so na\u0161emu tovoru dodali \u0161e drugi tovor, kar je povzro\u010dilo, da so predmeti ostali zadaj, posode in naprave pa so bile zme\u010dkane, po\u0161kodovane, izgubljene in uni\u010dene ...\"<\/em> - Anthony prek <a href=\"http:\/\/www.mymovingreviews.com\/movers\/wheaton-van-lines-255#51475\" target=\"_blank\" rel=\"noopener\">MyMovingReviews.com<\/a> <\/li>\n<li> <em>\"Bodite previdni, pobegnite, preden najamete to podjetje.\"<\/em> - David Gutierrez prek <a href=\"http:\/\/reviewamover.com\/review\/reviewer\/davidrafael770.php?PHPSESSID=e2ea8ab20529fed2960f446a83923af0\" target=\"_blank\" rel=\"noopener\">Pregled-A-Mover<\/a> <\/li>\n<\/ul>\n<div itemprop=\"review\" itemscope itemtype=\"http:\/\/schema.org\/Review\">\n<span itemprop=\"author\" itemscope=\"\" itemtype=\"http:\/\/schema.org\/Organization\"><span itemprop=\"name\">MoverDB.com<\/span><\/span> Spletni pregled spletnega mesta za <span itemprop=\"itemreviewed\" itemscope=\"\" itemtype=\"http:\/\/schema.org\/Brand\"><span itemprop=\"name\">Wheaton Worldwide Moving<\/span><\/span>:<\/p>\n<ol>\n<li> Jasni kontaktni podatki na spletnem mestu (vklju\u010dno s telefonsko \u0161tevilko): <strong>Da<\/strong><\/li>\n<li> Enostavno pridobivanje <a href=\"https:\/\/moverdb.com\/sl\/citati\/\">mednarodne selitvene ponudbe<\/a>? (Spletni obrazec za zahtevek za oceno): <strong>Da<\/strong><\/li>\n<li> Jasne informacije na spletnem mestu: <strong>Da,<\/strong> na spletnem mestu je veliko vodnikov in virov.<\/li>\n<li> \u010clanstvo v mednarodno priznanih organizacijah, ki se ukvarjajo z gibanjem: <strong>Da<\/strong>, glej zgoraj<\/li>\n<li> Seznam strank in\/ali pri\u010devanja prej\u0161njih strank. <strong>Da,<\/strong> Ocene in pri\u010devanja strank so za podjetje zelo pomembni.<\/li>\n<\/ol>\n<div itemprop=\"reviewRating\" itemscope itemtype=\"http:\/\/schema.org\/Rating\"><meta itemprop=\"worstRating\" content = \"0\" \/><meta itemprop=\"bestRating\" content=\"5\" \/><meta itemprop=\"ratingValue\" content=\"5\"><\/div>\n<p><strong>Skupna ocena: 5\/5<\/strong><br \/>\n<strong>Datum pregleda:<\/strong> <span itemprop=\"datePublished\" content=\"2016-08-05\">05\/08\/2016<\/span>\n<\/div>\n<p>Preberite ve\u010d o <a href=\"https:\/\/moverdb.com\/sl\/selitev-podjetja\/\">mednarodna selitvena podjetja<\/a>, <a href=\"https:\/\/moverdb.com\/sl\/nas-kanada-premikovalci\/\">ZDA &amp; kanadski selitev podjetja<\/a> in na\u0161e <a href=\"https:\/\/moverdb.com\/sl\/pregledi\/\">postopek pregleda<\/a>.<\/p>\n<p><strong>Spletna stran:<\/strong> <a href=\"https:\/\/www.wheatonworldwide.com\/\" target=\"_blank\" rel=\"noopener\">https:\/\/www.wheatonworldwide.com<\/a><\/p>","protected":false},"excerpt":{"rendered":"<p>Wheaton World Wide Moving (formerly Wheaton Van Lines) offers its clients a range of services from international moves to local moves. These are listed below, together with a company profile and reviews. International Moves and Relocation Assistance Door to door moving Packing &#8211; do it yourself, fragile items or full service packing Disassembling and reassembling [&hellip;]<\/p>\n","protected":false},"author":1,"featured_media":0,"parent":0,"menu_order":0,"comment_status":"closed","ping_status":"closed","template":"","meta":{"_genesis_hide_title":false,"_genesis_hide_breadcrumbs":false,"_genesis_hide_singular_image":false,"_genesis_hide_footer_widgets":false,"_genesis_custom_body_class":"","_genesis_custom_post_class":"","_genesis_layout":"","footnotes":""},"class_list":{"0":"post-1076","1":"page","2":"type-page","3":"status-publish","5":"entry"},"_links":{"self":[{"href":"https:\/\/moverdb.com\/sl\/wp-json\/wp\/v2\/pages\/1076","targetHints":{"allow":["GET"]}}],"collection":[{"href":"https:\/\/moverdb.com\/sl\/wp-json\/wp\/v2\/pages"}],"about":[{"href":"https:\/\/moverdb.com\/sl\/wp-json\/wp\/v2\/types\/page"}],"author":[{"embeddable":true,"href":"https:\/\/moverdb.com\/sl\/wp-json\/wp\/v2\/users\/1"}],"replies":[{"embeddable":true,"href":"https:\/\/moverdb.com\/sl\/wp-json\/wp\/v2\/comments?post=1076"}],"version-history":[{"count":7,"href":"https:\/\/moverdb.com\/sl\/wp-json\/wp\/v2\/pages\/1076\/revisions"}],"predecessor-version":[{"id":6251,"href":"https:\/\/moverdb.com\/sl\/wp-json\/wp\/v2\/pages\/1076\/revisions\/6251"}],"wp:attachment":[{"href":"https:\/\/moverdb.com\/sl\/wp-json\/wp\/v2\/media?parent=1076"}],"curies":[{"name":"wp","href":"https:\/\/api.w.org\/{rel}","templated":true}]}}