{"id":1075,"date":"2016-08-04T14:25:42","date_gmt":"2016-08-04T14:25:42","guid":{"rendered":"http:\/\/moverdb.com\/?page_id=1075"},"modified":"2026-01-08T15:20:29","modified_gmt":"2026-01-08T15:20:29","slug":"north-american-van-lines","status":"publish","type":"page","link":"https:\/\/moverdb.com\/sl\/north-american-van-lines\/","title":{"rendered":"North American Van Lines: International Moving Reviews"},"content":{"rendered":"<p>Dru\u017eba North American Van Lines svojim strankam ponuja storitve za mednarodne, korporativne in doma\u010de selitve. V nadaljevanju sledi seznam teh storitev, profil podjetja in ocene.<\/p>\n<p><strong>Mednarodna selitev za posameznike in podjetja<\/strong><\/p>\n<ul>\n<li> Storitev od vrat do vrat<\/li>\n<li> Pakiranje, oblazinjenje in za\u0161\u010dita stvari<\/li>\n<li> razstavljanje pohi\u0161tva<\/li>\n<li> <a href=\"https:\/\/moverdb.com\/sl\/kontejnersko-posiljanje\/\">Ladijski zabojniki<\/a> za vsako aplikacijo<\/li>\n<li> Nasveti o tem, kaj spakirati in kaj prodati za stro\u0161kovno u\u010dinkovitost<\/li>\n<li> Pomo\u010d pri carinjenju<\/li>\n<li> Dostava in sestavljanje pohi\u0161tva<\/li>\n<li> 24\/7 spletno sledenje odpremi<\/li>\n<li> Program za za\u0161\u010dito pri vrednotenju<\/li>\n<li> Ureditev kratkoro\u010dnega in dolgoro\u010dnega skladi\u0161\u010denja<\/li>\n<\/ul>\n<p><strong>Posebne storitve za premestitev<\/strong><\/p>\n<ul>\n<li> Pomo\u010d za nakup stanovanja in za\u010dasno bivanje<\/li>\n<li> Pomo\u010d finan\u010dnih in zavarovalni\u0161kih ponudnikov<\/li>\n<li> Medkulturno usposabljanje<\/li>\n<li> Jezikovno usposabljanje<\/li>\n<li> Napotitve v vrtce in \u0161ole<\/li>\n<li> Zdravstvena oskrba in zamenjava receptov<\/li>\n<li> Nakup avtomobilov in storitve<\/li>\n<li> Te\u010daji vo\u017enje<\/li>\n<\/ul>\n<p><strong>Selitve podjetij<\/strong><\/p>\n<ul>\n<li> Pakiranje in pakiranje<\/li>\n<li> Shranjevanje<\/li>\n<li> Po\u0161iljka<\/li>\n<li> Osebni koordinator za selitev<\/li>\n<li> Pomo\u010d pri prodaji in nakupu doma<\/li>\n<li> Usmeritev obmo\u010dja<\/li>\n<li> Pomo\u010d zakonca<\/li>\n<li> Hipotekarne storitve<\/li>\n<li> Storitve namestitve<\/li>\n<\/ul>\n<p><strong>Storitve selitve<\/strong><\/p>\n<ul>\n<li> Pakiranje in razpakiranje - opravite sami, samo krhki predmeti ali celotno pakiranje<\/li>\n<li> Velika izbira embala\u017enih materialov<\/li>\n<li> razstavljanje in ponovno sestavljanje pohi\u0161tva<\/li>\n<li> Razkladanje<\/li>\n<li> Razpakiranje, \u010de je potrebno<\/li>\n<li> Odstranjevanje odpadkov<\/li>\n<li> Dolgoro\u010dno in kratkoro\u010dno skladi\u0161\u010denje<\/li>\n<li> Premikanje gospodinjstev<\/li>\n<li> Lokalni premikanje<\/li>\n<li> Dolge razdalje, ki se gibljejo<\/li>\n<li> Voja\u0161ki selitev<\/li>\n<li> Cross Country se gibljejo<\/li>\n<li> Meddr\u017eavno gibanje<\/li>\n<li> Ekspresna majhna po\u0161iljka<\/li>\n<li> Nacionalni selitveni delavci<\/li>\n<\/ul>\n<p><strong>Specializirani premiki<\/strong><\/p>\n<ul>\n<li> Pianini<\/li>\n<li> Umetnine in starine<\/li>\n<li> \u010colni<\/li>\n<li> <a href=\"https:\/\/moverdb.com\/sl\/avto-transport-spedicija\/\">Vozila<\/a><\/li>\n<li> Zabojniki<\/li>\n<\/ul>\n<h2>Profil podjetja North American Van Lines<\/h2>\n<p>Dru\u017eba North American Van Lines je leta 1933 z 12 zastopniki prvi\u010d za\u010dela opravljati dejavnosti tovornega prometa. Pet let pozneje je imela ve\u010d kot 120 zastopnikov. Podjetje se ukvarja z lokalnimi, nacionalnimi in mednarodnimi selitvami domov in pisarn. Podjetje North American Van Lines je leta 1998 postalo h\u010derinsko podjetje dru\u017ebe SIRVA Inc. <\/p>\n<p>Podjetje ima skoraj 8.000 zaposlenih in upravlja <strong>1.694 tovornjakov<\/strong>. Ocenjuje se, da so njihova vozila prevozila <strong>37.256.707 milj<\/strong>.<\/p>\n<p>Dru\u017eba North American Van Lines ima ve\u010d kot 500 zastopnikov v Severni Ameriki. Za natan\u010dno dolo\u010danje vseh po\u0161iljk imajo satelitsko sledenje. Uporabljajo tudi tovornjake z \u017eerjavom, ki jim omogo\u010dajo natovarjanje in raztovarjanje velikih predmetov brez nakladalne rampe. <\/p>\n<p>Podjetje je uvedlo program kakovosti za usposabljanje vseh zaposlenih in zastopnikov po najvi\u0161jih mo\u017enih standardih.<\/p>\n<p>Akreditacije in povezave dru\u017ebe North American Van Lines:<\/p>\n<ul>\n<li> Skladno s carinsko-trgovinskim partnerstvom za boj proti terorizmu (C-TPAT)<\/li>\n<li> <a href=\"https:\/\/moverdb.com\/sl\/amsa\/\">Ameri\u0161ko zdru\u017eenje za selitve in skladi\u0161\u010denje<\/a> (<a href=\"https:\/\/moverdb.com\/sl\/amsa\/\" data-internallinksmanager029f6b8e52c=\"5\" title=\"Pojasnila o ameri\u0161kem zdru\u017eenju za selitve in skladi\u0161\u010denje (AMSA)\">AMSA<\/a>) - <a href=\"https:\/\/moverdb.com\/sl\/obrocnik\/\">ProMover<\/a><\/li>\n<li> Akreditirano podjetje BBB<\/li>\n<li> <a href=\"https:\/\/moverdb.com\/sl\/kanadsko-zdruzenje-prevoznikov\/\">Kanadsko zdru\u017eenje Movers<\/a> (<a href=\"https:\/\/moverdb.com\/sl\/canadian-association-of-movers\/\" data-internallinksmanager029f6b8e52c=\"11\" title=\"Pojasnila o kanadskem zdru\u017eenju movers (CAM)\">CAM<\/a>)<\/li>\n<\/ul>\n<h2>North American Van Lines Mnenja<\/h2>\n<p><strong>Pozitivno:<\/strong><\/p>\n<ul>\n<li>  <em>\"Ves \u010das se selimo in to je bila najbolj\u0161a selitev, kar smo jih imeli. \u0160e nikoli nismo imeli selitve, pri kateri bi se stvari odvijale tako dobro. Vse je bilo preprosto \u010dudovito.\"<\/em> - Justin P stranka <a href=\"https:\/\/www.northamerican.com\/\" target=\"_blank\" rel=\"noopener\">pri\u010devanje z njihove spletne strani<\/a>.<\/li>\n<li> <em>\"Vedno pravo\u010dasna, u\u010dinkovita, osebna in zelo koristna. Prijetno smo bili presene\u010deni, da so nam po natovarjanju in tehtanju na\u0161ih gufov dejansko zara\u010dunali manj od navedenega zneska! Vsekakor jih priporo\u010dam!<\/em>\" - Candace prek <a href=\"http:\/\/www.bbb.org\/northernindiana\/business-reviews\/movers\/north-american-van-lines-in-fort-wayne-in-90077877\/customer-reviews\" target=\"_blank\" rel=\"noopener\">BBB<\/a><\/li>\n<li> <em>\"Selitev iz ene hi\u0161e z dolgo, vetrovno in ozko dovozno potjo v drugo, oddaljeno ve\u010d sto kilometrov, ni bila lahka naloga za nobenega selitvenega delavca. Toda North American Van Lines je poskrbel za \u010dudovito izku\u0161njo, zaradi katere je bila selitev manj stresna ... in upam si re\u010di, da tudi zabavna?\"<\/em> - Phyllis prek <a href=\"https:\/\/www.facebook.com\/northAmericanVL\/reviews#\" target=\"_blank\" rel=\"noopener\">Facebook<\/a><\/li>\n<\/ul>\n<p><strong>Negativno:<\/strong><\/p>\n<ul>\n<li> <em>\"Grozne izku\u0161nje s tem podjetjem. Uporabil sem jih za selitev iz Baltimora v <a href=\"https:\/\/moverdb.com\/sl\/selitev-v-san-francisco\/\">San Francisco<\/a>.  Uporabljajo lokalne <a href=\"https:\/\/moverdb.com\/sl\/moving-companies\/\" data-internallinksmanager029f6b8e52c=\"79\" title=\"Top 25 Mednarodne selitve podjetja Online\">selitvena podjetja<\/a> sklenite pogodbo z dru\u017ebo North American za prevzem in odvoz va\u0161ih stvari.\"<\/em> - Nick prek <a href=\"http:\/\/www.mymovingreviews.com\/movers\/north-american-van-lines-287#33438\" target=\"_blank\" rel=\"noopener\">MyMovingReviews<\/a><\/li>\n<li> <em>\"Prehod iz <a href=\"https:\/\/moverdb.com\/sl\/moving-companies\/moving-companies-peru\/\" data-internallinksmanager029f6b8e52c=\"273\" title=\"9 najbolj\u0161ih mednarodnih selitvenih podjetij v Peruju\">Peru<\/a> na . <a href=\"https:\/\/moverdb.com\/sl\/moving-to-the-united-states\/moving-to-iowa\/\" data-internallinksmanager029f6b8e52c=\"463\" title=\"Selitev v Iowo? 2024 \u017divljenjski stro\u0161ki in nasveti za selitev\">Iowa<\/a> je bila no\u010dna mora. Najhuje je bilo, ko so tovornjak raztovorili \"strokovnjaki\" iz podjetja North American Van Lines.\"<\/em> - Arthur prek <a href=\"https:\/\/www.consumeraffairs.com\/movers\/north_american.htm\" target=\"_blank\" rel=\"noopener\">Potro\u0161ni\u0161ke zadeve<\/a><\/li>\n<li> <em>\"Minilo je 10 dni, odkar so moje stvari prevzeli iz <a href=\"https:\/\/moverdb.com\/sl\/moving-to-the-united-states\/moving-to-oklahoma\/\" data-internallinksmanager029f6b8e52c=\"453\" title=\"Selitev v Oklahomo? 2024 \u017divljenjski stro\u0161ki in nasveti za selitev\">Oklahoma<\/a>.V roku za dostavo sta le \u0161e dva delovna dneva in pravkar so ugotovili, da voznik ni nikoli pobral mojih stvari.\"<\/em> - prek <a href=\"http:\/\/north-american-van-lines.pissedconsumer.com\/left-my-stuff-behind-20160401821464.html\" target=\"_blank\" rel=\"noopener\">Razo\u010darani potro\u0161nik<\/a><\/li>\n<\/ul>\n<div itemprop=\"review\" itemscope itemtype=\"http:\/\/schema.org\/Review\">\n<span itemprop=\"author\" itemscope=\"\" itemtype=\"http:\/\/schema.org\/Organization\"><span itemprop=\"name\">MoverDB.com<\/span><\/span> Spletni pregled spletnega mesta za <span itemprop=\"itemreviewed\" itemscope=\"\" itemtype=\"http:\/\/schema.org\/Brand\"><span itemprop=\"name\">North American Van Lines<\/span><\/span>:<\/p>\n<ol>\n<li> Jasni kontaktni podatki na spletnem mestu (vklju\u010dno s telefonsko \u0161tevilko): <strong>Da<\/strong><\/li>\n<li> Enostavno pridobivanje <a href=\"https:\/\/moverdb.com\/sl\/citati\/\">mednarodne selitvene ponudbe<\/a>? (Spletni obrazec za zahtevek za oceno): <strong>Da<\/strong><\/li>\n<li> Jasne informacije na spletnem mestu: <strong>Da<\/strong>, veliko informacij o doma\u010dih in mednarodnih premikih.<\/li>\n<li> \u010clanstvo v mednarodno priznanih organizacijah, ki se ukvarjajo z gibanjem: <strong>Da<\/strong>, glej zgoraj<\/li>\n<li> Seznam strank in\/ali pri\u010devanja prej\u0161njih strank. <strong>Da,<\/strong> na strani je veliko pri\u010devanj, vendar so ve\u010dinoma zelo kratka.<\/li>\n<\/ol>\n<div itemprop=\"reviewRating\" itemscope itemtype=\"http:\/\/schema.org\/Rating\"><meta itemprop=\"worstRating\" content = \"0\" \/><meta itemprop=\"bestRating\" content=\"4.5\" \/><meta itemprop=\"ratingValue\" content=\"5\"><\/div>\n<p><strong>Skupna ocena: 4,5\/5<\/strong><br \/>\n<strong>Datum pregleda:<\/strong> <span itemprop=\"datePublished\" content=\"2016-08-24\">04\/08\/2016<\/span>\n<\/div>\n<p>Preberite ve\u010d o <a href=\"https:\/\/moverdb.com\/sl\/selitev-podjetja\/\">mednarodni selitveni delavci<\/a>, <a href=\"https:\/\/moverdb.com\/sl\/nas-kanada-premikovalci\/\">Kanadski in ameri\u0161ki selitveni delavci<\/a> in na\u0161e <a href=\"https:\/\/moverdb.com\/sl\/pregledi\/\">postopek pregleda premikanja<\/a>.<\/p>\n<p><strong>Spletne strani:<\/strong><br \/>\n<a href=\"https:\/\/moverdb.com\/sl\/moving-to-the-united-states\/\" data-internallinksmanager029f6b8e52c=\"94\" title=\"Selitev v Zdru\u017eene dr\u017eave Amerike? 2022 \u017divljenjski stro\u0161ki in nasveti za selitev\">ZDA<\/a>: <a href=\"https:\/\/www.northamerican.com\/\" target=\"_blank\" rel=\"noopener\">https:\/\/www.northamerican.com\/<\/a><br \/>\n<a href=\"https:\/\/moverdb.com\/sl\/moving-to-canada\/\" data-internallinksmanager029f6b8e52c=\"265\" title=\"Selitev v Kanado? 2023 \u017divljenjski stro\u0161ki in nasveti za selitev\">Kanada<\/a>: <a href=\"http:\/\/www.northamericanvanlines.ca\/\" target=\"_blank\" rel=\"noopener\">http:\/\/www.northamericanvanlines.ca\/<\/a><\/p>","protected":false},"excerpt":{"rendered":"<p>North American Van Lines offer their customers services for international, corporate and domestic moves. A list of these services follows, together with a company profile and reviews. International Moving for Individuals and Companies Door to door service Packing, padding and protecting belongings Disassembling furniture Ship containers for every application Advice on what to pack and [&hellip;]<\/p>\n","protected":false},"author":1,"featured_media":0,"parent":0,"menu_order":0,"comment_status":"closed","ping_status":"closed","template":"","meta":{"_genesis_hide_title":false,"_genesis_hide_breadcrumbs":false,"_genesis_hide_singular_image":false,"_genesis_hide_footer_widgets":false,"_genesis_custom_body_class":"","_genesis_custom_post_class":"","_genesis_layout":"","footnotes":""},"class_list":{"0":"post-1075","1":"page","2":"type-page","3":"status-publish","5":"entry"},"_links":{"self":[{"href":"https:\/\/moverdb.com\/sl\/wp-json\/wp\/v2\/pages\/1075","targetHints":{"allow":["GET"]}}],"collection":[{"href":"https:\/\/moverdb.com\/sl\/wp-json\/wp\/v2\/pages"}],"about":[{"href":"https:\/\/moverdb.com\/sl\/wp-json\/wp\/v2\/types\/page"}],"author":[{"embeddable":true,"href":"https:\/\/moverdb.com\/sl\/wp-json\/wp\/v2\/users\/1"}],"replies":[{"embeddable":true,"href":"https:\/\/moverdb.com\/sl\/wp-json\/wp\/v2\/comments?post=1075"}],"version-history":[{"count":11,"href":"https:\/\/moverdb.com\/sl\/wp-json\/wp\/v2\/pages\/1075\/revisions"}],"predecessor-version":[{"id":6227,"href":"https:\/\/moverdb.com\/sl\/wp-json\/wp\/v2\/pages\/1075\/revisions\/6227"}],"wp:attachment":[{"href":"https:\/\/moverdb.com\/sl\/wp-json\/wp\/v2\/media?parent=1075"}],"curies":[{"name":"wp","href":"https:\/\/api.w.org\/{rel}","templated":true}]}}