{"id":1065,"date":"2016-08-09T14:39:24","date_gmt":"2016-08-09T14:39:24","guid":{"rendered":"http:\/\/moverdb.com\/?page_id=1065"},"modified":"2026-01-08T14:47:45","modified_gmt":"2026-01-08T14:47:45","slug":"bekins-van-lines","status":"publish","type":"page","link":"https:\/\/moverdb.com\/sl\/bekins-van-lines\/","title":{"rendered":"Bekins Van Lines: Mednarodne selitvene storitve in recenzije"},"content":{"rendered":"<p>Podjetje Bekins Van Lines ima sede\u017e v Indianapolisu IN. Svojim strankam ponujajo razli\u010dne storitve, ki so navedene spodaj, skupaj s profilom podjetja in pregledi.<\/p>\n<p><strong>Mednarodni selitveni<\/strong><\/p>\n<ul>\n<li> Prilagojene storitve skupaj s podjetjem Crown Relocations<\/li>\n<li> Storitev od vrat do vrat<\/li>\n<li> Pakiranje - storite sami, izbrani predmeti ali celotna storitev<\/li>\n<li> Skladi\u0161\u010denje - kratkoro\u010dno in dolgoro\u010dno<\/li>\n<li> Premestitev hi\u0161nih ljubljen\u010dkov<\/li>\n<li> Storitve za priseljevanje<\/li>\n<li> Medkulturno usposabljanje<\/li>\n<li> Jezikovno usposabljanje<\/li>\n<li> Storitve za prodajo stanovanj<\/li>\n<li> Upravljanje nepremi\u010dnin<\/li>\n<li> Storitve za predogled potovanja<\/li>\n<li> Pomo\u010d pri iskanju doma<\/li>\n<li> Iskanje \u0161ole<\/li>\n<li> Orientacija po prihodu<\/li>\n<li> Karierna podpora partnerjev<\/li>\n<li> Storitve pomo\u010dnika in gospodinjske pomo\u010di<\/li>\n<li> Najem pohi\u0161tva<\/li>\n<li> Podpora pri dodelitvi<\/li>\n<\/ul>\n<p><strong>Pakiranje in skladi\u0161\u010denje<\/strong><\/p>\n<ul>\n<li> Dolgoro\u010dno in kratkoro\u010dno skladi\u0161\u010denje<\/li>\n<li> Varni objekti<\/li>\n<li> 24-urno obvestilo o dostopu<\/li>\n<li> Samostojno pakiranje izbranih predmetov ali celovita storitev pakiranja<\/li>\n<li> Dobavljene \u0161katle in zaboji<\/li>\n<li> Za\u0161\u010ditni ovoj je prilo\u017een<\/li>\n<li> Trakovi, nalepke in pisala za ozna\u010devanje<\/li>\n<\/ul>\n<p><strong>Vladne in voja\u0161ke selitvene storitve<\/strong><\/p>\n<ul>\n<li> Ponudnik prevoznih storitev GSA<\/li>\n<li> Kvalificiran in podpira program CHAMP<\/li>\n<li> Od vrat do vrat<\/li>\n<\/ul>\n<p><strong>Premestitev zaposlenih<\/strong><\/p>\n<ul>\n<li> Poseben vodja selitve<\/li>\n<li> Od vrat do vrat<\/li>\n<\/ul>\n<p><strong>Stanovanjski selitve<\/strong><\/p>\n<ul>\n<li> Od vrat do vrat<\/li>\n<li> Na domu <a href=\"https:\/\/moverdb.com\/sl\/quotes\/\" data-internallinksmanager029f6b8e52c=\"26\" title=\"Mednarodni selitveni citati: 12 vpra\u0161anj, ki jih morate zastaviti svojemu selitvenemu prevozniku: 12 vpra\u0161anj, ki jih morate zastaviti svojemu selitvenemu prevozniku\">premikanje citat<\/a><\/li>\n<li> Celovita storitev pakiranja, nakladanja in razkladanja<\/li>\n<li> Pakiranje - storite sami, krhki predmeti ali celotna storitev<\/li>\n<li> Dobavljeni materiali za pakiranje<\/li>\n<li> Na voljo je skladi\u0161\u010denje<\/li>\n<li> razstavljanje in ponovno sestavljanje pohi\u0161tva<\/li>\n<li> Premikanje pohi\u0161tva, napeljav in opreme<\/li>\n<li> Premikanje klavirjev, <a href=\"https:\/\/moverdb.com\/sl\/avto-transport-spedicija\/\">vozila<\/a>, \u010dolni in drugo<\/li>\n<li> Za\u0161\u010dita pri premikanju<\/li>\n<\/ul>\n<p><strong>Specializirane selitvene storitve<\/strong><\/p>\n<ul>\n<li> Prevoz medicinske opreme<\/li>\n<li> Prevoz te\u017ekih strojev<\/li>\n<li> Prevoz FFE<\/li>\n<li> Pisarni\u0161ka oprema<\/li>\n<li> Ra\u010dunalniki in oprema IT<\/li>\n<li> Edinstveni pohi\u0161tveni predmeti<\/li>\n<li> Naprave, ki se gibljejo<\/li>\n<li> Trgovska oprema<\/li>\n<li> Gostinske selitvene storitve<\/li>\n<\/ul>\n<h2>Profil podjetja Bekins Van Lines<\/h2>\n<p>Podjetje Bekins Van Lines sta pred 125 leti ustanovila John in Martin Bekins v Sioux Cityju, <a href=\"https:\/\/moverdb.com\/sl\/moving-to-the-united-states\/moving-to-iowa\/\" data-internallinksmanager029f6b8e52c=\"463\" title=\"Selitev v Iowo? 2024 \u017divljenjski stro\u0161ki in nasveti za selitev\">Iowa<\/a>. Imela je 3 vozila s konjsko vprego in 12 zaposlenih. Zdaj je \u010detrta najve\u010dja dostavna dru\u017eba v <a href=\"https:\/\/moverdb.com\/sl\/moving-to-the-united-states\/\" data-internallinksmanager029f6b8e52c=\"94\" title=\"Selitev v Zdru\u017eene dr\u017eave Amerike? 2022 \u017divljenjski stro\u0161ki in nasveti za selitev\">Zdru\u017eene dr\u017eave Amerike<\/a> in oskrbuje ve\u010d kot 95% dr\u017eave. Podjetje Bekins Van Lines je specializirano za <a href=\"https:\/\/moverdb.com\/sl\/kontejnersko-posiljanje\/\" target=\"_blank\" rel=\"noopener\">mednarodno po\u0161iljanje<\/a>, selitve in premikanje predmetov velike vrednosti.<\/p>\n<p>Dru\u017eba Bekins Van Lines je zdaj v lasti podjetja <a href=\"https:\/\/moverdb.com\/sl\/wheaton\/\" target=\"_blank\" rel=\"noopener\">Wheaton Van Lines<\/a>. \u0160e naprej ponuja selitve gospodinjstev, selitve podjetij, mednarodne selitve in voja\u0161ke selitve. <\/p>\n<p>Dru\u017eba Bekins je skupaj z dru\u017ebo Wheaton Van Lines sklenila partnerstvo s podjetjem Crown Relocations za pomo\u010d strankam pri mednarodnih selitvah. Bekins ima 350 zastopnikov, ki podjetju omogo\u010dajo, da deluje kot celovita storitev. <a href=\"https:\/\/moverdb.com\/sl\/moving-companies\/\" data-internallinksmanager029f6b8e52c=\"79\" title=\"Top 25 Mednarodne selitve podjetja Online\">selitev podjetja<\/a>.<\/p>\n<p>Pripadnost in akreditacije dru\u017ebe Bekins Van Lines:<\/p>\n<ul>\n<li> <a href=\"https:\/\/moverdb.com\/sl\/amsa\/\" target=\"_blank\" rel=\"noopener\">Ameri\u0161ko zdru\u017eenje za selitve in skladi\u0161\u010denje<\/a> (<a href=\"https:\/\/moverdb.com\/sl\/amsa\/\" data-internallinksmanager029f6b8e52c=\"5\" title=\"Pojasnila o ameri\u0161kem zdru\u017eenju za selitve in skladi\u0161\u010denje (AMSA)\">AMSA<\/a>) - <a href=\"https:\/\/moverdb.com\/sl\/obrocnik\/\" target=\"_blank\" rel=\"noopener\">ProMover<\/a><\/li>\n<li> Nacionalno zdru\u017eenje mened\u017eerjev starej\u0161ih (NASMM)<\/li>\n<li> Akreditirano podjetje Better Business Bureau (BBB) A+<\/li>\n<\/ul>\n<h2>Bekins Van Lines Mnenja<\/h2>\n<p><strong>Pozitivno:<\/strong><\/p>\n<ul>\n<li> <em>\"Bila sem prestra\u0161ena, da bi uporabila katero koli podjetje, ki se premika za mojo selitev iz <a href=\"https:\/\/moverdb.com\/sl\/premikanje-v-san-jose\/\">San Jose<\/a> na . <a href=\"https:\/\/moverdb.com\/sl\/moving-to-the-united-states\/moving-to-oregon\/\" data-internallinksmanager029f6b8e52c=\"395\" title=\"Selitev v Oregon? 2023 \u017divljenjski stro\u0161ki in nasveti za selitev\">Oregon<\/a>. Naredil sem veliko spletnih raziskav in na koncu \u0161el z Bekinsom zaradi dveh osebnih priporo\u010dil in njihove ocene. Postopek je bil enostaven, selitveni delavci so zelo skrbno ravnali z mojimi predmeti in jih dostavili, ko so napovedali.\"<\/em> - S. N. prek <a href=\"http:\/\/www.yelp.com\/biz\/bekins-van-lines-indianapolis-4?hrid=sAKPuUdvUtx9Pe5VoZlhZQ&#038;utm_campaign=www_review_share_popup&#038;utm_medium=copy_link&#038;utm_source=(direct)\" target=\"_blank\" rel=\"noopener\">Yelp<\/a><\/li>\n<li> <em>\"Za selitev pisarne smo pridobili obi\u010dajne ocene, Bekins pa je ponudil najbolj\u0161o in najbolj podrobno oceno.\"<\/em> - Wanda od Tampa preko <a href=\"https:\/\/www.consumeraffairs.com\/movers\/bekins_van_lines.htm\" target=\"_blank\" rel=\"noopener\">Potro\u0161ni\u0161ke zadeve<\/a><\/li>\n<li> <em>\"Ta stranka bi podjetje PRIPORO\u010cILA prijatelju, dru\u017einskemu \u010dlanu, sosedu ali sodelavcu.\"<\/em> - Cindy R prek <a href=\"http:\/\/www.bbb.org\/indy\/business-reviews\/movers\/bekins-van-lines-inc-in-indianapolis-in-90013818\/Customer-Reviews\" target=\"_blank\" rel=\"noopener\">BBB<\/a><\/li>\n<li> <em>\"Celotna ekipa je bila fantasti\u010dna. Ocenjevalci in koordinatorji so bili zelo skrbni.\"<\/em> - Paul D prek <a href=\"http:\/\/www.mymovingreviews.com\/movers\/bekins-van-lines-303#54527\" target=\"_blank\" rel=\"noopener\">MyMoivingReviews.com<\/a><\/li>\n<\/ul>\n<p><strong>Negativno:<\/strong><\/p>\n<ul>\n<li> \"<em>Resni\u010dno grozna izku\u0161nja - veliko po\u0161kodovanega blaga in neprofesionalna storitev.\" <\/em>Kelly H prek <a href=\"http:\/\/www.yelp.com\/biz\/bekins-van-lines-indianapolis-4?hrid=mPlbHKmtD2adpffBELLyBA&#038;utm_campaign=www_review_share_popup&#038;utm_medium=copy_link&#038;utm_source=(direct)\" target=\"_blank\" rel=\"noopener\">Yelp<\/a> <\/li>\n<li> <em>\"Popolna poteza, ki jo je opisal agent, je postala no\u010dna mora.\"<\/em> - Marcel of Lake Park prek <a href=\"https:\/\/www.consumeraffairs.com\/movers\/bekins_van_lines.htm\" target=\"_blank\" rel=\"noopener\">Potro\u0161ni\u0161ke zadeve<\/a> <\/li>\n<li> <em>\"Pri tej izku\u0161nji je bilo ve\u010d negativnih stvari.\"<\/em> - David S prek <a href=\"http:\/\/www.bbb.org\/indy\/business-reviews\/movers\/bekins-van-lines-inc-in-indianapolis-in-90013818\/Customer-Reviews\" target=\"_blank\" rel=\"noopener\">BBB<\/a> <\/li>\n<li> \"<em>Ugotovil sem, da je podjetje Bekins, ki se premika in skladi\u0161\u010di, nezanesljivo.\" <\/em> D Langdon prek <a href=\"http:\/\/www.mymovingreviews.com\/movers\/bekins-van-lines-303#37287\" target=\"_blank\" rel=\"noopener\">MyMoivingReviews.com<\/a><\/li>\n<\/ul>\n<div itemprop=\"review\" itemscope itemtype=\"http:\/\/schema.org\/Review\">\n<span itemprop=\"author\" itemscope=\"\" itemtype=\"http:\/\/schema.org\/Organization\"><span itemprop=\"name\">MoverDB.com<\/span><\/span> Spletni pregled spletnega mesta za <span itemprop=\"itemreviewed\" itemscope=\"\" itemtype=\"http:\/\/schema.org\/Brand\"><span itemprop=\"name\">Bekins Van Lines<\/span><\/span>:<\/p>\n<ol>\n<li> Jasni kontaktni podatki na spletnem mestu (vklju\u010dno s telefonsko \u0161tevilko): <strong>Da<\/strong><\/li>\n<li> Enostavno pridobivanje <a href=\"https:\/\/moverdb.com\/sl\/citati\/\">mednarodne selitvene ponudbe<\/a>? (Spletni obrazec za zahtevek za oceno): <strong>Da<\/strong><\/li>\n<li> Jasne informacije na spletnem mestu: <strong>Da,<\/strong> na spletnem mestu je veliko vodnikov, videoposnetkov in drugih virov.<\/li>\n<li> \u010clanstvo v mednarodno priznanih organizacijah, ki se ukvarjajo z gibanjem: <strong>Da<\/strong>, glej zgoraj<\/li>\n<li> Seznam strank in\/ali pri\u010devanja prej\u0161njih strank. <strong>Da,<\/strong> imajo svoje lastne <a href=\"https:\/\/www.bekins.com\/why-bekins\/reviews-testimonials\/\" target=\"_blank\" rel=\"noopener\">stran s pregledi in pri\u010devanji.<\/a><\/li>\n<\/ol>\n<div itemprop=\"reviewRating\" itemscope itemtype=\"http:\/\/schema.org\/Rating\"><meta itemprop=\"worstRating\" content = \"0\" \/><meta itemprop=\"bestRating\" content=\"5\" \/><meta itemprop=\"ratingValue\" content=\"5\"><\/div>\n<p><strong>Skupna ocena: 5\/5<\/strong><br \/>\n<strong>Datum pregleda:<\/strong> <span itemprop=\"datePublished\" content=\"2016-08-08\">08\/08\/2016<\/span>\n<\/div>\n<p>Preberite ve\u010d o <a href=\"https:\/\/moverdb.com\/sl\/selitev-podjetja\/\">mednarodna selitvena podjetja<\/a>, <a href=\"https:\/\/moverdb.com\/sl\/nas-kanada-premikovalci\/\">Selitveni delavci iz ZDA<\/a> in na\u0161e <a href=\"https:\/\/moverdb.com\/sl\/pregledi\/\">postopek pregleda<\/a>.<\/p>\n<p><strong>Spletna stran:<\/strong> <a href=\"https:\/\/www.bekins.com\/\" target=\"_blank\" rel=\"noopener\">https:\/\/www.bekins.com<\/a><\/p>","protected":false},"excerpt":{"rendered":"<p>Bekins Van Lines are based in Indianapolis IN. They offer their customers a variety of services which are listed below, together with a company profile and reviews. International Moving Personalised service together with Crown Relocations Door to door service Packing &#8211; do it yourself, selected items or full service Storage &#8211; short and long term [&hellip;]<\/p>\n","protected":false},"author":1,"featured_media":0,"parent":0,"menu_order":0,"comment_status":"closed","ping_status":"closed","template":"","meta":{"_genesis_hide_title":false,"_genesis_hide_breadcrumbs":false,"_genesis_hide_singular_image":false,"_genesis_hide_footer_widgets":false,"_genesis_custom_body_class":"","_genesis_custom_post_class":"","_genesis_layout":"","footnotes":""},"class_list":{"0":"post-1065","1":"page","2":"type-page","3":"status-publish","5":"entry"},"_links":{"self":[{"href":"https:\/\/moverdb.com\/sl\/wp-json\/wp\/v2\/pages\/1065","targetHints":{"allow":["GET"]}}],"collection":[{"href":"https:\/\/moverdb.com\/sl\/wp-json\/wp\/v2\/pages"}],"about":[{"href":"https:\/\/moverdb.com\/sl\/wp-json\/wp\/v2\/types\/page"}],"author":[{"embeddable":true,"href":"https:\/\/moverdb.com\/sl\/wp-json\/wp\/v2\/users\/1"}],"replies":[{"embeddable":true,"href":"https:\/\/moverdb.com\/sl\/wp-json\/wp\/v2\/comments?post=1065"}],"version-history":[{"count":9,"href":"https:\/\/moverdb.com\/sl\/wp-json\/wp\/v2\/pages\/1065\/revisions"}],"predecessor-version":[{"id":6181,"href":"https:\/\/moverdb.com\/sl\/wp-json\/wp\/v2\/pages\/1065\/revisions\/6181"}],"wp:attachment":[{"href":"https:\/\/moverdb.com\/sl\/wp-json\/wp\/v2\/media?parent=1065"}],"curies":[{"name":"wp","href":"https:\/\/api.w.org\/{rel}","templated":true}]}}