{"id":1064,"date":"2016-08-12T14:50:41","date_gmt":"2016-08-12T14:50:41","guid":{"rendered":"http:\/\/moverdb.com\/?page_id=1064"},"modified":"2026-01-08T13:18:24","modified_gmt":"2026-01-08T13:18:24","slug":"graebel-van-lines","status":"publish","type":"page","link":"https:\/\/moverdb.com\/sl\/graebel-van-lines\/","title":{"rendered":"Graebel Van Lines: Mednarodne selitvene storitve in recenzije"},"content":{"rendered":"<p>Dru\u017eba Graebel Van Lines ima sede\u017e v mestu Aurora, CO. Podjetje svojim strankam ponuja \u0161iroko paleto storitev, ki so na\u0161tete spodaj. Sledijo tudi profil podjetja in pregledi.<\/p>\n<p><strong>Mednarodni selitveni<\/strong><\/p>\n<ul>\n<li> Dodeljen je poseben koordinator za storitve za stranke.<\/li>\n<li> Podrobna raziskava na domu<\/li>\n<li> Na\u010drt selitve po meri<\/li>\n<li> Od vrat do vrat<\/li>\n<li> Mednarodno usposobljeni pakovalci in nakladalci<\/li>\n<li> Najkakovostnej\u0161i materiali za pakiranje<\/li>\n<li> Prepakiranje po meri<\/li>\n<li> Usklajevanje z vodilnimi licenciranimi svetovnimi prevozniki<\/li>\n<li> Prostori za shranjevanje - nekateri so pod nadzorom podnebja<\/li>\n<li> Carinjenje<\/li>\n<li> Dostava in razpakiranje<\/li>\n<\/ul>\n<p><strong>Stanovanjski selitve<\/strong><\/p>\n<ul>\n<li> Storitev od vrat do vrat<\/li>\n<li> Enotna kontaktna to\u010dka med selitvijo<\/li>\n<li> pakiranje in razpakiranje, \u010de je potrebno<\/li>\n<li> Lokalne, dolge in mednarodne selitve<\/li>\n<li> Prostori za dolgoro\u010dno in kratkoro\u010dno skladi\u0161\u010denje<\/li>\n<\/ul>\n<p><strong>Selitve delovnega prostora<\/strong><\/p>\n<ul>\n<li> Pred in po tlorisu<\/li>\n<li> Podroben popis<\/li>\n<li> Dolgoro\u010dno in kratkoro\u010dno shranjevanje<\/li>\n<li> Odklop in ponovni priklop ra\u010dunalni\u0161kih sistemov<\/li>\n<li> Demonta\u017ea in ponovna monta\u017ea pohi\u0161tva<\/li>\n<li> Odgovorno razpolaganje s premo\u017eenjem<\/li>\n<li> Selitve sede\u017eev podjetij, pisarn in enkratnih pisarn.<\/li>\n<li> usklajevanje podizvajalcev, podatkov, telefonije in elektrike.<\/li>\n<li> Natan\u010dne ocene selitve pisarn glede opreme, ljudi, materialov in skupnih stro\u0161kov.<\/li>\n<li> Upravljanje premikanja, dodajanja in spreminjanja (MAC).<\/li>\n<li> Preverjeni kontrolni seznami, na\u010drtovanje in postopki selitve pisarn.<\/li>\n<li> Shranjevanje in odstranjevanje dokumentacije.<\/li>\n<li> Sistemi za arhiviranje z visoko gostoto in re\u0161itve za shranjevanje.<\/li>\n<li> <a href=\"https:\/\/moverdb.com\/sl\/british-association-of-removers\/\" data-internallinksmanager029f6b8e52c=\"9\" title=\"Pojasnila o Britanskem zdru\u017eenju izvajalcev selitev (BAR)\">Bar<\/a>-kodirano upravljanje zalog.<\/li>\n<li> Prevoz po vsem svetu, vklju\u010dno s storitvami manj kot tovornega vozila, tovornega vozila in oblazinjenega dostavnega vozila.<\/li>\n<li> Skladi\u0161\u010dne in distribucijske storitve.<\/li>\n<li> Storitve dostave ob pravem \u010dasu.<\/li>\n<li> Logisti\u010dne storitve in upravljanje iz ene roke.<\/li>\n<li> Sistemsko pohi\u0161tvo za prevoz, dostavo, namestitev in preoblikovanje.<\/li>\n<li> Storitve pohi\u0161tva, napeljav in opreme (FF&amp;E) v gostinstvu.<\/li>\n<li> Storitve za zdravstveno industrijo.<\/li>\n<\/ul>\n<p><strong>Premiki podjetij, vlade in vojske<\/strong><\/p>\n<ul>\n<li> Urad za zapore<\/li>\n<li> Mar\u0161alska slu\u017eba<\/li>\n<li> Uprava za boj proti drogam (DEA)<\/li>\n<li> Oddelek za veteranske zadeve (VA)<\/li>\n<li> Zvezni preiskovalni urad (FBI)<\/li>\n<li> Urad za popis prebivalstva<\/li>\n<li> Centri za nadzor in prepre\u010devanje bolezni (CDC)<\/li>\n<li> Slu\u017eba za notranje prihodke (IRS)<\/li>\n<\/ul>\n<h2>Profil podjetja Graebel Van Lines<\/h2>\n<p>Graebel Van Lines je najve\u010dji zasebni <a href=\"https:\/\/moverdb.com\/sl\/moving-companies\/\" data-internallinksmanager029f6b8e52c=\"79\" title=\"Top 25 Mednarodne selitve podjetja Online\">selitev podjetja<\/a> v <a href=\"https:\/\/moverdb.com\/sl\/moving-to-the-united-states\/\" data-internallinksmanager029f6b8e52c=\"94\" title=\"Selitev v Zdru\u017eene dr\u017eave Amerike? 2022 \u017divljenjski stro\u0161ki in nasveti za selitev\">Zdru\u017eene dr\u017eave Amerike<\/a> s sede\u017eem v mestu Aurora, CO. Podjetje \u017ee 66 let izvaja selitve dru\u017ein, podjetij, vladnega in voja\u0161kega osebja po vsem svetu in v ZDA. <\/p>\n<p>Podjetje ponuja celovite re\u0161itve za vse potrebe strank, ne glede na to, ali gre za manj\u0161e delo, kot je prenova pisarne, ali za obse\u017eno nalogo, kot je selitev bolni\u0161nice v nove prostore.<\/p>\n<p>Dru\u017eba Graebel Van Lines ima po vsej dr\u017eavi 4 milijone kvadratnih metrov skladi\u0161\u010dnih povr\u0161in in upravlja 828 vozil za selitve. Vse osebje podjetja je usposobljeno po najvi\u0161jih standardih.<\/p>\n<p>Pripadnost in akreditacije dru\u017ebe Graebel Van Lines:<\/p>\n<ul>\n<li> <a href=\"https:\/\/moverdb.com\/sl\/obrocnik\/\">ProMover<\/a><\/li>\n<li> <a href=\"https:\/\/moverdb.com\/sl\/amsa\/\" target=\"_blank\" rel=\"noopener\">Ameri\u0161ko zdru\u017eenje za selitve in skladi\u0161\u010denje<\/a> (<a href=\"https:\/\/moverdb.com\/sl\/amsa\/\" data-internallinksmanager029f6b8e52c=\"5\" title=\"Pojasnila o ameri\u0161kem zdru\u017eenju za selitve in skladi\u0161\u010denje (AMSA)\">AMSA<\/a>)<\/li>\n<li> Mednarodni in\u0161titut za selitev pisarn (IOMI)<\/li>\n<\/ul>\n<h2>Ocene dru\u017ebe Graebel Van Lines<\/h2>\n<p><strong>Pozitivno:<\/strong><\/p>\n<ul>\n<li> <em>\"Podjetje Graebel Van Lines je opravilo odli\u010dno delo pri moji selitvi. Premaknili so me v kratkem roku, pravo\u010dasno in vse je pristalo, kjer sem potreboval.\" <\/em> - Michelle T prek <a href=\"https:\/\/www.yelp.com\/biz\/graebel-van-lines-kent\" target=\"_blank\" rel=\"noopener\">Yelp<\/a><\/li>\n<li>  <em>\"To objavljam, ker sem videl veliko slabih mnenj o podjetju Graebel's, moja izku\u0161nja pa je bila pozitivna.\"<\/em> - Sue Sok prek <a href=\"http:\/\/www.mymovingreviews.com\/movers\/graebel-406#28293\" target=\"_blank\" rel=\"noopener\">MyMovingReviews.com<\/a><\/li>\n<\/ul>\n<p><strong>Negativno:<\/strong><\/p>\n<ul>\n<li> \"<em>Podjetje Graebel's sem uporabljal \u017ee trikrat in vsaka izku\u0161nja je vedno slab\u0161a.\"<\/em> - Michael C prek <a href=\"http:\/\/www.yelp.com\/biz\/graebel-van-lines-san-jose?hrid=KdToWSepoqbs7wLCd4UE0A&#038;utm_campaign=www_review_share_popup&#038;utm_medium=copy_link&#038;utm_source=(direct)\" target=\"_blank\" rel=\"noopener\">Yelp<\/a> <\/li>\n<li> \"<em>Ne priporo\u010dam tega podjetja!!!\"<\/em> Don Mcnasby prek <a href=\"http:\/\/www.mymovingreviews.com\/movers\/graebel-406#47223\" target=\"_blank\" rel=\"noopener\">MyMovingReviews.com<\/a><\/li>\n<\/ul>\n<div itemprop=\"review\" itemscope itemtype=\"http:\/\/schema.org\/Review\">\n<span itemprop=\"author\" itemscope=\"\" itemtype=\"http:\/\/schema.org\/Organization\"><span itemprop=\"name\">MoverDB.com<\/span><\/span> Spletni pregled spletnega mesta za <span itemprop=\"itemreviewed\" itemscope=\"\" itemtype=\"http:\/\/schema.org\/Brand\"><span itemprop=\"name\">Graebel Van Lines<\/span><\/span>:<\/p>\n<ol>\n<li> Jasni kontaktni podatki na spletnem mestu (vklju\u010dno s telefonsko \u0161tevilko): <strong>Da<\/strong><\/li>\n<li> Enostavno pridobivanje <a href=\"https:\/\/moverdb.com\/sl\/citati\/\">mednarodne selitvene ponudbe<\/a>? (Spletni obrazec za zahtevek za oceno): <strong>Da<\/strong><\/li>\n<li> Jasne informacije na spletnem mestu: <strong>Nekaj<\/strong>, Na spletni strani ni veliko podrobnih informacij. Predvideva se, da bodo te informacije prilo\u017eene prilagojenemu na\u010drtu.<\/li>\n<li> \u010clanstvo v mednarodno priznanih organizacijah, ki se ukvarjajo z gibanjem: <strong>Da<\/strong>, (glej zgoraj)<\/li>\n<li> Seznam strank in\/ali pri\u010devanja prej\u0161njih strank: <strong>Ne<\/strong> Na spletni strani pa je navedeno, da so priljubljeni pri vladi in podjetjih s seznama Fortune 500.<\/li>\n<\/ol>\n<div itemprop=\"reviewRating\" itemscope itemtype=\"http:\/\/schema.org\/Rating\"><meta itemprop=\"worstRating\" content = \"0\" \/><meta itemprop=\"bestRating\" content=\"5\" \/><meta itemprop=\"ratingValue\" content=\"3.5\"><\/div>\n<p><strong>Skupna ocena: 3,5\/5<\/strong><br \/>\n<strong>Datum pregleda:<\/strong> <span itemprop=\"datePublished\" content=\"2016-08-11\">11\/08\/2016<\/span>\n<\/div>\n<p>Preberite ve\u010d o <a href=\"https:\/\/moverdb.com\/sl\/selitev-podjetja\/\">mednarodni selitveni delavci<\/a>, <a href=\"https:\/\/moverdb.com\/sl\/nas-kanada-premikovalci\/\">Ameri\u0161ka selitvena podjetja<\/a> in na\u0161e <a href=\"https:\/\/moverdb.com\/sl\/pregledi\/\">postopek pregleda<\/a>.<\/p>\n<p><strong>Spletna stran:<\/strong> <a href=\"https:\/\/www.graebelmoving.com\" target=\"_blank\" rel=\"noopener\">https:\/\/www.graebelmoving.com<\/a><\/p>","protected":false},"excerpt":{"rendered":"<p>Graebel Van Lines is headquartered in Aurora, CO. The company offers its customers a wide range of services which are listed below. There also follows a company profile and reviews. International Moving A dedicated customer service coordinator is assigned Detailed in-home survey Customised move plan Door to door Internationally trained packers and loaders Finest quality [&hellip;]<\/p>\n","protected":false},"author":1,"featured_media":0,"parent":0,"menu_order":0,"comment_status":"closed","ping_status":"closed","template":"","meta":{"_genesis_hide_title":false,"_genesis_hide_breadcrumbs":false,"_genesis_hide_singular_image":false,"_genesis_hide_footer_widgets":false,"_genesis_custom_body_class":"","_genesis_custom_post_class":"","_genesis_layout":"","footnotes":""},"class_list":{"0":"post-1064","1":"page","2":"type-page","3":"status-publish","5":"entry"},"_links":{"self":[{"href":"https:\/\/moverdb.com\/sl\/wp-json\/wp\/v2\/pages\/1064","targetHints":{"allow":["GET"]}}],"collection":[{"href":"https:\/\/moverdb.com\/sl\/wp-json\/wp\/v2\/pages"}],"about":[{"href":"https:\/\/moverdb.com\/sl\/wp-json\/wp\/v2\/types\/page"}],"author":[{"embeddable":true,"href":"https:\/\/moverdb.com\/sl\/wp-json\/wp\/v2\/users\/1"}],"replies":[{"embeddable":true,"href":"https:\/\/moverdb.com\/sl\/wp-json\/wp\/v2\/comments?post=1064"}],"version-history":[{"count":6,"href":"https:\/\/moverdb.com\/sl\/wp-json\/wp\/v2\/pages\/1064\/revisions"}],"predecessor-version":[{"id":6216,"href":"https:\/\/moverdb.com\/sl\/wp-json\/wp\/v2\/pages\/1064\/revisions\/6216"}],"wp:attachment":[{"href":"https:\/\/moverdb.com\/sl\/wp-json\/wp\/v2\/media?parent=1064"}],"curies":[{"name":"wp","href":"https:\/\/api.w.org\/{rel}","templated":true}]}}