{"id":1062,"date":"2016-08-21T19:46:49","date_gmt":"2016-08-21T19:46:49","guid":{"rendered":"http:\/\/moverdb.com\/?page_id=1062"},"modified":"2026-01-08T14:47:31","modified_gmt":"2026-01-08T14:47:31","slug":"amj-campbell-van-lines","status":"publish","type":"page","link":"https:\/\/moverdb.com\/sl\/amj-campbell-van-lines\/","title":{"rendered":"AMJ Campbell Van Lines: Campbell Campbell Campbell GmbH: International Moving Services &amp; Reviews"},"content":{"rendered":"<p>Podjetje AMJ Campbell Van Lines ima sede\u017e v <a href=\"https:\/\/moverdb.com\/sl\/selitev-v-toronto\/\">Toronto<\/a>, <a href=\"https:\/\/moverdb.com\/sl\/moving-to-canada\/\" data-internallinksmanager029f6b8e52c=\"265\" title=\"Selitev v Kanado? 2023 \u017divljenjski stro\u0161ki in nasveti za selitev\">Kanada<\/a> in svojim strankam ponuja razli\u010dne storitve selitve in skladi\u0161\u010denja, ki so na\u0161tete spodaj. V vednost so vam na voljo tudi profil podjetja in pregledi.<\/p>\n<p><strong>Mednarodni selitveni<\/strong><\/p>\n<ul>\n<li> Celovita storitev od vrat do vrat<\/li>\n<li> Strokovno pakiranje in razpakiranje<\/li>\n<li> Najkakovostnej\u0161i embala\u017eni materiali<\/li>\n<li> Upravljanje zalog<\/li>\n<li> <a href=\"https:\/\/moverdb.com\/sl\/kontejnersko-posiljanje\/\">Cestni, pomorski in zra\u010dni tovorni promet<\/a><\/li>\n<li> Najsodobnej\u0161i sistemi za upravljanje gibanja<\/li>\n<\/ul>\n<p><strong>Storitve \u010dezmejne premestitve<\/strong><\/p>\n<ul>\n<li> Kanade v <a href=\"https:\/\/moverdb.com\/sl\/moving-to-the-united-states\/\" data-internallinksmanager029f6b8e52c=\"94\" title=\"Selitev v Zdru\u017eene dr\u017eave Amerike? 2022 \u017divljenjski stro\u0161ki in nasveti za selitev\">ZDA<\/a> in obratno<\/li>\n<\/ul>\n<p><strong>Premikanje stanovanjskih objektov - lokalno ali na dolge razdalje<\/strong><\/p>\n<ul>\n<li> Pravo\u010dasna izvedba<\/li>\n<li> Pisna ponudba<\/li>\n<li> Telefonski klic dan pred selitvijo za potrditev podrobnosti<\/li>\n<li> Poravnava vseh od\u0161kodninskih zahtevkov v 30 dneh.<\/li>\n<li> Za\u0161\u010dita za vse va\u0161e oblazinjeno pohi\u0161tvo<\/li>\n<li> Ponovno sestavljanje razstavljenega pohi\u0161tva<\/li>\n<li> Za\u0161\u010dita tal in ograj<\/li>\n<li> Strokovne, vljudne delovne ekipe<\/li>\n<li> Odli\u010dna storitev za stranke<\/li>\n<\/ul>\n<p><strong>Storitve premestitve podjetij<\/strong><\/p>\n<ul>\n<li> Celovita storitev pakiranja<\/li>\n<li> Razkladanje<\/li>\n<li> Popolno servisirano razpakiranje<\/li>\n<\/ul>\n<p><strong>Selitev pisarn<\/strong><\/p>\n<ul>\n<li> Storitev na\u010drtovanja selitve<\/li>\n<li> skrbno ozna\u010devanje vseh predmetov<\/li>\n<li> Strokovno pakiranje<\/li>\n<li> Strokovno prena\u0161anje ob\u010dutljive opreme in ra\u010dunalnikov<\/li>\n<\/ul>\n<p><strong>Specializirane storitve<\/strong><\/p>\n<ul>\n<li> Notranjost pisarn<\/li>\n<li> Selitev skladi\u0161\u010da<\/li>\n<li> Namestitev pohi\u0161tva<\/li>\n<li> Drobljenje<\/li>\n<\/ul>\n<p><strong>Shranjevanje<\/strong><\/p>\n<ul>\n<li> Kratkoro\u010dno do 60 dni<\/li>\n<li> Dolgoro\u010dno<\/li>\n<li> \u010cisti, varni in dobro upravljani objekti<\/li>\n<li> Prefinjene naprave za sledenje<\/li>\n<li> Samostojno skladi\u0161\u010denje<\/li>\n<li> Skladi\u0161\u010denje komercialnih dokumentov<\/li>\n<\/ul>\n<h2>Profil podjetja AMJ Campbell Van Lines<\/h2>\n<p>Dru\u017eba AMJ Campbell Van Lines je svoja vrata odprla leta 1934 kot MJ Campbell and Moving in je bila dru\u017einsko podjetje. Podjetje se je osredoto\u010dilo na selitve med provincami v Kanadi ter med ZDA in Kanado. Od takrat se je raz\u0161irilo in postalo najve\u010dje <a href=\"https:\/\/moverdb.com\/sl\/moving-companies\/\" data-internallinksmanager029f6b8e52c=\"79\" title=\"Top 25 Mednarodne selitve podjetja Online\">selitev podjetja<\/a> v Kanadi, ki preme\u0161\u010da ljudi na lokalni in mednarodni ravni.<\/p>\n<p>Campbell's zaposluje ve\u010d kot 2800 ljudi na 50 razli\u010dnih lokacijah v Kanadi. Podjetje je zdaj zasebno podjetje, ki je v osemdesetih letih prej\u0161njega stoletja vstopilo na borzo, in je ve\u010dmilijonsko podjetje. <\/p>\n<p>Akreditacije in afiliacije AMJ Campbell:<\/p>\n<ul>\n<li> <a href=\"https:\/\/moverdb.com\/sl\/fidi-faim\/\">FIDI<\/a><\/li>\n<li> <a href=\"https:\/\/moverdb.com\/sl\/fidi-faim\/\" data-internallinksmanager029f6b8e52c=\"16\" title=\"Pojasnila o FIDI in FAIM (FIDI Accredited International Mover)\">FAIM<\/a><\/li>\n<li> <a href=\"https:\/\/moverdb.com\/sl\/kanadsko-zdruzenje-prevoznikov\/\">Kanadsko zdru\u017eenje za gibanje v tujini<\/a> (COMA) <\/li>\n<li> <a href=\"https:\/\/moverdb.com\/sl\/lacma\/\">Zdru\u017eenje gibalcev Latinske Amerike in Karibov<\/a> (<a href=\"https:\/\/moverdb.com\/sl\/lacma\/\" data-internallinksmanager029f6b8e52c=\"28\" title=\"Zdru\u017eenje mednarodnih prevoznikov iz Latinske Amerike in Karibov (LACMA)\">LACMA<\/a>)<\/li>\n<li> Householders Goods Forwarders of America (HAGFAA)<\/li>\n<li> BBB akreditirano podjetje A+<\/li>\n<\/ul>\n<h2>AMJ Campbell Van Lines Ocene<\/h2>\n<p><strong>Pozitivno:<\/strong><\/p>\n<ul>\n<li> <em>Zelo smo bili navdu\u0161eni nad odnosom, sodelovanjem in splo\u0161nim zadovoljstvom pri delu s tako odli\u010dno skupino ljudi.<\/em> - prek AMJ Campbell <a href=\"http:\/\/www.amjcampbell.com\/about-us-2\/customer-reviews\/\" target=\"_blank\" rel=\"noopener\">ocene strank<\/a><\/li>\n<li> <em>\"Za selitev iz mesta v mesto sem se obrnil na AMJ in bil zelo zadovoljen s celotno izku\u0161njo.\"<\/em> - Rebecca G prek <a href=\"https:\/\/homestars.com\/companies\/195139-amj-campbell\/reviews\/309471\" target=\"_blank\" rel=\"noopener\">HomeStars<\/a><\/li>\n<li> <em>\"Izbrala sem dru\u017ebo AMJ Campbell za selitev pohi\u0161tva iz <a href=\"https:\/\/moverdb.com\/sl\/moving-to-toronto\/\" data-internallinksmanager029f6b8e52c=\"71\" title=\"Selitev v Toronto? 2022 \u017divljenjski stro\u0161ki in nasveti za selitev\">Toronto<\/a> na . <a href=\"https:\/\/moverdb.com\/sl\/moving-to-canada\/moving-to-montreal\/\" data-internallinksmanager029f6b8e52c=\"410\" title=\"Selitev v Montreal? 2023 \u017divljenjski stro\u0161ki in nasveti za selitev\">Montreal<\/a> leta 2013. Nisem mislil, da bo selitev tako preprosta, kot so mi jo predstavili.\"<\/em> - Reem prek <a href=\"http:\/\/www.mymovingreviews.com\/movers\/amj-campbell-van-lines-1281#15661\" target=\"_blank\" rel=\"noopener\">MyMovingReviews.com<\/a> <\/li>\n<li> <em>AMJ je pomagal mojemu mo\u017eu in meni, da sva se preselila na dan Kanade - \u010deprav sva pla\u010dala premijo za selitev na dr\u017eavni praznik, je bilo vredno vsakega centa.<\/em> - Renee M. prek <a href=\"http:\/\/www.yelp.co.uk\/biz\/amj-campbell-van-lines-vancouver?hrid=g252Zt8_i0oO1eStByhl0A&#038;utm_campaign=www_review_share_popup&#038;utm_medium=copy_link&#038;utm_source=(direct)\" target=\"_blank\" rel=\"noopener\">Yelp<\/a><\/li>\n<\/ul>\n<p><strong>Negativno:<\/strong><\/p>\n<ul>\n<li> <em>\"Prihranite svoj razum in denar. Celotna ekipa podjetja AMJ Campbell je najslab\u0161a.\"<\/em> - Zelo nezadovoljen v <a href=\"https:\/\/moverdb.com\/sl\/moving-to-canada\/moving-to-vancouver\/\" data-internallinksmanager029f6b8e52c=\"438\" title=\"Selitev v Vancouver? 2023 \u017divljenjski stro\u0161ki in nasveti za selitev\">Vancouver<\/a> prek <a href=\"https:\/\/homestars.com\/companies\/195139-amj-campbell\/reviews\/450056\" target=\"_blank\" rel=\"noopener\">HomeStars<\/a><\/li>\n<li> <em>\"Resni\u010dno \u017ealostno je bilo imeti opravka s tem nepo\u0161tenim podjetjem.\"<\/em> - Maher prek <a href=\"http:\/\/www.mymovingreviews.com\/movers\/amj-campbell-van-lines-1281#54125\" target=\"_blank\" rel=\"noopener\">MyMovingReviews.com<\/a> <\/li>\n<li> <em>Njihov voznik je bil izredno neotesan in neprofesionalen.<\/em> - SA S. prek <a href=\"http:\/\/www.yelp.co.uk\/biz\/amj-campbell-van-lines-vancouver?hrid=8M5PJ1TTLqQx72k6lEsKLA&#038;utm_campaign=www_review_share_popup&#038;utm_medium=copy_link&#038;utm_source=(direct)\" target=\"_blank\" rel=\"noopener\">Yelp<\/a><\/li>\n<\/ul>\n<div itemprop=\"review\" itemscope itemtype=\"http:\/\/schema.org\/Review\">\n<span itemprop=\"author\" itemscope=\"\" itemtype=\"http:\/\/schema.org\/Organization\"><span itemprop=\"name\">MoverDB.com<\/span><\/span> Spletni pregled spletnega mesta za <span itemprop=\"itemreviewed\" itemscope=\"\" itemtype=\"http:\/\/schema.org\/Brand\"><span itemprop=\"name\">AMJ Campbell Van Lines<\/span><\/span>:<\/p>\n<ol>\n<li> Jasni kontaktni podatki na spletnem mestu (vklju\u010dno s telefonsko \u0161tevilko): <strong>Da<\/strong><\/li>\n<li> Enostavno pridobivanje <a href=\"https:\/\/moverdb.com\/sl\/citati\/\">mednarodne selitvene ponudbe<\/a>? (Spletni obrazec za zahtevek za oceno): <strong>Da<\/strong><\/li>\n<li> Jasne informacije na spletnem mestu: <strong>Da<\/strong>\u010deprav jih ni vedno najla\u017eje najti.<\/li>\n<li> \u010clanstvo v mednarodno priznanih organizacijah, ki se ukvarjajo z gibanjem: <strong>Da<\/strong>, (glej zgoraj)<\/li>\n<li> Seznam strank in\/ali pri\u010devanja prej\u0161njih strank. <strong>Da,<\/strong> obe spletni strani vsebujeta pri\u010devanja in ocene strank.<\/li>\n<\/ol>\n<div itemprop=\"reviewRating\" itemscope itemtype=\"http:\/\/schema.org\/Rating\"><meta itemprop=\"worstRating\" content = \"0\" \/><meta itemprop=\"bestRating\" content=\"5\" \/><meta itemprop=\"ratingValue\" content=\"4.5\"><\/div>\n<p><strong>Skupna ocena: 4,5\/5<\/strong><br \/>\n<strong>Datum pregleda:<\/strong> <span itemprop=\"datePublished\" content=\"2016-08-21\">21\/08\/2016<\/span>\n<\/div>\n<p>Preberite ve\u010d o <a href=\"https:\/\/moverdb.com\/sl\/selitev-podjetja\/\">mednarodna selitvena podjetja<\/a>, <a href=\"https:\/\/moverdb.com\/sl\/nas-kanada-premikovalci\/\">Kanadska selitvena podjetja<\/a> in na\u0161e <a href=\"https:\/\/moverdb.com\/sl\/pregledi\/\">postopek pregleda<\/a>.<\/p>\n<p><strong>Spletna stran:<\/strong> Doma\u010de: <a href=\"http:\/\/www.amjcampbell.com\" target=\"_blank\" rel=\"noopener\">http:\/\/www.amjcampbell.com<\/a>, mednarodna: <a href=\"http:\/\/amj-international.com\" target=\"_blank\" rel=\"noopener\">http:\/\/amj-international.com<\/a><\/p>","protected":false},"excerpt":{"rendered":"<p>AMJ Campbell Van Lines is based in Toronto, Canada and it offers its customers various moving and storage services which are listed below. There is also a company profile and reviews for your information. International Moving Door to door full service Professional packing and unpacking Highest quality packing materials Inventory management Road, sea and air [&hellip;]<\/p>\n","protected":false},"author":1,"featured_media":0,"parent":0,"menu_order":0,"comment_status":"closed","ping_status":"closed","template":"","meta":{"_genesis_hide_title":false,"_genesis_hide_breadcrumbs":false,"_genesis_hide_singular_image":false,"_genesis_hide_footer_widgets":false,"_genesis_custom_body_class":"","_genesis_custom_post_class":"","_genesis_layout":"","footnotes":""},"class_list":{"0":"post-1062","1":"page","2":"type-page","3":"status-publish","5":"entry"},"_links":{"self":[{"href":"https:\/\/moverdb.com\/sl\/wp-json\/wp\/v2\/pages\/1062","targetHints":{"allow":["GET"]}}],"collection":[{"href":"https:\/\/moverdb.com\/sl\/wp-json\/wp\/v2\/pages"}],"about":[{"href":"https:\/\/moverdb.com\/sl\/wp-json\/wp\/v2\/types\/page"}],"author":[{"embeddable":true,"href":"https:\/\/moverdb.com\/sl\/wp-json\/wp\/v2\/users\/1"}],"replies":[{"embeddable":true,"href":"https:\/\/moverdb.com\/sl\/wp-json\/wp\/v2\/comments?post=1062"}],"version-history":[{"count":6,"href":"https:\/\/moverdb.com\/sl\/wp-json\/wp\/v2\/pages\/1062\/revisions"}],"predecessor-version":[{"id":6172,"href":"https:\/\/moverdb.com\/sl\/wp-json\/wp\/v2\/pages\/1062\/revisions\/6172"}],"wp:attachment":[{"href":"https:\/\/moverdb.com\/sl\/wp-json\/wp\/v2\/media?parent=1062"}],"curies":[{"name":"wp","href":"https:\/\/api.w.org\/{rel}","templated":true}]}}