{"id":1061,"date":"2016-07-25T20:41:24","date_gmt":"2016-07-25T20:41:24","guid":{"rendered":"http:\/\/moverdb.com\/?page_id=1061"},"modified":"2026-01-08T15:30:30","modified_gmt":"2026-01-08T15:30:30","slug":"u-pack-moving","status":"publish","type":"page","link":"https:\/\/moverdb.com\/sl\/u-pack-moving\/","title":{"rendered":"U-Pack Moving: Mednarodne selitvene storitve in ocene"},"content":{"rendered":"<p>ABF U-Pack Moving svojim strankam ponuja razli\u010dne storitve za selitev ter samostojno pakiranje in razpakiranje v <a href=\"https:\/\/moverdb.com\/sl\/moving-to-the-united-states\/\" data-internallinksmanager029f6b8e52c=\"94\" title=\"Selitev v Zdru\u017eene dr\u017eave Amerike? 2022 \u017divljenjski stro\u0161ki in nasveti za selitev\">ZDA<\/a>, <a href=\"https:\/\/moverdb.com\/sl\/moving-to-canada\/\" data-internallinksmanager029f6b8e52c=\"265\" title=\"Selitev v Kanado? 2023 \u017divljenjski stro\u0161ki in nasveti za selitev\">Kanada<\/a> in Portoriko. <\/p>\n<p>Te storitve so navedene spodaj, skupaj s profilom podjetja in pregledi.<\/p>\n<p><strong>Vrste potez na voljo<\/strong><\/p>\n<ul>\n<li> Cross-country gibljejo<\/li>\n<li> Premikanje na dolge razdalje - ZDA, Kanada, Portoriko<\/li>\n<li> Premikanje od vrat do vrat<\/li>\n<li> Samodejno premikanje<\/li>\n<li> Najem nakladalcev na uro <\/li>\n<li> Voja\u0161ki selitev<\/li>\n<li> Kolegij se gibljejo<\/li>\n<li> Majhne poteze<\/li>\n<\/ul>\n<p><strong>Oprema za premikanje<\/strong><\/p>\n<ul>\n<li> Premi\u010dne prikolice<\/li>\n<li> Premikanje &amp; <a href=\"https:\/\/moverdb.com\/sl\/kontejnersko-posiljanje\/\" target=\"_blank\" rel=\"noopener\">Ladijski zabojniki<\/a><\/li>\n<\/ul>\n<p><strong>Shranjevanje<\/strong><\/p>\n<ul>\n<li> Skladi\u0161\u010denje prikolic<\/li>\n<li> Shranjevanje ReloCube<\/li>\n<li> Shranjevanje na kraju samem<\/li>\n<li> Prenosno skladi\u0161\u010denje<\/li>\n<\/ul>\n<h2>Profil podjetja U-Pack Moving Company<\/h2>\n<p>ABF U-Pack je za\u010del poslovati 1.<sup>st<\/sup> oktobra 1997 in je del dru\u017ebe ABF Freight. Cilj podjetja je bil omogo\u010diti cenovno ugodnej\u0161e selitve, tako da je strankam ponudilo mo\u017enost \"vi pakirate, mi vozimo\". Stranke same spakirajo svoje stvari in jih nalo\u017eijo v prikolico ali zabojnik, ki ga priskrbi podjetje. <\/p>\n<p>Voznik U-Pack nato blago odpelje na cilj, kjer ga stranka raztovori in razpakira. Stranke lahko svojemu blagu sledijo prek spletnega sistema za sledenje.<\/p>\n<p>Od svojega za\u010detka leta 1997 je dru\u017eba ABF Moving U-Pack prepeljala ve\u010d kot 850.000 dru\u017ein in prevozila ve\u010d kot milijardo kilometrov. Dru\u017eba zagotavlja neposredno povezavo s skoraj vsemi mesti v ZDA, Kanadi in Portoriku, ki imajo ve\u010d kot 30.000 prebivalcev, kar pomeni 44.000 razli\u010dnih skupnosti.<\/p>\n<p><strong>Akreditacije in pripadnosti AFB U-Pack:<\/strong><\/p>\n<ul>\n<li> BBB akreditirano podjetje A+<\/li>\n<\/ul>\n<h2>U-Pack Moving Mnenja<\/h2>\n<p><strong>Pozitivna<\/strong><\/p>\n<ul>\n<li> \"<em>Za \u010dezmejno (ZDA\/Kanada) zelo priporo\u010dam U-Pack.\"<\/em> - Laura J prek <a href=\"http:\/\/www.yelp.com\/user_details?userid=MFsoomxJ9wmWksnuhEbsWQ\" target=\"_blank\" rel=\"noopener\">Yelp<\/a> <\/li>\n<li> \"<em>Ko razmi\u0161ljam o mo\u017enostih Upack vs Uhaul z avtoprevoznikom, je Upack nedvomno najbolj\u0161a izbira.\"<\/em> - Lee prek <a href=\"http:\/\/www.mymovingreviews.com\/movers\/u-pack-2041#54792\" target=\"_blank\" rel=\"noopener\">MyMovingReviews.com<\/a><\/li>\n<li> \"<em>Veliko splo\u0161no zadovoljstvo strank skupaj z najbolj\u0161o ceno, pravo\u010dasnostjo in strokovnostjo.\"<\/em> - B Anderson prek <a href=\"https:\/\/www.trustpilot.com\/users\/563a175f0000ff0001e81099\" target=\"_blank\" rel=\"noopener\">Trustpilot<\/a> <\/li>\n<li> \"<em>Najbolj\u0161i <a href=\"https:\/\/moverdb.com\/sl\/moving-companies\/\" data-internallinksmanager029f6b8e52c=\"79\" title=\"Top 25 Mednarodne selitve podjetja Online\">selitev podjetja<\/a> Priporo\u010dil bi ga vsakomur.\"<\/em> - Beatrice F prek <a href=\"https:\/\/www.sitejabber.com\/reviews\/www.upack.com#6\" target=\"_blank\" rel=\"noopener\">SiteJabber<\/a> <\/li>\n<\/ul>\n<p><strong>Negativni<\/strong><\/p>\n<ul>\n<li> \"<em>Ne uporabljajte tega podjetja. Ob\u017ealovali boste. Najhuj\u0161a napaka, ki sem jo naredil. Stala me je ve\u010d denarja, kot bi morala prihraniti.\"<\/em> - Christina prek <a href=\"http:\/\/www.yelp.com\/user_details?userid=h6i4pikiNvzwmw8VvAOvrw\" target=\"_blank\" rel=\"noopener\">Yelp<\/a> <\/li>\n<li> \"<em>Vse svoje \u017eivljenje smo pre\u017eiveli v drugih dr\u017eavah. Ko sva \u0161la po svoje stvari, je bilo toliko po\u0161kodovanega, da je bilo to neverjetno.\"<\/em> - Sarah prek <a href=\"http:\/\/www.mymovingreviews.com\/movers\/u-pack-2041#54608\" target=\"_blank\" rel=\"noopener\">MyMovingReviews.com<\/a> <\/li>\n<li> \"<em>Tovornjak je bil naveden od 14. do 18. ure. Za pomo\u010d so najeli selitvene delavce ob 17.00. Tovornjak se ni pojavil ob 18.00.\" <\/em> - Cliff Gragg prek <a href=\"https:\/\/www.trustpilot.com\/users\/561008750000ff0001e06238\" target=\"_blank\" rel=\"noopener\">TrustPilot<\/a> <\/li>\n<li> \"<em>Neprofesionalno. \u0160e vedno smo sredi selitve s podjetjem U-Pack.\"<\/em> - Karen W prek <a href=\"https:\/\/www.sitejabber.com\/reviews\/www.upack.com#5\" target=\"_blank\" rel=\"noopener\">SiteJabber<\/a> <\/li>\n<\/ul>\n<div itemprop=\"review\" itemscope itemtype=\"http:\/\/schema.org\/Review\">\n<span itemprop=\"author\" itemscope=\"\" itemtype=\"http:\/\/schema.org\/Organization\"><span itemprop=\"name\">MoverDB.com<\/span><\/span> Spletni pregled spletnega mesta za <span itemprop=\"itemreviewed\" itemscope=\"\" itemtype=\"http:\/\/schema.org\/Brand\"><span itemprop=\"name\">U-Pack Moving<\/span><\/span>:<\/p>\n<ol>\n<li> Jasni kontaktni podatki na spletnem mestu (vklju\u010dno s telefonsko \u0161tevilko): <strong>Da<\/strong><\/li>\n<li> Enostavno pridobivanje <a href=\"https:\/\/moverdb.com\/sl\/citati\/\">mednarodne selitvene ponudbe<\/a>? (Spletni obrazec za zahtevek za oceno): <strong>Da<\/strong><\/li>\n<li> Jasne informacije na spletnem mestu: <strong>Da,<\/strong> Na spletni strani je odli\u010dno predstavljeno vse, kar podjetje ponuja.<\/li>\n<li> \u010clanstvo v mednarodno priznanih organizacijah, ki se ukvarjajo z gibanjem: <strong>Da<\/strong>, glej zgoraj<\/li>\n<li> Seznam strank in\/ali pri\u010devanja prej\u0161njih strank: <strong>Da,<\/strong> Na spletnem mestu je veliko pregledov strank.<\/li>\n<\/ol>\n<div itemprop=\"reviewRating\" itemscope itemtype=\"http:\/\/schema.org\/Rating\"><meta itemprop=\"worstRating\" content = \"0\" \/><meta itemprop=\"bestRating\" content=\"5\" \/><meta itemprop=\"ratingValue\" content=\"5\"><\/div>\n<p><strong>Skupna ocena: 5\/5<\/strong><br \/>\n<strong>Datum pregleda:<\/strong> <span itemprop=\"datePublished\" content=\"2016-07-25\">25\/07\/2016<\/span>\n<\/div>\n<p>Preberite ve\u010d o drugih <a href=\"https:\/\/moverdb.com\/sl\/selitev-podjetja\/\">mednarodna selitvena podjetja<\/a>, <a href=\"https:\/\/moverdb.com\/sl\/nas-kanada-premikovalci\/\">ZDA se gibljejo podjetja<\/a> in na\u0161e <a href=\"https:\/\/moverdb.com\/sl\/pregledi\/\">razlaga postopka pregleda<\/a>.<\/p>\n<p><strong>Spletna stran:<\/strong> <a href=\"http:\/\/www.upack.com\" target=\"_blank\" rel=\"noopener\">http:\/\/www.upack.com<\/a><\/p>","protected":false},"excerpt":{"rendered":"<p>ABF U-Pack Moving offers its customers a variety of services for moving and self-packing and unpacking within the US, Canada and Puerto Rico. These services are listed below, together with a company profile and reviews. Types of Moves on Offer Cross-country moving Long distance moving &#8211; US, Canada, Puerto Rico Door to door moving Self-moving [&hellip;]<\/p>\n","protected":false},"author":1,"featured_media":0,"parent":0,"menu_order":0,"comment_status":"closed","ping_status":"closed","template":"","meta":{"_genesis_hide_title":false,"_genesis_hide_breadcrumbs":false,"_genesis_hide_singular_image":false,"_genesis_hide_footer_widgets":false,"_genesis_custom_body_class":"","_genesis_custom_post_class":"","_genesis_layout":"","footnotes":""},"class_list":{"0":"post-1061","1":"page","2":"type-page","3":"status-publish","5":"entry"},"_links":{"self":[{"href":"https:\/\/moverdb.com\/sl\/wp-json\/wp\/v2\/pages\/1061","targetHints":{"allow":["GET"]}}],"collection":[{"href":"https:\/\/moverdb.com\/sl\/wp-json\/wp\/v2\/pages"}],"about":[{"href":"https:\/\/moverdb.com\/sl\/wp-json\/wp\/v2\/types\/page"}],"author":[{"embeddable":true,"href":"https:\/\/moverdb.com\/sl\/wp-json\/wp\/v2\/users\/1"}],"replies":[{"embeddable":true,"href":"https:\/\/moverdb.com\/sl\/wp-json\/wp\/v2\/comments?post=1061"}],"version-history":[{"count":6,"href":"https:\/\/moverdb.com\/sl\/wp-json\/wp\/v2\/pages\/1061\/revisions"}],"predecessor-version":[{"id":6248,"href":"https:\/\/moverdb.com\/sl\/wp-json\/wp\/v2\/pages\/1061\/revisions\/6248"}],"wp:attachment":[{"href":"https:\/\/moverdb.com\/sl\/wp-json\/wp\/v2\/media?parent=1061"}],"curies":[{"name":"wp","href":"https:\/\/api.w.org\/{rel}","templated":true}]}}