{"id":1060,"date":"2016-08-21T20:38:32","date_gmt":"2016-08-21T20:38:32","guid":{"rendered":"http:\/\/moverdb.com\/?page_id=1060"},"modified":"2026-01-08T15:20:47","modified_gmt":"2026-01-08T15:20:47","slug":"suddath","status":"publish","type":"page","link":"https:\/\/moverdb.com\/sl\/suddath\/","title":{"rendered":"Suddath: Mnenja o mednarodnih selitvah in preselitvah"},"content":{"rendered":"<p>Suddath svojim strankam ponuja celovito storitev selitve in skladi\u0161\u010denja na mednarodni in lokalni ravni. Ti so navedeni spodaj, skupaj s profilom podjetja in pregledi.<\/p>\n<p><strong>Mednarodno selitev in skladi\u0161\u010denje<\/strong><\/p>\n<ul>\n<li> Po\u0161iljanje gospodinjskih predmetov<\/li>\n<li> Dodeljen svetovalec za poteze<\/li>\n<li> Komplet pred selitvijo<\/li>\n<li> Carinsko informiranje in svetovanje<\/li>\n<li> Informacije o destinaciji<\/li>\n<li> Prostori za shranjevanje<\/li>\n<li> Vrednotenje ali zavarovalni\u0161ko svetovanje<\/li>\n<\/ul>\n<p><strong>Upravljanje politike in programa premestitve podjetja<\/strong><\/p>\n<ul>\n<li> Pregled in\/ali razvoj politike premestitve<\/li>\n<li> Upravljanje politike<\/li>\n<li> Predana, izku\u0161ena ekipa za vodenje ra\u010duna<\/li>\n<li> Program zagotavljanja kakovosti z merljivimi kazalniki<\/li>\n<li> Spletni dostop ali poro\u010danje in sledenje po\u0161iljkam<\/li>\n<\/ul>\n<p><strong>Druge storitve globalne mobilnosti<\/strong><\/p>\n<ul>\n<li> Primerjava, pregled in razvoj globalne politike<\/li>\n<li> Storitve odhoda in prodaje stanovanj<\/li>\n<li> Projekcije stro\u0161kov<\/li>\n<li> Ocenjevanje kandidatov<\/li>\n<li> Svetovanje na podro\u010dju davkov in socialne varnosti<\/li>\n<li> Stalne storitve dodeljevanja nalog<\/li>\n<li> Potovanje pred dodelitvijo<\/li>\n<li> Medkulturno, poslovno ozave\u0161\u010danje in jezikovno usposabljanje<\/li>\n<li> Lizing ali financiranje avtomobila<\/li>\n<li> Iskanje \u0161ole<\/li>\n<li> Program repatriacije<\/li>\n<\/ul>\n<p><strong>Vlada po vsem svetu Premikanje in skladi\u0161\u010denje<\/strong><\/p>\n<ul>\n<li> Celovita storitev, ki se giblje za vlado in vojsko<\/li>\n<\/ul>\n<p><strong><a href=\"https:\/\/moverdb.com\/sl\/moving-to-the-united-states\/\" data-internallinksmanager029f6b8e52c=\"94\" title=\"Selitev v Zdru\u017eene dr\u017eave Amerike? 2022 \u017divljenjski stro\u0161ki in nasveti za selitev\">ZDA<\/a> Premikanje in skladi\u0161\u010denje stanovanjskih objektov<\/strong><\/p>\n<p><strong>premestitev podjetja<\/strong><\/p>\n<ul>\n<li> Ocenjevanje in posvetovanje o politiki premikanja<\/li>\n<li> Upravljanje premikov<\/li>\n<li> Premiki skupine<\/li>\n<li> Enotna kontaktna to\u010dka<\/li>\n<li> Prevoz gospodinjskega blaga<\/li>\n<li> Druge storitve selitve (vklju\u010dno s storitvami, povezanimi z nepremi\u010dninami, hipotekami, iskanjem stanovanj, storitvami na destinaciji)<\/li>\n<\/ul>\n<p><strong>Stanovanjska, zasebna selitev<\/strong><\/p>\n<ul>\n<li> Ocena pred selitvijo<\/li>\n<li> Poseben koordinator selitve<\/li>\n<li> Storitve pakiranja (na izvornem in namembnem kraju)<\/li>\n<li> Pakirni material<\/li>\n<li> Sledenje po\u0161iljkam<\/li>\n<li> Storitve shranjevanja<\/li>\n<li> Premestitev in storitve, povezane z nepremi\u010dninami<\/li>\n<\/ul>\n<h2>Profil podjetja Suddath<\/h2>\n<p>Suddath, Suddath Van Lines in Suddath Relocations Systems so dru\u017einska podjetja, ki so za\u010dela delovati leta 1919 v Jacksonvillu, <a href=\"https:\/\/moverdb.com\/sl\/moving-to-the-united-states\/moving-to-florida\/\" data-internallinksmanager029f6b8e52c=\"331\" title=\"Selitev na Florido? 2023 \u017divljenjski stro\u0161ki in nasveti za selitev\">Florida<\/a> Carl Suddath, ki je podjetje za\u010del z enim kombijem, dvema mulama in dvema potovalnima avtomobiloma za potrebe nove filmske industrije. Zdaj imajo pisarne v ZDA in <a href=\"https:\/\/moverdb.com\/sl\/moving-to-canada\/\" data-internallinksmanager029f6b8e52c=\"265\" title=\"Selitev v Kanado? 2023 \u017divljenjski stro\u0161ki in nasveti za selitev\">Kanada<\/a> in veliko mre\u017eo zastopnikov po vsem svetu.<\/p>\n<p>Suddath letno opravi ve\u010d kot 75.000 mednarodnih in lokalnih selitev za posameznike, podjetja, vlado in vojsko. <\/p>\n<p>Ponosno se lahko pohvalijo, da so med njihovimi glavnimi strankami nekatera podjetja s seznama Fortune 500, pa tudi vlada ZDA. Suddath zagotavlja celovito storitev od prve ponudbe do razpakiranja in selitvenih storitev.<\/p>\n<p>Suddath ima naslednje akreditacije in povezave:<\/p>\n<ul>\n<li> <a href=\"https:\/\/moverdb.com\/sl\/fidi-faim\/\">FIDI<\/a><\/li>\n<li> Mednarodna mre\u017ea za selitve v tujini (OMNI)<\/li>\n<li> <a href=\"https:\/\/moverdb.com\/sl\/iam\/\">Mednarodno zdru\u017eenje movers<\/a> (<a href=\"https:\/\/moverdb.com\/sl\/iam\/\" data-internallinksmanager029f6b8e52c=\"23\" title=\"Pojasnila o Mednarodnem zdru\u017eenju gibalcev (IAM)\">IAM<\/a>)<\/li>\n<li> <a href=\"https:\/\/moverdb.com\/sl\/lacma\/\" target=\"_blank\" rel=\"noopener\">Latinskoameri\u0161ko in karibsko zdru\u017eenje mednarodnih prevoznikov<\/a> (<a href=\"https:\/\/moverdb.com\/sl\/lacma\/\" data-internallinksmanager029f6b8e52c=\"28\" title=\"Zdru\u017eenje mednarodnih prevoznikov iz Latinske Amerike in Karibov (LACMA)\">LACMA<\/a>)<\/li>\n<li> Panameri\u0161ko zdru\u017eenje mednarodnih prevoznikov (PAIMA)<\/li>\n<li> <a href=\"https:\/\/moverdb.com\/sl\/britansko-zdruzenje-odstranjevalcev\/\" target=\"_blank\" rel=\"noopener\">Britansko zdru\u017eenje odstranjevalcev<\/a> (<a href=\"https:\/\/moverdb.com\/sl\/british-association-of-removers\/\" data-internallinksmanager029f6b8e52c=\"9\" title=\"Pojasnila o Britanskem zdru\u017eenju izvajalcev selitev (BAR)\">BAR<\/a>)<\/li>\n<li> <a href=\"https:\/\/moverdb.com\/sl\/svet-za-premestitev-zaposlenih\/\" target=\"_blank\" rel=\"noopener\">ERC po vsem svetu<\/a><\/li>\n<li> Dru\u0161tvo za upravljanje \u010dlove\u0161kih virov (SHRM)<\/li>\n<li> Trgovinsko partnerstvo strank proti terorizmu (C-TPAT)<\/li>\n<li> <a href=\"https:\/\/moverdb.com\/sl\/iata\/\" target=\"_blank\" rel=\"noopener\">IATA<\/a><\/li>\n<li> Urad za bolj\u0161e poslovanje (BBB)<\/li>\n<li> ISO 9001-2008<\/li>\n<li> Globalne selitvene storitve Brookfield<\/li>\n<li> <a href=\"https:\/\/moverdb.com\/sl\/fidi-faim\/\" data-internallinksmanager029f6b8e52c=\"16\" title=\"Pojasnila o FIDI in FAIM (FIDI Accredited International Mover)\">FAIM<\/a> Plus<\/li>\n<li> Certificiran Office Mover - Mednarodni in\u0161titut za selitve pisarn<\/li>\n<li> <a href=\"https:\/\/moverdb.com\/sl\/obrocnik\/\" target=\"_blank\" rel=\"noopener\">ProMover<\/a><\/li>\n<li> Uprava za splo\u0161ne storitve (GSA)<\/li>\n<\/ul>\n<p><strong>Suddath Moving Mnenja<\/strong><\/p>\n<p><strong>Pozitivno:<\/strong><\/p>\n<ul>\n<li> <em>\"Pomagali so mi na vsakem koraku moje selitve.\"<\/em> - Alan H prek <a href=\"http:\/\/www.yelp.com\/biz\/suddath-relocation-systems-jacksonville-3?hrid=aZPhVuYjTxAl3ImKZTmp1A&#038;utm_campaign=www_review_share_popup&#038;utm_medium=copy_link&#038;utm_source=(direct)\" target=\"_blank\" rel=\"noopener\">Yelp<\/a><\/li>\n<li> <em>\"Suddath je opravil odli\u010dno delo od za\u010detka do konca - od stika do pregleda, nakladanja in razkladanja, pri \u010demer so se dr\u017eali urnika. Posebna zahvala gre \u0161tirim fantom in vozniku, ki so opravljali te\u017eka dela.\"<\/em> - Wayne Ernest prek <a href=\"http:\/\/reviews.birdeye.com\/suddath-relocation-systems-388913888\" target=\"_blank\" rel=\"noopener\">BirdEye<\/a> <\/li>\n<\/ul>\n<p><strong>Negativno:<\/strong><\/p>\n<ul>\n<li> <em>\"Po ve\u010d elektronskih sporo\u010dilih so mi ljudje iz Suddatha ponudili $2,350 za moje manjkajo\u010de predmete v vrednosti $7,500.\" <\/em>Aaron C prek <a href=\"http:\/\/www.yelp.com\/biz\/suddath-relocation-systems-jacksonville-3?hrid=NyswOKGKwwPmsuorvGtzew&#038;utm_campaign=www_review_share_popup&#038;utm_medium=copy_link&#038;utm_source=(direct)\" target=\"_blank\" rel=\"noopener\">Yelp<\/a> <\/li>\n<li> \"V zadnjih 15 letih sem se ve\u010dkrat preselil in to je bilo absolutno najslab\u0161e <a href=\"https:\/\/moverdb.com\/sl\/moving-companies\/\" data-internallinksmanager029f6b8e52c=\"79\" title=\"Top 25 Mednarodne selitve podjetja Online\">selitev podjetja<\/a> s katerimi sem se kdaj sre\u010dal.\" - Peter Burgess prek <a href=\"http:\/\/www.mymovingreviews.com\/movers\/suddath-120#26803\" target=\"_blank\" rel=\"noopener\">MyMovingReviews.com<\/a><\/li>\n<\/ul>\n<div itemprop=\"review\" itemscope itemtype=\"http:\/\/schema.org\/Review\">\n<span itemprop=\"author\" itemscope=\"\" itemtype=\"http:\/\/schema.org\/Organization\"><span itemprop=\"name\">MoverDB.com<\/span><\/span> Spletni pregled spletnega mesta za <span itemprop=\"itemreviewed\" itemscope=\"\" itemtype=\"http:\/\/schema.org\/Brand\"><span itemprop=\"name\">Suddath<\/span><\/span>:<\/p>\n<ol>\n<li> Jasni kontaktni podatki na spletnem mestu (vklju\u010dno s telefonsko \u0161tevilko): <strong>Da<\/strong><\/li>\n<li> Enostavno pridobivanje <a href=\"https:\/\/moverdb.com\/sl\/citati\/\">mednarodne selitvene ponudbe<\/a>? (Spletni obrazec za zahtevek za oceno): <strong>Da<\/strong><\/li>\n<li> Jasne informacije na spletnem mestu: <strong>Delno<\/strong>, Spletno mesto ima veliko strani, vendar je ve\u010dina informacij precej splo\u0161nih.<\/li>\n<li> \u010clanstvo v mednarodno priznanih organizacijah, ki se ukvarjajo z gibanjem: <strong>Da<\/strong>, veliko, glej zgoraj<\/li>\n<li> Seznam strank in\/ali pri\u010devanja prej\u0161njih strank: <strong>Nekateri,<\/strong> ima \u0161tudije primerov, vendar ne podrobnih pregledov ali pri\u010devanj.<\/li>\n<\/ol>\n<div itemprop=\"reviewRating\" itemscope itemtype=\"http:\/\/schema.org\/Rating\"><meta itemprop=\"worstRating\" content = \"0\" \/><meta itemprop=\"bestRating\" content=\"5\" \/><meta itemprop=\"ratingValue\" content=\"4\"><\/div>\n<p><strong>Skupna ocena: 4\/5<\/strong><br \/>\n<strong>Datum pregleda:<\/strong> <span itemprop=\"datePublished\" content=\"2016-08-21\">21\/08\/2016<\/span>\n<\/div>\n<p>Preberite ve\u010d o <a href=\"https:\/\/moverdb.com\/sl\/selitev-podjetja\/\">mednarodni selitveni delavci<\/a>, <a href=\"https:\/\/moverdb.com\/sl\/nas-kanada-premikovalci\/\">Severnoameri\u0161ki selitveni delavci<\/a> in na\u0161e <a href=\"https:\/\/moverdb.com\/sl\/pregledi\/\">postopek pregleda<\/a>.<\/p>\n<p><strong>Spletna stran:<\/strong> <a href=\"http:\/\/suddath.com\" target=\"_blank\" rel=\"noopener\">http:\/\/suddath.com<\/a><\/p>","protected":false},"excerpt":{"rendered":"<p>Suddath offers its clients full service moving and storage both internationally and locally. These are listed below, together with a company profile and reviews. International Moving and Storage Shipment of household goods Assigned move counsellor Pre-move kit Customs information and counselling Destination information Storage facilities Valuation or insurance counselling Corporate relocation policy and program management [&hellip;]<\/p>\n","protected":false},"author":1,"featured_media":0,"parent":0,"menu_order":0,"comment_status":"closed","ping_status":"closed","template":"","meta":{"_genesis_hide_title":false,"_genesis_hide_breadcrumbs":false,"_genesis_hide_singular_image":false,"_genesis_hide_footer_widgets":false,"_genesis_custom_body_class":"","_genesis_custom_post_class":"","_genesis_layout":"","footnotes":""},"class_list":{"0":"post-1060","1":"page","2":"type-page","3":"status-publish","5":"entry"},"_links":{"self":[{"href":"https:\/\/moverdb.com\/sl\/wp-json\/wp\/v2\/pages\/1060","targetHints":{"allow":["GET"]}}],"collection":[{"href":"https:\/\/moverdb.com\/sl\/wp-json\/wp\/v2\/pages"}],"about":[{"href":"https:\/\/moverdb.com\/sl\/wp-json\/wp\/v2\/types\/page"}],"author":[{"embeddable":true,"href":"https:\/\/moverdb.com\/sl\/wp-json\/wp\/v2\/users\/1"}],"replies":[{"embeddable":true,"href":"https:\/\/moverdb.com\/sl\/wp-json\/wp\/v2\/comments?post=1060"}],"version-history":[{"count":6,"href":"https:\/\/moverdb.com\/sl\/wp-json\/wp\/v2\/pages\/1060\/revisions"}],"predecessor-version":[{"id":6242,"href":"https:\/\/moverdb.com\/sl\/wp-json\/wp\/v2\/pages\/1060\/revisions\/6242"}],"wp:attachment":[{"href":"https:\/\/moverdb.com\/sl\/wp-json\/wp\/v2\/media?parent=1060"}],"curies":[{"name":"wp","href":"https:\/\/api.w.org\/{rel}","templated":true}]}}