{"id":1058,"date":"2016-07-25T21:05:23","date_gmt":"2016-07-25T21:05:23","guid":{"rendered":"http:\/\/moverdb.com\/?page_id=1058"},"modified":"2026-01-08T14:40:09","modified_gmt":"2026-01-08T14:40:09","slug":"mayflower-transit","status":"publish","type":"page","link":"https:\/\/moverdb.com\/sl\/mayflower-transit\/","title":{"rendered":"Mayflower Transit: Mednarodne selitvene storitve in ocene"},"content":{"rendered":"<p>Mayflower Transit svojim strankam ponuja vrsto doma\u010dih in mednarodnih selitvenih storitev, ki so navedene spodaj. Sledijo tudi profil podjetja in pregledi.<\/p>\n<p><strong>Mednarodni Movers<\/strong><\/p>\n<p>Storitve pred dodelitvijo<\/p>\n<ul>\n<li> Vizumi in storitve za priseljevanje<\/li>\n<li> Ogled potovanja in orientacija na obmo\u010dju<\/li>\n<li> Informacije o dr\u017eavi in kulturi<\/li>\n<\/ul>\n<p>Storitve selitve<\/p>\n<ul>\n<li> Na\u010drtovanje pred selitvijo<\/li>\n<li> Prevoz stvari<\/li>\n<li> Upravljanje selitve<\/li>\n<li> Sledenje po\u0161iljkam<\/li>\n<\/ul>\n<p>Mednarodne destinacijske storitve<\/p>\n<ul>\n<li> Kulturno in jezikovno usposabljanje<\/li>\n<li> Pomo\u010d \u0161olam<\/li>\n<li> Podpora partnerja\/skrbnika<\/li>\n<li> Uvajanje v storitev<\/li>\n<li> Pomo\u010d pri odhodu<\/li>\n<\/ul>\n<p>Storitve za\u0161\u010dite<\/p>\n<ul>\n<li> Multiplikator ute\u017ei<\/li>\n<li> Inventar visoke vrednosti<\/li>\n<li> Vrednoten inventar po postavkah<\/li>\n<\/ul>\n<p>Stanovanjska pomo\u010d<\/p>\n<ul>\n<li> Storitve iskanja domov<\/li>\n<li> Za\u010dasna nastanitev<\/li>\n<li> Upravljanje nepremi\u010dnin in najemnih razmerij<\/li>\n<\/ul>\n<p><strong><a href=\"https:\/\/moverdb.com\/sl\/moving-to-canada\/\" data-internallinksmanager029f6b8e52c=\"265\" title=\"Selitev v Kanado? 2023 \u017divljenjski stro\u0161ki in nasveti za selitev\">Selitev v Kanado<\/a><\/strong><\/p>\n<ul>\n<li> Zahtevana dokumentacija in predpisi<\/li>\n<li> Informacije o po\u0161iljanju stvari<\/li>\n<li> Informacije o <a href=\"https:\/\/moverdb.com\/sl\/avto-transport-spedicija\/\">prevozna vozila<\/a><\/li>\n<\/ul>\n<p><strong>Vrste premikov<\/strong><\/p>\n<ul>\n<li> Selitve gospodinjstev - kratke in dolge razdalje<\/li>\n<li> Lokalni selitveni delavci<\/li>\n<li> Podjetni\u0161ki selitveni delavci<\/li>\n<li> Voja\u0161ki in vladni selitveni delavci<\/li>\n<li> <a href=\"https:\/\/moverdb.com\/sl\/selitev-podjetja\/\" target=\"_blank\" rel=\"noopener\">Mednarodni selitveni delavci<\/a><\/li>\n<\/ul>\n<p><strong>Storitve selitve<\/strong><\/p>\n<ul>\n<li> Pakiranje in razpakiranje<\/li>\n<li> Za\u0161\u010dita pri premikanju<\/li>\n<li> Avtomobilski prevoz<\/li>\n<li> Shranjevanje<\/li>\n<li> Storitev \u010di\u0161\u010denja<\/li>\n<li> Zbiranje odpadkov<\/li>\n<li> Namestitev sistema za doma\u010di kino in\/ali ra\u010dunalnikov<\/li>\n<li> Vrtnarske storitve<\/li>\n<li> Nepremi\u010dninske storitve<\/li>\n<\/ul>\n<h2>Profil podjetja Mayflower Transit<\/h2>\n<p>Dru\u017ebo Mayflower Transit sta leta 1927 v Indianapolisu ustanovila Conrad M. Gentry in Don F. Kenworthy. Ustanovitelja sta \u017eelela ljudem ponuditi alternativo prevozu stvari po \u017eeleznici. <\/p>\n<p>Do konca druge svetovne vojne se je podjetje raz\u0161irilo in je zdaj vklju\u010devalo storitve, kot so selitve zaposlenih v podjetjih ter selitve in priprava sejmov. <\/p>\n<p>Leta 1995 se je Mayflower Transit pridru\u017eil skupini UniGroup, ki je <strong>$1,7 milijarde<\/strong> podjetje, ki ponuja selitev, prevoz in skladi\u0161\u010denje po vsem svetu. Mayflower Transit ponuja \u0161iroko paleto storitev, od selitev in skladi\u0161\u010denja po lastni izbiri do celovitih storitev po meri. <\/p>\n<p><strong>Pripadnost in akreditacije Mayflower Transit:<\/strong><\/p>\n<ul>\n<li> Nacionalno zagotavljanje kakovosti <a href=\"https:\/\/moverdb.com\/sl\/moving-to-the-united-states\/\" data-internallinksmanager029f6b8e52c=\"94\" title=\"Selitev v Zdru\u017eene dr\u017eave Amerike? 2022 \u017divljenjski stro\u0161ki in nasveti za selitev\">ZDA<\/a> (NQA) ISO 9001:2008<\/li>\n<li> <a href=\"https:\/\/moverdb.com\/sl\/amsa\/\">Ameri\u0161ko zdru\u017eenje za selitve in skladi\u0161\u010denje<\/a> (<a href=\"https:\/\/moverdb.com\/sl\/amsa\/\" data-internallinksmanager029f6b8e52c=\"5\" title=\"Pojasnila o ameri\u0161kem zdru\u017eenju za selitve in skladi\u0161\u010denje (AMSA)\">AMSA<\/a>) - <a href=\"https:\/\/moverdb.com\/sl\/obrocnik\/\">ProMover<\/a><\/li>\n<\/ul>\n<h2>Mayflower Tranzit Ocene<\/h2>\n<p><strong>Pozitivno:<\/strong><\/p>\n<ul>\n<li> \"<em>Pri\u0161li so pravo\u010dasno, pravo\u010dasno pri\u0161li na na\u0161 novi naslov in kon\u010dna cena, ki smo jo pla\u010dali, je bila to\u010dno tak\u0161na, kot so nam jo navedli na za\u010detku!! \"<\/em> - Paul I prek <a href=\"http:\/\/www.mymovingreviews.com\/movers\/mayflower-movers-181#38117\" target=\"_blank\" rel=\"noopener\">MyMovingReviews.com<\/a> <\/li>\n<li> \"<em>Odli\u010dno so opravili na\u0161e delo, postavili postelje, ponovno sestavili pohi\u0161tvo, ki ga je bilo treba razstaviti zaradi pakiranja. Oba z \u017eeno sva bila zelo zadovoljna z na\u010dinom selitve.\"<\/em> - Jon prek <a href=\"https:\/\/www.consumeraffairs.com\/movers\/mayflower.html?page=3\" target=\"_blank\" rel=\"noopener\">Potro\u0161ni\u0161ke zadeve<\/a> <\/li>\n<\/ul>\n<p><strong>Negativno:<\/strong><\/p>\n<ul>\n<li> \"<em>\u010ce bi lahko dal 0 zvezdic, bi jih zagotovo dal.\"<\/em> - Bill M. prek <a href=\"http:\/\/www.mymovingreviews.com\/movers\/mayflower-movers-181#41675\" target=\"_blank\" rel=\"noopener\">MyMovingReviews.com<\/a><\/li>\n<li> \"<em>\u017delim si, da bi pred na\u0161o selitvijo prebrali preglede. Izku\u0161nja je bila grozljiva od za\u010detka do konca.\" <\/em> - Alison prek <a href=\"https:\/\/www.consumeraffairs.com\/movers\/mayflower.html?page=3\" target=\"_blank\" rel=\"noopener\">Potro\u0161ni\u0161ke zadeve<\/a><\/li>\n<\/ul>\n<div itemprop=\"review\" itemscope itemtype=\"http:\/\/schema.org\/Review\">\n<span itemprop=\"author\" itemscope=\"\" itemtype=\"http:\/\/schema.org\/Organization\"><span itemprop=\"name\">MoverDB.com<\/span><\/span> Spletni pregled spletnega mesta za <span itemprop=\"itemreviewed\" itemscope=\"\" itemtype=\"http:\/\/schema.org\/Brand\"><span itemprop=\"name\">Mayflower Transit<\/span><\/span>:<\/p>\n<ol>\n<li> Jasni kontaktni podatki na spletnem mestu (vklju\u010dno s telefonsko \u0161tevilko): <strong>Da<\/strong><\/li>\n<li> Enostavno pridobivanje <a href=\"https:\/\/moverdb.com\/sl\/citati\/\">mednarodne selitvene ponudbe<\/a>? (Spletni obrazec za zahtevek za oceno): <strong>Da<\/strong><\/li>\n<li> Jasne informacije na spletnem mestu: <strong>Da.<\/strong> Spletna stran vsebuje veliko informacij, ve\u010d pa jih je na voljo, ko zaprosite za ponudbo.<\/li>\n<li> \u010clanstvo v mednarodno priznanih organizacijah, ki se ukvarjajo z gibanjem: <strong>Da<\/strong>, glej zgoraj.<\/li>\n<li> Seznam strank in\/ali pri\u010devanja prej\u0161njih strank: <strong>Da<\/strong>na spletni strani je veliko pozitivnih mnenj strank.<\/li>\n<\/ol>\n<div itemprop=\"reviewRating\" itemscope itemtype=\"http:\/\/schema.org\/Rating\"><meta itemprop=\"worstRating\" content = \"0\" \/><meta itemprop=\"bestRating\" content=\"5\" \/><meta itemprop=\"ratingValue\" content=\"4.5\"><\/div>\n<p><strong>Skupna ocena: 4,5\/5<\/strong><br \/>\n<strong>Datum pregleda:<\/strong> <span itemprop=\"datePublished\" content=\"2016-07-25\">25\/07\/2016<\/span>\n<\/div>\n<p>Preberite ve\u010d o <a href=\"https:\/\/moverdb.com\/sl\/selitev-podjetja\/\">mednarodna selitvena podjetja<\/a>, <a href=\"https:\/\/moverdb.com\/sl\/nas-kanada-premikovalci\/\">Doma\u010di selitveni delavci v ZDA<\/a> in izvedeli ve\u010d o na\u0161ih <a href=\"https:\/\/moverdb.com\/sl\/pregledi\/\">postopek pregleda<\/a>.<\/p>\n<p><strong>Spletna stran:<\/strong> <a href=\"http:\/\/www.mayflower.com\/\" target=\"_blank\" rel=\"noopener\">http:\/\/www.mayflower.com<\/a><\/p>","protected":false},"excerpt":{"rendered":"<p>Mayflower Transit offers its customers a range of domestic and international moving services, which are listed below. There also follows a company profile and reviews. International Movers Pre-assignment Services Visa and immigration services Preview trip and area orientation Country and culture information Moving Services Pre-move planning Transportation of belongings Managing the move Shipment tracking International [&hellip;]<\/p>\n","protected":false},"author":1,"featured_media":0,"parent":0,"menu_order":0,"comment_status":"closed","ping_status":"closed","template":"","meta":{"_genesis_hide_title":false,"_genesis_hide_breadcrumbs":false,"_genesis_hide_singular_image":false,"_genesis_hide_footer_widgets":false,"_genesis_custom_body_class":"","_genesis_custom_post_class":"","_genesis_layout":"","footnotes":""},"class_list":{"0":"post-1058","1":"page","2":"type-page","3":"status-publish","5":"entry"},"_links":{"self":[{"href":"https:\/\/moverdb.com\/sl\/wp-json\/wp\/v2\/pages\/1058","targetHints":{"allow":["GET"]}}],"collection":[{"href":"https:\/\/moverdb.com\/sl\/wp-json\/wp\/v2\/pages"}],"about":[{"href":"https:\/\/moverdb.com\/sl\/wp-json\/wp\/v2\/types\/page"}],"author":[{"embeddable":true,"href":"https:\/\/moverdb.com\/sl\/wp-json\/wp\/v2\/users\/1"}],"replies":[{"embeddable":true,"href":"https:\/\/moverdb.com\/sl\/wp-json\/wp\/v2\/comments?post=1058"}],"version-history":[{"count":7,"href":"https:\/\/moverdb.com\/sl\/wp-json\/wp\/v2\/pages\/1058\/revisions"}],"predecessor-version":[{"id":13174,"href":"https:\/\/moverdb.com\/sl\/wp-json\/wp\/v2\/pages\/1058\/revisions\/13174"}],"wp:attachment":[{"href":"https:\/\/moverdb.com\/sl\/wp-json\/wp\/v2\/media?parent=1058"}],"curies":[{"name":"wp","href":"https:\/\/api.w.org\/{rel}","templated":true}]}}