{"id":1057,"date":"2016-08-21T14:07:37","date_gmt":"2016-08-21T14:07:37","guid":{"rendered":"http:\/\/moverdb.com\/?page_id=1057"},"modified":"2026-01-08T15:20:46","modified_gmt":"2026-01-08T15:20:46","slug":"stevens-worldwide-van-lines","status":"publish","type":"page","link":"https:\/\/moverdb.com\/sl\/stevens-worldwide-van-lines\/","title":{"rendered":"Stevens Worldwide Van Lines: International Moving Reviews"},"content":{"rendered":"<p>Podjetje Stevens Worldwide Van Lines ima sede\u017e v mestu Saginaw MI. Podjetje svojim strankam ponuja \u0161irok nabor storitev, ki so na\u0161tete spodaj. Sledijo tudi profil podjetja in pregledi.<\/p>\n<p><strong>Mednarodni selitveni<\/strong><\/p>\n<ul>\n<li> Osebno gospodinjstvo se gibljejo<\/li>\n<li> Mednarodna selitev Ministrstva za obrambo<\/li>\n<li> GSA mednarodno gibanje<\/li>\n<li> Premikanje podjetij<\/li>\n<li> <a href=\"https:\/\/moverdb.com\/sl\/spediter\/\">\u0160pedicija<\/a><\/li>\n<li> Celovita storitev od vrat do vrat<\/li>\n<li> Stevensovi strokovnjaki za mednarodno selitev za vse dr\u017eave.<\/li>\n<li> Pomagajte dolo\u010diti potrebe stranke.<\/li>\n<li> Razlo\u017eite vse razpolo\u017eljive mednarodne storitve selitve in premestitve, kot so pakiranje, premikanje, \u0161pedicija, <a href=\"https:\/\/moverdb.com\/sl\/kontejnersko-posiljanje\/\">po\u0161iljanje<\/a>, skladi\u0161\u010denje in zavarovanje<\/li>\n<li> Opi\u0161ite dol\u017enosti dru\u017ebe Stevens International in odgovornosti stranke pred selitvijo, med njo in po njej.<\/li>\n<li> Zagotovite <a href=\"https:\/\/moverdb.com\/sl\/citati\/\">natan\u010dna ocena<\/a><\/li>\n<li> Na\u010drtovanje celotne logistike selitve<\/li>\n<li> Pogajanja o <a href=\"https:\/\/moverdb.com\/sl\/stroski-selitve\/\">najbolj\u0161e cene<\/a><\/li>\n<li> nadzor nad uporabljenimi prevozniki in zastopniki ter spremljanje vsake faze selitve.<\/li>\n<li> poskrbite, da je vsa dokumentacija izpolnjena in predlo\u017eena natan\u010dno in pravo\u010dasno.<\/li>\n<li> ostati odgovoren za servisiranje po\u0161iljke v skladu z navodili svetovalca za po\u0161iljanje ali tujega zastopnika.<\/li>\n<li> po\u0161iljanje ustreznega materiala, delovne sile in opreme.<\/li>\n<\/ul>\n<p><strong>Stevensovi koordinatorji za mednarodno premestitev<\/strong><\/p>\n<ul>\n<li> imate izku\u0161nje na podro\u010dju mednarodne \u0161pedicije in selitev.<\/li>\n<li> imajo ve\u010djezi\u010dne zmogljivosti.<\/li>\n<li> poznajo carinske predpise in druge pomembne informacije ter lahko pomagajo pri ravnanju z dokumenti in njihovi obdelavi.<\/li>\n<li> Zagotavljanje nadzora z eno storitvijo<\/li>\n<li> svetovanje pred selitvijo in stalno svetovanje.<\/li>\n<li> Pomagamo vam lahko z informacijami o namembni dr\u017eavi in carini.<\/li>\n<li> Zagotavljanje stalne komunikacije in spremljanja storitev<\/li>\n<li> upo\u0161tevajte jasno opredeljene postopke priprave in ravnanja.<\/li>\n<li> Uporaba celovitih, hitrih in po\u0161tenih postopkov re\u0161evanja od\u0161kodninskih zahtevkov.<\/li>\n<\/ul>\n<p><strong>Premikanje gospodinjstev<\/strong><\/p>\n<ul>\n<li> Lokalni premikanje<\/li>\n<li> Iz dr\u017eave, ki se gibljejo<\/li>\n<li> Dolge razdalje, ki se gibljejo<\/li>\n<li> Meddr\u017eavno gibanje<\/li>\n<li> Cross Country se gibljejo<\/li>\n<li> Program majhnih premikov<\/li>\n<li> Pakiranje in razpakiranje<\/li>\n<li> Dobavljene \u0161katle in pakirni material<\/li>\n<li> Na voljo je kratkoro\u010dno in dolgoro\u010dno skladi\u0161\u010denje<\/li>\n<\/ul>\n<p><strong>Premikanje podjetij<\/strong><\/p>\n<ul>\n<li> Na voljo je celotna storitev<\/li>\n<li> Poseben svetovalec za selitev<\/li>\n<li> Premikanje ra\u010dunalni\u0161kih sistemov<\/li>\n<li> Vodenje projektov<\/li>\n<li> Pisarni\u0161ke in industrijske selitve<\/li>\n<li> Upravljanje sredstev\/skladi\u0161\u010denje<\/li>\n<li> Upravljanje nacionalnih selitev<\/li>\n<li> Storitve MAC<\/li>\n<li> Upravljanje dokumentacije<\/li>\n<li> Premiki opreme<\/li>\n<li> Premestitev datoteke<\/li>\n<li> Laboratorijski premiki<\/li>\n<\/ul>\n<p><strong>Premikanje vladnih in voja\u0161kih slu\u017eb<\/strong><\/p>\n<p><strong>Premikanje duhovnikov<\/strong><\/p>\n<h2>Stevens Worldwide Van Lines Profil podjetja<\/h2>\n<p>Frederick H. Stevens mlaj\u0161i je leta 1905 ustanovil podjetje Stevens Worldwide Van Lines. Za preva\u017eanje prtljage je uporabljal enega konja in eno vprego. <a href=\"https:\/\/moverdb.com\/sl\/moving-to-the-united-states\/moving-to-michigan\/\" data-internallinksmanager029f6b8e52c=\"414\" title=\"Selitev v Michigan? 2023 \u017divljenjski stro\u0161ki in nasveti za selitev\">Michigan<\/a> Centralna potni\u0161ka deponija v mestu Saginaw. Danes ima Stevens 125 zastopnikov po vsej dr\u017eavi. <a href=\"https:\/\/moverdb.com\/sl\/moving-to-the-united-states\/\" data-internallinksmanager029f6b8e52c=\"94\" title=\"Selitev v Zdru\u017eene dr\u017eave Amerike? 2022 \u017divljenjski stro\u0161ki in nasveti za selitev\">Zdru\u017eene dr\u017eave Amerike<\/a> in obse\u017een mednarodni oddelek. V podjetju ima \u010detrta in peta generacija Stevensov vodstvene polo\u017eaje.<\/p>\n<p>Stevens Worldwide Van Lines preva\u017ea gospodinjstva, podjetja, vladno in voja\u0161ko osebje ter duhovnike v ZDA in po svetu. Podjetje izvaja \u0161tevilne zelene pobude za zmanj\u0161anje oglji\u010dnega odtisa. Podpira tudi razli\u010dne dobrodelne organizacije na mednarodni in lokalni ravni.<\/p>\n<p>Stevens Worldwide Van Lines ima naslednje akreditacije in povezave:<\/p>\n<ul>\n<li> ISO 9001<\/li>\n<li> <a href=\"https:\/\/moverdb.com\/sl\/fidi-faim\/\">FIDI<\/a><\/li>\n<li> <a href=\"https:\/\/moverdb.com\/sl\/fidi-faim\/\" data-internallinksmanager029f6b8e52c=\"16\" title=\"Pojasnila o FIDI in FAIM (FIDI Accredited International Mover)\">FAIM<\/a><\/li>\n<li> <a href=\"https:\/\/moverdb.com\/sl\/iam\/\">Mednarodno zdru\u017eenje movers<\/a> (<a href=\"https:\/\/moverdb.com\/sl\/iam\/\" data-internallinksmanager029f6b8e52c=\"23\" title=\"Pojasnila o Mednarodnem zdru\u017eenju gibalcev (IAM)\">IAM<\/a>)<\/li>\n<li> <a href=\"https:\/\/moverdb.com\/sl\/lacma\/\">Latinskoameri\u0161ko in karibsko zdru\u017eenje mednarodnih prevoznikov<\/a> (<a href=\"https:\/\/moverdb.com\/sl\/lacma\/\" data-internallinksmanager029f6b8e52c=\"28\" title=\"Zdru\u017eenje mednarodnih prevoznikov iz Latinske Amerike in Karibov (LACMA)\">LACMA<\/a>)<\/li>\n<li> <a href=\"https:\/\/moverdb.com\/sl\/amsa\/\">Ameri\u0161ko zdru\u017eenje za selitve in skladi\u0161\u010denje<\/a> (<a href=\"https:\/\/moverdb.com\/sl\/amsa\/\" data-internallinksmanager029f6b8e52c=\"5\" title=\"Pojasnila o ameri\u0161kem zdru\u017eenju za selitve in skladi\u0161\u010denje (AMSA)\">AMSA<\/a>) - <a href=\"https:\/\/moverdb.com\/sl\/obrocnik\/\">ProMover<\/a><\/li>\n<li> BBB A+<\/li>\n<\/ul>\n<h2>Stevens Worldwide Van Lines Ocene<\/h2>\n<p><strong>Pozitivno:<\/strong><\/p>\n<ul>\n<li> <em>\"Od za\u010detka do konca je bila na\u0161a izku\u0161nja s Stevensom izjemna!\"<\/em> - Martin prek <a href=\"http:\/\/stevensworldwide.com\/testimonials\" target=\"_blank\" rel=\"noopener\">Pri\u010devanja strank podjetja Stevens<\/a><\/li>\n<li> \"<em>Na\u0161a izku\u0161nja s podjetjem Stevens Worldwide je bila vrhunska od za\u010detka do konca.\" <\/em> - Michael prek <a href=\"http:\/\/www.yelp.com\/biz\/stevens-worldwide-van-lines-saginaw-4?hrid=IQoARxOFSez8PQ9c5gUSmQ&#038;utm_campaign=www_review_share_popup&#038;utm_medium=copy_link&#038;utm_source=(direct)\" target=\"_blank\" rel=\"noopener\">Yelp<\/a><\/li>\n<li> \"<em>Izku\u0161nje so presegle pri\u010dakovanja. Zelo pomembno je, da se je prodajna ponudba ujemala z dejansko ceno. Drugi\u010d, bili smo preobremenjeni s pakiranjem. Prevoznik nas je prosil, da mu dan prej povemo svoje potrebe, in zagotovili so delovno silo, da je bilo vse opravljeno. \"<\/em> - Bill Counts prek <a href=\"http:\/\/www.mymovingreviews.com\/movers\/stevens-van-lines-825#49902\" target=\"_blank\" rel=\"noopener\">MyMovingReviews.com<\/a><\/li>\n<li> \"<em>Zelo prijazno osebje.\"<\/em> - Uporabnik Googla prek <a href=\"http:\/\/reviews.birdeye.com\/stevens-worldwide-van-lines-951509696\" target=\"_blank\" rel=\"noopener\">BirdEye<\/a> <\/li>\n<\/ul>\n<p><strong>Negativno:<\/strong><\/p>\n<ul>\n<li> <em>\"Ena zvezdica je tudi zanje preve\u010d.\"<\/em> - Michael M prek <a href=\"http:\/\/www.yelp.com\/biz\/stevens-worldwide-van-lines-saginaw-4?hrid=7erY_4bReACOHR_0idQdUQ&#038;utm_campaign=www_review_share_popup&#038;utm_medium=copy_link&#038;utm_source=(direct)\" target=\"_blank\" rel=\"noopener\">Yelp<\/a><\/li>\n<li> <em>\"Amaterski voznik s tremi neuporabnimi pomo\u010dniki je potreboval 14 ur, da je nalo\u017eil dvostanovanjsko hi\u0161o s kletjo.\"<\/em> - Steve prek <a href=\"http:\/\/www.mymovingreviews.com\/movers\/stevens-van-lines-825#55538\" target=\"_blank\" rel=\"noopener\">MyMovingReviews.com<\/a> <\/li>\n<li> \"<em>Bolj neprijetne izku\u0161nje ne bi mogli imeti.\"<\/em> - Brian Gibson prek <a href=\"http:\/\/reviews.birdeye.com\/stevens-worldwide-van-lines-951509696\" target=\"_blank\" rel=\"noopener\">BirdEye<\/a> <\/li>\n<\/ul>\n<div itemprop=\"review\" itemscope itemtype=\"http:\/\/schema.org\/Review\">\n<span itemprop=\"author\" itemscope=\"\" itemtype=\"http:\/\/schema.org\/Organization\"><span itemprop=\"name\">MoverDB.com<\/span><\/span> Spletni pregled spletnega mesta za <span itemprop=\"itemreviewed\" itemscope=\"\" itemtype=\"http:\/\/schema.org\/Brand\"><span itemprop=\"name\">Stevens Worldwide Van Lines<\/span><\/span>:<\/p>\n<ol>\n<li> Jasni kontaktni podatki na spletnem mestu (vklju\u010dno s telefonsko \u0161tevilko): <strong>Da<\/strong><\/li>\n<li> Enostavno pridobivanje <a href=\"https:\/\/moverdb.com\/sl\/citati\/\">mednarodne selitvene ponudbe<\/a>? (Spletni obrazec za zahtevek za oceno): <strong>Da<\/strong><\/li>\n<li> Jasne informacije na spletnem mestu: <strong>Da,<\/strong> veliko informacij o tem, kaj storiti pred selitvijo.<\/li>\n<li> \u010clanstvo v mednarodno priznanih organizacijah, ki se ukvarjajo z gibanjem: <strong>Da<\/strong>, \u0161tevilne glej zgoraj<\/li>\n<li> Seznam strank in\/ali pri\u010devanja prej\u0161njih strank. <strong>Da,<\/strong> Na spletnem mestu je veliko pozitivnih mnenj in pri\u010devanj strank.<\/li>\n<\/ol>\n<div itemprop=\"reviewRating\" itemscope itemtype=\"http:\/\/schema.org\/Rating\"><meta itemprop=\"worstRating\" content = \"0\" \/><meta itemprop=\"bestRating\" content=\"5\" \/><meta itemprop=\"ratingValue\" content=\"4.5\"><\/div>\n<p><strong>Skupna ocena: 4,5\/5<\/strong><br \/>\n<strong>Datum pregleda:<\/strong> <span itemprop=\"datePublished\" content=\"2016-08-21\">21\/08\/2016<\/span>\n<\/div>\n<p>Preberite ve\u010d o <a href=\"https:\/\/moverdb.com\/sl\/selitev-podjetja\/\">mednarodna selitvena podjetja<\/a>, <a href=\"https:\/\/moverdb.com\/sl\/nas-kanada-premikovalci\/\">ZDA se gibljejo podjetja<\/a> in na\u0161e <a href=\"https:\/\/moverdb.com\/sl\/pregledi\/\">pojasnilo o postopku pregleda<\/a>.<\/p>\n<p><strong>Spletna stran:<\/strong> <a href=\"http:\/\/stevensworldwide.com\/\" target=\"_blank\" rel=\"noopener\">http:\/\/stevensworldwide.com<\/a><\/p>","protected":false},"excerpt":{"rendered":"<p>Stevens Worldwide Van Lines is based in Saginaw MI. The company offers its customers a wide range of services which are listed below. There also follows a company profile and reviews. International Moving Personal household moving DOD international moving GSA international moving Corporate moving Freight forwarding Full door to door service Stevens International relocation specialists [&hellip;]<\/p>\n","protected":false},"author":1,"featured_media":0,"parent":0,"menu_order":0,"comment_status":"closed","ping_status":"closed","template":"","meta":{"_genesis_hide_title":false,"_genesis_hide_breadcrumbs":false,"_genesis_hide_singular_image":false,"_genesis_hide_footer_widgets":false,"_genesis_custom_body_class":"","_genesis_custom_post_class":"","_genesis_layout":"","footnotes":""},"class_list":{"0":"post-1057","1":"page","2":"type-page","3":"status-publish","5":"entry"},"_links":{"self":[{"href":"https:\/\/moverdb.com\/sl\/wp-json\/wp\/v2\/pages\/1057","targetHints":{"allow":["GET"]}}],"collection":[{"href":"https:\/\/moverdb.com\/sl\/wp-json\/wp\/v2\/pages"}],"about":[{"href":"https:\/\/moverdb.com\/sl\/wp-json\/wp\/v2\/types\/page"}],"author":[{"embeddable":true,"href":"https:\/\/moverdb.com\/sl\/wp-json\/wp\/v2\/users\/1"}],"replies":[{"embeddable":true,"href":"https:\/\/moverdb.com\/sl\/wp-json\/wp\/v2\/comments?post=1057"}],"version-history":[{"count":7,"href":"https:\/\/moverdb.com\/sl\/wp-json\/wp\/v2\/pages\/1057\/revisions"}],"predecessor-version":[{"id":6241,"href":"https:\/\/moverdb.com\/sl\/wp-json\/wp\/v2\/pages\/1057\/revisions\/6241"}],"wp:attachment":[{"href":"https:\/\/moverdb.com\/sl\/wp-json\/wp\/v2\/media?parent=1057"}],"curies":[{"name":"wp","href":"https:\/\/api.w.org\/{rel}","templated":true}]}}