{"id":1042,"date":"2016-10-24T05:23:18","date_gmt":"2016-10-24T05:23:18","guid":{"rendered":"http:\/\/moverdb.com\/?page_id=1042"},"modified":"2026-01-08T14:48:06","modified_gmt":"2026-01-08T14:48:06","slug":"covan-world-wide","status":"publish","type":"page","link":"https:\/\/moverdb.com\/sl\/covan-world-wide\/","title":{"rendered":"Covan Worldwide Moving: Mnenja o mednarodnih selitvah"},"content":{"rendered":"<p>Podjetje Covan Worldwide Moving svojim strankam ponuja \u0161iroko paleto storitev. Te so navedene spodaj, skupaj s profilom podjetja in pregledi.<\/p>\n<p><strong>Mednarodni Movers<\/strong><\/p>\n<ul>\n<li> Brezpla\u010dna ocena na domu<\/li>\n<li> Pakiranje celotne storitve ALI pakiranje samo za krhke predmete<\/li>\n<li> Ume\u0161\u010danje po meri<\/li>\n<li> <a href=\"https:\/\/moverdb.com\/sl\/avto-transport-spedicija\/\">Dostava vozil<\/a> (v okviru selitve gospodinjstva in\/ali neodvisno od nje)<\/li>\n<li> Prevoz klavirjev (kot del gospodinjske selitve in\/ali neodvisno od nje)<\/li>\n<li> Brezpla\u010dno zavijanje pohi\u0161tva; za\u0161\u010dita vrat in tal<\/li>\n<li> Zra\u010dni tovorni promet<\/li>\n<li> Carinjenje<\/li>\n<li> Namembne storitve (demonta\u017ea\/ponovna monta\u017ea itd.)<\/li>\n<li> Spletno sledenje po\u0161iljkam<\/li>\n<li> Mo\u017enosti zavarovanja za vrednotenje<\/li>\n<li> Storitve dolgoro\u010dnega ali kratkoro\u010dnega skladi\u0161\u010denja<\/li>\n<\/ul>\n<p><strong>premestitev podjetja<\/strong><\/p>\n<ul>\n<li> Brezpla\u010dne ocene na domu<\/li>\n<li> Anketa pred selitvijo<\/li>\n<li> Kontakt z enim samim virom<\/li>\n<li> Pakiranje s celovito storitvijo ALI samo delno pakiranje<\/li>\n<li> Ume\u0161\u010danje po meri<\/li>\n<li> Razpakiranje\/razpakiranje<\/li>\n<li> Storitve razstavljanja in ponovnega sestavljanja naprav - dedkove ure, fitnes oprema itd.<\/li>\n<li> Selitev klavirja (Opomba: to se lahko izvede tudi neodvisno od selitve gospodinjstva)<\/li>\n<li> Selitev vozila (Opomba: to se lahko izvede tudi neodvisno od selitve gospodinjstva)<\/li>\n<li> Mo\u017enosti dolgoro\u010dnega ali kratkoro\u010dnega shranjevanja<\/li>\n<li> Spletno sledenje po\u0161iljkam<\/li>\n<li> Upravljanje premikanja<\/li>\n<li> Mo\u017enosti zavarovanja za vrednotenje<\/li>\n<li> Pomo\u010d pri carinjenju za selitve v tujino<\/li>\n<li> Destinacijske storitve<\/li>\n<\/ul>\n<p><strong>Vlada in vojska<\/strong><\/p>\n<ul>\n<li> Brezpla\u010dna ocena na domu<\/li>\n<li> Celovita storitev pakiranja<\/li>\n<li> Prodaja embala\u017enih materialov<\/li>\n<li> <a href=\"https:\/\/moverdb.com\/sl\/car-transport-shipping\/\" data-internallinksmanager029f6b8e52c=\"2\" title=\"2026 Kvote za mednarodni prevoz avtomobilov in prevoz vozil\">Dostava vozil<\/a><\/li>\n<li> Dostava klavirjev<\/li>\n<li> Storitve dolgoro\u010dnega ali kratkoro\u010dnega skladi\u0161\u010denja<\/li>\n<li> Storitve tretjih oseb (opravljamo vse vrste monta\u017ee\/demonta\u017ee - pomivalni stroj, hladilnik, lu\u010di, televizorji, stereo, slike, postelje, omare itd.)<\/li>\n<li> Spletno sledenje po\u0161iljkam za premike na dolge razdalje<\/li>\n<li> Mo\u017enosti zavarovanja za vrednotenje<\/li>\n<\/ul>\n<p><strong>Komercialni Movers<\/strong><\/p>\n<ul>\n<li> Industrijski premikanje<\/li>\n<li> Selitev pisarne<\/li>\n<li> Premikanje vlade<\/li>\n<li> Ra\u010dunalni\u0161tvo\/elektronika se premika<\/li>\n<li> Selitev podjetij - celovita storitev<\/li>\n<\/ul>\n<p><strong>Doma\u010di Movers<\/strong><\/p>\n<ul>\n<li> Ponudba in na\u010drt pred selitvijo<\/li>\n<li> Pakiranje - celotna storitev, krhki predmeti ali samostojno pakiranje<\/li>\n<li> Razkladanje, razpakiranje in urejanje stvari<\/li>\n<li> Premaknite katerikoli predmet - klavir, avto, \u010doln in drugo.<\/li>\n<\/ul>\n<h2>Covan Worldwide Moving Profil podjetja<\/h2>\n<p>Podjetje Covan Worldwide Moving se je za\u010delo leta 1914 v mestu Hutchinson v zvezni dr\u017eavi KS pod imenom Merchants Transfer and Storage. J. M. Coleman, ustanovitelj podjetja, je za\u010del s \u0161tirimi vozovi in osmimi konji. Danes ima 50 pisarn in ve\u010d kot 400 zastopnikov po vsem svetu. <\/p>\n<p>Dru\u017eba Covan ima ve\u010d kot 200 meddr\u017eavnih operativnih enot in 600 enot za lokalne selitve. Njegovo poslanstvo je biti vodilni na podro\u010dju mednarodnih prevoznih storitev in dosegati zadovoljstvo strank 100%.<\/p>\n<p>Dru\u017eba Covan World-Wide Moving ima naslednje povezave in akreditacije:<\/p>\n<ul>\n<li> <a href=\"https:\/\/moverdb.com\/sl\/amsa\/\">Ameri\u0161ko zdru\u017eenje za selitve in skladi\u0161\u010denje<\/a> (<a href=\"https:\/\/moverdb.com\/sl\/amsa\/\" data-internallinksmanager029f6b8e52c=\"5\" title=\"Pojasnila o ameri\u0161kem zdru\u017eenju za selitve in skladi\u0161\u010denje (AMSA)\">AMSA<\/a>)<\/li>\n<li> <a href=\"https:\/\/moverdb.com\/sl\/obrocnik\/\">ProMover<\/a><\/li>\n<li> <a href=\"https:\/\/moverdb.com\/sl\/iam\/\">Mednarodno zdru\u017eenje movers<\/a> (<a href=\"https:\/\/moverdb.com\/sl\/iam\/\" data-internallinksmanager029f6b8e52c=\"23\" title=\"Pojasnila o Mednarodnem zdru\u017eenju gibalcev (IAM)\">IAM<\/a>)<\/li>\n<li> <a href=\"https:\/\/moverdb.com\/sl\/obrocnik\/\">Registriran mednarodni selitveni promet<\/a> (<a href=\"https:\/\/moverdb.com\/sl\/rim-promover\/\" data-internallinksmanager029f6b8e52c=\"76\" title=\"Razlo\u017eeno certificiranje RIM International ProMover\">RIM<\/a>)<\/li>\n<li> Akreditirana organizacija BBB<\/li>\n<\/ul>\n<p><strong>Covan Worldwide Moving Mnenja<\/strong><\/p>\n<p><strong>Pozitivno:<\/strong><\/p>\n<ul>\n<li> <em>\"V Norfolku VA smo naro\u010dili Covanu pakiranje na\u0161ih predmetov za po\u0161iljanje po vsem svetu na Guam. Sli\u0161al sem grozljive zgodbe o tem, da so selitveni delavci pakirali predmete in da so ti prispeli polomljeni in\/ali manjkajo\u010di. Vsi na\u0161i predmeti so bili upo\u0161tevani in v odli\u010dnem stanju, NI\u010c ni bilo zlomljeno ali deformirano!!!\"<\/em> - David S <a href=\"http:\/\/www.covan.com\/moving-reviews\/alabama-2519665061024629999\/\" target=\"_blank\" rel=\"noopener\">pri\u010devanje stranke<\/a><\/li>\n<li> <em>\"Ne morem verjeti, da se \u0161ele zdaj ukvarjam s tem, vendar sem \u017eelel deliti nekaj pozitivnih pripomb o <a href=\"https:\/\/moverdb.com\/sl\/moving-companies\/\" data-internallinksmanager029f6b8e52c=\"79\" title=\"Top 25 Mednarodne selitve podjetja Online\">selitev podjetja<\/a> Covan Worldwide Moving. Bili so zelo spo\u0161tljivi in poskrbeli, da je bil postopek pakiranja nemoten in celo zabaven!\"<\/em> - Emily S prek <a href=\"https:\/\/www.yelp.com\/biz\/covan-world-wide-moving-kapolei?hrid=ehsMVfnz3q1xKBP5KHJCxg&#038;utm_campaign=www_review_share_popup&#038;utm_medium=copy_link&#038;utm_source=(direct)\" target=\"_blank\" rel=\"noopener\">Yelp<\/a><\/li>\n<\/ul>\n<p><strong>Negativno:<\/strong><\/p>\n<ul>\n<li> <em>\"\u010ce bi bilo mogo\u010de ne dati nobene zvezdice, bi jo dal. Nikoli nisem nikomur pustil slabe ocene, ker se ne prito\u017eujem, vendar je to dale\u010d najslab\u0161a selitev PCS, kar sem jih kdaj do\u017eivel. Kje naj sploh za\u010dnem?\"<\/em> - Lillian H. prek <a href=\"https:\/\/www.yelp.com\/biz\/covan-world-wide-moving-kapolei?hrid=rRlVAPr2uu0AYHtD7q-oBw&#038;utm_campaign=www_review_share_popup&#038;utm_medium=copy_link&#038;utm_source=(direct)\" target=\"_blank\" rel=\"noopener\">Yelp<\/a>.\n<\/ul>\n<div itemprop=\"review\" itemscope itemtype=\"http:\/\/schema.org\/Review\">\n<span itemprop=\"author\" itemscope=\"\" itemtype=\"http:\/\/schema.org\/Organization\"><span itemprop=\"name\">MoverDB.com<\/span><\/span> Spletni pregled spletnega mesta za <span itemprop=\"itemreviewed\" itemscope=\"\" itemtype=\"http:\/\/schema.org\/Brand\"><span itemprop=\"name\">Covan Worldwide Moving<\/span><\/span>:<\/p>\n<ol>\n<li> Jasni kontaktni podatki na spletnem mestu (vklju\u010dno s telefonsko \u0161tevilko): <strong>Da<\/strong><\/li>\n<li> Enostavno pridobivanje <a href=\"https:\/\/moverdb.com\/sl\/citati\/\">mednarodne selitvene ponudbe<\/a>? (Spletni obrazec za zahtevek za oceno): <strong>Da<\/strong><\/li>\n<li> Jasne informacije na spletnem mestu: <strong>Da<\/strong>, Spletna stran daje strankam dobro predstavo o tem, kaj lahko pri\u010dakujejo od podjetja.<\/li>\n<li> \u010clanstvo v mednarodno priznanih organizacijah, ki se ukvarjajo z gibanjem: <strong>Da<\/strong>, glej zgoraj<\/li>\n<li> Seznam strank in\/ali pri\u010devanja prej\u0161njih strank: <strong>Da<\/strong>, Na spletnem mestu je veliko pozitivnih pri\u010devanj strank, vendar se zdi, da so ocene na preostalem spletu ve\u010dinoma negativne.<\/li>\n<\/ol>\n<div itemprop=\"reviewRating\" itemscope itemtype=\"http:\/\/schema.org\/Rating\"><meta itemprop=\"worstRating\" content = \"0\" \/><meta itemprop=\"bestRating\" content=\"5\" \/><meta itemprop=\"ratingValue\" content=\"4\"><\/div>\n<p><strong>Skupna ocena: 4\/5<\/strong><br \/>\n<strong>Datum pregleda:<\/strong> <span itemprop=\"datePublished\" content=\"2016-10-24\">24\/10\/2016<\/span>\n<\/div>\n<p>Preberite ve\u010d o <a href=\"https:\/\/moverdb.com\/sl\/selitev-podjetja\/\">mednarodna selitvena podjetja<\/a>, <a href=\"https:\/\/moverdb.com\/sl\/nas-kanada-premikovalci\/\">Ameri\u0161ki selitveni delavci<\/a> in na\u0161e <a href=\"https:\/\/moverdb.com\/sl\/pregledi\/\">postopek pregleda<\/a>.<\/p>\n<p><strong>Spletna stran:<\/strong> <a href=\"http:\/\/www.covan.com\" target=\"_blank\" rel=\"noopener\">http:\/\/www.covan.com<\/a><\/p>","protected":false},"excerpt":{"rendered":"<p>Covan Worldwide Moving offers its clients a wide range of services. These are listed below, together with a company profile and reviews. International Movers Free In-Home Estimate Full-Service Packing OR Fragile-Only Packing Custom Crating Vehicle Shipping (as part of a household move and\/or independently of one) Piano Shipping (as part of a household move and\/or [&hellip;]<\/p>\n","protected":false},"author":1,"featured_media":0,"parent":0,"menu_order":0,"comment_status":"closed","ping_status":"closed","template":"","meta":{"_genesis_hide_title":false,"_genesis_hide_breadcrumbs":false,"_genesis_hide_singular_image":false,"_genesis_hide_footer_widgets":false,"_genesis_custom_body_class":"","_genesis_custom_post_class":"","_genesis_layout":"","footnotes":""},"class_list":{"0":"post-1042","1":"page","2":"type-page","3":"status-publish","5":"entry"},"_links":{"self":[{"href":"https:\/\/moverdb.com\/sl\/wp-json\/wp\/v2\/pages\/1042","targetHints":{"allow":["GET"]}}],"collection":[{"href":"https:\/\/moverdb.com\/sl\/wp-json\/wp\/v2\/pages"}],"about":[{"href":"https:\/\/moverdb.com\/sl\/wp-json\/wp\/v2\/types\/page"}],"author":[{"embeddable":true,"href":"https:\/\/moverdb.com\/sl\/wp-json\/wp\/v2\/users\/1"}],"replies":[{"embeddable":true,"href":"https:\/\/moverdb.com\/sl\/wp-json\/wp\/v2\/comments?post=1042"}],"version-history":[{"count":5,"href":"https:\/\/moverdb.com\/sl\/wp-json\/wp\/v2\/pages\/1042\/revisions"}],"predecessor-version":[{"id":6197,"href":"https:\/\/moverdb.com\/sl\/wp-json\/wp\/v2\/pages\/1042\/revisions\/6197"}],"wp:attachment":[{"href":"https:\/\/moverdb.com\/sl\/wp-json\/wp\/v2\/media?parent=1042"}],"curies":[{"name":"wp","href":"https:\/\/api.w.org\/{rel}","templated":true}]}}