{"id":1041,"date":"2016-10-25T05:39:31","date_gmt":"2016-10-25T05:39:31","guid":{"rendered":"http:\/\/moverdb.com\/?page_id=1041"},"modified":"2026-01-08T14:47:33","modified_gmt":"2026-01-08T14:47:33","slug":"armstrong-relokacija","status":"publish","type":"page","link":"https:\/\/moverdb.com\/sl\/armstrong-relocation\/","title":{"rendered":"Premestitev podjetja Armstrong: Mednarodni selitveni pregledi"},"content":{"rendered":"<p>Podjetje Armstrong Relocation svojim strankam ponuja \u0161tevilne storitve selitve. Te so navedene spodaj skupaj s profilom podjetja in pregledi.<\/p>\n<p><strong>Mednarodne selitvene storitve<\/strong><\/p>\n<ul>\n<li> Na\u010drtovanje pred selitvijo<\/li>\n<li> Upravljanje osebnih selitev in na\u010drtovanje selitev po meri<\/li>\n<li> Brezpla\u010den paket za pripravo na selitev<\/li>\n<li> Celotno ali delno pakiranje\/razpakiranje<\/li>\n<li> Pakiranje v zaboj\u010dke in posebno pakiranje<\/li>\n<li> Za\u0161\u010dita premo\u017eenja<\/li>\n<li> Zra\u010dni, pomorski in\/ali kopenski prevoz<\/li>\n<li> Izvozna ali uvozna dokumentacija<\/li>\n<li> <a href=\"https:\/\/moverdb.com\/sl\/spediter\/\">\u0160pedicija<\/a><\/li>\n<li> Carinjenje<\/li>\n<li> Destinacijske storitve<\/li>\n<li> Spletno sledenje premikom<\/li>\n<li> Pokritje vrednotenja<\/li>\n<li> Upravljanje zahtevkov<\/li>\n<li> Kratkoro\u010dno in dolgoro\u010dno skladi\u0161\u010denje<\/li>\n<li> Odstranjevanje odpadkov<\/li>\n<\/ul>\n<p><strong>Mednarodne destinacijske storitve<\/strong><\/p>\n<ul>\n<li> Orientacija<\/li>\n<li> Posvetovanje pred odlo\u010ditvijo<\/li>\n<li> Pomo\u010d pri pridobivanju socialne varnosti in vozni\u0161kega dovoljenja<\/li>\n<li> Pomo\u010d pri podpisu najemne pogodbe<\/li>\n<li> Pomo\u010d pri in\u0161pekcijskem pregledu ob vselitvi<\/li>\n<li> Predogledni program\/spoznavna tura<\/li>\n<li> Pomo\u010d pri nakupu stanovanja<\/li>\n<li> Celovita storitev iskanja doma<\/li>\n<li> Izposoja v spremstvu<\/li>\n<li> Analiza \u017eivljenjskih stro\u0161kov (COLA)<\/li>\n<li> Pomo\u010d \u0161olam<\/li>\n<li> Pomo\u010d pri namestitvi<\/li>\n<li> Storitve ob odhodu<\/li>\n<\/ul>\n<p><strong>Selitve podjetij<\/strong><\/p>\n<ul>\n<li> Svetovanje in razvoj politik<\/li>\n<li> Upravljanje premikov gospodinjskih predmetov<\/li>\n<li> Premikanje skupine<\/li>\n<li> Pav\u0161alni znesek<\/li>\n<li> Premikanje gospodinjskih predmetov<\/li>\n<li> <a href=\"https:\/\/moverdb.com\/sl\/kontejnersko-posiljanje\/\">Celovita storitev po\u0161iljanja zabojnikov<\/a><\/li>\n<li> Prilagojeno poro\u010danje<\/li>\n<li> Spletno sledenje premikom<\/li>\n<li> Pokritje vrednotenja<\/li>\n<li> Upravljanje zahtevkov<\/li>\n<li> Kratkoro\u010dno in dolgoro\u010dno skladi\u0161\u010denje<\/li>\n<li> Pakiranje v zaboj\u010dke in posebno pakiranje<\/li>\n<li> Storitve concierge na vodstveni ravni<\/li>\n<li> Odstranjevanje, postavljanje in urejanje<\/li>\n<li> Storitve priklju\u010ditve na komunalne storitve<\/li>\n<li> Izbira nepremi\u010dninskega posrednika in na\u010drt tr\u017eenja doma<\/li>\n<li> Povra\u010dilo denarnih sredstev pri prodaji in nakupu stanovanja<\/li>\n<li> Brezpla\u010dni paket z informacijami o namembnem kraju<\/li>\n<li> Za\u010dasno bivanje<\/li>\n<li> Hipotekarna pomo\u010d<\/li>\n<\/ul>\n<p><strong>Stanovanjski selitve<\/strong><\/p>\n<ul>\n<li> Brezpla\u010dna ocena<\/li>\n<li> Upravljanje in na\u010drtovanje selitev<\/li>\n<li> Poseben koordinator selitve<\/li>\n<li> Celotno ali delno pakiranje\/razpakiranje<\/li>\n<li> Za\u0161\u010dita premo\u017eenja<\/li>\n<li> Materiali za pakiranje<\/li>\n<li> Premikanje gospodinjskih predmetov<\/li>\n<li> Zavarovalno kritje<\/li>\n<li> Kratkotrajno\/dolgotrajno skladi\u0161\u010denje<\/li>\n<li> Storitve pakiranja<\/li>\n<li> Celovita storitev, ki se gibljejo mo\u017enost<\/li>\n<li> Storitev priklju\u010ditve komunalnih storitev<\/li>\n<li> Na\u010drti prodaje\/nakupa nepremi\u010dnin z vra\u010dilom denarja<\/li>\n<li> Postavitev in organizacija<\/li>\n<\/ul>\n<p><strong>Premiki objekta<\/strong><\/p>\n<ul>\n<li> Pisarna<\/li>\n<li> Industrijski<\/li>\n<li> Zdravstveno varstvo<\/li>\n<li> Vlada<\/li>\n<\/ul>\n<h2>Profil podjetja Armstrong Relocation<\/h2>\n<p>Podjetje Armstrong Transfer and Storage je bilo ustanovljeno leta 1922, leta 1957 pa sta ga kupila svaka Clyde Springer in Jim Watson, ki sta za\u010dela delovati v Memphisu, <a href=\"https:\/\/moverdb.com\/sl\/moving-to-the-united-states\/moving-to-tennessee\/\" data-internallinksmanager029f6b8e52c=\"406\" title=\"Selitev v Tennessee? 2023 \u017divljenjski stro\u0161ki in nasveti za selitev\">Tennessee<\/a> in podjetje poimenovala Armstrong Relocation. Danes ga \u0161e vedno vodi tretja generacija teh dveh gospodov. <\/p>\n<p>Armstrong Relocation je danes najve\u010dji zastopnik blaga za <a href=\"https:\/\/moverdb.com\/sl\/united-van-lines\/\">United Van Lines<\/a> in ima 22 pisarn v <a href=\"https:\/\/moverdb.com\/sl\/moving-to-the-united-states\/\" data-internallinksmanager029f6b8e52c=\"94\" title=\"Selitev v Zdru\u017eene dr\u017eave Amerike? 2022 \u017divljenjski stro\u0161ki in nasveti za selitev\">ZDA<\/a>ter verigo zastopnikov po vsem svetu, ki skrbijo za mednarodne stranke. Poslanstvo podjetja Armstrong Relocation vklju\u010duje zagotavljanje odli\u010dne kakovosti in doseganje zadovoljstva strank.<\/p>\n<p>Armstrong Relocation ima naslednje povezave in akreditacije:<\/p>\n<ul>\n<li> <a href=\"https:\/\/moverdb.com\/sl\/britansko-zdruzenje-odstranjevalcev\/\">Britansko zdru\u017eenje odstranjevalcev<\/a> (<a href=\"https:\/\/moverdb.com\/sl\/british-association-of-removers\/\" data-internallinksmanager029f6b8e52c=\"9\" title=\"Pojasnila o Britanskem zdru\u017eenju izvajalcev selitev (BAR)\">BAR<\/a>)<\/li>\n<li> <a href=\"https:\/\/moverdb.com\/sl\/fidi-faim\/\">Zveza mednarodnih selitvenih podjetij<\/a> (<a href=\"https:\/\/moverdb.com\/sl\/fidi-faim\/\" data-internallinksmanager029f6b8e52c=\"16\" title=\"Pojasnila o FIDI in FAIM (FIDI Accredited International Mover)\">FIDI<\/a>)<\/li>\n<li> Forum za upravljanje izseljencev<\/li>\n<li> Posredni letalski prevoznik<\/li>\n<li> <a href=\"https:\/\/moverdb.com\/sl\/iata\/\">Mednarodno zdru\u017eenje za zra\u010dni promet<\/a> (<a href=\"https:\/\/moverdb.com\/sl\/iata\/\" data-internallinksmanager029f6b8e52c=\"22\" title=\"Pojasnila Mednarodnega zdru\u017eenja za zra\u010dni promet (IATA)\">IATA<\/a>)<\/li>\n<li> <a href=\"https:\/\/moverdb.com\/sl\/iam\/\">Mednarodno zdru\u017eenje movers<\/a> (<a href=\"https:\/\/moverdb.com\/sl\/iam\/\" data-internallinksmanager029f6b8e52c=\"23\" title=\"Pojasnila o Mednarodnem zdru\u017eenju gibalcev (IAM)\">IAM<\/a>)<\/li>\n<li> Mednarodno zdru\u017eenje za upravljanje objektov<\/li>\n<li> Mednarodna organizacija za standardizacijo<\/li>\n<li> <a href=\"https:\/\/moverdb.com\/sl\/lacma\/\">Mednarodno zdru\u017eenje gibalcev Latinske Amerike in Karibov<\/a> (<a href=\"https:\/\/moverdb.com\/sl\/lacma\/\" data-internallinksmanager029f6b8e52c=\"28\" title=\"Zdru\u017eenje mednarodnih prevoznikov iz Latinske Amerike in Karibov (LACMA)\">LACMA<\/a>)<\/li>\n<li> Mednarodna mre\u017ea za selitve v tujini (OMNI)<\/li>\n<li> Zdru\u017eenje \u010dezmorskih \u0161pediterjev (OSA) - ustanovni \u010dlan<\/li>\n<li> Dru\u0161tvo za upravljanje \u010dlove\u0161kih virov<\/li>\n<li> Carinska in mejna za\u0161\u010dita ZDA<\/li>\n<li> <a href=\"https:\/\/moverdb.com\/sl\/svet-za-premestitev-zaposlenih\/\">Svet za premestitev zaposlenih po vsem svetu<\/a><\/li>\n<li> Smartway<\/li>\n<li> <a href=\"https:\/\/moverdb.com\/sl\/united-van-lines\/\">United Van Lines<\/a><\/li>\n<\/ul>\n<h2>Mnenja o premestitvi Armstrong<\/h2>\n<p><strong>Pozitivno:<\/strong><\/p>\n<ul>\n<li> <em>\"Armstrongova ekipa je poskrbela, da je bila selitev prijetna izku\u0161nja!\"<\/em> Kay T prek <a href=\"https:\/\/www.yelp.com\/biz\/armstrong-relocation-carrollton-4?hrid=LJyHKGw95UdYmBHHZwyr5Q&#038;utm_campaign=www_review_share_popup&#038;utm_medium=copy_link&#038;utm_source=(direct)\" target=\"_blank\" rel=\"noopener\">Yelp<\/a><\/li>\n<li> <em>\"Ne morem verjeti, kako enostavno je \u0161la moja premestitev. Bilo je enostavno in nisem bil pod stresom. Erin je poskrbela, da sem imel ves \u010das na voljo vse potrebne informacije, in me pogosto klicala, da bi se oglasila. \u010ce se bom \u0161e kdaj moral preseliti, bom za to zagotovo uporabil podjetje Armstrong Relation!\"<\/em> - Bfunte via <a href=\"http:\/\/www.mymovingreviews.com\/movers\/armstrong-relocation-2671#50688\" target=\"_blank\" rel=\"noopener\">MyMovingReviews.com<\/a> <\/li>\n<li> <em>\"Na\u0161a ekipa Armstrong je bila izjemna! Zagotovili so izjemno storitev za stranke in bili prijazni, koristni, dobro organizirani, u\u010dinkoviti in strokovni. Bili so najbolj\u0161a selitvena ekipa, kar smo jih kdaj imeli!\"<\/em> - Pri\u010devanje stranke M.M iz spletnega mesta Armstrong<\/li>\n<\/ul>\n<p><strong>Negativno:<\/strong><\/p>\n<ul>\n<li> \"<em>\u017delim si, da bi jim lahko dal ni\u010d zvezdic. To je bila najslab\u0161a izku\u0161nja v mojem \u017eivljenju.\"<\/em> Natalie M prek <a href=\"https:\/\/www.yelp.com\/biz\/armstrong-relocation-carrollton-4?hrid=caooXxcr-ZmkltnMtL6R_g&#038;utm_campaign=www_review_share_popup&#038;utm_medium=copy_link&#038;utm_source=(direct)\" target=\"_blank\" rel=\"noopener\">Yelp<\/a><\/li>\n<li> <em>\"Menim, da je Armstrong za lokalno selitev primerna izbira. Za dalj\u0161e selitve pa morajo bolje oceniti \u010das dostave in komunicirati z zastopnikom na strani dostave.\"<\/em> - prek <a href=\"http:\/\/www.bbb.org\/chicago\/business-reviews\/movers\/armstrong-relocation-co-in-glendale-hts-il-12008868\/customer-reviews\" target=\"_blank\" rel=\"noopener\">BBB<\/a><\/li>\n<li> <em>\"Zelo sem jezen nanje. Razpakirali so vse moje stvari, ki sem jih imela na podstre\u0161ju. Kar je v redu, saj ne \u017eelim, da se razbijejo. Ampak vse je bilo pome\u0161ano.\"<\/em> - Mistie prek <a href=\"https:\/\/www.facebook.com\/ArmstrongRelocationDallas\/reviews\/\" target=\"_blank\" rel=\"noopener\">Facebook<\/a><\/li>\n<\/ul>\n<div itemprop=\"review\" itemscope itemtype=\"http:\/\/schema.org\/Review\">\n<span itemprop=\"author\" itemscope=\"\" itemtype=\"http:\/\/schema.org\/Organization\"><span itemprop=\"name\">MoverDB.com<\/span><\/span> Spletni pregled spletnega mesta za <span itemprop=\"itemreviewed\" itemscope=\"\" itemtype=\"http:\/\/schema.org\/Brand\"><span itemprop=\"name\">Armstrong Selitev<\/span><\/span>:<\/p>\n<ol>\n<li> Jasni kontaktni podatki na spletnem mestu (vklju\u010dno s telefonsko \u0161tevilko): <strong>Da<\/strong><\/li>\n<li> Enostavno pridobivanje <a href=\"https:\/\/moverdb.com\/sl\/citati\/\">mednarodne selitvene ponudbe<\/a>? (Spletni obrazec za zahtevek za oceno): <strong>Da<\/strong><\/li>\n<li> Jasne informacije na spletnem mestu: <strong>Da<\/strong>, Spletna stran daje strankam dobro predstavo o tem, kaj lahko pri\u010dakujejo od podjetja.<\/li>\n<li> \u010clanstvo v mednarodno priznanih organizacijah, ki se ukvarjajo z gibanjem: <strong>Da<\/strong>, veliko, glej zgoraj<\/li>\n<li> Seznam strank in\/ali pri\u010devanja prej\u0161njih strank: <strong>Da<\/strong>, vendar jih najdete razpr\u0161eno po spletnem mestu in ne na posebni pristajalni strani. Poleg tega so njihovi pregledi na spletu nekoliko me\u0161ani.<\/li>\n<\/ol>\n<div itemprop=\"reviewRating\" itemscope itemtype=\"http:\/\/schema.org\/Rating\"><meta itemprop=\"worstRating\" content = \"0\" \/><meta itemprop=\"bestRating\" content=\"5\" \/><meta itemprop=\"ratingValue\" content=\"4\"><\/div>\n<p><strong>Skupna ocena: 4\/5<\/strong><br \/>\n<strong>Datum pregleda:<\/strong> <span itemprop=\"datePublished\" content=\"2016-10-25\">25\/10\/2016<\/span>\n<\/div>\n<p>Preberite ve\u010d o <a href=\"https:\/\/moverdb.com\/sl\/selitev-podjetja\/\">mednarodna selitvena podjetja<\/a>, <a href=\"https:\/\/moverdb.com\/sl\/nas-kanada-premikovalci\/\">Selitve na dolge razdalje in meddr\u017eavne selitve<\/a> in na\u0161e <a href=\"https:\/\/moverdb.com\/sl\/pregledi\/\">postopek pregleda<\/a>.<\/p>\n<p><strong>Spletna stran:<\/strong> <a href=\"http:\/\/www.armstrongrelocation.com\" target=\"_blank\" rel=\"noopener\">http:\/\/www.armstrongrelocation.com<\/a><\/p>","protected":false},"excerpt":{"rendered":"<p>Armstrong Relocation has an abundance of moving services which it offers its customers. These are listed below together with a company profile and reviews. International Moving Services Pre-move planning Personal move management and custom-designed move planning Free move preparation packet Full or partial packing\/unpacking Crating and specialty packing Property protection Air, ocean and\/or land transportation [&hellip;]<\/p>\n","protected":false},"author":1,"featured_media":0,"parent":0,"menu_order":0,"comment_status":"closed","ping_status":"closed","template":"","meta":{"_genesis_hide_title":false,"_genesis_hide_breadcrumbs":false,"_genesis_hide_singular_image":false,"_genesis_hide_footer_widgets":false,"_genesis_custom_body_class":"","_genesis_custom_post_class":"","_genesis_layout":"","footnotes":""},"class_list":{"0":"post-1041","1":"page","2":"type-page","3":"status-publish","5":"entry"},"_links":{"self":[{"href":"https:\/\/moverdb.com\/sl\/wp-json\/wp\/v2\/pages\/1041","targetHints":{"allow":["GET"]}}],"collection":[{"href":"https:\/\/moverdb.com\/sl\/wp-json\/wp\/v2\/pages"}],"about":[{"href":"https:\/\/moverdb.com\/sl\/wp-json\/wp\/v2\/types\/page"}],"author":[{"embeddable":true,"href":"https:\/\/moverdb.com\/sl\/wp-json\/wp\/v2\/users\/1"}],"replies":[{"embeddable":true,"href":"https:\/\/moverdb.com\/sl\/wp-json\/wp\/v2\/comments?post=1041"}],"version-history":[{"count":3,"href":"https:\/\/moverdb.com\/sl\/wp-json\/wp\/v2\/pages\/1041\/revisions"}],"predecessor-version":[{"id":6174,"href":"https:\/\/moverdb.com\/sl\/wp-json\/wp\/v2\/pages\/1041\/revisions\/6174"}],"wp:attachment":[{"href":"https:\/\/moverdb.com\/sl\/wp-json\/wp\/v2\/media?parent=1041"}],"curies":[{"name":"wp","href":"https:\/\/api.w.org\/{rel}","templated":true}]}}