{"id":1039,"date":"2016-10-26T05:36:32","date_gmt":"2016-10-26T05:36:32","guid":{"rendered":"http:\/\/moverdb.com\/?page_id=1039"},"modified":"2026-01-08T15:30:40","modified_gmt":"2026-01-08T15:30:40","slug":"williams-moving-storage","status":"publish","type":"page","link":"https:\/\/moverdb.com\/sl\/williams-moving-storage\/","title":{"rendered":"Williams Moving &amp; Storage: Mnenja o mednarodnih selitvah"},"content":{"rendered":"<p>Podjetje Williams Moving &amp; Storage Ltd se nahaja v mestu Lethbridge, <a href=\"https:\/\/moverdb.com\/sl\/moving-to-canada\/\" data-internallinksmanager029f6b8e52c=\"265\" title=\"Selitev v Kanado? 2023 \u017divljenjski stro\u0161ki in nasveti za selitev\">Kanada<\/a>. Podjetje svojim strankam ponuja vrsto selitvenih storitev, ki so navedene spodaj, skupaj s profilom podjetja in pregledi.<\/p>\n<p><strong>Mednarodni premiki<\/strong><\/p>\n<ul>\n<li> Prevoz po \u017eeleznici, ladji ali zraku<\/li>\n<li> Dodeljen vodja selitve<\/li>\n<li> Storitve od vrat do vrat po vsem svetu<\/li>\n<li> Pakiranje - celotna storitev, krhki predmeti ali samostojno pakiranje<\/li>\n<li> Pakirni material<\/li>\n<li> Carinjenje<\/li>\n<li> Razpakiranje - celotna storitev, krhki predmeti ali samostojno razpakiranje<\/li>\n<li> Dolgoro\u010dno in kratkoro\u010dno skladi\u0161\u010denje<\/li>\n<\/ul>\n<p><strong>Korporativni in komercialni premiki<\/strong><\/p>\n<ul>\n<li> Od vrat do vrat<\/li>\n<li> Dodeljen vodja selitve<\/li>\n<li> Dolo\u010dena ekipa za ob\u010dutljive materiale<\/li>\n<li> Imenovana ekipa za namestitev<\/li>\n<\/ul>\n<p><strong>Stanovanjski selitve<\/strong><\/p>\n<ul>\n<li> Na voljo je celotna storitev<\/li>\n<li> Dodeljen vodja selitve<\/li>\n<li> Dobavljeni materiali za pakiranje<\/li>\n<li> Pakiranje - celotna storitev, krhki predmeti ali naredi sam<\/li>\n<li> Razpakiranje - celotna storitev, krhki predmeti ali naredi sam<\/li>\n<\/ul>\n<p><strong>Do-it-yourself Moves<\/strong><\/p>\n<ul>\n<li> Dobavljen tovornjak in pakirni material<\/li>\n<li> 8 ur za pakiranje in natovarjanje<\/li>\n<li> Premaknjeno v skladi\u0161\u010de<\/li>\n<li> Na namembnem kraju - 8 ur za raztovarjanje<\/li>\n<\/ul>\n<h2>Williams Moving &amp; Storage Profil podjetja<\/h2>\n<p><em><strong>Upo\u0161tevajte<\/strong> da je Williams Moving &amp; Storage <a href=\"http:\/\/globalnews.ca\/news\/1787201\/after-86-years-williams-moving-and-storage-files-for-bankruptcy\/\" target=\"_blank\" rel=\"noopener\">je leta 2015 razglasil ste\u010daj.<\/a>. Podjetje Williams Moving &amp; Storage (Cranbrook) Ltd. \u0161e vedno posluje in je profilirano v nadaljevanju.<\/em><\/p>\n<p>Podjetje Williams Moving and Storage je bilo ustanovljeno leta 1929. Posameznike in podjetja preme\u0161\u010da lokalno in mednarodno. Podjetje je specializirano za korporativne in komercialne, stanovanjske in <a href=\"https:\/\/moverdb.com\/sl\/kontejnersko-posiljanje\/\">mednarodne selitve<\/a>. <\/p>\n<p>Ena od njenih inovativnih storitev je selitev \"naredi sam\", ki je idealna za stranke z omejenim prora\u010dunom. <\/p>\n<p>Podjetje Williams Moving &amp; Storage ima visoko specializirano opremo za selitve, za katero zagotavlja, da bo va\u0161e stvari premaknila z lahkoto, hitro in brez po\u0161kodb.<\/p>\n<p>Dru\u017eba Williams Moving &amp; Storage ima naslednje akreditacije in povezave:<\/p>\n<ul>\n<li> <a href=\"https:\/\/moverdb.com\/sl\/fidi-faim\/\">Federacija mednarodnih prevoznikov<\/a> (<a href=\"https:\/\/moverdb.com\/sl\/fidi-faim\/\" data-internallinksmanager029f6b8e52c=\"16\" title=\"Pojasnila o FIDI in FAIM (FIDI Accredited International Mover)\">FIDI<\/a>)<\/li>\n<li> <a href=\"https:\/\/moverdb.com\/sl\/fidi-faim\/\">Akreditirani mednarodni premika\u010di FIDI<\/a> (FAIM)<\/li>\n<li> <a href=\"https:\/\/moverdb.com\/sl\/iam\/\">Mednarodno zdru\u017eenje movers<\/a> (<a href=\"https:\/\/moverdb.com\/sl\/iam\/\" data-internallinksmanager029f6b8e52c=\"23\" title=\"Pojasnila o Mednarodnem zdru\u017eenju gibalcev (IAM)\">IAM<\/a>)<\/li>\n<li> Mednarodna mre\u017ea za selitve v tujini (OMNI)<\/li>\n<li> Mre\u017ea za gostinstvo (NEWH)<\/li>\n<li> Mre\u017ea za komercialno selitev (CRN)<\/li>\n<li> <a href=\"https:\/\/moverdb.com\/sl\/united-van-lines\/\">United Van Lines<\/a> (Kanada)<\/li>\n<\/ul>\n<h2>Williams Moving &amp; Storage Mnenja<\/h2>\n<p><strong>Pozitivno:<\/strong><\/p>\n<ul>\n<li> \"<em>To je bilo odli\u010dno podjetje, s katerim se je bilo treba ukvarjati od za\u010detka do konca. Ocenjevalec je bil zelo profesionalen in je potrpe\u017eljivo odgovarjal na vsa moja vpra\u0161anja. Na dan selitve je vse potekalo zelo gladko. Selitvena ekipa je bila u\u010dinkovita in zelo previdna pri ravnanju z mojimi stvarmi.\"<\/em> - Shairoz prek <a href=\"https:\/\/homestars.com\/companies\/229930-williams-moving-and-storage\/reviews\/61856\" target=\"_blank\" rel=\"noopener\">HomeStars<\/a> <\/li>\n<\/ul>\n<p><strong>Negativno:<\/strong><\/p>\n<ul>\n<li> <em>\"Williams Moving and Storage se mora sramovati. Prihajajo s prilo\u017enostnimi delavci, ki jim ni mar za va\u0161 mir in se jim ne ljubi delati.\"<\/em> - Julie B. prek <a href=\"http:\/\/www.bbb.org\/calgary\/business-reviews\/movers\/williams-moving-and-storage-lethbridge-in-lethbridge-ab-36707\/customer-reviews\" target=\"_blank\" rel=\"noopener\">BBB<\/a><\/li>\n<\/ul>\n<div itemprop=\"review\" itemscope itemtype=\"http:\/\/schema.org\/Review\">\n<span itemprop=\"author\" itemscope=\"\" itemtype=\"http:\/\/schema.org\/Organization\"><span itemprop=\"name\">MoverDB.com<\/span><\/span> Spletni pregled spletnega mesta za <span itemprop=\"itemreviewed\" itemscope=\"\" itemtype=\"http:\/\/schema.org\/Brand\"><span itemprop=\"name\">Williams Moving &amp; Storage<\/span><\/span>:<\/p>\n<ol>\n<li> Jasni kontaktni podatki na spletnem mestu (vklju\u010dno s telefonsko \u0161tevilko): <strong>Da<\/strong><\/li>\n<li> Enostavno pridobivanje <a href=\"https:\/\/moverdb.com\/sl\/citati\/\">mednarodne selitvene ponudbe<\/a>? (Spletni obrazec za zahtevek za oceno): <strong>Da<\/strong><\/li>\n<li> Jasne informacije na spletnem mestu: <strong>Ne<\/strong>, Na spletni strani je zelo malo informacij o podjetju ali ponujenih storitvah.<\/li>\n<li> \u010clanstvo v mednarodno priznanih organizacijah, ki se ukvarjajo z gibanjem: <strong>Da<\/strong>, veliko, glej zgoraj<\/li>\n<li> Seznam strank in\/ali pri\u010devanja prej\u0161njih strank: <strong>Ne,<\/strong> in ocene iz spleta so precej me\u0161ane.<\/li>\n<\/ol>\n<div itemprop=\"reviewRating\" itemscope itemtype=\"http:\/\/schema.org\/Rating\"><meta itemprop=\"worstRating\" content = \"0\" \/><meta itemprop=\"bestRating\" content=\"5\" \/><meta itemprop=\"ratingValue\" content=\"3\"><\/div>\n<p><strong>Skupna ocena: 3\/5<\/strong><br \/>\n<strong>Datum pregleda:<\/strong> <span itemprop=\"datePublished\" content=\"2016-10-26\">21\/08\/2016<\/span>\n<\/div>\n<p>Preberite ve\u010d o <a href=\"https:\/\/moverdb.com\/sl\/selitev-podjetja\/\">Vrhunska selitvena podjetja<\/a>, <a href=\"https:\/\/moverdb.com\/sl\/nas-kanada-premikovalci\/\">Kanadska selitvena podjetja<\/a> in na\u0161e <a href=\"https:\/\/moverdb.com\/sl\/pregledi\/\">postopek pregleda<\/a>.<\/p>\n<p><strong>Spletna stran:<\/strong> <a href=\"http:\/\/williamsmovingltd.com\/\" target=\"_blank\" rel=\"noopener\">http:\/\/williamsmovingltd.com\/<\/a><\/p>","protected":false},"excerpt":{"rendered":"<p>Williams Moving &#038; Storage Ltd is located in Lethbridge, Canada. The company offers its customers a range of moving services which are listed below, together with a company profile and reviews. International Moves Move by rail, ship or air Assigned move manager Door-to-door service worldwide Packing &#8211; full service, fragile items or self-pack Packing supplies [&hellip;]<\/p>\n","protected":false},"author":1,"featured_media":0,"parent":0,"menu_order":0,"comment_status":"closed","ping_status":"closed","template":"","meta":{"_genesis_hide_title":false,"_genesis_hide_breadcrumbs":false,"_genesis_hide_singular_image":false,"_genesis_hide_footer_widgets":false,"_genesis_custom_body_class":"","_genesis_custom_post_class":"","_genesis_layout":"","footnotes":""},"class_list":{"0":"post-1039","1":"page","2":"type-page","3":"status-publish","5":"entry"},"_links":{"self":[{"href":"https:\/\/moverdb.com\/sl\/wp-json\/wp\/v2\/pages\/1039","targetHints":{"allow":["GET"]}}],"collection":[{"href":"https:\/\/moverdb.com\/sl\/wp-json\/wp\/v2\/pages"}],"about":[{"href":"https:\/\/moverdb.com\/sl\/wp-json\/wp\/v2\/types\/page"}],"author":[{"embeddable":true,"href":"https:\/\/moverdb.com\/sl\/wp-json\/wp\/v2\/users\/1"}],"replies":[{"embeddable":true,"href":"https:\/\/moverdb.com\/sl\/wp-json\/wp\/v2\/comments?post=1039"}],"version-history":[{"count":4,"href":"https:\/\/moverdb.com\/sl\/wp-json\/wp\/v2\/pages\/1039\/revisions"}],"predecessor-version":[{"id":6252,"href":"https:\/\/moverdb.com\/sl\/wp-json\/wp\/v2\/pages\/1039\/revisions\/6252"}],"wp:attachment":[{"href":"https:\/\/moverdb.com\/sl\/wp-json\/wp\/v2\/media?parent=1039"}],"curies":[{"name":"wp","href":"https:\/\/api.w.org\/{rel}","templated":true}]}}