{"id":1036,"date":"2016-11-05T16:39:46","date_gmt":"2016-11-05T16:39:46","guid":{"rendered":"http:\/\/moverdb.com\/?page_id=1036"},"modified":"2026-01-08T14:47:46","modified_gmt":"2026-01-08T14:47:46","slug":"beltmann-relokacija","status":"publish","type":"page","link":"https:\/\/moverdb.com\/sl\/beltmann-relocation\/","title":{"rendered":"Beltmann Relocation Group: International Moving Reviews"},"content":{"rendered":"<p>Skupina Beltmann Relocation Group svojim strankam ponuja razli\u010dne storitve selitev na mednarodni in lokalni ravni. Te storitve so navedene spodaj skupaj s profilom podjetja in pregledi.<\/p>\n<p><strong>Mednarodni premiki<\/strong><\/p>\n<ul>\n<li> Mednarodne selitve podjetij<\/li>\n<li> Posamezne poteze<\/li>\n<li> Zdru\u017eeni narodi<\/li>\n<li> Pomo\u010d in usmerjanje pri carini in priseljevanju<\/li>\n<li> Pomo\u010d pri premestitvi hi\u0161nega ljubljen\u010dka<\/li>\n<li> Od vrat do vrat<\/li>\n<li> Dodeljen upravljavec premikanja<\/li>\n<li> Na voljo je celotna storitev<\/li>\n<li> Urejeno zavarovanje<\/li>\n<\/ul>\n<p><strong>Pisarni\u0161ke in industrijske selitve<\/strong><\/p>\n<ul>\n<li> Lokalna in daljinska selitev pisarn<\/li>\n<li> Premikanje med oddelki<\/li>\n<li> Premikanje ra\u010dunalnikov in elektronike<\/li>\n<li> Na\u010drtovanje in oblikovanje prostora<\/li>\n<li> Sestanki za na\u010drtovanje pred selitvijo<\/li>\n<li> Nadzor na kraju samem<\/li>\n<li> Storitve po selitvi<\/li>\n<li> Industrijska pomo\u010d pri selitvi<\/li>\n<li> Visoka varnost pri premikanju<\/li>\n<li> Premikanje ob\u010dutljivih informacij<\/li>\n<li> Urejeno zavarovanje<\/li>\n<\/ul>\n<p><strong>premestitev podjetja<\/strong><\/p>\n<ul>\n<li> Storitve selitve vodilnih delavcev za vodilne delavce najvi\u0161jega ranga<\/li>\n<li> Upravitelj premika <\/li>\n<li> Od vrat do vrat<\/li>\n<li> Pakiranje in razpakiranje<\/li>\n<li> Sledenje po\u0161iljkam<\/li>\n<li> Urejeno zavarovanje<\/li>\n<\/ul>\n<p><strong>Premiki gospodinjstev<\/strong><\/p>\n<ul>\n<li> Lokalni premiki<\/li>\n<li> Premiki na dolge razdalje<\/li>\n<li> Od vrat do vrat<\/li>\n<li> Pakiranje in razpakiranje<\/li>\n<li> Urejeno zavarovanje<\/li>\n<\/ul>\n<p><strong>Shranjevanje<\/strong><\/p>\n<ul>\n<li> Dolgoro\u010dno ali kratkoro\u010dno<\/li>\n<li> Ogrevano skladi\u0161\u010de <\/li>\n<li> Hranjeno v zape\u010datenem trezorju.<\/li>\n<li> CCTV<\/li>\n<li> Varstvo pred po\u017earom in \u0161kodljivci<\/li>\n<\/ul>\n<h2>Profil podjetja Beltmann Relocation<\/h2>\n<p>Skupino Beltmann Group je leta 1955 ustanovila dru\u017eina Battina in je \u0161e vedno v dru\u017einski lasti. Je eden najve\u010djih in najstarej\u0161ih zastopnikov za <a href=\"https:\/\/moverdb.com\/sl\/north-american-van-lines\/\">North American Van Lines<\/a> njen sede\u017e pa je v <a href=\"https:\/\/moverdb.com\/sl\/selitev-v-neapolis\/\">Minneapolis<\/a>. <\/p>\n<p>Skupina Beltmann je ponosna lastnica voznega parka z ve\u010d kot 700 razli\u010dnimi vozili in ima 14 podru\u017enic.<\/p>\n<p>Beltmannova zaobljuba se glasi \"Bodi stranka\". Vsakega zaposlenega spodbujamo, da se postavi v ko\u017eo stranke in z njo ravna tako, kot bi \u017eelel, da ravnajo z njim. Podjetje je ponosni podpornik organizacije Habitat for Humanity.<\/p>\n<p>Dru\u017eba Beltmann Relocation ima naslednje povezave in akreditacije:<\/p>\n<ul>\n<li> <a href=\"https:\/\/moverdb.com\/sl\/obrocnik\/\">Registriran mednarodni selitveni promet<\/a> (<a href=\"https:\/\/moverdb.com\/sl\/rim-promover\/\" data-internallinksmanager029f6b8e52c=\"76\" title=\"Razlo\u017eeno certificiranje RIM International ProMover\">RIM<\/a>)<\/li>\n<li> <a href=\"https:\/\/moverdb.com\/sl\/obrocnik\/\">ProMover<\/a><\/li>\n<li> <a href=\"https:\/\/moverdb.com\/sl\/amsa\/\">Ameri\u0161ko zdru\u017eenje za selitve in skladi\u0161\u010denje<\/a> (<a href=\"https:\/\/moverdb.com\/sl\/amsa\/\" data-internallinksmanager029f6b8e52c=\"5\" title=\"Pojasnila o ameri\u0161kem zdru\u017eenju za selitve in skladi\u0161\u010denje (AMSA)\">AMSA<\/a>)<\/li>\n<li> Dobitnik severnoameri\u0161ke nagrade za kakovost<\/li>\n<li> Akreditiran urad za bolj\u0161e poslovanje (BBB)<\/li>\n<\/ul>\n<p><strong>Beltmann Relocation Mnenja<\/strong><\/p>\n<p><strong>Pozitivno:<\/strong><\/p>\n<ul>\n<li> <em>\"Pri na\u0161i selitvi je \u0161lo vse odli\u010dno. Voznik in ekipa na obeh straneh so delali dobro.\"<\/em> - Craig prek strani s pri\u010devanji dru\u017ebe Beltmann<\/li>\n<li> <em>\"V preteklih letih smo se ve\u010dkrat preselili in moram re\u010di, da je bil Beltman dale\u010d najbolj\u0161i. Njihova skrbnost pri pakiranju in natovarjanju na\u0161ih stvari do dostave je bila izjemna.\"<\/em> - Abby prek <a href=\"https:\/\/www.facebook.com\/pg\/BeltmannRelocation\/reviews\/\" target=\"_blank\" rel=\"noopener\">Facebook<\/a><\/li>\n<\/ul>\n<p><strong>Negativno:<\/strong><\/p>\n<ul>\n<li> <em>\"Nismo \u0161e niti na tretjini poti razpakiranja in \u017ee imamo vsaj 15 po\u0161kodovanih ali pokvarjenih predmetov na seznamu. V nekaterih \u0161katlah so stvari kar odvr\u017eene, niso zavite ali zavarovane.\"<\/em> Amy prek <a href=\"https:\/\/www.facebook.com\/pg\/BeltmannRelocation\/reviews\/\" target=\"_blank\" rel=\"noopener\">Facebook<\/a><\/li>\n<li> <em>\"Naredite si uslugo. Ne uporabljajte tega podjetja. Izbri\u0161ite njihovo \u0161tevilko in jih blokirajte, da vas ne kli\u010dejo. Del postopka s citiranjem (veste, kje posku\u0161ajo pridobiti va\u0161 posel) je bil odli\u010den. Prevzem blaga - palec gor. dostava blaga - velik palec dol.\"<\/em> - Kim prek <a href=\"https:\/\/www.yelp.com\/biz\/beltmann-relocation-group-glendale-heights?hrid=tJAoAv--s6WetooAeYOQew&#038;utm_campaign=www_review_share_popup&#038;utm_medium=copy_link&#038;utm_source=(direct)\" target=\"_blank\" rel=\"noopener\">Yelp<\/a><\/li>\n<\/ul>\n<div itemprop=\"review\" itemscope itemtype=\"http:\/\/schema.org\/Review\">\n<span itemprop=\"author\" itemscope=\"\" itemtype=\"http:\/\/schema.org\/Organization\"><span itemprop=\"name\">MoverDB.com<\/span><\/span> Spletni pregled spletnega mesta za <span itemprop=\"itemreviewed\" itemscope=\"\" itemtype=\"http:\/\/schema.org\/Brand\"><span itemprop=\"name\">Beltmann Relocation Group<\/span><\/span>:<\/p>\n<ol>\n<li> Jasni kontaktni podatki na spletnem mestu (vklju\u010dno s telefonsko \u0161tevilko): <strong>Da<\/strong><\/li>\n<li> Enostavno pridobivanje <a href=\"https:\/\/moverdb.com\/sl\/citati\/\">mednarodne selitvene ponudbe<\/a>? (Spletni obrazec za zahtevek za oceno): <strong>Da<\/strong><\/li>\n<li> Jasne informacije na spletnem mestu: <strong>Da<\/strong>, Na spleti\u0161\u010du so na voljo koristni viri za selitve, vklju\u010dno s pogosto zastavljenimi vpra\u0161anji in nasveti.<\/li>\n<li> \u010clanstvo v mednarodno priznanih organizacijah, ki se ukvarjajo z gibanjem: <strong>Da<\/strong>, veliko, glej zgoraj<\/li>\n<li> Seznam strank in\/ali pri\u010devanja prej\u0161njih strank: <strong>Da,<\/strong> na spletni strani so pozitivna pri\u010devanja, vendar so pregledi s spleta nekoliko bolj me\u0161ani.<\/li>\n<\/ol>\n<div itemprop=\"reviewRating\" itemscope itemtype=\"http:\/\/schema.org\/Rating\"><meta itemprop=\"worstRating\" content = \"0\" \/><meta itemprop=\"bestRating\" content=\"5\" \/><meta itemprop=\"ratingValue\" content=\"4.5\"><\/div>\n<p><strong>Skupna ocena: 4,5\/5<\/strong><br \/>\n<strong>Datum pregleda:<\/strong> <span itemprop=\"datePublished\" content=\"2016-11-05\">05\/11\/2016<\/span>\n<\/div>\n<p>Preberite ve\u010d o <a href=\"https:\/\/moverdb.com\/sl\/selitev-podjetja\/\">mednarodni selitveni delavci<\/a>, <a href=\"https:\/\/moverdb.com\/sl\/nas-kanada-premikovalci\/\">Doma\u010di selitveni delavci v ZDA<\/a> in na\u0161e <a href=\"https:\/\/moverdb.com\/sl\/pregledi\/\">postopek pregleda<\/a>.<\/p>\n<p><strong>Spletna stran:<\/strong> <a href=\"http:\/\/www.beltmann.com\/\" target=\"_blank\" rel=\"noopener\">http:\/\/www.beltmann.com\/<\/a><\/p>","protected":false},"excerpt":{"rendered":"<p>The Beltmann Relocation Group offers its customers a variety of moving services internationally and locally. These services are listed below together with a company profile and reviews. International Moves International corporate moves Individual moves United Nations Assistance and guidance with customs and immigration Assistance with pet relocation Door-to-door Move manager allocated Full service available Insurance [&hellip;]<\/p>\n","protected":false},"author":1,"featured_media":0,"parent":0,"menu_order":0,"comment_status":"closed","ping_status":"closed","template":"","meta":{"_genesis_hide_title":false,"_genesis_hide_breadcrumbs":false,"_genesis_hide_singular_image":false,"_genesis_hide_footer_widgets":false,"_genesis_custom_body_class":"","_genesis_custom_post_class":"","_genesis_layout":"","footnotes":""},"class_list":{"0":"post-1036","1":"page","2":"type-page","3":"status-publish","5":"entry"},"_links":{"self":[{"href":"https:\/\/moverdb.com\/sl\/wp-json\/wp\/v2\/pages\/1036","targetHints":{"allow":["GET"]}}],"collection":[{"href":"https:\/\/moverdb.com\/sl\/wp-json\/wp\/v2\/pages"}],"about":[{"href":"https:\/\/moverdb.com\/sl\/wp-json\/wp\/v2\/types\/page"}],"author":[{"embeddable":true,"href":"https:\/\/moverdb.com\/sl\/wp-json\/wp\/v2\/users\/1"}],"replies":[{"embeddable":true,"href":"https:\/\/moverdb.com\/sl\/wp-json\/wp\/v2\/comments?post=1036"}],"version-history":[{"count":6,"href":"https:\/\/moverdb.com\/sl\/wp-json\/wp\/v2\/pages\/1036\/revisions"}],"predecessor-version":[{"id":6182,"href":"https:\/\/moverdb.com\/sl\/wp-json\/wp\/v2\/pages\/1036\/revisions\/6182"}],"wp:attachment":[{"href":"https:\/\/moverdb.com\/sl\/wp-json\/wp\/v2\/media?parent=1036"}],"curies":[{"name":"wp","href":"https:\/\/api.w.org\/{rel}","templated":true}]}}