{"id":1034,"date":"2017-01-10T06:29:27","date_gmt":"2017-01-10T06:29:27","guid":{"rendered":"http:\/\/moverdb.com\/?page_id=1034"},"modified":"2026-01-08T13:18:31","modified_gmt":"2026-01-08T13:18:31","slug":"hilldrup-moving-storage","status":"publish","type":"page","link":"https:\/\/moverdb.com\/sl\/hilldrup-moving-storage\/","title":{"rendered":"Hilldrup Moving &amp; Storage: Mednarodni selitveni pregledi"},"content":{"rendered":"<p>Podjetje Hilldrup Moving and Storage ima sede\u017e v Staffordu, VA. Podjetje svojim strankam ponuja razli\u010dne storitve, ki so navedene spodaj, skupaj s profilom podjetja in pregledi.<\/p>\n<p><strong>Mednarodne selitvene storitve<\/strong><\/p>\n<p>Pomo\u010d pri premestitvi<\/p>\n<ul>\n<li> Svetovanje o \u010dlove\u0161kih virih in strate\u0161ko na\u010drtovanje<\/li>\n<li> Pomo\u010d pri tr\u017eenju<\/li>\n<li> Program prodaje domov<\/li>\n<li> Upravljanje izdatkov<\/li>\n<li> Za\u010dasna ureditev bivanja<\/li>\n<li> Storitve mednarodne dodelitve<\/li>\n<li> Storitve za destinacijo in naselitev<\/li>\n<li> Programi za upravljanje premikanja<\/li>\n<li> Upo\u0161tevanje nadomestil, davkov in pla\u010d<\/li>\n<li> Prilagojeno poro\u010danje<\/li>\n<li> Upravljanje pav\u0161alnih zneskov<\/li>\n<\/ul>\n<p>Upravljanje premikanja<\/p>\n<ul>\n<li> Namenski svetovalec za mednarodne selitve<\/li>\n<li> Upravljanje vseh prevozov po celini in morju\/zra\u010dnem prometu.<\/li>\n<li> Pomo\u010d pri urejanju potnega lista, vizumov in carine<\/li>\n<\/ul>\n<p>Zmogljivosti shranjevanja<\/p>\n<ul>\n<li> Dolgoro\u010dno in kratkoro\u010dno skladi\u0161\u010denje<\/li>\n<li> Neomejen dostop do skladi\u0161\u010d po vsem svetu<\/li>\n<li> Varnost 24 ur na dan, 7 dni v tednu<\/li>\n<li> Sprinklerji in sistemi za ga\u0161enje po\u017eara<\/li>\n<li> Certifikat Ministrstva za obrambo<\/li>\n<li> Na voljo je 200.000 kvadratnih \u010devljev skladi\u0161\u010da s podnebnim nadzorom<\/li>\n<li> Avtomobili, \u010dolni in avtodomi<\/li>\n<li> Vzdr\u017eevanje vozil v dolgoro\u010dnem skladi\u0161\u010denju.<\/li>\n<\/ul>\n<p><strong>Selitev podjetij - mednarodna in lokalna<\/strong><\/p>\n<p>Storitve ob odhodu<\/p>\n<ul>\n<li> Pomo\u010d pri tr\u017eenju doma<\/li>\n<li> Upravljanje nepremi\u010dnin<\/li>\n<li> Po\u0161iljanje gospodinjskih predmetov<\/li>\n<li> Pomo\u010d pri potovanju<\/li>\n<\/ul>\n<p>Destinacijske storitve<\/p>\n<ul>\n<li> Usmerjanje destinacije<\/li>\n<li> Pomo\u010d pri iskanju domov<\/li>\n<li> Hipotekarna pomo\u010d<\/li>\n<li> Za\u010dasna nastanitev<\/li>\n<li> Pomo\u010d pri najemu<\/li>\n<li> Pomo\u010d dru\u017eini pri prehodu<\/li>\n<\/ul>\n<p>Globalna naloga<\/p>\n<ul>\n<li> Usmeritev obmo\u010dja<\/li>\n<li> Za\u010dasno \u017eivljenje<\/li>\n<li> Jezikovno usposabljanje<\/li>\n<li> Vizumske in priseljenske storitve<\/li>\n<li> Upravljanje najemnih razmerij<\/li>\n<li> Projekcije stro\u0161kov<\/li>\n<li> Domov Iskanje<\/li>\n<li> Storitve namestitve<\/li>\n<li> Usposabljanje za razli\u010dne kulture<\/li>\n<li> Pomo\u010d pri iskanju \u0161ole in izobra\u017eevanja<\/li>\n<li> Programi za podporo zakoncev\/partnerjev<\/li>\n<\/ul>\n<p><strong>Vlada in vojska<\/strong><\/p>\n<ul>\n<li> CHAMP<\/li>\n<li> Ministrstvo za obrambo Hi\u0161ni premikanje<\/li>\n<li> Celoten na\u010drt zvezne oskrbe za premestitev<\/li>\n<li> Preselitev urada zvezni na\u010drt oskrbe<\/li>\n<\/ul>\n<p><strong>Stanovanjske selitvene storitve<\/strong><\/p>\n<ul>\n<li> Od vrat do vrat<\/li>\n<li> Na voljo je celotna storitev<\/li>\n<li> Na voljo sta dolgoro\u010dno in kratkoro\u010dno skladi\u0161\u010denje<\/li>\n<li> Pakiranje in razpakiranje<\/li>\n<li> Urejeno zavarovanje<\/li>\n<li> Avtomobilski prevoz<\/li>\n<\/ul>\n<p><strong>Komercialne selitvene storitve<\/strong><\/p>\n<ul>\n<li> Upravljanje selitev po vsem svetu<\/li>\n<li> Selitve pisarn po vsej dr\u017eavi<\/li>\n<li> Nastavitve kampusa<\/li>\n<li> Analiza prora\u010duna\/stro\u0161kov<\/li>\n<li> Namestitev<\/li>\n<li> Ponovna konfiguracija<\/li>\n<li> Upravljanje sredstev<\/li>\n<li> Skladi\u0161\u010denje<\/li>\n<li> Odklop\/povezava IT<\/li>\n<li> Analiza potreb po oblikovanju po meri za IT<\/li>\n<li> Spletna likvidacija<\/li>\n<\/ul>\n<h2>Hilldrup Moving &amp; Storage Profil podjetja<\/h2>\n<p>Gospod R. G. Hilldrup je leta 1903 ustanovil podjetje, ki je zdaj Hilldrup Moving and Storage Company. V \u0161tiridesetih letih 20. stoletja je bilo podjetje prodano enemu od zaposlenih, gospodu C. B. McDanielu. Leta 1964 je podjetje Hilldrup sklenilo partnerstvo s podjetjem <a href=\"https:\/\/moverdb.com\/sl\/united-van-lines\/\">United Van Lines<\/a> kar je podjetju omogo\u010dilo, da je znatno raz\u0161irilo svoje storitve. Podjetje zdaj ponuja lokalne, nacionalne in mednarodne selitve za posameznike in podjetja ter obse\u017eno skladi\u0161\u010denje. <\/p>\n<p>Podjetje Hilldrup zdaj vodi tretja generacija McDanielovih, ki trdno verjame v mo\u010d dru\u017eine. Ta etos prena\u0161ajo tudi na svoje stranke. Podjetje Hilldrup se rado vra\u010da in podpira \u0161tevilne dobrodelne organizacije v svojih skupnostih.<\/p>\n<p>Hilldrup Moving and Storage ima naslednje akreditacije in povezave:<\/p>\n<ul>\n<li> <a href=\"https:\/\/moverdb.com\/sl\/amsa\/\">Ameri\u0161ko zdru\u017eenje za selitve in skladi\u0161\u010denje<\/a> (<a href=\"https:\/\/moverdb.com\/sl\/amsa\/\" data-internallinksmanager029f6b8e52c=\"5\" title=\"Pojasnila o ameri\u0161kem zdru\u017eenju za selitve in skladi\u0161\u010denje (AMSA)\">AMSA<\/a>)<\/li>\n<li> <a href=\"https:\/\/moverdb.com\/sl\/obrocnik\/\">Certifikat AMSA za registriranega mednarodnega prevoznika (RIM)<\/a><\/li>\n<li> Ameri\u0161ko zdru\u017eenje avtoprevoznikov (ATA)<\/li>\n<li> Urad za bolj\u0161e poslovanje za vse podru\u017enice<\/li>\n<li> Center za upravljanje mednarodnih nalog (CIAM)<\/li>\n<li> Program za centralizirano upravljanje prometa z gospodinjskim blagom (CHAMP)<\/li>\n<li> Poimenovanja Certified Relocation Professional (CRP)<\/li>\n<li> CoreNet Global<\/li>\n<li> <a href=\"https:\/\/moverdb.com\/sl\/svet-za-premestitev-zaposlenih\/\">Svet za premestitev zaposlenih<\/a> (<a href=\"https:\/\/moverdb.com\/sl\/employee-relocation-council\/\" data-internallinksmanager029f6b8e52c=\"83\" title=\"Svet za premestitev zaposlenih (ERC) po svetu\">ERC<\/a>)<\/li>\n<li> Zvezna pomorska komisija<\/li>\n<li> <a href=\"https:\/\/moverdb.com\/sl\/fidi-faim\/\">F\u00e9d\u00e9ration Internationale des D\u00e9m\u00e9nageurs Internationaux \/ Federacija mednarodnih selitvenih podjetij<\/a> (<a href=\"https:\/\/moverdb.com\/sl\/fidi-faim\/\" data-internallinksmanager029f6b8e52c=\"16\" title=\"Pojasnila o FIDI in FAIM (FIDI Accredited International Mover)\">FIDI<\/a>)<\/li>\n<li> Certificiranje FIDI FAIM\/ISO<\/li>\n<li> Imenovanja strokovnjakov za globalno mobilnost (GMS)<\/li>\n<li> <a href=\"https:\/\/moverdb.com\/sl\/hgfaa\/\">Zdru\u017eenje \u0161pediterjev gospodinjskega blaga<\/a> (HHGFA)<\/li>\n<li> <a href=\"https:\/\/moverdb.com\/sl\/iata\/\">Mednarodno zdru\u017eenje za zra\u010dni promet<\/a> (<a href=\"https:\/\/moverdb.com\/sl\/iata\/\" data-internallinksmanager029f6b8e52c=\"22\" title=\"Pojasnila Mednarodnega zdru\u017eenja za zra\u010dni promet (IATA)\">IATA<\/a>)<\/li>\n<li> <a href=\"https:\/\/moverdb.com\/sl\/iam\/\">Mednarodno zdru\u017eenje movers<\/a> (<a href=\"https:\/\/moverdb.com\/sl\/iam\/\" data-internallinksmanager029f6b8e52c=\"23\" title=\"Pojasnila o Mednarodnem zdru\u017eenju gibalcev (IAM)\">IAM<\/a>)<\/li>\n<li> Mednarodno zdru\u017eenje za upravljanje objektov (IFMA)<\/li>\n<li> Certifikat ISO 9001:2000<\/li>\n<li> <a href=\"https:\/\/moverdb.com\/sl\/lacma\/\">Zdru\u017eenje gibalcev Latinske Amerike in Karibov<\/a> (<a href=\"https:\/\/moverdb.com\/sl\/lacma\/\" data-internallinksmanager029f6b8e52c=\"28\" title=\"Zdru\u017eenje mednarodnih prevoznikov iz Latinske Amerike in Karibov (LACMA)\">LACMA<\/a>)<\/li>\n<li> Mednarodni svet za premestitev strokovnih delavcev (PERC International)<\/li>\n<li> <a href=\"https:\/\/moverdb.com\/sl\/obrocnik\/\">ProMover<\/a><\/li>\n<li> UniGroup Worldwide Certified International Agent Forwarder<\/li>\n<li> UniGroup Worldwide UTS Agent Forwarder<\/li>\n<\/ul>\n<h2>Hilldrup Moving &amp; Storage Mnenja<\/h2>\n<p><strong>Pozitivno:<\/strong><\/p>\n<ul>\n<li> <em>\"Vse so preselili in opravili odli\u010dno delo.  Tudi v zaledni pisarni so nam odli\u010dno odgovarjali na vpra\u0161anja in poskrbeli, da smo vedeli vse o selitvi.\"<\/em> - Michael S. prek <a href=\"https:\/\/www.yelp.co.uk\/biz\/hilldrup-moving-and-storage-stafford?hrid=hESxKCc7GvTBdlp-kN4udw&#038;utm_campaign=www_review_share_popup&#038;utm_medium=copy_link&#038;utm_source=(direct)\" target=\"_blank\" rel=\"noopener\">Yelp<\/a>.<\/li>\n<li> <em>\"S tem podjetjem ne bi mogli biti bolj zadovoljni, od ocene do kon\u010dne dostave so bili pravo\u010dasni, strokovni, vljudni in zelo prijazni.\"<\/em> - The Yarbs prek <a href=\"https:\/\/www.bbb.org\/richmond\/business-reviews\/movers\/hilldrup-moving-storage-in-stafford-va-37026248\/reviews-and-complaints\" target=\"_blank\" rel=\"noopener\">BBB<\/a><\/li>\n<\/ul>\n<p><strong>Negativno:<\/strong><\/p>\n<ul>\n<li> <em>\"Ti fantje so grozni. Vem, da pri profesionalnih selitvenih delavcih pri\u010dakuje\u0161, da bodo nekatere stvari polomljene, to je pa\u010d del procesa. Te\u017eava je v tem, da smo na\u0161li stvari, ki so bile polomljene zaradi res neumnih napak.\"<\/em> - Nick T. prek <a href=\"https:\/\/www.yelp.co.uk\/biz\/hilldrup-moving-and-storage-stafford?hrid=tgu5ZfofrNJ6h_HXaIX9PQ&#038;utm_campaign=www_review_share_popup&#038;utm_medium=copy_link&#038;utm_source=(direct)\" target=\"_blank\" rel=\"noopener\">Yelp<\/a><\/li>\n<li> <em>\"Voznik, ki je pri\u0161el iz Hilldrupa, ni imel nobenih izku\u0161enj z raztovarjanjem in je stvari pripeljal v visoke stavbe. To je zelo slabo in neprofesionalno.\"<\/em> - Sharad prek <a href=\"https:\/\/www.mymovingreviews.com\/movers\/hilldrup-3657\" target=\"_blank\" rel=\"noopener\">MyMoingReviews.com<\/a><\/li>\n<\/ul>\n<div itemprop=\"review\" itemscope itemtype=\"http:\/\/schema.org\/Review\">\n<span itemprop=\"author\" itemscope=\"\" itemtype=\"http:\/\/schema.org\/Organization\"><span itemprop=\"name\">MoverDB.com<\/span><\/span> Spletni pregled spletnega mesta za <span itemprop=\"itemreviewed\" itemscope=\"\" itemtype=\"http:\/\/schema.org\/Brand\"><span itemprop=\"name\">Hilldrup Moving &amp; Storage<\/span><\/span>:<\/p>\n<ol>\n<li> Jasni kontaktni podatki na spletnem mestu (vklju\u010dno s telefonsko \u0161tevilko): <strong>Da<\/strong><\/li>\n<li> Enostavno pridobivanje <a href=\"https:\/\/moverdb.com\/sl\/citati\/\">mednarodne selitvene ponudbe<\/a>? (Spletni obrazec za zahtevek za oceno): <strong>Da<\/strong><\/li>\n<li> Jasne informacije na spletnem mestu: <strong>Da,<\/strong> Spletna stran je dobro zasnovana ter jasno opisuje izdelke in storitve, ki jih ponuja.<\/li>\n<li> \u010clanstvo v mednarodno priznanih organizacijah, ki se ukvarjajo z gibanjem: <strong>Da<\/strong>, veliko, glej zgoraj<\/li>\n<li> Seznam strank in\/ali pri\u010devanja prej\u0161njih strank. <strong>Da,<\/strong> \u010deprav na svoji spletni strani navajajo svoje nagrade in \u010dlanstva, nismo na\u0161li seznama pri\u010devanj strank. Vendar pa imajo na splo\u0161no postie preglede iz celega spleta.<\/li>\n<\/ol>\n<div itemprop=\"reviewRating\" itemscope itemtype=\"http:\/\/schema.org\/Rating\"><meta itemprop=\"worstRating\" content = \"0\" \/><meta itemprop=\"bestRating\" content=\"5\" \/><meta itemprop=\"ratingValue\" content=\"4.5\"><\/div>\n<p><strong>Skupna ocena: 4,5\/5<\/strong><br \/>\n<strong>Datum pregleda:<\/strong> <span itemprop=\"datePublished\" content=\"2017-01-10\">10\/01\/2017<\/span>\n<\/div>\n<p>Preberite ve\u010d o <a href=\"https:\/\/moverdb.com\/sl\/selitev-podjetja\/\">mednarodna selitvena podjetja<\/a>, <a href=\"https:\/\/moverdb.com\/sl\/nas-kanada-premikovalci\/\">doma\u010da podjetja, ki se gibljejo<\/a> in na\u0161e <a href=\"https:\/\/moverdb.com\/sl\/pregledi\/\">pojasnilo o postopku pregleda<\/a>.<\/p>\n<p><strong>Spletna stran:<\/strong> <a href=\"https:\/\/www.hilldrup.com\/\" target=\"_blank\" rel=\"noopener\">https:\/\/www.hilldrup.com\/<\/a><\/p>","protected":false},"excerpt":{"rendered":"<p>Hilldrup Moving and Storage is based in Stafford VA. The company offers its client a variety of services which are listed below, together with a company profile and reviews. International Moving Services Relocation Assistance Human Resource Consulting and Strategic Planning Marketing Assistance Home Sales Program Expense Administration Temporary Living Arrangement International Assignment Services Destination and [&hellip;]<\/p>\n","protected":false},"author":1,"featured_media":0,"parent":0,"menu_order":0,"comment_status":"closed","ping_status":"closed","template":"","meta":{"_genesis_hide_title":false,"_genesis_hide_breadcrumbs":false,"_genesis_hide_singular_image":false,"_genesis_hide_footer_widgets":false,"_genesis_custom_body_class":"","_genesis_custom_post_class":"","_genesis_layout":"","footnotes":""},"class_list":{"0":"post-1034","1":"page","2":"type-page","3":"status-publish","5":"entry"},"_links":{"self":[{"href":"https:\/\/moverdb.com\/sl\/wp-json\/wp\/v2\/pages\/1034","targetHints":{"allow":["GET"]}}],"collection":[{"href":"https:\/\/moverdb.com\/sl\/wp-json\/wp\/v2\/pages"}],"about":[{"href":"https:\/\/moverdb.com\/sl\/wp-json\/wp\/v2\/types\/page"}],"author":[{"embeddable":true,"href":"https:\/\/moverdb.com\/sl\/wp-json\/wp\/v2\/users\/1"}],"replies":[{"embeddable":true,"href":"https:\/\/moverdb.com\/sl\/wp-json\/wp\/v2\/comments?post=1034"}],"version-history":[{"count":3,"href":"https:\/\/moverdb.com\/sl\/wp-json\/wp\/v2\/pages\/1034\/revisions"}],"predecessor-version":[{"id":6220,"href":"https:\/\/moverdb.com\/sl\/wp-json\/wp\/v2\/pages\/1034\/revisions\/6220"}],"wp:attachment":[{"href":"https:\/\/moverdb.com\/sl\/wp-json\/wp\/v2\/media?parent=1034"}],"curies":[{"name":"wp","href":"https:\/\/api.w.org\/{rel}","templated":true}]}}