{"id":1032,"date":"2016-11-24T06:36:56","date_gmt":"2016-11-24T06:36:56","guid":{"rendered":"http:\/\/moverdb.com\/?page_id=1032"},"modified":"2026-01-08T14:47:59","modified_gmt":"2026-01-08T14:47:59","slug":"druzba-coleman-po-vsem-svetu-premikanje","status":"publish","type":"page","link":"https:\/\/moverdb.com\/sl\/coleman-worldwide-moving\/","title":{"rendered":"Coleman Worldwide Moving: Mnenja o mednarodnih selitvah"},"content":{"rendered":"<p>Coleman Worldwide Moving, znan tudi kot Coleman American Moving Services &amp; Coleman Allied, ponuja \u0161tevilne mednarodne selitvene storitve. Te so navedene spodaj, skupaj s profilom podjetja in pregledi.<\/p>\n<p><strong>Mednarodni Movers<\/strong><\/p>\n<ul>\n<li> Celovita storitev pakiranja<\/li>\n<li> Koordinator osebnih potez<\/li>\n<li> Prepakiranje po meri<\/li>\n<li> <a href=\"https:\/\/moverdb.com\/sl\/avto-transport-spedicija\/\">Prevoz vozil<\/a><\/li>\n<li> Sledenje po\u0161iljkam na spletu<\/li>\n<li> Dolgoro\u010dno in kratkoro\u010dno skladi\u0161\u010denje<\/li>\n<li> Razpakiranje<\/li>\n<li> Odstranjevanje odpadkov<\/li>\n<\/ul>\n<p><strong>premestitev podjetja<\/strong><\/p>\n<ul>\n<li> Celovita storitev pakiranja<\/li>\n<li> Koordinator osebnih potez<\/li>\n<li> Od enega zaposlenega do celotnega osebja<\/li>\n<li> Razpakiranje<\/li>\n<li> <a href=\"https:\/\/moverdb.com\/sl\/car-transport-shipping\/\" data-internallinksmanager029f6b8e52c=\"2\" title=\"2026 Kvote za mednarodni prevoz avtomobilov in prevoz vozil\">Prevoz vozil<\/a><\/li>\n<li> Razpakiranje in odstranjevanje odpadkov<\/li>\n<li> Spletno sledenje po\u0161iljkam<\/li>\n<\/ul>\n<p><strong>Komercialni Movers<\/strong><\/p>\n<ul>\n<li> Industrijski premikanje<\/li>\n<li> Premikanje vlade<\/li>\n<li> Selitev pisarne<\/li>\n<li> Premikanje ra\u010dunalnikov in elektronike<\/li>\n<li> Selitev podjetja<\/li>\n<\/ul>\n<p><strong>Vladni in voja\u0161ki premika\u010di<\/strong><\/p>\n<ul>\n<li> Koordinator osebnih potez<\/li>\n<li> Celovita storitev pakiranja<\/li>\n<li> Upo\u0161tevajte stroge protokole gibanja.<\/li>\n<\/ul>\n<p><strong>Hi\u0161ni premika\u010di<\/strong><\/p>\n<ul>\n<li> Koordinator osebnih potez<\/li>\n<li> Delo poljubne velikosti<\/li>\n<li> Celovita ponudba storitev<\/li>\n<li> Pakiranje in razpakiranje<\/li>\n<li> Kratkoro\u010dno in dolgoro\u010dno skladi\u0161\u010denje<\/li>\n<\/ul>\n<h2>Profil podjetja Coleman Worldwide Moving<\/h2>\n<p>Podjetje Coleman Worldwide Moving obstaja \u017ee od leta 1914 in je zdaj del skupine Coleman World Group. Na za\u010detku je imelo 8 konj in dva voza, zdaj pa se ukvarja z mednarodnimi, medkrajevnimi, lokalnimi in nacionalnimi selitvami za posameznike in podjetja.<\/p>\n<p>Znana je tudi kot Coleman American Moving Services in je del <a href=\"https:\/\/moverdb.com\/sl\/allied-van-lines\/\">Allied Moving<\/a> povezana podjetja skupine.<\/p>\n<p>Coleman ima ve\u010d kot 50 pisarn v lasti podjetja v <a href=\"https:\/\/moverdb.com\/sl\/moving-to-the-united-states\/\" data-internallinksmanager029f6b8e52c=\"94\" title=\"Selitev v Zdru\u017eene dr\u017eave Amerike? 2022 \u017divljenjski stro\u0161ki in nasveti za selitev\">ZDA<\/a> in ve\u010d kot 400 zastopnikov v 175 dr\u017eavah po vsem svetu. Gre za dru\u017einsko podjetje, ki je odlo\u010deno zagotavljati enake storitve, kot so jih leta 1914 zagotavljali njegovi ustanovitelji. <\/p>\n<p>Dru\u017eba Coleman Worldwide Moving ima naslednje akreditacije in povezave:<\/p>\n<ul>\n<li> <a href=\"https:\/\/moverdb.com\/sl\/obrocnik\/\">ProMover<\/a><\/li>\n<li> <a href=\"https:\/\/moverdb.com\/sl\/amsa\/\">AMSA<\/a><\/li>\n<li> BBB akreditiran<\/li>\n<li> Dobitnik nagrade za kakovost Allied<\/li>\n<li> Gibanje za lakoto<\/li>\n<\/ul>\n<p><strong>Coleman Worldwide Moving Mnenja<\/strong><\/p>\n<p><strong>Pozitivno:<\/strong><\/p>\n<ul>\n<li> <em>\"Odli\u010dna storitev... enostavno... brez stresa. Zagotovljena natan\u010dna ocena selitve. Strokovno osebje vse naokoli. Od ocene do dostave. Strokovno in prijazno pobiranje, prevoz in dostava. Najlep\u0161a hvala.\"<\/em>  - Anthony prek <a href=\"http:\/\/www.colemanallied.com\/moving-reviews\/\" target=\"_blank\" rel=\"noopener\">spletna stran podjetja<\/a><\/li>\n<li> <em>\"Moj 90-letni o\u010de in jaz ne bi mogla biti bolj zadovoljna s podjetjem Coleman Worldwide Moving.\"<\/em> - Tori prek <a href=\"https:\/\/www.yelp.com\/biz\/coleman-american-moving-services-san-diego?hrid=Ofenf__KAOD4xnvo73xHNw&#038;utm_campaign=www_review_share_popup&#038;utm_medium=copy_link&#038;utm_source=(direct)\" target=\"_blank\" rel=\"noopener\">Yelp<\/a> (za podjetje Coleman American Moving Services)<\/li>\n<li> <em>\"\u017de nekaj \u010dasa se ukvarjam s selitvijo, vendar sem bil tokrat prvi\u010d stranka. Fantje, poslani na nakladanje, so bili vljudni, dobro vzgojeni in delavni. To\u010dno tak\u0161ni, kot bi jih najel sam, ko sem iskal lokalno pomo\u010d.\"<\/em> - Donna prek <a href=\"https:\/\/www.facebook.com\/pg\/colemanallied\/reviews\/\" target=\"_blank\" rel=\"noopener\">Stran Facebook<\/a><\/li>\n<li> <em>\"Vedno sem imel dobre izku\u0161nje s selitvijo z dru\u017ebo Allied, vendar je ta selitev dale\u010d presegla druge! To je bila zame resni\u010dno brezstresna selitev.\"<\/em> - Marlena prek <a href=\"http:\/\/www.mymovingreviews.com\/movers\/coleman-worldwide-moving-3905#59102\" target=\"_blank\" rel=\"noopener\">MyMovingReviews<\/a><\/li>\n<\/ul>\n<p><strong>Negativno:<\/strong><\/p>\n<ul>\n<li> <em>\"Na\u0161e izku\u0161nje s podjetjem Coleman\/Allied Worldwide, ki se je ukvarjalo s selitvijo \u010dez dr\u017eavo (<a href=\"https:\/\/moverdb.com\/sl\/moving-to-the-united-states\/moving-to-alabama\/\" data-internallinksmanager029f6b8e52c=\"448\" title=\"Selitev v Alabamo? 2024 \u017divljenjski stro\u0161ki in nasveti za selitev\">Alabama<\/a> na . <a href=\"https:\/\/moverdb.com\/sl\/moving-to-the-united-states\/moving-to-north-carolina\/\" data-internallinksmanager029f6b8e52c=\"411\" title=\"Selitev v Severno Karolino? 2023 \u017divljenjski stro\u0161ki in nasveti za selitev\">Severna Karolina<\/a>) je bilo veliko te\u017eav.\"<\/em> - Sarah prek <a href=\"https:\/\/www.bbb.org\/csal\/business-reviews\/movers\/coleman-worldwide-moving-in-midland-city-al-4001673\/reviews-and-complaints\" target=\"_blank\" rel=\"noopener\">BBB<\/a><\/li>\n<li> <em>\"S to izku\u0161njo \u0161e nisem niti malo obrisal povr\u0161ine. Veliko je \u0161e za povedati, vendar sem \u017eelel, da se vsaj najhuj\u0161e od najhuj\u0161ega navede.\"<\/em> - Kristin prek <a href=\"https:\/\/www.consumeraffairs.com\/movers\/allied_van_lines.htm\" target=\"_blank\" rel=\"noopener\">ConsumerAffairs<\/a><\/li>\n<li> <em>\"NE UPORABLJAJTE TEGA <a href=\"https:\/\/moverdb.com\/sl\/moving-companies\/\" data-internallinksmanager029f6b8e52c=\"79\" title=\"Top 25 Mednarodne selitve podjetja Online\">PODJETJE ZA PREMIKANJE<\/a>.  Vztrajali so, da nas premaknejo med tropsko nevihto v St Pete po zelo zamujenem za\u010detku v <a href=\"https:\/\/moverdb.com\/sl\/selitev-v-atlanto\/\">Atlanta<\/a>.\"<\/em> - Becky prek <a href=\"https:\/\/www.yelp.com\/biz\/coleman-worldwide-moving-fairburn\" target=\"_blank\" rel=\"noopener\">Yelp<\/a><\/li>\n<li> <em>\"Vojska mora to podjetje odstraniti kot prevoznika. Osebno sem imel te\u017eave s tem podjetjem od pakiranja moje hi\u0161e do dostave in potrdil o prejemu.\"<\/em> - Shawni prek <a href=\"https:\/\/www.facebook.com\/pg\/colemanallied\/reviews\/\" target=\"_blank\" rel=\"noopener\">Stran Facebook<\/a><\/li>\n<\/ul>\n<div itemprop=\"review\" itemscope itemtype=\"http:\/\/schema.org\/Review\">\n<span itemprop=\"author\" itemscope=\"\" itemtype=\"http:\/\/schema.org\/Organization\"><span itemprop=\"name\">MoverDB.com<\/span><\/span> Spletni pregled spletnega mesta za <span itemprop=\"itemreviewed\" itemscope=\"\" itemtype=\"http:\/\/schema.org\/Brand\"><span itemprop=\"name\">Coleman Worldwide Moving<\/span><\/span>:<\/p>\n<ol>\n<li> Jasni kontaktni podatki na spletnem mestu (vklju\u010dno s telefonsko \u0161tevilko): <strong>Da<\/strong><\/li>\n<li> Enostavno pridobivanje <a href=\"https:\/\/moverdb.com\/sl\/citati\/\">mednarodne selitvene ponudbe<\/a>? (Spletni obrazec za zahtevek za oceno): <strong>Da<\/strong><\/li>\n<li> Jasne informacije na spletnem mestu: <strong>Nekaj<\/strong>, medtem ko je informacij o njihovih storitvah ni veliko ve\u010d.<\/li>\n<li> \u010clanstvo v mednarodno priznanih organizacijah, ki se ukvarjajo z gibanjem: <strong>Da<\/strong>, \u010deprav ne toliko kot \u0161tevilna druga podjetja, ki se selijo.<\/li>\n<li> Seznam strank in\/ali pri\u010devanja prej\u0161njih strank: <strong>Da<\/strong>, Na spletni strani je veliko pozitivnih pri\u010devanj strank, \u010deprav so ocene iz drugih delov spleta nekoliko bolj me\u0161ane.<\/li>\n<\/ol>\n<div itemprop=\"reviewRating\" itemscope itemtype=\"http:\/\/schema.org\/Rating\"><meta itemprop=\"worstRating\" content = \"0\" \/><meta itemprop=\"bestRating\" content=\"5\" \/><meta itemprop=\"ratingValue\" content=\"4\"><\/div>\n<p><strong>Skupna ocena: 4\/5<\/strong><br \/>\n<strong>Datum pregleda:<\/strong> <span itemprop=\"datePublished\" content=\"2016-11-24\">24\/11\/2016<\/span>\n<\/div>\n<p>Preberite ve\u010d o <a href=\"https:\/\/moverdb.com\/sl\/selitev-podjetja\/\">najbolj\u0161i mednarodni selitveni delavci<\/a>, <a href=\"https:\/\/moverdb.com\/sl\/nas-kanada-premikovalci\/\">selitve v Zdru\u017eenih dr\u017eavah Amerike<\/a> in na\u0161e <a href=\"https:\/\/moverdb.com\/sl\/pregledi\/\">postopek pregleda<\/a>.<\/p>\n<p><strong>Spletna stran:<\/strong> <a href=\"http:\/\/www.colemanallied.com\/\" target=\"_blank\" rel=\"noopener\">http:\/\/www.colemanallied.com\/<\/a><\/p>","protected":false},"excerpt":{"rendered":"<p>Coleman Worldwide Moving also known as Coleman American Moving Services &#038; Coleman Allied offers many international moving services. These are listed below, together with a company profile and reviews. International Movers Full service packing Personal move coordinator Custom crating Vehicle shipping On line shipment tracking Long and short term storage Unpacking Debris removal Corporate Relocation [&hellip;]<\/p>\n","protected":false},"author":1,"featured_media":0,"parent":0,"menu_order":0,"comment_status":"closed","ping_status":"closed","template":"","meta":{"_genesis_hide_title":false,"_genesis_hide_breadcrumbs":false,"_genesis_hide_singular_image":false,"_genesis_hide_footer_widgets":false,"_genesis_custom_body_class":"","_genesis_custom_post_class":"","_genesis_layout":"","footnotes":""},"class_list":{"0":"post-1032","1":"page","2":"type-page","3":"status-publish","5":"entry"},"_links":{"self":[{"href":"https:\/\/moverdb.com\/sl\/wp-json\/wp\/v2\/pages\/1032","targetHints":{"allow":["GET"]}}],"collection":[{"href":"https:\/\/moverdb.com\/sl\/wp-json\/wp\/v2\/pages"}],"about":[{"href":"https:\/\/moverdb.com\/sl\/wp-json\/wp\/v2\/types\/page"}],"author":[{"embeddable":true,"href":"https:\/\/moverdb.com\/sl\/wp-json\/wp\/v2\/users\/1"}],"replies":[{"embeddable":true,"href":"https:\/\/moverdb.com\/sl\/wp-json\/wp\/v2\/comments?post=1032"}],"version-history":[{"count":5,"href":"https:\/\/moverdb.com\/sl\/wp-json\/wp\/v2\/pages\/1032\/revisions"}],"predecessor-version":[{"id":6193,"href":"https:\/\/moverdb.com\/sl\/wp-json\/wp\/v2\/pages\/1032\/revisions\/6193"}],"wp:attachment":[{"href":"https:\/\/moverdb.com\/sl\/wp-json\/wp\/v2\/media?parent=1032"}],"curies":[{"name":"wp","href":"https:\/\/api.w.org\/{rel}","templated":true}]}}