{"id":10263,"date":"2023-06-22T15:31:17","date_gmt":"2023-06-22T15:31:17","guid":{"rendered":"https:\/\/moverdb.com\/?page_id=10263"},"modified":"2026-01-08T15:24:56","modified_gmt":"2026-01-08T15:24:56","slug":"moving-companies-zimbabwe","status":"publish","type":"page","link":"https:\/\/moverdb.com\/sl\/moving-companies\/moving-companies-zimbabwe\/","title":{"rendered":"4 Najbolj\u0161e mednarodne selitve podjetja v Zimbabveju"},"content":{"rendered":"<p>Ko na\u010drtujete selitev, zlasti med dr\u017eavami, je lahko veliko stvari, ki jih je treba opraviti, preobremenjujo\u010dih. \u010ce se odlo\u010dite za najem <a href=\"https:\/\/moverdb.com\/sl\/moving-companies\/\" data-internallinksmanager029f6b8e52c=\"79\" title=\"Top 25 Mednarodne selitve podjetja Online\">selitev podjetja<\/a> vam lahko olaj\u0161a to breme in olaj\u0161a selitev. V nadaljevanju smo pripravili seznam podjetij iz Zimbabveja. <a href=\"https:\/\/moverdb.com\/sl\/international-removals\/\" data-internallinksmanager029f6b8e52c=\"27\" title=\"36 najbolj\u0161ih podjetij za mednarodne selitve v Zdru\u017eenem kraljestvu\">podjetja za selitve<\/a> ki so \u010dlani <a href=\"https:\/\/moverdb.com\/sl\/iam\/\" data-internallinksmanager029f6b8e52c=\"23\" title=\"Pojasnila o Mednarodnem zdru\u017eenju gibalcev (IAM)\">Mednarodno zdru\u017eenje movers<\/a> (IAM) in\/ali <a href=\"https:\/\/moverdb.com\/sl\/fidi-faim\/\" data-internallinksmanager029f6b8e52c=\"16\" title=\"Pojasnila o FIDI in FAIM (FIDI Accredited International Mover)\">FIDI<\/a> akreditirani mednarodni selitveni delavci (FAIM), ki vam lahko pomagajo pri selitvi.<\/p>\n<h2><strong>1. Biddulphs International<\/strong><img loading=\"lazy\" decoding=\"async\" class=\"alignnone size-full wp-image-10090\" style=\"font-size: 16px;\" src=\"https:\/\/moverdb.com\/wp-content\/uploads\/Biddulphs-International-Zimbabwe-moving-company.png\" alt=\"Biddulphs International Zimbabve selitev podjetja\" width=\"1440\" height=\"670\" data-wp-pid=\"10090\" srcset=\"https:\/\/moverdb.com\/wp-content\/uploads\/Biddulphs-International-Zimbabwe-moving-company.png 1440w, https:\/\/moverdb.com\/wp-content\/uploads\/Biddulphs-International-Zimbabwe-moving-company-300x140.png 300w, https:\/\/moverdb.com\/wp-content\/uploads\/Biddulphs-International-Zimbabwe-moving-company-1024x476.png 1024w, https:\/\/moverdb.com\/wp-content\/uploads\/Biddulphs-International-Zimbabwe-moving-company-18x8.png 18w, https:\/\/moverdb.com\/wp-content\/uploads\/Biddulphs-International-Zimbabwe-moving-company-600x279.png 600w\" sizes=\"auto, (max-width: 1440px) 100vw, 1440px\" \/><\/h2>\n<ul>\n<li>Lokalni premiki<\/li>\n<li>Mednarodne selitve<\/li>\n<li>Selitve gospodinjstev<\/li>\n<li>Selitve podjetij<\/li>\n<li>Storitev pakiranja<\/li>\n<li>Prevoz po kopnem, zraku in morju<\/li>\n<li>Mo\u017enosti zabojnikov<\/li>\n<li>Carinjenje<\/li>\n<li>Tranzitno zavarovanje<\/li>\n<li>Prostori za shranjevanje<\/li>\n<\/ul>\n<p>Biddulphs International je mednarodno podjetje, ustanovljeno leta 1928, s sede\u017eem v Harareju. Ima svetovno mre\u017eo selitvenih partnerjev, ki izpolnjujejo mednarodne standarde kakovosti in jim pomagajo pri mednarodnih selitvah. Je \u010dlan zdru\u017eenja IAM s 87 leti izku\u0161enj.<\/p>\n<p>Svetovalci za selitve dru\u017ebe Biddulphs International vam bodo svetovali o najugodnej\u0161ih mo\u017enostih selitve. Zagotavljajo vam profesionalne pakirce, ki bodo za\u0161\u010ditili va\u0161e predmete med prevozom. Organizirajo prevoz in nadzorujejo carinjenje ter poskrbijo za tranzitno zavarovanje. Ponujajo mo\u017enost polnega in delnega tovora zabojnikov ter skupinskega prevoza.<\/p>\n<p>Spletna stran: <a href=\"https:\/\/www.biddulphs.co.zw\/\" target=\"_blank\" rel=\"noopener\">https:\/\/www.biddulphs.co.zw\/<\/a><\/p>\n<h2><span class=\"ez-toc-section\" id=\"2_Chavilon_International_Movers_Logistics\"><\/span><strong>2. Chavilon International Movers &amp; Logistics<\/strong><span class=\"ez-toc-section-end\"><\/span><\/h2>\n<p><img loading=\"lazy\" decoding=\"async\" class=\"alignnone size-full wp-image-10093\" src=\"https:\/\/moverdb.com\/wp-content\/uploads\/Chavilon-International-moving-company.png\" alt=\"Chavilon Mednarodna selitev podjetja\" width=\"1440\" height=\"679\" data-wp-pid=\"10093\" srcset=\"https:\/\/moverdb.com\/wp-content\/uploads\/Chavilon-International-moving-company.png 1440w, https:\/\/moverdb.com\/wp-content\/uploads\/Chavilon-International-moving-company-300x141.png 300w, https:\/\/moverdb.com\/wp-content\/uploads\/Chavilon-International-moving-company-1024x483.png 1024w, https:\/\/moverdb.com\/wp-content\/uploads\/Chavilon-International-moving-company-18x8.png 18w, https:\/\/moverdb.com\/wp-content\/uploads\/Chavilon-International-moving-company-600x283.png 600w\" sizes=\"auto, (max-width: 1440px) 100vw, 1440px\" \/><\/p>\n<ul>\n<li>Nacionalne poteze<\/li>\n<li>Mednarodne selitve<\/li>\n<li>Selitve gospodinjstev<\/li>\n<li>Selitve podjetij in pisarn<\/li>\n<li>Storitev pakiranja<\/li>\n<li>Cestni, \u017eelezni\u0161ki, zra\u010dni in pomorski tovorni promet<\/li>\n<li>Carinjenje<\/li>\n<li>Selitve umetnin in starin<\/li>\n<li>Premestitev avtomobila<\/li>\n<li>Prostori za shranjevanje<\/li>\n<\/ul>\n<p>Chavilon International Movers &amp; Logistics je podjetje za selitev in logistiko s sede\u017eem v Harareju z mati\u010dnimi in sestrskimi podjetji v <a href=\"https:\/\/moverdb.com\/sl\/moving-companies\/moving-companies-mozambique\/\" data-internallinksmanager029f6b8e52c=\"286\" title=\"4 Najbolj\u0161a mednarodna selitvena podjetja v Mozambiku\">Mozambik<\/a>, Angola, <a href=\"https:\/\/moverdb.com\/sl\/moving-companies\/botswana-moving-companies\/\" data-internallinksmanager029f6b8e52c=\"167\" title=\"Najbolj\u0161a mednarodna selitvena podjetja v Bocvani\">Bocvana<\/a>, <a href=\"https:\/\/moverdb.com\/sl\/moving-companies\/moving-companies-malawi\/\" data-internallinksmanager029f6b8e52c=\"295\" title=\"Najbolj\u0161a mednarodna selitvena podjetja v Malavi\">Malavi<\/a> in Zambija. Prav tako imajo dostop do mednarodne mre\u017ee selitvenih podjetij, ki zagotavljajo storitve po vsem svetu. So \u010dlan zdru\u017eenja IAM s sedmimi leti izku\u0161enj.<\/p>\n<p>Chavilon International Movers &amp; Logistics ponuja prilagojene storitve za selitev od vrat do vrat v Zimbabveju, v Zimbabve in iz njega. Ponujajo tudi storitve od vrat do vrat<a href=\"https:\/\/moverdb.com\/sl\/top-49-container-ports\/\" data-internallinksmanager029f6b8e52c=\"80\" title=\"Top 49 najve\u010djih in najbolj obremenjenih pristani\u0161\u010d za kontejnerje v letu 2025\">pristani\u0161\u010de<\/a> in storitve od pristani\u0161\u010da do pristani\u0161\u010da, ki vam omogo\u010dajo, da sami opravite ve\u010d del selitve, na primer pakiranje in razpakiranje. Pri pakiranju uporabljajo mednarodno priznane materiale za za\u0161\u010dito va\u0161ih predmetov med prevozom.<\/p>\n<p>Spletna stran: <a href=\"http:\/\/www.chavilonmovers.com\/\" target=\"_blank\" rel=\"noopener\">http:\/\/www.chavilonmovers.com\/<\/a><\/p>\n<h2><span class=\"ez-toc-section\" id=\"3_Glens_Removal_Storage\"><\/span><strong>3. Glens Removal &amp; Storage<\/strong><span class=\"ez-toc-section-end\"><\/span><\/h2>\n<p><img loading=\"lazy\" decoding=\"async\" class=\"alignnone size-full wp-image-10128\" src=\"https:\/\/moverdb.com\/wp-content\/uploads\/Glens-Removals-Storage-international-moving-company.png\" alt=\"Glens Removals &amp; Storage mednarodna selitev podjetja\" width=\"1440\" height=\"680\" data-wp-pid=\"10128\" srcset=\"https:\/\/moverdb.com\/wp-content\/uploads\/Glens-Removals-Storage-international-moving-company.png 1440w, https:\/\/moverdb.com\/wp-content\/uploads\/Glens-Removals-Storage-international-moving-company-300x142.png 300w, https:\/\/moverdb.com\/wp-content\/uploads\/Glens-Removals-Storage-international-moving-company-1024x484.png 1024w, https:\/\/moverdb.com\/wp-content\/uploads\/Glens-Removals-Storage-international-moving-company-18x9.png 18w, https:\/\/moverdb.com\/wp-content\/uploads\/Glens-Removals-Storage-international-moving-company-600x283.png 600w\" sizes=\"auto, (max-width: 1440px) 100vw, 1440px\" \/><\/p>\n<ul>\n<li>Lokalne in nacionalne selitve<\/li>\n<li>Mednarodne selitve<\/li>\n<li>Selitve gospodinjstev<\/li>\n<li>Selitve pisarn<\/li>\n<li>Selitve od vrat do vrat<\/li>\n<li>Storitev pakiranja<\/li>\n<li>Po\u0161iljka<\/li>\n<li>Carinjenje<\/li>\n<li>Zavarovanje<\/li>\n<li>Kratkoro\u010dno in dolgoro\u010dno skladi\u0161\u010denje<\/li>\n<\/ul>\n<p>Glens Removal &amp; Storage je podjetje, ki deluje \u017ee od leta 1952 in ima pisarne in skladi\u0161\u010da v Zimbabveju ter podru\u017enice v <a href=\"https:\/\/moverdb.com\/sl\/moving-to-south-africa\/\" data-internallinksmanager029f6b8e52c=\"347\" title=\"Selitev v Ju\u017eno Afriko? 2023 \u017divljenjski stro\u0161ki in nasveti za selitev\">Ju\u017ena Afrika<\/a>, Zambija, Malavi in Mozambik. Pri zagotavljanju storitev po vsem svetu sodelujejo z mednarodnimi zastopniki in prevoznimi podjetji. So \u010dlani zdru\u017eenja IAM z 71-letnimi izku\u0161njami in so akreditirani pri FIDI.<\/p>\n<p>Podjetje Glens Removal &amp; Storage ponuja storitve od vrat do vrat, ki ustrezajo mednarodnim standardom selitev. Nudijo profesionalne storitve pakiranja, vklju\u010dno s pakiranjem v zaboj\u010dke, da bi va\u0161e stvari varno dostavili na ciljno destinacijo. Poskrbijo za prevoz stvari in ponujajo izbiro <a href=\"https:\/\/moverdb.com\/sl\/shipping-container-sizes-and-dimensions\/\" data-internallinksmanager029f6b8e52c=\"247\" title=\"Kon\u010dni vodnik po velikostih in dimenzijah ladijskih zabojnikov\">velikosti posod<\/a> in storitve konsolidacije za va\u0161o selitev.<\/p>\n<p>Spletna stran: <a href=\"http:\/\/www.glensremovals.com\" target=\"_blank\" rel=\"noopener\">http:\/\/www.glensremovals.com<\/a><\/p>\n<h2><span class=\"ez-toc-section\" id=\"4_Stuttafords\"><\/span><strong>4. Stuttafords<\/strong><span class=\"ez-toc-section-end\"><\/span><\/h2>\n<p><img loading=\"lazy\" decoding=\"async\" class=\"alignnone size-full wp-image-10188\" src=\"https:\/\/moverdb.com\/wp-content\/uploads\/Stuttafords-Zimbabwe-international-moving-company.png\" alt=\"Stuttafords Zimbabve mednarodno gibljejo podjetje\" width=\"1440\" height=\"681\" data-wp-pid=\"10188\" srcset=\"https:\/\/moverdb.com\/wp-content\/uploads\/Stuttafords-Zimbabwe-international-moving-company.png 1440w, https:\/\/moverdb.com\/wp-content\/uploads\/Stuttafords-Zimbabwe-international-moving-company-300x142.png 300w, https:\/\/moverdb.com\/wp-content\/uploads\/Stuttafords-Zimbabwe-international-moving-company-1024x484.png 1024w, https:\/\/moverdb.com\/wp-content\/uploads\/Stuttafords-Zimbabwe-international-moving-company-18x9.png 18w, https:\/\/moverdb.com\/wp-content\/uploads\/Stuttafords-Zimbabwe-international-moving-company-600x284.png 600w\" sizes=\"auto, (max-width: 1440px) 100vw, 1440px\" \/><\/p>\n<ul>\n<li>Lokalne in nacionalne selitve<\/li>\n<li>Mednarodne selitve<\/li>\n<li>Stanovanjske selitve<\/li>\n<li>Selitve podjetij<\/li>\n<li>Selitve od vrat do vrat<\/li>\n<li>Storitev pakiranja<\/li>\n<li>Cestni, zra\u010dni in pomorski tovorni promet<\/li>\n<li>Izbira velikosti posod<\/li>\n<li>Carinjenje<\/li>\n<li>Prostori za shranjevanje<\/li>\n<\/ul>\n<p>Stuttafords je logisti\u010dno in tovorno podjetje, ki ima podru\u017enice v Zimbabveju, Malaviju in Zambiji. Njihovi sede\u017ei v Zimbabveju so v Harareju in Bulawayu. Podjetje je \u010dlan zdru\u017eenja IAM s 66-letnimi izku\u0161njami in ima akreditacijo FIDI, kar pomeni, da svoje storitve opravlja v skladu z mednarodnimi standardi in ima na voljo mre\u017eo selitvenih podjetij, ki zagotavljajo enake standarde.<\/p>\n<p>Stuttafords ponuja storitve selitve od vrat do vrat za stanovanjske in poslovne nepremi\u010dnine v Zimbabveju, v Zimbabve in iz Zimbabveja. Nudijo strokovno storitev pakiranja, ki zagotavlja, da se va\u0161e blago med prevozom ne po\u0161koduje. Poskrbijo za prevoz s carinjenjem.<\/p>\n<p>Spletna stran: <a href=\"http:\/\/www.stuttafordszim.com\" target=\"_blank\" rel=\"noopener\">http:\/\/www.stuttafordszim.com<\/a><\/p>","protected":false},"excerpt":{"rendered":"<p>When you are planning a move, especially between countries it can be overwhelming with so much to do. Employing a moving company can ease this burden and make your move smoother. Below we have compiled a list of Zimbabwe based removal companies that are members of the International Association of Movers (IAM) and\/or FIDI Accredited [&hellip;]<\/p>\n","protected":false},"author":4,"featured_media":10090,"parent":190,"menu_order":0,"comment_status":"closed","ping_status":"closed","template":"","meta":{"_genesis_hide_title":false,"_genesis_hide_breadcrumbs":false,"_genesis_hide_singular_image":false,"_genesis_hide_footer_widgets":false,"_genesis_custom_body_class":"","_genesis_custom_post_class":"","_genesis_layout":"","footnotes":""},"class_list":{"0":"post-10263","1":"page","2":"type-page","3":"status-publish","4":"has-post-thumbnail","6":"entry"},"_links":{"self":[{"href":"https:\/\/moverdb.com\/sl\/wp-json\/wp\/v2\/pages\/10263","targetHints":{"allow":["GET"]}}],"collection":[{"href":"https:\/\/moverdb.com\/sl\/wp-json\/wp\/v2\/pages"}],"about":[{"href":"https:\/\/moverdb.com\/sl\/wp-json\/wp\/v2\/types\/page"}],"author":[{"embeddable":true,"href":"https:\/\/moverdb.com\/sl\/wp-json\/wp\/v2\/users\/4"}],"replies":[{"embeddable":true,"href":"https:\/\/moverdb.com\/sl\/wp-json\/wp\/v2\/comments?post=10263"}],"version-history":[{"count":2,"href":"https:\/\/moverdb.com\/sl\/wp-json\/wp\/v2\/pages\/10263\/revisions"}],"predecessor-version":[{"id":10265,"href":"https:\/\/moverdb.com\/sl\/wp-json\/wp\/v2\/pages\/10263\/revisions\/10265"}],"up":[{"embeddable":true,"href":"https:\/\/moverdb.com\/sl\/wp-json\/wp\/v2\/pages\/190"}],"wp:featuredmedia":[{"embeddable":true,"href":"https:\/\/moverdb.com\/sl\/wp-json\/wp\/v2\/media\/10090"}],"wp:attachment":[{"href":"https:\/\/moverdb.com\/sl\/wp-json\/wp\/v2\/media?parent=10263"}],"curies":[{"name":"wp","href":"https:\/\/api.w.org\/{rel}","templated":true}]}}