{"id":10257,"date":"2023-06-22T15:34:17","date_gmt":"2023-06-22T15:34:17","guid":{"rendered":"https:\/\/moverdb.com\/?page_id=10257"},"modified":"2026-01-08T15:29:05","modified_gmt":"2026-01-08T15:29:05","slug":"moving-companies-vietnam","status":"publish","type":"page","link":"https:\/\/moverdb.com\/sl\/moving-companies\/moving-companies-vietnam\/","title":{"rendered":"5 najbolj\u0161ih mednarodnih selitvenih podjetij v Vietnamu"},"content":{"rendered":"<p>Ali se nameravate preseliti v, iz ali znotraj <a href=\"https:\/\/moverdb.com\/sl\/moving-to-vietnam\/\" data-internallinksmanager029f6b8e52c=\"390\" title=\"Selitev v Vietnam? 2023 \u017divljenjski stro\u0161ki in nasveti za selitev\">Vietnam<\/a>? Pridobivanje <a href=\"https:\/\/moverdb.com\/sl\/moving-companies\/\" data-internallinksmanager029f6b8e52c=\"79\" title=\"Top 25 Mednarodne selitve podjetja Online\">selitev podjetja<\/a> vam lahko olaj\u0161ajo postopek, saj lahko zapakirajo va\u0161e stvari, organizirajo prevoz in uredijo carinske postopke. V nadaljevanju smo pripravili seznam podjetij s sede\u017eem v Vietnamu. <a href=\"https:\/\/moverdb.com\/sl\/international-removals\/\" data-internallinksmanager029f6b8e52c=\"27\" title=\"36 najbolj\u0161ih podjetij za mednarodne selitve v Zdru\u017eenem kraljestvu\">podjetja za selitve<\/a> ki so \u010dlani <a href=\"https:\/\/moverdb.com\/sl\/iam\/\" data-internallinksmanager029f6b8e52c=\"23\" title=\"Pojasnila o Mednarodnem zdru\u017eenju gibalcev (IAM)\">Mednarodno zdru\u017eenje movers<\/a> (IAM) in\/ali <a href=\"https:\/\/moverdb.com\/sl\/fidi-faim\/\" data-internallinksmanager029f6b8e52c=\"16\" title=\"Pojasnila o FIDI in FAIM (FIDI Accredited International Mover)\">FIDI<\/a> akreditirani mednarodni selitveni urad (FAIM), ki vam lahko pomaga pri selitvi.<\/p>\n<div id=\"ez-toc-container\" class=\"ez-toc-v2_0_82_2 ez-toc-wrap-left counter-hierarchy ez-toc-counter ez-toc-transparent ez-toc-container-direction\">\n<div class=\"ez-toc-title-container\">\n<p class=\"ez-toc-title\" style=\"cursor:inherit\">Oddelki<\/p>\n<span class=\"ez-toc-title-toggle\"><a href=\"#\" class=\"ez-toc-pull-right ez-toc-btn ez-toc-btn-xs ez-toc-btn-default ez-toc-toggle\" aria-label=\"Toggle Tabela vsebine\"><span class=\"ez-toc-js-icon-con\"><span class=\"\"><span class=\"eztoc-hide\" style=\"display:none;\">Toggle<\/span><span class=\"ez-toc-icon-toggle-span\"><svg style=\"fill: #999;color:#999\" xmlns=\"http:\/\/www.w3.org\/2000\/svg\" class=\"list-377408\" width=\"20px\" height=\"20px\" viewbox=\"0 0 24 24\" fill=\"none\"><path d=\"M6 6H4v2h2V6zm14 0H8v2h12V6zM4 11h2v2H4v-2zm16 0H8v2h12v-2zM4 16h2v2H4v-2zm16 0H8v2h12v-2z\" fill=\"currentColor\"><\/path><\/svg><svg style=\"fill: #999;color:#999\" class=\"arrow-unsorted-368013\" xmlns=\"http:\/\/www.w3.org\/2000\/svg\" width=\"10px\" height=\"10px\" viewbox=\"0 0 24 24\" version=\"1.2\" baseprofile=\"tiny\"><path d=\"M18.2 9.3l-6.2-6.3-6.2 6.3c-.2.2-.3.4-.3.7s.1.5.3.7c.2.2.4.3.7.3h11c.3 0 .5-.1.7-.3.2-.2.3-.5.3-.7s-.1-.5-.3-.7zM5.8 14.7l6.2 6.3 6.2-6.3c.2-.2.3-.5.3-.7s-.1-.5-.3-.7c-.2-.2-.4-.3-.7-.3h-11c-.3 0-.5.1-.7.3-.2.2-.3.5-.3.7s.1.5.3.7z\"\/><\/svg><\/span><\/span><\/span><\/a><\/span><\/div>\n<nav><ul class='ez-toc-list ez-toc-list-level-1 eztoc-toggle-hide-by-default' ><li class='ez-toc-page-1 ez-toc-heading-level-2'><a class=\"ez-toc-link ez-toc-heading-1\" href=\"https:\/\/moverdb.com\/sl\/moving-companies\/moving-companies-vietnam\/#1_EVo_Moves\" >1. EVo Moves<\/a><\/li><li class='ez-toc-page-1 ez-toc-heading-level-2'><a class=\"ez-toc-link ez-toc-heading-2\" href=\"https:\/\/moverdb.com\/sl\/moving-companies\/moving-companies-vietnam\/#2_Prime_Relocations_Asia\" >2. Prime Relocations Asia<\/a><\/li><li class='ez-toc-page-1 ez-toc-heading-level-2'><a class=\"ez-toc-link ez-toc-heading-3\" href=\"https:\/\/moverdb.com\/sl\/moving-companies\/moving-companies-vietnam\/#3_Logical_Moves\" >3. Logi\u010dni premiki<\/a><\/li><li class='ez-toc-page-1 ez-toc-heading-level-2'><a class=\"ez-toc-link ez-toc-heading-4\" href=\"https:\/\/moverdb.com\/sl\/moving-companies\/moving-companies-vietnam\/#4_Santa_Fe_Relocation\" >4. Premestitev v Santa Fe<\/a><\/li><li class='ez-toc-page-1 ez-toc-heading-level-2'><a class=\"ez-toc-link ez-toc-heading-5\" href=\"https:\/\/moverdb.com\/sl\/moving-companies\/moving-companies-vietnam\/#5_Saigon_Van\" >5. Saigon Van<\/a><\/li><li class='ez-toc-page-1 ez-toc-heading-level-2'><a class=\"ez-toc-link ez-toc-heading-6\" href=\"https:\/\/moverdb.com\/sl\/moving-companies\/moving-companies-vietnam\/#Other_Useful_Guides_to_Vietnam\" >Drugi uporabni vodniki za Vietnam<\/a><\/li><\/ul><\/nav><\/div>\n<h2><span class=\"ez-toc-section\" id=\"1_EVo_Moves\"><\/span><strong>1. EVo Moves<\/strong><span class=\"ez-toc-section-end\"><\/span><\/h2>\n<p><img loading=\"lazy\" decoding=\"async\" class=\"alignnone size-full wp-image-10115\" src=\"https:\/\/moverdb.com\/wp-content\/uploads\/EVo-Moves-international-moving-company.png\" alt=\"EVo Moves mednarodno gibljejo podjetje\" width=\"1440\" height=\"683\" data-wp-pid=\"10115\" srcset=\"https:\/\/moverdb.com\/wp-content\/uploads\/EVo-Moves-international-moving-company.png 1440w, https:\/\/moverdb.com\/wp-content\/uploads\/EVo-Moves-international-moving-company-300x142.png 300w, https:\/\/moverdb.com\/wp-content\/uploads\/EVo-Moves-international-moving-company-1024x486.png 1024w, https:\/\/moverdb.com\/wp-content\/uploads\/EVo-Moves-international-moving-company-18x9.png 18w, https:\/\/moverdb.com\/wp-content\/uploads\/EVo-Moves-international-moving-company-600x285.png 600w\" sizes=\"auto, (max-width: 1440px) 100vw, 1440px\" \/><\/p>\n<ul>\n<li>Nacionalne poteze<\/li>\n<li>Mednarodne selitve<\/li>\n<li>Selitve gospodinjstev<\/li>\n<li>Selitve pisarn<\/li>\n<li>Storitev od vrat do vrat<\/li>\n<li>Izvozno pakiranje<\/li>\n<li>Carinjenje<\/li>\n<li>Prevoz hi\u0161nih ljubljen\u010dkov<\/li>\n<li>Zavarovanje<\/li>\n<li>Kratkoro\u010dno in dolgoro\u010dno skladi\u0161\u010denje<\/li>\n<\/ul>\n<p>EVo Moves je mednarodno podjetje za selitev s sede\u017eem v Ho Chi Minh Cityju. Je \u010dlan zdru\u017eenja IAM s \u0161tirimi leti izku\u0161enj, kar pomeni, da ima dostop do mednarodne mre\u017ee selitvenih podjetij, ki mu lahko pomagajo.<\/p>\n<p>EVo Moves ponuja brezpla\u010dno raziskavo pred selitvijo za tiste v Vietnamu, da bi ocenili svoje potrebe po selitvi in bodo zagotovili ponudbo od vrat do vrat. Zagotavljajo storitve pakiranja, ki ustrezajo mednarodnim standardom in kakovosti za za\u0161\u010dito va\u0161ih predmetov med prevozom. Poskrbijo za mednarodni prevoz po morju ali zraku, ki vklju\u010duje pomorsko zavarovanje za vsa tveganja in carinjenje. Dodatne storitve vklju\u010dujejo prevoz hi\u0161nih ljubljen\u010dkov, zaplinjevanje in skladi\u0161\u010denje.<\/p>\n<p>Spletna stran: <a href=\"http:\/\/www.evomoves.com\" target=\"_blank\" rel=\"noopener\">http:\/\/www.evomoves.com<\/a><\/p>\n<h2><span class=\"ez-toc-section\" id=\"2_Prime_Relocations_Asia\"><\/span><strong>2. Prime Relocations Asia<\/strong><span class=\"ez-toc-section-end\"><\/span><\/h2>\n<p><img loading=\"lazy\" decoding=\"async\" class=\"alignnone size-full wp-image-10170\" src=\"https:\/\/moverdb.com\/wp-content\/uploads\/Prime-Relocations-Asia-international-moving-company.png\" alt=\"Prime Relocations Asia mednarodno gibljejo podjetje\" width=\"1440\" height=\"680\" data-wp-pid=\"10170\" srcset=\"https:\/\/moverdb.com\/wp-content\/uploads\/Prime-Relocations-Asia-international-moving-company.png 1440w, https:\/\/moverdb.com\/wp-content\/uploads\/Prime-Relocations-Asia-international-moving-company-300x142.png 300w, https:\/\/moverdb.com\/wp-content\/uploads\/Prime-Relocations-Asia-international-moving-company-1024x484.png 1024w, https:\/\/moverdb.com\/wp-content\/uploads\/Prime-Relocations-Asia-international-moving-company-18x9.png 18w, https:\/\/moverdb.com\/wp-content\/uploads\/Prime-Relocations-Asia-international-moving-company-600x283.png 600w\" sizes=\"auto, (max-width: 1440px) 100vw, 1440px\" \/><\/p>\n<ul>\n<li>Lokalne in nacionalne selitve<\/li>\n<li>Mednarodne selitve<\/li>\n<li>Selitve gospodinjstev<\/li>\n<li>Poslovne selitve<\/li>\n<li>Storitev od vrat do vrat<\/li>\n<li>Celoten paket za premikanje<\/li>\n<li>Premestitve hi\u0161nih ljubljen\u010dkov in vozil<\/li>\n<li>Storitve za mojstre<\/li>\n<li>Zavarovanje<\/li>\n<li>Skladi\u0161\u010da za kratkoro\u010dno in dolgoro\u010dno skladi\u0161\u010denje<\/li>\n<\/ul>\n<p>Prime Relocations Asia je mednarodno podjetje za selitve z uradi v Vietnamu v Hanoju in Ho Chi Minh Cityju ter uradi v Laosu in <a href=\"https:\/\/moverdb.com\/sl\/moving-to-cambodia\/\" data-internallinksmanager029f6b8e52c=\"340\" title=\"Selitev v Kambod\u017eo? 2023 \u017divljenjski stro\u0161ki in nasveti za selitev\">Kambod\u017ea<\/a>. Imajo mre\u017eo izbranih partnerjev in podru\u017enic za opravljanje selitev v tujini in upravljanje carinskih predpisov. Je \u010dlan zdru\u017eenja IAM s 15-letnimi izku\u0161njami.<\/p>\n<p>Podjetje Prime Relocations Asia vam na enem mestu nudi vodenje selitve, ki lahko vklju\u010duje selitev va\u0161ega doma ali podjetja, hi\u0161nih ljubljen\u010dkov in vozil s celovitim zavarovanjem za prevoz. Nudijo tudi dodatne storitve, ki vklju\u010dujejo pomo\u010d rokodelcev, storitve hi\u0161nika, slu\u017ekinje, iskanje nastanitve, orientacijo, pomo\u010d pri odhodu in prihodu.<\/p>\n<p>Spletna stran: <a href=\"http:\/\/www.primerelo.asia\" target=\"_blank\" rel=\"noopener\">http:\/\/www.primerelo.asia<\/a><\/p>\n<h2><span class=\"ez-toc-section\" id=\"3_Logical_Moves\"><\/span><strong>3. Logi\u010dni premiki<\/strong><span class=\"ez-toc-section-end\"><\/span><\/h2>\n<p><img loading=\"lazy\" decoding=\"async\" class=\"alignnone size-full wp-image-10149\" src=\"https:\/\/moverdb.com\/wp-content\/uploads\/Logical-Moves-international-moving-company.png\" alt=\"Logi\u010dno Moves mednarodno gibljejo podjetje\" width=\"1440\" height=\"670\" data-wp-pid=\"10149\" srcset=\"https:\/\/moverdb.com\/wp-content\/uploads\/Logical-Moves-international-moving-company.png 1440w, https:\/\/moverdb.com\/wp-content\/uploads\/Logical-Moves-international-moving-company-300x140.png 300w, https:\/\/moverdb.com\/wp-content\/uploads\/Logical-Moves-international-moving-company-1024x476.png 1024w, https:\/\/moverdb.com\/wp-content\/uploads\/Logical-Moves-international-moving-company-18x8.png 18w, https:\/\/moverdb.com\/wp-content\/uploads\/Logical-Moves-international-moving-company-600x279.png 600w\" sizes=\"auto, (max-width: 1440px) 100vw, 1440px\" \/><\/p>\n<ul>\n<li>Lokalni premiki<\/li>\n<li>Mednarodne selitve<\/li>\n<li>Selitve gospodinjstev<\/li>\n<li>Premiki podjetij<\/li>\n<li>Storitve premestitve<\/li>\n<li>Storitev pakiranja<\/li>\n<li>Carinjenje<\/li>\n<li>Storitve ob odhodu in nastanitvi<\/li>\n<li>Premiki hi\u0161nih ljubljen\u010dkov<\/li>\n<li>Varno shranjevanje<\/li>\n<\/ul>\n<p>Logical Moves je neodvisno mednarodno selitveno podjetje, ki je bilo ustanovljeno leta 2005 in ima sede\u017e v Ho\u0161iminhu. Ima globalno mre\u017eo in lokalne vire, ki mu omogo\u010dajo zagotavljanje visokokakovostnih storitev za lokalne in mednarodne selitve. Je \u010dlan zdru\u017eenja IAM z 18-letnimi izku\u0161njami.<\/p>\n<p>Logi\u010dna selitev ponuja svetovanje pred selitvijo in pregled doma, da bi ugotovili va\u0161e zahteve za selitev. Nudijo storitev pakiranja, s katero zagotovijo varno dostavo va\u0161ih stvari, za\u0161\u010dito po\u0161iljke in carinjenje, ob prihodu pa jih razpakirajo. Nudijo dodatne storitve, vklju\u010dno s podporo pri pridobivanju vizumov in priseljevanju, iskanju doma in \u0161ole, podporo pri odhodu, storitvami hi\u0161nih mojstrov in storitvami za vselitev.<\/p>\n<p>Spletna stran: <a href=\"http:\/\/www.logicalmoves.net\" target=\"_blank\" rel=\"noopener\">http:\/\/www.logicalmoves.net<\/a><\/p>\n<h2><span class=\"ez-toc-section\" id=\"4_Santa_Fe_Relocation\"><\/span><strong>4. Premestitev v Santa Fe<\/strong><span class=\"ez-toc-section-end\"><\/span><\/h2>\n<p><img loading=\"lazy\" decoding=\"async\" class=\"alignnone size-full wp-image-10181\" src=\"https:\/\/moverdb.com\/wp-content\/uploads\/Santa-Fe-Relocations-Vietnam-international-moving-company.png\" alt=\"Santa Fe Relocations Vietnam mednarodni selitev podjetje\" width=\"1440\" height=\"681\" data-wp-pid=\"10181\" srcset=\"https:\/\/moverdb.com\/wp-content\/uploads\/Santa-Fe-Relocations-Vietnam-international-moving-company.png 1440w, https:\/\/moverdb.com\/wp-content\/uploads\/Santa-Fe-Relocations-Vietnam-international-moving-company-300x142.png 300w, https:\/\/moverdb.com\/wp-content\/uploads\/Santa-Fe-Relocations-Vietnam-international-moving-company-1024x484.png 1024w, https:\/\/moverdb.com\/wp-content\/uploads\/Santa-Fe-Relocations-Vietnam-international-moving-company-18x9.png 18w, https:\/\/moverdb.com\/wp-content\/uploads\/Santa-Fe-Relocations-Vietnam-international-moving-company-600x284.png 600w\" sizes=\"auto, (max-width: 1440px) 100vw, 1440px\" \/><\/p>\n<ul>\n<li>Lokalne in nacionalne selitve<\/li>\n<li>Mednarodne selitve<\/li>\n<li>Selitve gospodinjstev<\/li>\n<li>Selitve podjetij<\/li>\n<li>Storitev od vrat do vrat<\/li>\n<li>Specializirano pakiranje<\/li>\n<li>Carinjenje<\/li>\n<li>Vizumi in priseljevanje<\/li>\n<li>Destinacijske storitve<\/li>\n<li>Varno shranjevanje<\/li>\n<\/ul>\n<p>Santa Fe Relocation je mednarodno podjetje za selitve in preselitve z ve\u010d kot 130 leti izku\u0161enj, ki ima 64 pisarn v 38 dr\u017eavah, vklju\u010dno s Hanojem in Ho\u0161iminom v Vietnamu. Je \u010dlan zdru\u017eenja IAM s 17 leti izku\u0161enj in je akreditirano pri FIDI.<\/p>\n<p>Santa Fe Relocation ponuja selitvene storitve od vrat do vrat s strokovno ekipo, ki vam bo pomagala med selitvijo. Nudijo specializirane storitve pakiranja za za\u0161\u010dito va\u0161ih stvari med selitvijo, ponujajo pa tudi celovite na\u010drte za za\u0161\u010dito po\u0161iljk. Nudijo dodatne storitve, ki vklju\u010dujejo vizume in storitve priseljevanja, iskanje stanovanj in druge storitve na destinaciji.<\/p>\n<p>Spletna stran: <a href=\"https:\/\/www.santaferelo.com\/en\/contact\/our-offices\/vietnam-ho-chi-minh\/\" target=\"_blank\" rel=\"noopener\">https:\/\/www.santaferelo.com\/en\/contact\/our-offices\/vietnam-ho-chi-minh\/<\/a><\/p>\n<h2><span class=\"ez-toc-section\" id=\"5_Saigon_Van\"><\/span><strong>5. Saigon Van<\/strong><span class=\"ez-toc-section-end\"><\/span><\/h2>\n<p><img loading=\"lazy\" decoding=\"async\" class=\"alignnone size-full wp-image-10258\" src=\"https:\/\/moverdb.com\/wp-content\/uploads\/Saigon-Van-international-moving-company.png\" alt=\"Saigon Van mednarodno gibljejo podjetje\" width=\"1440\" height=\"700\" data-wp-pid=\"10258\" srcset=\"https:\/\/moverdb.com\/wp-content\/uploads\/Saigon-Van-international-moving-company.png 1440w, https:\/\/moverdb.com\/wp-content\/uploads\/Saigon-Van-international-moving-company-300x146.png 300w, https:\/\/moverdb.com\/wp-content\/uploads\/Saigon-Van-international-moving-company-1024x498.png 1024w, https:\/\/moverdb.com\/wp-content\/uploads\/Saigon-Van-international-moving-company-18x9.png 18w, https:\/\/moverdb.com\/wp-content\/uploads\/Saigon-Van-international-moving-company-600x292.png 600w\" sizes=\"auto, (max-width: 1440px) 100vw, 1440px\" \/><\/p>\n<ul>\n<li>Lokalne in nacionalne selitve<\/li>\n<li>Mednarodne selitve<\/li>\n<li>Selitve gospodinjstev<\/li>\n<li>Selitve pisarn<\/li>\n<li>Storitev pakiranja<\/li>\n<li>Carinjenje<\/li>\n<li>premestitve hi\u0161nih ljubljen\u010dkov<\/li>\n<li>Storitve za mojstre<\/li>\n<li>Zavarovanje<\/li>\n<li>Shranjevanje<\/li>\n<\/ul>\n<p>Saigon Van je mednarodno podjetje za selitve, ki je bilo ustanovljeno leta 1990 in ima sede\u017e v Ho\u0161iminhu ter podru\u017enico v Ha Noiju. Sodeluje z mednarodnimi sodelavci, ki jim pomagajo pri izvajanju storitev zunaj Vietnama. So \u010dlani zdru\u017eenja IAM s 33-letnimi izku\u0161njami in imajo akreditacijo FIDI.<\/p>\n<p>Saigon Van ponuja lokalne, nacionalne in mednarodne storitve selitve, ki se za\u010dnejo s pregledom pred selitvijo. Zagotavljajo izku\u0161eno ekipo za pakiranje, ki zavije in za\u0161\u010diti va\u0161e stvari. Organizirajo prevoz s carinjenjem in zavarovanjem. Njihove storitve selitve vklju\u010dujejo vizume, vpis v \u0161olo, pomo\u010d pri delu, \u010di\u0161\u010denje in skladi\u0161\u010denje.<\/p>\n<p>Spletna stran: <a href=\"http:\/\/www.saigonvan.com\/\" target=\"_blank\" rel=\"noopener\">http:\/\/www.saigonvan.com\/<\/a><\/p>\n<h2><span class=\"ez-toc-section\" id=\"Other_Useful_Guides_to_Vietnam\"><\/span>Drugi uporabni vodniki za Vietnam<span class=\"ez-toc-section-end\"><\/span><\/h2>\n<ul>\n<li> <a href=\"https:\/\/moverdb.com\/sl\/kontejnersko-posiljanje\/vietnam\/\">2024 Cene pomorskega prevoza zabojnikov v Vietnam in iz njega<\/a><\/li>\n<li> <a href=\"https:\/\/moverdb.com\/sl\/moving-to-vietnam\/\">Selitev v Vietnam? 2023 \u017divljenjski stro\u0161ki in nasveti za selitev<\/a><\/li>\n<li> <a href=\"https:\/\/moverdb.com\/sl\/moving-to-vietnam\/best-places-to-live-vietnam\/\">12 najbolj\u0161ih mest za \u017eivljenje v Vietnamu<\/a><\/li>\n<\/ul>","protected":false},"excerpt":{"rendered":"<p>Are you thinking of moving to, from or within Vietnam? Getting a moving company to assist you can help ease the process as they can pack your effects, arrange transportation and manage customs procedures. Below we have compiled a list of Vietnam based removal companies that are members of the International Association of Movers (IAM) [&hellip;]<\/p>\n","protected":false},"author":4,"featured_media":10115,"parent":190,"menu_order":0,"comment_status":"closed","ping_status":"closed","template":"","meta":{"_genesis_hide_title":false,"_genesis_hide_breadcrumbs":false,"_genesis_hide_singular_image":false,"_genesis_hide_footer_widgets":false,"_genesis_custom_body_class":"","_genesis_custom_post_class":"","_genesis_layout":"","footnotes":""},"class_list":{"0":"post-10257","1":"page","2":"type-page","3":"status-publish","4":"has-post-thumbnail","6":"entry"},"_links":{"self":[{"href":"https:\/\/moverdb.com\/sl\/wp-json\/wp\/v2\/pages\/10257","targetHints":{"allow":["GET"]}}],"collection":[{"href":"https:\/\/moverdb.com\/sl\/wp-json\/wp\/v2\/pages"}],"about":[{"href":"https:\/\/moverdb.com\/sl\/wp-json\/wp\/v2\/types\/page"}],"author":[{"embeddable":true,"href":"https:\/\/moverdb.com\/sl\/wp-json\/wp\/v2\/users\/4"}],"replies":[{"embeddable":true,"href":"https:\/\/moverdb.com\/sl\/wp-json\/wp\/v2\/comments?post=10257"}],"version-history":[{"count":3,"href":"https:\/\/moverdb.com\/sl\/wp-json\/wp\/v2\/pages\/10257\/revisions"}],"predecessor-version":[{"id":16500,"href":"https:\/\/moverdb.com\/sl\/wp-json\/wp\/v2\/pages\/10257\/revisions\/16500"}],"up":[{"embeddable":true,"href":"https:\/\/moverdb.com\/sl\/wp-json\/wp\/v2\/pages\/190"}],"wp:featuredmedia":[{"embeddable":true,"href":"https:\/\/moverdb.com\/sl\/wp-json\/wp\/v2\/media\/10115"}],"wp:attachment":[{"href":"https:\/\/moverdb.com\/sl\/wp-json\/wp\/v2\/media?parent=10257"}],"curies":[{"name":"wp","href":"https:\/\/api.w.org\/{rel}","templated":true}]}}