{"id":10253,"date":"2023-06-22T15:36:35","date_gmt":"2023-06-22T15:36:35","guid":{"rendered":"https:\/\/moverdb.com\/?page_id=10253"},"modified":"2026-01-08T15:23:53","modified_gmt":"2026-01-08T15:23:53","slug":"moving-companies-uzbekistan","status":"publish","type":"page","link":"https:\/\/moverdb.com\/sl\/moving-companies\/moving-companies-uzbekistan\/","title":{"rendered":"2 Najbolj\u0161a mednarodna selitvena podjetja v Uzbekistanu"},"content":{"rendered":"<p>Ali se nameravate preseliti v Uzbekistan, v Uzbekistan ali iz njega? Potem se odlo\u010dite za sodelovanje z <a href=\"https:\/\/moverdb.com\/sl\/moving-companies\/\" data-internallinksmanager029f6b8e52c=\"79\" title=\"Top 25 Mednarodne selitve podjetja Online\">selitev podjetja<\/a> ki vam lahko pomaga pri pakiranju, organizaciji prevoza in carinskih postopkih za mednarodne selitve, vam lahko resni\u010dno olaj\u0161a selitev. V nadaljevanju smo pripravili seznam podjetij s sede\u017eem v Uzbekistanu <a href=\"https:\/\/moverdb.com\/sl\/international-removals\/\" data-internallinksmanager029f6b8e52c=\"27\" title=\"36 najbolj\u0161ih podjetij za mednarodne selitve v Zdru\u017eenem kraljestvu\">podjetja za selitve<\/a> ki so \u010dlani <a href=\"https:\/\/moverdb.com\/sl\/iam\/\" data-internallinksmanager029f6b8e52c=\"23\" title=\"Pojasnila o Mednarodnem zdru\u017eenju gibalcev (IAM)\">Mednarodno zdru\u017eenje movers<\/a> (IAM) in\/ali <a href=\"https:\/\/moverdb.com\/sl\/fidi-faim\/\" data-internallinksmanager029f6b8e52c=\"16\" title=\"Pojasnila o FIDI in FAIM (FIDI Accredited International Mover)\">FIDI<\/a> akreditirani mednarodni selitveni urad (FAIM), ki vam lahko pomaga pri selitvi.<\/p>\n<h2><strong>1. Premaknite se na prvo mesto<\/strong><\/h2>\n<p><img loading=\"lazy\" decoding=\"async\" class=\"alignnone size-full wp-image-10159\" src=\"https:\/\/moverdb.com\/wp-content\/uploads\/Move-One-international-moving-company-1.png\" alt=\"Move One mednarodno gibanje podjetje\" width=\"1440\" height=\"676\" data-wp-pid=\"10159\" srcset=\"https:\/\/moverdb.com\/wp-content\/uploads\/Move-One-international-moving-company-1.png 1440w, https:\/\/moverdb.com\/wp-content\/uploads\/Move-One-international-moving-company-1-300x141.png 300w, https:\/\/moverdb.com\/wp-content\/uploads\/Move-One-international-moving-company-1-1024x481.png 1024w, https:\/\/moverdb.com\/wp-content\/uploads\/Move-One-international-moving-company-1-18x8.png 18w, https:\/\/moverdb.com\/wp-content\/uploads\/Move-One-international-moving-company-1-600x282.png 600w\" sizes=\"auto, (max-width: 1440px) 100vw, 1440px\" \/><\/p>\n<ul>\n<li>Nacionalne poteze<\/li>\n<li>Mednarodne selitve<\/li>\n<li>Selitve gospodinjstev<\/li>\n<li>Komercialna logistika<\/li>\n<li>Storitve premestitve<\/li>\n<li>Storitev pakiranja<\/li>\n<li>Ureditev prevoza<\/li>\n<li>Carinska podpora<\/li>\n<li>Prevoz hi\u0161nih ljubljen\u010dkov in vozil<\/li>\n<li>Prostori za shranjevanje<\/li>\n<\/ul>\n<p>Move One je podjetje, ki je bilo ustanovljeno leta 1992 in ima ve\u010d kot 80 pisarn v Vzhodni Evropi, Afriki, na Bli\u017enjem vzhodu, Balkanu in v Skupnosti neodvisnih dr\u017eav. Njihova pisarna v Uzbekistanu je v Ta\u0161kentu. Za zagotavljanje mednarodnih storitev imajo mre\u017eo pisarn in zastopnikov. So \u010dlan zdru\u017eenja IAM s sedemletnim sta\u017eem.<\/p>\n<p>Dru\u017eba Move One bo koordinirala va\u0161o selitev in poskrbela za nemoten potek selitve, pri \u010demer vam bo zagotovila storitve pakiranja, organizacijo prevoza in carinsko podporo. Nudijo dodatne storitve, vklju\u010dno z dovoljenji in vizumi, prevozom \u017eivali, prevozom avtomobilov, odve\u010dno prtljago in skladi\u0161\u010denjem. Storitve selitve vklju\u010dujejo iskanje doma in \u0161ole, za\u010dasno nastanitev, orientacijo in pomo\u010d pri uvajanju.<\/p>\n<p>Spletna stran: <a href=\"https:\/\/www.moveoneinc.com\" target=\"_blank\" rel=\"noopener\">https:\/\/www.moveoneinc.com<\/a><\/p>\n<h2><strong>2. Gosselin<\/strong><\/h2>\n<p><img loading=\"lazy\" decoding=\"async\" class=\"alignnone size-full wp-image-10132\" src=\"https:\/\/moverdb.com\/wp-content\/uploads\/Gosselin-Uzbekistan-international-moving-company.png\" alt=\"Gosselin Uzbekistan mednarodno gibljejo podjetje\" width=\"1440\" height=\"680\" data-wp-pid=\"10132\" srcset=\"https:\/\/moverdb.com\/wp-content\/uploads\/Gosselin-Uzbekistan-international-moving-company.png 1440w, https:\/\/moverdb.com\/wp-content\/uploads\/Gosselin-Uzbekistan-international-moving-company-300x142.png 300w, https:\/\/moverdb.com\/wp-content\/uploads\/Gosselin-Uzbekistan-international-moving-company-1024x484.png 1024w, https:\/\/moverdb.com\/wp-content\/uploads\/Gosselin-Uzbekistan-international-moving-company-18x9.png 18w, https:\/\/moverdb.com\/wp-content\/uploads\/Gosselin-Uzbekistan-international-moving-company-600x283.png 600w\" sizes=\"auto, (max-width: 1440px) 100vw, 1440px\" \/><\/p>\n<ul>\n<li>Nacionalne poteze<\/li>\n<li>Mednarodne selitve<\/li>\n<li>Selitve gospodinjstev<\/li>\n<li>Selitve pisarn<\/li>\n<li>Storitev od vrat do vrat<\/li>\n<li>Storitev pakiranja<\/li>\n<li>Ureditev prevoza<\/li>\n<li>Likovni premiki<\/li>\n<li>Premiki avtomobilov in hi\u0161nih ljubljen\u010dkov<\/li>\n<li>Re\u0161itve za shranjevanje<\/li>\n<\/ul>\n<p>Gosselin je mednarodno selitveno podjetje, ustanovljeno leta 1930, ki ima pisarne v 34 dr\u017eavah v Evropi, na Kavkazu in v Srednji Aziji, vklju\u010dno s Ta\u0161kentom v Uzbekistanu. Za opravljanje mednarodnih storitev uporablja lastne pisarne in mre\u017eo selitvenih partnerjev po vsem svetu. Je \u010dlan zdru\u017eenja IAM.<\/p>\n<p>Gosselin ponuja selitvene storitve od vrat do vrat s profesionalnimi selitvenimi delavci, ki vam pomagajo pri selitvi kjer koli na svetu. Varno zapakirajo va\u0161e predmete, razstavijo in sestavijo pohi\u0161tvo ter ob prihodu razpakirajo. Uporabljajo okolju prijazne pakirne materiale in vklju\u010dujejo zavarovanje prevoza. Nudijo dodatne storitve, vklju\u010dno z obdelavo umetnin, <a href=\"https:\/\/moverdb.com\/sl\/car-transport-shipping\/\" data-internallinksmanager029f6b8e52c=\"2\" title=\"2026 Kvote za mednarodni prevoz avtomobilov in prevoz vozil\">prevoz avtomobilov<\/a>, re\u0161itve za premikanje in shranjevanje hi\u0161nih ljubljen\u010dkov.<\/p>\n<p>Spletna stran: <a href=\"https:\/\/gosselin-moving.com\/uzbekistan\" target=\"_blank\" rel=\"noopener\">https:\/\/gosselin-moving.com\/uzbekistan<\/a><\/p>","protected":false},"excerpt":{"rendered":"<p>Are you planning on moving within, to or from Uzbekistan? Then engaging a moving company who can assist you with packing, arranging transport and handling customs for international moves can really ease your move. Below we have compiled a list of Uzbekistan based removal companies that are members of the International Association of Movers (IAM) [&hellip;]<\/p>\n","protected":false},"author":4,"featured_media":10159,"parent":190,"menu_order":0,"comment_status":"closed","ping_status":"closed","template":"","meta":{"_genesis_hide_title":false,"_genesis_hide_breadcrumbs":false,"_genesis_hide_singular_image":false,"_genesis_hide_footer_widgets":false,"_genesis_custom_body_class":"","_genesis_custom_post_class":"","_genesis_layout":"","footnotes":""},"class_list":{"0":"post-10253","1":"page","2":"type-page","3":"status-publish","4":"has-post-thumbnail","6":"entry"},"_links":{"self":[{"href":"https:\/\/moverdb.com\/sl\/wp-json\/wp\/v2\/pages\/10253","targetHints":{"allow":["GET"]}}],"collection":[{"href":"https:\/\/moverdb.com\/sl\/wp-json\/wp\/v2\/pages"}],"about":[{"href":"https:\/\/moverdb.com\/sl\/wp-json\/wp\/v2\/types\/page"}],"author":[{"embeddable":true,"href":"https:\/\/moverdb.com\/sl\/wp-json\/wp\/v2\/users\/4"}],"replies":[{"embeddable":true,"href":"https:\/\/moverdb.com\/sl\/wp-json\/wp\/v2\/comments?post=10253"}],"version-history":[{"count":1,"href":"https:\/\/moverdb.com\/sl\/wp-json\/wp\/v2\/pages\/10253\/revisions"}],"predecessor-version":[{"id":10254,"href":"https:\/\/moverdb.com\/sl\/wp-json\/wp\/v2\/pages\/10253\/revisions\/10254"}],"up":[{"embeddable":true,"href":"https:\/\/moverdb.com\/sl\/wp-json\/wp\/v2\/pages\/190"}],"wp:featuredmedia":[{"embeddable":true,"href":"https:\/\/moverdb.com\/sl\/wp-json\/wp\/v2\/media\/10159"}],"wp:attachment":[{"href":"https:\/\/moverdb.com\/sl\/wp-json\/wp\/v2\/media?parent=10253"}],"curies":[{"name":"wp","href":"https:\/\/api.w.org\/{rel}","templated":true}]}}