{"id":10244,"date":"2023-06-22T15:42:03","date_gmt":"2023-06-22T15:42:03","guid":{"rendered":"https:\/\/moverdb.com\/?page_id=10244"},"modified":"2026-01-08T15:24:55","modified_gmt":"2026-01-08T15:24:55","slug":"moving-companies-ukraine","status":"publish","type":"page","link":"https:\/\/moverdb.com\/sl\/moving-companies\/moving-companies-ukraine\/","title":{"rendered":"4 Najbolj\u0161e mednarodne selitve podjetja v Ukrajini"},"content":{"rendered":"<p>Selitev je zapletena v vsakem trenutku, zato \u010de na\u010drtujete selitev iz Ukrajine, v Ukrajino ali znotraj nje, boste morda \u017eeleli razmisliti o pridobitvi <a href=\"https:\/\/moverdb.com\/sl\/moving-companies\/\" data-internallinksmanager029f6b8e52c=\"79\" title=\"Top 25 Mednarodne selitve podjetja Online\">selitev podjetja<\/a>. Pomagajo vam pri na\u010drtovanju, pakiranju in logistiki. Spodaj smo pripravili seznam ukrajinskih <a href=\"https:\/\/moverdb.com\/sl\/international-removals\/\" data-internallinksmanager029f6b8e52c=\"27\" title=\"36 najbolj\u0161ih podjetij za mednarodne selitve v Zdru\u017eenem kraljestvu\">podjetja za selitve<\/a> ki so \u010dlani <a href=\"https:\/\/moverdb.com\/sl\/iam\/\" data-internallinksmanager029f6b8e52c=\"23\" title=\"Pojasnila o Mednarodnem zdru\u017eenju gibalcev (IAM)\">Mednarodno zdru\u017eenje movers<\/a> (IAM) in\/ali <a href=\"https:\/\/moverdb.com\/sl\/fidi-faim\/\" data-internallinksmanager029f6b8e52c=\"16\" title=\"Pojasnila o FIDI in FAIM (FIDI Accredited International Mover)\">FIDI<\/a> akreditirani mednarodni selitveni delavci (FAIM), ki vam lahko pomagajo pri selitvi.<\/p>\n<div id=\"ez-toc-container\" class=\"ez-toc-v2_0_82_2 ez-toc-wrap-left counter-hierarchy ez-toc-counter ez-toc-transparent ez-toc-container-direction\">\n<div class=\"ez-toc-title-container\">\n<p class=\"ez-toc-title\" style=\"cursor:inherit\">Oddelki<\/p>\n<span class=\"ez-toc-title-toggle\"><a href=\"#\" class=\"ez-toc-pull-right ez-toc-btn ez-toc-btn-xs ez-toc-btn-default ez-toc-toggle\" aria-label=\"Toggle Tabela vsebine\"><span class=\"ez-toc-js-icon-con\"><span class=\"\"><span class=\"eztoc-hide\" style=\"display:none;\">Toggle<\/span><span class=\"ez-toc-icon-toggle-span\"><svg style=\"fill: #999;color:#999\" xmlns=\"http:\/\/www.w3.org\/2000\/svg\" class=\"list-377408\" width=\"20px\" height=\"20px\" viewbox=\"0 0 24 24\" fill=\"none\"><path d=\"M6 6H4v2h2V6zm14 0H8v2h12V6zM4 11h2v2H4v-2zm16 0H8v2h12v-2zM4 16h2v2H4v-2zm16 0H8v2h12v-2z\" fill=\"currentColor\"><\/path><\/svg><svg style=\"fill: #999;color:#999\" class=\"arrow-unsorted-368013\" xmlns=\"http:\/\/www.w3.org\/2000\/svg\" width=\"10px\" height=\"10px\" viewbox=\"0 0 24 24\" version=\"1.2\" baseprofile=\"tiny\"><path d=\"M18.2 9.3l-6.2-6.3-6.2 6.3c-.2.2-.3.4-.3.7s.1.5.3.7c.2.2.4.3.7.3h11c.3 0 .5-.1.7-.3.2-.2.3-.5.3-.7s-.1-.5-.3-.7zM5.8 14.7l6.2 6.3 6.2-6.3c.2-.2.3-.5.3-.7s-.1-.5-.3-.7c-.2-.2-.4-.3-.7-.3h-11c-.3 0-.5.1-.7.3-.2.2-.3.5-.3.7s.1.5.3.7z\"\/><\/svg><\/span><\/span><\/span><\/a><\/span><\/div>\n<nav><ul class='ez-toc-list ez-toc-list-level-1 eztoc-toggle-hide-by-default' ><li class='ez-toc-page-1 ez-toc-heading-level-2'><a class=\"ez-toc-link ez-toc-heading-1\" href=\"https:\/\/moverdb.com\/sl\/moving-companies\/moving-companies-ukraine\/#1_Eurodean_International_Movers\" >1. Eurodean International Movers<\/a><\/li><li class='ez-toc-page-1 ez-toc-heading-level-2'><a class=\"ez-toc-link ez-toc-heading-2\" href=\"https:\/\/moverdb.com\/sl\/moving-companies\/moving-companies-ukraine\/#2_Gosselin\" >2. Gosselin<\/a><\/li><li class='ez-toc-page-1 ez-toc-heading-level-2'><a class=\"ez-toc-link ez-toc-heading-3\" href=\"https:\/\/moverdb.com\/sl\/moving-companies\/moving-companies-ukraine\/#3_KLS\" >3. KLS<\/a><\/li><li class='ez-toc-page-1 ez-toc-heading-level-2'><a class=\"ez-toc-link ez-toc-heading-4\" href=\"https:\/\/moverdb.com\/sl\/moving-companies\/moving-companies-ukraine\/#4_Santa_Fe_Relocation\" >4. Premestitev v Santa Fe<\/a><\/li><\/ul><\/nav><\/div>\n<h2><span class=\"ez-toc-section\" id=\"1_Eurodean_International_Movers\"><\/span><strong>1. Eurodean International Movers<\/strong><span class=\"ez-toc-section-end\"><\/span><\/h2>\n<p><img loading=\"lazy\" decoding=\"async\" class=\"alignnone size-full wp-image-10114\" src=\"https:\/\/moverdb.com\/wp-content\/uploads\/Eurodean-International-Movers-moving-company.png\" alt=\"Eurodean International Movers selitev podjetje\" width=\"1440\" height=\"680\" data-wp-pid=\"10114\" srcset=\"https:\/\/moverdb.com\/wp-content\/uploads\/Eurodean-International-Movers-moving-company.png 1440w, https:\/\/moverdb.com\/wp-content\/uploads\/Eurodean-International-Movers-moving-company-300x142.png 300w, https:\/\/moverdb.com\/wp-content\/uploads\/Eurodean-International-Movers-moving-company-1024x484.png 1024w, https:\/\/moverdb.com\/wp-content\/uploads\/Eurodean-International-Movers-moving-company-18x9.png 18w, https:\/\/moverdb.com\/wp-content\/uploads\/Eurodean-International-Movers-moving-company-600x283.png 600w\" sizes=\"auto, (max-width: 1440px) 100vw, 1440px\" \/><\/p>\n<ul>\n<li>Mednarodne selitve<\/li>\n<li>Selitve gospodinjstev<\/li>\n<li>Selitve pisarn<\/li>\n<li>Storitev pakiranja<\/li>\n<li>Kopenski, pomorski in zra\u010dni tovorni promet<\/li>\n<li>Carinska slu\u017eba<\/li>\n<li>Ravnanje z umetni\u0161kimi deli<\/li>\n<li>Premestitev hi\u0161nih ljubljen\u010dkov<\/li>\n<li>Zavarovanje<\/li>\n<li>Prostori za shranjevanje<\/li>\n<\/ul>\n<p>Eurodean International Movers je mednarodno podjetje, ki deluje v Ukrajini od leta 2000. Je \u010dlan zdru\u017eenja IAM s 16 leti delovanja, kar pomeni, da ima dostop do mednarodne mre\u017ee selitvenih podjetij, ki pomagajo pri selitvah po vsem svetu.<\/p>\n<p>Eurodean International Movers ponuja storitve selitve od vrat do vrat, vklju\u010dno z zagotavljanjem visoko usposobljenih pakircev, ki bodo uporabili posebej zasnovano embala\u017eo za predmete. Izdelujejo tudi lesene zaboje po meri za krhke predmete. Poskrbijo za prevoz va\u0161ih stvari po kopnem, morju ali zraku s carinjenjem in obdelavo dovoljenj. Nudijo dodatne storitve, vklju\u010dno s selitvijo hi\u0161nih ljubljen\u010dkov in obdelavo umetni\u0161kih del.<\/p>\n<p>Spletna stran: <a href=\"https:\/\/eurodean.ua\/\" target=\"_blank\" rel=\"noopener\">https:\/\/eurodean.ua\/<\/a><\/p>\n<h2><span class=\"ez-toc-section\" id=\"2_Gosselin\"><\/span><strong>2. Gosselin<\/strong><span class=\"ez-toc-section-end\"><\/span><\/h2>\n<p><img loading=\"lazy\" decoding=\"async\" class=\"alignnone size-full wp-image-10131\" src=\"https:\/\/moverdb.com\/wp-content\/uploads\/Gosselin-Ukraine-international-moving-company.png\" alt=\"Gosselin Ukrajina mednarodno gibljejo podjetje\" width=\"1440\" height=\"681\" data-wp-pid=\"10131\" srcset=\"https:\/\/moverdb.com\/wp-content\/uploads\/Gosselin-Ukraine-international-moving-company.png 1440w, https:\/\/moverdb.com\/wp-content\/uploads\/Gosselin-Ukraine-international-moving-company-300x142.png 300w, https:\/\/moverdb.com\/wp-content\/uploads\/Gosselin-Ukraine-international-moving-company-1024x484.png 1024w, https:\/\/moverdb.com\/wp-content\/uploads\/Gosselin-Ukraine-international-moving-company-18x9.png 18w, https:\/\/moverdb.com\/wp-content\/uploads\/Gosselin-Ukraine-international-moving-company-600x284.png 600w\" sizes=\"auto, (max-width: 1440px) 100vw, 1440px\" \/><\/p>\n<ul>\n<li>Mednarodne selitve<\/li>\n<li>Stanovanjske selitve<\/li>\n<li>Premiki podjetij<\/li>\n<li>Storitev od vrat do vrat<\/li>\n<li>Storitev pakiranja<\/li>\n<li>Ureditev prevoza<\/li>\n<li>Carinsko poslovanje<\/li>\n<li>Hi\u0161ni ljubljen\u010dki in <a href=\"https:\/\/moverdb.com\/sl\/car-transport-shipping\/\" data-internallinksmanager029f6b8e52c=\"2\" title=\"2026 Kvote za mednarodni prevoz avtomobilov in prevoz vozil\">prevoz avtomobilov<\/a><\/li>\n<li>Prevozno zavarovanje<\/li>\n<li>Storitev shranjevanja<\/li>\n<\/ul>\n<p>Gosselin je mednarodno podjetje za selitve, ki ima pisarne v 34 dr\u017eavah v Evropi, na Kavkazu in v Srednji Aziji ter pisarno v Ukrajini v Kijevu. Poleg tega imajo mre\u017eo kakovostnih partnerjev za selitve, ki dopolnjujejo njihovo lastno mre\u017eo in omogo\u010dajo selitve skoraj povsod. Je \u010dlan zdru\u017eenja IAM.<\/p>\n<p>Gosselin zagotavlja selitvene storitve od vrat do vrat v Ukrajino in iz nje s profesionalnimi selitvenimi delavci. Njihova storitev pakiranja vklju\u010duje varno pakiranje stvari za prevoz, razstavljanje in ponovno sestavljanje pohi\u0161tva ter razpakiranje ob prihodu. Uporabljajo okolju prijazne pakirne materiale ter zagotavljajo zavarovanje prevoza in pomo\u010d pri carinskih postopkih.<\/p>\n<p>Spletna stran: <a href=\"https:\/\/gosselin-moving.com\/en\/moving-to-ukraine\" target=\"_blank\" rel=\"noopener\">https:\/\/gosselin-moving.com\/en\/moving-to-ukraine<\/a><\/p>\n<h2><span class=\"ez-toc-section\" id=\"3_KLS\"><\/span><strong>3. KLS<\/strong><span class=\"ez-toc-section-end\"><\/span><\/h2>\n<p><img loading=\"lazy\" decoding=\"async\" class=\"alignnone size-full wp-image-10147\" src=\"https:\/\/moverdb.com\/wp-content\/uploads\/KLS-Ukraine-international-moving-company.png\" alt=\"KLS Ukrajina mednarodno gibljejo podjetje\" width=\"1440\" height=\"683\" data-wp-pid=\"10147\" srcset=\"https:\/\/moverdb.com\/wp-content\/uploads\/KLS-Ukraine-international-moving-company.png 1440w, https:\/\/moverdb.com\/wp-content\/uploads\/KLS-Ukraine-international-moving-company-300x142.png 300w, https:\/\/moverdb.com\/wp-content\/uploads\/KLS-Ukraine-international-moving-company-1024x486.png 1024w, https:\/\/moverdb.com\/wp-content\/uploads\/KLS-Ukraine-international-moving-company-18x9.png 18w, https:\/\/moverdb.com\/wp-content\/uploads\/KLS-Ukraine-international-moving-company-600x285.png 600w\" sizes=\"auto, (max-width: 1440px) 100vw, 1440px\" \/><\/p>\n<ul>\n<li>Lokalne in nacionalne selitve<\/li>\n<li>Mednarodne selitve<\/li>\n<li>Stanovanjski prevozi<\/li>\n<li>Pisarni\u0161ki prevozi<\/li>\n<li>Prevoz od vrat do vrat<\/li>\n<li>Storitve pakiranja<\/li>\n<li>Cestni, pomorski in zra\u010dni prevoz<\/li>\n<li>Carinsko posredovanje<\/li>\n<li>Storitve \u010di\u0161\u010denja<\/li>\n<li>Prostori za shranjevanje<\/li>\n<\/ul>\n<p>Dru\u017eba KLS je specialist za selitve s sede\u017eem v Kijevu in predstavni\u0161tvi v drugih ukrajinskih regijah in prestolnicah po vsem svetu. Po vsem svetu imajo strate\u0161ke partnerje, ki jim pomagajo pri izvajanju njihovih storitev. Je \u010dlan zdru\u017eenja IAM z 22-letno tradicijo.<\/p>\n<p>KLS bo ocenil in na\u010drtoval va\u0161o selitev z enim od svojih strokovnjakov za odhod in vam ponudil storitev od vrat do vrat, pri kateri vam bo pomagal osebni vodja. Nudijo storitev pakiranja, ki vklju\u010duje varno pakiranje va\u0161ih stvari, razstavljanje pohi\u0161tva, ob prihodu pa bodo sestavili pohi\u0161tvo in ga razpakirali. Poskrbeli bodo za prevoz po cesti, morju ali zraku s carinskim posredovanjem.<\/p>\n<p>Spletna stran: <a href=\"http:\/\/www.kls.ua\/\" target=\"_blank\" rel=\"noopener\">http:\/\/www.kls.ua\/<\/a><\/p>\n<h2><span class=\"ez-toc-section\" id=\"4_Santa_Fe_Relocation\"><\/span><strong>4. Premestitev v Santa Fe<\/strong><span class=\"ez-toc-section-end\"><\/span><\/h2>\n<p><img loading=\"lazy\" decoding=\"async\" class=\"alignnone size-full wp-image-10179\" src=\"https:\/\/moverdb.com\/wp-content\/uploads\/Santa-Fe-Relocation-Ukraine-international-moving-company.png\" alt=\"Santa Fe Relocation Ukrajina mednarodna selitev podjetje\" width=\"1440\" height=\"681\" data-wp-pid=\"10179\" srcset=\"https:\/\/moverdb.com\/wp-content\/uploads\/Santa-Fe-Relocation-Ukraine-international-moving-company.png 1440w, https:\/\/moverdb.com\/wp-content\/uploads\/Santa-Fe-Relocation-Ukraine-international-moving-company-300x142.png 300w, https:\/\/moverdb.com\/wp-content\/uploads\/Santa-Fe-Relocation-Ukraine-international-moving-company-1024x484.png 1024w, https:\/\/moverdb.com\/wp-content\/uploads\/Santa-Fe-Relocation-Ukraine-international-moving-company-18x9.png 18w, https:\/\/moverdb.com\/wp-content\/uploads\/Santa-Fe-Relocation-Ukraine-international-moving-company-600x284.png 600w\" sizes=\"auto, (max-width: 1440px) 100vw, 1440px\" \/><\/p>\n<ul>\n<li>Lokalne in nacionalne selitve<\/li>\n<li>Mednarodne selitve<\/li>\n<li>Selitve gospodinjstev<\/li>\n<li>Selitve podjetij<\/li>\n<li>Storitev od vrat do vrat<\/li>\n<li>Storitev pakiranja<\/li>\n<li>Ureditev prevoza<\/li>\n<li>Carinjenje<\/li>\n<li>Vizumi in storitve za priseljevanje<\/li>\n<li>Prostori za shranjevanje<\/li>\n<\/ul>\n<p>Santa Fe Relocation je mednarodno podjetje za selitve s 64 pisarnami v 38 dr\u017eavah, vklju\u010dno s pisarno v Kijevu, ki je bila odprta leta 2002, vendar storitve v Ukrajini opravlja \u017ee od leta 1992. Njihova mre\u017ea se razprostira v \u0161tevilnih dr\u017eavah, imajo pa tudi partnerje, ki jim pomagajo pri zagotavljanju storitev v drugih dr\u017eavah. Njihova akreditacija je podeljena s strani FIDI.<\/p>\n<p>Santa Fe Relocation ponuja storitve selitve od vrat do vrat v Ukrajini, v Ukrajino in iz nje. Nudijo storitve pakiranja za za\u0161\u010dito va\u0161ih stvari med prevozom in organizirajo prevoz va\u0161ih stvari s carinjenjem. Pomagajo tudi pri urejanju vizumov, delovnih dovoljenj in druge dokumentacije.<\/p>\n<p>Spletna stran: <a href=\"https:\/\/www.santaferelo.com\/en\/contact\/our-offices\/ukraine-kyiv\/\" target=\"_blank\" rel=\"noopener\">https:\/\/www.santaferelo.com\/en\/contact\/our-offices\/ukraine-kyiv\/<\/a><\/p>","protected":false},"excerpt":{"rendered":"<p>Moving is complex at any time so if you are planning a move from, to or within the Ukraine, you may want to consider getting a moving company. They can assist with planning, packing and logistics. Below we have compiled a list of Ukrainian removal companies that are members of the International Association of Movers [&hellip;]<\/p>\n","protected":false},"author":4,"featured_media":10114,"parent":190,"menu_order":0,"comment_status":"closed","ping_status":"closed","template":"","meta":{"_genesis_hide_title":false,"_genesis_hide_breadcrumbs":false,"_genesis_hide_singular_image":false,"_genesis_hide_footer_widgets":false,"_genesis_custom_body_class":"","_genesis_custom_post_class":"","_genesis_layout":"","footnotes":""},"class_list":{"0":"post-10244","1":"page","2":"type-page","3":"status-publish","4":"has-post-thumbnail","6":"entry"},"_links":{"self":[{"href":"https:\/\/moverdb.com\/sl\/wp-json\/wp\/v2\/pages\/10244","targetHints":{"allow":["GET"]}}],"collection":[{"href":"https:\/\/moverdb.com\/sl\/wp-json\/wp\/v2\/pages"}],"about":[{"href":"https:\/\/moverdb.com\/sl\/wp-json\/wp\/v2\/types\/page"}],"author":[{"embeddable":true,"href":"https:\/\/moverdb.com\/sl\/wp-json\/wp\/v2\/users\/4"}],"replies":[{"embeddable":true,"href":"https:\/\/moverdb.com\/sl\/wp-json\/wp\/v2\/comments?post=10244"}],"version-history":[{"count":1,"href":"https:\/\/moverdb.com\/sl\/wp-json\/wp\/v2\/pages\/10244\/revisions"}],"predecessor-version":[{"id":10245,"href":"https:\/\/moverdb.com\/sl\/wp-json\/wp\/v2\/pages\/10244\/revisions\/10245"}],"up":[{"embeddable":true,"href":"https:\/\/moverdb.com\/sl\/wp-json\/wp\/v2\/pages\/190"}],"wp:featuredmedia":[{"embeddable":true,"href":"https:\/\/moverdb.com\/sl\/wp-json\/wp\/v2\/media\/10114"}],"wp:attachment":[{"href":"https:\/\/moverdb.com\/sl\/wp-json\/wp\/v2\/media?parent=10244"}],"curies":[{"name":"wp","href":"https:\/\/api.w.org\/{rel}","templated":true}]}}