{"id":10225,"date":"2023-06-22T15:49:55","date_gmt":"2023-06-22T15:49:55","guid":{"rendered":"https:\/\/moverdb.com\/?page_id=10225"},"modified":"2026-01-08T15:30:18","modified_gmt":"2026-01-08T15:30:18","slug":"moving-companies-taiwan","status":"publish","type":"page","link":"https:\/\/moverdb.com\/sl\/moving-companies\/moving-companies-taiwan\/","title":{"rendered":"Najbolj\u0161a mednarodna selitvena podjetja v Tajvanu"},"content":{"rendered":"<p>\u010ce razmi\u0161ljate o selitvi, boste morda \u017eeleli razmisliti o uporabi storitev <a href=\"https:\/\/moverdb.com\/sl\/moving-companies\/\" data-internallinksmanager029f6b8e52c=\"79\" title=\"Top 25 Mednarodne selitve podjetja Online\">selitev podjetja<\/a> za pomo\u010d pri pakiranju, organizaciji prevoza in izvoznih\/uvoznih zahtevah, \u010de se selite v tujino. V nadaljevanju smo pripravili seznam podjetij s sede\u017eem na Tajvanu. <a href=\"https:\/\/moverdb.com\/sl\/international-removals\/\" data-internallinksmanager029f6b8e52c=\"27\" title=\"36 najbolj\u0161ih podjetij za mednarodne selitve v Zdru\u017eenem kraljestvu\">podjetja za selitve<\/a> ki so \u010dlani <a href=\"https:\/\/moverdb.com\/sl\/iam\/\" data-internallinksmanager029f6b8e52c=\"23\" title=\"Pojasnila o Mednarodnem zdru\u017eenju gibalcev (IAM)\">Mednarodno zdru\u017eenje movers<\/a> (IAM) in\/ali <a href=\"https:\/\/moverdb.com\/sl\/fidi-faim\/\" data-internallinksmanager029f6b8e52c=\"16\" title=\"Pojasnila o FIDI in FAIM (FIDI Accredited International Mover)\">FIDI<\/a> akreditirani mednarodni selitveni urad (FAIM), ki vam lahko pomaga pri selitvi.<\/p>\n<h2><strong>Crown Van Lines<\/strong><\/h2>\n<p><img loading=\"lazy\" decoding=\"async\" class=\"alignnone size-full wp-image-10095\" src=\"https:\/\/moverdb.com\/wp-content\/uploads\/Crown-Van-Lines-Taiwan-international-moving-company.png\" alt=\"Crown Van Lines Tajvan mednarodna selitev podjetje\" width=\"1440\" height=\"682\" data-wp-pid=\"10095\" srcset=\"https:\/\/moverdb.com\/wp-content\/uploads\/Crown-Van-Lines-Taiwan-international-moving-company.png 1440w, https:\/\/moverdb.com\/wp-content\/uploads\/Crown-Van-Lines-Taiwan-international-moving-company-300x142.png 300w, https:\/\/moverdb.com\/wp-content\/uploads\/Crown-Van-Lines-Taiwan-international-moving-company-1024x485.png 1024w, https:\/\/moverdb.com\/wp-content\/uploads\/Crown-Van-Lines-Taiwan-international-moving-company-18x9.png 18w, https:\/\/moverdb.com\/wp-content\/uploads\/Crown-Van-Lines-Taiwan-international-moving-company-600x284.png 600w\" sizes=\"auto, (max-width: 1440px) 100vw, 1440px\" \/><\/p>\n<ul>\n<li>Nacionalne selitve<\/li>\n<li>Mednarodne selitve<\/li>\n<li>Selitve gospodinjstev<\/li>\n<li>Poslovne storitve<\/li>\n<li>Storitve premestitve<\/li>\n<li>Storitev pakiranja<\/li>\n<li>Kopenski, pomorski in zra\u010dni promet<\/li>\n<li>Carinsko posredovanje<\/li>\n<li>Premestitev hi\u0161nih ljubljen\u010dkov<\/li>\n<li>Prostori za shranjevanje<\/li>\n<\/ul>\n<p>Crown Van Lines je mednarodno podjetje za selitve, ki je bilo ustanovljeno leta 1979 in ima sede\u017e v Tajpeju. Po vsem svetu ima zanesljivo mre\u017eo zastopnikov, ki jim pomagajo pri mednarodnih selitvah. S 44 leti delovanja so \u010dlani zdru\u017eenja IAM in so akreditirani pri FIDI.<\/p>\n<p>Crown Van Lines ponuja storitve pakiranja in dostave od vrat do vrat z izku\u0161enimi pakiralci. Ponujajo visokokakovostno embala\u017eo za za\u0161\u010dito va\u0161ih stvari med prevozom in poskrbijo za prevoz po kopnem, morju ali zraku s carinskim posredovanjem. Pomagajo vam lahko tudi pri prevozu hi\u0161nih ljubljen\u010dkov. Nudijo storitve selitve, ki vklju\u010dujejo iskanje doma in \u0161ole, zdravstveno pomo\u010d in orientacijo.<\/p>\n<p>Spletna stran: <a href=\"http:\/\/www.crownvan.com\/\" target=\"_blank\" rel=\"noopener\">http:\/\/www.crownvan.com\/<\/a><\/p>\n<h2>Drugi uporabni vodniki za Tajvan<\/h2>\n<ul>\n<li> <a href=\"https:\/\/moverdb.com\/sl\/kontejnersko-posiljanje\/tajvan\/\">2024 Cene pomorskega prevoza zabojnikov v in iz Tajvana<\/a><\/li>\n<li> <a href=\"https:\/\/moverdb.com\/sl\/living-in-taiwan\/\">21 skrivnosti o \u017eivljenju v Tajvanu, ki jih morate poznati, preden se preselite<\/a><\/li>\n<\/ul>","protected":false},"excerpt":{"rendered":"<p>If you are thinking about moving then you might want to consider engaging the services of a moving company to assist you with packing, transportation arrangements and export\/import requirements if moving abroad. Below we have compiled a list of Taiwan based removal companies that are members of the International Association of Movers (IAM) and\/or FIDI [&hellip;]<\/p>\n","protected":false},"author":4,"featured_media":10095,"parent":190,"menu_order":0,"comment_status":"closed","ping_status":"closed","template":"","meta":{"_genesis_hide_title":false,"_genesis_hide_breadcrumbs":false,"_genesis_hide_singular_image":false,"_genesis_hide_footer_widgets":false,"_genesis_custom_body_class":"","_genesis_custom_post_class":"","_genesis_layout":"","footnotes":""},"class_list":{"0":"post-10225","1":"page","2":"type-page","3":"status-publish","4":"has-post-thumbnail","6":"entry"},"_links":{"self":[{"href":"https:\/\/moverdb.com\/sl\/wp-json\/wp\/v2\/pages\/10225","targetHints":{"allow":["GET"]}}],"collection":[{"href":"https:\/\/moverdb.com\/sl\/wp-json\/wp\/v2\/pages"}],"about":[{"href":"https:\/\/moverdb.com\/sl\/wp-json\/wp\/v2\/types\/page"}],"author":[{"embeddable":true,"href":"https:\/\/moverdb.com\/sl\/wp-json\/wp\/v2\/users\/4"}],"replies":[{"embeddable":true,"href":"https:\/\/moverdb.com\/sl\/wp-json\/wp\/v2\/comments?post=10225"}],"version-history":[{"count":3,"href":"https:\/\/moverdb.com\/sl\/wp-json\/wp\/v2\/pages\/10225\/revisions"}],"predecessor-version":[{"id":18286,"href":"https:\/\/moverdb.com\/sl\/wp-json\/wp\/v2\/pages\/10225\/revisions\/18286"}],"up":[{"embeddable":true,"href":"https:\/\/moverdb.com\/sl\/wp-json\/wp\/v2\/pages\/190"}],"wp:featuredmedia":[{"embeddable":true,"href":"https:\/\/moverdb.com\/sl\/wp-json\/wp\/v2\/media\/10095"}],"wp:attachment":[{"href":"https:\/\/moverdb.com\/sl\/wp-json\/wp\/v2\/media?parent=10225"}],"curies":[{"name":"wp","href":"https:\/\/api.w.org\/{rel}","templated":true}]}}