{"id":10219,"date":"2023-06-22T15:52:47","date_gmt":"2023-06-22T15:52:47","guid":{"rendered":"https:\/\/moverdb.com\/?page_id=10219"},"modified":"2026-01-08T15:29:38","modified_gmt":"2026-01-08T15:29:38","slug":"moving-companies-sweden","status":"publish","type":"page","link":"https:\/\/moverdb.com\/sl\/moving-companies\/moving-companies-sweden\/","title":{"rendered":"8 najbolj\u0161ih mednarodnih selitvenih podjetij na \u0160vedskem"},"content":{"rendered":"<p>Ali se gibljete znotraj, v ali iz <a href=\"https:\/\/moverdb.com\/sl\/moving-to-sweden\/\" data-internallinksmanager029f6b8e52c=\"326\" title=\"Selitev na \u0160vedsko? 2023 \u017divljenjski stro\u0161ki in nasveti za selitev\">\u0160vedska<\/a>? Potem boste morda \u017eeleli izkoristiti storitve selitvenega podjetja, ki vam lahko pomaga na\u010drtovati selitev, vklju\u010dno s pakiranjem, prevozom in carinskimi postopki pri mednarodnih selitvah. V nadaljevanju smo pripravili seznam \u0161vedskih <a href=\"https:\/\/moverdb.com\/sl\/moving-companies\/\" data-internallinksmanager029f6b8e52c=\"79\" title=\"Top 25 Mednarodne selitve podjetja Online\">selitvena podjetja<\/a> ki so \u010dlani <a href=\"https:\/\/moverdb.com\/sl\/iam\/\" data-internallinksmanager029f6b8e52c=\"23\" title=\"Pojasnila o Mednarodnem zdru\u017eenju gibalcev (IAM)\">Mednarodno zdru\u017eenje movers<\/a> (IAM) in\/ali <a href=\"https:\/\/moverdb.com\/sl\/fidi-faim\/\" data-internallinksmanager029f6b8e52c=\"16\" title=\"Pojasnila o FIDI in FAIM (FIDI Accredited International Mover)\">FIDI<\/a> akreditirani mednarodni selitveni delavci (FAIM), ki vam lahko pomagajo pri selitvi.<\/p>\n<div id=\"ez-toc-container\" class=\"ez-toc-v2_0_82_2 ez-toc-wrap-left counter-hierarchy ez-toc-counter ez-toc-transparent ez-toc-container-direction\">\n<div class=\"ez-toc-title-container\">\n<p class=\"ez-toc-title\" style=\"cursor:inherit\">Oddelki<\/p>\n<span class=\"ez-toc-title-toggle\"><a href=\"#\" class=\"ez-toc-pull-right ez-toc-btn ez-toc-btn-xs ez-toc-btn-default ez-toc-toggle\" aria-label=\"Toggle Tabela vsebine\"><span class=\"ez-toc-js-icon-con\"><span class=\"\"><span class=\"eztoc-hide\" style=\"display:none;\">Toggle<\/span><span class=\"ez-toc-icon-toggle-span\"><svg style=\"fill: #999;color:#999\" xmlns=\"http:\/\/www.w3.org\/2000\/svg\" class=\"list-377408\" width=\"20px\" height=\"20px\" viewbox=\"0 0 24 24\" fill=\"none\"><path d=\"M6 6H4v2h2V6zm14 0H8v2h12V6zM4 11h2v2H4v-2zm16 0H8v2h12v-2zM4 16h2v2H4v-2zm16 0H8v2h12v-2z\" fill=\"currentColor\"><\/path><\/svg><svg style=\"fill: #999;color:#999\" class=\"arrow-unsorted-368013\" xmlns=\"http:\/\/www.w3.org\/2000\/svg\" width=\"10px\" height=\"10px\" viewbox=\"0 0 24 24\" version=\"1.2\" baseprofile=\"tiny\"><path d=\"M18.2 9.3l-6.2-6.3-6.2 6.3c-.2.2-.3.4-.3.7s.1.5.3.7c.2.2.4.3.7.3h11c.3 0 .5-.1.7-.3.2-.2.3-.5.3-.7s-.1-.5-.3-.7zM5.8 14.7l6.2 6.3 6.2-6.3c.2-.2.3-.5.3-.7s-.1-.5-.3-.7c-.2-.2-.4-.3-.7-.3h-11c-.3 0-.5.1-.7.3-.2.2-.3.5-.3.7s.1.5.3.7z\"\/><\/svg><\/span><\/span><\/span><\/a><\/span><\/div>\n<nav><ul class='ez-toc-list ez-toc-list-level-1 eztoc-toggle-hide-by-default' ><li class='ez-toc-page-1 ez-toc-heading-level-2'><a class=\"ez-toc-link ez-toc-heading-1\" href=\"https:\/\/moverdb.com\/sl\/moving-companies\/moving-companies-sweden\/#1_Alfa_Moving\" >1. Alfa Moving<\/a><\/li><li class='ez-toc-page-1 ez-toc-heading-level-2'><a class=\"ez-toc-link ez-toc-heading-2\" href=\"https:\/\/moverdb.com\/sl\/moving-companies\/moving-companies-sweden\/#2_Aspire_Mobility\" >2. Aspire Mobility<\/a><\/li><li class='ez-toc-page-1 ez-toc-heading-level-2'><a class=\"ez-toc-link ez-toc-heading-3\" href=\"https:\/\/moverdb.com\/sl\/moving-companies\/moving-companies-sweden\/#3_Freys_Express\" >3. Freys Express<\/a><\/li><li class='ez-toc-page-1 ez-toc-heading-level-2'><a class=\"ez-toc-link ez-toc-heading-4\" href=\"https:\/\/moverdb.com\/sl\/moving-companies\/moving-companies-sweden\/#4_Future_Mobility\" >4. Prihodnja mobilnost<\/a><\/li><li class='ez-toc-page-1 ez-toc-heading-level-2'><a class=\"ez-toc-link ez-toc-heading-5\" href=\"https:\/\/moverdb.com\/sl\/moving-companies\/moving-companies-sweden\/#5_GLC_Flytt\" >5. GLC Flytt<\/a><\/li><li class='ez-toc-page-1 ez-toc-heading-level-2'><a class=\"ez-toc-link ez-toc-heading-6\" href=\"https:\/\/moverdb.com\/sl\/moving-companies\/moving-companies-sweden\/#6_Mirkka_International_Moving\" >6. Mirkka International Moving<\/a><\/li><li class='ez-toc-page-1 ez-toc-heading-level-2'><a class=\"ez-toc-link ez-toc-heading-7\" href=\"https:\/\/moverdb.com\/sl\/moving-companies\/moving-companies-sweden\/#7_Stadsbudkontoret\" >7. Stadsbudkontoret<\/a><\/li><li class='ez-toc-page-1 ez-toc-heading-level-2'><a class=\"ez-toc-link ez-toc-heading-8\" href=\"https:\/\/moverdb.com\/sl\/moving-companies\/moving-companies-sweden\/#8_TBA_Transporter\" >8. Prenosnik TBA<\/a><\/li><li class='ez-toc-page-1 ez-toc-heading-level-2'><a class=\"ez-toc-link ez-toc-heading-9\" href=\"https:\/\/moverdb.com\/sl\/moving-companies\/moving-companies-sweden\/#Other_Useful_Guides_to_Sweden\" >Drugi uporabni vodniki za \u0160vedsko<\/a><\/li><\/ul><\/nav><\/div>\n<h2><span class=\"ez-toc-section\" id=\"1_Alfa_Moving\"><\/span><strong>1. Alfa Moving<\/strong><span class=\"ez-toc-section-end\"><\/span><\/h2>\n<p><img loading=\"lazy\" decoding=\"async\" class=\"alignnone size-full wp-image-10073\" src=\"https:\/\/moverdb.com\/wp-content\/uploads\/Alfa-Moving-international-moving-company.png\" alt=\"Alfa Moving mednarodno gibljejo podjetje\" width=\"1440\" height=\"681\" data-wp-pid=\"10073\" srcset=\"https:\/\/moverdb.com\/wp-content\/uploads\/Alfa-Moving-international-moving-company.png 1440w, https:\/\/moverdb.com\/wp-content\/uploads\/Alfa-Moving-international-moving-company-300x142.png 300w, https:\/\/moverdb.com\/wp-content\/uploads\/Alfa-Moving-international-moving-company-1024x484.png 1024w, https:\/\/moverdb.com\/wp-content\/uploads\/Alfa-Moving-international-moving-company-18x9.png 18w, https:\/\/moverdb.com\/wp-content\/uploads\/Alfa-Moving-international-moving-company-600x284.png 600w\" sizes=\"auto, (max-width: 1440px) 100vw, 1440px\" \/><\/p>\n<ul>\n<li>Nacionalne poteze<\/li>\n<li>Mednarodne selitve<\/li>\n<li>Stanovanjske selitve<\/li>\n<li>Premiki podjetij<\/li>\n<li>Storitve premestitve<\/li>\n<li>Storitev od vrat do vrat<\/li>\n<li>Ureditev prevoza<\/li>\n<li>Priseljevanje in vizumi<\/li>\n<li>Zavarovanje<\/li>\n<li>Prostori za shranjevanje<\/li>\n<\/ul>\n<p>Alfa Moving je skandinavski ponudnik storitev mobilnosti in selitev, ki je bil ustanovljen leta 1995 in ima 10 pisarn po vsej \u0160vedski, <a href=\"https:\/\/moverdb.com\/sl\/moving-to-norway\/\" data-internallinksmanager029f6b8e52c=\"325\" title=\"Selitev na Norve\u0161ko? 2023 \u017divljenjski stro\u0161ki in nasveti za selitev\">Norve\u0161ka<\/a>, <a href=\"https:\/\/moverdb.com\/sl\/moving-to-denmark\/\" data-internallinksmanager029f6b8e52c=\"335\" title=\"Selitev na Dansko? 2023 \u017divljenjski stro\u0161ki in nasveti za selitev\">Danska<\/a> in . <a href=\"https:\/\/moverdb.com\/sl\/moving-to-finland\/\" data-internallinksmanager029f6b8e52c=\"345\" title=\"Selitev na Finsko? 2023 \u017divljenjski stro\u0161ki in nasveti za selitev\">Finska<\/a>. S svojimi mednarodnimi mre\u017eami nudijo storitve selitve v 150 dr\u017eavah. Z 28 leti delovanja so \u010dlani zdru\u017eenja IAM in so akreditirani pri FIDI.<\/p>\n<p>Alfa Moving ponuja storitev od vrat do vrat, ki vklju\u010duje vse na\u010drtovanje in upravljanje selitve. Na podlagi velikosti, vsebine in namembnega kraja selitve bodo izbrali najbolj\u0161o mo\u017enost za va\u0161o selitev. Ponujajo tudi storitve selitve, ki vklju\u010dujejo iskanje doma in \u0161ole, za\u010dasno nastanitev, orientacijo, naselitvene storitve ter kulturno in jezikovno usposabljanje.<\/p>\n<p>Spletna stran: <a href=\"http:\/\/www.alfamoving.com\" target=\"_blank\" rel=\"noopener\">http:\/\/www.alfamoving.com<\/a><\/p>\n<h2><span class=\"ez-toc-section\" id=\"2_Aspire_Mobility\"><\/span><strong>2. Aspire Mobility<\/strong><span class=\"ez-toc-section-end\"><\/span><\/h2>\n<p><img loading=\"lazy\" decoding=\"async\" class=\"alignnone size-full wp-image-10081\" src=\"https:\/\/moverdb.com\/wp-content\/uploads\/Aspire-Mobility-international-moving-company.png\" alt=\"Aspire Mobility mednarodno gibanje podjetje\" width=\"1440\" height=\"683\" data-wp-pid=\"10081\" srcset=\"https:\/\/moverdb.com\/wp-content\/uploads\/Aspire-Mobility-international-moving-company.png 1440w, https:\/\/moverdb.com\/wp-content\/uploads\/Aspire-Mobility-international-moving-company-300x142.png 300w, https:\/\/moverdb.com\/wp-content\/uploads\/Aspire-Mobility-international-moving-company-1024x486.png 1024w, https:\/\/moverdb.com\/wp-content\/uploads\/Aspire-Mobility-international-moving-company-18x9.png 18w, https:\/\/moverdb.com\/wp-content\/uploads\/Aspire-Mobility-international-moving-company-600x285.png 600w\" sizes=\"auto, (max-width: 1440px) 100vw, 1440px\" \/><\/p>\n<ul>\n<li>Mednarodne selitve<\/li>\n<li>Selitve gospodinjstev<\/li>\n<li>Storitve premestitve<\/li>\n<li>Svetovalec za premike<\/li>\n<li>Storitev pakiranja<\/li>\n<li>Prevoz po morju in zraku<\/li>\n<li>Podpora za dokumentacijo<\/li>\n<li>Priseljevanje<\/li>\n<li>Zavarovanje<\/li>\n<li>Prostori za shranjevanje<\/li>\n<\/ul>\n<p>Aspire Mobility je oddelek za mednarodne selitve in preme\u0161\u010danje podjetja Mobeltransport Danmark, ustanovljenega leta 1879, z lokacijami v K\u00f8benhavnu, Stockholmu, Aarhusu, Odenseju, Aalborgu in Hillerodu. Imajo mre\u017eo svetovnih partnerjev, izbranih za podporo v ve\u010d kot 100 dr\u017eavah. So \u010dlan zdru\u017eenja IAM z 12-letno tradicijo.<\/p>\n<p>Aspire Mobility zagotavlja svetovalca za selitev, ki bo pred selitvijo opravil pregled, da bi dolo\u010dil velikost in zahteve glede pakiranja. Poskrbel bo za pakiranje va\u0161ih stvari, organizacijo mednarodnega prevoza po morju ali zraku, razpakiranje in postavitev pohi\u0161tva. Nudijo storitve selitve, ki vklju\u010dujejo iskanje doma in \u0161ole, vizume in priseljevanje, naselitev in odhod.<\/p>\n<p>Spletna stran: <a href=\"http:\/\/www.aspiremobility.com\" target=\"_blank\" rel=\"noopener\">http:\/\/www.aspiremobility.com<\/a><\/p>\n<h2><span class=\"ez-toc-section\" id=\"3_Freys_Express\"><\/span><strong>3. Freys Express<\/strong><span class=\"ez-toc-section-end\"><\/span><\/h2>\n<p><img loading=\"lazy\" decoding=\"async\" class=\"alignnone size-full wp-image-10119\" src=\"https:\/\/moverdb.com\/wp-content\/uploads\/Freys-Express-international-moving-company.png\" alt=\"Freys Express mednarodno gibanje podjetje\" width=\"1440\" height=\"674\" data-wp-pid=\"10119\" srcset=\"https:\/\/moverdb.com\/wp-content\/uploads\/Freys-Express-international-moving-company.png 1440w, https:\/\/moverdb.com\/wp-content\/uploads\/Freys-Express-international-moving-company-300x140.png 300w, https:\/\/moverdb.com\/wp-content\/uploads\/Freys-Express-international-moving-company-1024x479.png 1024w, https:\/\/moverdb.com\/wp-content\/uploads\/Freys-Express-international-moving-company-18x8.png 18w, https:\/\/moverdb.com\/wp-content\/uploads\/Freys-Express-international-moving-company-600x281.png 600w\" sizes=\"auto, (max-width: 1440px) 100vw, 1440px\" \/><\/p>\n<ul>\n<li>Nacionalne poteze<\/li>\n<li>Mednarodne selitve<\/li>\n<li>Selitve gospodinjstev<\/li>\n<li>Selitve podjetja<\/li>\n<li>Storitev od vrat do vrat<\/li>\n<li>Upravljanje premikov<\/li>\n<li>Cestni, pomorski in zra\u010dni prevoz<\/li>\n<li>Carinjenje<\/li>\n<li>Zavarovanje<\/li>\n<li>Kratkoro\u010dno in dolgoro\u010dno skladi\u0161\u010denje<\/li>\n<\/ul>\n<p>Freys Express je logisti\u010dno podjetje, ki je bilo ustanovljeno leta 1896 in ima sedem pisarn v G\u00f6teborgu, Karlstadu, Linkopingu, Malmu, Stockholmu, Uppsali in Orebru. Vzpostavili so stike z mednarodnimi partnerji, ki jim pomagajo pri selitvah zunaj \u0160vedske. Z 20-letnim delom so \u010dlani zdru\u017eenja IAM in so akreditirani pri FIDI.<\/p>\n<p>Freys Express ponuja selitve od vrat do vrat z neprekinjeno verigo od na\u010drtovanja selitve do razpakiranja na cilju. Opravili bodo popis va\u0161ega premo\u017eenja in ocenili va\u0161e zahteve. Zagotavljajo storitve pakiranja, ozna\u010devanja in prevoza, ki bodo poskrbele, da bodo va\u0161e stvari varno prispele, skupaj s carinjenjem in razpakiranjem.<\/p>\n<p>Spletna stran: <a href=\"http:\/\/gmoving.se\" target=\"_blank\" rel=\"noopener\">http:\/\/gmoving.se<\/a><\/p>\n<h2><span class=\"ez-toc-section\" id=\"4_Future_Mobility\"><\/span><strong>4. Prihodnja mobilnost<\/strong><span class=\"ez-toc-section-end\"><\/span><\/h2>\n<p><img loading=\"lazy\" decoding=\"async\" class=\"alignnone size-full wp-image-10122\" src=\"https:\/\/moverdb.com\/wp-content\/uploads\/Future-Mobility-international-moving-company.png\" alt=\"Future Mobility mednarodno gibanje podjetje\" width=\"1440\" height=\"683\" data-wp-pid=\"10122\" srcset=\"https:\/\/moverdb.com\/wp-content\/uploads\/Future-Mobility-international-moving-company.png 1440w, https:\/\/moverdb.com\/wp-content\/uploads\/Future-Mobility-international-moving-company-300x142.png 300w, https:\/\/moverdb.com\/wp-content\/uploads\/Future-Mobility-international-moving-company-1024x486.png 1024w, https:\/\/moverdb.com\/wp-content\/uploads\/Future-Mobility-international-moving-company-18x9.png 18w, https:\/\/moverdb.com\/wp-content\/uploads\/Future-Mobility-international-moving-company-600x285.png 600w\" sizes=\"auto, (max-width: 1440px) 100vw, 1440px\" \/><\/p>\n<ul>\n<li>Nacionalne selitve<\/li>\n<li><a href=\"https:\/\/moverdb.com\/sl\/international-removals\/\" data-internallinksmanager029f6b8e52c=\"27\" title=\"36 najbolj\u0161ih podjetij za mednarodne selitve v Zdru\u017eenem kraljestvu\">Mednarodne selitve<\/a><\/li>\n<li>Selitve gospodinjstev<\/li>\n<li>Poslovne selitve<\/li>\n<li>Mobilnost zaposlenih<\/li>\n<li>Hitro po\u0161iljanje<\/li>\n<li>Brezpla\u010den pregled<\/li>\n<li>Storitev pakiranja<\/li>\n<li>Ureditev prevoza<\/li>\n<li>Prostori za shranjevanje<\/li>\n<\/ul>\n<p>Future Mobility je mednarodno podjetje za selitve s sede\u017eem v Stockholmu. S \u0161tirimi leti delovanja je \u010dlan zdru\u017eenja IAM, ki mu zagotavlja mednarodno mre\u017eo selitvenih agentov, ki lahko podpirajo njegove selitvene storitve v tujini.<\/p>\n<p>Podjetje Future Mobility ponuja selitve na \u0160vedsko in z nje ter vam bo omogo\u010dilo brezpla\u010den pregled, na podlagi katerega bodo pripravili ponudbo po meri glede na va\u0161e koli\u010dine in potrebe. Za la\u017ejo selitev bodo upravljali vsak korak selitve. Nudijo storitve pakiranja in monta\u017ee, s katerimi vam prihranijo \u010das in za\u0161\u010ditijo va\u0161e stvari med prevozom. Nudijo tudi pomo\u010d pri mobilnosti zaposlenih in pomagajo delodajalcem pri upravljanju selitev zaposlenih.<\/p>\n<p>Spletna stran: <a href=\"http:\/\/www.futuremobility.nu\" target=\"_blank\" rel=\"noopener\">http:\/\/www.futuremobility.nu<\/a><\/p>\n<h2><span class=\"ez-toc-section\" id=\"5_GLC_Flytt\"><\/span><strong>5. GLC Flytt<\/strong><span class=\"ez-toc-section-end\"><\/span><\/h2>\n<p><img loading=\"lazy\" decoding=\"async\" class=\"alignnone size-full wp-image-10127\" src=\"https:\/\/moverdb.com\/wp-content\/uploads\/GLC-Flytt-international-moving-company.png\" alt=\"GLC Flytt mednarodna selitev podjetja\" width=\"1440\" height=\"680\" data-wp-pid=\"10127\" srcset=\"https:\/\/moverdb.com\/wp-content\/uploads\/GLC-Flytt-international-moving-company.png 1440w, https:\/\/moverdb.com\/wp-content\/uploads\/GLC-Flytt-international-moving-company-300x142.png 300w, https:\/\/moverdb.com\/wp-content\/uploads\/GLC-Flytt-international-moving-company-1024x484.png 1024w, https:\/\/moverdb.com\/wp-content\/uploads\/GLC-Flytt-international-moving-company-18x9.png 18w, https:\/\/moverdb.com\/wp-content\/uploads\/GLC-Flytt-international-moving-company-600x283.png 600w\" sizes=\"auto, (max-width: 1440px) 100vw, 1440px\" \/><\/p>\n<ul>\n<li>Nacionalne poteze<\/li>\n<li>Mednarodne selitve<\/li>\n<li>Selitve gospodinjstev<\/li>\n<li>Pisarni\u0161ke in industrijske selitve<\/li>\n<li>Re\u0161itve od vrat do vrat<\/li>\n<li>Storitve pakiranja<\/li>\n<li>Ureditev prevoza<\/li>\n<li>Carinjenje<\/li>\n<li>Zavarovanje<\/li>\n<li>Prostori za shranjevanje<\/li>\n<\/ul>\n<p>GLC Flytt je selitveno podjetje, ki ponuja selitvene in skladi\u0161\u010dne storitve podjetjem in posameznikom, s sede\u017eem v G\u00f6teborgu in s koreninami v zgodnjih osemdesetih letih prej\u0161njega stoletja. Za pomo\u010d pri selitvah po vsem svetu uporablja mednarodno mre\u017eo selitvenih agentov. Podjetje je \u010dlan zdru\u017eenja IAM s 26 leti delovanja.<\/p>\n<p>Dru\u017eba GLC Flytt ponuja nacionalne in mednarodne selitve od vrat do vrat za posameznike in podjetja. Ponujajo mo\u017enosti pakiranja, ki vklju\u010dujejo samostojno pakiranje ali celovito storitev pakiranja, pri kateri se uporabljajo kakovostni materiali za pakiranje in posebna skrb za ob\u010dutljivo blago. Na\u010drtujejo prevoz in upravljajo carino ter ponujajo \u010di\u0161\u010denje in druge dodatne storitve.<\/p>\n<p>Spletna stran: <a href=\"http:\/\/www.glcflytt.se\" target=\"_blank\" rel=\"noopener\">http:\/\/www.glcflytt.se<\/a><\/p>\n<h2><span class=\"ez-toc-section\" id=\"6_Mirkka_International_Moving\"><\/span><strong>6. Mirkka International Moving<\/strong><span class=\"ez-toc-section-end\"><\/span><\/h2>\n<p><img loading=\"lazy\" decoding=\"async\" class=\"alignnone size-full wp-image-10156\" src=\"https:\/\/moverdb.com\/wp-content\/uploads\/Mirkka-International-Moving-company.png\" alt=\"Mirkka International Moving company\" width=\"1440\" height=\"680\" data-wp-pid=\"10156\" srcset=\"https:\/\/moverdb.com\/wp-content\/uploads\/Mirkka-International-Moving-company.png 1440w, https:\/\/moverdb.com\/wp-content\/uploads\/Mirkka-International-Moving-company-300x142.png 300w, https:\/\/moverdb.com\/wp-content\/uploads\/Mirkka-International-Moving-company-1024x484.png 1024w, https:\/\/moverdb.com\/wp-content\/uploads\/Mirkka-International-Moving-company-18x9.png 18w, https:\/\/moverdb.com\/wp-content\/uploads\/Mirkka-International-Moving-company-600x283.png 600w\" sizes=\"auto, (max-width: 1440px) 100vw, 1440px\" \/><\/p>\n<ul>\n<li>Lokalne in nacionalne selitve<\/li>\n<li>Mednarodne selitve<\/li>\n<li>Selitve gospodinjstev<\/li>\n<li>Selitve pisarn<\/li>\n<li>Prilagojene re\u0161itve<\/li>\n<li>Premiki od majhnih predmetov do celotne hi\u0161e<\/li>\n<li>Strokovna ekipa za selitev<\/li>\n<li>Cestni, zra\u010dni in pomorski tovorni promet<\/li>\n<li>\u010ci\u0161\u010denje hi\u0161e<\/li>\n<li>Skladi\u0161\u010da za kratkoro\u010dno in dolgoro\u010dno skladi\u0161\u010denje<\/li>\n<\/ul>\n<p>Mirkka International Moving je podjetje za doma\u010de in mednarodne selitve, ki ima ve\u010d kot 40 let izku\u0161enj in ima sede\u017e v Jonkopingu. Je \u010dlan zdru\u017eenja IAM z osemletnim sta\u017eem, kar mu omogo\u010da dostop do mednarodne mre\u017ee selitvenih agentov, ki zagotavljajo storitve po vsem svetu.<\/p>\n<p>Mirkka International Moving ponuja prilagojene selitvene storitve za manj\u0161e \u0161tevilo predmetov in selitve celotne hi\u0161e na lokalni, nacionalni in mednarodni ravni. Nudijo selitvene storitve s strokovno ekipo, ki bo organizirala selitev s cestnim, zra\u010dnim in pomorskim prevozom. Nudijo tudi dodatne storitve, ki vklju\u010dujejo \u010di\u0161\u010denje hi\u0161e.<\/p>\n<p>Spletna stran: <a href=\"http:\/\/www.mirkkainternationalmoving.se\" target=\"_blank\" rel=\"noopener\">http:\/\/www.mirkkainternationalmoving.se<\/a><\/p>\n<h2><span class=\"ez-toc-section\" id=\"7_Stadsbudkontoret\"><\/span><strong>7. Stadsbudkontoret<\/strong><span class=\"ez-toc-section-end\"><\/span><\/h2>\n<p><img loading=\"lazy\" decoding=\"async\" class=\"alignnone size-full wp-image-10187\" src=\"https:\/\/moverdb.com\/wp-content\/uploads\/Stadsbudkontoret-international-moving-company.png\" alt=\"Stadsbudkontoret mednarodno gibljejo podjetje\" width=\"1440\" height=\"677\" data-wp-pid=\"10187\" srcset=\"https:\/\/moverdb.com\/wp-content\/uploads\/Stadsbudkontoret-international-moving-company.png 1440w, https:\/\/moverdb.com\/wp-content\/uploads\/Stadsbudkontoret-international-moving-company-300x141.png 300w, https:\/\/moverdb.com\/wp-content\/uploads\/Stadsbudkontoret-international-moving-company-1024x481.png 1024w, https:\/\/moverdb.com\/wp-content\/uploads\/Stadsbudkontoret-international-moving-company-18x8.png 18w, https:\/\/moverdb.com\/wp-content\/uploads\/Stadsbudkontoret-international-moving-company-600x282.png 600w\" sizes=\"auto, (max-width: 1440px) 100vw, 1440px\" \/><\/p>\n<ul>\n<li>Nacionalne poteze<\/li>\n<li>Mednarodne selitve<\/li>\n<li>Selitve gospodinjstev<\/li>\n<li>Premiki podjetja<\/li>\n<li>Storitev od vrat do vrat<\/li>\n<li>Storitev pakiranja<\/li>\n<li>Letalski, pomorski in tovornja\u0161ki prevoz<\/li>\n<li>Premikanje dokumentacije<\/li>\n<li>Zavarovanje<\/li>\n<li>Za\u010dasno shranjevanje<\/li>\n<\/ul>\n<p>Podjetje Stadsbudkontoret, ki je bilo ustanovljeno leta 1888, nudi pomo\u010d podjetjem in posameznikom pri selitvah. Svoje pisarne imajo v Stockholmu, Ornskoldsviku, Malmu, G\u00f6teborgu, Harnosandu in Cannesu. Imajo veliko mre\u017eo profesionalnih selitvenih podjetij, ki opravljajo njihove storitve zunaj \u0160vedske. So \u010dlani zdru\u017eenja IAM s 135 leti delovanja in akreditirani pri FIDI.<\/p>\n<p>Koordinator selitve pri Stadsbudkontoret bo poskrbel za vse vidike va\u0161e selitve na \u0160vedskem, v \u0160vedsko in iz nje ter zagotovil, da bodo storitve opravili njihovi partnerji. Njihove storitve od vrat do vrat vklju\u010dujejo iskanje stro\u0161kovno naju\u010dinkovitej\u0161ega in pravo\u010dasnega na\u010dina selitve za va\u0161e potrebe. Uredili bodo vso potrebno dokumentacijo o selitvi za uvoz in izvoz.<\/p>\n<p>Spletna stran: <a href=\"http:\/\/www.sbkmoving.com\" target=\"_blank\" rel=\"noopener\">http:\/\/www.sbkmoving.com<\/a><\/p>\n<h2><span class=\"ez-toc-section\" id=\"8_TBA_Transporter\"><\/span><strong>8. Prenosnik TBA<\/strong><span class=\"ez-toc-section-end\"><\/span><\/h2>\n<p><img loading=\"lazy\" decoding=\"async\" class=\"alignnone size-full wp-image-10192\" src=\"https:\/\/moverdb.com\/wp-content\/uploads\/TBA-Transporter-international-moving-company.png\" alt=\"TBA Transporter mednarodna selitev podjetja\" width=\"1440\" height=\"628\" data-wp-pid=\"10192\" srcset=\"https:\/\/moverdb.com\/wp-content\/uploads\/TBA-Transporter-international-moving-company.png 1440w, https:\/\/moverdb.com\/wp-content\/uploads\/TBA-Transporter-international-moving-company-300x131.png 300w, https:\/\/moverdb.com\/wp-content\/uploads\/TBA-Transporter-international-moving-company-1024x447.png 1024w, https:\/\/moverdb.com\/wp-content\/uploads\/TBA-Transporter-international-moving-company-18x8.png 18w, https:\/\/moverdb.com\/wp-content\/uploads\/TBA-Transporter-international-moving-company-600x262.png 600w\" sizes=\"auto, (max-width: 1440px) 100vw, 1440px\" \/><\/p>\n<ul>\n<li>Lokalne in nacionalne selitve<\/li>\n<li>Mednarodne selitve<\/li>\n<li>Selitve gospodinjstev<\/li>\n<li>Selitve podjetja<\/li>\n<li>Storitev po meri<\/li>\n<li>Mo\u017enosti pakiranja<\/li>\n<li>Cestne, pomorske in zra\u010dne po\u0161iljke<\/li>\n<li>Mo\u017enosti razpakiranja<\/li>\n<li>Zavarovanje<\/li>\n<li>Re\u0161itve za shranjevanje<\/li>\n<\/ul>\n<p>TBA Transporter je selitveno podjetje, ki je bilo ustanovljeno leta 1995 in ima sede\u017e v Stockholmu. Z 28 leti delovanja so \u010dlani zdru\u017eenja IAM, kar jim omogo\u010da dostop do mednarodne mre\u017ee selitvenih agentov, ki jim lahko pomagajo.<\/p>\n<p>TBA Transporter ponuja prilagojene storitve selitve od vrat do vrat za manj\u0161e do ve\u010dje selitvene projekte. Ponujajo razli\u010dne mo\u017enosti pakiranja in razpakiranja, ki vam omogo\u010dajo, da naredite toliko ali manj, kot \u017eelite. Ponujajo specializirano izvozno pakiranje za letalske in pomorske po\u0161iljke ter po potrebi razstavijo in sestavijo pohi\u0161tvo.<\/p>\n<p>Spletna stran: <a href=\"http:\/\/www.tbatransporter.com\" target=\"_blank\" rel=\"noopener\">http:\/\/www.tbatransporter.com<\/a><\/p>\n<h2><span class=\"ez-toc-section\" id=\"Other_Useful_Guides_to_Sweden\"><\/span>Drugi uporabni vodniki za \u0160vedsko<span class=\"ez-toc-section-end\"><\/span><\/h2>\n<ul>\n<li> <a href=\"https:\/\/moverdb.com\/sl\/kontejnersko-posiljanje\/svedska\/\">2024 Cene pomorskega prevoza zabojnikov na \u0160vedsko in iz nje<\/a><\/li>\n<li> <a href=\"https:\/\/moverdb.com\/sl\/moving-to-sweden\/\">Selitev na \u0160vedsko? 2023 \u017divljenjski stro\u0161ki in nasveti za selitev<\/a><\/li>\n<li> <a href=\"https:\/\/moverdb.com\/sl\/moving-to-sweden\/best-places-to-live-sweden\/\">13 najbolj\u0161ih mest za \u017eivljenje na \u0160vedskem<\/a><\/li>\n<li> <a href=\"https:\/\/moverdb.com\/sl\/moving-to-sweden\/living-in-sweden\/\">21 skrivnosti o \u017eivljenju na \u0160vedskem, ki jih morate poznati, preden se preselite<\/a><\/li>\n<\/ul>","protected":false},"excerpt":{"rendered":"<p>Are you moving within, to or from Sweden? Then you may want to enlist the services of a moving company that can help you plan your move including packing, transportation and handling customs procedures for international moves. Below we have compiled a list of Swedish moving companies that are members of the International Association of [&hellip;]<\/p>\n","protected":false},"author":4,"featured_media":10073,"parent":190,"menu_order":0,"comment_status":"closed","ping_status":"closed","template":"","meta":{"_genesis_hide_title":false,"_genesis_hide_breadcrumbs":false,"_genesis_hide_singular_image":false,"_genesis_hide_footer_widgets":false,"_genesis_custom_body_class":"","_genesis_custom_post_class":"","_genesis_layout":"","footnotes":""},"class_list":{"0":"post-10219","1":"page","2":"type-page","3":"status-publish","4":"has-post-thumbnail","6":"entry"},"_links":{"self":[{"href":"https:\/\/moverdb.com\/sl\/wp-json\/wp\/v2\/pages\/10219","targetHints":{"allow":["GET"]}}],"collection":[{"href":"https:\/\/moverdb.com\/sl\/wp-json\/wp\/v2\/pages"}],"about":[{"href":"https:\/\/moverdb.com\/sl\/wp-json\/wp\/v2\/types\/page"}],"author":[{"embeddable":true,"href":"https:\/\/moverdb.com\/sl\/wp-json\/wp\/v2\/users\/4"}],"replies":[{"embeddable":true,"href":"https:\/\/moverdb.com\/sl\/wp-json\/wp\/v2\/comments?post=10219"}],"version-history":[{"count":3,"href":"https:\/\/moverdb.com\/sl\/wp-json\/wp\/v2\/pages\/10219\/revisions"}],"predecessor-version":[{"id":17110,"href":"https:\/\/moverdb.com\/sl\/wp-json\/wp\/v2\/pages\/10219\/revisions\/17110"}],"up":[{"embeddable":true,"href":"https:\/\/moverdb.com\/sl\/wp-json\/wp\/v2\/pages\/190"}],"wp:featuredmedia":[{"embeddable":true,"href":"https:\/\/moverdb.com\/sl\/wp-json\/wp\/v2\/media\/10073"}],"wp:attachment":[{"href":"https:\/\/moverdb.com\/sl\/wp-json\/wp\/v2\/media?parent=10219"}],"curies":[{"name":"wp","href":"https:\/\/api.w.org\/{rel}","templated":true}]}}