{"id":10215,"date":"2023-06-22T15:54:43","date_gmt":"2023-06-22T15:54:43","guid":{"rendered":"https:\/\/moverdb.com\/?page_id=10215"},"modified":"2026-01-08T15:29:29","modified_gmt":"2026-01-08T15:29:29","slug":"moving-companies-sri-lanka","status":"publish","type":"page","link":"https:\/\/moverdb.com\/sl\/moving-companies\/moving-companies-sri-lanka\/","title":{"rendered":"7 najbolj\u0161ih mednarodnih selitvenih podjetij na \u0160rilanki"},"content":{"rendered":"<p>Se nameravate preseliti? Potem boste morda \u017eeleli izkoristiti storitve <a href=\"https:\/\/moverdb.com\/sl\/moving-companies\/\" data-internallinksmanager029f6b8e52c=\"79\" title=\"Top 25 Mednarodne selitve podjetja Online\">selitev podjetja<\/a> saj vam lahko pri selitvi v tujino pomagajo pri pakiranju, prevozu in carinskih postopkih. V nadaljevanju smo pripravili seznam podjetij s sede\u017eem na \u0160rilanki <a href=\"https:\/\/moverdb.com\/sl\/international-removals\/\" data-internallinksmanager029f6b8e52c=\"27\" title=\"36 najbolj\u0161ih podjetij za mednarodne selitve v Zdru\u017eenem kraljestvu\">podjetja za selitve<\/a> ki so \u010dlani <a href=\"https:\/\/moverdb.com\/sl\/iam\/\" data-internallinksmanager029f6b8e52c=\"23\" title=\"Pojasnila o Mednarodnem zdru\u017eenju gibalcev (IAM)\">Mednarodno zdru\u017eenje movers<\/a> (IAM) in\/ali <a href=\"https:\/\/moverdb.com\/sl\/fidi-faim\/\" data-internallinksmanager029f6b8e52c=\"16\" title=\"Pojasnila o FIDI in FAIM (FIDI Accredited International Mover)\">FIDI<\/a> akreditirani mednarodni selitveni urad (FAIM), ki vam lahko pomaga pri selitvi.<\/p>\n<div id=\"ez-toc-container\" class=\"ez-toc-v2_0_82_2 ez-toc-wrap-left counter-hierarchy ez-toc-counter ez-toc-transparent ez-toc-container-direction\">\n<div class=\"ez-toc-title-container\">\n<p class=\"ez-toc-title\" style=\"cursor:inherit\">Oddelki<\/p>\n<span class=\"ez-toc-title-toggle\"><a href=\"#\" class=\"ez-toc-pull-right ez-toc-btn ez-toc-btn-xs ez-toc-btn-default ez-toc-toggle\" aria-label=\"Toggle Tabela vsebine\"><span class=\"ez-toc-js-icon-con\"><span class=\"\"><span class=\"eztoc-hide\" style=\"display:none;\">Toggle<\/span><span class=\"ez-toc-icon-toggle-span\"><svg style=\"fill: #999;color:#999\" xmlns=\"http:\/\/www.w3.org\/2000\/svg\" class=\"list-377408\" width=\"20px\" height=\"20px\" viewbox=\"0 0 24 24\" fill=\"none\"><path d=\"M6 6H4v2h2V6zm14 0H8v2h12V6zM4 11h2v2H4v-2zm16 0H8v2h12v-2zM4 16h2v2H4v-2zm16 0H8v2h12v-2z\" fill=\"currentColor\"><\/path><\/svg><svg style=\"fill: #999;color:#999\" class=\"arrow-unsorted-368013\" xmlns=\"http:\/\/www.w3.org\/2000\/svg\" width=\"10px\" height=\"10px\" viewbox=\"0 0 24 24\" version=\"1.2\" baseprofile=\"tiny\"><path d=\"M18.2 9.3l-6.2-6.3-6.2 6.3c-.2.2-.3.4-.3.7s.1.5.3.7c.2.2.4.3.7.3h11c.3 0 .5-.1.7-.3.2-.2.3-.5.3-.7s-.1-.5-.3-.7zM5.8 14.7l6.2 6.3 6.2-6.3c.2-.2.3-.5.3-.7s-.1-.5-.3-.7c-.2-.2-.4-.3-.7-.3h-11c-.3 0-.5.1-.7.3-.2.2-.3.5-.3.7s.1.5.3.7z\"\/><\/svg><\/span><\/span><\/span><\/a><\/span><\/div>\n<nav><ul class='ez-toc-list ez-toc-list-level-1 eztoc-toggle-hide-by-default' ><li class='ez-toc-page-1 ez-toc-heading-level-2'><a class=\"ez-toc-link ez-toc-heading-1\" href=\"https:\/\/moverdb.com\/sl\/moving-companies\/moving-companies-sri-lanka\/#1_Aitken_Spence\" >1. Aitken Spence<\/a><\/li><li class='ez-toc-page-1 ez-toc-heading-level-2'><a class=\"ez-toc-link ez-toc-heading-2\" href=\"https:\/\/moverdb.com\/sl\/moving-companies\/moving-companies-sri-lanka\/#2_Asian_Movers\" >2. Azijski gibalci<\/a><\/li><li class='ez-toc-page-1 ez-toc-heading-level-2'><a class=\"ez-toc-link ez-toc-heading-3\" href=\"https:\/\/moverdb.com\/sl\/moving-companies\/moving-companies-sri-lanka\/#3_Don_Carolis_Sons\" >3. Don Carolis &amp; Sons<\/a><\/li><li class='ez-toc-page-1 ez-toc-heading-level-2'><a class=\"ez-toc-link ez-toc-heading-4\" href=\"https:\/\/moverdb.com\/sl\/moving-companies\/moving-companies-sri-lanka\/#4_Horizon_Relocations\" >4. Premestitve horizonta<\/a><\/li><li class='ez-toc-page-1 ez-toc-heading-level-2'><a class=\"ez-toc-link ez-toc-heading-5\" href=\"https:\/\/moverdb.com\/sl\/moving-companies\/moving-companies-sri-lanka\/#5_Trans_World_Movers\" >5. Trans World Movers<\/a><\/li><li class='ez-toc-page-1 ez-toc-heading-level-2'><a class=\"ez-toc-link ez-toc-heading-6\" href=\"https:\/\/moverdb.com\/sl\/moving-companies\/moving-companies-sri-lanka\/#6_Trans-Global_Relocations\" >6. Transglobalne selitve<\/a><\/li><li class='ez-toc-page-1 ez-toc-heading-level-2'><a class=\"ez-toc-link ez-toc-heading-7\" href=\"https:\/\/moverdb.com\/sl\/moving-companies\/moving-companies-sri-lanka\/#7_Worldwide_Movers\" >7. Premiki po svetu<\/a><\/li><\/ul><\/nav><\/div>\n<h2><span class=\"ez-toc-section\" id=\"1_Aitken_Spence\"><\/span><strong>1. Aitken Spence<\/strong><span class=\"ez-toc-section-end\"><\/span><\/h2>\n<p><img loading=\"lazy\" decoding=\"async\" class=\"alignnone size-full wp-image-10071\" src=\"https:\/\/moverdb.com\/wp-content\/uploads\/Aitken-Spence-international-moving-company.png\" alt=\"Aitken Spence mednarodna selitev podjetja\" width=\"1440\" height=\"676\" data-wp-pid=\"10071\" srcset=\"https:\/\/moverdb.com\/wp-content\/uploads\/Aitken-Spence-international-moving-company.png 1440w, https:\/\/moverdb.com\/wp-content\/uploads\/Aitken-Spence-international-moving-company-300x141.png 300w, https:\/\/moverdb.com\/wp-content\/uploads\/Aitken-Spence-international-moving-company-1024x481.png 1024w, https:\/\/moverdb.com\/wp-content\/uploads\/Aitken-Spence-international-moving-company-18x8.png 18w, https:\/\/moverdb.com\/wp-content\/uploads\/Aitken-Spence-international-moving-company-600x282.png 600w\" sizes=\"auto, (max-width: 1440px) 100vw, 1440px\" \/><\/p>\n<ul>\n<li>Nacionalne poteze<\/li>\n<li>Mednarodne selitve<\/li>\n<li>Selitve gospodinjstev<\/li>\n<li>Logistika podjetja<\/li>\n<li>Razstavne storitve<\/li>\n<li>Celovite re\u0161itve<\/li>\n<li>Letalski, pomorski in kopenski tovorni promet<\/li>\n<li>Carinjenje<\/li>\n<li>premestitve hi\u0161nih ljubljen\u010dkov<\/li>\n<li>Prostori za shranjevanje<\/li>\n<\/ul>\n<p>Aitken Spence je ve\u010dsektorsko podjetje, ki deluje od leta 1868 in je prisotno v osmih dr\u017eavah, med drugim v Kolombu na \u0160rilanki. Njihove \u0161pediterske dejavnosti vklju\u010dujejo selitve in premestitve. Za podporo uporabljajo lastne podru\u017enice ter globalno mre\u017eo trgovskih in logisti\u010dnih podjetij. So \u010dlani zdru\u017eenja IAM s 44 leti delovanja.<\/p>\n<p>Aitken Spence s svojo globalno prisotnostjo ponuja celovite integrirane re\u0161itve. Zagotavljajo brezskrbne selitve in storitve selitve za gospodinjstva, ki se selijo kamor koli po svetu. V nov dom lahko preselijo va\u0161e stvari in hi\u0161ne ljubljen\u010dke. Organizirajo prevoz s carinjenjem.<\/p>\n<p>Spletna stran: <a href=\"http:\/\/www.acecargo.lk\" target=\"_blank\" rel=\"noopener\">http:\/\/www.acecargo.lk<\/a><\/p>\n<h2><span class=\"ez-toc-section\" id=\"2_Asian_Movers\"><\/span><strong>2. Azijski gibalci<\/strong><span class=\"ez-toc-section-end\"><\/span><\/h2>\n<p><img loading=\"lazy\" decoding=\"async\" class=\"alignnone size-full wp-image-10079\" src=\"https:\/\/moverdb.com\/wp-content\/uploads\/Asian-Movers-international-moving-company.png\" alt=\"Azijski Movers mednarodno gibljejo podjetje\" width=\"1440\" height=\"681\" data-wp-pid=\"10079\" srcset=\"https:\/\/moverdb.com\/wp-content\/uploads\/Asian-Movers-international-moving-company.png 1440w, https:\/\/moverdb.com\/wp-content\/uploads\/Asian-Movers-international-moving-company-300x142.png 300w, https:\/\/moverdb.com\/wp-content\/uploads\/Asian-Movers-international-moving-company-1024x484.png 1024w, https:\/\/moverdb.com\/wp-content\/uploads\/Asian-Movers-international-moving-company-18x9.png 18w, https:\/\/moverdb.com\/wp-content\/uploads\/Asian-Movers-international-moving-company-600x284.png 600w\" sizes=\"auto, (max-width: 1440px) 100vw, 1440px\" \/><\/p>\n<ul>\n<li>Lokalne in nacionalne selitve<\/li>\n<li>Mednarodne selitve<\/li>\n<li>Selitve gospodinjstev<\/li>\n<li>Selitve podjetij in pisarn<\/li>\n<li>Storitev od vrat do vrat<\/li>\n<li>Storitev pakiranja<\/li>\n<li>Cestni, pomorski in zra\u010dni promet<\/li>\n<li>Carinjenje<\/li>\n<li>Zavarovanje<\/li>\n<li>Re\u0161itve za shranjevanje<\/li>\n<\/ul>\n<p>Asian Movers je prilagojeno podjetje, ustanovljeno na \u0160rilanki in v <a href=\"https:\/\/moverdb.com\/sl\/moving-to-the-maldives\/\" data-internallinksmanager029f6b8e52c=\"387\" title=\"Selitev na Maldive? 2023 \u017divljenjski stro\u0161ki in nasveti za selitev\">Maldivi<\/a> leta 2013. Njihove storitve imajo globalni doseg zaradi \u010dlanstva v mednarodnih zdru\u017eenjih za selitve. V zdru\u017eenje IAM so v\u010dlanjeni \u017ee 10 let.<\/p>\n<p>Asian Movers ponuja prilagojene selitvene storitve, ne glede na to, ali potrebujete celotno selitveno storitev ali le tovornjak in selitvene delavce. Njihove storitve od vrat do vrat lahko vklju\u010dujejo varno pakiranje vseh va\u0161ih stvari in izdelavo popisa, nakladanje, prevoz na cilj in razkladanje. Pomagajo pri urejanju dokumentacije za tovor in carinjenje ter pri zavarovanju.<\/p>\n<p>Spletna stran: <a href=\"http:\/\/www.asianmovers.com\/\" target=\"_blank\" rel=\"noopener\">http:\/\/www.asianmovers.com\/<\/a><\/p>\n<h2><span class=\"ez-toc-section\" id=\"3_Don_Carolis_Sons\"><\/span><strong>3. Don Carolis &amp; Sons<\/strong><span class=\"ez-toc-section-end\"><\/span><\/h2>\n<p><em><img loading=\"lazy\" decoding=\"async\" class=\"alignnone size-full wp-image-10102\" src=\"https:\/\/moverdb.com\/wp-content\/uploads\/Don-Carolis-Sons-international-moving-company.png\" alt=\"Don Carolis &amp; Sons mednarodna selitev podjetje\" width=\"1440\" height=\"679\" data-wp-pid=\"10102\" srcset=\"https:\/\/moverdb.com\/wp-content\/uploads\/Don-Carolis-Sons-international-moving-company.png 1440w, https:\/\/moverdb.com\/wp-content\/uploads\/Don-Carolis-Sons-international-moving-company-300x141.png 300w, https:\/\/moverdb.com\/wp-content\/uploads\/Don-Carolis-Sons-international-moving-company-1024x483.png 1024w, https:\/\/moverdb.com\/wp-content\/uploads\/Don-Carolis-Sons-international-moving-company-18x8.png 18w, https:\/\/moverdb.com\/wp-content\/uploads\/Don-Carolis-Sons-international-moving-company-600x283.png 600w\" sizes=\"auto, (max-width: 1440px) 100vw, 1440px\" \/><\/em><\/p>\n<ul>\n<li>Nacionalne poteze<\/li>\n<li>Mednarodne selitve<\/li>\n<li>Selitve gospodinjstev<\/li>\n<li>Organizacijski premiki<\/li>\n<li>Prilagojena storitev<\/li>\n<li>Koordinator premikanja<\/li>\n<li>Storitev pakiranja<\/li>\n<li>Ureditev prevoza<\/li>\n<li>Mo\u017enosti razpakiranja<\/li>\n<li>Celovita za\u0161\u010dita<\/li>\n<\/ul>\n<p>Don Carolis &amp; Sons je proizvajalec, prodajalec in izvoznik pohi\u0161tva, ki deluje \u017ee ve\u010d kot 150 let in ima sede\u017e v Kolombu. Je \u010dlan zdru\u017eenja IAM, ki mu omogo\u010da dostop do mednarodne mre\u017ee selitvenih agentov, ki mu pomagajo pri mednarodnih selitvah.<\/p>\n<p>Podjetje Don Carolis &amp; Sons ponuja prilagojene storitve pakiranja, ki ustrezajo va\u0161im potrebam glede \u010dasovnega na\u010drta, prora\u010duna in stvari, ter vam nudi koordinatorja selitve, ki vam bo pomagal med selitvijo. Pri vseh svojih na\u010drtih bodo poskrbeli za va\u0161e stvari, vklju\u010dno z nakladanjem, prevozom in razkladanjem. Njihovi na\u010drti vklju\u010dujejo va\u0161e razpakiranje, delno razpakiranje in postavitev pohi\u0161tva ter popolno razpakiranje.<\/p>\n<p>Spletna stran: <a href=\"http:\/\/www.doncarolis.com\" target=\"_blank\" rel=\"noopener\">http:\/\/www.doncarolis.com<\/a><\/p>\n<h2><span class=\"ez-toc-section\" id=\"4_Horizon_Relocations\"><\/span><strong>4. Premestitve horizonta<\/strong><span class=\"ez-toc-section-end\"><\/span><\/h2>\n<p><img loading=\"lazy\" decoding=\"async\" class=\"alignnone size-full wp-image-10136\" src=\"https:\/\/moverdb.com\/wp-content\/uploads\/Horizon-Relocations-international-moving-company.png\" alt=\"Horizon Relocations mednarodna selitev podjetje\" width=\"1440\" height=\"626\" data-wp-pid=\"10136\" srcset=\"https:\/\/moverdb.com\/wp-content\/uploads\/Horizon-Relocations-international-moving-company.png 1440w, https:\/\/moverdb.com\/wp-content\/uploads\/Horizon-Relocations-international-moving-company-300x130.png 300w, https:\/\/moverdb.com\/wp-content\/uploads\/Horizon-Relocations-international-moving-company-1024x445.png 1024w, https:\/\/moverdb.com\/wp-content\/uploads\/Horizon-Relocations-international-moving-company-18x8.png 18w, https:\/\/moverdb.com\/wp-content\/uploads\/Horizon-Relocations-international-moving-company-600x261.png 600w\" sizes=\"auto, (max-width: 1440px) 100vw, 1440px\" \/><\/p>\n<ul>\n<li>Lokalne in nacionalne selitve<\/li>\n<li>Mednarodne selitve<\/li>\n<li>Selitve gospodinjstev<\/li>\n<li>Dostava osebnih predmetov<\/li>\n<li>Storitev od vrat do vrat<\/li>\n<li>Pakiranje<\/li>\n<li>Ureditev tovornega prometa<\/li>\n<li>Carinjenje<\/li>\n<li>Zavarovanje<\/li>\n<li>Prostori za shranjevanje<\/li>\n<\/ul>\n<p>Horizon Relocations je doma\u010de in mednarodno podjetje za selitev in premestitev s sede\u017eem v Kolombu. Je \u010dlan zdru\u017eenja IAM, kar mu omogo\u010da dostop do mednarodne mre\u017ee selitvenih agentov, ki mu lahko pomagajo pri zagotavljanju mednarodnih storitev.<\/p>\n<p>Horizon Relocations ponuja storitve selitve od vrat do vrat za lokalne, nacionalne in mednarodne selitve osebnih in gospodinjskih predmetov. Nudijo storitve za majhne do velike koli\u010dine predmetov, ki lahko vklju\u010dujejo pakiranje in ohi\u0161je za za\u0161\u010dito predmetov med prevozom, da bodo varno prispeli. Poskrbeli bodo za prevoz va\u0161ih stvari s prevozom ali odpremo do namembnega kraja s carinjenjem.<\/p>\n<p>Spletna stran: <a href=\"http:\/\/www.horizonrelocations.lk\" target=\"_blank\" rel=\"noopener\">http:\/\/www.horizonrelocations.lk<\/a><\/p>\n<h2><span class=\"ez-toc-section\" id=\"5_Trans_World_Movers\"><\/span><strong>5. Trans World Movers<\/strong><span class=\"ez-toc-section-end\"><\/span><\/h2>\n<p><img loading=\"lazy\" decoding=\"async\" class=\"alignnone size-full wp-image-10196\" src=\"https:\/\/moverdb.com\/wp-content\/uploads\/Trans-World-Movers-international-moving-company.png\" alt=\"Trans World Movers mednarodno gibanje podjetje\" width=\"1440\" height=\"675\" data-wp-pid=\"10196\" srcset=\"https:\/\/moverdb.com\/wp-content\/uploads\/Trans-World-Movers-international-moving-company.png 1440w, https:\/\/moverdb.com\/wp-content\/uploads\/Trans-World-Movers-international-moving-company-300x141.png 300w, https:\/\/moverdb.com\/wp-content\/uploads\/Trans-World-Movers-international-moving-company-1024x480.png 1024w, https:\/\/moverdb.com\/wp-content\/uploads\/Trans-World-Movers-international-moving-company-18x8.png 18w, https:\/\/moverdb.com\/wp-content\/uploads\/Trans-World-Movers-international-moving-company-600x281.png 600w\" sizes=\"auto, (max-width: 1440px) 100vw, 1440px\" \/><\/p>\n<ul>\n<li>Lokalni premiki<\/li>\n<li>Mednarodne selitve<\/li>\n<li>Selitve gospodinjstev<\/li>\n<li>Premiki podjetij<\/li>\n<li>Re\u0161itve od vrat do vrat<\/li>\n<li>Storitev pakiranja<\/li>\n<li>Letalski, pomorski in cestni prevoz<\/li>\n<li>Carinjenje<\/li>\n<li>Prevoz vozil in hi\u0161nih ljubljen\u010dkov<\/li>\n<li>Prostori za shranjevanje<\/li>\n<\/ul>\n<p>Trans World Movers je podjetje, ki je bilo ustanovljeno leta 1973 in ima sede\u017e v Kolombu ter ponuja storitve posameznikom, diplomatom in podjetjem. Ima vzpostavljeno mre\u017eo zastopnikov in agentov po vsem svetu, ki jim pomagajo pri mednarodnih selitvah. So \u010dlan zdru\u017eenja IAM s 50 leti delovanja.<\/p>\n<p>Podjetje Trans World Movers ponuja lokalne in mednarodne storitve selitve od vrat do vrat. Nudijo storitve pakiranja, ki ustrezajo mednarodnim standardom za za\u0161\u010dito predmetov med prevozom. Poskrbijo za prevoz va\u0161ih stvari po cesti, zraku in morju s carinjenjem. Nudijo dodatne storitve, ki vklju\u010dujejo ravnanje z doma\u010dimi \u017eivalmi, <a href=\"https:\/\/moverdb.com\/sl\/car-transport-shipping\/\" data-internallinksmanager029f6b8e52c=\"2\" title=\"2026 Kvote za mednarodni prevoz avtomobilov in prevoz vozil\">prevoz vozil<\/a> in re\u0161itve za shranjevanje.<\/p>\n<p>Spletna stran: <a href=\"http:\/\/www.transworldmovers.com\" target=\"_blank\" rel=\"noopener\">http:\/\/www.transworldmovers.com<\/a><\/p>\n<h2><span class=\"ez-toc-section\" id=\"6_Trans-Global_Relocations\"><\/span><strong>6. Transglobalne selitve<\/strong><span class=\"ez-toc-section-end\"><\/span><\/h2>\n<p><img loading=\"lazy\" decoding=\"async\" class=\"alignnone size-full wp-image-10197\" src=\"https:\/\/moverdb.com\/wp-content\/uploads\/Trans-Global-Relocations-international-moving-company.png\" alt=\"Trans-Global Relocations mednarodna selitev podjetje\" width=\"1440\" height=\"681\" data-wp-pid=\"10197\" srcset=\"https:\/\/moverdb.com\/wp-content\/uploads\/Trans-Global-Relocations-international-moving-company.png 1440w, https:\/\/moverdb.com\/wp-content\/uploads\/Trans-Global-Relocations-international-moving-company-300x142.png 300w, https:\/\/moverdb.com\/wp-content\/uploads\/Trans-Global-Relocations-international-moving-company-1024x484.png 1024w, https:\/\/moverdb.com\/wp-content\/uploads\/Trans-Global-Relocations-international-moving-company-18x9.png 18w, https:\/\/moverdb.com\/wp-content\/uploads\/Trans-Global-Relocations-international-moving-company-600x284.png 600w\" sizes=\"auto, (max-width: 1440px) 100vw, 1440px\" \/><\/p>\n<ul>\n<li>Lokalne in nacionalne selitve<\/li>\n<li>Mednarodne selitve<\/li>\n<li>Selitve gospodinjstev<\/li>\n<li>Storitev od vrat do vrat<\/li>\n<li>Profesionalno pakiranje<\/li>\n<li>Pomorske in zra\u010dne po\u0161iljke<\/li>\n<li>Carinjenje<\/li>\n<li>Premestitev hi\u0161nih ljubljen\u010dkov<\/li>\n<li>Ravnanje z avtomobilom<\/li>\n<li>Varno shranjevanje<\/li>\n<\/ul>\n<p>Trans-Global Relocations je podjetje za selitev in premestitev s sede\u017eem v Kolombu. Je \u010dlan zdru\u017eenja IAM, ki mu zagotavlja mednarodno mre\u017eo selitvenih agentov za delo pri selitvah v tujino.<\/p>\n<p>Podjetje Trans-Global Relocations ponuja pregled na domu, da oceni va\u0161e zahteve glede selitve, in na podlagi va\u0161ih potreb pripravi na\u010drt selitve, ki vklju\u010duje nasvete o pripravah in stro\u0161kovno naju\u010dinkovitej\u0161em na\u010dinu selitve. Nudijo storitev od vrat do vrat, ki vklju\u010duje strokovno pakiranje va\u0161ih stvari za zagotovitev varnega mednarodnega potovanja po morju ali zraku s carinjenjem. Nudijo tudi dodatne storitve, ki vklju\u010dujejo selitev hi\u0161nih ljubljen\u010dkov, ravnanje z avtomobili in skladi\u0161\u010denje.<\/p>\n<p>Spletna stran: <a href=\"http:\/\/www.t-grelo.com\" target=\"_blank\" rel=\"noopener\">http:\/\/www.t-grelo.com<\/a><\/p>\n<h2><span class=\"ez-toc-section\" id=\"7_Worldwide_Movers\"><\/span><strong>7. Premiki po svetu<\/strong><span class=\"ez-toc-section-end\"><\/span><\/h2>\n<p><img loading=\"lazy\" decoding=\"async\" class=\"alignnone size-full wp-image-10209\" src=\"https:\/\/moverdb.com\/wp-content\/uploads\/Worldwide-Movers-international-moving-company.png\" alt=\"Worldwide Movers mednarodno gibljejo podjetje\" width=\"1440\" height=\"674\" data-wp-pid=\"10209\" srcset=\"https:\/\/moverdb.com\/wp-content\/uploads\/Worldwide-Movers-international-moving-company.png 1440w, https:\/\/moverdb.com\/wp-content\/uploads\/Worldwide-Movers-international-moving-company-300x140.png 300w, https:\/\/moverdb.com\/wp-content\/uploads\/Worldwide-Movers-international-moving-company-1024x479.png 1024w, https:\/\/moverdb.com\/wp-content\/uploads\/Worldwide-Movers-international-moving-company-18x8.png 18w, https:\/\/moverdb.com\/wp-content\/uploads\/Worldwide-Movers-international-moving-company-600x281.png 600w\" sizes=\"auto, (max-width: 1440px) 100vw, 1440px\" \/><\/p>\n<ul>\n<li>Nacionalne poteze<\/li>\n<li>Mednarodne selitve<\/li>\n<li>Selitve gospodinjstev<\/li>\n<li>Storitve premestitve<\/li>\n<li>Od vrat do vrat ali od vrat do vrat<a href=\"https:\/\/moverdb.com\/sl\/top-49-container-ports\/\" data-internallinksmanager029f6b8e52c=\"80\" title=\"Top 49 najve\u010djih in najbolj obremenjenih pristani\u0161\u010d za kontejnerje v letu 2025\">pristani\u0161\u010de<\/a> storitev<\/li>\n<li>Storitev pakiranja<\/li>\n<li>Prevoz po kopnem, zraku ali morju<\/li>\n<li>Carinsko posredovanje<\/li>\n<li>Ravnanje s hi\u0161nimi ljubljen\u010dki<\/li>\n<li>Prevoz vozil<\/li>\n<\/ul>\n<p>Worldwide Movers je podjetje za pakiranje in selitev, ki je bilo ustanovljeno leta 2009 in ima sede\u017e v Kolombu. S 15 leti dela so \u010dlani zdru\u017eenja IAM in tudi \u010dlani azijskega zdru\u017eenja za selitve, ki jim omogo\u010data opravljanje selitvenih storitev kjer koli na svetu.<\/p>\n<p>Worldwide Movers ponuja premike od vrat do vrat ali od vrat do pristani\u0161\u010da na nacionalni in mednarodni ravni. Nudijo storitve pakiranja, ki vklju\u010dujejo varno pakiranje predmetov, razstavljanje in ponovno sestavljanje pohi\u0161tva in opreme. Z vami lahko preselijo tudi va\u0161a vozila in hi\u0161ne ljubljen\u010dke. Nudijo storitve selitve, ki vklju\u010dujejo iskanje stanovanj in \u0161ol, orientacijo, oglede okolice in storitve hi\u0161nih pomo\u010dnic.<\/p>\n<p>Spletna stran: <a href=\"https:\/\/w-movers.com\/\" target=\"_blank\" rel=\"noopener\">https:\/\/w-movers.com\/<\/a><\/p>","protected":false},"excerpt":{"rendered":"<p>Are you planning on moving? Then you may want to enlist the services of a moving company as they can assist you with packing, transportation and handling customs when moving abroad. Below we have compiled a list of Sri Lanka based removal companies that are members of the International Association of Movers (IAM) and\/or FIDI [&hellip;]<\/p>\n","protected":false},"author":4,"featured_media":10071,"parent":190,"menu_order":0,"comment_status":"closed","ping_status":"closed","template":"","meta":{"_genesis_hide_title":false,"_genesis_hide_breadcrumbs":false,"_genesis_hide_singular_image":false,"_genesis_hide_footer_widgets":false,"_genesis_custom_body_class":"","_genesis_custom_post_class":"","_genesis_layout":"","footnotes":""},"class_list":{"0":"post-10215","1":"page","2":"type-page","3":"status-publish","4":"has-post-thumbnail","6":"entry"},"_links":{"self":[{"href":"https:\/\/moverdb.com\/sl\/wp-json\/wp\/v2\/pages\/10215","targetHints":{"allow":["GET"]}}],"collection":[{"href":"https:\/\/moverdb.com\/sl\/wp-json\/wp\/v2\/pages"}],"about":[{"href":"https:\/\/moverdb.com\/sl\/wp-json\/wp\/v2\/types\/page"}],"author":[{"embeddable":true,"href":"https:\/\/moverdb.com\/sl\/wp-json\/wp\/v2\/users\/4"}],"replies":[{"embeddable":true,"href":"https:\/\/moverdb.com\/sl\/wp-json\/wp\/v2\/comments?post=10215"}],"version-history":[{"count":1,"href":"https:\/\/moverdb.com\/sl\/wp-json\/wp\/v2\/pages\/10215\/revisions"}],"predecessor-version":[{"id":10216,"href":"https:\/\/moverdb.com\/sl\/wp-json\/wp\/v2\/pages\/10215\/revisions\/10216"}],"up":[{"embeddable":true,"href":"https:\/\/moverdb.com\/sl\/wp-json\/wp\/v2\/pages\/190"}],"wp:featuredmedia":[{"embeddable":true,"href":"https:\/\/moverdb.com\/sl\/wp-json\/wp\/v2\/media\/10071"}],"wp:attachment":[{"href":"https:\/\/moverdb.com\/sl\/wp-json\/wp\/v2\/media?parent=10215"}],"curies":[{"name":"wp","href":"https:\/\/api.w.org\/{rel}","templated":true}]}}